{"id":56729,"date":"2018-09-04T12:39:42","date_gmt":"2018-09-04T10:39:42","guid":{"rendered":"https:\/\/www.kz-gedenkstaette-dachau.de\/haeftlingsbad\/"},"modified":"2020-03-31T14:37:01","modified_gmt":"2020-03-31T12:37:01","slug":"haeftlingsbad","status":"publish","type":"page","link":"https:\/\/www.kz-gedenkstaette-dachau.de\/dels\/historischer-ort\/virtueller-rundgang\/haeftlingsbad\/","title":{"rendered":"H\u00e4ftlings\u00b7bad"},"content":{"rendered":"<div id=\"attachment_56730\" style=\"width: 710px\" class=\"wp-caption alignnone\"><img loading=\"lazy\" decoding=\"async\" aria-describedby=\"caption-attachment-56730\" class=\"wp-image-56730\" src=\"https:\/\/www.kz-gedenkstaette-dachau.de\/wp-content\/uploads\/2018\/11\/ehem_haeftlingsbad-250x147.jpg\" alt=\"Das ehemalige H\u00e4ftlings\u00b7bad. Das Foto ist von 2017. (KZ-Gedenk\u00b7st\u00e4tte Dachau)\" width=\"700\" height=\"413\" srcset=\"https:\/\/www.kz-gedenkstaette-dachau.de\/wp-content\/uploads\/2018\/11\/ehem_haeftlingsbad-250x147.jpg 250w, https:\/\/www.kz-gedenkstaette-dachau.de\/wp-content\/uploads\/2018\/11\/ehem_haeftlingsbad-768x453.jpg 768w, https:\/\/www.kz-gedenkstaette-dachau.de\/wp-content\/uploads\/2018\/11\/ehem_haeftlingsbad-700x413.jpg 700w, https:\/\/www.kz-gedenkstaette-dachau.de\/wp-content\/uploads\/2018\/11\/ehem_haeftlingsbad-120x71.jpg 120w, https:\/\/www.kz-gedenkstaette-dachau.de\/wp-content\/uploads\/2018\/11\/ehem_haeftlingsbad.jpg 1120w\" sizes=\"auto, (max-width: 700px) 100vw, 700px\" \/><p id=\"caption-attachment-56730\" class=\"wp-caption-text\"><small>Das ehemalige H\u00e4ftlings\u00b7bad.<br \/>Das Foto ist von 2017.<br \/>(KZ-Gedenk\u00b7st\u00e4tte Dachau)<small><\/small><\/small><\/p><\/div>\n<p>Station 7.2 ist das H\u00e4ftlings\u00b7bad.<\/p>\n<p><strong>Das H\u00e4ftlings\u00b7bad fr\u00fcher<\/strong><br \/>\nIm H\u00e4ftlings\u00b7bad ist die Aufnahme\u00b7prozedur f\u00fcr neue <span style=\"color: #cc1800;\"><strong title=\"H\u00e4ftling ist ein anderes Wort f\u00fcr Gefangener.\">H\u00e4ftlinge<\/strong><\/span> weitergegangen.<br \/>\nDie H\u00e4ftlinge mussten nackt aus dem Schub\u00b7raum in das H\u00e4ftlings\u00b7bad gehen.<br \/>\nIm H\u00e4ftlings\u00b7bad wurden den H\u00e4ftlingen alle Haare abrasiert.<br \/>\nDann wurden die H\u00e4ftlinge desinfiziert.<br \/>\nBeim Desinfizieren will man Bakterien t\u00f6ten.<br \/>\nDaf\u00fcr benutzt man Desinfektions\u00b7mittel.<br \/>\nDann wurden die H\u00e4ftlinge geduscht.<br \/>\nDie <span style=\"color: #cc1800;\"><strong title=\"SS ist die Abk\u00fcrzung f\u00fcr Schutz\u00b7staffel. Die SS hat zu der NSDAP geh\u00f6rt. Die SS hat die die KZ kontrolliert. Und die SS hat die H\u00e4ftlinge im KZ bewacht. Viele europ\u00e4ische Juden sind in Vernichtungs\u00b7lagern get\u00f6tet worden. Und viele europ\u00e4ische Roma und Sinti sind in Vernichtungs\u00b7lagern get\u00f6tet worden. Das hat die SS organisiert. Truppen von der SS haben auch im 2. Welt\u00b7krieg gek\u00e4mpft. Diese Truppen waren besonders brutal. Die Truppen haben gegen Widerstands\u00b7k\u00e4mpfer gek\u00e4mpft. Die Widerstands\u00b7k\u00e4mpfer waren gegen die Nazis. Und gegen die Zivil\u00b7bev\u00f6lkerung. Die Zivil\u00b7bev\u00f6lkerung k\u00e4mpft nicht im Krieg mit. Die SS hat viele Menschen ermordet.\">SS<\/strong><\/span> wollte den H\u00e4ftlingen n\u00e4mlich ihre Intim\u00b7sph\u00e4re zerst\u00f6ren.<br \/>\nIntim\u00b7sph\u00e4re hei\u00dft:<br \/>\nMenschen m\u00f6chten sich <strong>nicht<\/strong> vor anderen Menschen nackt zeigen.<br \/>\nDer nackte K\u00f6rper ist n\u00e4mlich privat.<br \/>\nUnd die SS wollte die H\u00e4ftlinge erniedrigen.<br \/>\nErniedrigen hei\u00dft:<br \/>\nDie H\u00e4ftlinge sollten sich ganz schlecht f\u00fchlen.<\/p>\n<p>Nach der Dusche haben die neuen H\u00e4ftlinge Uniformen bekommen.<br \/>\nDiese H\u00e4ftlings\u00b7uniformen haben den H\u00e4ftlingen oft <strong>nicht<\/strong> gepasst.<br \/>\nDie H\u00e4ftlings\u00b7uniform hatte verschiedene Teile.<br \/>\nDie hatte die Uniform 4 Teile:<\/p>\n<ul>\n<li>Eine Jacke<\/li>\n<li>Eine Hose<\/li>\n<li>Eine M\u00fctze<\/li>\n<li>Schuhe<\/li>\n<\/ul>\n<p><strong>Ab 1938 <\/strong> war die Uniform blau und wei\u00df gestreift.<br \/>\nDie Uniform war aus Drillich.<br \/>\nDrillich ist ein besonders fester Stoff.<br \/>\nDie Schuhe waren aus Holz.<br \/>\nOder die Schuhe waren aus Holz mit Leinen.<\/p>\n<p><strong>Die H\u00e4ftlings\u00b7winkel<\/strong><br \/>\n<div id=\"attachment_65156\" style=\"width: 710px\" class=\"wp-caption alignnone\"><img loading=\"lazy\" decoding=\"async\" aria-describedby=\"caption-attachment-65156\" class=\"wp-image-65156\" src=\"https:\/\/www.kz-gedenkstaette-dachau.de\/wp-content\/uploads\/2018\/11\/tafel_haeftlingskategorien_1940-250x147.jpg\" alt=\"Tafel mit Winkel\u00b7kategorien. Die Tafel ist von 1940. (ITS)\" width=\"700\" height=\"413\" srcset=\"https:\/\/www.kz-gedenkstaette-dachau.de\/wp-content\/uploads\/2018\/11\/tafel_haeftlingskategorien_1940-250x147.jpg 250w, https:\/\/www.kz-gedenkstaette-dachau.de\/wp-content\/uploads\/2018\/11\/tafel_haeftlingskategorien_1940-768x453.jpg 768w, https:\/\/www.kz-gedenkstaette-dachau.de\/wp-content\/uploads\/2018\/11\/tafel_haeftlingskategorien_1940-700x413.jpg 700w, https:\/\/www.kz-gedenkstaette-dachau.de\/wp-content\/uploads\/2018\/11\/tafel_haeftlingskategorien_1940-120x71.jpg 120w, https:\/\/www.kz-gedenkstaette-dachau.de\/wp-content\/uploads\/2018\/11\/tafel_haeftlingskategorien_1940.jpg 1120w\" sizes=\"auto, (max-width: 700px) 100vw, 700px\" \/><p id=\"caption-attachment-65156\" class=\"wp-caption-text\"><small>Tafel mit Winkel\u00b7kategorien.<br \/>Die Tafel ist von 1940.<br \/>(ITS)<small><\/p><\/div><\/p>\n<p>Jeder H\u00e4ftling hat von der Politischen Abteilung eine H\u00e4ftlings\u00b7nummer bekommen.<br \/>\nDiese H\u00e4ftlings\u00b7nummer mussten die H\u00e4ftlinge auf die H\u00e4ftlings\u00b7uniform n\u00e4hen.<br \/>\nUnd die H\u00e4ftlinge mussten einen Winkel auf die H\u00e4ftlings\u00b7uniform n\u00e4hen.<br \/>\nDieser Winkel war ein Dreieck aus Stoff.<br \/>\nDie SS hat verschiedene Winkel\u00b7kategorien festgelegt.<br \/>\nJede Winkel\u00b7kategorie hatte eine andere Farbe.<\/p>\n<p><strong>Der rote Winkel<\/strong><br \/>\nPolitische H\u00e4ftlinge mussten den roten Winkel tragen.<br \/>\nZuerst waren diese H\u00e4ftlinge politische Gegner<br \/>\nvon den Nazis aus dem <span style=\"color: #cc1800;\"><strong title=\"Fr\u00fcher hatte Deutschland den Namen: Deutsches Reich. Das war von 1871 bis 1945. \">Deutschen Reich<\/strong><\/span>.<br \/>\nZum Beispiel:<\/p>\n<ul>\n<li>Sozial\u00b7demokraten<\/li>\n<li>Kommunisten<\/li>\n<li>Gewerkschafter<\/li>\n<\/ul>\n<p><strong>Ab 1938<\/strong> waren diese H\u00e4ftlinge auch politische Gegner aus anderen L\u00e4ndern.<\/p>\n<p><strong>Der gr\u00fcne Winkel<\/strong><br \/>\nManche Menschen hatten mehrere Straf\u00b7taten hintereinander gemacht.<br \/>\nF\u00fcr die Nazis waren diese Menschen: Berufs\u00b7verbrecher.<br \/>\nDiese Menschen mussten den gr\u00fcnen Winkel tragen.<br \/>\nAuch diese Menschen waren Opfer von den Nazis.<\/p>\n<p><strong>Der blaue Winkel<\/strong><br \/>\nZur\u00fcckgekehrte deutsche Emigranten mussten den blauen Winkel tragen.<br \/>\nDiese Menschen waren aus dem Deutschen Reich weg\u00b7gezogen.<br \/>\nDann sind diese Menschen in das Deutsche Reich zur\u00fcck\u00b7gekommen.<br \/>\nDeshalb wollten die Nazis pr\u00fcfen:<br \/>\nPassen sich diese Menschen an den Lebens\u00b7stil von den Nazis an?<\/p>\n<p><strong>Der lila Winkel<\/strong><br \/>\nZeugen Jehovas mussten den lila Winkel tragen.<br \/>\nDie Zeugen Jehovas sind eine religi\u00f6se Gruppe.<br \/>\nDie Zeugen Jehovas waren gegen die Nazis.<br \/>\nUnd gegen das <span style=\"color: #cc1800;\"><strong title=\"Ein Regime ist eine spezielle Art von Regierung. Das NS-Regime war eine Diktatur. Eine Diktatur ist nicht demokratisch. Das hei\u00dft: In einer Diktatur darf das Volk nicht entscheiden. Nur der Diktator darf entscheiden. Eine Diktatur ist nicht freiheitlich. Das hei\u00dft: Die pers\u00f6nliche Freiheit der Menschen wurde eingeschr\u00e4nkt. Viele Menschen wurden ausgegrenzt. Und viele Menschen wurden verfolgt.\">NS-Regime<\/strong><\/span>.<br \/>\nDeshalb haben die Nazis die Zeugen Jehovas verboten.<\/p>\n<p><strong>Der rosa Winkel<\/strong><br \/>\nHomosexuelle M\u00e4nner mussten einen rosa Winkel tragen.<br \/>\nHomosexuell hei\u00dft:<br \/>\nEin Mann liebt M\u00e4nner.<br \/>\nBei den Nazis war Homo\u00b7sexualit\u00e4t eine Straf\u00b7tat.<\/p>\n<p><strong>Der schwarze Winkel <\/strong><br \/>\nF\u00fcr die Nazis haben manche Menschen <strong>nicht <\/strong>zur Gesellschaft gepasst.<br \/>\nDiese Menschen waren zum Beispiel obdach\u00b7los.<br \/>\nOder arbeits\u00b7los.<br \/>\nF\u00fcr die Nazis waren diese Menschen: Asoziale.<br \/>\nDiese Menschen mussten einen schwarzen Winkel tragen.<\/p>\n<p><strong>Der gelbe Winkel<\/strong><br \/>\nJ\u00fcdische Menschen haben einen gelben Winkel bekommen.<br \/>\nDie Nazis haben gesagt:<br \/>\nDie Juden sind <strong>nicht<\/strong> wie wir.<br \/>\nDeshalb schlie\u00dfen wir die Juden aus unserer Volks\u00b7gemeinschaft aus.<br \/>\nUnd j\u00fcdische Menschen haben einen Winkel aus einer Winkel\u00b7kategorie bekommen.<br \/>\nDie beiden Winkel zusammen hatten eine besondere Form.<br \/>\nDie beiden Winkel zusammen hatten die Form von einem David\u00b7stern.<br \/>\nDer David\u00b7stern ist ein Stern mit 6 Ecken.<br \/>\nDer David\u00b7stern ist das Symbol f\u00fcr das Juden\u00b7tum.<\/p>\n<p><strong>Wie wurden die H\u00e4ftlinge in die Winkel\u00b7kategorien eingeteilt?<\/strong><br \/>\nF\u00fcr jeden H\u00e4ftling wurde ein Haft\u00b7grund festgelegt.<br \/>\nDiesen Haft\u00b7grund hat die <span style=\"color: #cc1800;\"><strong title=\"Gestapo ist die Abk\u00fcrzung f\u00fcr: Geheime Staats\u00b7polizei. Die Gestapo war die politische Polizei der Nazis. Die Gestapo war zust\u00e4ndig f\u00fcr die politischen Gegner der Nazis. Die Gestapo hat zum Beispiel die politischen Gegner verhaftet. Und die politischen Gegner in die KZ eingewiesen. Mit der Gestapo haben die Nazis viele Menschen \u00fcberwacht. Und mit der Gestapo haben die Nazis viele Menschen unterdr\u00fcckt. Die Gestapo hat Menschen brutal gefoltert. Die Gestapo hat auch Menschen hingerichtet.\">Gestapo<\/strong><\/span> festgelegt.<br \/>\nOder die <span style=\"color: #cc1800;\"><strong title=\"Die Kriminal\u00b7polizei ist heute ein Teil von der Polizei in Deutschland. Die Kriminal\u00b7polizei k\u00fcmmert sich um Straf\u00b7taten. Die Kriminal\u00b7polizei kl\u00e4rt zum Beispiel Mord\u00b7f\u00e4lle. In der NS-Zeit hatte die Kriminal\u00b7polizei besondere Aufgaben. Die Kriminal\u00b7polizei hat zum Beispiel Menschen in Vorbeuge\u00b7haft genommen. Und in KZ eingewiesen. Die Kriminal\u00b7polizei hat n\u00e4mlich gesagt: Diese Menschen werden schlimme Dinge tun. Deshalb nehmen wir die Menschen jetzt fest. Dann k\u00f6nnen diese Menschen keine schlimmen Dinge tun. Die Kriminal\u00b7polizei hat viele Menschen verfolgt. Diese Menschen haben nicht zu den Denk\u00b7weisen der Nazis gepasst. Die Kriminalpolizei hat auch Menschen miss\u00b7handelt. Und die Kriminal\u00b7polizei hat Menschen get\u00f6tet.\">Kriminal\u00b7polizei<\/strong><\/span>.<br \/>\nDer Grund wurde der SS mitgeteilt.<br \/>\nDann hat die SS den H\u00e4ftling in eine Winkel\u00b7kategorie eingeteilt.<\/p>\n<p><strong>Warum mussten die H\u00e4ftlinge die Winkel tragen?<\/strong><br \/>\nMit Winkeln hat die SS die H\u00e4ftlinge eingeteilt.<br \/>\nDie SS wollte die H\u00e4ftlinge erniedrigen.<br \/>\nDas hei\u00dft:<br \/>\nDie H\u00e4ftlinge sollten sich schlecht f\u00fchlen.<br \/>\nDas hat die SS <strong>ab 1938<\/strong> gemacht.<br \/>\nSo ist eine Hierarchie im <span style=\"color: #cc1800;\"><strong title=\"KZ ist die Abk\u00fcrzung f\u00fcr Konzentrations\u00b7lager.\">KZ<\/strong><\/span> entstanden.<br \/>\nDas hei\u00dft:<br \/>\nManche Winkel\u00b7kategorien<br \/>\nwurden anders behandelt als die anderen Kategorien.<br \/>\nDas hei\u00dft:<br \/>\nDiese H\u00e4ftlinge wurden besonders schlecht behandelt.<br \/>\nDie H\u00e4ftlinge wurden von den <span style=\"color: #cc1800;\"><strong title=\"Viele SS-M\u00e4nner haben im KZ gearbeitet. Diese SS-M\u00e4nner hatten den Namen: Lager-SS. Die Lager-SS war zust\u00e4ndig f\u00fcr die Organisation des H\u00e4ftlings\u00b7lagers. Die Lager-SS hat die H\u00e4ftlinge bewacht. Und die H\u00e4ftlinge bestraft. Die Lager-SS hat auch viele H\u00e4ftlinge miss\u00b7handelt. Und viele H\u00e4ftlinge get\u00f6tet\">SS-M\u00e4nnern<\/strong><\/span> schlecht behandelt.<br \/>\nAber auch von den anderen H\u00e4ftlingen.<br \/>\nDie Hierarchie im KZ war <strong>nicht<\/strong> fair.<\/p>\n<p><strong>Strafen im H\u00e4ftlings\u00b7bad<\/strong><br \/>\nIm H\u00e4ftlings\u00b7bad hat die SS auch H\u00e4ftlinge bestraft.<br \/>\nZum Beispiel mit der Pr\u00fcgel\u00b7strafe.<\/p>\n<p>Dann mussten sich die H\u00e4ftlinge auf dem Pr\u00fcgel\u00b7bock legen.<br \/>\nDer Pr\u00fcgel\u00b7bock war aus Holz.<br \/>\nDie H\u00e4ftlinge wurden am Pr\u00fcgel\u00b7bock fest\u00b7gebunden.<br \/>\nDann haben SS-M\u00e4nner die H\u00e4ftlinge geschlagen.<br \/>\nDie H\u00e4ftlinge wurden auch mit Pfahl\u00b7h\u00e4ngen bestraft.<br \/>\nDas ist <strong>1941<\/strong> und <strong>1942<\/strong> passiert.<br \/>\nAn der Decke vom H\u00e4ftlings\u00b7bad<br \/>\nwaren Balken aus Holz.<br \/>\nAn diesen Balken waren Haken.<br \/>\nH\u00e4ftlinge wurden an den Haken aufgeh\u00e4ngt.<br \/>\nDas kann man auf dem Bild gut sehen.<\/p>\n<p><strong>Das H\u00e4ftlings\u00b7bad heute<\/strong><br \/>\nDas ehemalige H\u00e4ftlings\u00b7bad<br \/>\nsieht so \u00e4hnlich aus wie fr\u00fcher.<\/p>\n<p>In der Mitte vom Raum sind S\u00e4ulen.<br \/>\nZwischen den S\u00e4ulen sind besondere Stellen.<br \/>\nAn diesen Stellen waren fr\u00fcher die Balken befestigt.<br \/>\nAn diesen Balken wurden die H\u00e4ftlinge zum Pfahl\u00b7h\u00e4ngen aufgeh\u00e4ngt.<\/p>\n<p>Im H\u00e4ftlings\u00b7bad steht ein Pr\u00fcgel\u00b7bock.<br \/>\nDer Pr\u00fcgel\u00b7bock sieht aus wie der Pr\u00fcgel\u00b7bock fr\u00fcher.<br \/>\nDieser Pr\u00fcgel\u00b7bock wurde <strong>1945<\/strong> nach\u00b7gebaut.<br \/>\nBei den Dachauer Prozessen<br \/>\nwurde der Pr\u00fcgel\u00b7bock als Anschauungs\u00b7gegenstand benutzt.<br \/>\nDas hei\u00dft:<br \/>\nSo konnte sich das Gericht die Pr\u00fcgel\u00b7strafe besser vorstellen.<br \/>\nUnd die Pr\u00fcgel\u00b7strafe besser beurteilen.<\/p>\n","protected":false},"excerpt":{"rendered":"<p>Station 7.2 ist das H\u00e4ftlings\u00b7bad. Das H\u00e4ftlings\u00b7bad fr\u00fcher Im H\u00e4ftlings\u00b7bad ist die Aufnahme\u00b7prozedur f\u00fcr neue H\u00e4ftlinge weitergegangen. Die H\u00e4ftlinge mussten nackt aus dem Schub\u00b7raum in das H\u00e4ftlings\u00b7bad gehen. Im H\u00e4ftlings\u00b7bad wurden den H\u00e4ftlingen alle Haare abrasiert. Dann wurden die H\u00e4ftlinge desinfiziert. Beim Desinfizieren will man Bakterien t\u00f6ten. Daf\u00fcr benutzt man Desinfektions\u00b7mittel. Dann wurden die H\u00e4ftlinge&#8230; <a class=\"view-article\" href=\"https:\/\/www.kz-gedenkstaette-dachau.de\/dels\/historischer-ort\/virtueller-rundgang\/haeftlingsbad\/\">Artikel anzeigen<\/a><\/p>\n","protected":false},"author":1,"featured_media":0,"parent":63630,"menu_order":720,"comment_status":"closed","ping_status":"closed","template":"page-virtueller_rundgang_unterseite.php","meta":{"_acf_changed":false,"footnotes":""},"class_list":["post-56729","page","type-page","status-publish","hentry"],"acf":[],"yoast_head":"<!-- This site is optimized with the Yoast SEO plugin v27.4 - https:\/\/yoast.com\/product\/yoast-seo-wordpress\/ -->\n<title>H\u00e4ftlings\u00b7bad - KZ Gedenkst\u00e4tte Dachau<\/title>\n<meta name=\"robots\" content=\"index, follow, max-snippet:-1, max-image-preview:large, max-video-preview:-1\" \/>\n<link rel=\"canonical\" href=\"https:\/\/www.kz-gedenkstaette-dachau.de\/dels\/historischer-ort\/virtueller-rundgang\/haeftlingsbad\/\" \/>\n<meta property=\"og:locale\" content=\"en_US\" \/>\n<meta property=\"og:type\" content=\"article\" \/>\n<meta property=\"og:title\" content=\"H\u00e4ftlings\u00b7bad - KZ Gedenkst\u00e4tte Dachau\" \/>\n<meta property=\"og:description\" content=\"Station 7.2 ist das H\u00e4ftlings\u00b7bad. Das H\u00e4ftlings\u00b7bad fr\u00fcher Im H\u00e4ftlings\u00b7bad ist die Aufnahme\u00b7prozedur f\u00fcr neue H\u00e4ftlinge weitergegangen. Die H\u00e4ftlinge mussten nackt aus dem Schub\u00b7raum in das H\u00e4ftlings\u00b7bad gehen. Im H\u00e4ftlings\u00b7bad wurden den H\u00e4ftlingen alle Haare abrasiert. Dann wurden die H\u00e4ftlinge desinfiziert. Beim Desinfizieren will man Bakterien t\u00f6ten. Daf\u00fcr benutzt man Desinfektions\u00b7mittel. Dann wurden die H\u00e4ftlinge... Artikel anzeigen\" \/>\n<meta property=\"og:url\" content=\"https:\/\/www.kz-gedenkstaette-dachau.de\/dels\/historischer-ort\/virtueller-rundgang\/haeftlingsbad\/\" \/>\n<meta property=\"og:site_name\" content=\"KZ Gedenkst\u00e4tte Dachau\" \/>\n<meta property=\"article:modified_time\" content=\"2020-03-31T12:37:01+00:00\" \/>\n<meta property=\"og:image\" content=\"https:\/\/www.kz-gedenkstaette-dachau.de\/wp-content\/uploads\/2018\/11\/ehem_haeftlingsbad-250x147.jpg\" \/>\n<meta name=\"twitter:card\" content=\"summary_large_image\" \/>\n<meta name=\"twitter:label1\" content=\"Est. reading time\" \/>\n\t<meta name=\"twitter:data1\" content=\"5 minutes\" \/>\n<script type=\"application\/ld+json\" class=\"yoast-schema-graph\">{\"@context\":\"https:\\\/\\\/schema.org\",\"@graph\":[{\"@type\":\"WebPage\",\"@id\":\"https:\\\/\\\/www.kz-gedenkstaette-dachau.de\\\/dels\\\/historischer-ort\\\/virtueller-rundgang\\\/haeftlingsbad\\\/\",\"url\":\"https:\\\/\\\/www.kz-gedenkstaette-dachau.de\\\/dels\\\/historischer-ort\\\/virtueller-rundgang\\\/haeftlingsbad\\\/\",\"name\":\"H\u00e4ftlings\u00b7bad - KZ Gedenkst\u00e4tte Dachau\",\"isPartOf\":{\"@id\":\"https:\\\/\\\/www.kz-gedenkstaette-dachau.de\\\/#website\"},\"primaryImageOfPage\":{\"@id\":\"https:\\\/\\\/www.kz-gedenkstaette-dachau.de\\\/dels\\\/historischer-ort\\\/virtueller-rundgang\\\/haeftlingsbad\\\/#primaryimage\"},\"image\":{\"@id\":\"https:\\\/\\\/www.kz-gedenkstaette-dachau.de\\\/dels\\\/historischer-ort\\\/virtueller-rundgang\\\/haeftlingsbad\\\/#primaryimage\"},\"thumbnailUrl\":\"https:\\\/\\\/www.kz-gedenkstaette-dachau.de\\\/wp-content\\\/uploads\\\/2018\\\/11\\\/ehem_haeftlingsbad-250x147.jpg\",\"datePublished\":\"2018-09-04T10:39:42+00:00\",\"dateModified\":\"2020-03-31T12:37:01+00:00\",\"breadcrumb\":{\"@id\":\"https:\\\/\\\/www.kz-gedenkstaette-dachau.de\\\/dels\\\/historischer-ort\\\/virtueller-rundgang\\\/haeftlingsbad\\\/#breadcrumb\"},\"inLanguage\":\"ls-DE\",\"potentialAction\":[{\"@type\":\"ReadAction\",\"target\":[\"https:\\\/\\\/www.kz-gedenkstaette-dachau.de\\\/dels\\\/historischer-ort\\\/virtueller-rundgang\\\/haeftlingsbad\\\/\"]}]},{\"@type\":\"ImageObject\",\"inLanguage\":\"ls-DE\",\"@id\":\"https:\\\/\\\/www.kz-gedenkstaette-dachau.de\\\/dels\\\/historischer-ort\\\/virtueller-rundgang\\\/haeftlingsbad\\\/#primaryimage\",\"url\":\"https:\\\/\\\/www.kz-gedenkstaette-dachau.de\\\/wp-content\\\/uploads\\\/2018\\\/11\\\/ehem_haeftlingsbad-250x147.jpg\",\"contentUrl\":\"https:\\\/\\\/www.kz-gedenkstaette-dachau.de\\\/wp-content\\\/uploads\\\/2018\\\/11\\\/ehem_haeftlingsbad-250x147.jpg\"},{\"@type\":\"BreadcrumbList\",\"@id\":\"https:\\\/\\\/www.kz-gedenkstaette-dachau.de\\\/dels\\\/historischer-ort\\\/virtueller-rundgang\\\/haeftlingsbad\\\/#breadcrumb\",\"itemListElement\":[{\"@type\":\"ListItem\",\"position\":1,\"name\":\"Start\u00b7seite\",\"item\":\"https:\\\/\\\/www.kz-gedenkstaette-dachau.de\\\/dels\\\/\"},{\"@type\":\"ListItem\",\"position\":2,\"name\":\"Historischer Ort\",\"item\":\"https:\\\/\\\/www.kz-gedenkstaette-dachau.de\\\/dels\\\/historischer-ort\\\/\"},{\"@type\":\"ListItem\",\"position\":3,\"name\":\"Virtueller Rund\u00b7gang\",\"item\":\"https:\\\/\\\/www.kz-gedenkstaette-dachau.de\\\/dels\\\/historischer-ort\\\/virtueller-rundgang\\\/\"},{\"@type\":\"ListItem\",\"position\":4,\"name\":\"H\u00e4ftlings\u00b7bad\"}]},{\"@type\":\"WebSite\",\"@id\":\"https:\\\/\\\/www.kz-gedenkstaette-dachau.de\\\/#website\",\"url\":\"https:\\\/\\\/www.kz-gedenkstaette-dachau.de\\\/\",\"name\":\"KZ Gedenkst\u00e4tte Dachau\",\"description\":\"\",\"potentialAction\":[{\"@type\":\"SearchAction\",\"target\":{\"@type\":\"EntryPoint\",\"urlTemplate\":\"https:\\\/\\\/www.kz-gedenkstaette-dachau.de\\\/?s={search_term_string}\"},\"query-input\":{\"@type\":\"PropertyValueSpecification\",\"valueRequired\":true,\"valueName\":\"search_term_string\"}}],\"inLanguage\":\"ls-DE\"}]}<\/script>\n<!-- \/ Yoast SEO plugin. -->","yoast_head_json":{"title":"H\u00e4ftlings\u00b7bad - KZ Gedenkst\u00e4tte Dachau","robots":{"index":"index","follow":"follow","max-snippet":"max-snippet:-1","max-image-preview":"max-image-preview:large","max-video-preview":"max-video-preview:-1"},"canonical":"https:\/\/www.kz-gedenkstaette-dachau.de\/dels\/historischer-ort\/virtueller-rundgang\/haeftlingsbad\/","og_locale":"en_US","og_type":"article","og_title":"H\u00e4ftlings\u00b7bad - KZ Gedenkst\u00e4tte Dachau","og_description":"Station 7.2 ist das H\u00e4ftlings\u00b7bad. Das H\u00e4ftlings\u00b7bad fr\u00fcher Im H\u00e4ftlings\u00b7bad ist die Aufnahme\u00b7prozedur f\u00fcr neue H\u00e4ftlinge weitergegangen. Die H\u00e4ftlinge mussten nackt aus dem Schub\u00b7raum in das H\u00e4ftlings\u00b7bad gehen. Im H\u00e4ftlings\u00b7bad wurden den H\u00e4ftlingen alle Haare abrasiert. Dann wurden die H\u00e4ftlinge desinfiziert. Beim Desinfizieren will man Bakterien t\u00f6ten. Daf\u00fcr benutzt man Desinfektions\u00b7mittel. Dann wurden die H\u00e4ftlinge... Artikel anzeigen","og_url":"https:\/\/www.kz-gedenkstaette-dachau.de\/dels\/historischer-ort\/virtueller-rundgang\/haeftlingsbad\/","og_site_name":"KZ Gedenkst\u00e4tte Dachau","article_modified_time":"2020-03-31T12:37:01+00:00","og_image":[{"url":"https:\/\/www.kz-gedenkstaette-dachau.de\/wp-content\/uploads\/2018\/11\/ehem_haeftlingsbad-250x147.jpg","type":"","width":"","height":""}],"twitter_card":"summary_large_image","twitter_misc":{"Est. reading time":"5 minutes"},"schema":{"@context":"https:\/\/schema.org","@graph":[{"@type":"WebPage","@id":"https:\/\/www.kz-gedenkstaette-dachau.de\/dels\/historischer-ort\/virtueller-rundgang\/haeftlingsbad\/","url":"https:\/\/www.kz-gedenkstaette-dachau.de\/dels\/historischer-ort\/virtueller-rundgang\/haeftlingsbad\/","name":"H\u00e4ftlings\u00b7bad - KZ Gedenkst\u00e4tte Dachau","isPartOf":{"@id":"https:\/\/www.kz-gedenkstaette-dachau.de\/#website"},"primaryImageOfPage":{"@id":"https:\/\/www.kz-gedenkstaette-dachau.de\/dels\/historischer-ort\/virtueller-rundgang\/haeftlingsbad\/#primaryimage"},"image":{"@id":"https:\/\/www.kz-gedenkstaette-dachau.de\/dels\/historischer-ort\/virtueller-rundgang\/haeftlingsbad\/#primaryimage"},"thumbnailUrl":"https:\/\/www.kz-gedenkstaette-dachau.de\/wp-content\/uploads\/2018\/11\/ehem_haeftlingsbad-250x147.jpg","datePublished":"2018-09-04T10:39:42+00:00","dateModified":"2020-03-31T12:37:01+00:00","breadcrumb":{"@id":"https:\/\/www.kz-gedenkstaette-dachau.de\/dels\/historischer-ort\/virtueller-rundgang\/haeftlingsbad\/#breadcrumb"},"inLanguage":"ls-DE","potentialAction":[{"@type":"ReadAction","target":["https:\/\/www.kz-gedenkstaette-dachau.de\/dels\/historischer-ort\/virtueller-rundgang\/haeftlingsbad\/"]}]},{"@type":"ImageObject","inLanguage":"ls-DE","@id":"https:\/\/www.kz-gedenkstaette-dachau.de\/dels\/historischer-ort\/virtueller-rundgang\/haeftlingsbad\/#primaryimage","url":"https:\/\/www.kz-gedenkstaette-dachau.de\/wp-content\/uploads\/2018\/11\/ehem_haeftlingsbad-250x147.jpg","contentUrl":"https:\/\/www.kz-gedenkstaette-dachau.de\/wp-content\/uploads\/2018\/11\/ehem_haeftlingsbad-250x147.jpg"},{"@type":"BreadcrumbList","@id":"https:\/\/www.kz-gedenkstaette-dachau.de\/dels\/historischer-ort\/virtueller-rundgang\/haeftlingsbad\/#breadcrumb","itemListElement":[{"@type":"ListItem","position":1,"name":"Start\u00b7seite","item":"https:\/\/www.kz-gedenkstaette-dachau.de\/dels\/"},{"@type":"ListItem","position":2,"name":"Historischer Ort","item":"https:\/\/www.kz-gedenkstaette-dachau.de\/dels\/historischer-ort\/"},{"@type":"ListItem","position":3,"name":"Virtueller Rund\u00b7gang","item":"https:\/\/www.kz-gedenkstaette-dachau.de\/dels\/historischer-ort\/virtueller-rundgang\/"},{"@type":"ListItem","position":4,"name":"H\u00e4ftlings\u00b7bad"}]},{"@type":"WebSite","@id":"https:\/\/www.kz-gedenkstaette-dachau.de\/#website","url":"https:\/\/www.kz-gedenkstaette-dachau.de\/","name":"KZ Gedenkst\u00e4tte Dachau","description":"","potentialAction":[{"@type":"SearchAction","target":{"@type":"EntryPoint","urlTemplate":"https:\/\/www.kz-gedenkstaette-dachau.de\/?s={search_term_string}"},"query-input":{"@type":"PropertyValueSpecification","valueRequired":true,"valueName":"search_term_string"}}],"inLanguage":"ls-DE"}]}},"_links":{"self":[{"href":"https:\/\/www.kz-gedenkstaette-dachau.de\/dels\/wp-json\/wp\/v2\/pages\/56729","targetHints":{"allow":["GET"]}}],"collection":[{"href":"https:\/\/www.kz-gedenkstaette-dachau.de\/dels\/wp-json\/wp\/v2\/pages"}],"about":[{"href":"https:\/\/www.kz-gedenkstaette-dachau.de\/dels\/wp-json\/wp\/v2\/types\/page"}],"author":[{"embeddable":true,"href":"https:\/\/www.kz-gedenkstaette-dachau.de\/dels\/wp-json\/wp\/v2\/users\/1"}],"replies":[{"embeddable":true,"href":"https:\/\/www.kz-gedenkstaette-dachau.de\/dels\/wp-json\/wp\/v2\/comments?post=56729"}],"version-history":[{"count":0,"href":"https:\/\/www.kz-gedenkstaette-dachau.de\/dels\/wp-json\/wp\/v2\/pages\/56729\/revisions"}],"up":[{"embeddable":true,"href":"https:\/\/www.kz-gedenkstaette-dachau.de\/dels\/wp-json\/wp\/v2\/pages\/63630"}],"wp:attachment":[{"href":"https:\/\/www.kz-gedenkstaette-dachau.de\/dels\/wp-json\/wp\/v2\/media?parent=56729"}],"curies":[{"name":"wp","href":"https:\/\/api.w.org\/{rel}","templated":true}]}}