{"id":63619,"date":"2018-08-30T14:49:03","date_gmt":"2018-08-30T12:49:03","guid":{"rendered":"https:\/\/www.kz-gedenkstaette-dachau.de\/historischer-ort\/"},"modified":"2020-02-14T16:58:23","modified_gmt":"2020-02-14T15:58:23","slug":"historischer-ort","status":"publish","type":"page","link":"https:\/\/www.kz-gedenkstaette-dachau.de\/dels\/historischer-ort\/","title":{"rendered":"Historischer Ort"},"content":{"rendered":"<h1>Historischer Ort und Gedenk<strong>\u00b7<\/strong>st\u00e4tte<\/h1>\n<p>Am 22. M\u00e4rz 1933 wurde das <span style=\"color: #cc1800;\"><strong title=\"KZ ist die Abk\u00fcrzung f\u00fcr Konzentrations\u00b7lager.\">KZ<\/strong><\/span> Dachau er\u00f6ffnet.<\/p>\n<p>Am 29. April 1945 wurde das KZ Dachau befreit.<\/p>\n<p>Bis Juli 1945 wurde das ehemalige <span style=\"color: #cc1800;\"><strong title=\"Das H\u00e4ftlings\u00b7lager war wie ein Gef\u00e4ngnis.<br \/>Das H\u00e4ftlings\u00b7lager war ein Teil vom KZ Dachau.<br \/>Im H\u00e4ftlings\u00b7lager waren die H\u00e4ftlinge eingesperrt.<br \/>Die SS hat die H\u00e4ftlinge kontrolliert.<br \/>Und die SS hat die H\u00e4ftlinge isoliert.<br \/>Die H\u00e4ftlinge hatten keine Privatsph\u00e4re.&#8221;>H\u00e4ftlings\u00b7lager<\/strong><\/span> als <span style=\"color: #cc1800;\"><strong title=\"Displaced Persons Camp ist Englisch und hei\u00dft:<br \/>Lager f\u00fcr heimatlose Personen<br \/>Die heimatlosen Personen waren ehemalige Kriegsgefangene.<br \/>Diese Menschen waren nicht aus Deutschland.<br \/>Diese Menschen waren aus anderen L\u00e4ndern&#8221;>Displaced Persons Camp<\/strong><\/span> genutzt.<\/p>\n<p>Ab Juli 1945 wurde das ehemalige H\u00e4ftlings\u00b7lager als <span style=\"color: #cc1800;\"><strong title=\"Nach dem 2. Welt\u00b7krieg<br \/>hat die US-Armee das Gel\u00e4nde vom KZ Dachau \u00fcbernommen.<br \/>Ab Juli 1945 hat US-Armee das ehemalige KZ als Internierungs\u00b7lager genutzt.<br \/>Das Internierungs\u00b7lager war ein besonderes Gef\u00e4ngnis.<br \/>In diesem Gef\u00e4ngnis hat die US-Armee nur bestimmte Menschen eingesperrt.<br \/>Diese Menschen waren zum Beispiel:<br \/>\u2022 Mitglieder von der NSDAP<br \/>\u2022 SS-M\u00e4nner<br \/>Die US-Armee wollte die NSDAP aufl\u00f6sen.<br \/>Und die US-Armee wollte die Verbrechen von den Nazis aufkl\u00e4ren.<br \/>Und die Verbrecher bestrafen.&#8221;>Internierungs\u00b7lager<\/strong><\/span><\/p>\n<p>genutzt.<\/p>\n<p>Ab 1948 wurde das ehemalige H\u00e4ftlings\u00b7lager als Fl\u00fcchtlings\u00b7lager genutzt.<\/p>\n<p>1965 wurde die KZ-Gedenk\u00b7st\u00e4tte er\u00f6ffnet.<\/p>\n<p>&nbsp;<\/p>\n<p>Von 1933 bis 1945 waren mehr als 200.000 <span style=\"color: #cc1800;\"><strong title=\"H\u00e4ftling ist ein anderes Wort f\u00fcr Gefangener.\">H\u00e4ftlinge<\/strong><\/span> im KZ Dachau.<\/p>\n<p>Von den \u00fcber 200.000 H\u00e4ftlingen waren<\/p>\n<ul>\n<li>etwa 40.700 Menschen aus Polen<\/li>\n<li>mehr als 32.000 Menschen aus dem <span style=\"color: #cc1800;\"><strong title=\"Fr\u00fcher hatte Deutschland den Namen: Deutsches Reich.<br \/>Das war von 1871 bis 1945.&#8221;>Deutsches Reich<\/strong><\/span><\/li>\n<li>etwa 25.300 Menschen aus der Sowjetunion<\/li>\n<li>etwa 21.300 Menschen aus Ungarn<\/li>\n<li>etwa 14.100 Menschen aus Frankreich<\/li>\n<li>etwa 9.600 Menschen aus Italien<\/li>\n<\/ul>\n<p>Das waren die 6 gr\u00f6\u00dften H\u00e4ftlings\u00b7gruppen.<\/p>\n<p>Insgesamt waren H\u00e4ftlinge aus \u00fcber 40 L\u00e4ndern im KZ Dachau.<\/p>\n<p>Mindestens 41.500 H\u00e4ftlinge sind gestorben.<\/p>\n<p>Zum Beispiel an:<\/p>\n<ul>\n<li>Hunger<\/li>\n<li>Krankheiten<\/li>\n<li>Folter<\/li>\n<li>Mord<\/li>\n<\/ul>\n<p>Die meisten H\u00e4ftlinge sind im KZ gestorben.<\/p>\n<p>Viele ehemalige H\u00e4ftlinge<\/p>\n<p>sind aber auch erst nach der Zeit im KZ gestorben.<\/p>\n<p>Die ehemaligen H\u00e4ftlinge sind an den Folgen von der KZ-Haft gestorben.<\/p>\n","protected":false},"excerpt":{"rendered":"<p>Historischer Ort und Gedenk\u00b7st\u00e4tte Am 22. M\u00e4rz 1933 wurde das KZ Dachau er\u00f6ffnet. Am 29. April 1945 wurde das KZ Dachau befreit. Bis Juli 1945 wurde das ehemalige Displaced Persons Camp genutzt. Ab Juli 1945 wurde das ehemalige H\u00e4ftlings\u00b7lager als Deutsches Reich etwa 25.300 Menschen aus der Sowjetunion etwa 21.300 Menschen aus Ungarn etwa 14.100&#8230; <a class=\"view-article\" href=\"https:\/\/www.kz-gedenkstaette-dachau.de\/dels\/historischer-ort\/\">Artikel anzeigen<\/a><\/p>\n","protected":false},"author":1,"featured_media":0,"parent":0,"menu_order":300,"comment_status":"closed","ping_status":"closed","template":"","meta":{"_acf_changed":false,"footnotes":""},"class_list":["post-63619","page","type-page","status-publish","hentry"],"acf":[],"yoast_head":"<!-- This site is optimized with the Yoast SEO plugin v27.3 - https:\/\/yoast.com\/product\/yoast-seo-wordpress\/ -->\n<title>Historischer Ort - KZ Gedenkst\u00e4tte Dachau<\/title>\n<meta name=\"robots\" content=\"index, follow, max-snippet:-1, max-image-preview:large, max-video-preview:-1\" \/>\n<link rel=\"canonical\" href=\"https:\/\/www.kz-gedenkstaette-dachau.de\/dels\/historischer-ort\/\" \/>\n<meta property=\"og:locale\" content=\"en_US\" \/>\n<meta property=\"og:type\" content=\"article\" \/>\n<meta property=\"og:title\" content=\"Historischer Ort - KZ Gedenkst\u00e4tte Dachau\" \/>\n<meta property=\"og:description\" content=\"Historischer Ort und Gedenk\u00b7st\u00e4tte Am 22. M\u00e4rz 1933 wurde das KZ Dachau er\u00f6ffnet. Am 29. April 1945 wurde das KZ Dachau befreit. Bis Juli 1945 wurde das ehemalige Displaced Persons Camp genutzt. Ab Juli 1945 wurde das ehemalige H\u00e4ftlings\u00b7lager als Deutsches Reich etwa 25.300 Menschen aus der Sowjetunion etwa 21.300 Menschen aus Ungarn etwa 14.100... Artikel anzeigen\" \/>\n<meta property=\"og:url\" content=\"https:\/\/www.kz-gedenkstaette-dachau.de\/dels\/historischer-ort\/\" \/>\n<meta property=\"og:site_name\" content=\"KZ Gedenkst\u00e4tte Dachau\" \/>\n<meta property=\"article:modified_time\" content=\"2020-02-14T15:58:23+00:00\" \/>\n<meta name=\"twitter:card\" content=\"summary_large_image\" \/>\n<meta name=\"twitter:label1\" content=\"Est. reading time\" \/>\n\t<meta name=\"twitter:data1\" content=\"1 minute\" \/>\n<script type=\"application\/ld+json\" class=\"yoast-schema-graph\">{\"@context\":\"https:\\\/\\\/schema.org\",\"@graph\":[{\"@type\":\"WebPage\",\"@id\":\"https:\\\/\\\/www.kz-gedenkstaette-dachau.de\\\/dels\\\/historischer-ort\\\/\",\"url\":\"https:\\\/\\\/www.kz-gedenkstaette-dachau.de\\\/dels\\\/historischer-ort\\\/\",\"name\":\"Historischer Ort - KZ Gedenkst\u00e4tte Dachau\",\"isPartOf\":{\"@id\":\"https:\\\/\\\/www.kz-gedenkstaette-dachau.de\\\/#website\"},\"datePublished\":\"2018-08-30T12:49:03+00:00\",\"dateModified\":\"2020-02-14T15:58:23+00:00\",\"breadcrumb\":{\"@id\":\"https:\\\/\\\/www.kz-gedenkstaette-dachau.de\\\/dels\\\/historischer-ort\\\/#breadcrumb\"},\"inLanguage\":\"ls-DE\",\"potentialAction\":[{\"@type\":\"ReadAction\",\"target\":[\"https:\\\/\\\/www.kz-gedenkstaette-dachau.de\\\/dels\\\/historischer-ort\\\/\"]}]},{\"@type\":\"BreadcrumbList\",\"@id\":\"https:\\\/\\\/www.kz-gedenkstaette-dachau.de\\\/dels\\\/historischer-ort\\\/#breadcrumb\",\"itemListElement\":[{\"@type\":\"ListItem\",\"position\":1,\"name\":\"Start\u00b7seite\",\"item\":\"https:\\\/\\\/www.kz-gedenkstaette-dachau.de\\\/dels\\\/\"},{\"@type\":\"ListItem\",\"position\":2,\"name\":\"Historischer Ort\"}]},{\"@type\":\"WebSite\",\"@id\":\"https:\\\/\\\/www.kz-gedenkstaette-dachau.de\\\/#website\",\"url\":\"https:\\\/\\\/www.kz-gedenkstaette-dachau.de\\\/\",\"name\":\"KZ Gedenkst\u00e4tte Dachau\",\"description\":\"\",\"potentialAction\":[{\"@type\":\"SearchAction\",\"target\":{\"@type\":\"EntryPoint\",\"urlTemplate\":\"https:\\\/\\\/www.kz-gedenkstaette-dachau.de\\\/?s={search_term_string}\"},\"query-input\":{\"@type\":\"PropertyValueSpecification\",\"valueRequired\":true,\"valueName\":\"search_term_string\"}}],\"inLanguage\":\"ls-DE\"}]}<\/script>\n<!-- \/ Yoast SEO plugin. -->","yoast_head_json":{"title":"Historischer Ort - KZ Gedenkst\u00e4tte Dachau","robots":{"index":"index","follow":"follow","max-snippet":"max-snippet:-1","max-image-preview":"max-image-preview:large","max-video-preview":"max-video-preview:-1"},"canonical":"https:\/\/www.kz-gedenkstaette-dachau.de\/dels\/historischer-ort\/","og_locale":"en_US","og_type":"article","og_title":"Historischer Ort - KZ Gedenkst\u00e4tte Dachau","og_description":"Historischer Ort und Gedenk\u00b7st\u00e4tte Am 22. M\u00e4rz 1933 wurde das KZ Dachau er\u00f6ffnet. Am 29. April 1945 wurde das KZ Dachau befreit. Bis Juli 1945 wurde das ehemalige Displaced Persons Camp genutzt. Ab Juli 1945 wurde das ehemalige H\u00e4ftlings\u00b7lager als Deutsches Reich etwa 25.300 Menschen aus der Sowjetunion etwa 21.300 Menschen aus Ungarn etwa 14.100... Artikel anzeigen","og_url":"https:\/\/www.kz-gedenkstaette-dachau.de\/dels\/historischer-ort\/","og_site_name":"KZ Gedenkst\u00e4tte Dachau","article_modified_time":"2020-02-14T15:58:23+00:00","twitter_card":"summary_large_image","twitter_misc":{"Est. reading time":"1 minute"},"schema":{"@context":"https:\/\/schema.org","@graph":[{"@type":"WebPage","@id":"https:\/\/www.kz-gedenkstaette-dachau.de\/dels\/historischer-ort\/","url":"https:\/\/www.kz-gedenkstaette-dachau.de\/dels\/historischer-ort\/","name":"Historischer Ort - KZ Gedenkst\u00e4tte Dachau","isPartOf":{"@id":"https:\/\/www.kz-gedenkstaette-dachau.de\/#website"},"datePublished":"2018-08-30T12:49:03+00:00","dateModified":"2020-02-14T15:58:23+00:00","breadcrumb":{"@id":"https:\/\/www.kz-gedenkstaette-dachau.de\/dels\/historischer-ort\/#breadcrumb"},"inLanguage":"ls-DE","potentialAction":[{"@type":"ReadAction","target":["https:\/\/www.kz-gedenkstaette-dachau.de\/dels\/historischer-ort\/"]}]},{"@type":"BreadcrumbList","@id":"https:\/\/www.kz-gedenkstaette-dachau.de\/dels\/historischer-ort\/#breadcrumb","itemListElement":[{"@type":"ListItem","position":1,"name":"Start\u00b7seite","item":"https:\/\/www.kz-gedenkstaette-dachau.de\/dels\/"},{"@type":"ListItem","position":2,"name":"Historischer Ort"}]},{"@type":"WebSite","@id":"https:\/\/www.kz-gedenkstaette-dachau.de\/#website","url":"https:\/\/www.kz-gedenkstaette-dachau.de\/","name":"KZ Gedenkst\u00e4tte Dachau","description":"","potentialAction":[{"@type":"SearchAction","target":{"@type":"EntryPoint","urlTemplate":"https:\/\/www.kz-gedenkstaette-dachau.de\/?s={search_term_string}"},"query-input":{"@type":"PropertyValueSpecification","valueRequired":true,"valueName":"search_term_string"}}],"inLanguage":"ls-DE"}]}},"_links":{"self":[{"href":"https:\/\/www.kz-gedenkstaette-dachau.de\/dels\/wp-json\/wp\/v2\/pages\/63619","targetHints":{"allow":["GET"]}}],"collection":[{"href":"https:\/\/www.kz-gedenkstaette-dachau.de\/dels\/wp-json\/wp\/v2\/pages"}],"about":[{"href":"https:\/\/www.kz-gedenkstaette-dachau.de\/dels\/wp-json\/wp\/v2\/types\/page"}],"author":[{"embeddable":true,"href":"https:\/\/www.kz-gedenkstaette-dachau.de\/dels\/wp-json\/wp\/v2\/users\/1"}],"replies":[{"embeddable":true,"href":"https:\/\/www.kz-gedenkstaette-dachau.de\/dels\/wp-json\/wp\/v2\/comments?post=63619"}],"version-history":[{"count":0,"href":"https:\/\/www.kz-gedenkstaette-dachau.de\/dels\/wp-json\/wp\/v2\/pages\/63619\/revisions"}],"wp:attachment":[{"href":"https:\/\/www.kz-gedenkstaette-dachau.de\/dels\/wp-json\/wp\/v2\/media?parent=63619"}],"curies":[{"name":"wp","href":"https:\/\/api.w.org\/{rel}","templated":true}]}}