{"id":63645,"date":"2018-09-04T12:34:47","date_gmt":"2018-09-04T10:34:47","guid":{"rendered":"https:\/\/www.kz-gedenkstaette-dachau.de\/historischer-ort\/virtueller-rundgang\/ss-lager\/"},"modified":"2020-03-31T13:33:06","modified_gmt":"2020-03-31T11:33:06","slug":"ss-lager","status":"publish","type":"page","link":"https:\/\/www.kz-gedenkstaette-dachau.de\/dels\/historischer-ort\/virtueller-rundgang\/ss-lager\/","title":{"rendered":"SS-Lager"},"content":{"rendered":"<div id=\"attachment_63646\" style=\"width: 710px\" class=\"wp-caption alignnone\"><img loading=\"lazy\" decoding=\"async\" aria-describedby=\"caption-attachment-63646\" class=\"wp-image-63646\" src=\"https:\/\/www.kz-gedenkstaette-dachau.de\/wp-content\/uploads\/2018\/11\/ehem_kommandantur-250x147.jpg\" alt=\"Links: Die ehemalige Lager\u00b7b\u00e4ckerei. Rechts: Die ehemalige Kommandantur. Das Foto ist von 2017. (KZ-Gedenkst\u00e4tte Dachau)\" width=\"700\" height=\"413\" srcset=\"https:\/\/www.kz-gedenkstaette-dachau.de\/wp-content\/uploads\/2018\/11\/ehem_kommandantur-250x147.jpg 250w, https:\/\/www.kz-gedenkstaette-dachau.de\/wp-content\/uploads\/2018\/11\/ehem_kommandantur-768x453.jpg 768w, https:\/\/www.kz-gedenkstaette-dachau.de\/wp-content\/uploads\/2018\/11\/ehem_kommandantur-700x413.jpg 700w, https:\/\/www.kz-gedenkstaette-dachau.de\/wp-content\/uploads\/2018\/11\/ehem_kommandantur-120x71.jpg 120w, https:\/\/www.kz-gedenkstaette-dachau.de\/wp-content\/uploads\/2018\/11\/ehem_kommandantur.jpg 1120w\" sizes=\"auto, (max-width: 700px) 100vw, 700px\" \/><p id=\"caption-attachment-63646\" class=\"wp-caption-text\"><small>Links: Die ehemalige Lager\u00b7b\u00e4ckerei.<br \/>Rechts: Die ehemalige Kommandantur.<br \/>Das Foto ist von 2017.<br \/>(KZ-Gedenkst\u00e4tte Dachau)<small><\/p><\/div>\n<p>Station 4 ist das <span style=\"color: #cc1800;\"><strong title=\"Das SS-Lager war ein Teil\u00b7bereich vom KZ Dachau.\">SS-Lager<\/strong><\/span>.<br \/>\nHeute kann man das fr\u00fchere SS-Lager <strong>nicht<\/strong> besuchen.<br \/>\nDas SS-Lager ist mit einem Zaun von der Gedenk\u00b7st\u00e4tte abgetrennt.<br \/>\nDurch den Zaun kann man einen Teil vom SS-Lager sehen.<\/p>\n<p><strong>Das SS-Lager fr\u00fcher<\/strong><br \/>\nDas SS-Lager war der gr\u00f6\u00dfte Teil vom KZ.<br \/>\nDas SS-Lager hatte 2 Bereiche.<br \/>\nDiese Bereiche waren:<\/p>\n<ul>\n<li>Der Kommandantur\u00b7bereich<\/li>\n<li>Das SS-\u00dcbungs\u00b7lager<\/li>\n<\/ul>\n<p><span style=\"color: #cc1800;\"><strong title=\"H\u00e4ftling ist ein anderes Wort f\u00fcr Gefangener.\">H\u00e4ftlinge<\/strong><\/span> aus dem <span style=\"color: #cc1800;\"><strong title=\"KZ ist die Abk\u00fcrzung f\u00fcr Konzentrations\u00b7lager.\">KZ<\/strong><\/span> mussten im SS-Lager arbeiten.<br \/>\nH\u00e4ftlinge mussten auf den Bau\u00b7stellen im SS-Lager arbeiten.<br \/>\nOder in den Betrieben im SS-Lager.<\/p>\n<p><strong>Der Kommandantur\u00b7bereich<\/strong><br \/>\nDer Kommandantur\u00b7bereich war neben dem H\u00e4ftlings\u00b7lager.<br \/>\nVon dem Kommandantur\u00b7bereich sind mehrere Geb\u00e4ude \u00fcbrig.<br \/>\n2 von den Geb\u00e4uden sind sichtbar.<br \/>\nLinks ist die ehemalige Lager\u00b7b\u00e4ckerei.<br \/>\nRechts ist die ehemalige Kommandantur.<br \/>\nDie Kommandantur war der Dienst\u00b7sitz vom KZ-Kommandant.<br \/>\nDer Dienst\u00b7sitz war das B\u00fcro vom KZ-Kommandant.<br \/>\nVon der Kommandantur aus hat der Kommandant das KZ geleitet.<br \/>\nDaf\u00fcr hatte der Kommandant Mitarbeiter.<br \/>\nDiese Mitarbeiter haben das KZ verwaltet.<br \/>\nUnd die Mitarbeiter haben das KZ organisiert.<br \/>\nDiese Mitarbeiter nennt man: Kommandatur\u00b7stab.<\/p>\n<p>Der Kommandantur\u00b7stab war f\u00fcr viele Verbrechen im KZ verantwortlich.<br \/>\nDer Kommandant hatte auch andere Mitarbeiter.<br \/>\nDiese Mitarbeiter haben die H\u00e4ftlinge bewacht.<br \/>\nDiese Mitarbeiter nennt man: Wach\u00b7truppen.<br \/>\nDie Wach\u00b7truppen haben die H\u00e4ftlinge im KZ zum Beispiel bei der Arbeit bewacht.<br \/>\nDaf\u00fcr hatten die Wach\u00b7truppen Waffen.<br \/>\nDie Wach\u00b7truppen waren im Kommandantur\u00b7bereich untergebracht.<\/p>\n<p><strong>Das SS-\u00dcbungs\u00b7lager<\/strong><br \/>\nHinter dem Kommandantur\u00b7bereich<br \/>\nwar das SS-\u00dcbungs\u00b7lager.<br \/>\nIn dem SS-\u00dcbungs\u00b7lager<br \/>\nwaren noch mehr <span style=\"color: #cc1800;\"><strong title=\"Viele SS-M\u00e4nner haben im KZ gearbeitet. Diese SS-M\u00e4nner hatten den Namen: Lager-SS. Die Lager-SS war zust\u00e4ndig f\u00fcr die Organisation des H\u00e4ftlings\u00b7lagers. Die Lager-SS hat die H\u00e4ftlinge bewacht. Und die H\u00e4ftlinge bestraft. Die Lager-SS hat auch viele H\u00e4ftlinge miss\u00b7handelt. Und viele H\u00e4ftlinge get\u00f6tet\">SS-M\u00e4nner<\/strong><\/span> untergebracht.<br \/>\nDiese SS-M\u00e4nner wurden im SS-\u00dcbungs\u00b7lager ausgebildet.<br \/>\nDie SS-M\u00e4nner wurden zum Beispiel auf den Krieg vorbereitet.<br \/>\nUnd die SS-M\u00e4nner wurden vorbereitet Menschen zu t\u00f6ten.<br \/>\nF\u00fcr die SS-M\u00e4nner waren alle H\u00e4ftlinge Feinde.<\/p>\n<p>In dem SS-\u00dcbungslager waren viele verschiedene Geb\u00e4ude.<br \/>\nZum Beispiel:<\/p>\n<ul>\n<li>Schulungs\u00b7einrichtungen<\/li>\n<li>Wohn\u00b7anlagen<\/li>\n<li>Verwaltungs\u00b7geb\u00e4ude<\/li>\n<li>Versorgungs\u00b7betriebe<\/li>\n<li>Wirtschafts\u00b7betriebe<\/li>\n<\/ul>\n","protected":false},"excerpt":{"rendered":"<p>Station 4 ist das SS-Lager. Heute kann man das fr\u00fchere SS-Lager nicht besuchen. Das SS-Lager ist mit einem Zaun von der Gedenk\u00b7st\u00e4tte abgetrennt. Durch den Zaun kann man einen Teil vom SS-Lager sehen. Das SS-Lager fr\u00fcher Das SS-Lager war der gr\u00f6\u00dfte Teil vom KZ. Das SS-Lager hatte 2 Bereiche. Diese Bereiche waren: Der Kommandantur\u00b7bereich Das&#8230; <a class=\"view-article\" href=\"https:\/\/www.kz-gedenkstaette-dachau.de\/dels\/historischer-ort\/virtueller-rundgang\/ss-lager\/\">Artikel anzeigen<\/a><\/p>\n","protected":false},"author":1,"featured_media":0,"parent":63630,"menu_order":400,"comment_status":"closed","ping_status":"closed","template":"page-virtueller_rundgang_unterseite.php","meta":{"_acf_changed":false,"footnotes":""},"class_list":["post-63645","page","type-page","status-publish","hentry"],"acf":[],"yoast_head":"<!-- This site is optimized with the Yoast SEO plugin v27.3 - https:\/\/yoast.com\/product\/yoast-seo-wordpress\/ -->\n<title>SS-Lager - KZ Gedenkst\u00e4tte Dachau<\/title>\n<meta name=\"robots\" content=\"index, follow, max-snippet:-1, max-image-preview:large, max-video-preview:-1\" \/>\n<link rel=\"canonical\" href=\"https:\/\/www.kz-gedenkstaette-dachau.de\/dels\/historischer-ort\/virtueller-rundgang\/ss-lager\/\" \/>\n<meta property=\"og:locale\" content=\"en_US\" \/>\n<meta property=\"og:type\" content=\"article\" \/>\n<meta property=\"og:title\" content=\"SS-Lager - KZ Gedenkst\u00e4tte Dachau\" \/>\n<meta property=\"og:description\" content=\"Station 4 ist das SS-Lager. Heute kann man das fr\u00fchere SS-Lager nicht besuchen. Das SS-Lager ist mit einem Zaun von der Gedenk\u00b7st\u00e4tte abgetrennt. Durch den Zaun kann man einen Teil vom SS-Lager sehen. Das SS-Lager fr\u00fcher Das SS-Lager war der gr\u00f6\u00dfte Teil vom KZ. Das SS-Lager hatte 2 Bereiche. Diese Bereiche waren: Der Kommandantur\u00b7bereich Das... Artikel anzeigen\" \/>\n<meta property=\"og:url\" content=\"https:\/\/www.kz-gedenkstaette-dachau.de\/dels\/historischer-ort\/virtueller-rundgang\/ss-lager\/\" \/>\n<meta property=\"og:site_name\" content=\"KZ Gedenkst\u00e4tte Dachau\" \/>\n<meta property=\"article:modified_time\" content=\"2020-03-31T11:33:06+00:00\" \/>\n<meta property=\"og:image\" content=\"https:\/\/www.kz-gedenkstaette-dachau.de\/wp-content\/uploads\/2018\/11\/ehem_kommandantur-250x147.jpg\" \/>\n<meta name=\"twitter:card\" content=\"summary_large_image\" \/>\n<meta name=\"twitter:label1\" content=\"Est. reading time\" \/>\n\t<meta name=\"twitter:data1\" content=\"2 minutes\" \/>\n<script type=\"application\/ld+json\" class=\"yoast-schema-graph\">{\"@context\":\"https:\\\/\\\/schema.org\",\"@graph\":[{\"@type\":\"WebPage\",\"@id\":\"https:\\\/\\\/www.kz-gedenkstaette-dachau.de\\\/dels\\\/historischer-ort\\\/virtueller-rundgang\\\/ss-lager\\\/\",\"url\":\"https:\\\/\\\/www.kz-gedenkstaette-dachau.de\\\/dels\\\/historischer-ort\\\/virtueller-rundgang\\\/ss-lager\\\/\",\"name\":\"SS-Lager - KZ Gedenkst\u00e4tte Dachau\",\"isPartOf\":{\"@id\":\"https:\\\/\\\/www.kz-gedenkstaette-dachau.de\\\/#website\"},\"primaryImageOfPage\":{\"@id\":\"https:\\\/\\\/www.kz-gedenkstaette-dachau.de\\\/dels\\\/historischer-ort\\\/virtueller-rundgang\\\/ss-lager\\\/#primaryimage\"},\"image\":{\"@id\":\"https:\\\/\\\/www.kz-gedenkstaette-dachau.de\\\/dels\\\/historischer-ort\\\/virtueller-rundgang\\\/ss-lager\\\/#primaryimage\"},\"thumbnailUrl\":\"https:\\\/\\\/www.kz-gedenkstaette-dachau.de\\\/wp-content\\\/uploads\\\/2018\\\/11\\\/ehem_kommandantur-250x147.jpg\",\"datePublished\":\"2018-09-04T10:34:47+00:00\",\"dateModified\":\"2020-03-31T11:33:06+00:00\",\"breadcrumb\":{\"@id\":\"https:\\\/\\\/www.kz-gedenkstaette-dachau.de\\\/dels\\\/historischer-ort\\\/virtueller-rundgang\\\/ss-lager\\\/#breadcrumb\"},\"inLanguage\":\"ls-DE\",\"potentialAction\":[{\"@type\":\"ReadAction\",\"target\":[\"https:\\\/\\\/www.kz-gedenkstaette-dachau.de\\\/dels\\\/historischer-ort\\\/virtueller-rundgang\\\/ss-lager\\\/\"]}]},{\"@type\":\"ImageObject\",\"inLanguage\":\"ls-DE\",\"@id\":\"https:\\\/\\\/www.kz-gedenkstaette-dachau.de\\\/dels\\\/historischer-ort\\\/virtueller-rundgang\\\/ss-lager\\\/#primaryimage\",\"url\":\"https:\\\/\\\/www.kz-gedenkstaette-dachau.de\\\/wp-content\\\/uploads\\\/2018\\\/11\\\/ehem_kommandantur-250x147.jpg\",\"contentUrl\":\"https:\\\/\\\/www.kz-gedenkstaette-dachau.de\\\/wp-content\\\/uploads\\\/2018\\\/11\\\/ehem_kommandantur-250x147.jpg\"},{\"@type\":\"BreadcrumbList\",\"@id\":\"https:\\\/\\\/www.kz-gedenkstaette-dachau.de\\\/dels\\\/historischer-ort\\\/virtueller-rundgang\\\/ss-lager\\\/#breadcrumb\",\"itemListElement\":[{\"@type\":\"ListItem\",\"position\":1,\"name\":\"Start\u00b7seite\",\"item\":\"https:\\\/\\\/www.kz-gedenkstaette-dachau.de\\\/dels\\\/\"},{\"@type\":\"ListItem\",\"position\":2,\"name\":\"Historischer Ort\",\"item\":\"https:\\\/\\\/www.kz-gedenkstaette-dachau.de\\\/dels\\\/historischer-ort\\\/\"},{\"@type\":\"ListItem\",\"position\":3,\"name\":\"Virtueller Rund\u00b7gang\",\"item\":\"https:\\\/\\\/www.kz-gedenkstaette-dachau.de\\\/dels\\\/historischer-ort\\\/virtueller-rundgang\\\/\"},{\"@type\":\"ListItem\",\"position\":4,\"name\":\"SS-Lager\"}]},{\"@type\":\"WebSite\",\"@id\":\"https:\\\/\\\/www.kz-gedenkstaette-dachau.de\\\/#website\",\"url\":\"https:\\\/\\\/www.kz-gedenkstaette-dachau.de\\\/\",\"name\":\"KZ Gedenkst\u00e4tte Dachau\",\"description\":\"\",\"potentialAction\":[{\"@type\":\"SearchAction\",\"target\":{\"@type\":\"EntryPoint\",\"urlTemplate\":\"https:\\\/\\\/www.kz-gedenkstaette-dachau.de\\\/?s={search_term_string}\"},\"query-input\":{\"@type\":\"PropertyValueSpecification\",\"valueRequired\":true,\"valueName\":\"search_term_string\"}}],\"inLanguage\":\"ls-DE\"}]}<\/script>\n<!-- \/ Yoast SEO plugin. -->","yoast_head_json":{"title":"SS-Lager - KZ Gedenkst\u00e4tte Dachau","robots":{"index":"index","follow":"follow","max-snippet":"max-snippet:-1","max-image-preview":"max-image-preview:large","max-video-preview":"max-video-preview:-1"},"canonical":"https:\/\/www.kz-gedenkstaette-dachau.de\/dels\/historischer-ort\/virtueller-rundgang\/ss-lager\/","og_locale":"en_US","og_type":"article","og_title":"SS-Lager - KZ Gedenkst\u00e4tte Dachau","og_description":"Station 4 ist das SS-Lager. Heute kann man das fr\u00fchere SS-Lager nicht besuchen. Das SS-Lager ist mit einem Zaun von der Gedenk\u00b7st\u00e4tte abgetrennt. Durch den Zaun kann man einen Teil vom SS-Lager sehen. Das SS-Lager fr\u00fcher Das SS-Lager war der gr\u00f6\u00dfte Teil vom KZ. Das SS-Lager hatte 2 Bereiche. Diese Bereiche waren: Der Kommandantur\u00b7bereich Das... Artikel anzeigen","og_url":"https:\/\/www.kz-gedenkstaette-dachau.de\/dels\/historischer-ort\/virtueller-rundgang\/ss-lager\/","og_site_name":"KZ Gedenkst\u00e4tte Dachau","article_modified_time":"2020-03-31T11:33:06+00:00","og_image":[{"url":"https:\/\/www.kz-gedenkstaette-dachau.de\/wp-content\/uploads\/2018\/11\/ehem_kommandantur-250x147.jpg","type":"","width":"","height":""}],"twitter_card":"summary_large_image","twitter_misc":{"Est. reading time":"2 minutes"},"schema":{"@context":"https:\/\/schema.org","@graph":[{"@type":"WebPage","@id":"https:\/\/www.kz-gedenkstaette-dachau.de\/dels\/historischer-ort\/virtueller-rundgang\/ss-lager\/","url":"https:\/\/www.kz-gedenkstaette-dachau.de\/dels\/historischer-ort\/virtueller-rundgang\/ss-lager\/","name":"SS-Lager - KZ Gedenkst\u00e4tte Dachau","isPartOf":{"@id":"https:\/\/www.kz-gedenkstaette-dachau.de\/#website"},"primaryImageOfPage":{"@id":"https:\/\/www.kz-gedenkstaette-dachau.de\/dels\/historischer-ort\/virtueller-rundgang\/ss-lager\/#primaryimage"},"image":{"@id":"https:\/\/www.kz-gedenkstaette-dachau.de\/dels\/historischer-ort\/virtueller-rundgang\/ss-lager\/#primaryimage"},"thumbnailUrl":"https:\/\/www.kz-gedenkstaette-dachau.de\/wp-content\/uploads\/2018\/11\/ehem_kommandantur-250x147.jpg","datePublished":"2018-09-04T10:34:47+00:00","dateModified":"2020-03-31T11:33:06+00:00","breadcrumb":{"@id":"https:\/\/www.kz-gedenkstaette-dachau.de\/dels\/historischer-ort\/virtueller-rundgang\/ss-lager\/#breadcrumb"},"inLanguage":"ls-DE","potentialAction":[{"@type":"ReadAction","target":["https:\/\/www.kz-gedenkstaette-dachau.de\/dels\/historischer-ort\/virtueller-rundgang\/ss-lager\/"]}]},{"@type":"ImageObject","inLanguage":"ls-DE","@id":"https:\/\/www.kz-gedenkstaette-dachau.de\/dels\/historischer-ort\/virtueller-rundgang\/ss-lager\/#primaryimage","url":"https:\/\/www.kz-gedenkstaette-dachau.de\/wp-content\/uploads\/2018\/11\/ehem_kommandantur-250x147.jpg","contentUrl":"https:\/\/www.kz-gedenkstaette-dachau.de\/wp-content\/uploads\/2018\/11\/ehem_kommandantur-250x147.jpg"},{"@type":"BreadcrumbList","@id":"https:\/\/www.kz-gedenkstaette-dachau.de\/dels\/historischer-ort\/virtueller-rundgang\/ss-lager\/#breadcrumb","itemListElement":[{"@type":"ListItem","position":1,"name":"Start\u00b7seite","item":"https:\/\/www.kz-gedenkstaette-dachau.de\/dels\/"},{"@type":"ListItem","position":2,"name":"Historischer Ort","item":"https:\/\/www.kz-gedenkstaette-dachau.de\/dels\/historischer-ort\/"},{"@type":"ListItem","position":3,"name":"Virtueller Rund\u00b7gang","item":"https:\/\/www.kz-gedenkstaette-dachau.de\/dels\/historischer-ort\/virtueller-rundgang\/"},{"@type":"ListItem","position":4,"name":"SS-Lager"}]},{"@type":"WebSite","@id":"https:\/\/www.kz-gedenkstaette-dachau.de\/#website","url":"https:\/\/www.kz-gedenkstaette-dachau.de\/","name":"KZ Gedenkst\u00e4tte Dachau","description":"","potentialAction":[{"@type":"SearchAction","target":{"@type":"EntryPoint","urlTemplate":"https:\/\/www.kz-gedenkstaette-dachau.de\/?s={search_term_string}"},"query-input":{"@type":"PropertyValueSpecification","valueRequired":true,"valueName":"search_term_string"}}],"inLanguage":"ls-DE"}]}},"_links":{"self":[{"href":"https:\/\/www.kz-gedenkstaette-dachau.de\/dels\/wp-json\/wp\/v2\/pages\/63645","targetHints":{"allow":["GET"]}}],"collection":[{"href":"https:\/\/www.kz-gedenkstaette-dachau.de\/dels\/wp-json\/wp\/v2\/pages"}],"about":[{"href":"https:\/\/www.kz-gedenkstaette-dachau.de\/dels\/wp-json\/wp\/v2\/types\/page"}],"author":[{"embeddable":true,"href":"https:\/\/www.kz-gedenkstaette-dachau.de\/dels\/wp-json\/wp\/v2\/users\/1"}],"replies":[{"embeddable":true,"href":"https:\/\/www.kz-gedenkstaette-dachau.de\/dels\/wp-json\/wp\/v2\/comments?post=63645"}],"version-history":[{"count":0,"href":"https:\/\/www.kz-gedenkstaette-dachau.de\/dels\/wp-json\/wp\/v2\/pages\/63645\/revisions"}],"up":[{"embeddable":true,"href":"https:\/\/www.kz-gedenkstaette-dachau.de\/dels\/wp-json\/wp\/v2\/pages\/63630"}],"wp:attachment":[{"href":"https:\/\/www.kz-gedenkstaette-dachau.de\/dels\/wp-json\/wp\/v2\/media?parent=63645"}],"curies":[{"name":"wp","href":"https:\/\/api.w.org\/{rel}","templated":true}]}}