{"id":63656,"date":"2018-09-04T12:38:10","date_gmt":"2018-09-04T10:38:10","guid":{"rendered":"https:\/\/www.kz-gedenkstaette-dachau.de\/historischer-ort\/virtueller-rundgang\/wirtschaftsgebaeude\/"},"modified":"2020-03-31T14:11:20","modified_gmt":"2020-03-31T12:11:20","slug":"wirtschaftsgebaeude","status":"publish","type":"page","link":"https:\/\/www.kz-gedenkstaette-dachau.de\/dels\/historischer-ort\/virtueller-rundgang\/wirtschaftsgebaeude\/","title":{"rendered":"Wirtschafts\u00b7geb\u00e4ude (Haupt\u00b7ausstellung)"},"content":{"rendered":"<div id=\"attachment_63657\" style=\"width: 710px\" class=\"wp-caption alignnone\"><img loading=\"lazy\" decoding=\"async\" aria-describedby=\"caption-attachment-63657\" class=\"wp-image-63657\" src=\"https:\/\/www.kz-gedenkstaette-dachau.de\/wp-content\/uploads\/2018\/11\/ehem_wirtschaftsgebaeude-250x147.jpg\" alt=\"Das ehemalige Wirtschafts\u00b7geb\u00e4ude. In der Mitte: Das Internationale Mahn\u00b7mal. Das Foto ist von 2017. (KZ-Gedenk\u00b7st\u00e4tte Dachau)\" width=\"700\" height=\"413\" srcset=\"https:\/\/www.kz-gedenkstaette-dachau.de\/wp-content\/uploads\/2018\/11\/ehem_wirtschaftsgebaeude-250x147.jpg 250w, https:\/\/www.kz-gedenkstaette-dachau.de\/wp-content\/uploads\/2018\/11\/ehem_wirtschaftsgebaeude-768x453.jpg 768w, https:\/\/www.kz-gedenkstaette-dachau.de\/wp-content\/uploads\/2018\/11\/ehem_wirtschaftsgebaeude-700x413.jpg 700w, https:\/\/www.kz-gedenkstaette-dachau.de\/wp-content\/uploads\/2018\/11\/ehem_wirtschaftsgebaeude-120x71.jpg 120w, https:\/\/www.kz-gedenkstaette-dachau.de\/wp-content\/uploads\/2018\/11\/ehem_wirtschaftsgebaeude.jpg 1120w\" sizes=\"auto, (max-width: 700px) 100vw, 700px\" \/><p id=\"caption-attachment-63657\" class=\"wp-caption-text\"><small>Das ehemalige Wirtschafts\u00b7geb\u00e4ude.<br \/>In der Mitte: Das Internationale Mahn\u00b7mal.<br \/>Das Foto ist von 2017.<br \/>(KZ-Gedenk\u00b7st\u00e4tte Dachau)<small><\/p><\/div>\n<p>Station 7 ist das Wirtschafts\u00b7geb\u00e4ude.<\/p>\n<p><strong>Das Wirtschafts\u00b7geb\u00e4ude heute<\/strong><br \/>\nIm ehemaligen Wirtschafts\u00b7geb\u00e4ude<br \/>\nist die Haupt\u00b7ausstellung von der Gedenk\u00b7st\u00e4tte.<br \/>\nDie Ausstellung erz\u00e4hlt die Geschichte vom <span style=\"color: #cc1800;\"><strong title=\"KZ ist die Abk\u00fcrzung f\u00fcr Konzentrations\u00b7lager.\">KZ<\/strong><\/span> Dachau.<br \/>\nUnd die Ausstellung erz\u00e4hlt von den <span style=\"color: #cc1800;\"><strong title=\"H\u00e4ftling ist ein anderes Wort f\u00fcr Gefangener.\">H\u00e4ftlingen<\/strong><\/span> im KZ Dachau.<br \/>\nIm ehemaligen Wirtschafts\u00b7geb\u00e4ude gibt es verschiedene R\u00e4ume.<br \/>\nDiese R\u00e4ume hei\u00dfen:<\/p>\n<ul>\n<li>Gedenk\u00b7raum<br \/>\nInformationen zum Gedenk\u00b7raum<br \/>\nfinden Sie bei <a href=\"https:\/\/www.kz-gedenkstaette-dachau.de\/dels\/historischer-ort\/virtueller-rundgang\/gedenkraum\/\">Station 15<\/a><\/li>\n<li>Sonder\u00b7ausstellungs\u00b7raum<\/li>\n<li>Verwaltung<\/li>\n<li><a href=\"https:\/\/www.kz-gedenkstaette-dachau.de\/dels\/forschung-und-sammlung\/archiv\/\">Archiv<\/a><\/li>\n<li><a href=\"https:\/\/www.kz-gedenkstaette-dachau.de\/dels\/forschung-und-sammlung\/bibliothek\/\">Bibliothek<\/a><\/li>\n<\/ul>\n<p><strong>Das Wirtschafts\u00b7geb\u00e4ude fr\u00fcher<\/strong><br \/>\nVon 1937 bis 1938 wurde das <span style=\"color: #cc1800;\"><strong title=\"Das H\u00e4ftlings\u00b7lager war wie ein Gef\u00e4ngnis. Das H\u00e4ftlings\u00b7lager war ein Teil vom KZ Dachau. Im H\u00e4ftlings\u00b7lager waren die H\u00e4ftlinge eingesperrt. Die SS hat die H\u00e4ftlinge kontrolliert. Und die SS hat die H\u00e4ftlinge isoliert. Die H\u00e4ftlinge hatten keine Privatsph\u00e4re.\">H\u00e4ftlings\u00b7lager<\/strong><\/span> vergr\u00f6\u00dfert.<br \/>\nDeshalb wurde auch das Wirtschafts\u00b7geb\u00e4ude gebaut.<br \/>\nDas Wirtschafts\u00b7geb\u00e4ude hatte verschiedene Funktionen.<br \/>\nIn dem Wirtschafts\u00b7geb\u00e4ude waren:<\/p>\n<ul>\n<li>Werkst\u00e4tten<\/li>\n<li>Lager\u00b7r\u00e4ume<\/li>\n<li>Funktions\u00b7r\u00e4ume<\/li>\n<\/ul>\n<p>Viele H\u00e4ftlinge mussten im Wirtschafts\u00b7geb\u00e4ude arbeiten.<br \/>\nDiese H\u00e4ftlinge mussten arbeiten als:<\/p>\n<ul>\n<li>Schlosser<\/li>\n<li>Elektriker<\/li>\n<li>Maler<\/li>\n<li>Installateure<\/li>\n<\/ul>\n<p>H\u00e4ftlinge mussten auch in der W\u00e4scherei arbeiten.<br \/>\nOder in der H\u00e4ftlings\u00b7k\u00fcche.<\/p>\n<p><strong>Das Zitat auf dem Wirtschafts\u00b7geb\u00e4ude<\/strong><br \/>\n1939 wurde auf das Dach vom Wirtschafts\u00b7geb\u00e4ude etwas geschrieben.<br \/>\nAuf das Dach vom Wirtschafts\u00b7geb\u00e4ude wurde ein Zitat geschrieben.<br \/>\nDas Zitat konnte man vom Appell\u00b7platz aus lesen.<\/p>\n<p>Das Zitat war von <span style=\"color: #cc1800;\"><strong title=\"Heinrich Himmler war ein m\u00e4chtiger Mann im NS-Regime. Heinrich Himmler war zum Beispiel der Chef von der SS. Deshalb hatte Himmler auch die Kontrolle \u00fcber die KZ. Und Heinrich Himmler war der Chef von der Deutschen Polizei. Im Deutschen Reich sind alle Menschen \u00fcberwacht worden. Und viele Menschen sind verfolgt worden. Und festgenommen worden. Und get\u00f6tet worden. Daf\u00fcr war Heinrich Himmel verantwortlich.\">Heinrich Himmler<\/strong><\/span>.<br \/>\nDas Zitat sagt:<br \/>\nMan kann frei sein.<br \/>\nAber daf\u00fcr muss man etwas tun.<br \/>\nDaf\u00fcr muss man zum Beispiel gehorsam sein.<br \/>\nUnd man muss Opfer bringen.<br \/>\nUnd man muss sein Vater\u00b7land lieben.<\/p>\n<p>Mit dem Zitat hat Himmler die H\u00e4ftlinge verh\u00f6hnt.<br \/>\nDie Situation f\u00fcr die H\u00e4ftlinge war n\u00e4mlich hoffnungslos.<br \/>\nNach dem Anfang vom <span style=\"color: #cc1800;\"><strong title=\"Der 2. Welt\u00b7krieg war von 1939 bis 1945. Das NS-Regime hat den 2. Welt\u00b7krieg angefangen. Das NS-Regime hat n\u00e4mlich andere L\u00e4nder angegriffen. Und andere L\u00e4nder besetzt. Am 2. Welt\u00b7krieg waren viele L\u00e4nder in Europa beteiligt. Und viele L\u00e4nder aus der ganzen Welt. Der 2. Welt\u00b7krieg war der schlimmste Krieg der Geschichte. Sehr viele Menschen sind im 2. Welt\u00b7krieg gestorben. Es waren mehrere Millionen Menschen.\">2. Welt\u00b7krieg<\/strong><\/span><br \/>\nwurden nur noch ganz wenige H\u00e4ftlinge entlassen.<\/p>\n","protected":false},"excerpt":{"rendered":"<p>Station 7 ist das Wirtschafts\u00b7geb\u00e4ude. Das Wirtschafts\u00b7geb\u00e4ude heute Im ehemaligen Wirtschafts\u00b7geb\u00e4ude ist die Haupt\u00b7ausstellung von der Gedenk\u00b7st\u00e4tte. Die Ausstellung erz\u00e4hlt die Geschichte vom KZ Dachau. Und die Ausstellung erz\u00e4hlt von den H\u00e4ftlingen im KZ Dachau. Im ehemaligen Wirtschafts\u00b7geb\u00e4ude gibt es verschiedene R\u00e4ume. Diese R\u00e4ume hei\u00dfen: Gedenk\u00b7raum Informationen zum Gedenk\u00b7raum finden Sie bei Station 15 Sonder\u00b7ausstellungs\u00b7raum&#8230; <a class=\"view-article\" href=\"https:\/\/www.kz-gedenkstaette-dachau.de\/dels\/historischer-ort\/virtueller-rundgang\/wirtschaftsgebaeude\/\">Artikel anzeigen<\/a><\/p>\n","protected":false},"author":1,"featured_media":0,"parent":63630,"menu_order":700,"comment_status":"closed","ping_status":"closed","template":"page-virtueller_rundgang_unterseite.php","meta":{"_acf_changed":false,"footnotes":""},"class_list":["post-63656","page","type-page","status-publish","hentry"],"acf":[],"yoast_head":"<!-- This site is optimized with the Yoast SEO plugin v27.4 - https:\/\/yoast.com\/product\/yoast-seo-wordpress\/ -->\n<title>Wirtschafts\u00b7geb\u00e4ude (Haupt\u00b7ausstellung) - KZ Gedenkst\u00e4tte Dachau<\/title>\n<meta name=\"robots\" content=\"index, follow, max-snippet:-1, max-image-preview:large, max-video-preview:-1\" \/>\n<link rel=\"canonical\" href=\"https:\/\/www.kz-gedenkstaette-dachau.de\/dels\/historischer-ort\/virtueller-rundgang\/wirtschaftsgebaeude\/\" \/>\n<meta property=\"og:locale\" content=\"en_US\" \/>\n<meta property=\"og:type\" content=\"article\" \/>\n<meta property=\"og:title\" content=\"Wirtschafts\u00b7geb\u00e4ude (Haupt\u00b7ausstellung) - KZ Gedenkst\u00e4tte Dachau\" \/>\n<meta property=\"og:description\" content=\"Station 7 ist das Wirtschafts\u00b7geb\u00e4ude. Das Wirtschafts\u00b7geb\u00e4ude heute Im ehemaligen Wirtschafts\u00b7geb\u00e4ude ist die Haupt\u00b7ausstellung von der Gedenk\u00b7st\u00e4tte. Die Ausstellung erz\u00e4hlt die Geschichte vom KZ Dachau. Und die Ausstellung erz\u00e4hlt von den H\u00e4ftlingen im KZ Dachau. Im ehemaligen Wirtschafts\u00b7geb\u00e4ude gibt es verschiedene R\u00e4ume. Diese R\u00e4ume hei\u00dfen: Gedenk\u00b7raum Informationen zum Gedenk\u00b7raum finden Sie bei Station 15 Sonder\u00b7ausstellungs\u00b7raum... Artikel anzeigen\" \/>\n<meta property=\"og:url\" content=\"https:\/\/www.kz-gedenkstaette-dachau.de\/dels\/historischer-ort\/virtueller-rundgang\/wirtschaftsgebaeude\/\" \/>\n<meta property=\"og:site_name\" content=\"KZ Gedenkst\u00e4tte Dachau\" \/>\n<meta property=\"article:modified_time\" content=\"2020-03-31T12:11:20+00:00\" \/>\n<meta property=\"og:image\" content=\"https:\/\/www.kz-gedenkstaette-dachau.de\/wp-content\/uploads\/2018\/11\/ehem_wirtschaftsgebaeude-250x147.jpg\" \/>\n<meta name=\"twitter:card\" content=\"summary_large_image\" \/>\n<meta name=\"twitter:label1\" content=\"Est. reading time\" \/>\n\t<meta name=\"twitter:data1\" content=\"1 minute\" \/>\n<script type=\"application\/ld+json\" class=\"yoast-schema-graph\">{\"@context\":\"https:\\\/\\\/schema.org\",\"@graph\":[{\"@type\":\"WebPage\",\"@id\":\"https:\\\/\\\/www.kz-gedenkstaette-dachau.de\\\/dels\\\/historischer-ort\\\/virtueller-rundgang\\\/wirtschaftsgebaeude\\\/\",\"url\":\"https:\\\/\\\/www.kz-gedenkstaette-dachau.de\\\/dels\\\/historischer-ort\\\/virtueller-rundgang\\\/wirtschaftsgebaeude\\\/\",\"name\":\"Wirtschafts\u00b7geb\u00e4ude (Haupt\u00b7ausstellung) - KZ Gedenkst\u00e4tte Dachau\",\"isPartOf\":{\"@id\":\"https:\\\/\\\/www.kz-gedenkstaette-dachau.de\\\/#website\"},\"primaryImageOfPage\":{\"@id\":\"https:\\\/\\\/www.kz-gedenkstaette-dachau.de\\\/dels\\\/historischer-ort\\\/virtueller-rundgang\\\/wirtschaftsgebaeude\\\/#primaryimage\"},\"image\":{\"@id\":\"https:\\\/\\\/www.kz-gedenkstaette-dachau.de\\\/dels\\\/historischer-ort\\\/virtueller-rundgang\\\/wirtschaftsgebaeude\\\/#primaryimage\"},\"thumbnailUrl\":\"https:\\\/\\\/www.kz-gedenkstaette-dachau.de\\\/wp-content\\\/uploads\\\/2018\\\/11\\\/ehem_wirtschaftsgebaeude-250x147.jpg\",\"datePublished\":\"2018-09-04T10:38:10+00:00\",\"dateModified\":\"2020-03-31T12:11:20+00:00\",\"breadcrumb\":{\"@id\":\"https:\\\/\\\/www.kz-gedenkstaette-dachau.de\\\/dels\\\/historischer-ort\\\/virtueller-rundgang\\\/wirtschaftsgebaeude\\\/#breadcrumb\"},\"inLanguage\":\"ls-DE\",\"potentialAction\":[{\"@type\":\"ReadAction\",\"target\":[\"https:\\\/\\\/www.kz-gedenkstaette-dachau.de\\\/dels\\\/historischer-ort\\\/virtueller-rundgang\\\/wirtschaftsgebaeude\\\/\"]}]},{\"@type\":\"ImageObject\",\"inLanguage\":\"ls-DE\",\"@id\":\"https:\\\/\\\/www.kz-gedenkstaette-dachau.de\\\/dels\\\/historischer-ort\\\/virtueller-rundgang\\\/wirtschaftsgebaeude\\\/#primaryimage\",\"url\":\"https:\\\/\\\/www.kz-gedenkstaette-dachau.de\\\/wp-content\\\/uploads\\\/2018\\\/11\\\/ehem_wirtschaftsgebaeude-250x147.jpg\",\"contentUrl\":\"https:\\\/\\\/www.kz-gedenkstaette-dachau.de\\\/wp-content\\\/uploads\\\/2018\\\/11\\\/ehem_wirtschaftsgebaeude-250x147.jpg\"},{\"@type\":\"BreadcrumbList\",\"@id\":\"https:\\\/\\\/www.kz-gedenkstaette-dachau.de\\\/dels\\\/historischer-ort\\\/virtueller-rundgang\\\/wirtschaftsgebaeude\\\/#breadcrumb\",\"itemListElement\":[{\"@type\":\"ListItem\",\"position\":1,\"name\":\"Start\u00b7seite\",\"item\":\"https:\\\/\\\/www.kz-gedenkstaette-dachau.de\\\/dels\\\/\"},{\"@type\":\"ListItem\",\"position\":2,\"name\":\"Historischer Ort\",\"item\":\"https:\\\/\\\/www.kz-gedenkstaette-dachau.de\\\/dels\\\/historischer-ort\\\/\"},{\"@type\":\"ListItem\",\"position\":3,\"name\":\"Virtueller Rund\u00b7gang\",\"item\":\"https:\\\/\\\/www.kz-gedenkstaette-dachau.de\\\/dels\\\/historischer-ort\\\/virtueller-rundgang\\\/\"},{\"@type\":\"ListItem\",\"position\":4,\"name\":\"Wirtschafts\u00b7geb\u00e4ude (Haupt\u00b7ausstellung)\"}]},{\"@type\":\"WebSite\",\"@id\":\"https:\\\/\\\/www.kz-gedenkstaette-dachau.de\\\/#website\",\"url\":\"https:\\\/\\\/www.kz-gedenkstaette-dachau.de\\\/\",\"name\":\"KZ Gedenkst\u00e4tte Dachau\",\"description\":\"\",\"potentialAction\":[{\"@type\":\"SearchAction\",\"target\":{\"@type\":\"EntryPoint\",\"urlTemplate\":\"https:\\\/\\\/www.kz-gedenkstaette-dachau.de\\\/?s={search_term_string}\"},\"query-input\":{\"@type\":\"PropertyValueSpecification\",\"valueRequired\":true,\"valueName\":\"search_term_string\"}}],\"inLanguage\":\"ls-DE\"}]}<\/script>\n<!-- \/ Yoast SEO plugin. -->","yoast_head_json":{"title":"Wirtschafts\u00b7geb\u00e4ude (Haupt\u00b7ausstellung) - KZ Gedenkst\u00e4tte Dachau","robots":{"index":"index","follow":"follow","max-snippet":"max-snippet:-1","max-image-preview":"max-image-preview:large","max-video-preview":"max-video-preview:-1"},"canonical":"https:\/\/www.kz-gedenkstaette-dachau.de\/dels\/historischer-ort\/virtueller-rundgang\/wirtschaftsgebaeude\/","og_locale":"en_US","og_type":"article","og_title":"Wirtschafts\u00b7geb\u00e4ude (Haupt\u00b7ausstellung) - KZ Gedenkst\u00e4tte Dachau","og_description":"Station 7 ist das Wirtschafts\u00b7geb\u00e4ude. Das Wirtschafts\u00b7geb\u00e4ude heute Im ehemaligen Wirtschafts\u00b7geb\u00e4ude ist die Haupt\u00b7ausstellung von der Gedenk\u00b7st\u00e4tte. Die Ausstellung erz\u00e4hlt die Geschichte vom KZ Dachau. Und die Ausstellung erz\u00e4hlt von den H\u00e4ftlingen im KZ Dachau. Im ehemaligen Wirtschafts\u00b7geb\u00e4ude gibt es verschiedene R\u00e4ume. Diese R\u00e4ume hei\u00dfen: Gedenk\u00b7raum Informationen zum Gedenk\u00b7raum finden Sie bei Station 15 Sonder\u00b7ausstellungs\u00b7raum... Artikel anzeigen","og_url":"https:\/\/www.kz-gedenkstaette-dachau.de\/dels\/historischer-ort\/virtueller-rundgang\/wirtschaftsgebaeude\/","og_site_name":"KZ Gedenkst\u00e4tte Dachau","article_modified_time":"2020-03-31T12:11:20+00:00","og_image":[{"url":"https:\/\/www.kz-gedenkstaette-dachau.de\/wp-content\/uploads\/2018\/11\/ehem_wirtschaftsgebaeude-250x147.jpg","type":"","width":"","height":""}],"twitter_card":"summary_large_image","twitter_misc":{"Est. reading time":"1 minute"},"schema":{"@context":"https:\/\/schema.org","@graph":[{"@type":"WebPage","@id":"https:\/\/www.kz-gedenkstaette-dachau.de\/dels\/historischer-ort\/virtueller-rundgang\/wirtschaftsgebaeude\/","url":"https:\/\/www.kz-gedenkstaette-dachau.de\/dels\/historischer-ort\/virtueller-rundgang\/wirtschaftsgebaeude\/","name":"Wirtschafts\u00b7geb\u00e4ude (Haupt\u00b7ausstellung) - KZ Gedenkst\u00e4tte Dachau","isPartOf":{"@id":"https:\/\/www.kz-gedenkstaette-dachau.de\/#website"},"primaryImageOfPage":{"@id":"https:\/\/www.kz-gedenkstaette-dachau.de\/dels\/historischer-ort\/virtueller-rundgang\/wirtschaftsgebaeude\/#primaryimage"},"image":{"@id":"https:\/\/www.kz-gedenkstaette-dachau.de\/dels\/historischer-ort\/virtueller-rundgang\/wirtschaftsgebaeude\/#primaryimage"},"thumbnailUrl":"https:\/\/www.kz-gedenkstaette-dachau.de\/wp-content\/uploads\/2018\/11\/ehem_wirtschaftsgebaeude-250x147.jpg","datePublished":"2018-09-04T10:38:10+00:00","dateModified":"2020-03-31T12:11:20+00:00","breadcrumb":{"@id":"https:\/\/www.kz-gedenkstaette-dachau.de\/dels\/historischer-ort\/virtueller-rundgang\/wirtschaftsgebaeude\/#breadcrumb"},"inLanguage":"ls-DE","potentialAction":[{"@type":"ReadAction","target":["https:\/\/www.kz-gedenkstaette-dachau.de\/dels\/historischer-ort\/virtueller-rundgang\/wirtschaftsgebaeude\/"]}]},{"@type":"ImageObject","inLanguage":"ls-DE","@id":"https:\/\/www.kz-gedenkstaette-dachau.de\/dels\/historischer-ort\/virtueller-rundgang\/wirtschaftsgebaeude\/#primaryimage","url":"https:\/\/www.kz-gedenkstaette-dachau.de\/wp-content\/uploads\/2018\/11\/ehem_wirtschaftsgebaeude-250x147.jpg","contentUrl":"https:\/\/www.kz-gedenkstaette-dachau.de\/wp-content\/uploads\/2018\/11\/ehem_wirtschaftsgebaeude-250x147.jpg"},{"@type":"BreadcrumbList","@id":"https:\/\/www.kz-gedenkstaette-dachau.de\/dels\/historischer-ort\/virtueller-rundgang\/wirtschaftsgebaeude\/#breadcrumb","itemListElement":[{"@type":"ListItem","position":1,"name":"Start\u00b7seite","item":"https:\/\/www.kz-gedenkstaette-dachau.de\/dels\/"},{"@type":"ListItem","position":2,"name":"Historischer Ort","item":"https:\/\/www.kz-gedenkstaette-dachau.de\/dels\/historischer-ort\/"},{"@type":"ListItem","position":3,"name":"Virtueller Rund\u00b7gang","item":"https:\/\/www.kz-gedenkstaette-dachau.de\/dels\/historischer-ort\/virtueller-rundgang\/"},{"@type":"ListItem","position":4,"name":"Wirtschafts\u00b7geb\u00e4ude (Haupt\u00b7ausstellung)"}]},{"@type":"WebSite","@id":"https:\/\/www.kz-gedenkstaette-dachau.de\/#website","url":"https:\/\/www.kz-gedenkstaette-dachau.de\/","name":"KZ Gedenkst\u00e4tte Dachau","description":"","potentialAction":[{"@type":"SearchAction","target":{"@type":"EntryPoint","urlTemplate":"https:\/\/www.kz-gedenkstaette-dachau.de\/?s={search_term_string}"},"query-input":{"@type":"PropertyValueSpecification","valueRequired":true,"valueName":"search_term_string"}}],"inLanguage":"ls-DE"}]}},"_links":{"self":[{"href":"https:\/\/www.kz-gedenkstaette-dachau.de\/dels\/wp-json\/wp\/v2\/pages\/63656","targetHints":{"allow":["GET"]}}],"collection":[{"href":"https:\/\/www.kz-gedenkstaette-dachau.de\/dels\/wp-json\/wp\/v2\/pages"}],"about":[{"href":"https:\/\/www.kz-gedenkstaette-dachau.de\/dels\/wp-json\/wp\/v2\/types\/page"}],"author":[{"embeddable":true,"href":"https:\/\/www.kz-gedenkstaette-dachau.de\/dels\/wp-json\/wp\/v2\/users\/1"}],"replies":[{"embeddable":true,"href":"https:\/\/www.kz-gedenkstaette-dachau.de\/dels\/wp-json\/wp\/v2\/comments?post=63656"}],"version-history":[{"count":0,"href":"https:\/\/www.kz-gedenkstaette-dachau.de\/dels\/wp-json\/wp\/v2\/pages\/63656\/revisions"}],"up":[{"embeddable":true,"href":"https:\/\/www.kz-gedenkstaette-dachau.de\/dels\/wp-json\/wp\/v2\/pages\/63630"}],"wp:attachment":[{"href":"https:\/\/www.kz-gedenkstaette-dachau.de\/dels\/wp-json\/wp\/v2\/media?parent=63656"}],"curies":[{"name":"wp","href":"https:\/\/api.w.org\/{rel}","templated":true}]}}