{"id":63660,"date":"2018-09-04T12:39:10","date_gmt":"2018-09-04T10:39:10","guid":{"rendered":"https:\/\/www.kz-gedenkstaette-dachau.de\/historischer-ort\/virtueller-rundgang\/schubraum\/"},"modified":"2020-03-31T14:20:02","modified_gmt":"2020-03-31T12:20:02","slug":"schubraum","status":"publish","type":"page","link":"https:\/\/www.kz-gedenkstaette-dachau.de\/dels\/historischer-ort\/virtueller-rundgang\/schubraum\/","title":{"rendered":"Schub\u00b7raum"},"content":{"rendered":"<div id=\"attachment_63661\" style=\"width: 710px\" class=\"wp-caption alignnone\"><img loading=\"lazy\" decoding=\"async\" aria-describedby=\"caption-attachment-63661\" class=\"wp-image-63661\" src=\"https:\/\/www.kz-gedenkstaette-dachau.de\/wp-content\/uploads\/2018\/11\/ehem_schubraum-250x147.jpg\" alt=\"Der ehemalige Schub\u00b7raum. Das Foto ist von 2017. (KZ-Gedenk\u00b7st\u00e4tte Dachau)\" width=\"700\" height=\"413\" srcset=\"https:\/\/www.kz-gedenkstaette-dachau.de\/wp-content\/uploads\/2018\/11\/ehem_schubraum-250x147.jpg 250w, https:\/\/www.kz-gedenkstaette-dachau.de\/wp-content\/uploads\/2018\/11\/ehem_schubraum-768x453.jpg 768w, https:\/\/www.kz-gedenkstaette-dachau.de\/wp-content\/uploads\/2018\/11\/ehem_schubraum-700x413.jpg 700w, https:\/\/www.kz-gedenkstaette-dachau.de\/wp-content\/uploads\/2018\/11\/ehem_schubraum-120x71.jpg 120w, https:\/\/www.kz-gedenkstaette-dachau.de\/wp-content\/uploads\/2018\/11\/ehem_schubraum.jpg 1120w\" sizes=\"auto, (max-width: 700px) 100vw, 700px\" \/><p id=\"caption-attachment-63661\" class=\"wp-caption-text\"><small>Der ehemalige Schub\u00b7raum.<br \/>Das Foto ist von 2017.<br \/>(KZ-Gedenk\u00b7st\u00e4tte Dachau)<small><\/p><\/div>\n<p>Station 7.1 ist der Schub\u00b7raum.<br \/>\nDer Schub\u00b7raum war im Wirtschafts\u00b7geb\u00e4ude.<br \/>\nDas Wort Schub\u00b7raum kommt von dem Wort: Schub.<br \/>\nSchub bedeutet: Gefangenen\u00b7transport.<\/p>\n<p><strong>Der Schub\u00b7raum fr\u00fcher<\/strong><br \/>\nIm Schub\u00b7raum wurden fr\u00fcher die neuen <span style=\"color: #cc1800;\"><strong title=\"H\u00e4ftling ist ein anderes Wort f\u00fcr Gefangener.\">H\u00e4ftlinge<\/strong><\/span> registriert.<br \/>\nDie H\u00e4ftlinge mussten daf\u00fcr eine Aufnahme\u00b7prozedur mit\u00b7machen.<br \/>\nDie neuen H\u00e4ftlinge mussten sich zuerst nackt ausziehen.<br \/>\nUnd die H\u00e4ftlinge mussten ihre Kleidung abgeben.<br \/>\nDann mussten die H\u00e4ftlinge auch ihre pers\u00f6nlichen Gegen\u00b7st\u00e4nde abgeben.<br \/>\nPers\u00f6nliche Gegen\u00b7st\u00e4nde sind zum Beispiel Schmuck\u00b7st\u00fccke.<br \/>\nOder Ausweise.<br \/>\nAndere H\u00e4ftlinge haben diese pers\u00f6nlichen Gegen\u00b7st\u00e4nde angenommen.<br \/>\nDiese H\u00e4ftlinge haben f\u00fcr die <span style=\"color: #cc1800;\"><strong title=\"Viele SS-M\u00e4nner haben im KZ gearbeitet. Diese SS-M\u00e4nner hatten den Namen: Lager-SS. Die Lager-SS war zust\u00e4ndig f\u00fcr die Organisation des H\u00e4ftlings\u00b7lagers. Die Lager-SS hat die H\u00e4ftlinge bewacht. Und die H\u00e4ftlinge bestraft. Die Lager-SS hat auch viele H\u00e4ftlinge miss\u00b7handelt. Und viele H\u00e4ftlinge get\u00f6tet.\">Lager-SS<\/strong><\/span> gearbeitet.<br \/>\nDiese H\u00e4ftlinge waren in der Gefangenen-Eigentums-Verwaltung.<br \/>\nDann haben diese H\u00e4ftlinge die Gegen\u00b7st\u00e4nde aufgeschrieben.<br \/>\nDie pers\u00f6nlichen Gegen\u00b7st\u00e4nde hat die <span style=\"color: #cc1800;\"><strong title=\"SS ist die Abk\u00fcrzung f\u00fcr Schutz\u00b7staffel. Die SS hat zu der NSDAP geh\u00f6rt. Die SS hat die die KZ kontrolliert. Und die SS hat die H\u00e4ftlinge im KZ bewacht. Viele europ\u00e4ische Juden sind in Vernichtungs\u00b7lagern get\u00f6tet worden. Und viele europ\u00e4ische Roma und Sinti sind in Vernichtungs\u00b7lagern get\u00f6tet worden. Das hat die SS organisiert. Truppen von der SS haben auch im 2. Welt\u00b7krieg gek\u00e4mpft. Diese Truppen waren besonders brutal. Die Truppen haben gegen Widerstands\u00b7k\u00e4mpfer gek\u00e4mpft. Die Widerstands\u00b7k\u00e4mpfer waren gegen die Nazis. Und gegen die Zivil\u00b7bev\u00f6lkerung. Die Zivil\u00b7bev\u00f6lkerung k\u00e4mpft nicht im Krieg mit. Die SS hat viele Menschen ermordet.\">SS<\/strong><\/span> dann aufbewahrt.<br \/>\nDie SS hat die Gegen\u00b7st\u00e4nde in der Effekten\u00b7kammer aufbewahrt.<br \/>\nEffekten waren die pers\u00f6nlichen Gegen\u00b7st\u00e4nde von den H\u00e4ftlingen.<br \/>\nDie Effekten\u00b7kammer war unter dem Dach vom Wirtschafts\u00b7geb\u00e4ude.<br \/>\nDie neuen H\u00e4ftlinge mussten dann in das H\u00e4ftlings\u00b7bad gehen.<br \/>\nDie neuen H\u00e4ftlinge waren dabei noch immer nackt.<br \/>\nF\u00fcr die H\u00e4ftlinge war der Schub\u00b7raum ein schlimmer Ort.<br \/>\nIm Schub\u00b7raum haben die H\u00e4ftlinge n\u00e4mlich ihre pers\u00f6nliche Freiheit verloren.<\/p>\n<p><strong>Der Schub\u00b7raum heute<\/strong><br \/>\nDer Schub\u00b7raum ist heute \u00e4hnlich aufgeteilt wie fr\u00fcher.<br \/>\nIm Schub\u00b7raum sind S\u00e4ulen.<br \/>\nFr\u00fcher waren zwischen den S\u00e4ulen Tische.<br \/>\nHinter diesen Tischen haben die H\u00e4ftlinge<br \/>\nvon der Gefangenen-Eigentums-Verwaltung gestanden.<br \/>\nHeute sind zwischen den S\u00e4ulen Vitrinen.<br \/>\nIn diesen Vitrinen sind Dinge ausgestellt.<br \/>\nZum Beispiel pers\u00f6nliche Gegen\u00b7st\u00e4nde von ehemaligen H\u00e4ftlingen.<\/p>\n<p>An der Wand vom Schub\u00b7raum gibt es eine Inschrift.<br \/>\nDie Inschrift kann man auf dem Foto gut sehen.<br \/>\nDie Inschrift hei\u00dft: Rauchen verboten.<br \/>\nDiese Inschrift wurde im Jahr <strong>2000<\/strong> frei\u00b7gelegt.<br \/>\nDas hei\u00dft:<br \/>\n<strong>Bis 2000 <\/strong>war die Inschrift verdeckt.<br \/>\n<strong>Seit 2000<\/strong> ist die Inschrift <strong>nicht<\/strong> mehr verdeckt.<\/p>\n","protected":false},"excerpt":{"rendered":"<p>Station 7.1 ist der Schub\u00b7raum. Der Schub\u00b7raum war im Wirtschafts\u00b7geb\u00e4ude. Das Wort Schub\u00b7raum kommt von dem Wort: Schub. Schub bedeutet: Gefangenen\u00b7transport. Der Schub\u00b7raum fr\u00fcher Im Schub\u00b7raum wurden fr\u00fcher die neuen H\u00e4ftlinge registriert. Die H\u00e4ftlinge mussten daf\u00fcr eine Aufnahme\u00b7prozedur mit\u00b7machen. Die neuen H\u00e4ftlinge mussten sich zuerst nackt ausziehen. Und die H\u00e4ftlinge mussten ihre Kleidung abgeben. Dann&#8230; <a class=\"view-article\" href=\"https:\/\/www.kz-gedenkstaette-dachau.de\/dels\/historischer-ort\/virtueller-rundgang\/schubraum\/\">Artikel anzeigen<\/a><\/p>\n","protected":false},"author":1,"featured_media":0,"parent":63630,"menu_order":710,"comment_status":"closed","ping_status":"closed","template":"page-virtueller_rundgang_unterseite.php","meta":{"_acf_changed":false,"footnotes":""},"class_list":["post-63660","page","type-page","status-publish","hentry"],"acf":[],"yoast_head":"<!-- This site is optimized with the Yoast SEO plugin v27.4 - https:\/\/yoast.com\/product\/yoast-seo-wordpress\/ -->\n<title>Schub\u00b7raum - KZ Gedenkst\u00e4tte Dachau<\/title>\n<meta name=\"robots\" content=\"index, follow, max-snippet:-1, max-image-preview:large, max-video-preview:-1\" \/>\n<link rel=\"canonical\" href=\"https:\/\/www.kz-gedenkstaette-dachau.de\/dels\/historischer-ort\/virtueller-rundgang\/schubraum\/\" \/>\n<meta property=\"og:locale\" content=\"en_US\" \/>\n<meta property=\"og:type\" content=\"article\" \/>\n<meta property=\"og:title\" content=\"Schub\u00b7raum - KZ Gedenkst\u00e4tte Dachau\" \/>\n<meta property=\"og:description\" content=\"Station 7.1 ist der Schub\u00b7raum. Der Schub\u00b7raum war im Wirtschafts\u00b7geb\u00e4ude. Das Wort Schub\u00b7raum kommt von dem Wort: Schub. Schub bedeutet: Gefangenen\u00b7transport. Der Schub\u00b7raum fr\u00fcher Im Schub\u00b7raum wurden fr\u00fcher die neuen H\u00e4ftlinge registriert. Die H\u00e4ftlinge mussten daf\u00fcr eine Aufnahme\u00b7prozedur mit\u00b7machen. Die neuen H\u00e4ftlinge mussten sich zuerst nackt ausziehen. Und die H\u00e4ftlinge mussten ihre Kleidung abgeben. Dann... Artikel anzeigen\" \/>\n<meta property=\"og:url\" content=\"https:\/\/www.kz-gedenkstaette-dachau.de\/dels\/historischer-ort\/virtueller-rundgang\/schubraum\/\" \/>\n<meta property=\"og:site_name\" content=\"KZ Gedenkst\u00e4tte Dachau\" \/>\n<meta property=\"article:modified_time\" content=\"2020-03-31T12:20:02+00:00\" \/>\n<meta property=\"og:image\" content=\"https:\/\/www.kz-gedenkstaette-dachau.de\/wp-content\/uploads\/2018\/11\/ehem_schubraum-250x147.jpg\" \/>\n<meta name=\"twitter:card\" content=\"summary_large_image\" \/>\n<meta name=\"twitter:label1\" content=\"Est. reading time\" \/>\n\t<meta name=\"twitter:data1\" content=\"2 minutes\" \/>\n<script type=\"application\/ld+json\" class=\"yoast-schema-graph\">{\"@context\":\"https:\\\/\\\/schema.org\",\"@graph\":[{\"@type\":\"WebPage\",\"@id\":\"https:\\\/\\\/www.kz-gedenkstaette-dachau.de\\\/dels\\\/historischer-ort\\\/virtueller-rundgang\\\/schubraum\\\/\",\"url\":\"https:\\\/\\\/www.kz-gedenkstaette-dachau.de\\\/dels\\\/historischer-ort\\\/virtueller-rundgang\\\/schubraum\\\/\",\"name\":\"Schub\u00b7raum - KZ Gedenkst\u00e4tte Dachau\",\"isPartOf\":{\"@id\":\"https:\\\/\\\/www.kz-gedenkstaette-dachau.de\\\/#website\"},\"primaryImageOfPage\":{\"@id\":\"https:\\\/\\\/www.kz-gedenkstaette-dachau.de\\\/dels\\\/historischer-ort\\\/virtueller-rundgang\\\/schubraum\\\/#primaryimage\"},\"image\":{\"@id\":\"https:\\\/\\\/www.kz-gedenkstaette-dachau.de\\\/dels\\\/historischer-ort\\\/virtueller-rundgang\\\/schubraum\\\/#primaryimage\"},\"thumbnailUrl\":\"https:\\\/\\\/www.kz-gedenkstaette-dachau.de\\\/wp-content\\\/uploads\\\/2018\\\/11\\\/ehem_schubraum-250x147.jpg\",\"datePublished\":\"2018-09-04T10:39:10+00:00\",\"dateModified\":\"2020-03-31T12:20:02+00:00\",\"breadcrumb\":{\"@id\":\"https:\\\/\\\/www.kz-gedenkstaette-dachau.de\\\/dels\\\/historischer-ort\\\/virtueller-rundgang\\\/schubraum\\\/#breadcrumb\"},\"inLanguage\":\"ls-DE\",\"potentialAction\":[{\"@type\":\"ReadAction\",\"target\":[\"https:\\\/\\\/www.kz-gedenkstaette-dachau.de\\\/dels\\\/historischer-ort\\\/virtueller-rundgang\\\/schubraum\\\/\"]}]},{\"@type\":\"ImageObject\",\"inLanguage\":\"ls-DE\",\"@id\":\"https:\\\/\\\/www.kz-gedenkstaette-dachau.de\\\/dels\\\/historischer-ort\\\/virtueller-rundgang\\\/schubraum\\\/#primaryimage\",\"url\":\"https:\\\/\\\/www.kz-gedenkstaette-dachau.de\\\/wp-content\\\/uploads\\\/2018\\\/11\\\/ehem_schubraum-250x147.jpg\",\"contentUrl\":\"https:\\\/\\\/www.kz-gedenkstaette-dachau.de\\\/wp-content\\\/uploads\\\/2018\\\/11\\\/ehem_schubraum-250x147.jpg\"},{\"@type\":\"BreadcrumbList\",\"@id\":\"https:\\\/\\\/www.kz-gedenkstaette-dachau.de\\\/dels\\\/historischer-ort\\\/virtueller-rundgang\\\/schubraum\\\/#breadcrumb\",\"itemListElement\":[{\"@type\":\"ListItem\",\"position\":1,\"name\":\"Start\u00b7seite\",\"item\":\"https:\\\/\\\/www.kz-gedenkstaette-dachau.de\\\/dels\\\/\"},{\"@type\":\"ListItem\",\"position\":2,\"name\":\"Historischer Ort\",\"item\":\"https:\\\/\\\/www.kz-gedenkstaette-dachau.de\\\/dels\\\/historischer-ort\\\/\"},{\"@type\":\"ListItem\",\"position\":3,\"name\":\"Virtueller Rund\u00b7gang\",\"item\":\"https:\\\/\\\/www.kz-gedenkstaette-dachau.de\\\/dels\\\/historischer-ort\\\/virtueller-rundgang\\\/\"},{\"@type\":\"ListItem\",\"position\":4,\"name\":\"Schub\u00b7raum\"}]},{\"@type\":\"WebSite\",\"@id\":\"https:\\\/\\\/www.kz-gedenkstaette-dachau.de\\\/#website\",\"url\":\"https:\\\/\\\/www.kz-gedenkstaette-dachau.de\\\/\",\"name\":\"KZ Gedenkst\u00e4tte Dachau\",\"description\":\"\",\"potentialAction\":[{\"@type\":\"SearchAction\",\"target\":{\"@type\":\"EntryPoint\",\"urlTemplate\":\"https:\\\/\\\/www.kz-gedenkstaette-dachau.de\\\/?s={search_term_string}\"},\"query-input\":{\"@type\":\"PropertyValueSpecification\",\"valueRequired\":true,\"valueName\":\"search_term_string\"}}],\"inLanguage\":\"ls-DE\"}]}<\/script>\n<!-- \/ Yoast SEO plugin. -->","yoast_head_json":{"title":"Schub\u00b7raum - KZ Gedenkst\u00e4tte Dachau","robots":{"index":"index","follow":"follow","max-snippet":"max-snippet:-1","max-image-preview":"max-image-preview:large","max-video-preview":"max-video-preview:-1"},"canonical":"https:\/\/www.kz-gedenkstaette-dachau.de\/dels\/historischer-ort\/virtueller-rundgang\/schubraum\/","og_locale":"en_US","og_type":"article","og_title":"Schub\u00b7raum - KZ Gedenkst\u00e4tte Dachau","og_description":"Station 7.1 ist der Schub\u00b7raum. Der Schub\u00b7raum war im Wirtschafts\u00b7geb\u00e4ude. Das Wort Schub\u00b7raum kommt von dem Wort: Schub. Schub bedeutet: Gefangenen\u00b7transport. Der Schub\u00b7raum fr\u00fcher Im Schub\u00b7raum wurden fr\u00fcher die neuen H\u00e4ftlinge registriert. Die H\u00e4ftlinge mussten daf\u00fcr eine Aufnahme\u00b7prozedur mit\u00b7machen. Die neuen H\u00e4ftlinge mussten sich zuerst nackt ausziehen. Und die H\u00e4ftlinge mussten ihre Kleidung abgeben. Dann... Artikel anzeigen","og_url":"https:\/\/www.kz-gedenkstaette-dachau.de\/dels\/historischer-ort\/virtueller-rundgang\/schubraum\/","og_site_name":"KZ Gedenkst\u00e4tte Dachau","article_modified_time":"2020-03-31T12:20:02+00:00","og_image":[{"url":"https:\/\/www.kz-gedenkstaette-dachau.de\/wp-content\/uploads\/2018\/11\/ehem_schubraum-250x147.jpg","type":"","width":"","height":""}],"twitter_card":"summary_large_image","twitter_misc":{"Est. reading time":"2 minutes"},"schema":{"@context":"https:\/\/schema.org","@graph":[{"@type":"WebPage","@id":"https:\/\/www.kz-gedenkstaette-dachau.de\/dels\/historischer-ort\/virtueller-rundgang\/schubraum\/","url":"https:\/\/www.kz-gedenkstaette-dachau.de\/dels\/historischer-ort\/virtueller-rundgang\/schubraum\/","name":"Schub\u00b7raum - KZ Gedenkst\u00e4tte Dachau","isPartOf":{"@id":"https:\/\/www.kz-gedenkstaette-dachau.de\/#website"},"primaryImageOfPage":{"@id":"https:\/\/www.kz-gedenkstaette-dachau.de\/dels\/historischer-ort\/virtueller-rundgang\/schubraum\/#primaryimage"},"image":{"@id":"https:\/\/www.kz-gedenkstaette-dachau.de\/dels\/historischer-ort\/virtueller-rundgang\/schubraum\/#primaryimage"},"thumbnailUrl":"https:\/\/www.kz-gedenkstaette-dachau.de\/wp-content\/uploads\/2018\/11\/ehem_schubraum-250x147.jpg","datePublished":"2018-09-04T10:39:10+00:00","dateModified":"2020-03-31T12:20:02+00:00","breadcrumb":{"@id":"https:\/\/www.kz-gedenkstaette-dachau.de\/dels\/historischer-ort\/virtueller-rundgang\/schubraum\/#breadcrumb"},"inLanguage":"ls-DE","potentialAction":[{"@type":"ReadAction","target":["https:\/\/www.kz-gedenkstaette-dachau.de\/dels\/historischer-ort\/virtueller-rundgang\/schubraum\/"]}]},{"@type":"ImageObject","inLanguage":"ls-DE","@id":"https:\/\/www.kz-gedenkstaette-dachau.de\/dels\/historischer-ort\/virtueller-rundgang\/schubraum\/#primaryimage","url":"https:\/\/www.kz-gedenkstaette-dachau.de\/wp-content\/uploads\/2018\/11\/ehem_schubraum-250x147.jpg","contentUrl":"https:\/\/www.kz-gedenkstaette-dachau.de\/wp-content\/uploads\/2018\/11\/ehem_schubraum-250x147.jpg"},{"@type":"BreadcrumbList","@id":"https:\/\/www.kz-gedenkstaette-dachau.de\/dels\/historischer-ort\/virtueller-rundgang\/schubraum\/#breadcrumb","itemListElement":[{"@type":"ListItem","position":1,"name":"Start\u00b7seite","item":"https:\/\/www.kz-gedenkstaette-dachau.de\/dels\/"},{"@type":"ListItem","position":2,"name":"Historischer Ort","item":"https:\/\/www.kz-gedenkstaette-dachau.de\/dels\/historischer-ort\/"},{"@type":"ListItem","position":3,"name":"Virtueller Rund\u00b7gang","item":"https:\/\/www.kz-gedenkstaette-dachau.de\/dels\/historischer-ort\/virtueller-rundgang\/"},{"@type":"ListItem","position":4,"name":"Schub\u00b7raum"}]},{"@type":"WebSite","@id":"https:\/\/www.kz-gedenkstaette-dachau.de\/#website","url":"https:\/\/www.kz-gedenkstaette-dachau.de\/","name":"KZ Gedenkst\u00e4tte Dachau","description":"","potentialAction":[{"@type":"SearchAction","target":{"@type":"EntryPoint","urlTemplate":"https:\/\/www.kz-gedenkstaette-dachau.de\/?s={search_term_string}"},"query-input":{"@type":"PropertyValueSpecification","valueRequired":true,"valueName":"search_term_string"}}],"inLanguage":"ls-DE"}]}},"_links":{"self":[{"href":"https:\/\/www.kz-gedenkstaette-dachau.de\/dels\/wp-json\/wp\/v2\/pages\/63660","targetHints":{"allow":["GET"]}}],"collection":[{"href":"https:\/\/www.kz-gedenkstaette-dachau.de\/dels\/wp-json\/wp\/v2\/pages"}],"about":[{"href":"https:\/\/www.kz-gedenkstaette-dachau.de\/dels\/wp-json\/wp\/v2\/types\/page"}],"author":[{"embeddable":true,"href":"https:\/\/www.kz-gedenkstaette-dachau.de\/dels\/wp-json\/wp\/v2\/users\/1"}],"replies":[{"embeddable":true,"href":"https:\/\/www.kz-gedenkstaette-dachau.de\/dels\/wp-json\/wp\/v2\/comments?post=63660"}],"version-history":[{"count":0,"href":"https:\/\/www.kz-gedenkstaette-dachau.de\/dels\/wp-json\/wp\/v2\/pages\/63660\/revisions"}],"up":[{"embeddable":true,"href":"https:\/\/www.kz-gedenkstaette-dachau.de\/dels\/wp-json\/wp\/v2\/pages\/63630"}],"wp:attachment":[{"href":"https:\/\/www.kz-gedenkstaette-dachau.de\/dels\/wp-json\/wp\/v2\/media?parent=63660"}],"curies":[{"name":"wp","href":"https:\/\/api.w.org\/{rel}","templated":true}]}}