{"id":63667,"date":"2018-09-04T12:41:07","date_gmt":"2018-09-04T10:41:07","guid":{"rendered":"https:\/\/www.kz-gedenkstaette-dachau.de\/historischer-ort\/virtueller-rundgang\/lagergefaengnis\/"},"modified":"2020-03-31T14:45:42","modified_gmt":"2020-03-31T12:45:42","slug":"lagergefaengnis","status":"publish","type":"page","link":"https:\/\/www.kz-gedenkstaette-dachau.de\/dels\/historischer-ort\/virtueller-rundgang\/lagergefaengnis\/","title":{"rendered":"Lager\u00b7gef\u00e4ngnis (Ausstellung)"},"content":{"rendered":"<div id=\"attachment_63668\" style=\"width: 710px\" class=\"wp-caption alignnone\"><img loading=\"lazy\" decoding=\"async\" aria-describedby=\"caption-attachment-63668\" class=\"wp-image-63668\" src=\"https:\/\/www.kz-gedenkstaette-dachau.de\/wp-content\/uploads\/2018\/11\/ehem_bunker-250x147.jpg\" alt=\"Rechts: Das ehemalige Lager\u00b7gef\u00e4ngnis Das Foto ist von 2017. (KZ-Gedenk\u00b7st\u00e4tte Dachau)\" width=\"700\" height=\"413\" srcset=\"https:\/\/www.kz-gedenkstaette-dachau.de\/wp-content\/uploads\/2018\/11\/ehem_bunker-250x147.jpg 250w, https:\/\/www.kz-gedenkstaette-dachau.de\/wp-content\/uploads\/2018\/11\/ehem_bunker-768x453.jpg 768w, https:\/\/www.kz-gedenkstaette-dachau.de\/wp-content\/uploads\/2018\/11\/ehem_bunker-700x413.jpg 700w, https:\/\/www.kz-gedenkstaette-dachau.de\/wp-content\/uploads\/2018\/11\/ehem_bunker-120x71.jpg 120w, https:\/\/www.kz-gedenkstaette-dachau.de\/wp-content\/uploads\/2018\/11\/ehem_bunker.jpg 1120w\" sizes=\"auto, (max-width: 700px) 100vw, 700px\" \/><p id=\"caption-attachment-63668\" class=\"wp-caption-text\"><small>Rechts: Das ehemalige Lager\u00b7gef\u00e4ngnis.<br \/>Das Foto ist von 2017.<br \/>(KZ-Gedenk\u00b7st\u00e4tte Dachau)<small><\/p><\/div>\n<p>Station 8 ist das Lager\u00b7gef\u00e4ngnis.<\/p>\n<p><strong>Das Lager\u00b7gef\u00e4ngnis heute<\/strong><br \/>\nHeute ist in dem ehemaligen Lager\u00b7gef\u00e4ngnis eine Ausstellung.<br \/>\nIn dieser Ausstellung geht es um die Geschichte vom Lager\u00b7gef\u00e4ngnis.<\/p>\n<p><strong>Das Lager\u00b7gef\u00e4ngnis fr\u00fcher<\/strong><br \/>\nDas Lager\u00b7gef\u00e4ngnis wurde <strong>von 1937 bis 1938<\/strong> gebaut.<br \/>\nBei der <span style=\"color: #cc1800;\"><strong title=\"SS ist die Abk\u00fcrzung f\u00fcr Schutz\u00b7staffel. Die SS hat zu der NSDAP geh\u00f6rt. Die SS hat die die KZ kontrolliert. Und die SS hat die H\u00e4ftlinge im KZ bewacht. Viele europ\u00e4ische Juden sind in Vernichtungs\u00b7lagern get\u00f6tet worden. Und viele europ\u00e4ische Roma und Sinti sind in Vernichtungs\u00b7lagern get\u00f6tet worden. Das hat die SS organisiert. Truppen von der SS haben auch im 2. Welt\u00b7krieg gek\u00e4mpft. Diese Truppen waren besonders brutal. Die Truppen haben gegen Widerstands\u00b7k\u00e4mpfer gek\u00e4mpft. Die Widerstands\u00b7k\u00e4mpfer waren gegen die Nazis. Und gegen die Zivil\u00b7bev\u00f6lkerung. Die Zivil\u00b7bev\u00f6lkerung k\u00e4mpft nicht im Krieg mit. Die SS hat viele Menschen ermordet.\">SS<\/strong><\/span> hatte das Lager\u00b7gef\u00e4ngnis den Namen: Kommandantur\u00b7arrest.<br \/>\nBei den H\u00e4ftlingen hatte das Lager\u00b7gef\u00e4ngnis den Namen: Bunker.<br \/>\nDas Lager\u00b7gef\u00e4ngnis hatte mehrere Teile.<br \/>\nDiese Teile waren:<\/p>\n<ul>\n<li>Ein Zentral\u00b7trakt<\/li>\n<li>Ein Ost\u00b7fl\u00fcgel<\/li>\n<li>Ein West\u00b7fl\u00fcgel<\/li>\n<\/ul>\n<p>Vor dem Lager\u00b7gef\u00e4ngnis war ein Hof.<br \/>\nBei den <span style=\"color: #cc1800;\"><strong title=\"H\u00e4ftling ist ein anderes Wort f\u00fcr Gefangener.\">H\u00e4ftlingen<\/strong><\/span> hatte den Hof den Namen: Bunker\u00b7hof.<\/p>\n<p><strong>Der Zentral\u00b7trakt<\/strong><br \/>\nDer Zentral\u00b7trakt war quadratisch.<br \/>\nIm Zentral\u00b7trakt waren die B\u00fcros von den Wach\u00b7m\u00e4nnern.<br \/>\nDie Wach\u00b7m\u00e4nner haben die H\u00e4ftlinge im Lager\u00b7gef\u00e4ngnis bewacht.<br \/>\nIm Zentral\u00b7trakt waren:<\/p>\n<ul>\n<li>ein Untersuchungs\u00b7raum.<\/li>\n<li>ein Aufnahme\u00b7raum.<\/li>\n<li>ein Vernehmungs\u00b7raum.<\/li>\n<\/ul>\n<p>Im Vernehmungs\u00b7raum wurden die H\u00e4ftlinge verh\u00f6rt.<br \/>\nDas hei\u00dft:<br \/>\nDie Nazis haben behauptet:<br \/>\nDie H\u00e4ftlinge haben etwas gegen das <span style=\"color: #cc1800;\"><strong title=\"Ein Regime ist eine spezielle Art von Regierung. Das NS-Regime war eine Diktatur. Eine Diktatur ist nicht demokratisch. Das hei\u00dft: In einer Diktatur darf das Volk nicht entscheiden. Nur der Diktator darf entscheiden. Eine Diktatur ist nicht freiheitlich. Das hei\u00dft: Die pers\u00f6nliche Freiheit der Menschen wurde eingeschr\u00e4nkt. Viele Menschen wurden ausgegrenzt. Und viele Menschen wurden verfolgt.\">NS-Regime<\/strong><\/span> gemacht.<br \/>\nDas wollten die Nazis belegen.<br \/>\nDeshalb haben die Nazis die H\u00e4ftlinge befragt.<br \/>\nUnd die H\u00e4ftlinge wurden bei den Verh\u00f6ren oft <span style=\"color: #cc1800;\"><strong title=\"Die Nazis haben oft Menschen gefoltert. Das hei\u00dft: Die Nazis haben diese Menschen verletzt. Und bedroht. Und gequ\u00e4lt. Und erniedrigt. Die Nazis wollten Menschen damit bestrafen Oder einsch\u00fcchtern. Oder die Nazis wollten die Menschen zwingen eine Information zu verraten. Deshalb wurden die Menschen gefoltert.\">gefoltert<\/strong><\/span>.<br \/>\nDie H\u00e4ftlinge haben bei der Folter oft geschrien.<br \/>\nDeshalb waren die W\u00e4nde vom Vernehmungs\u00b7raum ged\u00e4mmt.<br \/>\nDas hei\u00dft:<br \/>\nDie W\u00e4nde waren extra dick.<br \/>\nSo konnte man die H\u00e4ftlinge <strong>nicht<\/strong> schreien h\u00f6ren.<\/p>\n<p><strong>Der Ost\u00b7fl\u00fcgel und der West\u00b7fl\u00fcgel<\/strong><br \/>\nIm Ost\u00b7fl\u00fcgel und West\u00b7fl\u00fcgel waren Einzel\u00b7zellen.<br \/>\nIn diesen Zellen wurden H\u00e4ftlinge eingesperrt.<br \/>\nDie H\u00e4ftlinge mussten oft mehrere Wochen in diesen Einzel\u00b7zellen bleiben.<br \/>\nOder mehrere Monate.<br \/>\nDie H\u00e4ftlinge haben dabei nur wenig Essen bekommen.<\/p>\n<p><strong>Ab 1941<\/strong> wurden im Lager\u00b7gef\u00e4ngnis Sonder\u00b7h\u00e4ftlinge eingesperrt.<br \/>\nDiese H\u00e4ftlinge waren prominent.<br \/>\nDas hei\u00dft:<br \/>\nDiese H\u00e4ftlinge waren sehr bekannt.<br \/>\nDie SS hat diese prominenten Menschen n\u00e4mlich als Geiseln gehalten.<br \/>\nDas hei\u00dft:<br \/>\nDie SS hat diese Menschen eingesperrt.<br \/>\nSo wollte die SS mit Kriegs\u00b7gegnern verhandeln.<br \/>\nDeshalb wollte die SS diese Sonder\u00b7h\u00e4ftlinge am Leben erhalten.<br \/>\nDeshalb haben die Sonder\u00b7h\u00e4ftlinge<br \/>\nbessere Lebens\u00b7umst\u00e4nde gehabt als die anderen H\u00e4ftlinge.<\/p>\n<p><strong>Von 1941 bis 1942<\/strong> wurde ein Straf\u00b7lager gebaut.<br \/>\nDas Straf\u00b7lager war im Ost\u00b7fl\u00fcgel.<br \/>\nUnd in einem Anbau.<br \/>\nDiesen Anbau gibt es heute <strong>nicht<\/strong> mehr.<br \/>\nIn diesem Straf\u00b7lager wurden <span style=\"color: #cc1800;\"><strong title=\"Viele SS-M\u00e4nner haben im KZ gearbeitet. Diese SS-M\u00e4nner hatten den Namen: Lager-SS. Die Lager-SS war zust\u00e4ndig f\u00fcr die Organisation des H\u00e4ftlings\u00b7lagers. Die Lager-SS hat die H\u00e4ftlinge bewacht. Und die H\u00e4ftlinge bestraft. Die Lager-SS hat auch viele H\u00e4ftlinge miss\u00b7handelt. Und viele H\u00e4ftlinge get\u00f6tet\">SS-M\u00e4nner<\/strong><\/span> eingesperrt.<br \/>\nUnd Polizei\u00b7beamte.<br \/>\nUnd Luft\u00b7schutz\u00b7bedienstete.<br \/>\nDie Nazis haben gesagt:<br \/>\nDiese Menschen haben Straf\u00b7taten gemacht.<br \/>\nDeshalb m\u00fcssen diese Menschen bestraft werden.<\/p>\n<p><strong>1944<\/strong> wurden im Lager\u00b7gef\u00e4ngnis besondere Zellen gebaut.<br \/>\nDaf\u00fcr wurden Einzel\u00b7zellen umgebaut.<br \/>\nDie Einzel\u00b7zellen wurden in 4 kleine Zellen aufgeteilt.<br \/>\nJede kleine Zelle war nur 80cm mal 80cm gro\u00df.<br \/>\nDeshalb hatten diese Zellen den Namen: Steh\u00b7zellen.<br \/>\nIn den Steh\u00b7zellen mussten die H\u00e4ftlinge oft viele Tage bleiben.<br \/>\nDabei haben die H\u00e4ftlinge nur ganz wenig Essen bekommen.<br \/>\nUnd die H\u00e4ftlinge konnten <strong>nicht<\/strong> gut atmen.<br \/>\nIn den Steh\u00b7zellen gab es n\u00e4mlich nur sehr wenig Luft.<br \/>\nDas nennt man auch: Todes\u00b7angst.<\/p>\n<p><strong>Der Bunker\u00b7hof<\/strong><br \/>\nDas Lager\u00b7gef\u00e4ngnis hatte einen Hof.<br \/>\nDort hat die SS viele H\u00e4ftlinge miss\u00b7handelt.<br \/>\nUnd die SS hat viele H\u00e4ftlinge get\u00f6tet.<br \/>\nDieser Hof war in der Mitte durch eine Mauer geteilt.<br \/>\nDiese Mauer gibt es heute <strong>nicht<\/strong> mehr.<br \/>\nIm \u00f6stlichen Teil vom Hof hat die SS<br \/>\neinen Erschie\u00dfungs\u00b7stand gebaut.<\/p>\n<p><strong>Ab Ende August 1941<\/strong> hat die SS in diesem Hof Menschen erschossen.<br \/>\nDiese Menschen waren sowjetische <span style=\"color: #cc1800;\"><strong title=\"Kriegs\u00b7gefangene sind besondere Gefangene. Kriegs\u00b7gefangene sind Soldaten aus der Armee vom Kriegs\u00b7gegner. Diese Soldaten werden w\u00e4hrend eines Krieges festgenommen. F\u00fcr Kriegs\u00b7gefangene gibt es besondere Regeln. Kriegs\u00b7gefangene d\u00fcrfen nur festgenommen werden. Kriegs\u00b7gefangene d\u00fcrfen nicht get\u00f6tet werden. Aber: Die Nazis haben viele Kriegs\u00b7gefangene get\u00f6tet. Diese Kriegs\u00b7gefangenen waren Soldaten von der sowjetischen Armee.\">Kriegs\u00b7gefangene<\/strong><\/span>.<br \/>\nDie SS hat sehr viele sowjetische Kriegs\u00b7gefangene erschossen.<br \/>\nAber das sollte geheim bleiben.<\/p>\n<p>Deshalb hat die SS sp\u00e4ter einen anderen Ort gefunden.<br \/>\nDieser Ort hatte den Namen:<br \/>\nSS-Schie\u00df\u00b7platz Hebertshausen.<br \/>\nAn diesem Ort hat die SS<br \/>\ndann noch viel mehr sowjetische Kriegs\u00b7gefangene erschossen.<\/p>\n","protected":false},"excerpt":{"rendered":"<p>Station 8 ist das Lager\u00b7gef\u00e4ngnis. Das Lager\u00b7gef\u00e4ngnis heute Heute ist in dem ehemaligen Lager\u00b7gef\u00e4ngnis eine Ausstellung. In dieser Ausstellung geht es um die Geschichte vom Lager\u00b7gef\u00e4ngnis. Das Lager\u00b7gef\u00e4ngnis fr\u00fcher Das Lager\u00b7gef\u00e4ngnis wurde von 1937 bis 1938 gebaut. Bei der SS hatte das Lager\u00b7gef\u00e4ngnis den Namen: Kommandantur\u00b7arrest. Bei den H\u00e4ftlingen hatte das Lager\u00b7gef\u00e4ngnis den Namen: Bunker&#8230;. <a class=\"view-article\" href=\"https:\/\/www.kz-gedenkstaette-dachau.de\/dels\/historischer-ort\/virtueller-rundgang\/lagergefaengnis\/\">Artikel anzeigen<\/a><\/p>\n","protected":false},"author":1,"featured_media":0,"parent":63630,"menu_order":800,"comment_status":"closed","ping_status":"closed","template":"page-virtueller_rundgang_unterseite.php","meta":{"_acf_changed":false,"footnotes":""},"class_list":["post-63667","page","type-page","status-publish","hentry"],"acf":[],"yoast_head":"<!-- This site is optimized with the Yoast SEO plugin v27.4 - https:\/\/yoast.com\/product\/yoast-seo-wordpress\/ -->\n<title>Lager\u00b7gef\u00e4ngnis (Ausstellung) - KZ Gedenkst\u00e4tte Dachau<\/title>\n<meta name=\"robots\" content=\"index, follow, max-snippet:-1, max-image-preview:large, max-video-preview:-1\" \/>\n<link rel=\"canonical\" href=\"https:\/\/www.kz-gedenkstaette-dachau.de\/dels\/historischer-ort\/virtueller-rundgang\/lagergefaengnis\/\" \/>\n<meta property=\"og:locale\" content=\"en_US\" \/>\n<meta property=\"og:type\" content=\"article\" \/>\n<meta property=\"og:title\" content=\"Lager\u00b7gef\u00e4ngnis (Ausstellung) - KZ Gedenkst\u00e4tte Dachau\" \/>\n<meta property=\"og:description\" content=\"Station 8 ist das Lager\u00b7gef\u00e4ngnis. Das Lager\u00b7gef\u00e4ngnis heute Heute ist in dem ehemaligen Lager\u00b7gef\u00e4ngnis eine Ausstellung. In dieser Ausstellung geht es um die Geschichte vom Lager\u00b7gef\u00e4ngnis. Das Lager\u00b7gef\u00e4ngnis fr\u00fcher Das Lager\u00b7gef\u00e4ngnis wurde von 1937 bis 1938 gebaut. Bei der SS hatte das Lager\u00b7gef\u00e4ngnis den Namen: Kommandantur\u00b7arrest. Bei den H\u00e4ftlingen hatte das Lager\u00b7gef\u00e4ngnis den Namen: Bunker.... Artikel anzeigen\" \/>\n<meta property=\"og:url\" content=\"https:\/\/www.kz-gedenkstaette-dachau.de\/dels\/historischer-ort\/virtueller-rundgang\/lagergefaengnis\/\" \/>\n<meta property=\"og:site_name\" content=\"KZ Gedenkst\u00e4tte Dachau\" \/>\n<meta property=\"article:modified_time\" content=\"2020-03-31T12:45:42+00:00\" \/>\n<meta property=\"og:image\" content=\"https:\/\/www.kz-gedenkstaette-dachau.de\/wp-content\/uploads\/2018\/11\/ehem_bunker-250x147.jpg\" \/>\n<meta name=\"twitter:card\" content=\"summary_large_image\" \/>\n<meta name=\"twitter:label1\" content=\"Est. reading time\" \/>\n\t<meta name=\"twitter:data1\" content=\"3 minutes\" \/>\n<script type=\"application\/ld+json\" class=\"yoast-schema-graph\">{\"@context\":\"https:\\\/\\\/schema.org\",\"@graph\":[{\"@type\":\"WebPage\",\"@id\":\"https:\\\/\\\/www.kz-gedenkstaette-dachau.de\\\/dels\\\/historischer-ort\\\/virtueller-rundgang\\\/lagergefaengnis\\\/\",\"url\":\"https:\\\/\\\/www.kz-gedenkstaette-dachau.de\\\/dels\\\/historischer-ort\\\/virtueller-rundgang\\\/lagergefaengnis\\\/\",\"name\":\"Lager\u00b7gef\u00e4ngnis (Ausstellung) - KZ Gedenkst\u00e4tte Dachau\",\"isPartOf\":{\"@id\":\"https:\\\/\\\/www.kz-gedenkstaette-dachau.de\\\/#website\"},\"primaryImageOfPage\":{\"@id\":\"https:\\\/\\\/www.kz-gedenkstaette-dachau.de\\\/dels\\\/historischer-ort\\\/virtueller-rundgang\\\/lagergefaengnis\\\/#primaryimage\"},\"image\":{\"@id\":\"https:\\\/\\\/www.kz-gedenkstaette-dachau.de\\\/dels\\\/historischer-ort\\\/virtueller-rundgang\\\/lagergefaengnis\\\/#primaryimage\"},\"thumbnailUrl\":\"https:\\\/\\\/www.kz-gedenkstaette-dachau.de\\\/wp-content\\\/uploads\\\/2018\\\/11\\\/ehem_bunker-250x147.jpg\",\"datePublished\":\"2018-09-04T10:41:07+00:00\",\"dateModified\":\"2020-03-31T12:45:42+00:00\",\"breadcrumb\":{\"@id\":\"https:\\\/\\\/www.kz-gedenkstaette-dachau.de\\\/dels\\\/historischer-ort\\\/virtueller-rundgang\\\/lagergefaengnis\\\/#breadcrumb\"},\"inLanguage\":\"ls-DE\",\"potentialAction\":[{\"@type\":\"ReadAction\",\"target\":[\"https:\\\/\\\/www.kz-gedenkstaette-dachau.de\\\/dels\\\/historischer-ort\\\/virtueller-rundgang\\\/lagergefaengnis\\\/\"]}]},{\"@type\":\"ImageObject\",\"inLanguage\":\"ls-DE\",\"@id\":\"https:\\\/\\\/www.kz-gedenkstaette-dachau.de\\\/dels\\\/historischer-ort\\\/virtueller-rundgang\\\/lagergefaengnis\\\/#primaryimage\",\"url\":\"https:\\\/\\\/www.kz-gedenkstaette-dachau.de\\\/wp-content\\\/uploads\\\/2018\\\/11\\\/ehem_bunker-250x147.jpg\",\"contentUrl\":\"https:\\\/\\\/www.kz-gedenkstaette-dachau.de\\\/wp-content\\\/uploads\\\/2018\\\/11\\\/ehem_bunker-250x147.jpg\"},{\"@type\":\"BreadcrumbList\",\"@id\":\"https:\\\/\\\/www.kz-gedenkstaette-dachau.de\\\/dels\\\/historischer-ort\\\/virtueller-rundgang\\\/lagergefaengnis\\\/#breadcrumb\",\"itemListElement\":[{\"@type\":\"ListItem\",\"position\":1,\"name\":\"Start\u00b7seite\",\"item\":\"https:\\\/\\\/www.kz-gedenkstaette-dachau.de\\\/dels\\\/\"},{\"@type\":\"ListItem\",\"position\":2,\"name\":\"Historischer Ort\",\"item\":\"https:\\\/\\\/www.kz-gedenkstaette-dachau.de\\\/dels\\\/historischer-ort\\\/\"},{\"@type\":\"ListItem\",\"position\":3,\"name\":\"Virtueller Rund\u00b7gang\",\"item\":\"https:\\\/\\\/www.kz-gedenkstaette-dachau.de\\\/dels\\\/historischer-ort\\\/virtueller-rundgang\\\/\"},{\"@type\":\"ListItem\",\"position\":4,\"name\":\"Lager\u00b7gef\u00e4ngnis (Ausstellung)\"}]},{\"@type\":\"WebSite\",\"@id\":\"https:\\\/\\\/www.kz-gedenkstaette-dachau.de\\\/#website\",\"url\":\"https:\\\/\\\/www.kz-gedenkstaette-dachau.de\\\/\",\"name\":\"KZ Gedenkst\u00e4tte Dachau\",\"description\":\"\",\"potentialAction\":[{\"@type\":\"SearchAction\",\"target\":{\"@type\":\"EntryPoint\",\"urlTemplate\":\"https:\\\/\\\/www.kz-gedenkstaette-dachau.de\\\/?s={search_term_string}\"},\"query-input\":{\"@type\":\"PropertyValueSpecification\",\"valueRequired\":true,\"valueName\":\"search_term_string\"}}],\"inLanguage\":\"ls-DE\"}]}<\/script>\n<!-- \/ Yoast SEO plugin. -->","yoast_head_json":{"title":"Lager\u00b7gef\u00e4ngnis (Ausstellung) - KZ Gedenkst\u00e4tte Dachau","robots":{"index":"index","follow":"follow","max-snippet":"max-snippet:-1","max-image-preview":"max-image-preview:large","max-video-preview":"max-video-preview:-1"},"canonical":"https:\/\/www.kz-gedenkstaette-dachau.de\/dels\/historischer-ort\/virtueller-rundgang\/lagergefaengnis\/","og_locale":"en_US","og_type":"article","og_title":"Lager\u00b7gef\u00e4ngnis (Ausstellung) - KZ Gedenkst\u00e4tte Dachau","og_description":"Station 8 ist das Lager\u00b7gef\u00e4ngnis. Das Lager\u00b7gef\u00e4ngnis heute Heute ist in dem ehemaligen Lager\u00b7gef\u00e4ngnis eine Ausstellung. In dieser Ausstellung geht es um die Geschichte vom Lager\u00b7gef\u00e4ngnis. Das Lager\u00b7gef\u00e4ngnis fr\u00fcher Das Lager\u00b7gef\u00e4ngnis wurde von 1937 bis 1938 gebaut. Bei der SS hatte das Lager\u00b7gef\u00e4ngnis den Namen: Kommandantur\u00b7arrest. Bei den H\u00e4ftlingen hatte das Lager\u00b7gef\u00e4ngnis den Namen: Bunker.... Artikel anzeigen","og_url":"https:\/\/www.kz-gedenkstaette-dachau.de\/dels\/historischer-ort\/virtueller-rundgang\/lagergefaengnis\/","og_site_name":"KZ Gedenkst\u00e4tte Dachau","article_modified_time":"2020-03-31T12:45:42+00:00","og_image":[{"url":"https:\/\/www.kz-gedenkstaette-dachau.de\/wp-content\/uploads\/2018\/11\/ehem_bunker-250x147.jpg","type":"","width":"","height":""}],"twitter_card":"summary_large_image","twitter_misc":{"Est. reading time":"3 minutes"},"schema":{"@context":"https:\/\/schema.org","@graph":[{"@type":"WebPage","@id":"https:\/\/www.kz-gedenkstaette-dachau.de\/dels\/historischer-ort\/virtueller-rundgang\/lagergefaengnis\/","url":"https:\/\/www.kz-gedenkstaette-dachau.de\/dels\/historischer-ort\/virtueller-rundgang\/lagergefaengnis\/","name":"Lager\u00b7gef\u00e4ngnis (Ausstellung) - KZ Gedenkst\u00e4tte Dachau","isPartOf":{"@id":"https:\/\/www.kz-gedenkstaette-dachau.de\/#website"},"primaryImageOfPage":{"@id":"https:\/\/www.kz-gedenkstaette-dachau.de\/dels\/historischer-ort\/virtueller-rundgang\/lagergefaengnis\/#primaryimage"},"image":{"@id":"https:\/\/www.kz-gedenkstaette-dachau.de\/dels\/historischer-ort\/virtueller-rundgang\/lagergefaengnis\/#primaryimage"},"thumbnailUrl":"https:\/\/www.kz-gedenkstaette-dachau.de\/wp-content\/uploads\/2018\/11\/ehem_bunker-250x147.jpg","datePublished":"2018-09-04T10:41:07+00:00","dateModified":"2020-03-31T12:45:42+00:00","breadcrumb":{"@id":"https:\/\/www.kz-gedenkstaette-dachau.de\/dels\/historischer-ort\/virtueller-rundgang\/lagergefaengnis\/#breadcrumb"},"inLanguage":"ls-DE","potentialAction":[{"@type":"ReadAction","target":["https:\/\/www.kz-gedenkstaette-dachau.de\/dels\/historischer-ort\/virtueller-rundgang\/lagergefaengnis\/"]}]},{"@type":"ImageObject","inLanguage":"ls-DE","@id":"https:\/\/www.kz-gedenkstaette-dachau.de\/dels\/historischer-ort\/virtueller-rundgang\/lagergefaengnis\/#primaryimage","url":"https:\/\/www.kz-gedenkstaette-dachau.de\/wp-content\/uploads\/2018\/11\/ehem_bunker-250x147.jpg","contentUrl":"https:\/\/www.kz-gedenkstaette-dachau.de\/wp-content\/uploads\/2018\/11\/ehem_bunker-250x147.jpg"},{"@type":"BreadcrumbList","@id":"https:\/\/www.kz-gedenkstaette-dachau.de\/dels\/historischer-ort\/virtueller-rundgang\/lagergefaengnis\/#breadcrumb","itemListElement":[{"@type":"ListItem","position":1,"name":"Start\u00b7seite","item":"https:\/\/www.kz-gedenkstaette-dachau.de\/dels\/"},{"@type":"ListItem","position":2,"name":"Historischer Ort","item":"https:\/\/www.kz-gedenkstaette-dachau.de\/dels\/historischer-ort\/"},{"@type":"ListItem","position":3,"name":"Virtueller Rund\u00b7gang","item":"https:\/\/www.kz-gedenkstaette-dachau.de\/dels\/historischer-ort\/virtueller-rundgang\/"},{"@type":"ListItem","position":4,"name":"Lager\u00b7gef\u00e4ngnis (Ausstellung)"}]},{"@type":"WebSite","@id":"https:\/\/www.kz-gedenkstaette-dachau.de\/#website","url":"https:\/\/www.kz-gedenkstaette-dachau.de\/","name":"KZ Gedenkst\u00e4tte Dachau","description":"","potentialAction":[{"@type":"SearchAction","target":{"@type":"EntryPoint","urlTemplate":"https:\/\/www.kz-gedenkstaette-dachau.de\/?s={search_term_string}"},"query-input":{"@type":"PropertyValueSpecification","valueRequired":true,"valueName":"search_term_string"}}],"inLanguage":"ls-DE"}]}},"_links":{"self":[{"href":"https:\/\/www.kz-gedenkstaette-dachau.de\/dels\/wp-json\/wp\/v2\/pages\/63667","targetHints":{"allow":["GET"]}}],"collection":[{"href":"https:\/\/www.kz-gedenkstaette-dachau.de\/dels\/wp-json\/wp\/v2\/pages"}],"about":[{"href":"https:\/\/www.kz-gedenkstaette-dachau.de\/dels\/wp-json\/wp\/v2\/types\/page"}],"author":[{"embeddable":true,"href":"https:\/\/www.kz-gedenkstaette-dachau.de\/dels\/wp-json\/wp\/v2\/users\/1"}],"replies":[{"embeddable":true,"href":"https:\/\/www.kz-gedenkstaette-dachau.de\/dels\/wp-json\/wp\/v2\/comments?post=63667"}],"version-history":[{"count":0,"href":"https:\/\/www.kz-gedenkstaette-dachau.de\/dels\/wp-json\/wp\/v2\/pages\/63667\/revisions"}],"up":[{"embeddable":true,"href":"https:\/\/www.kz-gedenkstaette-dachau.de\/dels\/wp-json\/wp\/v2\/pages\/63630"}],"wp:attachment":[{"href":"https:\/\/www.kz-gedenkstaette-dachau.de\/dels\/wp-json\/wp\/v2\/media?parent=63667"}],"curies":[{"name":"wp","href":"https:\/\/api.w.org\/{rel}","templated":true}]}}