{"id":63671,"date":"2018-09-04T12:41:43","date_gmt":"2018-09-04T10:41:43","guid":{"rendered":"https:\/\/www.kz-gedenkstaette-dachau.de\/historischer-ort\/virtueller-rundgang\/baracken\/"},"modified":"2020-03-31T15:15:59","modified_gmt":"2020-03-31T13:15:59","slug":"baracken","status":"publish","type":"page","link":"https:\/\/www.kz-gedenkstaette-dachau.de\/dels\/historischer-ort\/virtueller-rundgang\/baracken\/","title":{"rendered":"Baracken (Ausstellung)"},"content":{"rendered":"<div id=\"attachment_63672\" style=\"width: 710px\" class=\"wp-caption alignnone\"><img loading=\"lazy\" decoding=\"async\" aria-describedby=\"caption-attachment-63672\" class=\"wp-image-63672\" src=\"https:\/\/www.kz-gedenkstaette-dachau.de\/wp-content\/uploads\/2018\/11\/ehem_lagerstr_baracken-700x413.jpg\" alt=\"Die ehemalige Lager\u00b7stra\u00dfe und die rekonstruierten Baracken. Das Foto ist von 2017. (KZ-Gedenk\u00b7st\u00e4tte Dachau)\" width=\"700\" height=\"413\" srcset=\"https:\/\/www.kz-gedenkstaette-dachau.de\/wp-content\/uploads\/2018\/11\/ehem_lagerstr_baracken-700x413.jpg 700w, https:\/\/www.kz-gedenkstaette-dachau.de\/wp-content\/uploads\/2018\/11\/ehem_lagerstr_baracken-250x147.jpg 250w, https:\/\/www.kz-gedenkstaette-dachau.de\/wp-content\/uploads\/2018\/11\/ehem_lagerstr_baracken-768x453.jpg 768w, https:\/\/www.kz-gedenkstaette-dachau.de\/wp-content\/uploads\/2018\/11\/ehem_lagerstr_baracken-120x71.jpg 120w, https:\/\/www.kz-gedenkstaette-dachau.de\/wp-content\/uploads\/2018\/11\/ehem_lagerstr_baracken.jpg 1120w\" sizes=\"auto, (max-width: 700px) 100vw, 700px\" \/><p id=\"caption-attachment-63672\" class=\"wp-caption-text\"><small>Die ehemalige Lager\u00b7stra\u00dfe und die rekonstruierten Baracken.<br \/>Das Foto ist von 2017.<br \/>(KZ-Gedenk\u00b7st\u00e4tte Dachau)<small><\/p><\/div>\n<p>Station 9 sind die Baracken.<\/p>\n<p><strong>Die Baracken heute<\/strong><br \/>\nAm Anfang der ehemaligen Lager\u00b7stra\u00dfe stehen 2 Baracken.<br \/>\nDiese Baracken sind <strong>nicht<\/strong> von fr\u00fcher.<br \/>\nDiese Baracken wurden rekonstruiert.<br \/>\nDie Baracken wurden n\u00e4mlich <strong>1965 <\/strong> nach\u00b7gebaut.<br \/>\nIn der rechten Baracke ist heute eine Ausstellung.<br \/>\nIn der Ausstellung geht es um die Baracken fr\u00fcher.<br \/>\nUnd um die Lebens\u00b7umst\u00e4nde von den H\u00e4ftlingen.<br \/>\nDas hei\u00dft:<br \/>\nWie die <span style=\"color: #cc1800;\"><strong title=\"H\u00e4ftling ist ein anderes Wort f\u00fcr Gefangener.\">H\u00e4ftlinge<\/strong><\/span> in den Baracken gelebt haben.<\/p>\n<p>Fr\u00fcher gab es noch 32 Baracken.<br \/>\nVon diesen Baracken gibt es heute Grund\u00b7risse.<br \/>\nDiese Grund\u00b7risse sind Linien auf dem Boden.<br \/>\nDiese Linien zeigen:<br \/>\nHier haben die Baracken gestanden.<br \/>\nUnd so gro\u00df waren diese Baracken.<br \/>\nDie Linien sind erh\u00f6ht.<br \/>\nDie Grund\u00b7risse sind aus Beton.<br \/>\nDiese Grund\u00b7risse wurden <strong>1965 <\/strong>gemacht.<\/p>\n<p><strong>Die Baracken fr\u00fcher<\/strong><br \/>\n<strong>1937 bis 1938<\/strong> wurde das <span style=\"color: #cc1800;\"><strong title=\"Das H\u00e4ftlings\u00b7lager war wie ein Gef\u00e4ngnis. Das H\u00e4ftlings\u00b7lager war ein Teil vom KZ Dachau. Im H\u00e4ftlings\u00b7lager waren die H\u00e4ftlinge eingesperrt. Die SS hat die H\u00e4ftlinge kontrolliert. Und die SS hat die H\u00e4ftlinge isoliert. Die H\u00e4ftlinge hatten keine Privatsph\u00e4re.\">H\u00e4ftlings\u00b7lager<\/strong><\/span> vergr\u00f6\u00dfert.<br \/>\nDeshalb wurden 34 Baracken gebaut.<br \/>\n30 von den Baracken waren Wohn\u00b7baracken.<br \/>\nDie 4 anderen Baracken waren Funktions\u00b7baracken.<br \/>\n<strong>Von 1964 bis 1965<\/strong> wurden alle Baracken abgerissen.<\/p>\n<p><strong>Wohn\u00b7baracken<\/strong><br \/>\nIn den Wohn\u00b7baracken haben die H\u00e4ftlinge gewohnt.<br \/>\nBei den H\u00e4ftlingen hatten die Wohn\u00b7baracken den Namen: Block.<br \/>\nIn jeder Wohn\u00b7baracke waren 4 Stuben.<br \/>\nJede Stube hatte 2 R\u00e4ume.<br \/>\nEin Raum war der Wohn\u00b7raum.<br \/>\nIn dem Wohn\u00b7raum waren Tische und Hocker.<br \/>\nUnd Spinde.<br \/>\nEin Spind ist ein sehr schmaler Schrank.<br \/>\nDer andere Raum war ein Schlaf\u00b7raum.<br \/>\nIn dem Schlaf\u00b7raum waren Stock\u00b7betten.<br \/>\nStock\u00b7betten sind drei Betten \u00fcbereinander.<br \/>\nDie Stock\u00b7betten waren aus Holz.<br \/>\nIn jeder Wohn\u00b7baracke sollten 200 H\u00e4ftlinge leben.<br \/>\nAm Ende vom <span style=\"color: #cc1800;\"><strong title=\"Der 2. Welt\u00b7krieg war von 1939 bis 1945. Das NS-Regime hat den 2. Welt\u00b7krieg angefangen. Das NS-Regime hat n\u00e4mlich andere L\u00e4nder angegriffen. Und andere L\u00e4nder besetzt. Am 2. Welt\u00b7krieg waren viele L\u00e4nder in Europa beteiligt. Und viele L\u00e4nder aus der ganzen Welt. Der 2. Welt\u00b7krieg war der schlimmste Krieg der Geschichte. Sehr viele Menschen sind im 2. Welt\u00b7krieg gestorben. Es waren mehrere Millionen Menschen.\">2. Welt\u00b7krieg<\/strong><\/span> haben aber<br \/>\nviel mehr H\u00e4ftlinge in den Wohn\u00b7baracken gelebt.<br \/>\nIn jeder Wohn\u00b7baracke haben dann \u00fcber 2.000 H\u00e4ftlinge gelebt.<br \/>\nDeshalb waren die Wohn\u00b7baracken extrem \u00fcber\u00b7f\u00fcllt.<\/p>\n<p><strong>Die Vorschriften in den Wohn\u00b7baracken<\/strong><br \/>\nDie SS-Block\u00b7f\u00fchrer waren f\u00fcr die Baracken zust\u00e4ndig.<br \/>\nDie SS-Block\u00b7f\u00fchrer waren <span style=\"color: #cc1800;\"><strong title=\"Viele SS-M\u00e4nner haben im KZ gearbeitet. Diese SS-M\u00e4nner hatten den Namen: Lager-SS. Die Lager-SS war zust\u00e4ndig f\u00fcr die Organisation des H\u00e4ftlings\u00b7lagers. Die Lager-SS hat die H\u00e4ftlinge bewacht. Und die H\u00e4ftlinge bestraft. Die Lager-SS hat auch viele H\u00e4ftlinge miss\u00b7handelt. Und viele H\u00e4ftlinge get\u00f6tet.\">SS-M\u00e4nner<\/strong><\/span>.<br \/>\nDie SS-Block\u00b7f\u00fchrer haben die Baracken \u00fcberwacht.<br \/>\nUnd die SS-Block\u00b7f\u00fchrer haben die Baracken kontrolliert.<br \/>\nDie Baracken mussten n\u00e4mlich immer ordentlich sein.<br \/>\nDaf\u00fcr haben die SS-Block\u00b7f\u00fchrer Vorschriften gemacht.<br \/>\nDiese Vorschriften waren zum Beispiel:<\/p>\n<ul>\n<li>Die Fu\u00df\u00b7b\u00f6den m\u00fcssen sauber sein.<\/li>\n<li>Die Spinde m\u00fcssen richtig einger\u00e4umt sein.<\/li>\n<li>Die Betten m\u00fcssen immer gemacht sein.<\/li>\n<\/ul>\n<p>Manchmal haben H\u00e4ftlinge die Vorschriften <strong>nicht<\/strong> genau eingehalten.<br \/>\nZum Beispiel weil die H\u00e4ftlinge krank waren.<br \/>\nOder weil die H\u00e4ftlinge m\u00fcde waren.<br \/>\nDann wurden die H\u00e4ftlinge hart bestraft.<\/p>\n<p><strong>Funktions\u00b7baracken<\/strong><br \/>\nDie erste Funktions\u00b7baracke auf der linken Seite hatte verschiedene Funktionen.<br \/>\nZum Beispiel:<\/p>\n<ul>\n<li>als Kantine<\/li>\n<li>als Lager\u00b7schreib\u00b7stube<\/li>\n<li>als B\u00fccherei<\/li>\n<li>als SS-Museum<\/li>\n<li>als Schulungs\u00b7r\u00e4ume f\u00fcr Funktions\u00b7h\u00e4ftlinge<\/li>\n<\/ul>\n<p>In den Baracken auf der rechten Seite war das Kranken\u00b7revier.<br \/>\nAm Anfang war das Kranken\u00b7revier in den ersten 2 Baracken auf der rechten Seite.<br \/>\nSp\u00e4ter war das Kranken\u00b7revier in 7 Baracken.<br \/>\nMehr Informationen zum Kranken\u00b7revier<br \/>\nfinden Sie bei <a href=\"https:\/\/www.kz-gedenkstaette-dachau.de\/dels\/historischer-ort\/virtueller-rundgang\/krankenrevier\/\">Station 10<\/a><\/p>\n<p>Hinter dem Kranken\u00b7revier waren die Straf\u00b7bl\u00f6cke.<br \/>\nDie <span style=\"color: #cc1800;\"><strong title=\"SS ist die Abk\u00fcrzung f\u00fcr Schutz\u00b7staffel. Die SS hat zu der NSDAP geh\u00f6rt. Die SS hat die die KZ kontrolliert. Und die SS hat die H\u00e4ftlinge im KZ bewacht. Viele europ\u00e4ische Juden sind in Vernichtungs\u00b7lagern get\u00f6tet worden. Und viele europ\u00e4ische Roma und Sinti sind in Vernichtungs\u00b7lagern get\u00f6tet worden. Das hat die SS organisiert. Truppen von der SS haben auch im 2. Welt\u00b7krieg gek\u00e4mpft. Diese Truppen waren besonders brutal. Die Truppen haben gegen Widerstands\u00b7k\u00e4mpfer gek\u00e4mpft. Die Widerstands\u00b7k\u00e4mpfer waren gegen die Nazis. Und gegen die Zivil\u00b7bev\u00f6lkerung. Die Zivil\u00b7bev\u00f6lkerung k\u00e4mpft nicht im Krieg mit. Die SS hat viele Menschen ermordet.\">SS<\/strong><\/span> wollte manche H\u00e4ftlinge besonders schwer bestrafen.<br \/>\nDiese H\u00e4ftlinge mussten in den Straf\u00b7bl\u00f6cken wohnen.<br \/>\nIn den Straf\u00b7bl\u00f6cken war die Arbeit besonders schwer.<br \/>\nUnd die H\u00e4ftlinge wurden besonders schlecht versorgt.<br \/>\nUnd die H\u00e4ftlinge wurden besonders schlimm misshandelt.<\/p>\n<p>Hinter dem Kranken\u00b7revier waren auch Quarant\u00e4ne\u00b7baracken f\u00fcr neue H\u00e4ftlinge.<br \/>\nNeue H\u00e4ftlinge mussten zuerst eine Zeit in den Quarant\u00e4ne\u00b7baracken bleiben.<br \/>\nSo wollte die SS testen:<br \/>\nSind diese H\u00e4ftlinge krank?<br \/>\nSo wollte die SS Krankheiten im <span style=\"color: #cc1800;\"><strong title=\"KZ ist die Abk\u00fcrzung f\u00fcr Konzentrations\u00b7lager.\">KZ<\/strong><\/span> bek\u00e4mpfen.<\/p>\n","protected":false},"excerpt":{"rendered":"<p>Station 9 sind die Baracken. Die Baracken heute Am Anfang der ehemaligen Lager\u00b7stra\u00dfe stehen 2 Baracken. Diese Baracken sind nicht von fr\u00fcher. Diese Baracken wurden rekonstruiert. Die Baracken wurden n\u00e4mlich 1965 nach\u00b7gebaut. In der rechten Baracke ist heute eine Ausstellung. In der Ausstellung geht es um die Baracken fr\u00fcher. Und um die Lebens\u00b7umst\u00e4nde von den&#8230; <a class=\"view-article\" href=\"https:\/\/www.kz-gedenkstaette-dachau.de\/dels\/historischer-ort\/virtueller-rundgang\/baracken\/\">Artikel anzeigen<\/a><\/p>\n","protected":false},"author":1,"featured_media":0,"parent":63630,"menu_order":900,"comment_status":"closed","ping_status":"closed","template":"page-virtueller_rundgang_unterseite.php","meta":{"_acf_changed":false,"footnotes":""},"class_list":["post-63671","page","type-page","status-publish","hentry"],"acf":[],"yoast_head":"<!-- This site is optimized with the Yoast SEO plugin v27.4 - https:\/\/yoast.com\/product\/yoast-seo-wordpress\/ -->\n<title>Baracken (Ausstellung) - KZ Gedenkst\u00e4tte Dachau<\/title>\n<meta name=\"robots\" content=\"index, follow, max-snippet:-1, max-image-preview:large, max-video-preview:-1\" \/>\n<link rel=\"canonical\" href=\"https:\/\/www.kz-gedenkstaette-dachau.de\/dels\/historischer-ort\/virtueller-rundgang\/baracken\/\" \/>\n<meta property=\"og:locale\" content=\"en_US\" \/>\n<meta property=\"og:type\" content=\"article\" \/>\n<meta property=\"og:title\" content=\"Baracken (Ausstellung) - KZ Gedenkst\u00e4tte Dachau\" \/>\n<meta property=\"og:description\" content=\"Station 9 sind die Baracken. Die Baracken heute Am Anfang der ehemaligen Lager\u00b7stra\u00dfe stehen 2 Baracken. Diese Baracken sind nicht von fr\u00fcher. Diese Baracken wurden rekonstruiert. Die Baracken wurden n\u00e4mlich 1965 nach\u00b7gebaut. In der rechten Baracke ist heute eine Ausstellung. In der Ausstellung geht es um die Baracken fr\u00fcher. Und um die Lebens\u00b7umst\u00e4nde von den... Artikel anzeigen\" \/>\n<meta property=\"og:url\" content=\"https:\/\/www.kz-gedenkstaette-dachau.de\/dels\/historischer-ort\/virtueller-rundgang\/baracken\/\" \/>\n<meta property=\"og:site_name\" content=\"KZ Gedenkst\u00e4tte Dachau\" \/>\n<meta property=\"article:modified_time\" content=\"2020-03-31T13:15:59+00:00\" \/>\n<meta property=\"og:image\" content=\"https:\/\/www.kz-gedenkstaette-dachau.de\/wp-content\/uploads\/2018\/11\/ehem_lagerstr_baracken-700x413.jpg\" \/>\n<meta name=\"twitter:card\" content=\"summary_large_image\" \/>\n<meta name=\"twitter:label1\" content=\"Est. reading time\" \/>\n\t<meta name=\"twitter:data1\" content=\"3 minutes\" \/>\n<script type=\"application\/ld+json\" class=\"yoast-schema-graph\">{\"@context\":\"https:\\\/\\\/schema.org\",\"@graph\":[{\"@type\":\"WebPage\",\"@id\":\"https:\\\/\\\/www.kz-gedenkstaette-dachau.de\\\/dels\\\/historischer-ort\\\/virtueller-rundgang\\\/baracken\\\/\",\"url\":\"https:\\\/\\\/www.kz-gedenkstaette-dachau.de\\\/dels\\\/historischer-ort\\\/virtueller-rundgang\\\/baracken\\\/\",\"name\":\"Baracken (Ausstellung) - KZ Gedenkst\u00e4tte Dachau\",\"isPartOf\":{\"@id\":\"https:\\\/\\\/www.kz-gedenkstaette-dachau.de\\\/#website\"},\"primaryImageOfPage\":{\"@id\":\"https:\\\/\\\/www.kz-gedenkstaette-dachau.de\\\/dels\\\/historischer-ort\\\/virtueller-rundgang\\\/baracken\\\/#primaryimage\"},\"image\":{\"@id\":\"https:\\\/\\\/www.kz-gedenkstaette-dachau.de\\\/dels\\\/historischer-ort\\\/virtueller-rundgang\\\/baracken\\\/#primaryimage\"},\"thumbnailUrl\":\"https:\\\/\\\/www.kz-gedenkstaette-dachau.de\\\/wp-content\\\/uploads\\\/2018\\\/11\\\/ehem_lagerstr_baracken-700x413.jpg\",\"datePublished\":\"2018-09-04T10:41:43+00:00\",\"dateModified\":\"2020-03-31T13:15:59+00:00\",\"breadcrumb\":{\"@id\":\"https:\\\/\\\/www.kz-gedenkstaette-dachau.de\\\/dels\\\/historischer-ort\\\/virtueller-rundgang\\\/baracken\\\/#breadcrumb\"},\"inLanguage\":\"ls-DE\",\"potentialAction\":[{\"@type\":\"ReadAction\",\"target\":[\"https:\\\/\\\/www.kz-gedenkstaette-dachau.de\\\/dels\\\/historischer-ort\\\/virtueller-rundgang\\\/baracken\\\/\"]}]},{\"@type\":\"ImageObject\",\"inLanguage\":\"ls-DE\",\"@id\":\"https:\\\/\\\/www.kz-gedenkstaette-dachau.de\\\/dels\\\/historischer-ort\\\/virtueller-rundgang\\\/baracken\\\/#primaryimage\",\"url\":\"https:\\\/\\\/www.kz-gedenkstaette-dachau.de\\\/wp-content\\\/uploads\\\/2018\\\/11\\\/ehem_lagerstr_baracken-700x413.jpg\",\"contentUrl\":\"https:\\\/\\\/www.kz-gedenkstaette-dachau.de\\\/wp-content\\\/uploads\\\/2018\\\/11\\\/ehem_lagerstr_baracken-700x413.jpg\"},{\"@type\":\"BreadcrumbList\",\"@id\":\"https:\\\/\\\/www.kz-gedenkstaette-dachau.de\\\/dels\\\/historischer-ort\\\/virtueller-rundgang\\\/baracken\\\/#breadcrumb\",\"itemListElement\":[{\"@type\":\"ListItem\",\"position\":1,\"name\":\"Start\u00b7seite\",\"item\":\"https:\\\/\\\/www.kz-gedenkstaette-dachau.de\\\/dels\\\/\"},{\"@type\":\"ListItem\",\"position\":2,\"name\":\"Historischer Ort\",\"item\":\"https:\\\/\\\/www.kz-gedenkstaette-dachau.de\\\/dels\\\/historischer-ort\\\/\"},{\"@type\":\"ListItem\",\"position\":3,\"name\":\"Virtueller Rund\u00b7gang\",\"item\":\"https:\\\/\\\/www.kz-gedenkstaette-dachau.de\\\/dels\\\/historischer-ort\\\/virtueller-rundgang\\\/\"},{\"@type\":\"ListItem\",\"position\":4,\"name\":\"Baracken (Ausstellung)\"}]},{\"@type\":\"WebSite\",\"@id\":\"https:\\\/\\\/www.kz-gedenkstaette-dachau.de\\\/#website\",\"url\":\"https:\\\/\\\/www.kz-gedenkstaette-dachau.de\\\/\",\"name\":\"KZ Gedenkst\u00e4tte Dachau\",\"description\":\"\",\"potentialAction\":[{\"@type\":\"SearchAction\",\"target\":{\"@type\":\"EntryPoint\",\"urlTemplate\":\"https:\\\/\\\/www.kz-gedenkstaette-dachau.de\\\/?s={search_term_string}\"},\"query-input\":{\"@type\":\"PropertyValueSpecification\",\"valueRequired\":true,\"valueName\":\"search_term_string\"}}],\"inLanguage\":\"ls-DE\"}]}<\/script>\n<!-- \/ Yoast SEO plugin. -->","yoast_head_json":{"title":"Baracken (Ausstellung) - KZ Gedenkst\u00e4tte Dachau","robots":{"index":"index","follow":"follow","max-snippet":"max-snippet:-1","max-image-preview":"max-image-preview:large","max-video-preview":"max-video-preview:-1"},"canonical":"https:\/\/www.kz-gedenkstaette-dachau.de\/dels\/historischer-ort\/virtueller-rundgang\/baracken\/","og_locale":"en_US","og_type":"article","og_title":"Baracken (Ausstellung) - KZ Gedenkst\u00e4tte Dachau","og_description":"Station 9 sind die Baracken. Die Baracken heute Am Anfang der ehemaligen Lager\u00b7stra\u00dfe stehen 2 Baracken. Diese Baracken sind nicht von fr\u00fcher. Diese Baracken wurden rekonstruiert. Die Baracken wurden n\u00e4mlich 1965 nach\u00b7gebaut. In der rechten Baracke ist heute eine Ausstellung. In der Ausstellung geht es um die Baracken fr\u00fcher. Und um die Lebens\u00b7umst\u00e4nde von den... Artikel anzeigen","og_url":"https:\/\/www.kz-gedenkstaette-dachau.de\/dels\/historischer-ort\/virtueller-rundgang\/baracken\/","og_site_name":"KZ Gedenkst\u00e4tte Dachau","article_modified_time":"2020-03-31T13:15:59+00:00","og_image":[{"url":"https:\/\/www.kz-gedenkstaette-dachau.de\/wp-content\/uploads\/2018\/11\/ehem_lagerstr_baracken-700x413.jpg","type":"","width":"","height":""}],"twitter_card":"summary_large_image","twitter_misc":{"Est. reading time":"3 minutes"},"schema":{"@context":"https:\/\/schema.org","@graph":[{"@type":"WebPage","@id":"https:\/\/www.kz-gedenkstaette-dachau.de\/dels\/historischer-ort\/virtueller-rundgang\/baracken\/","url":"https:\/\/www.kz-gedenkstaette-dachau.de\/dels\/historischer-ort\/virtueller-rundgang\/baracken\/","name":"Baracken (Ausstellung) - KZ Gedenkst\u00e4tte Dachau","isPartOf":{"@id":"https:\/\/www.kz-gedenkstaette-dachau.de\/#website"},"primaryImageOfPage":{"@id":"https:\/\/www.kz-gedenkstaette-dachau.de\/dels\/historischer-ort\/virtueller-rundgang\/baracken\/#primaryimage"},"image":{"@id":"https:\/\/www.kz-gedenkstaette-dachau.de\/dels\/historischer-ort\/virtueller-rundgang\/baracken\/#primaryimage"},"thumbnailUrl":"https:\/\/www.kz-gedenkstaette-dachau.de\/wp-content\/uploads\/2018\/11\/ehem_lagerstr_baracken-700x413.jpg","datePublished":"2018-09-04T10:41:43+00:00","dateModified":"2020-03-31T13:15:59+00:00","breadcrumb":{"@id":"https:\/\/www.kz-gedenkstaette-dachau.de\/dels\/historischer-ort\/virtueller-rundgang\/baracken\/#breadcrumb"},"inLanguage":"ls-DE","potentialAction":[{"@type":"ReadAction","target":["https:\/\/www.kz-gedenkstaette-dachau.de\/dels\/historischer-ort\/virtueller-rundgang\/baracken\/"]}]},{"@type":"ImageObject","inLanguage":"ls-DE","@id":"https:\/\/www.kz-gedenkstaette-dachau.de\/dels\/historischer-ort\/virtueller-rundgang\/baracken\/#primaryimage","url":"https:\/\/www.kz-gedenkstaette-dachau.de\/wp-content\/uploads\/2018\/11\/ehem_lagerstr_baracken-700x413.jpg","contentUrl":"https:\/\/www.kz-gedenkstaette-dachau.de\/wp-content\/uploads\/2018\/11\/ehem_lagerstr_baracken-700x413.jpg"},{"@type":"BreadcrumbList","@id":"https:\/\/www.kz-gedenkstaette-dachau.de\/dels\/historischer-ort\/virtueller-rundgang\/baracken\/#breadcrumb","itemListElement":[{"@type":"ListItem","position":1,"name":"Start\u00b7seite","item":"https:\/\/www.kz-gedenkstaette-dachau.de\/dels\/"},{"@type":"ListItem","position":2,"name":"Historischer Ort","item":"https:\/\/www.kz-gedenkstaette-dachau.de\/dels\/historischer-ort\/"},{"@type":"ListItem","position":3,"name":"Virtueller Rund\u00b7gang","item":"https:\/\/www.kz-gedenkstaette-dachau.de\/dels\/historischer-ort\/virtueller-rundgang\/"},{"@type":"ListItem","position":4,"name":"Baracken (Ausstellung)"}]},{"@type":"WebSite","@id":"https:\/\/www.kz-gedenkstaette-dachau.de\/#website","url":"https:\/\/www.kz-gedenkstaette-dachau.de\/","name":"KZ Gedenkst\u00e4tte Dachau","description":"","potentialAction":[{"@type":"SearchAction","target":{"@type":"EntryPoint","urlTemplate":"https:\/\/www.kz-gedenkstaette-dachau.de\/?s={search_term_string}"},"query-input":{"@type":"PropertyValueSpecification","valueRequired":true,"valueName":"search_term_string"}}],"inLanguage":"ls-DE"}]}},"_links":{"self":[{"href":"https:\/\/www.kz-gedenkstaette-dachau.de\/dels\/wp-json\/wp\/v2\/pages\/63671","targetHints":{"allow":["GET"]}}],"collection":[{"href":"https:\/\/www.kz-gedenkstaette-dachau.de\/dels\/wp-json\/wp\/v2\/pages"}],"about":[{"href":"https:\/\/www.kz-gedenkstaette-dachau.de\/dels\/wp-json\/wp\/v2\/types\/page"}],"author":[{"embeddable":true,"href":"https:\/\/www.kz-gedenkstaette-dachau.de\/dels\/wp-json\/wp\/v2\/users\/1"}],"replies":[{"embeddable":true,"href":"https:\/\/www.kz-gedenkstaette-dachau.de\/dels\/wp-json\/wp\/v2\/comments?post=63671"}],"version-history":[{"count":0,"href":"https:\/\/www.kz-gedenkstaette-dachau.de\/dels\/wp-json\/wp\/v2\/pages\/63671\/revisions"}],"up":[{"embeddable":true,"href":"https:\/\/www.kz-gedenkstaette-dachau.de\/dels\/wp-json\/wp\/v2\/pages\/63630"}],"wp:attachment":[{"href":"https:\/\/www.kz-gedenkstaette-dachau.de\/dels\/wp-json\/wp\/v2\/media?parent=63671"}],"curies":[{"name":"wp","href":"https:\/\/api.w.org\/{rel}","templated":true}]}}