{"id":63683,"date":"2018-09-04T12:42:49","date_gmt":"2018-09-04T10:42:49","guid":{"rendered":"https:\/\/www.kz-gedenkstaette-dachau.de\/historischer-ort\/virtueller-rundgang\/bewachungsanlage\/"},"modified":"2020-03-31T17:29:26","modified_gmt":"2020-03-31T15:29:26","slug":"bewachungsanlage","status":"publish","type":"page","link":"https:\/\/www.kz-gedenkstaette-dachau.de\/dels\/historischer-ort\/virtueller-rundgang\/bewachungsanlage\/","title":{"rendered":"Bewachungs\u00b7anlage"},"content":{"rendered":"<div id=\"attachment_63684\" style=\"width: 710px\" class=\"wp-caption alignnone\"><img loading=\"lazy\" decoding=\"async\" aria-describedby=\"caption-attachment-63684\" class=\"wp-image-63684\" src=\"https:\/\/www.kz-gedenkstaette-dachau.de\/wp-content\/uploads\/2018\/11\/rekonstruierte_bewachungsanlage-250x147.jpg\" alt=\"Rekonstruierte Bewachungs\u00b7anlage. Das Foto ist von 2017. (KZ-Gedenk\u00b7st\u00e4tte Dachau)\" width=\"700\" height=\"413\" srcset=\"https:\/\/www.kz-gedenkstaette-dachau.de\/wp-content\/uploads\/2018\/11\/rekonstruierte_bewachungsanlage-250x147.jpg 250w, https:\/\/www.kz-gedenkstaette-dachau.de\/wp-content\/uploads\/2018\/11\/rekonstruierte_bewachungsanlage-768x453.jpg 768w, https:\/\/www.kz-gedenkstaette-dachau.de\/wp-content\/uploads\/2018\/11\/rekonstruierte_bewachungsanlage-700x413.jpg 700w, https:\/\/www.kz-gedenkstaette-dachau.de\/wp-content\/uploads\/2018\/11\/rekonstruierte_bewachungsanlage-120x71.jpg 120w, https:\/\/www.kz-gedenkstaette-dachau.de\/wp-content\/uploads\/2018\/11\/rekonstruierte_bewachungsanlage.jpg 1120w\" sizes=\"auto, (max-width: 700px) 100vw, 700px\" \/><p id=\"caption-attachment-63684\" class=\"wp-caption-text\"><small>Rekonstruierte Bewachungs\u00b7anlage.<br \/>Das Foto ist von 2017.<br \/>(KZ-Gedenk\u00b7st\u00e4tte Dachau)<small><\/p><\/div>\n<p>Station 12 ist die Bewachungs\u00b7anlage.<\/p>\n<p><strong>Von 1937 bis 1938<\/strong> wurde das <span style=\"color: #cc1800;\"><strong title=\"Das H\u00e4ftlings\u00b7lager war wie ein Gef\u00e4ngnis. Das H\u00e4ftlings\u00b7lager war ein Teil vom KZ Dachau. Im H\u00e4ftlings\u00b7lager waren die H\u00e4ftlinge eingesperrt. Die SS hat die H\u00e4ftlinge kontrolliert. Und die SS hat die H\u00e4ftlinge isoliert. Die H\u00e4ftlinge hatten keine Privatsph\u00e4re.\">H\u00e4ftlings\u00b7lager<\/strong><\/span> vergr\u00f6\u00dfert.<br \/>\nDabei wurde auch eine Bewachungs\u00b7anlage gebaut.<br \/>\nMit dieser Bewachungs\u00b7anlage<br \/>\nkonnten die <span style=\"color: #cc1800;\"><strong title=\"H\u00e4ftling ist ein anderes Wort f\u00fcr Gefangener.\">H\u00e4ftling<\/strong><\/span> noch besser bewacht werden.<br \/>\n<strong>1948<\/strong> wurde auf dem ehemaligen H\u00e4ftlings\u00b7lager ein Fl\u00fcchtlings\u00b7lager gebaut.<br \/>\nDeshalb wurde der Zaun um das Lager entfernt.<br \/>\nUnd ein Wach\u00b7turm wurde abgerissen.<\/p>\n<p><strong>Die Bewachungs\u00b7anlage heute<\/strong><br \/>\n<strong>1965<\/strong> wurde die Gedenk\u00b7st\u00e4tte er\u00f6ffnet.<br \/>\nZu dieser Zeit wurde auch der Wach\u00b7turm rekonstruiert.<br \/>\nUnd die alten Wach\u00b7t\u00fcrme restauriert.<br \/>\nEin Teil vom Zaun wurde auch wieder aufgebaut.<br \/>\nDie rekonstruierte Bewachungs\u00b7anlage<br \/>\nist in der N\u00e4he vom Wirtschafts\u00b7geb\u00e4ude.<br \/>\nUnd am Zugang zum Krematoriums\u00b7bereich.<\/p>\n<p><strong>Die Bewachungs\u00b7anlage fr\u00fcher<\/strong><br \/>\nDie Bewachungs\u00b7anlage hatte 7 Wach\u00b7t\u00fcrme.<br \/>\nAn den Wach\u00b7t\u00fcrmen waren Maschinen\u00b7gewehre.<br \/>\nVon diesen Wach\u00b7t\u00fcrmen aus<br \/>\nhaben SS-M\u00e4nner das H\u00e4ftlings\u00b7lager bewacht.<br \/>\nUnd die H\u00e4ftlinge.<br \/>\nDas haben die <span style=\"color: #cc1800;\"><strong title=\"Viele SS-M\u00e4nner haben im KZ gearbeitet. Diese SS-M\u00e4nner hatten den Namen: Lager-SS. Die Lager-SS war zust\u00e4ndig f\u00fcr die Organisation des H\u00e4ftlings\u00b7lagers. Die Lager-SS hat die H\u00e4ftlinge bewacht. Und die H\u00e4ftlinge bestraft. Die Lager-SS hat auch viele H\u00e4ftlinge miss\u00b7handelt. Und viele H\u00e4ftlinge get\u00f6tet.\">SS-M\u00e4nner<\/strong><\/span> zu jeder Tages\u00b7zeit gemacht.<\/p>\n<p>Das H\u00e4ftlings\u00b7lager hatte an 3 Seiten einen Zaun.<br \/>\nDieser Zaun war 3 Meter hoch.<br \/>\nAn der 4. Seite vom H\u00e4ftlings\u00b7lager war ein Fluss.<br \/>\nDer Fluss hei\u00dft W\u00fcrm.<br \/>\nDer Fluss hat das H\u00e4ftlings\u00b7lager vom <span style=\"color: #cc1800;\"><strong title=\"Das SS-Lager war ein Teil\u00b7bereich vom KZ Dachau.\">SS-Lager<\/strong><\/span> getrennt.<br \/>\nUm das KZ herum war eine Au\u00dfen\u00b7mauer.<br \/>\nAuf der Innen\u00b7seite von der Au\u00dfen\u00b7mauer war ein Stachel\u00b7draht\u00b7zaun.<br \/>\nUnd vor der W\u00fcrm.<br \/>\nDer Stachel\u00b7draht\u00b7zaun war elektrisch geladen.<br \/>\nVor dem Stachel\u00b7draht\u00b7zaun war ein Hindernis aus Stachel\u00b7draht.<br \/>\nDavor war ein Graben.<br \/>\nDer Graben war 2 Meter tief.<br \/>\nDavor war eine Rasen\u00b7fl\u00e4che.<br \/>\nBei der <span style=\"color: #cc1800;\"><strong title=\"SS ist die Abk\u00fcrzung f\u00fcr Schutz\u00b7staffel. Die SS hat zu der NSDAP geh\u00f6rt. Die SS hat die die KZ kontrolliert. Und die SS hat die H\u00e4ftlinge im KZ bewacht. Viele europ\u00e4ische Juden sind in Vernichtungs\u00b7lagern get\u00f6tet worden. Und viele europ\u00e4ische Roma und Sinti sind in Vernichtungs\u00b7lagern get\u00f6tet worden. Das hat die SS organisiert. Truppen von der SS haben auch im 2. Welt\u00b7krieg gek\u00e4mpft. Diese Truppen waren besonders brutal. Die Truppen haben gegen Widerstands\u00b7k\u00e4mpfer gek\u00e4mpft. Die Widerstands\u00b7k\u00e4mpfer waren gegen die Nazis. Und gegen die Zivil\u00b7bev\u00f6lkerung. Die Zivil\u00b7bev\u00f6lkerung k\u00e4mpft nicht im Krieg mit. Die SS hat viele Menschen ermordet.\">SS<\/strong><\/span> hatte die Rasen\u00b7fl\u00e4che den Namen: neutrale Zone.<\/p>\n<p><strong>Die neutrale Zone<\/strong><br \/>\nH\u00e4ftlinge durften die neutrale Zone <strong>nicht<\/strong> betreten.<br \/>\nHat ein H\u00e4ftling die neutrale Zone betreten?<\/p>\n<p>Dann haben die Wach\u00b7m\u00e4nner diesen H\u00e4ftling erschossen.<br \/>\nManche H\u00e4ftlinge hatten besonders viel Angst vor der SS.<br \/>\nDiese H\u00e4ftlinge waren besonders verzweifelt.<br \/>\nUnd diese H\u00e4ftlinge haben sehr unter den Lebens\u00b7bedingungen im <span style=\"color: #cc1800;\"><strong title=\"KZ ist die Abk\u00fcrzung f\u00fcr Konzentrations\u00b7lager.\">KZ<\/strong><\/span> gelitten.<br \/>\nDeshalb wollten diese H\u00e4ftlinge <strong>nicht<\/strong> mehr leben.<br \/>\nDeshalb sind diese H\u00e4ftlinge absichtlich in die neutrale Zone gegangen.<br \/>\nDiese H\u00e4ftlinge sind dann erschossen worden.<br \/>\nManche H\u00e4ftlinge haben sich aber auch in den Stachel\u00b7draht\u00b7zaun geworfen.<br \/>\nDer elektrisch geladene Stachel\u00b7draht\u00b7zaun hat die H\u00e4ftlinge dann get\u00f6tet.<\/p>\n<p>Manchmal haben Wach\u00b7m\u00e4nner<br \/>\nH\u00e4ftlinge gezwungen in die neutrale Zone zu gehen.<br \/>\nDann konnten die SS-M\u00e4nner behaupten:<br \/>\nDiese H\u00e4ftlinge wollten fliehen.<br \/>\nDann konnten die SS-M\u00e4nner die H\u00e4ftlinge erschie\u00dfen.<\/p>\n","protected":false},"excerpt":{"rendered":"<p>Station 12 ist die Bewachungs\u00b7anlage. Von 1937 bis 1938 wurde das H\u00e4ftlings\u00b7lager vergr\u00f6\u00dfert. Dabei wurde auch eine Bewachungs\u00b7anlage gebaut. Mit dieser Bewachungs\u00b7anlage konnten die H\u00e4ftling noch besser bewacht werden. 1948 wurde auf dem ehemaligen H\u00e4ftlings\u00b7lager ein Fl\u00fcchtlings\u00b7lager gebaut. Deshalb wurde der Zaun um das Lager entfernt. Und ein Wach\u00b7turm wurde abgerissen. Die Bewachungs\u00b7anlage heute 1965&#8230; <a class=\"view-article\" href=\"https:\/\/www.kz-gedenkstaette-dachau.de\/dels\/historischer-ort\/virtueller-rundgang\/bewachungsanlage\/\">Artikel anzeigen<\/a><\/p>\n","protected":false},"author":1,"featured_media":0,"parent":63630,"menu_order":1200,"comment_status":"closed","ping_status":"closed","template":"page-virtueller_rundgang_unterseite.php","meta":{"_acf_changed":false,"footnotes":""},"class_list":["post-63683","page","type-page","status-publish","hentry"],"acf":[],"yoast_head":"<!-- This site is optimized with the Yoast SEO plugin v27.3 - https:\/\/yoast.com\/product\/yoast-seo-wordpress\/ -->\n<title>Bewachungs\u00b7anlage - KZ Gedenkst\u00e4tte Dachau<\/title>\n<meta name=\"robots\" content=\"index, follow, max-snippet:-1, max-image-preview:large, max-video-preview:-1\" \/>\n<link rel=\"canonical\" href=\"https:\/\/www.kz-gedenkstaette-dachau.de\/dels\/historischer-ort\/virtueller-rundgang\/bewachungsanlage\/\" \/>\n<meta property=\"og:locale\" content=\"en_US\" \/>\n<meta property=\"og:type\" content=\"article\" \/>\n<meta property=\"og:title\" content=\"Bewachungs\u00b7anlage - KZ Gedenkst\u00e4tte Dachau\" \/>\n<meta property=\"og:description\" content=\"Station 12 ist die Bewachungs\u00b7anlage. Von 1937 bis 1938 wurde das H\u00e4ftlings\u00b7lager vergr\u00f6\u00dfert. Dabei wurde auch eine Bewachungs\u00b7anlage gebaut. Mit dieser Bewachungs\u00b7anlage konnten die H\u00e4ftling noch besser bewacht werden. 1948 wurde auf dem ehemaligen H\u00e4ftlings\u00b7lager ein Fl\u00fcchtlings\u00b7lager gebaut. Deshalb wurde der Zaun um das Lager entfernt. Und ein Wach\u00b7turm wurde abgerissen. Die Bewachungs\u00b7anlage heute 1965... Artikel anzeigen\" \/>\n<meta property=\"og:url\" content=\"https:\/\/www.kz-gedenkstaette-dachau.de\/dels\/historischer-ort\/virtueller-rundgang\/bewachungsanlage\/\" \/>\n<meta property=\"og:site_name\" content=\"KZ Gedenkst\u00e4tte Dachau\" \/>\n<meta property=\"article:modified_time\" content=\"2020-03-31T15:29:26+00:00\" \/>\n<meta property=\"og:image\" content=\"https:\/\/www.kz-gedenkstaette-dachau.de\/wp-content\/uploads\/2018\/11\/rekonstruierte_bewachungsanlage-250x147.jpg\" \/>\n<meta name=\"twitter:card\" content=\"summary_large_image\" \/>\n<meta name=\"twitter:label1\" content=\"Est. reading time\" \/>\n\t<meta name=\"twitter:data1\" content=\"2 minutes\" \/>\n<script type=\"application\/ld+json\" class=\"yoast-schema-graph\">{\"@context\":\"https:\\\/\\\/schema.org\",\"@graph\":[{\"@type\":\"WebPage\",\"@id\":\"https:\\\/\\\/www.kz-gedenkstaette-dachau.de\\\/dels\\\/historischer-ort\\\/virtueller-rundgang\\\/bewachungsanlage\\\/\",\"url\":\"https:\\\/\\\/www.kz-gedenkstaette-dachau.de\\\/dels\\\/historischer-ort\\\/virtueller-rundgang\\\/bewachungsanlage\\\/\",\"name\":\"Bewachungs\u00b7anlage - KZ Gedenkst\u00e4tte Dachau\",\"isPartOf\":{\"@id\":\"https:\\\/\\\/www.kz-gedenkstaette-dachau.de\\\/#website\"},\"primaryImageOfPage\":{\"@id\":\"https:\\\/\\\/www.kz-gedenkstaette-dachau.de\\\/dels\\\/historischer-ort\\\/virtueller-rundgang\\\/bewachungsanlage\\\/#primaryimage\"},\"image\":{\"@id\":\"https:\\\/\\\/www.kz-gedenkstaette-dachau.de\\\/dels\\\/historischer-ort\\\/virtueller-rundgang\\\/bewachungsanlage\\\/#primaryimage\"},\"thumbnailUrl\":\"https:\\\/\\\/www.kz-gedenkstaette-dachau.de\\\/wp-content\\\/uploads\\\/2018\\\/11\\\/rekonstruierte_bewachungsanlage-250x147.jpg\",\"datePublished\":\"2018-09-04T10:42:49+00:00\",\"dateModified\":\"2020-03-31T15:29:26+00:00\",\"breadcrumb\":{\"@id\":\"https:\\\/\\\/www.kz-gedenkstaette-dachau.de\\\/dels\\\/historischer-ort\\\/virtueller-rundgang\\\/bewachungsanlage\\\/#breadcrumb\"},\"inLanguage\":\"ls-DE\",\"potentialAction\":[{\"@type\":\"ReadAction\",\"target\":[\"https:\\\/\\\/www.kz-gedenkstaette-dachau.de\\\/dels\\\/historischer-ort\\\/virtueller-rundgang\\\/bewachungsanlage\\\/\"]}]},{\"@type\":\"ImageObject\",\"inLanguage\":\"ls-DE\",\"@id\":\"https:\\\/\\\/www.kz-gedenkstaette-dachau.de\\\/dels\\\/historischer-ort\\\/virtueller-rundgang\\\/bewachungsanlage\\\/#primaryimage\",\"url\":\"https:\\\/\\\/www.kz-gedenkstaette-dachau.de\\\/wp-content\\\/uploads\\\/2018\\\/11\\\/rekonstruierte_bewachungsanlage-250x147.jpg\",\"contentUrl\":\"https:\\\/\\\/www.kz-gedenkstaette-dachau.de\\\/wp-content\\\/uploads\\\/2018\\\/11\\\/rekonstruierte_bewachungsanlage-250x147.jpg\"},{\"@type\":\"BreadcrumbList\",\"@id\":\"https:\\\/\\\/www.kz-gedenkstaette-dachau.de\\\/dels\\\/historischer-ort\\\/virtueller-rundgang\\\/bewachungsanlage\\\/#breadcrumb\",\"itemListElement\":[{\"@type\":\"ListItem\",\"position\":1,\"name\":\"Start\u00b7seite\",\"item\":\"https:\\\/\\\/www.kz-gedenkstaette-dachau.de\\\/dels\\\/\"},{\"@type\":\"ListItem\",\"position\":2,\"name\":\"Historischer Ort\",\"item\":\"https:\\\/\\\/www.kz-gedenkstaette-dachau.de\\\/dels\\\/historischer-ort\\\/\"},{\"@type\":\"ListItem\",\"position\":3,\"name\":\"Virtueller Rund\u00b7gang\",\"item\":\"https:\\\/\\\/www.kz-gedenkstaette-dachau.de\\\/dels\\\/historischer-ort\\\/virtueller-rundgang\\\/\"},{\"@type\":\"ListItem\",\"position\":4,\"name\":\"Bewachungs\u00b7anlage\"}]},{\"@type\":\"WebSite\",\"@id\":\"https:\\\/\\\/www.kz-gedenkstaette-dachau.de\\\/#website\",\"url\":\"https:\\\/\\\/www.kz-gedenkstaette-dachau.de\\\/\",\"name\":\"KZ Gedenkst\u00e4tte Dachau\",\"description\":\"\",\"potentialAction\":[{\"@type\":\"SearchAction\",\"target\":{\"@type\":\"EntryPoint\",\"urlTemplate\":\"https:\\\/\\\/www.kz-gedenkstaette-dachau.de\\\/?s={search_term_string}\"},\"query-input\":{\"@type\":\"PropertyValueSpecification\",\"valueRequired\":true,\"valueName\":\"search_term_string\"}}],\"inLanguage\":\"ls-DE\"}]}<\/script>\n<!-- \/ Yoast SEO plugin. -->","yoast_head_json":{"title":"Bewachungs\u00b7anlage - KZ Gedenkst\u00e4tte Dachau","robots":{"index":"index","follow":"follow","max-snippet":"max-snippet:-1","max-image-preview":"max-image-preview:large","max-video-preview":"max-video-preview:-1"},"canonical":"https:\/\/www.kz-gedenkstaette-dachau.de\/dels\/historischer-ort\/virtueller-rundgang\/bewachungsanlage\/","og_locale":"en_US","og_type":"article","og_title":"Bewachungs\u00b7anlage - KZ Gedenkst\u00e4tte Dachau","og_description":"Station 12 ist die Bewachungs\u00b7anlage. Von 1937 bis 1938 wurde das H\u00e4ftlings\u00b7lager vergr\u00f6\u00dfert. Dabei wurde auch eine Bewachungs\u00b7anlage gebaut. Mit dieser Bewachungs\u00b7anlage konnten die H\u00e4ftling noch besser bewacht werden. 1948 wurde auf dem ehemaligen H\u00e4ftlings\u00b7lager ein Fl\u00fcchtlings\u00b7lager gebaut. Deshalb wurde der Zaun um das Lager entfernt. Und ein Wach\u00b7turm wurde abgerissen. Die Bewachungs\u00b7anlage heute 1965... Artikel anzeigen","og_url":"https:\/\/www.kz-gedenkstaette-dachau.de\/dels\/historischer-ort\/virtueller-rundgang\/bewachungsanlage\/","og_site_name":"KZ Gedenkst\u00e4tte Dachau","article_modified_time":"2020-03-31T15:29:26+00:00","og_image":[{"url":"https:\/\/www.kz-gedenkstaette-dachau.de\/wp-content\/uploads\/2018\/11\/rekonstruierte_bewachungsanlage-250x147.jpg","type":"","width":"","height":""}],"twitter_card":"summary_large_image","twitter_misc":{"Est. reading time":"2 minutes"},"schema":{"@context":"https:\/\/schema.org","@graph":[{"@type":"WebPage","@id":"https:\/\/www.kz-gedenkstaette-dachau.de\/dels\/historischer-ort\/virtueller-rundgang\/bewachungsanlage\/","url":"https:\/\/www.kz-gedenkstaette-dachau.de\/dels\/historischer-ort\/virtueller-rundgang\/bewachungsanlage\/","name":"Bewachungs\u00b7anlage - KZ Gedenkst\u00e4tte Dachau","isPartOf":{"@id":"https:\/\/www.kz-gedenkstaette-dachau.de\/#website"},"primaryImageOfPage":{"@id":"https:\/\/www.kz-gedenkstaette-dachau.de\/dels\/historischer-ort\/virtueller-rundgang\/bewachungsanlage\/#primaryimage"},"image":{"@id":"https:\/\/www.kz-gedenkstaette-dachau.de\/dels\/historischer-ort\/virtueller-rundgang\/bewachungsanlage\/#primaryimage"},"thumbnailUrl":"https:\/\/www.kz-gedenkstaette-dachau.de\/wp-content\/uploads\/2018\/11\/rekonstruierte_bewachungsanlage-250x147.jpg","datePublished":"2018-09-04T10:42:49+00:00","dateModified":"2020-03-31T15:29:26+00:00","breadcrumb":{"@id":"https:\/\/www.kz-gedenkstaette-dachau.de\/dels\/historischer-ort\/virtueller-rundgang\/bewachungsanlage\/#breadcrumb"},"inLanguage":"ls-DE","potentialAction":[{"@type":"ReadAction","target":["https:\/\/www.kz-gedenkstaette-dachau.de\/dels\/historischer-ort\/virtueller-rundgang\/bewachungsanlage\/"]}]},{"@type":"ImageObject","inLanguage":"ls-DE","@id":"https:\/\/www.kz-gedenkstaette-dachau.de\/dels\/historischer-ort\/virtueller-rundgang\/bewachungsanlage\/#primaryimage","url":"https:\/\/www.kz-gedenkstaette-dachau.de\/wp-content\/uploads\/2018\/11\/rekonstruierte_bewachungsanlage-250x147.jpg","contentUrl":"https:\/\/www.kz-gedenkstaette-dachau.de\/wp-content\/uploads\/2018\/11\/rekonstruierte_bewachungsanlage-250x147.jpg"},{"@type":"BreadcrumbList","@id":"https:\/\/www.kz-gedenkstaette-dachau.de\/dels\/historischer-ort\/virtueller-rundgang\/bewachungsanlage\/#breadcrumb","itemListElement":[{"@type":"ListItem","position":1,"name":"Start\u00b7seite","item":"https:\/\/www.kz-gedenkstaette-dachau.de\/dels\/"},{"@type":"ListItem","position":2,"name":"Historischer Ort","item":"https:\/\/www.kz-gedenkstaette-dachau.de\/dels\/historischer-ort\/"},{"@type":"ListItem","position":3,"name":"Virtueller Rund\u00b7gang","item":"https:\/\/www.kz-gedenkstaette-dachau.de\/dels\/historischer-ort\/virtueller-rundgang\/"},{"@type":"ListItem","position":4,"name":"Bewachungs\u00b7anlage"}]},{"@type":"WebSite","@id":"https:\/\/www.kz-gedenkstaette-dachau.de\/#website","url":"https:\/\/www.kz-gedenkstaette-dachau.de\/","name":"KZ Gedenkst\u00e4tte Dachau","description":"","potentialAction":[{"@type":"SearchAction","target":{"@type":"EntryPoint","urlTemplate":"https:\/\/www.kz-gedenkstaette-dachau.de\/?s={search_term_string}"},"query-input":{"@type":"PropertyValueSpecification","valueRequired":true,"valueName":"search_term_string"}}],"inLanguage":"ls-DE"}]}},"_links":{"self":[{"href":"https:\/\/www.kz-gedenkstaette-dachau.de\/dels\/wp-json\/wp\/v2\/pages\/63683","targetHints":{"allow":["GET"]}}],"collection":[{"href":"https:\/\/www.kz-gedenkstaette-dachau.de\/dels\/wp-json\/wp\/v2\/pages"}],"about":[{"href":"https:\/\/www.kz-gedenkstaette-dachau.de\/dels\/wp-json\/wp\/v2\/types\/page"}],"author":[{"embeddable":true,"href":"https:\/\/www.kz-gedenkstaette-dachau.de\/dels\/wp-json\/wp\/v2\/users\/1"}],"replies":[{"embeddable":true,"href":"https:\/\/www.kz-gedenkstaette-dachau.de\/dels\/wp-json\/wp\/v2\/comments?post=63683"}],"version-history":[{"count":0,"href":"https:\/\/www.kz-gedenkstaette-dachau.de\/dels\/wp-json\/wp\/v2\/pages\/63683\/revisions"}],"up":[{"embeddable":true,"href":"https:\/\/www.kz-gedenkstaette-dachau.de\/dels\/wp-json\/wp\/v2\/pages\/63630"}],"wp:attachment":[{"href":"https:\/\/www.kz-gedenkstaette-dachau.de\/dels\/wp-json\/wp\/v2\/media?parent=63683"}],"curies":[{"name":"wp","href":"https:\/\/api.w.org\/{rel}","templated":true}]}}