{"id":63687,"date":"2018-09-04T12:43:23","date_gmt":"2018-09-04T10:43:23","guid":{"rendered":"https:\/\/www.kz-gedenkstaette-dachau.de\/historischer-ort\/virtueller-rundgang\/krematoriumsbereich\/"},"modified":"2020-03-31T17:34:36","modified_gmt":"2020-03-31T15:34:36","slug":"krematoriumsbereich","status":"publish","type":"page","link":"https:\/\/www.kz-gedenkstaette-dachau.de\/dels\/historischer-ort\/virtueller-rundgang\/krematoriumsbereich\/","title":{"rendered":"Krematoriums\u00b7bereich"},"content":{"rendered":"<div id=\"attachment_57032\" style=\"width: 710px\" class=\"wp-caption alignnone\"><img loading=\"lazy\" decoding=\"async\" aria-describedby=\"caption-attachment-57032\" class=\"wp-image-57032\" src=\"https:\/\/www.kz-gedenkstaette-dachau.de\/wp-content\/uploads\/2018\/11\/ehem_baracke_x-250x147.jpg\" alt=\"Die Baracke X im Krematoriums\u00b7bereich. Das Foto ist von 2017. (KZ-Gedenk\u00b7st\u00e4tte Dachau)\" width=\"700\" height=\"413\" srcset=\"https:\/\/www.kz-gedenkstaette-dachau.de\/wp-content\/uploads\/2018\/11\/ehem_baracke_x-250x147.jpg 250w, https:\/\/www.kz-gedenkstaette-dachau.de\/wp-content\/uploads\/2018\/11\/ehem_baracke_x-768x453.jpg 768w, https:\/\/www.kz-gedenkstaette-dachau.de\/wp-content\/uploads\/2018\/11\/ehem_baracke_x-700x413.jpg 700w, https:\/\/www.kz-gedenkstaette-dachau.de\/wp-content\/uploads\/2018\/11\/ehem_baracke_x-120x71.jpg 120w, https:\/\/www.kz-gedenkstaette-dachau.de\/wp-content\/uploads\/2018\/11\/ehem_baracke_x.jpg 1120w\" sizes=\"auto, (max-width: 700px) 100vw, 700px\" \/><p id=\"caption-attachment-57032\" class=\"wp-caption-text\"><small>Die Baracke X im Krematoriums\u00b7bereich.<br \/>Das Foto ist von 2017.<br \/>(KZ-Gedenk\u00b7st\u00e4tte Dachau)<small><\/p><\/div>\n<p>Station 13 ist der Krematoriums\u00b7bereich.<br \/>\nIn einem Krematorium werden tote Menschen verbrannt.<br \/>\nIm Krematoriums\u00b7bereich waren fr\u00fcher 2 Krematorien.<\/p>\n<p><strong>Der Krematoriums\u00b7bereich heute<\/strong><br \/>\nDer Krematoriums\u00b7bereich ist der zentrale Gedenk\u00b7ort in der Gedenk\u00b7st\u00e4tte.<br \/>\nAm <strong>29. April 1945<\/strong> wurde das KZ Dachau befreit.<br \/>\nSeitdem ist der Krematoriums\u00b7bereich<br \/>\nein Gedenk\u00b7ort f\u00fcr die Opfer vom KZ.<br \/>\n<strong>1960 bis 1970<\/strong> wurde der Krematoriums\u00b7bereich umgebaut.<br \/>\nJetzt ist der Bereich so \u00e4hnlich wie ein Fried\u00b7hof.<br \/>\nHeute f\u00fchrt eine Br\u00fccke vom <span style=\"color: #cc1800;\"><strong title=\"Das H\u00e4ftlings\u00b7lager war wie ein Gef\u00e4ngnis. Das H\u00e4ftlings\u00b7lager war ein Teil vom KZ Dachau. Im H\u00e4ftlings\u00b7lager waren die H\u00e4ftlinge eingesperrt. Die SS hat die H\u00e4ftlinge kontrolliert. Und die SS hat die H\u00e4ftlinge isoliert. Die H\u00e4ftlinge hatten keine Privatsph\u00e4re.\">H\u00e4ftlings\u00b7lager<\/strong><\/span> zum Krematoriums\u00b7bereich.<\/p>\n<p><strong>Der Krematoriums\u00b7bereich fr\u00fcher<\/strong><br \/>\nFr\u00fcher war der Krematoriums\u00b7bereich ein Teil vom <span style=\"color: #cc1800;\"><strong title=\"Das SS-Lager war ein Teil\u00b7bereich vom KZ Dachau.\">SS-Lager<\/strong><\/span>.<br \/>\nDeshalb war der Krematoriums\u00b7bereich vom H\u00e4ftlings\u00b7lager abgetrennt.<br \/>\nDer Krematoriums\u00b7bereich war durch eine Mauer abgetrennt.<br \/>\nNur <span style=\"color: #cc1800;\"><strong title=\"Viele SS-M\u00e4nner haben im KZ gearbeitet. Diese SS-M\u00e4nner hatten den Namen: Lager-SS. Die Lager-SS war zust\u00e4ndig f\u00fcr die Organisation des H\u00e4ftlings\u00b7lagers. Die Lager-SS hat die H\u00e4ftlinge bewacht. Und die H\u00e4ftlinge bestraft. Die Lager-SS hat auch viele H\u00e4ftlinge miss\u00b7handelt. Und viele H\u00e4ftlinge get\u00f6tet.\">SS-M\u00e4nner<\/strong><\/span> durften den Krematoriums\u00b7bereich betreten.<br \/>\nUnd ein paar <span style=\"color: #cc1800;\"><strong title=\"H\u00e4ftling ist ein anderes Wort f\u00fcr Gefangener.\">H\u00e4ftlinge<\/strong><\/span>.<br \/>\nDiese H\u00e4ftlinge mussten im Krematoriums\u00b7bereich arbeiten.<br \/>\nDie H\u00e4ftlinge mussten tote Mit\u00b7h\u00e4ftlinge verbrennen.<\/p>\n<p>Der Krematoriums\u00b7bereich war auch ein Hinrichtungs\u00b7ort.<br \/>\nDie <span style=\"color: #cc1800;\"><strong title=\"SS ist die Abk\u00fcrzung f\u00fcr Schutz\u00b7staffel. Die SS hat zu der NSDAP geh\u00f6rt. Die SS hat die die KZ kontrolliert. Und die SS hat die H\u00e4ftlinge im KZ bewacht. Viele europ\u00e4ische Juden sind in Vernichtungs\u00b7lagern get\u00f6tet worden. Und viele europ\u00e4ische Roma und Sinti sind in Vernichtungs\u00b7lagern get\u00f6tet worden. Das hat die SS organisiert. Truppen von der SS haben auch im 2. Welt\u00b7krieg gek\u00e4mpft. Diese Truppen waren besonders brutal. Die Truppen haben gegen Widerstands\u00b7k\u00e4mpfer gek\u00e4mpft. Die Widerstands\u00b7k\u00e4mpfer waren gegen die Nazis. Und gegen die Zivil\u00b7bev\u00f6lkerung. Die Zivil\u00b7bev\u00f6lkerung k\u00e4mpft nicht im Krieg mit. Die SS hat viele Menschen ermordet.\">SS<\/strong><\/span> hat im Krematoriums\u00b7bereich n\u00e4mlich viele H\u00e4ftlinge get\u00f6tet.<br \/>\nDiese H\u00e4ftlinge waren meistens Mitglieder von Widerstands\u00b7organisationen.<br \/>\nDie H\u00e4ftlinge wurden geh\u00e4ngt.<br \/>\nOder die H\u00e4ftlinge wurden erschossen.<\/p>\n<p>Heute f\u00fchrt ein Weg an Hinrichtungs\u00b7orten<br \/>\nim Krematoriums\u00b7bereich vorbei.<br \/>\nUnd an Asche\u00b7gr\u00e4bern.<br \/>\nIn diesen Asche\u00b7gr\u00e4bern ist die Asche von sehr vielen H\u00e4ftlingen begraben.<br \/>\nDer Weg hei\u00dft: Weg des Todes.<\/p>\n<p><strong>Das erste Krematorium<\/strong><br \/>\nVor dem <span style=\"color: #cc1800;\"><strong title=\"Der 2. Welt\u00b7krieg war von 1939 bis 1945. Das NS-Regime hat den 2. Welt\u00b7krieg angefangen. Das NS-Regime hat n\u00e4mlich andere L\u00e4nder angegriffen. Und andere L\u00e4nder besetzt. Am 2. Welt\u00b7krieg waren viele L\u00e4nder in Europa beteiligt. Und viele L\u00e4nder aus der ganzen Welt. Der 2. Welt\u00b7krieg war der schlimmste Krieg der Geschichte. Sehr viele Menschen sind im 2. Welt\u00b7krieg gestorben. Es waren mehrere Millionen Menschen.\">2. Welt\u00b7krieg<\/strong><\/span> sind H\u00e4ftlinge im <span style=\"color: #cc1800;\"><strong title=\"KZ ist die Abk\u00fcrzung f\u00fcr Konzentrations\u00b7lager.\">KZ<\/strong><\/span> gestorben.<br \/>\nDiese toten H\u00e4ftlinge wurden dann in der N\u00e4he vom KZ vergraben.<br \/>\nOder die toten H\u00e4ftlinge wurden zum Ost\u00b7fried\u00b7hof von M\u00fcnchen gebracht.<br \/>\nDa wurden die toten H\u00e4ftlinge dann verbrannt.<br \/>\nW\u00e4hrend dem Krieg sind immer mehr H\u00e4ftlinge im KZ gewesen.<br \/>\nUnd es sind immer mehr H\u00e4ftlinge im KZ gestorben.<br \/>\nDeshalb wollte die SS ein Krematorium im KZ haben.<br \/>\nIm <strong>Sommer 1940<\/strong> wurde das erste Krematorium gebaut.<br \/>\nDas Krematorium hatte einen Verbrennungs\u00b7ofen.<\/p>\n<p><strong>Die Baracke X<\/strong><br \/>\nIm KZ sind sehr viele Menschen gestorben.<br \/>\nEin Verbrennungs\u00b7ofen war <strong>nicht<\/strong> genug.<br \/>\nDeshalb wurde <strong>ab Fr\u00fch\u00b7jahr 1942<\/strong> die Baracke X gebaut.<br \/>\n<strong>Ab Fr\u00fch\u00b7jahr 1943<\/strong> wurde die Baracke X benutzt.<br \/>\nIn der Baracke X war das 2. Krematorium.<br \/>\nDieses Krematorium hatte 4 Verbrennungs\u00b7\u00f6fen.<br \/>\nIn der Baracke X waren auch:<\/p>\n<ul>\n<li>Desinfektions\u00b7kammern<\/li>\n<li>Aufenthalts\u00b7r\u00e4ume<\/li>\n<li>Sanit\u00e4r\u00b7r\u00e4ume<\/li>\n<li>Toten\u00b7kammern<\/li>\n<li>Eine Gas\u00b7kammer<\/li>\n<\/ul>\n<p><strong>Die Gas\u00b7kammer in der Baracke X<\/strong><br \/>\nIn der Baracke X war eine Gas\u00b7kammer.<br \/>\nIn dieser Gas\u00b7kammer sollten H\u00e4ftlinge mit Gift\u00b7gas get\u00f6tet werden.<br \/>\nDie Gas\u00b7kammer in der Baracke X wurde f\u00fcr Massen\u00b7vernichtung gebaut.<br \/>\nDas hei\u00dft:<br \/>\nSehr viele H\u00e4ftlinge sollten gleichzeitig get\u00f6tet werden.<br \/>\nAber die Gas\u00b7kammer wurde <strong>nicht<\/strong> f\u00fcr Massen\u00b7vernichtung benutzt.<br \/>\nDer Grund daf\u00fcr ist <strong>nicht<\/strong> bekannt.<\/p>\n<p>Ein <span style=\"color: #cc1800;\"><strong title=\"Ein \u00dcberlebender war fr\u00fcher ein H\u00e4ftling im KZ. Dieser Mensch hat die KZ-Haft \u00fcberlebt. Viele Menschen haben die KZ-Haft nicht \u00fcberlebt. Diese Menschen sind an Hunger gestorben. Oder diese Menschen sind an Krankheiten gestorben. Oder diese Menschen wurden von der SS get\u00f6tet.\">\u00dcberlebender<\/strong><\/span> hat dazu gesagt:<br \/>\n<strong>1944<\/strong> wurden einige H\u00e4ftlinge in der Gas\u00b7kammer get\u00f6tet.<br \/>\nDie SS wollte so pr\u00fcfen:<br \/>\nFunktioniert die Gas\u00b7kammer?<\/p>\n","protected":false},"excerpt":{"rendered":"<p>Station 13 ist der Krematoriums\u00b7bereich. In einem Krematorium werden tote Menschen verbrannt. Im Krematoriums\u00b7bereich waren fr\u00fcher 2 Krematorien. Der Krematoriums\u00b7bereich heute Der Krematoriums\u00b7bereich ist der zentrale Gedenk\u00b7ort in der Gedenk\u00b7st\u00e4tte. Am 29. April 1945 wurde das KZ Dachau befreit. Seitdem ist der Krematoriums\u00b7bereich ein Gedenk\u00b7ort f\u00fcr die Opfer vom KZ. 1960 bis 1970 wurde der&#8230; <a class=\"view-article\" href=\"https:\/\/www.kz-gedenkstaette-dachau.de\/dels\/historischer-ort\/virtueller-rundgang\/krematoriumsbereich\/\">Artikel anzeigen<\/a><\/p>\n","protected":false},"author":1,"featured_media":0,"parent":63630,"menu_order":1300,"comment_status":"closed","ping_status":"closed","template":"page-virtueller_rundgang_unterseite.php","meta":{"_acf_changed":false,"footnotes":""},"class_list":["post-63687","page","type-page","status-publish","hentry"],"acf":[],"yoast_head":"<!-- This site is optimized with the Yoast SEO plugin v27.4 - https:\/\/yoast.com\/product\/yoast-seo-wordpress\/ -->\n<title>Krematoriums\u00b7bereich - KZ Gedenkst\u00e4tte Dachau<\/title>\n<meta name=\"robots\" content=\"index, follow, max-snippet:-1, max-image-preview:large, max-video-preview:-1\" \/>\n<link rel=\"canonical\" href=\"https:\/\/www.kz-gedenkstaette-dachau.de\/dels\/historischer-ort\/virtueller-rundgang\/krematoriumsbereich\/\" \/>\n<meta property=\"og:locale\" content=\"en_US\" \/>\n<meta property=\"og:type\" content=\"article\" \/>\n<meta property=\"og:title\" content=\"Krematoriums\u00b7bereich - KZ Gedenkst\u00e4tte Dachau\" \/>\n<meta property=\"og:description\" content=\"Station 13 ist der Krematoriums\u00b7bereich. In einem Krematorium werden tote Menschen verbrannt. Im Krematoriums\u00b7bereich waren fr\u00fcher 2 Krematorien. Der Krematoriums\u00b7bereich heute Der Krematoriums\u00b7bereich ist der zentrale Gedenk\u00b7ort in der Gedenk\u00b7st\u00e4tte. Am 29. April 1945 wurde das KZ Dachau befreit. Seitdem ist der Krematoriums\u00b7bereich ein Gedenk\u00b7ort f\u00fcr die Opfer vom KZ. 1960 bis 1970 wurde der... Artikel anzeigen\" \/>\n<meta property=\"og:url\" content=\"https:\/\/www.kz-gedenkstaette-dachau.de\/dels\/historischer-ort\/virtueller-rundgang\/krematoriumsbereich\/\" \/>\n<meta property=\"og:site_name\" content=\"KZ Gedenkst\u00e4tte Dachau\" \/>\n<meta property=\"article:modified_time\" content=\"2020-03-31T15:34:36+00:00\" \/>\n<meta property=\"og:image\" content=\"https:\/\/www.kz-gedenkstaette-dachau.de\/wp-content\/uploads\/2018\/11\/ehem_baracke_x-250x147.jpg\" \/>\n<meta name=\"twitter:card\" content=\"summary_large_image\" \/>\n<meta name=\"twitter:label1\" content=\"Est. reading time\" \/>\n\t<meta name=\"twitter:data1\" content=\"3 minutes\" \/>\n<script type=\"application\/ld+json\" class=\"yoast-schema-graph\">{\"@context\":\"https:\\\/\\\/schema.org\",\"@graph\":[{\"@type\":\"WebPage\",\"@id\":\"https:\\\/\\\/www.kz-gedenkstaette-dachau.de\\\/dels\\\/historischer-ort\\\/virtueller-rundgang\\\/krematoriumsbereich\\\/\",\"url\":\"https:\\\/\\\/www.kz-gedenkstaette-dachau.de\\\/dels\\\/historischer-ort\\\/virtueller-rundgang\\\/krematoriumsbereich\\\/\",\"name\":\"Krematoriums\u00b7bereich - KZ Gedenkst\u00e4tte Dachau\",\"isPartOf\":{\"@id\":\"https:\\\/\\\/www.kz-gedenkstaette-dachau.de\\\/#website\"},\"primaryImageOfPage\":{\"@id\":\"https:\\\/\\\/www.kz-gedenkstaette-dachau.de\\\/dels\\\/historischer-ort\\\/virtueller-rundgang\\\/krematoriumsbereich\\\/#primaryimage\"},\"image\":{\"@id\":\"https:\\\/\\\/www.kz-gedenkstaette-dachau.de\\\/dels\\\/historischer-ort\\\/virtueller-rundgang\\\/krematoriumsbereich\\\/#primaryimage\"},\"thumbnailUrl\":\"https:\\\/\\\/www.kz-gedenkstaette-dachau.de\\\/wp-content\\\/uploads\\\/2018\\\/11\\\/ehem_baracke_x-250x147.jpg\",\"datePublished\":\"2018-09-04T10:43:23+00:00\",\"dateModified\":\"2020-03-31T15:34:36+00:00\",\"breadcrumb\":{\"@id\":\"https:\\\/\\\/www.kz-gedenkstaette-dachau.de\\\/dels\\\/historischer-ort\\\/virtueller-rundgang\\\/krematoriumsbereich\\\/#breadcrumb\"},\"inLanguage\":\"ls-DE\",\"potentialAction\":[{\"@type\":\"ReadAction\",\"target\":[\"https:\\\/\\\/www.kz-gedenkstaette-dachau.de\\\/dels\\\/historischer-ort\\\/virtueller-rundgang\\\/krematoriumsbereich\\\/\"]}]},{\"@type\":\"ImageObject\",\"inLanguage\":\"ls-DE\",\"@id\":\"https:\\\/\\\/www.kz-gedenkstaette-dachau.de\\\/dels\\\/historischer-ort\\\/virtueller-rundgang\\\/krematoriumsbereich\\\/#primaryimage\",\"url\":\"https:\\\/\\\/www.kz-gedenkstaette-dachau.de\\\/wp-content\\\/uploads\\\/2018\\\/11\\\/ehem_baracke_x-250x147.jpg\",\"contentUrl\":\"https:\\\/\\\/www.kz-gedenkstaette-dachau.de\\\/wp-content\\\/uploads\\\/2018\\\/11\\\/ehem_baracke_x-250x147.jpg\"},{\"@type\":\"BreadcrumbList\",\"@id\":\"https:\\\/\\\/www.kz-gedenkstaette-dachau.de\\\/dels\\\/historischer-ort\\\/virtueller-rundgang\\\/krematoriumsbereich\\\/#breadcrumb\",\"itemListElement\":[{\"@type\":\"ListItem\",\"position\":1,\"name\":\"Start\u00b7seite\",\"item\":\"https:\\\/\\\/www.kz-gedenkstaette-dachau.de\\\/dels\\\/\"},{\"@type\":\"ListItem\",\"position\":2,\"name\":\"Historischer Ort\",\"item\":\"https:\\\/\\\/www.kz-gedenkstaette-dachau.de\\\/dels\\\/historischer-ort\\\/\"},{\"@type\":\"ListItem\",\"position\":3,\"name\":\"Virtueller Rund\u00b7gang\",\"item\":\"https:\\\/\\\/www.kz-gedenkstaette-dachau.de\\\/dels\\\/historischer-ort\\\/virtueller-rundgang\\\/\"},{\"@type\":\"ListItem\",\"position\":4,\"name\":\"Krematoriums\u00b7bereich\"}]},{\"@type\":\"WebSite\",\"@id\":\"https:\\\/\\\/www.kz-gedenkstaette-dachau.de\\\/#website\",\"url\":\"https:\\\/\\\/www.kz-gedenkstaette-dachau.de\\\/\",\"name\":\"KZ Gedenkst\u00e4tte Dachau\",\"description\":\"\",\"potentialAction\":[{\"@type\":\"SearchAction\",\"target\":{\"@type\":\"EntryPoint\",\"urlTemplate\":\"https:\\\/\\\/www.kz-gedenkstaette-dachau.de\\\/?s={search_term_string}\"},\"query-input\":{\"@type\":\"PropertyValueSpecification\",\"valueRequired\":true,\"valueName\":\"search_term_string\"}}],\"inLanguage\":\"ls-DE\"}]}<\/script>\n<!-- \/ Yoast SEO plugin. -->","yoast_head_json":{"title":"Krematoriums\u00b7bereich - KZ Gedenkst\u00e4tte Dachau","robots":{"index":"index","follow":"follow","max-snippet":"max-snippet:-1","max-image-preview":"max-image-preview:large","max-video-preview":"max-video-preview:-1"},"canonical":"https:\/\/www.kz-gedenkstaette-dachau.de\/dels\/historischer-ort\/virtueller-rundgang\/krematoriumsbereich\/","og_locale":"en_US","og_type":"article","og_title":"Krematoriums\u00b7bereich - KZ Gedenkst\u00e4tte Dachau","og_description":"Station 13 ist der Krematoriums\u00b7bereich. In einem Krematorium werden tote Menschen verbrannt. Im Krematoriums\u00b7bereich waren fr\u00fcher 2 Krematorien. Der Krematoriums\u00b7bereich heute Der Krematoriums\u00b7bereich ist der zentrale Gedenk\u00b7ort in der Gedenk\u00b7st\u00e4tte. Am 29. April 1945 wurde das KZ Dachau befreit. Seitdem ist der Krematoriums\u00b7bereich ein Gedenk\u00b7ort f\u00fcr die Opfer vom KZ. 1960 bis 1970 wurde der... Artikel anzeigen","og_url":"https:\/\/www.kz-gedenkstaette-dachau.de\/dels\/historischer-ort\/virtueller-rundgang\/krematoriumsbereich\/","og_site_name":"KZ Gedenkst\u00e4tte Dachau","article_modified_time":"2020-03-31T15:34:36+00:00","og_image":[{"url":"https:\/\/www.kz-gedenkstaette-dachau.de\/wp-content\/uploads\/2018\/11\/ehem_baracke_x-250x147.jpg","type":"","width":"","height":""}],"twitter_card":"summary_large_image","twitter_misc":{"Est. reading time":"3 minutes"},"schema":{"@context":"https:\/\/schema.org","@graph":[{"@type":"WebPage","@id":"https:\/\/www.kz-gedenkstaette-dachau.de\/dels\/historischer-ort\/virtueller-rundgang\/krematoriumsbereich\/","url":"https:\/\/www.kz-gedenkstaette-dachau.de\/dels\/historischer-ort\/virtueller-rundgang\/krematoriumsbereich\/","name":"Krematoriums\u00b7bereich - KZ Gedenkst\u00e4tte Dachau","isPartOf":{"@id":"https:\/\/www.kz-gedenkstaette-dachau.de\/#website"},"primaryImageOfPage":{"@id":"https:\/\/www.kz-gedenkstaette-dachau.de\/dels\/historischer-ort\/virtueller-rundgang\/krematoriumsbereich\/#primaryimage"},"image":{"@id":"https:\/\/www.kz-gedenkstaette-dachau.de\/dels\/historischer-ort\/virtueller-rundgang\/krematoriumsbereich\/#primaryimage"},"thumbnailUrl":"https:\/\/www.kz-gedenkstaette-dachau.de\/wp-content\/uploads\/2018\/11\/ehem_baracke_x-250x147.jpg","datePublished":"2018-09-04T10:43:23+00:00","dateModified":"2020-03-31T15:34:36+00:00","breadcrumb":{"@id":"https:\/\/www.kz-gedenkstaette-dachau.de\/dels\/historischer-ort\/virtueller-rundgang\/krematoriumsbereich\/#breadcrumb"},"inLanguage":"ls-DE","potentialAction":[{"@type":"ReadAction","target":["https:\/\/www.kz-gedenkstaette-dachau.de\/dels\/historischer-ort\/virtueller-rundgang\/krematoriumsbereich\/"]}]},{"@type":"ImageObject","inLanguage":"ls-DE","@id":"https:\/\/www.kz-gedenkstaette-dachau.de\/dels\/historischer-ort\/virtueller-rundgang\/krematoriumsbereich\/#primaryimage","url":"https:\/\/www.kz-gedenkstaette-dachau.de\/wp-content\/uploads\/2018\/11\/ehem_baracke_x-250x147.jpg","contentUrl":"https:\/\/www.kz-gedenkstaette-dachau.de\/wp-content\/uploads\/2018\/11\/ehem_baracke_x-250x147.jpg"},{"@type":"BreadcrumbList","@id":"https:\/\/www.kz-gedenkstaette-dachau.de\/dels\/historischer-ort\/virtueller-rundgang\/krematoriumsbereich\/#breadcrumb","itemListElement":[{"@type":"ListItem","position":1,"name":"Start\u00b7seite","item":"https:\/\/www.kz-gedenkstaette-dachau.de\/dels\/"},{"@type":"ListItem","position":2,"name":"Historischer Ort","item":"https:\/\/www.kz-gedenkstaette-dachau.de\/dels\/historischer-ort\/"},{"@type":"ListItem","position":3,"name":"Virtueller Rund\u00b7gang","item":"https:\/\/www.kz-gedenkstaette-dachau.de\/dels\/historischer-ort\/virtueller-rundgang\/"},{"@type":"ListItem","position":4,"name":"Krematoriums\u00b7bereich"}]},{"@type":"WebSite","@id":"https:\/\/www.kz-gedenkstaette-dachau.de\/#website","url":"https:\/\/www.kz-gedenkstaette-dachau.de\/","name":"KZ Gedenkst\u00e4tte Dachau","description":"","potentialAction":[{"@type":"SearchAction","target":{"@type":"EntryPoint","urlTemplate":"https:\/\/www.kz-gedenkstaette-dachau.de\/?s={search_term_string}"},"query-input":{"@type":"PropertyValueSpecification","valueRequired":true,"valueName":"search_term_string"}}],"inLanguage":"ls-DE"}]}},"_links":{"self":[{"href":"https:\/\/www.kz-gedenkstaette-dachau.de\/dels\/wp-json\/wp\/v2\/pages\/63687","targetHints":{"allow":["GET"]}}],"collection":[{"href":"https:\/\/www.kz-gedenkstaette-dachau.de\/dels\/wp-json\/wp\/v2\/pages"}],"about":[{"href":"https:\/\/www.kz-gedenkstaette-dachau.de\/dels\/wp-json\/wp\/v2\/types\/page"}],"author":[{"embeddable":true,"href":"https:\/\/www.kz-gedenkstaette-dachau.de\/dels\/wp-json\/wp\/v2\/users\/1"}],"replies":[{"embeddable":true,"href":"https:\/\/www.kz-gedenkstaette-dachau.de\/dels\/wp-json\/wp\/v2\/comments?post=63687"}],"version-history":[{"count":0,"href":"https:\/\/www.kz-gedenkstaette-dachau.de\/dels\/wp-json\/wp\/v2\/pages\/63687\/revisions"}],"up":[{"embeddable":true,"href":"https:\/\/www.kz-gedenkstaette-dachau.de\/dels\/wp-json\/wp\/v2\/pages\/63630"}],"wp:attachment":[{"href":"https:\/\/www.kz-gedenkstaette-dachau.de\/dels\/wp-json\/wp\/v2\/media?parent=63687"}],"curies":[{"name":"wp","href":"https:\/\/api.w.org\/{rel}","templated":true}]}}