{"id":63694,"date":"2018-09-04T12:44:20","date_gmt":"2018-09-04T10:44:20","guid":{"rendered":"https:\/\/www.kz-gedenkstaette-dachau.de\/historischer-ort\/virtueller-rundgang\/gedenkraum\/"},"modified":"2020-03-31T17:45:16","modified_gmt":"2020-03-31T15:45:16","slug":"gedenkraum","status":"publish","type":"page","link":"https:\/\/www.kz-gedenkstaette-dachau.de\/dels\/historischer-ort\/virtueller-rundgang\/gedenkraum\/","title":{"rendered":"Gedenk\u00b7raum (Haupt\u00b7ausstellung)"},"content":{"rendered":"<div id=\"attachment_63695\" style=\"width: 710px\" class=\"wp-caption alignnone\"><img loading=\"lazy\" decoding=\"async\" aria-describedby=\"caption-attachment-63695\" class=\"wp-image-63695\" src=\"https:\/\/www.kz-gedenkstaette-dachau.de\/wp-content\/uploads\/2018\/11\/gedenkraum-250x147.jpg\" alt=\"Der Gedenk\u00b7raum mit den Gedenk\u00b7tafeln. Das Foto ist von 2017. (KZ-Gedenk\u00b7st\u00e4tte Dachau)\" width=\"700\" height=\"413\" srcset=\"https:\/\/www.kz-gedenkstaette-dachau.de\/wp-content\/uploads\/2018\/11\/gedenkraum-250x147.jpg 250w, https:\/\/www.kz-gedenkstaette-dachau.de\/wp-content\/uploads\/2018\/11\/gedenkraum-768x453.jpg 768w, https:\/\/www.kz-gedenkstaette-dachau.de\/wp-content\/uploads\/2018\/11\/gedenkraum-700x413.jpg 700w, https:\/\/www.kz-gedenkstaette-dachau.de\/wp-content\/uploads\/2018\/11\/gedenkraum-120x71.jpg 120w, https:\/\/www.kz-gedenkstaette-dachau.de\/wp-content\/uploads\/2018\/11\/gedenkraum.jpg 1120w\" sizes=\"auto, (max-width: 700px) 100vw, 700px\" \/><p id=\"caption-attachment-63695\" class=\"wp-caption-text\"><small>Der Gedenk\u00b7raum mit den Gedenk\u00b7tafeln.<br \/>Das Foto ist von 2017.<br \/>(KZ-Gedenk\u00b7st\u00e4tte Dachau)<small><\/p><\/div>\n<p>Station 15 ist der Gedenk\u00b7raum.<br \/>\nDer Gedenk\u00b7raum ist am Ende von der Haupt\u00b7ausstellung.<br \/>\nIn diesem Gedenk\u00b7raum gibt es \u00fcber 130 Gedenk\u00b7tafeln und Gedenk\u00b7steine.<br \/>\nIn dem Raum wird an <span style=\"color: #cc1800;\"><strong title=\"H\u00e4ftling ist ein anderes Wort f\u00fcr Gefangener.\">H\u00e4ftlinge<\/strong><\/span> vom <span style=\"color: #cc1800;\"><strong title=\"KZ ist die Abk\u00fcrzung f\u00fcr Konzentrations\u00b7lager.\">KZ<\/strong><\/span> erinnert.<br \/>\nDabei wird an einzelne H\u00e4ftlinge erinnert.<br \/>\nAber es wird auch an H\u00e4ftlings\u00b7gruppen erinnert.<\/p>\n<p>Alle Gedenk\u00b7tafeln und Gedenk\u00b7steine wurden gestiftet.<br \/>\nPrivat\u00b7personen und Institutionen<br \/>\nhaben die Gedenk\u00b7tafeln und Gedenk\u00b7steine gestiftet.<br \/>\nAuch Sie k\u00f6nnen eine Tafel stiften.<\/p>\n<p><strong>Das Gedenk\u00b7buch f\u00fcr die Toten im Konzentrations\u00b7lager Dachau<\/strong><br \/>\n<strong>Seit 2011<\/strong> gibt es im Gedenk\u00b7raum 3 Terminals.<br \/>\nDiese Terminals kann man auf dem Bild sehen.<br \/>\nAuf den Terminals k\u00f6nnen Sie ein Gedenk\u00b7buch lesen.<br \/>\nDas Gedenk\u00b7buch hei\u00dft:<br \/>\nGedenk\u00b7buch f\u00fcr die Toten im Konzentrations\u00b7lager Dachau.<br \/>\nDas Gedenk\u00b7buch k\u00f6nnen Sie am Computer lesen.<br \/>\nOder Sie k\u00f6nnen das Gedenk\u00b7buch als gedruckte Version lesen.<\/p>\n<p>Im KZ Dachau sind \u00fcber 41.500 H\u00e4ftlinge gestorben.<br \/>\nDie Namen von etwa 8.300 H\u00e4ftlingen sind <strong>nicht<\/strong> bekannt.<br \/>\nDie Namen von 33.205 H\u00e4ftlingen stehen im Gedenk\u00b7buch.<br \/>\nIm Gedenk\u00b7buch finden Sie Informationen \u00fcber diese H\u00e4ftlinge.<br \/>\nZum Beispiel:<\/p>\n<ul>\n<li>Die Namen<\/li>\n<li>Die Nationalit\u00e4t<\/li>\n<li>Den Beruf<\/li>\n<li>Den Geburts\u00b7ort<\/li>\n<li>Das Geburts\u00b7datum<\/li>\n<li>Den Todes\u00b7tag<\/li>\n<\/ul>\n<p>So bekommen die H\u00e4ftlinge eine pers\u00f6nliche Geschichte.<br \/>\nUnd so kann man den H\u00e4ftlingen gedenken.<\/p>\n","protected":false},"excerpt":{"rendered":"<p>Station 15 ist der Gedenk\u00b7raum. Der Gedenk\u00b7raum ist am Ende von der Haupt\u00b7ausstellung. In diesem Gedenk\u00b7raum gibt es \u00fcber 130 Gedenk\u00b7tafeln und Gedenk\u00b7steine. In dem Raum wird an H\u00e4ftlinge vom KZ erinnert. Dabei wird an einzelne H\u00e4ftlinge erinnert. Aber es wird auch an H\u00e4ftlings\u00b7gruppen erinnert. Alle Gedenk\u00b7tafeln und Gedenk\u00b7steine wurden gestiftet. Privat\u00b7personen und Institutionen haben&#8230; <a class=\"view-article\" href=\"https:\/\/www.kz-gedenkstaette-dachau.de\/dels\/historischer-ort\/virtueller-rundgang\/gedenkraum\/\">Artikel anzeigen<\/a><\/p>\n","protected":false},"author":1,"featured_media":0,"parent":63630,"menu_order":1500,"comment_status":"closed","ping_status":"closed","template":"page-virtueller_rundgang_unterseite.php","meta":{"_acf_changed":false,"footnotes":""},"class_list":["post-63694","page","type-page","status-publish","hentry"],"acf":[],"yoast_head":"<!-- This site is optimized with the Yoast SEO plugin v27.4 - https:\/\/yoast.com\/product\/yoast-seo-wordpress\/ -->\n<title>Gedenk\u00b7raum (Haupt\u00b7ausstellung) - KZ Gedenkst\u00e4tte Dachau<\/title>\n<meta name=\"robots\" content=\"index, follow, max-snippet:-1, max-image-preview:large, max-video-preview:-1\" \/>\n<link rel=\"canonical\" href=\"https:\/\/www.kz-gedenkstaette-dachau.de\/dels\/historischer-ort\/virtueller-rundgang\/gedenkraum\/\" \/>\n<meta property=\"og:locale\" content=\"en_US\" \/>\n<meta property=\"og:type\" content=\"article\" \/>\n<meta property=\"og:title\" content=\"Gedenk\u00b7raum (Haupt\u00b7ausstellung) - KZ Gedenkst\u00e4tte Dachau\" \/>\n<meta property=\"og:description\" content=\"Station 15 ist der Gedenk\u00b7raum. Der Gedenk\u00b7raum ist am Ende von der Haupt\u00b7ausstellung. In diesem Gedenk\u00b7raum gibt es \u00fcber 130 Gedenk\u00b7tafeln und Gedenk\u00b7steine. In dem Raum wird an H\u00e4ftlinge vom KZ erinnert. Dabei wird an einzelne H\u00e4ftlinge erinnert. Aber es wird auch an H\u00e4ftlings\u00b7gruppen erinnert. Alle Gedenk\u00b7tafeln und Gedenk\u00b7steine wurden gestiftet. Privat\u00b7personen und Institutionen haben... Artikel anzeigen\" \/>\n<meta property=\"og:url\" content=\"https:\/\/www.kz-gedenkstaette-dachau.de\/dels\/historischer-ort\/virtueller-rundgang\/gedenkraum\/\" \/>\n<meta property=\"og:site_name\" content=\"KZ Gedenkst\u00e4tte Dachau\" \/>\n<meta property=\"article:modified_time\" content=\"2020-03-31T15:45:16+00:00\" \/>\n<meta property=\"og:image\" content=\"https:\/\/www.kz-gedenkstaette-dachau.de\/wp-content\/uploads\/2018\/11\/gedenkraum-250x147.jpg\" \/>\n<meta name=\"twitter:card\" content=\"summary_large_image\" \/>\n<meta name=\"twitter:label1\" content=\"Est. reading time\" \/>\n\t<meta name=\"twitter:data1\" content=\"1 minute\" \/>\n<script type=\"application\/ld+json\" class=\"yoast-schema-graph\">{\"@context\":\"https:\\\/\\\/schema.org\",\"@graph\":[{\"@type\":\"WebPage\",\"@id\":\"https:\\\/\\\/www.kz-gedenkstaette-dachau.de\\\/dels\\\/historischer-ort\\\/virtueller-rundgang\\\/gedenkraum\\\/\",\"url\":\"https:\\\/\\\/www.kz-gedenkstaette-dachau.de\\\/dels\\\/historischer-ort\\\/virtueller-rundgang\\\/gedenkraum\\\/\",\"name\":\"Gedenk\u00b7raum (Haupt\u00b7ausstellung) - KZ Gedenkst\u00e4tte Dachau\",\"isPartOf\":{\"@id\":\"https:\\\/\\\/www.kz-gedenkstaette-dachau.de\\\/#website\"},\"primaryImageOfPage\":{\"@id\":\"https:\\\/\\\/www.kz-gedenkstaette-dachau.de\\\/dels\\\/historischer-ort\\\/virtueller-rundgang\\\/gedenkraum\\\/#primaryimage\"},\"image\":{\"@id\":\"https:\\\/\\\/www.kz-gedenkstaette-dachau.de\\\/dels\\\/historischer-ort\\\/virtueller-rundgang\\\/gedenkraum\\\/#primaryimage\"},\"thumbnailUrl\":\"https:\\\/\\\/www.kz-gedenkstaette-dachau.de\\\/wp-content\\\/uploads\\\/2018\\\/11\\\/gedenkraum-250x147.jpg\",\"datePublished\":\"2018-09-04T10:44:20+00:00\",\"dateModified\":\"2020-03-31T15:45:16+00:00\",\"breadcrumb\":{\"@id\":\"https:\\\/\\\/www.kz-gedenkstaette-dachau.de\\\/dels\\\/historischer-ort\\\/virtueller-rundgang\\\/gedenkraum\\\/#breadcrumb\"},\"inLanguage\":\"ls-DE\",\"potentialAction\":[{\"@type\":\"ReadAction\",\"target\":[\"https:\\\/\\\/www.kz-gedenkstaette-dachau.de\\\/dels\\\/historischer-ort\\\/virtueller-rundgang\\\/gedenkraum\\\/\"]}]},{\"@type\":\"ImageObject\",\"inLanguage\":\"ls-DE\",\"@id\":\"https:\\\/\\\/www.kz-gedenkstaette-dachau.de\\\/dels\\\/historischer-ort\\\/virtueller-rundgang\\\/gedenkraum\\\/#primaryimage\",\"url\":\"https:\\\/\\\/www.kz-gedenkstaette-dachau.de\\\/wp-content\\\/uploads\\\/2018\\\/11\\\/gedenkraum-250x147.jpg\",\"contentUrl\":\"https:\\\/\\\/www.kz-gedenkstaette-dachau.de\\\/wp-content\\\/uploads\\\/2018\\\/11\\\/gedenkraum-250x147.jpg\"},{\"@type\":\"BreadcrumbList\",\"@id\":\"https:\\\/\\\/www.kz-gedenkstaette-dachau.de\\\/dels\\\/historischer-ort\\\/virtueller-rundgang\\\/gedenkraum\\\/#breadcrumb\",\"itemListElement\":[{\"@type\":\"ListItem\",\"position\":1,\"name\":\"Start\u00b7seite\",\"item\":\"https:\\\/\\\/www.kz-gedenkstaette-dachau.de\\\/dels\\\/\"},{\"@type\":\"ListItem\",\"position\":2,\"name\":\"Historischer Ort\",\"item\":\"https:\\\/\\\/www.kz-gedenkstaette-dachau.de\\\/dels\\\/historischer-ort\\\/\"},{\"@type\":\"ListItem\",\"position\":3,\"name\":\"Virtueller Rund\u00b7gang\",\"item\":\"https:\\\/\\\/www.kz-gedenkstaette-dachau.de\\\/dels\\\/historischer-ort\\\/virtueller-rundgang\\\/\"},{\"@type\":\"ListItem\",\"position\":4,\"name\":\"Gedenk\u00b7raum (Haupt\u00b7ausstellung)\"}]},{\"@type\":\"WebSite\",\"@id\":\"https:\\\/\\\/www.kz-gedenkstaette-dachau.de\\\/#website\",\"url\":\"https:\\\/\\\/www.kz-gedenkstaette-dachau.de\\\/\",\"name\":\"KZ Gedenkst\u00e4tte Dachau\",\"description\":\"\",\"potentialAction\":[{\"@type\":\"SearchAction\",\"target\":{\"@type\":\"EntryPoint\",\"urlTemplate\":\"https:\\\/\\\/www.kz-gedenkstaette-dachau.de\\\/?s={search_term_string}\"},\"query-input\":{\"@type\":\"PropertyValueSpecification\",\"valueRequired\":true,\"valueName\":\"search_term_string\"}}],\"inLanguage\":\"ls-DE\"}]}<\/script>\n<!-- \/ Yoast SEO plugin. -->","yoast_head_json":{"title":"Gedenk\u00b7raum (Haupt\u00b7ausstellung) - KZ Gedenkst\u00e4tte Dachau","robots":{"index":"index","follow":"follow","max-snippet":"max-snippet:-1","max-image-preview":"max-image-preview:large","max-video-preview":"max-video-preview:-1"},"canonical":"https:\/\/www.kz-gedenkstaette-dachau.de\/dels\/historischer-ort\/virtueller-rundgang\/gedenkraum\/","og_locale":"en_US","og_type":"article","og_title":"Gedenk\u00b7raum (Haupt\u00b7ausstellung) - KZ Gedenkst\u00e4tte Dachau","og_description":"Station 15 ist der Gedenk\u00b7raum. Der Gedenk\u00b7raum ist am Ende von der Haupt\u00b7ausstellung. In diesem Gedenk\u00b7raum gibt es \u00fcber 130 Gedenk\u00b7tafeln und Gedenk\u00b7steine. In dem Raum wird an H\u00e4ftlinge vom KZ erinnert. Dabei wird an einzelne H\u00e4ftlinge erinnert. Aber es wird auch an H\u00e4ftlings\u00b7gruppen erinnert. Alle Gedenk\u00b7tafeln und Gedenk\u00b7steine wurden gestiftet. Privat\u00b7personen und Institutionen haben... Artikel anzeigen","og_url":"https:\/\/www.kz-gedenkstaette-dachau.de\/dels\/historischer-ort\/virtueller-rundgang\/gedenkraum\/","og_site_name":"KZ Gedenkst\u00e4tte Dachau","article_modified_time":"2020-03-31T15:45:16+00:00","og_image":[{"url":"https:\/\/www.kz-gedenkstaette-dachau.de\/wp-content\/uploads\/2018\/11\/gedenkraum-250x147.jpg","type":"","width":"","height":""}],"twitter_card":"summary_large_image","twitter_misc":{"Est. reading time":"1 minute"},"schema":{"@context":"https:\/\/schema.org","@graph":[{"@type":"WebPage","@id":"https:\/\/www.kz-gedenkstaette-dachau.de\/dels\/historischer-ort\/virtueller-rundgang\/gedenkraum\/","url":"https:\/\/www.kz-gedenkstaette-dachau.de\/dels\/historischer-ort\/virtueller-rundgang\/gedenkraum\/","name":"Gedenk\u00b7raum (Haupt\u00b7ausstellung) - KZ Gedenkst\u00e4tte Dachau","isPartOf":{"@id":"https:\/\/www.kz-gedenkstaette-dachau.de\/#website"},"primaryImageOfPage":{"@id":"https:\/\/www.kz-gedenkstaette-dachau.de\/dels\/historischer-ort\/virtueller-rundgang\/gedenkraum\/#primaryimage"},"image":{"@id":"https:\/\/www.kz-gedenkstaette-dachau.de\/dels\/historischer-ort\/virtueller-rundgang\/gedenkraum\/#primaryimage"},"thumbnailUrl":"https:\/\/www.kz-gedenkstaette-dachau.de\/wp-content\/uploads\/2018\/11\/gedenkraum-250x147.jpg","datePublished":"2018-09-04T10:44:20+00:00","dateModified":"2020-03-31T15:45:16+00:00","breadcrumb":{"@id":"https:\/\/www.kz-gedenkstaette-dachau.de\/dels\/historischer-ort\/virtueller-rundgang\/gedenkraum\/#breadcrumb"},"inLanguage":"ls-DE","potentialAction":[{"@type":"ReadAction","target":["https:\/\/www.kz-gedenkstaette-dachau.de\/dels\/historischer-ort\/virtueller-rundgang\/gedenkraum\/"]}]},{"@type":"ImageObject","inLanguage":"ls-DE","@id":"https:\/\/www.kz-gedenkstaette-dachau.de\/dels\/historischer-ort\/virtueller-rundgang\/gedenkraum\/#primaryimage","url":"https:\/\/www.kz-gedenkstaette-dachau.de\/wp-content\/uploads\/2018\/11\/gedenkraum-250x147.jpg","contentUrl":"https:\/\/www.kz-gedenkstaette-dachau.de\/wp-content\/uploads\/2018\/11\/gedenkraum-250x147.jpg"},{"@type":"BreadcrumbList","@id":"https:\/\/www.kz-gedenkstaette-dachau.de\/dels\/historischer-ort\/virtueller-rundgang\/gedenkraum\/#breadcrumb","itemListElement":[{"@type":"ListItem","position":1,"name":"Start\u00b7seite","item":"https:\/\/www.kz-gedenkstaette-dachau.de\/dels\/"},{"@type":"ListItem","position":2,"name":"Historischer Ort","item":"https:\/\/www.kz-gedenkstaette-dachau.de\/dels\/historischer-ort\/"},{"@type":"ListItem","position":3,"name":"Virtueller Rund\u00b7gang","item":"https:\/\/www.kz-gedenkstaette-dachau.de\/dels\/historischer-ort\/virtueller-rundgang\/"},{"@type":"ListItem","position":4,"name":"Gedenk\u00b7raum (Haupt\u00b7ausstellung)"}]},{"@type":"WebSite","@id":"https:\/\/www.kz-gedenkstaette-dachau.de\/#website","url":"https:\/\/www.kz-gedenkstaette-dachau.de\/","name":"KZ Gedenkst\u00e4tte Dachau","description":"","potentialAction":[{"@type":"SearchAction","target":{"@type":"EntryPoint","urlTemplate":"https:\/\/www.kz-gedenkstaette-dachau.de\/?s={search_term_string}"},"query-input":{"@type":"PropertyValueSpecification","valueRequired":true,"valueName":"search_term_string"}}],"inLanguage":"ls-DE"}]}},"_links":{"self":[{"href":"https:\/\/www.kz-gedenkstaette-dachau.de\/dels\/wp-json\/wp\/v2\/pages\/63694","targetHints":{"allow":["GET"]}}],"collection":[{"href":"https:\/\/www.kz-gedenkstaette-dachau.de\/dels\/wp-json\/wp\/v2\/pages"}],"about":[{"href":"https:\/\/www.kz-gedenkstaette-dachau.de\/dels\/wp-json\/wp\/v2\/types\/page"}],"author":[{"embeddable":true,"href":"https:\/\/www.kz-gedenkstaette-dachau.de\/dels\/wp-json\/wp\/v2\/users\/1"}],"replies":[{"embeddable":true,"href":"https:\/\/www.kz-gedenkstaette-dachau.de\/dels\/wp-json\/wp\/v2\/comments?post=63694"}],"version-history":[{"count":0,"href":"https:\/\/www.kz-gedenkstaette-dachau.de\/dels\/wp-json\/wp\/v2\/pages\/63694\/revisions"}],"up":[{"embeddable":true,"href":"https:\/\/www.kz-gedenkstaette-dachau.de\/dels\/wp-json\/wp\/v2\/pages\/63630"}],"wp:attachment":[{"href":"https:\/\/www.kz-gedenkstaette-dachau.de\/dels\/wp-json\/wp\/v2\/media?parent=63694"}],"curies":[{"name":"wp","href":"https:\/\/api.w.org\/{rel}","templated":true}]}}