{"id":63698,"date":"2018-09-04T12:45:23","date_gmt":"2018-09-04T10:45:23","guid":{"rendered":"https:\/\/www.kz-gedenkstaette-dachau.de\/historischer-ort\/virtueller-rundgang\/todesangst-christi-kapelle\/"},"modified":"2021-05-17T09:33:26","modified_gmt":"2021-05-17T07:33:26","slug":"todesangst-christi-kapelle","status":"publish","type":"page","link":"https:\/\/www.kz-gedenkstaette-dachau.de\/dels\/historischer-ort\/virtueller-rundgang\/todesangst-christi-kapelle\/","title":{"rendered":"Todes\u00b7angst-Christi-Kapelle"},"content":{"rendered":"<div id=\"attachment_60449\" style=\"width: 710px\" class=\"wp-caption alignnone\"><img loading=\"lazy\" decoding=\"async\" aria-describedby=\"caption-attachment-60449\" class=\"wp-image-60449\" src=\"https:\/\/www.kz-gedenkstaette-dachau.de\/wp-content\/uploads\/2018\/11\/todesangst_christi_kapelle-250x147.jpg\" alt=\"Todes\u00b7angst-Christi-Kapelle und Ged\u00e4chtnis\u00b7glocke. Das Foto ist von 2017. (KZ-Gedenk\u00b7st\u00e4tte Dachau)\" width=\"700\" height=\"413\" srcset=\"https:\/\/www.kz-gedenkstaette-dachau.de\/wp-content\/uploads\/2018\/11\/todesangst_christi_kapelle-250x147.jpg 250w, https:\/\/www.kz-gedenkstaette-dachau.de\/wp-content\/uploads\/2018\/11\/todesangst_christi_kapelle-768x453.jpg 768w, https:\/\/www.kz-gedenkstaette-dachau.de\/wp-content\/uploads\/2018\/11\/todesangst_christi_kapelle-700x413.jpg 700w, https:\/\/www.kz-gedenkstaette-dachau.de\/wp-content\/uploads\/2018\/11\/todesangst_christi_kapelle-120x71.jpg 120w, https:\/\/www.kz-gedenkstaette-dachau.de\/wp-content\/uploads\/2018\/11\/todesangst_christi_kapelle.jpg 1120w\" sizes=\"auto, (max-width: 700px) 100vw, 700px\" \/><p id=\"caption-attachment-60449\" class=\"wp-caption-text\"><small>Todes\u00b7angst-Christi-Kapelle und Ged\u00e4chtnis\u00b7glocke.<br \/>Das Foto ist von 2017.<br \/>(KZ-Gedenk\u00b7st\u00e4tte Dachau)<small><\/small><\/small><\/p><\/div>\n<p>Station 16 ist die Todes\u00b7angst-Christi-Kapelle.<br \/>\nDie Todes\u00b7angst-Christi-Kapelle ist ein katholischer Gedenk\u00b7ort.<br \/>\nDie Kapelle war der erste religi\u00f6se Gedenk\u00b7ort im ehemaligen KZ Dachau.<\/p>\n<p>Die Kapelle steht am Nord\u00b7ende vom ehemaligen <span style=\"color: #cc1800;\"><strong title=\"Das H\u00e4ftlings\u00b7lager war wie ein Gef\u00e4ngnis. Das H\u00e4ftlings\u00b7lager war ein Teil vom KZ Dachau. Im H\u00e4ftlings\u00b7lager waren die H\u00e4ftlinge eingesperrt. Die SS hat die H\u00e4ftlinge kontrolliert. Und die SS hat die H\u00e4ftlinge isoliert. Die H\u00e4ftlinge hatten keine Privatsph\u00e4re.\">H\u00e4ftlings\u00b7lager<\/strong><\/span>.<br \/>\nAn dem Ort waren fr\u00fcher die Funktions\u00b7geb\u00e4ude.<br \/>\nInformationen zu den Funktions\u00b7geb\u00e4uden<br \/>\nfinden Sie bei <a href=\"https:\/\/www.kz-gedenkstaette-dachau.de\/dels\/historischer-ort\/virtueller-rundgang\/funktionsgebaeude\/\">Station 11<\/a><\/p>\n<p>Johannes Neuh\u00e4usler hatte die Idee f\u00fcr die Todes\u00b7angst-Christi-Kapelle.<br \/>\nNeuh\u00e4usler war ein <span style=\"color: #cc1800;\"><strong title=\"Ein \u00dcberlebender war fr\u00fcher ein H\u00e4ftling im KZ. Dieser Mensch hat die KZ-Haft \u00fcberlebt. Viele Menschen haben die KZ-Haft nicht \u00fcberlebt. Diese Menschen sind an Hunger gestorben. Oder diese Menschen sind an Krankheiten gestorben. Oder diese Menschen wurden von der SS get\u00f6tet.\">\u00dcberlebender<\/strong><\/span> aus dem <span style=\"color: #cc1800;\"><strong title=\"KZ ist die Abk\u00fcrzung f\u00fcr Konzentrations\u00b7lager.\">KZ<\/strong><\/span> Dachau.<br \/>\nNeuh\u00e4usler war sp\u00e4ter Weih\u00b7bischof von M\u00fcnchen.<\/p>\n<p>Josef Wiedemann hat die Todes\u00b7angst-Christi-Kapelle entworfen.<br \/>\nJosef Wiedemann war ein Architekt.<br \/>\nDie Todes\u00b7angst-Christi-Kapelle wurde am <strong>5. August 1960<\/strong> eingeweiht.<br \/>\nDie Kapelle wurde zum Eucharistischen Welt\u00b7kongress eingeweiht.<\/p>\n<p><strong>Wie sieht die Kapelle aus?<\/strong><br \/>\nDie Todes\u00b7angst-Christi-Kapelle<br \/>\nhat eine Zylinder-Form.<br \/>\nDer Zylinder ist vorne offen.<br \/>\n\u00dcber dem Eingang zu der Kapelle<br \/>\nh\u00e4ngt eine Dornen\u00b7krone.<br \/>\nDie Dornen\u00b7krone ist aus Eisen.<\/p>\n<p>Links vor der Todes\u00b7angst-Christi-Kapelle steht die Ged\u00e4chtnis\u00b7glocke.<br \/>\nDie Ged\u00e4chtnis\u00b7glocke l\u00e4utet jeden Tag kurz vor 15.00 Uhr.<br \/>\nIn der Bibel steht n\u00e4mlich:<br \/>\nJesus Christus ist um diese Zeit gestorben.<\/p>\n<p>In der Kapelle ist ein Christus\u00b7bildnis.<br \/>\nUnd eine Widmung.<br \/>\nDiese Widmung ist in 4 Sprachen.<br \/>\nDiese Widmung ehrt die polnischen <span style=\"color: #cc1800;\"><strong title=\"H\u00e4ftling ist ein anderes Wort f\u00fcr Gefangener.\">H\u00e4ftlinge<\/strong><\/span> im KZ.<br \/>\nDie meisten H\u00e4ftlinge im KZ waren n\u00e4mlich polnisch.<br \/>\nDas Christus\u00b7bildnis und die Widmung wurden am <strong>20. August 1972<\/strong> enth\u00fcllt.<br \/>\nKazimierz Majda\u0144ski hat das Christus\u00b7bildnis und die Widmung enth\u00fcllt.<br \/>\nMajda\u0144ski war ein \u00dcberlebender aus dem KZ Dachau.<br \/>\nSp\u00e4ter war Majda\u0144ski der Erz\u00b7bischof von Stettin-Cammin.<\/p>\n","protected":false},"excerpt":{"rendered":"<p>Station 16 ist die Todes\u00b7angst-Christi-Kapelle. Die Todes\u00b7angst-Christi-Kapelle ist ein katholischer Gedenk\u00b7ort. Die Kapelle war der erste religi\u00f6se Gedenk\u00b7ort im ehemaligen KZ Dachau. Die Kapelle steht am Nord\u00b7ende vom ehemaligen H\u00e4ftlings\u00b7lager. An dem Ort waren fr\u00fcher die Funktions\u00b7geb\u00e4ude. Informationen zu den Funktions\u00b7geb\u00e4uden finden Sie bei Station 11 Johannes Neuh\u00e4usler hatte die Idee f\u00fcr die Todes\u00b7angst-Christi-Kapelle. Neuh\u00e4usler&#8230; <a class=\"view-article\" href=\"https:\/\/www.kz-gedenkstaette-dachau.de\/dels\/historischer-ort\/virtueller-rundgang\/todesangst-christi-kapelle\/\">Artikel anzeigen<\/a><\/p>\n","protected":false},"author":1,"featured_media":0,"parent":63630,"menu_order":1600,"comment_status":"closed","ping_status":"closed","template":"page-virtueller_rundgang_unterseite.php","meta":{"_acf_changed":false,"footnotes":""},"class_list":["post-63698","page","type-page","status-publish","hentry"],"acf":[],"yoast_head":"<!-- This site is optimized with the Yoast SEO plugin v27.3 - https:\/\/yoast.com\/product\/yoast-seo-wordpress\/ -->\n<title>Todes\u00b7angst-Christi-Kapelle - KZ Gedenkst\u00e4tte Dachau<\/title>\n<meta name=\"robots\" content=\"index, follow, max-snippet:-1, max-image-preview:large, max-video-preview:-1\" \/>\n<link rel=\"canonical\" href=\"https:\/\/www.kz-gedenkstaette-dachau.de\/dels\/historischer-ort\/virtueller-rundgang\/todesangst-christi-kapelle\/\" \/>\n<meta property=\"og:locale\" content=\"en_US\" \/>\n<meta property=\"og:type\" content=\"article\" \/>\n<meta property=\"og:title\" content=\"Todes\u00b7angst-Christi-Kapelle - KZ Gedenkst\u00e4tte Dachau\" \/>\n<meta property=\"og:description\" content=\"Station 16 ist die Todes\u00b7angst-Christi-Kapelle. Die Todes\u00b7angst-Christi-Kapelle ist ein katholischer Gedenk\u00b7ort. Die Kapelle war der erste religi\u00f6se Gedenk\u00b7ort im ehemaligen KZ Dachau. Die Kapelle steht am Nord\u00b7ende vom ehemaligen H\u00e4ftlings\u00b7lager. An dem Ort waren fr\u00fcher die Funktions\u00b7geb\u00e4ude. Informationen zu den Funktions\u00b7geb\u00e4uden finden Sie bei Station 11 Johannes Neuh\u00e4usler hatte die Idee f\u00fcr die Todes\u00b7angst-Christi-Kapelle. Neuh\u00e4usler... Artikel anzeigen\" \/>\n<meta property=\"og:url\" content=\"https:\/\/www.kz-gedenkstaette-dachau.de\/dels\/historischer-ort\/virtueller-rundgang\/todesangst-christi-kapelle\/\" \/>\n<meta property=\"og:site_name\" content=\"KZ Gedenkst\u00e4tte Dachau\" \/>\n<meta property=\"article:modified_time\" content=\"2021-05-17T07:33:26+00:00\" \/>\n<meta property=\"og:image\" content=\"https:\/\/www.kz-gedenkstaette-dachau.de\/wp-content\/uploads\/2018\/11\/todesangst_christi_kapelle-250x147.jpg\" \/>\n<meta name=\"twitter:card\" content=\"summary_large_image\" \/>\n<meta name=\"twitter:label1\" content=\"Est. reading time\" \/>\n\t<meta name=\"twitter:data1\" content=\"2 minutes\" \/>\n<script type=\"application\/ld+json\" class=\"yoast-schema-graph\">{\"@context\":\"https:\\\/\\\/schema.org\",\"@graph\":[{\"@type\":\"WebPage\",\"@id\":\"https:\\\/\\\/www.kz-gedenkstaette-dachau.de\\\/dels\\\/historischer-ort\\\/virtueller-rundgang\\\/todesangst-christi-kapelle\\\/\",\"url\":\"https:\\\/\\\/www.kz-gedenkstaette-dachau.de\\\/dels\\\/historischer-ort\\\/virtueller-rundgang\\\/todesangst-christi-kapelle\\\/\",\"name\":\"Todes\u00b7angst-Christi-Kapelle - KZ Gedenkst\u00e4tte Dachau\",\"isPartOf\":{\"@id\":\"https:\\\/\\\/www.kz-gedenkstaette-dachau.de\\\/#website\"},\"primaryImageOfPage\":{\"@id\":\"https:\\\/\\\/www.kz-gedenkstaette-dachau.de\\\/dels\\\/historischer-ort\\\/virtueller-rundgang\\\/todesangst-christi-kapelle\\\/#primaryimage\"},\"image\":{\"@id\":\"https:\\\/\\\/www.kz-gedenkstaette-dachau.de\\\/dels\\\/historischer-ort\\\/virtueller-rundgang\\\/todesangst-christi-kapelle\\\/#primaryimage\"},\"thumbnailUrl\":\"https:\\\/\\\/www.kz-gedenkstaette-dachau.de\\\/wp-content\\\/uploads\\\/2018\\\/11\\\/todesangst_christi_kapelle-250x147.jpg\",\"datePublished\":\"2018-09-04T10:45:23+00:00\",\"dateModified\":\"2021-05-17T07:33:26+00:00\",\"breadcrumb\":{\"@id\":\"https:\\\/\\\/www.kz-gedenkstaette-dachau.de\\\/dels\\\/historischer-ort\\\/virtueller-rundgang\\\/todesangst-christi-kapelle\\\/#breadcrumb\"},\"inLanguage\":\"ls-DE\",\"potentialAction\":[{\"@type\":\"ReadAction\",\"target\":[\"https:\\\/\\\/www.kz-gedenkstaette-dachau.de\\\/dels\\\/historischer-ort\\\/virtueller-rundgang\\\/todesangst-christi-kapelle\\\/\"]}]},{\"@type\":\"ImageObject\",\"inLanguage\":\"ls-DE\",\"@id\":\"https:\\\/\\\/www.kz-gedenkstaette-dachau.de\\\/dels\\\/historischer-ort\\\/virtueller-rundgang\\\/todesangst-christi-kapelle\\\/#primaryimage\",\"url\":\"https:\\\/\\\/www.kz-gedenkstaette-dachau.de\\\/wp-content\\\/uploads\\\/2018\\\/11\\\/todesangst_christi_kapelle-250x147.jpg\",\"contentUrl\":\"https:\\\/\\\/www.kz-gedenkstaette-dachau.de\\\/wp-content\\\/uploads\\\/2018\\\/11\\\/todesangst_christi_kapelle-250x147.jpg\"},{\"@type\":\"BreadcrumbList\",\"@id\":\"https:\\\/\\\/www.kz-gedenkstaette-dachau.de\\\/dels\\\/historischer-ort\\\/virtueller-rundgang\\\/todesangst-christi-kapelle\\\/#breadcrumb\",\"itemListElement\":[{\"@type\":\"ListItem\",\"position\":1,\"name\":\"Start\u00b7seite\",\"item\":\"https:\\\/\\\/www.kz-gedenkstaette-dachau.de\\\/dels\\\/\"},{\"@type\":\"ListItem\",\"position\":2,\"name\":\"Historischer Ort\",\"item\":\"https:\\\/\\\/www.kz-gedenkstaette-dachau.de\\\/dels\\\/historischer-ort\\\/\"},{\"@type\":\"ListItem\",\"position\":3,\"name\":\"Virtueller Rund\u00b7gang\",\"item\":\"https:\\\/\\\/www.kz-gedenkstaette-dachau.de\\\/dels\\\/historischer-ort\\\/virtueller-rundgang\\\/\"},{\"@type\":\"ListItem\",\"position\":4,\"name\":\"Todes\u00b7angst-Christi-Kapelle\"}]},{\"@type\":\"WebSite\",\"@id\":\"https:\\\/\\\/www.kz-gedenkstaette-dachau.de\\\/#website\",\"url\":\"https:\\\/\\\/www.kz-gedenkstaette-dachau.de\\\/\",\"name\":\"KZ Gedenkst\u00e4tte Dachau\",\"description\":\"\",\"potentialAction\":[{\"@type\":\"SearchAction\",\"target\":{\"@type\":\"EntryPoint\",\"urlTemplate\":\"https:\\\/\\\/www.kz-gedenkstaette-dachau.de\\\/?s={search_term_string}\"},\"query-input\":{\"@type\":\"PropertyValueSpecification\",\"valueRequired\":true,\"valueName\":\"search_term_string\"}}],\"inLanguage\":\"ls-DE\"}]}<\/script>\n<!-- \/ Yoast SEO plugin. -->","yoast_head_json":{"title":"Todes\u00b7angst-Christi-Kapelle - KZ Gedenkst\u00e4tte Dachau","robots":{"index":"index","follow":"follow","max-snippet":"max-snippet:-1","max-image-preview":"max-image-preview:large","max-video-preview":"max-video-preview:-1"},"canonical":"https:\/\/www.kz-gedenkstaette-dachau.de\/dels\/historischer-ort\/virtueller-rundgang\/todesangst-christi-kapelle\/","og_locale":"en_US","og_type":"article","og_title":"Todes\u00b7angst-Christi-Kapelle - KZ Gedenkst\u00e4tte Dachau","og_description":"Station 16 ist die Todes\u00b7angst-Christi-Kapelle. Die Todes\u00b7angst-Christi-Kapelle ist ein katholischer Gedenk\u00b7ort. Die Kapelle war der erste religi\u00f6se Gedenk\u00b7ort im ehemaligen KZ Dachau. Die Kapelle steht am Nord\u00b7ende vom ehemaligen H\u00e4ftlings\u00b7lager. An dem Ort waren fr\u00fcher die Funktions\u00b7geb\u00e4ude. Informationen zu den Funktions\u00b7geb\u00e4uden finden Sie bei Station 11 Johannes Neuh\u00e4usler hatte die Idee f\u00fcr die Todes\u00b7angst-Christi-Kapelle. Neuh\u00e4usler... Artikel anzeigen","og_url":"https:\/\/www.kz-gedenkstaette-dachau.de\/dels\/historischer-ort\/virtueller-rundgang\/todesangst-christi-kapelle\/","og_site_name":"KZ Gedenkst\u00e4tte Dachau","article_modified_time":"2021-05-17T07:33:26+00:00","og_image":[{"url":"https:\/\/www.kz-gedenkstaette-dachau.de\/wp-content\/uploads\/2018\/11\/todesangst_christi_kapelle-250x147.jpg","type":"","width":"","height":""}],"twitter_card":"summary_large_image","twitter_misc":{"Est. reading time":"2 minutes"},"schema":{"@context":"https:\/\/schema.org","@graph":[{"@type":"WebPage","@id":"https:\/\/www.kz-gedenkstaette-dachau.de\/dels\/historischer-ort\/virtueller-rundgang\/todesangst-christi-kapelle\/","url":"https:\/\/www.kz-gedenkstaette-dachau.de\/dels\/historischer-ort\/virtueller-rundgang\/todesangst-christi-kapelle\/","name":"Todes\u00b7angst-Christi-Kapelle - KZ Gedenkst\u00e4tte Dachau","isPartOf":{"@id":"https:\/\/www.kz-gedenkstaette-dachau.de\/#website"},"primaryImageOfPage":{"@id":"https:\/\/www.kz-gedenkstaette-dachau.de\/dels\/historischer-ort\/virtueller-rundgang\/todesangst-christi-kapelle\/#primaryimage"},"image":{"@id":"https:\/\/www.kz-gedenkstaette-dachau.de\/dels\/historischer-ort\/virtueller-rundgang\/todesangst-christi-kapelle\/#primaryimage"},"thumbnailUrl":"https:\/\/www.kz-gedenkstaette-dachau.de\/wp-content\/uploads\/2018\/11\/todesangst_christi_kapelle-250x147.jpg","datePublished":"2018-09-04T10:45:23+00:00","dateModified":"2021-05-17T07:33:26+00:00","breadcrumb":{"@id":"https:\/\/www.kz-gedenkstaette-dachau.de\/dels\/historischer-ort\/virtueller-rundgang\/todesangst-christi-kapelle\/#breadcrumb"},"inLanguage":"ls-DE","potentialAction":[{"@type":"ReadAction","target":["https:\/\/www.kz-gedenkstaette-dachau.de\/dels\/historischer-ort\/virtueller-rundgang\/todesangst-christi-kapelle\/"]}]},{"@type":"ImageObject","inLanguage":"ls-DE","@id":"https:\/\/www.kz-gedenkstaette-dachau.de\/dels\/historischer-ort\/virtueller-rundgang\/todesangst-christi-kapelle\/#primaryimage","url":"https:\/\/www.kz-gedenkstaette-dachau.de\/wp-content\/uploads\/2018\/11\/todesangst_christi_kapelle-250x147.jpg","contentUrl":"https:\/\/www.kz-gedenkstaette-dachau.de\/wp-content\/uploads\/2018\/11\/todesangst_christi_kapelle-250x147.jpg"},{"@type":"BreadcrumbList","@id":"https:\/\/www.kz-gedenkstaette-dachau.de\/dels\/historischer-ort\/virtueller-rundgang\/todesangst-christi-kapelle\/#breadcrumb","itemListElement":[{"@type":"ListItem","position":1,"name":"Start\u00b7seite","item":"https:\/\/www.kz-gedenkstaette-dachau.de\/dels\/"},{"@type":"ListItem","position":2,"name":"Historischer Ort","item":"https:\/\/www.kz-gedenkstaette-dachau.de\/dels\/historischer-ort\/"},{"@type":"ListItem","position":3,"name":"Virtueller Rund\u00b7gang","item":"https:\/\/www.kz-gedenkstaette-dachau.de\/dels\/historischer-ort\/virtueller-rundgang\/"},{"@type":"ListItem","position":4,"name":"Todes\u00b7angst-Christi-Kapelle"}]},{"@type":"WebSite","@id":"https:\/\/www.kz-gedenkstaette-dachau.de\/#website","url":"https:\/\/www.kz-gedenkstaette-dachau.de\/","name":"KZ Gedenkst\u00e4tte Dachau","description":"","potentialAction":[{"@type":"SearchAction","target":{"@type":"EntryPoint","urlTemplate":"https:\/\/www.kz-gedenkstaette-dachau.de\/?s={search_term_string}"},"query-input":{"@type":"PropertyValueSpecification","valueRequired":true,"valueName":"search_term_string"}}],"inLanguage":"ls-DE"}]}},"_links":{"self":[{"href":"https:\/\/www.kz-gedenkstaette-dachau.de\/dels\/wp-json\/wp\/v2\/pages\/63698","targetHints":{"allow":["GET"]}}],"collection":[{"href":"https:\/\/www.kz-gedenkstaette-dachau.de\/dels\/wp-json\/wp\/v2\/pages"}],"about":[{"href":"https:\/\/www.kz-gedenkstaette-dachau.de\/dels\/wp-json\/wp\/v2\/types\/page"}],"author":[{"embeddable":true,"href":"https:\/\/www.kz-gedenkstaette-dachau.de\/dels\/wp-json\/wp\/v2\/users\/1"}],"replies":[{"embeddable":true,"href":"https:\/\/www.kz-gedenkstaette-dachau.de\/dels\/wp-json\/wp\/v2\/comments?post=63698"}],"version-history":[{"count":1,"href":"https:\/\/www.kz-gedenkstaette-dachau.de\/dels\/wp-json\/wp\/v2\/pages\/63698\/revisions"}],"predecessor-version":[{"id":75112,"href":"https:\/\/www.kz-gedenkstaette-dachau.de\/dels\/wp-json\/wp\/v2\/pages\/63698\/revisions\/75112"}],"up":[{"embeddable":true,"href":"https:\/\/www.kz-gedenkstaette-dachau.de\/dels\/wp-json\/wp\/v2\/pages\/63630"}],"wp:attachment":[{"href":"https:\/\/www.kz-gedenkstaette-dachau.de\/dels\/wp-json\/wp\/v2\/media?parent=63698"}],"curies":[{"name":"wp","href":"https:\/\/api.w.org\/{rel}","templated":true}]}}