{"id":63710,"date":"2018-09-04T12:46:25","date_gmt":"2018-09-04T10:46:25","guid":{"rendered":"https:\/\/www.kz-gedenkstaette-dachau.de\/historischer-ort\/virtueller-rundgang\/juedische-gedenkstaette\/"},"modified":"2020-03-31T18:35:39","modified_gmt":"2020-03-31T16:35:39","slug":"juedische-gedenkstaette","status":"publish","type":"page","link":"https:\/\/www.kz-gedenkstaette-dachau.de\/dels\/historischer-ort\/virtueller-rundgang\/juedische-gedenkstaette\/","title":{"rendered":"J\u00fcdische Gedenk\u00b7st\u00e4tte"},"content":{"rendered":"<div id=\"attachment_63711\" style=\"width: 710px\" class=\"wp-caption alignnone\"><img loading=\"lazy\" decoding=\"async\" aria-describedby=\"caption-attachment-63711\" class=\"wp-image-63711\" src=\"https:\/\/www.kz-gedenkstaette-dachau.de\/wp-content\/uploads\/2018\/11\/juedische_gedenkstaette-250x147.jpg\" alt=\"Die j\u00fcdische Gedenk\u00b7st\u00e4tte. Das Foto ist von 2017. (KZ-Gedenk\u00b7st\u00e4tte Dachau)\" width=\"700\" height=\"413\" srcset=\"https:\/\/www.kz-gedenkstaette-dachau.de\/wp-content\/uploads\/2018\/11\/juedische_gedenkstaette-250x147.jpg 250w, https:\/\/www.kz-gedenkstaette-dachau.de\/wp-content\/uploads\/2018\/11\/juedische_gedenkstaette-768x453.jpg 768w, https:\/\/www.kz-gedenkstaette-dachau.de\/wp-content\/uploads\/2018\/11\/juedische_gedenkstaette-700x413.jpg 700w, https:\/\/www.kz-gedenkstaette-dachau.de\/wp-content\/uploads\/2018\/11\/juedische_gedenkstaette-120x71.jpg 120w, https:\/\/www.kz-gedenkstaette-dachau.de\/wp-content\/uploads\/2018\/11\/juedische_gedenkstaette.jpg 1120w\" sizes=\"auto, (max-width: 700px) 100vw, 700px\" \/><p id=\"caption-attachment-63711\" class=\"wp-caption-text\"><small>Die j\u00fcdische Gedenk\u00b7st\u00e4tte.<br \/>Das Foto ist von 2017.<br \/>(KZ-Gedenk\u00b7st\u00e4tte Dachau)<small><\/p><\/div>\n<p>Station 19 ist die j\u00fcdische Gedenk\u00b7st\u00e4tte.<br \/>\nZvi Guttmann hat die Gedenk\u00b7st\u00e4tte entworfen.<br \/>\nZvi Guttmann war ein Architekt.<\/p>\n<p>Die Gedenk\u00b7st\u00e4tte wurde am <strong>7. Mai 1967<\/strong> eingeweiht.<br \/>\nDer Landes\u00b7verband der Israelitischen Kultus\u00b7gemeinden<br \/>\nin Bayern hat die Gedenk\u00b7st\u00e4tte eingeweiht.<\/p>\n<p><strong>Wie sieht die j\u00fcdische Gedenk\u00b7st\u00e4tte aus?<\/strong><br \/>\nDie Gedenk\u00b7st\u00e4tte hat eine besondere Form.<br \/>\nDie Gedenk\u00b7st\u00e4tte ist parabel\u00b7f\u00f6rmig.<br \/>\nDas kann man auf dem Bild gut sehen.<br \/>\nDie Gedenk\u00b7st\u00e4tte hat eine Rampe.<br \/>\nDiese Rampe f\u00fchrt nach unten.<br \/>\nDas soll an die Vernichtung von Juden in Europa erinnern.<\/p>\n<p>Das Dach von der Gedenk\u00b7st\u00e4tte hat eine \u00d6ffnung.<br \/>\nDurch diese \u00d6ffnung kommt Licht in die Gedenk\u00b7st\u00e4tte.<\/p>\n<p>Auf dem Dach von der Gedenk\u00b7st\u00e4tte steht eine Menora.<br \/>\nEine Menora ist ein Kerzen\u00b7leuchter.<br \/>\nDieser Kerzen\u00b7leuchter hat 7 Arme.<br \/>\nDie Menora steht f\u00fcr das Leben.<br \/>\nUnd f\u00fcr die Hoffnung.<\/p>\n","protected":false},"excerpt":{"rendered":"<p>Station 19 ist die j\u00fcdische Gedenk\u00b7st\u00e4tte. Zvi Guttmann hat die Gedenk\u00b7st\u00e4tte entworfen. Zvi Guttmann war ein Architekt. Die Gedenk\u00b7st\u00e4tte wurde am 7. Mai 1967 eingeweiht. Der Landes\u00b7verband der Israelitischen Kultus\u00b7gemeinden in Bayern hat die Gedenk\u00b7st\u00e4tte eingeweiht. Wie sieht die j\u00fcdische Gedenk\u00b7st\u00e4tte aus? Die Gedenk\u00b7st\u00e4tte hat eine besondere Form. Die Gedenk\u00b7st\u00e4tte ist parabel\u00b7f\u00f6rmig. Das kann man&#8230; <a class=\"view-article\" href=\"https:\/\/www.kz-gedenkstaette-dachau.de\/dels\/historischer-ort\/virtueller-rundgang\/juedische-gedenkstaette\/\">Artikel anzeigen<\/a><\/p>\n","protected":false},"author":1,"featured_media":0,"parent":63630,"menu_order":1900,"comment_status":"closed","ping_status":"closed","template":"page-virtueller_rundgang_unterseite.php","meta":{"_acf_changed":false,"footnotes":""},"class_list":["post-63710","page","type-page","status-publish","hentry"],"acf":[],"yoast_head":"<!-- This site is optimized with the Yoast SEO plugin v27.4 - https:\/\/yoast.com\/product\/yoast-seo-wordpress\/ -->\n<title>J\u00fcdische Gedenk\u00b7st\u00e4tte - KZ Gedenkst\u00e4tte Dachau<\/title>\n<meta name=\"robots\" content=\"index, follow, max-snippet:-1, max-image-preview:large, max-video-preview:-1\" \/>\n<link rel=\"canonical\" href=\"https:\/\/www.kz-gedenkstaette-dachau.de\/dels\/historischer-ort\/virtueller-rundgang\/juedische-gedenkstaette\/\" \/>\n<meta property=\"og:locale\" content=\"en_US\" \/>\n<meta property=\"og:type\" content=\"article\" \/>\n<meta property=\"og:title\" content=\"J\u00fcdische Gedenk\u00b7st\u00e4tte - KZ Gedenkst\u00e4tte Dachau\" \/>\n<meta property=\"og:description\" content=\"Station 19 ist die j\u00fcdische Gedenk\u00b7st\u00e4tte. Zvi Guttmann hat die Gedenk\u00b7st\u00e4tte entworfen. Zvi Guttmann war ein Architekt. Die Gedenk\u00b7st\u00e4tte wurde am 7. Mai 1967 eingeweiht. Der Landes\u00b7verband der Israelitischen Kultus\u00b7gemeinden in Bayern hat die Gedenk\u00b7st\u00e4tte eingeweiht. Wie sieht die j\u00fcdische Gedenk\u00b7st\u00e4tte aus? Die Gedenk\u00b7st\u00e4tte hat eine besondere Form. Die Gedenk\u00b7st\u00e4tte ist parabel\u00b7f\u00f6rmig. Das kann man... Artikel anzeigen\" \/>\n<meta property=\"og:url\" content=\"https:\/\/www.kz-gedenkstaette-dachau.de\/dels\/historischer-ort\/virtueller-rundgang\/juedische-gedenkstaette\/\" \/>\n<meta property=\"og:site_name\" content=\"KZ Gedenkst\u00e4tte Dachau\" \/>\n<meta property=\"article:modified_time\" content=\"2020-03-31T16:35:39+00:00\" \/>\n<meta property=\"og:image\" content=\"https:\/\/www.kz-gedenkstaette-dachau.de\/wp-content\/uploads\/2018\/11\/juedische_gedenkstaette-250x147.jpg\" \/>\n<meta name=\"twitter:card\" content=\"summary_large_image\" \/>\n<meta name=\"twitter:label1\" content=\"Est. reading time\" \/>\n\t<meta name=\"twitter:data1\" content=\"1 minute\" \/>\n<script type=\"application\/ld+json\" class=\"yoast-schema-graph\">{\"@context\":\"https:\\\/\\\/schema.org\",\"@graph\":[{\"@type\":\"WebPage\",\"@id\":\"https:\\\/\\\/www.kz-gedenkstaette-dachau.de\\\/dels\\\/historischer-ort\\\/virtueller-rundgang\\\/juedische-gedenkstaette\\\/\",\"url\":\"https:\\\/\\\/www.kz-gedenkstaette-dachau.de\\\/dels\\\/historischer-ort\\\/virtueller-rundgang\\\/juedische-gedenkstaette\\\/\",\"name\":\"J\u00fcdische Gedenk\u00b7st\u00e4tte - KZ Gedenkst\u00e4tte Dachau\",\"isPartOf\":{\"@id\":\"https:\\\/\\\/www.kz-gedenkstaette-dachau.de\\\/#website\"},\"primaryImageOfPage\":{\"@id\":\"https:\\\/\\\/www.kz-gedenkstaette-dachau.de\\\/dels\\\/historischer-ort\\\/virtueller-rundgang\\\/juedische-gedenkstaette\\\/#primaryimage\"},\"image\":{\"@id\":\"https:\\\/\\\/www.kz-gedenkstaette-dachau.de\\\/dels\\\/historischer-ort\\\/virtueller-rundgang\\\/juedische-gedenkstaette\\\/#primaryimage\"},\"thumbnailUrl\":\"https:\\\/\\\/www.kz-gedenkstaette-dachau.de\\\/wp-content\\\/uploads\\\/2018\\\/11\\\/juedische_gedenkstaette-250x147.jpg\",\"datePublished\":\"2018-09-04T10:46:25+00:00\",\"dateModified\":\"2020-03-31T16:35:39+00:00\",\"breadcrumb\":{\"@id\":\"https:\\\/\\\/www.kz-gedenkstaette-dachau.de\\\/dels\\\/historischer-ort\\\/virtueller-rundgang\\\/juedische-gedenkstaette\\\/#breadcrumb\"},\"inLanguage\":\"ls-DE\",\"potentialAction\":[{\"@type\":\"ReadAction\",\"target\":[\"https:\\\/\\\/www.kz-gedenkstaette-dachau.de\\\/dels\\\/historischer-ort\\\/virtueller-rundgang\\\/juedische-gedenkstaette\\\/\"]}]},{\"@type\":\"ImageObject\",\"inLanguage\":\"ls-DE\",\"@id\":\"https:\\\/\\\/www.kz-gedenkstaette-dachau.de\\\/dels\\\/historischer-ort\\\/virtueller-rundgang\\\/juedische-gedenkstaette\\\/#primaryimage\",\"url\":\"https:\\\/\\\/www.kz-gedenkstaette-dachau.de\\\/wp-content\\\/uploads\\\/2018\\\/11\\\/juedische_gedenkstaette-250x147.jpg\",\"contentUrl\":\"https:\\\/\\\/www.kz-gedenkstaette-dachau.de\\\/wp-content\\\/uploads\\\/2018\\\/11\\\/juedische_gedenkstaette-250x147.jpg\"},{\"@type\":\"BreadcrumbList\",\"@id\":\"https:\\\/\\\/www.kz-gedenkstaette-dachau.de\\\/dels\\\/historischer-ort\\\/virtueller-rundgang\\\/juedische-gedenkstaette\\\/#breadcrumb\",\"itemListElement\":[{\"@type\":\"ListItem\",\"position\":1,\"name\":\"Start\u00b7seite\",\"item\":\"https:\\\/\\\/www.kz-gedenkstaette-dachau.de\\\/dels\\\/\"},{\"@type\":\"ListItem\",\"position\":2,\"name\":\"Historischer Ort\",\"item\":\"https:\\\/\\\/www.kz-gedenkstaette-dachau.de\\\/dels\\\/historischer-ort\\\/\"},{\"@type\":\"ListItem\",\"position\":3,\"name\":\"Virtueller Rund\u00b7gang\",\"item\":\"https:\\\/\\\/www.kz-gedenkstaette-dachau.de\\\/dels\\\/historischer-ort\\\/virtueller-rundgang\\\/\"},{\"@type\":\"ListItem\",\"position\":4,\"name\":\"J\u00fcdische Gedenk\u00b7st\u00e4tte\"}]},{\"@type\":\"WebSite\",\"@id\":\"https:\\\/\\\/www.kz-gedenkstaette-dachau.de\\\/#website\",\"url\":\"https:\\\/\\\/www.kz-gedenkstaette-dachau.de\\\/\",\"name\":\"KZ Gedenkst\u00e4tte Dachau\",\"description\":\"\",\"potentialAction\":[{\"@type\":\"SearchAction\",\"target\":{\"@type\":\"EntryPoint\",\"urlTemplate\":\"https:\\\/\\\/www.kz-gedenkstaette-dachau.de\\\/?s={search_term_string}\"},\"query-input\":{\"@type\":\"PropertyValueSpecification\",\"valueRequired\":true,\"valueName\":\"search_term_string\"}}],\"inLanguage\":\"ls-DE\"}]}<\/script>\n<!-- \/ Yoast SEO plugin. -->","yoast_head_json":{"title":"J\u00fcdische Gedenk\u00b7st\u00e4tte - KZ Gedenkst\u00e4tte Dachau","robots":{"index":"index","follow":"follow","max-snippet":"max-snippet:-1","max-image-preview":"max-image-preview:large","max-video-preview":"max-video-preview:-1"},"canonical":"https:\/\/www.kz-gedenkstaette-dachau.de\/dels\/historischer-ort\/virtueller-rundgang\/juedische-gedenkstaette\/","og_locale":"en_US","og_type":"article","og_title":"J\u00fcdische Gedenk\u00b7st\u00e4tte - KZ Gedenkst\u00e4tte Dachau","og_description":"Station 19 ist die j\u00fcdische Gedenk\u00b7st\u00e4tte. Zvi Guttmann hat die Gedenk\u00b7st\u00e4tte entworfen. Zvi Guttmann war ein Architekt. Die Gedenk\u00b7st\u00e4tte wurde am 7. Mai 1967 eingeweiht. Der Landes\u00b7verband der Israelitischen Kultus\u00b7gemeinden in Bayern hat die Gedenk\u00b7st\u00e4tte eingeweiht. Wie sieht die j\u00fcdische Gedenk\u00b7st\u00e4tte aus? Die Gedenk\u00b7st\u00e4tte hat eine besondere Form. Die Gedenk\u00b7st\u00e4tte ist parabel\u00b7f\u00f6rmig. Das kann man... Artikel anzeigen","og_url":"https:\/\/www.kz-gedenkstaette-dachau.de\/dels\/historischer-ort\/virtueller-rundgang\/juedische-gedenkstaette\/","og_site_name":"KZ Gedenkst\u00e4tte Dachau","article_modified_time":"2020-03-31T16:35:39+00:00","og_image":[{"url":"https:\/\/www.kz-gedenkstaette-dachau.de\/wp-content\/uploads\/2018\/11\/juedische_gedenkstaette-250x147.jpg","type":"","width":"","height":""}],"twitter_card":"summary_large_image","twitter_misc":{"Est. reading time":"1 minute"},"schema":{"@context":"https:\/\/schema.org","@graph":[{"@type":"WebPage","@id":"https:\/\/www.kz-gedenkstaette-dachau.de\/dels\/historischer-ort\/virtueller-rundgang\/juedische-gedenkstaette\/","url":"https:\/\/www.kz-gedenkstaette-dachau.de\/dels\/historischer-ort\/virtueller-rundgang\/juedische-gedenkstaette\/","name":"J\u00fcdische Gedenk\u00b7st\u00e4tte - KZ Gedenkst\u00e4tte Dachau","isPartOf":{"@id":"https:\/\/www.kz-gedenkstaette-dachau.de\/#website"},"primaryImageOfPage":{"@id":"https:\/\/www.kz-gedenkstaette-dachau.de\/dels\/historischer-ort\/virtueller-rundgang\/juedische-gedenkstaette\/#primaryimage"},"image":{"@id":"https:\/\/www.kz-gedenkstaette-dachau.de\/dels\/historischer-ort\/virtueller-rundgang\/juedische-gedenkstaette\/#primaryimage"},"thumbnailUrl":"https:\/\/www.kz-gedenkstaette-dachau.de\/wp-content\/uploads\/2018\/11\/juedische_gedenkstaette-250x147.jpg","datePublished":"2018-09-04T10:46:25+00:00","dateModified":"2020-03-31T16:35:39+00:00","breadcrumb":{"@id":"https:\/\/www.kz-gedenkstaette-dachau.de\/dels\/historischer-ort\/virtueller-rundgang\/juedische-gedenkstaette\/#breadcrumb"},"inLanguage":"ls-DE","potentialAction":[{"@type":"ReadAction","target":["https:\/\/www.kz-gedenkstaette-dachau.de\/dels\/historischer-ort\/virtueller-rundgang\/juedische-gedenkstaette\/"]}]},{"@type":"ImageObject","inLanguage":"ls-DE","@id":"https:\/\/www.kz-gedenkstaette-dachau.de\/dels\/historischer-ort\/virtueller-rundgang\/juedische-gedenkstaette\/#primaryimage","url":"https:\/\/www.kz-gedenkstaette-dachau.de\/wp-content\/uploads\/2018\/11\/juedische_gedenkstaette-250x147.jpg","contentUrl":"https:\/\/www.kz-gedenkstaette-dachau.de\/wp-content\/uploads\/2018\/11\/juedische_gedenkstaette-250x147.jpg"},{"@type":"BreadcrumbList","@id":"https:\/\/www.kz-gedenkstaette-dachau.de\/dels\/historischer-ort\/virtueller-rundgang\/juedische-gedenkstaette\/#breadcrumb","itemListElement":[{"@type":"ListItem","position":1,"name":"Start\u00b7seite","item":"https:\/\/www.kz-gedenkstaette-dachau.de\/dels\/"},{"@type":"ListItem","position":2,"name":"Historischer Ort","item":"https:\/\/www.kz-gedenkstaette-dachau.de\/dels\/historischer-ort\/"},{"@type":"ListItem","position":3,"name":"Virtueller Rund\u00b7gang","item":"https:\/\/www.kz-gedenkstaette-dachau.de\/dels\/historischer-ort\/virtueller-rundgang\/"},{"@type":"ListItem","position":4,"name":"J\u00fcdische Gedenk\u00b7st\u00e4tte"}]},{"@type":"WebSite","@id":"https:\/\/www.kz-gedenkstaette-dachau.de\/#website","url":"https:\/\/www.kz-gedenkstaette-dachau.de\/","name":"KZ Gedenkst\u00e4tte Dachau","description":"","potentialAction":[{"@type":"SearchAction","target":{"@type":"EntryPoint","urlTemplate":"https:\/\/www.kz-gedenkstaette-dachau.de\/?s={search_term_string}"},"query-input":{"@type":"PropertyValueSpecification","valueRequired":true,"valueName":"search_term_string"}}],"inLanguage":"ls-DE"}]}},"_links":{"self":[{"href":"https:\/\/www.kz-gedenkstaette-dachau.de\/dels\/wp-json\/wp\/v2\/pages\/63710","targetHints":{"allow":["GET"]}}],"collection":[{"href":"https:\/\/www.kz-gedenkstaette-dachau.de\/dels\/wp-json\/wp\/v2\/pages"}],"about":[{"href":"https:\/\/www.kz-gedenkstaette-dachau.de\/dels\/wp-json\/wp\/v2\/types\/page"}],"author":[{"embeddable":true,"href":"https:\/\/www.kz-gedenkstaette-dachau.de\/dels\/wp-json\/wp\/v2\/users\/1"}],"replies":[{"embeddable":true,"href":"https:\/\/www.kz-gedenkstaette-dachau.de\/dels\/wp-json\/wp\/v2\/comments?post=63710"}],"version-history":[{"count":0,"href":"https:\/\/www.kz-gedenkstaette-dachau.de\/dels\/wp-json\/wp\/v2\/pages\/63710\/revisions"}],"up":[{"embeddable":true,"href":"https:\/\/www.kz-gedenkstaette-dachau.de\/dels\/wp-json\/wp\/v2\/pages\/63630"}],"wp:attachment":[{"href":"https:\/\/www.kz-gedenkstaette-dachau.de\/dels\/wp-json\/wp\/v2\/media?parent=63710"}],"curies":[{"name":"wp","href":"https:\/\/api.w.org\/{rel}","templated":true}]}}