{"id":63714,"date":"2018-09-04T12:46:46","date_gmt":"2018-09-04T10:46:46","guid":{"rendered":"https:\/\/www.kz-gedenkstaette-dachau.de\/historischer-ort\/virtueller-rundgang\/russisch-orthodoxe-kapelle\/"},"modified":"2020-03-31T18:37:50","modified_gmt":"2020-03-31T16:37:50","slug":"russisch-orthodoxe-kapelle","status":"publish","type":"page","link":"https:\/\/www.kz-gedenkstaette-dachau.de\/dels\/historischer-ort\/virtueller-rundgang\/russisch-orthodoxe-kapelle\/","title":{"rendered":"Russisch-orthodoxe Kapelle"},"content":{"rendered":"<div id=\"attachment_63715\" style=\"width: 710px\" class=\"wp-caption alignnone\"><img loading=\"lazy\" decoding=\"async\" aria-describedby=\"caption-attachment-63715\" class=\"wp-image-63715\" src=\"https:\/\/www.kz-gedenkstaette-dachau.de\/wp-content\/uploads\/2018\/11\/russisch_orthodoxe_kapelle-250x147.jpg\" alt=\"Russisch-orthodoxe Kapelle. Das Foto ist von 2017. (KZ-Gedenk\u00b7st\u00e4tte Dachau)\" width=\"700\" height=\"413\" srcset=\"https:\/\/www.kz-gedenkstaette-dachau.de\/wp-content\/uploads\/2018\/11\/russisch_orthodoxe_kapelle-250x147.jpg 250w, https:\/\/www.kz-gedenkstaette-dachau.de\/wp-content\/uploads\/2018\/11\/russisch_orthodoxe_kapelle-768x453.jpg 768w, https:\/\/www.kz-gedenkstaette-dachau.de\/wp-content\/uploads\/2018\/11\/russisch_orthodoxe_kapelle-700x413.jpg 700w, https:\/\/www.kz-gedenkstaette-dachau.de\/wp-content\/uploads\/2018\/11\/russisch_orthodoxe_kapelle-120x71.jpg 120w, https:\/\/www.kz-gedenkstaette-dachau.de\/wp-content\/uploads\/2018\/11\/russisch_orthodoxe_kapelle.jpg 1120w\" sizes=\"auto, (max-width: 700px) 100vw, 700px\" \/><p id=\"caption-attachment-63715\" class=\"wp-caption-text\"><small>Russisch-orthodoxe Kapelle.<br \/>Das Foto ist von 2017.<br \/>(KZ-Gedenk\u00b7st\u00e4tte Dachau)<small><\/p><\/div>\n<p>Station 20 ist die Russisch-orthodoxe Kapelle.<br \/>\nDie Kapelle hat den Namen: Auferstehung unseres Herrn.<br \/>\nDie Russisch-orthodoxe Kapelle<br \/>\nsoll an die sowjetischen <span style=\"color: #cc1800;\"><strong title=\"H\u00e4ftling ist ein anderes Wort f\u00fcr Gefangener.\">H\u00e4ftling<\/strong><\/span> erinnern.<br \/>\nIm <span style=\"color: #cc1800;\"><strong title=\"KZ ist die Abk\u00fcrzung f\u00fcr Konzentrations\u00b7lager.\">KZ<\/strong><\/span> Dachau sind n\u00e4mlich sehr viele sowjetische H\u00e4ftlinge gestorben.<br \/>\nDie sowjetischen H\u00e4ftlinge waren die dritt\u00b7gr\u00f6\u00dfte Opfer\u00b7gruppe.<\/p>\n<p>Mehrere Institutionen hatten die Idee f\u00fcr die Russisch-orthodoxe Kapelle.<br \/>\nDie Kirchen\u00b7leitungen<br \/>\nvon der russisch-orthodoxen Kirche in Deutschland und Russland.<br \/>\nUnd die Botschaft von der Russischen F\u00f6rderation.<\/p>\n<p>Valentin Utkin hat die Kapelle entworfen.<br \/>\nValentin Utkin war ein Architekt.<br \/>\nDie Kapelle wurde am <strong>29. April 1995<\/strong> eingeweiht.<br \/>\nNikolai Kutepow hat die Kapelle eingeweiht.<br \/>\nKutepow war der Metropolit von Nischni Nowgorod und Arsamas.<\/p>\n<p>Die Kapelle ist aus Holz.<br \/>\nUnd die Kapelle ist acht\u00b7eckig.<br \/>\nDie Kapelle wurde in Moskau gebaut.<br \/>\n<strong>1994<\/strong> wurde die Kapelle in Dachau aufgebaut.<\/p>\n<p>Russische Soldaten haben die Kapelle aufgebaut.<br \/>\nDie Kapelle steht auf einem H\u00fcgel.<br \/>\nDer H\u00fcgel besteht aus Erde.<br \/>\nEin Teil von dieser Erde kommt aus der ehemaligen Sowjet\u00b7union.<br \/>\nDie Sowjet\u00b7union gibt es n\u00e4mlich heute <strong>nicht<\/strong> mehr.<br \/>\nAus der Sowjet\u00b7union sind 15 neue L\u00e4nder geworden.<\/p>\n","protected":false},"excerpt":{"rendered":"<p>Station 20 ist die Russisch-orthodoxe Kapelle. Die Kapelle hat den Namen: Auferstehung unseres Herrn. Die Russisch-orthodoxe Kapelle soll an die sowjetischen H\u00e4ftling erinnern. Im KZ Dachau sind n\u00e4mlich sehr viele sowjetische H\u00e4ftlinge gestorben. Die sowjetischen H\u00e4ftlinge waren die dritt\u00b7gr\u00f6\u00dfte Opfer\u00b7gruppe. Mehrere Institutionen hatten die Idee f\u00fcr die Russisch-orthodoxe Kapelle. Die Kirchen\u00b7leitungen von der russisch-orthodoxen Kirche&#8230; <a class=\"view-article\" href=\"https:\/\/www.kz-gedenkstaette-dachau.de\/dels\/historischer-ort\/virtueller-rundgang\/russisch-orthodoxe-kapelle\/\">Artikel anzeigen<\/a><\/p>\n","protected":false},"author":1,"featured_media":0,"parent":63630,"menu_order":2000,"comment_status":"closed","ping_status":"closed","template":"page-virtueller_rundgang_unterseite.php","meta":{"_acf_changed":false,"footnotes":""},"class_list":["post-63714","page","type-page","status-publish","hentry"],"acf":[],"yoast_head":"<!-- This site is optimized with the Yoast SEO plugin v27.3 - https:\/\/yoast.com\/product\/yoast-seo-wordpress\/ -->\n<title>Russisch-orthodoxe Kapelle - KZ Gedenkst\u00e4tte Dachau<\/title>\n<meta name=\"robots\" content=\"index, follow, max-snippet:-1, max-image-preview:large, max-video-preview:-1\" \/>\n<link rel=\"canonical\" href=\"https:\/\/www.kz-gedenkstaette-dachau.de\/dels\/historischer-ort\/virtueller-rundgang\/russisch-orthodoxe-kapelle\/\" \/>\n<meta property=\"og:locale\" content=\"en_US\" \/>\n<meta property=\"og:type\" content=\"article\" \/>\n<meta property=\"og:title\" content=\"Russisch-orthodoxe Kapelle - KZ Gedenkst\u00e4tte Dachau\" \/>\n<meta property=\"og:description\" content=\"Station 20 ist die Russisch-orthodoxe Kapelle. Die Kapelle hat den Namen: Auferstehung unseres Herrn. Die Russisch-orthodoxe Kapelle soll an die sowjetischen H\u00e4ftling erinnern. Im KZ Dachau sind n\u00e4mlich sehr viele sowjetische H\u00e4ftlinge gestorben. Die sowjetischen H\u00e4ftlinge waren die dritt\u00b7gr\u00f6\u00dfte Opfer\u00b7gruppe. Mehrere Institutionen hatten die Idee f\u00fcr die Russisch-orthodoxe Kapelle. Die Kirchen\u00b7leitungen von der russisch-orthodoxen Kirche... Artikel anzeigen\" \/>\n<meta property=\"og:url\" content=\"https:\/\/www.kz-gedenkstaette-dachau.de\/dels\/historischer-ort\/virtueller-rundgang\/russisch-orthodoxe-kapelle\/\" \/>\n<meta property=\"og:site_name\" content=\"KZ Gedenkst\u00e4tte Dachau\" \/>\n<meta property=\"article:modified_time\" content=\"2020-03-31T16:37:50+00:00\" \/>\n<meta property=\"og:image\" content=\"https:\/\/www.kz-gedenkstaette-dachau.de\/wp-content\/uploads\/2018\/11\/russisch_orthodoxe_kapelle-250x147.jpg\" \/>\n<meta name=\"twitter:card\" content=\"summary_large_image\" \/>\n<meta name=\"twitter:label1\" content=\"Est. reading time\" \/>\n\t<meta name=\"twitter:data1\" content=\"1 minute\" \/>\n<script type=\"application\/ld+json\" class=\"yoast-schema-graph\">{\"@context\":\"https:\\\/\\\/schema.org\",\"@graph\":[{\"@type\":\"WebPage\",\"@id\":\"https:\\\/\\\/www.kz-gedenkstaette-dachau.de\\\/dels\\\/historischer-ort\\\/virtueller-rundgang\\\/russisch-orthodoxe-kapelle\\\/\",\"url\":\"https:\\\/\\\/www.kz-gedenkstaette-dachau.de\\\/dels\\\/historischer-ort\\\/virtueller-rundgang\\\/russisch-orthodoxe-kapelle\\\/\",\"name\":\"Russisch-orthodoxe Kapelle - KZ Gedenkst\u00e4tte Dachau\",\"isPartOf\":{\"@id\":\"https:\\\/\\\/www.kz-gedenkstaette-dachau.de\\\/#website\"},\"primaryImageOfPage\":{\"@id\":\"https:\\\/\\\/www.kz-gedenkstaette-dachau.de\\\/dels\\\/historischer-ort\\\/virtueller-rundgang\\\/russisch-orthodoxe-kapelle\\\/#primaryimage\"},\"image\":{\"@id\":\"https:\\\/\\\/www.kz-gedenkstaette-dachau.de\\\/dels\\\/historischer-ort\\\/virtueller-rundgang\\\/russisch-orthodoxe-kapelle\\\/#primaryimage\"},\"thumbnailUrl\":\"https:\\\/\\\/www.kz-gedenkstaette-dachau.de\\\/wp-content\\\/uploads\\\/2018\\\/11\\\/russisch_orthodoxe_kapelle-250x147.jpg\",\"datePublished\":\"2018-09-04T10:46:46+00:00\",\"dateModified\":\"2020-03-31T16:37:50+00:00\",\"breadcrumb\":{\"@id\":\"https:\\\/\\\/www.kz-gedenkstaette-dachau.de\\\/dels\\\/historischer-ort\\\/virtueller-rundgang\\\/russisch-orthodoxe-kapelle\\\/#breadcrumb\"},\"inLanguage\":\"ls-DE\",\"potentialAction\":[{\"@type\":\"ReadAction\",\"target\":[\"https:\\\/\\\/www.kz-gedenkstaette-dachau.de\\\/dels\\\/historischer-ort\\\/virtueller-rundgang\\\/russisch-orthodoxe-kapelle\\\/\"]}]},{\"@type\":\"ImageObject\",\"inLanguage\":\"ls-DE\",\"@id\":\"https:\\\/\\\/www.kz-gedenkstaette-dachau.de\\\/dels\\\/historischer-ort\\\/virtueller-rundgang\\\/russisch-orthodoxe-kapelle\\\/#primaryimage\",\"url\":\"https:\\\/\\\/www.kz-gedenkstaette-dachau.de\\\/wp-content\\\/uploads\\\/2018\\\/11\\\/russisch_orthodoxe_kapelle-250x147.jpg\",\"contentUrl\":\"https:\\\/\\\/www.kz-gedenkstaette-dachau.de\\\/wp-content\\\/uploads\\\/2018\\\/11\\\/russisch_orthodoxe_kapelle-250x147.jpg\"},{\"@type\":\"BreadcrumbList\",\"@id\":\"https:\\\/\\\/www.kz-gedenkstaette-dachau.de\\\/dels\\\/historischer-ort\\\/virtueller-rundgang\\\/russisch-orthodoxe-kapelle\\\/#breadcrumb\",\"itemListElement\":[{\"@type\":\"ListItem\",\"position\":1,\"name\":\"Start\u00b7seite\",\"item\":\"https:\\\/\\\/www.kz-gedenkstaette-dachau.de\\\/dels\\\/\"},{\"@type\":\"ListItem\",\"position\":2,\"name\":\"Historischer Ort\",\"item\":\"https:\\\/\\\/www.kz-gedenkstaette-dachau.de\\\/dels\\\/historischer-ort\\\/\"},{\"@type\":\"ListItem\",\"position\":3,\"name\":\"Virtueller Rund\u00b7gang\",\"item\":\"https:\\\/\\\/www.kz-gedenkstaette-dachau.de\\\/dels\\\/historischer-ort\\\/virtueller-rundgang\\\/\"},{\"@type\":\"ListItem\",\"position\":4,\"name\":\"Russisch-orthodoxe Kapelle\"}]},{\"@type\":\"WebSite\",\"@id\":\"https:\\\/\\\/www.kz-gedenkstaette-dachau.de\\\/#website\",\"url\":\"https:\\\/\\\/www.kz-gedenkstaette-dachau.de\\\/\",\"name\":\"KZ Gedenkst\u00e4tte Dachau\",\"description\":\"\",\"potentialAction\":[{\"@type\":\"SearchAction\",\"target\":{\"@type\":\"EntryPoint\",\"urlTemplate\":\"https:\\\/\\\/www.kz-gedenkstaette-dachau.de\\\/?s={search_term_string}\"},\"query-input\":{\"@type\":\"PropertyValueSpecification\",\"valueRequired\":true,\"valueName\":\"search_term_string\"}}],\"inLanguage\":\"ls-DE\"}]}<\/script>\n<!-- \/ Yoast SEO plugin. -->","yoast_head_json":{"title":"Russisch-orthodoxe Kapelle - KZ Gedenkst\u00e4tte Dachau","robots":{"index":"index","follow":"follow","max-snippet":"max-snippet:-1","max-image-preview":"max-image-preview:large","max-video-preview":"max-video-preview:-1"},"canonical":"https:\/\/www.kz-gedenkstaette-dachau.de\/dels\/historischer-ort\/virtueller-rundgang\/russisch-orthodoxe-kapelle\/","og_locale":"en_US","og_type":"article","og_title":"Russisch-orthodoxe Kapelle - KZ Gedenkst\u00e4tte Dachau","og_description":"Station 20 ist die Russisch-orthodoxe Kapelle. Die Kapelle hat den Namen: Auferstehung unseres Herrn. Die Russisch-orthodoxe Kapelle soll an die sowjetischen H\u00e4ftling erinnern. Im KZ Dachau sind n\u00e4mlich sehr viele sowjetische H\u00e4ftlinge gestorben. Die sowjetischen H\u00e4ftlinge waren die dritt\u00b7gr\u00f6\u00dfte Opfer\u00b7gruppe. Mehrere Institutionen hatten die Idee f\u00fcr die Russisch-orthodoxe Kapelle. Die Kirchen\u00b7leitungen von der russisch-orthodoxen Kirche... Artikel anzeigen","og_url":"https:\/\/www.kz-gedenkstaette-dachau.de\/dels\/historischer-ort\/virtueller-rundgang\/russisch-orthodoxe-kapelle\/","og_site_name":"KZ Gedenkst\u00e4tte Dachau","article_modified_time":"2020-03-31T16:37:50+00:00","og_image":[{"url":"https:\/\/www.kz-gedenkstaette-dachau.de\/wp-content\/uploads\/2018\/11\/russisch_orthodoxe_kapelle-250x147.jpg","type":"","width":"","height":""}],"twitter_card":"summary_large_image","twitter_misc":{"Est. reading time":"1 minute"},"schema":{"@context":"https:\/\/schema.org","@graph":[{"@type":"WebPage","@id":"https:\/\/www.kz-gedenkstaette-dachau.de\/dels\/historischer-ort\/virtueller-rundgang\/russisch-orthodoxe-kapelle\/","url":"https:\/\/www.kz-gedenkstaette-dachau.de\/dels\/historischer-ort\/virtueller-rundgang\/russisch-orthodoxe-kapelle\/","name":"Russisch-orthodoxe Kapelle - KZ Gedenkst\u00e4tte Dachau","isPartOf":{"@id":"https:\/\/www.kz-gedenkstaette-dachau.de\/#website"},"primaryImageOfPage":{"@id":"https:\/\/www.kz-gedenkstaette-dachau.de\/dels\/historischer-ort\/virtueller-rundgang\/russisch-orthodoxe-kapelle\/#primaryimage"},"image":{"@id":"https:\/\/www.kz-gedenkstaette-dachau.de\/dels\/historischer-ort\/virtueller-rundgang\/russisch-orthodoxe-kapelle\/#primaryimage"},"thumbnailUrl":"https:\/\/www.kz-gedenkstaette-dachau.de\/wp-content\/uploads\/2018\/11\/russisch_orthodoxe_kapelle-250x147.jpg","datePublished":"2018-09-04T10:46:46+00:00","dateModified":"2020-03-31T16:37:50+00:00","breadcrumb":{"@id":"https:\/\/www.kz-gedenkstaette-dachau.de\/dels\/historischer-ort\/virtueller-rundgang\/russisch-orthodoxe-kapelle\/#breadcrumb"},"inLanguage":"ls-DE","potentialAction":[{"@type":"ReadAction","target":["https:\/\/www.kz-gedenkstaette-dachau.de\/dels\/historischer-ort\/virtueller-rundgang\/russisch-orthodoxe-kapelle\/"]}]},{"@type":"ImageObject","inLanguage":"ls-DE","@id":"https:\/\/www.kz-gedenkstaette-dachau.de\/dels\/historischer-ort\/virtueller-rundgang\/russisch-orthodoxe-kapelle\/#primaryimage","url":"https:\/\/www.kz-gedenkstaette-dachau.de\/wp-content\/uploads\/2018\/11\/russisch_orthodoxe_kapelle-250x147.jpg","contentUrl":"https:\/\/www.kz-gedenkstaette-dachau.de\/wp-content\/uploads\/2018\/11\/russisch_orthodoxe_kapelle-250x147.jpg"},{"@type":"BreadcrumbList","@id":"https:\/\/www.kz-gedenkstaette-dachau.de\/dels\/historischer-ort\/virtueller-rundgang\/russisch-orthodoxe-kapelle\/#breadcrumb","itemListElement":[{"@type":"ListItem","position":1,"name":"Start\u00b7seite","item":"https:\/\/www.kz-gedenkstaette-dachau.de\/dels\/"},{"@type":"ListItem","position":2,"name":"Historischer Ort","item":"https:\/\/www.kz-gedenkstaette-dachau.de\/dels\/historischer-ort\/"},{"@type":"ListItem","position":3,"name":"Virtueller Rund\u00b7gang","item":"https:\/\/www.kz-gedenkstaette-dachau.de\/dels\/historischer-ort\/virtueller-rundgang\/"},{"@type":"ListItem","position":4,"name":"Russisch-orthodoxe Kapelle"}]},{"@type":"WebSite","@id":"https:\/\/www.kz-gedenkstaette-dachau.de\/#website","url":"https:\/\/www.kz-gedenkstaette-dachau.de\/","name":"KZ Gedenkst\u00e4tte Dachau","description":"","potentialAction":[{"@type":"SearchAction","target":{"@type":"EntryPoint","urlTemplate":"https:\/\/www.kz-gedenkstaette-dachau.de\/?s={search_term_string}"},"query-input":{"@type":"PropertyValueSpecification","valueRequired":true,"valueName":"search_term_string"}}],"inLanguage":"ls-DE"}]}},"_links":{"self":[{"href":"https:\/\/www.kz-gedenkstaette-dachau.de\/dels\/wp-json\/wp\/v2\/pages\/63714","targetHints":{"allow":["GET"]}}],"collection":[{"href":"https:\/\/www.kz-gedenkstaette-dachau.de\/dels\/wp-json\/wp\/v2\/pages"}],"about":[{"href":"https:\/\/www.kz-gedenkstaette-dachau.de\/dels\/wp-json\/wp\/v2\/types\/page"}],"author":[{"embeddable":true,"href":"https:\/\/www.kz-gedenkstaette-dachau.de\/dels\/wp-json\/wp\/v2\/users\/1"}],"replies":[{"embeddable":true,"href":"https:\/\/www.kz-gedenkstaette-dachau.de\/dels\/wp-json\/wp\/v2\/comments?post=63714"}],"version-history":[{"count":0,"href":"https:\/\/www.kz-gedenkstaette-dachau.de\/dels\/wp-json\/wp\/v2\/pages\/63714\/revisions"}],"up":[{"embeddable":true,"href":"https:\/\/www.kz-gedenkstaette-dachau.de\/dels\/wp-json\/wp\/v2\/pages\/63630"}],"wp:attachment":[{"href":"https:\/\/www.kz-gedenkstaette-dachau.de\/dels\/wp-json\/wp\/v2\/media?parent=63714"}],"curies":[{"name":"wp","href":"https:\/\/api.w.org\/{rel}","templated":true}]}}