{"id":63722,"date":"2018-11-19T15:24:36","date_gmt":"2018-11-19T14:24:36","guid":{"rendered":"https:\/\/www.kz-gedenkstaette-dachau.de\/historischer-ort\/virtueller-rundgang-umgebung\/ss-versuchgueter-kraeutergarten-plantage\/"},"modified":"2020-03-31T18:49:04","modified_gmt":"2020-03-31T16:49:04","slug":"ss-versuchgueter-kraeutergarten-plantage","status":"publish","type":"page","link":"https:\/\/www.kz-gedenkstaette-dachau.de\/dels\/historischer-ort\/virtueller-rundgang-umgebung\/ss-versuchgueter-kraeutergarten-plantage\/","title":{"rendered":"SS-Versuchs\u00b7g\u00fcter\/ Kr\u00e4uter\u00b7garten \/ Plantage"},"content":{"rendered":"<div id=\"attachment_63723\" style=\"width: 710px\" class=\"wp-caption alignnone\"><img loading=\"lazy\" decoding=\"async\" aria-describedby=\"caption-attachment-63723\" class=\"wp-image-63723\" src=\"https:\/\/www.kz-gedenkstaette-dachau.de\/wp-content\/uploads\/2018\/11\/kraeutergarten_verwaltungsgebaeude-250x147.jpg\" alt=\"Ehemaliges Verwaltungs\u00b7geb\u00e4ude und Instituts\u00b7geb\u00e4ude von den SS-Versuchs\u00b7g\u00fctern. Das Foto ist von 2017. (M\u00fcller-Naumann, Serie 2016\/17, Au\u00dfen\u00b7orte, 024)\" width=\"700\" height=\"413\" srcset=\"https:\/\/www.kz-gedenkstaette-dachau.de\/wp-content\/uploads\/2018\/11\/kraeutergarten_verwaltungsgebaeude-250x147.jpg 250w, https:\/\/www.kz-gedenkstaette-dachau.de\/wp-content\/uploads\/2018\/11\/kraeutergarten_verwaltungsgebaeude-768x453.jpg 768w, https:\/\/www.kz-gedenkstaette-dachau.de\/wp-content\/uploads\/2018\/11\/kraeutergarten_verwaltungsgebaeude-700x413.jpg 700w, https:\/\/www.kz-gedenkstaette-dachau.de\/wp-content\/uploads\/2018\/11\/kraeutergarten_verwaltungsgebaeude-120x71.jpg 120w, https:\/\/www.kz-gedenkstaette-dachau.de\/wp-content\/uploads\/2018\/11\/kraeutergarten_verwaltungsgebaeude.jpg 1120w\" sizes=\"auto, (max-width: 700px) 100vw, 700px\" \/><p id=\"caption-attachment-63723\" class=\"wp-caption-text\"><small>Ehemaliges Verwaltungs\u00b7geb\u00e4ude<br \/>und Instituts\u00b7geb\u00e4ude von den SS-Versuchs\u00b7g\u00fctern.<br \/>Das Foto ist von 2017.<br \/>(M\u00fcller-Naumann, Serie 2016\/17, Au\u00dfen\u00b7orte, 024)<small><\/p><\/div>\n<p>Station 1 sind die SS-Versuchs\u00b7g\u00fcter.<\/p>\n<p><strong>Die SS-Versuchs\u00b7g\u00fcter fr\u00fcher<\/strong><br \/>\nNeben dem <span style=\"color: #cc1800;\"><strong title=\"Das H\u00e4ftlings\u00b7lager war wie ein Gef\u00e4ngnis. Das H\u00e4ftlings\u00b7lager war ein Teil vom KZ Dachau. Im H\u00e4ftlings\u00b7lager waren die H\u00e4ftlinge eingesperrt. Die SS hat die H\u00e4ftlinge kontrolliert. Und die SS hat die H\u00e4ftlinge isoliert. Die H\u00e4ftlinge hatten keine Privatsph\u00e4re.\">H\u00e4ftlings\u00b7lager<\/strong><\/span> waren die SS-Versuchs\u00b7g\u00fcter.<br \/>\nBei der <span style=\"color: #cc1800;\"><strong title=\"SS ist die Abk\u00fcrzung f\u00fcr Schutz\u00b7staffel. Die SS hat zu der NSDAP geh\u00f6rt. Die SS hat die die KZ kontrolliert. Und die SS hat die H\u00e4ftlinge im KZ bewacht. Viele europ\u00e4ische Juden sind in Vernichtungs\u00b7lagern get\u00f6tet worden. Und viele europ\u00e4ische Roma und Sinti sind in Vernichtungs\u00b7lagern get\u00f6tet worden. Das hat die SS organisiert. Truppen von der SS haben auch im 2. Welt\u00b7krieg gek\u00e4mpft. Diese Truppen waren besonders brutal. Die Truppen haben gegen Widerstands\u00b7k\u00e4mpfer gek\u00e4mpft. Die Widerstands\u00b7k\u00e4mpfer waren gegen die Nazis. Und gegen die Zivil\u00b7bev\u00f6lkerung. Die Zivil\u00b7bev\u00f6lkerung k\u00e4mpft nicht im Krieg mit. Die SS hat viele Menschen ermordet.\">SS<\/strong><\/span> hatten die SS-Versuchs\u00b7g\u00fcter den Namen: Kr\u00e4uter\u00b7garten.<br \/>\nMit diesem Namen hat die SS die Versuchs\u00b7g\u00fcter verharmlost.<\/p>\n<p>Die SS-Versuchs\u00b7g\u00fcter waren wie eine gro\u00dfe G\u00e4rtnerei.<br \/>\nDie SS-Versuchs\u00b7g\u00fcter<br \/>\nhatten viele land\u00b7wirtschaftliche Anbau\u00b7fl\u00e4chen.<br \/>\nLand\u00b7wirtschaftliche Anbau\u00b7fl\u00e4chen sind zum Beispiel Felder.<br \/>\nAb 1938 mussten viele <span style=\"color: #cc1800;\"><strong title=\"H\u00e4ftling ist ein anderes Wort f\u00fcr Gefangener.\">H\u00e4ftlinge<\/strong><\/span> in den die SS-Versuchs\u00b7g\u00fctern arbeiten.<br \/>\nDie H\u00e4ftlinge mussten zum Beispiel auf den Feldern arbeiten.<\/p>\n<p>Die SS-Versuchs\u00b7g\u00fcter hatten viele Geb\u00e4ude.<br \/>\nDiese Geb\u00e4ude waren:<\/p>\n<ul>\n<li>Ein Wirtschafts\u00b7geb\u00e4ude<\/li>\n<li>Ein Institut f\u00fcr Lehre und Forschung<\/li>\n<li>Ein Laden<\/li>\n<li>Ein Ger\u00e4te\u00b7haus<\/li>\n<li>Ein Bienen\u00b7haus<\/li>\n<li>Gew\u00e4chs\u00b7h\u00e4user<\/li>\n<\/ul>\n<p><strong>Warum wurden die SS-Versuchs\u00b7g\u00fcter gebaut?<\/strong><br \/>\nDie Nazis hatten besondere Pl\u00e4ne.<br \/>\nDie Nazis wollten n\u00e4mlich eine besondere Gesundheits\u00b7politik machen.<br \/>\nDeshalb wollten die Nazis eine Volks\u00b7heil\u00b7kunde einf\u00fchren.<br \/>\nMit der Volks\u00b7heil\u00b7kunde wollten die Nazis Menschen heilen.<br \/>\nAber:<br \/>\nDiese Menschen mussten zur Deutschen Gesellschaft geh\u00f6ren.<br \/>\nDaf\u00fcr wollten die Nazis die Natur benutzen.<br \/>\nDas hei\u00dft:<br \/>\nDie Nazis wollten Heil\u00b7pflanzen benutzen.<br \/>\nDeshalb hat <span style=\"color: #cc1800;\"><strong title=\"Heinrich Himmler war ein m\u00e4chtiger Mann im NS-Regime. Heinrich Himmler war zum Beispiel der Chef von der SS. Deshalb hatte Himmler auch die Kontrolle \u00fcber die KZ. Und Heinrich Himmler war der Chef von der Deutschen Polizei. Im Deutschen Reich sind alle Menschen \u00fcberwacht worden. Und viele Menschen sind verfolgt worden. Und festgenommen worden. Und get\u00f6tet worden. Daf\u00fcr war Heinrich Himmel verantwortlich.\">Heinrich Himmler<\/strong><\/span> die SS-Versuchs\u00b7g\u00fcter geplant.<br \/>\nHeinrich Himmler hat gesagt:<br \/>\nIn den SS-Versuchs\u00b7g\u00fctern k\u00f6nnen wir die Heil\u00b7pflanzen selbst anbauen.<br \/>\nUnd wir k\u00f6nnen die Heil\u00b7pflanzen selbst erforschen.<\/p>\n<p>So sind wir unabh\u00e4ngig von anderen L\u00e4ndern.<br \/>\nWir brauchen n\u00e4mlich <strong>keine<\/strong> Heil\u00b7pflanzen aus anderen L\u00e4ndern mehr.<\/p>\n<p>Die DVA wurde 1939 gegr\u00fcndet.<br \/>\nDVA ist die Abk\u00fcrzung f\u00fcr:<br \/>\nDeutsche Versuchs\u00b7anstalt f\u00fcr Ern\u00e4hrung und Verpflegung GmbH.<br \/>\nDie DVA war ein Wirtschafts\u00b7unternehmen von der SS.<br \/>\nAb 1939 hat die DVA die SS-Versuchs\u00b7g\u00fcter geleitet.<\/p>\n<p><strong>Der Laden in den SS-Versuchs\u00b7g\u00fctern<\/strong><br \/>\nIn den SS-Versuchs\u00b7g\u00fctern war ein Laden.<br \/>\nIn diesem Laden konnte die Zivil\u00b7bev\u00f6lkerung einkaufen.<br \/>\nZivil\u00b7bev\u00f6lkerung hei\u00dft:<br \/>\nDiese Menschen hatten <strong>nichts<\/strong> mit dem KZ zu tun.<br \/>\nDiese Menschen waren zum Beispiel die Bewohner von Dachau.<br \/>\nOder Menschen aus der N\u00e4he von Dachau.<br \/>\nIn dem Laden konnte man Heil\u00b7pflanzen von den SS-Versuchs\u00b7g\u00fctern kaufen.<br \/>\nUnd Gew\u00fcrz\u00b7kr\u00e4uter.<br \/>\nIn dem Laden haben H\u00e4ftlinge gearbeitet.<br \/>\nManche H\u00e4ftlinge konnten mit den Besuchern vom Laden reden.<br \/>\nAber das war sehr gef\u00e4hrlich.<br \/>\nDie H\u00e4ftlinge durften n\u00e4mlich <strong>nicht<\/strong> mit den Besuchern reden.<br \/>\nDaf\u00fcr wurden die H\u00e4ftlinge bestraft.<br \/>\nManche Besucher haben den H\u00e4ftlingen geholfen.<br \/>\nDiese Besucher haben f\u00fcr die H\u00e4ftlinge geschmuggelt.<br \/>\nSchmuggeln hei\u00dft:<br \/>\nMan bringt eine Sache von einem Ort zu einem anderen Ort.<br \/>\nDas macht man ganz geheim.<br \/>\nSchmuggeln ist n\u00e4mlich verboten.<\/p>\n<p><strong>\u00a0<\/strong><strong>H\u00e4ftlinge in den SS-Versuchs\u00b7g\u00fctern<\/strong><br \/>\nViele H\u00e4ftlinge mussten in den SS-Versuchs\u00b7g\u00fctern arbeiten.<br \/>\nDie H\u00e4ftlinge mussten um Beispiel auf den Anbau\u00b7fl\u00e4chen arbeiten.<br \/>\nDie Arbeit in den SS-Versuchs\u00b7g\u00fctern war sehr schwer.<br \/>\nDie H\u00e4ftlinge mussten n\u00e4mlich meistens drau\u00dfen arbeiten.<br \/>\nDie H\u00e4ftlinge hatten dabei <strong>keinen<\/strong> Schutz vor dem Wetter.<br \/>\nDie H\u00e4ftlinge hatten auch nur schlechte Kleidung.<br \/>\nUnd die H\u00e4ftlinge waren oft unter\u00b7ern\u00e4hrt.<br \/>\nDas hei\u00dft:<br \/>\nDie H\u00e4ftlinge hatten zu wenig Essen.<br \/>\nDeshalb waren die H\u00e4ftlinge schwach.<\/p>\n<p>Viele <span style=\"color: #cc1800;\"><strong title=\"Viele SS-M\u00e4nner haben im KZ gearbeitet. Diese SS-M\u00e4nner hatten den Namen: Lager-SS. Die Lager-SS war zust\u00e4ndig f\u00fcr die Organisation des H\u00e4ftlings\u00b7lagers. Die Lager-SS hat die H\u00e4ftlinge bewacht. Und die H\u00e4ftlinge bestraft. Die Lager-SS hat auch viele H\u00e4ftlinge miss\u00b7handelt. Und viele H\u00e4ftlinge get\u00f6tet.\">SS-M\u00e4nner<\/strong><\/span> haben die H\u00e4ftlinge bewacht.<br \/>\nDiese SS-M\u00e4nner haben den H\u00e4ftlingen<br \/>\ndie Arbeit auch schwer gemacht.<br \/>\nDie SS-M\u00e4nner haben die H\u00e4ftlinge n\u00e4mlich miss\u00b7handelt.<br \/>\nDas hei\u00dft:<br \/>\nDie SS-M\u00e4nner haben die H\u00e4ftlinge zum Beispiel geschlagen.<br \/>\nDie Arbeit auf den Anbau\u00b7fl\u00e4chen war f\u00fcr die H\u00e4ftlinge lebens\u00b7gef\u00e4hrlich.<br \/>\nDeshalb haben die H\u00e4ftlinge der Arbeit einen Namen gegeben:<br \/>\nArbeits\u00b7kommando Plantage.<\/p>\n<p>Manche H\u00e4ftlinge haben in den Geb\u00e4uden von den SS-Versuchs\u00b7g\u00fctern gearbeitet.<br \/>\nOder in den Gew\u00e4chs\u00b7h\u00e4usern.<br \/>\nAn diesen Orten war die Arbeit <strong>nicht<\/strong> so brutal.<br \/>\nEinige H\u00e4ftlinge sollten zum Beispiel etwas zeichnen.<br \/>\nDiese H\u00e4ftlinge sollten ein Herbarium zeichnen.<br \/>\nMit einem Herbarium kann man Pflanzen bestimmen.<br \/>\nIn einem Herbarium sind n\u00e4mlich viele Bilder von Pflanzen.<br \/>\nSo kann man eine Pflanze mit einem Bild im Herbarium vergleichen.<br \/>\nDann wei\u00df man:<br \/>\nSo hei\u00dft diese Pflanze.<\/p>\n<p><strong>Die ehemaligen SS-Versuchs\u00b7g\u00fcter heute<\/strong><br \/>\nEs sind nur wenige Teile<br \/>\nvon den ehemaligen SS-Versuchs\u00b7g\u00fctern \u00fcbrig.<br \/>\nUnd heute stehen viele Geb\u00e4ude<br \/>\nauf den fr\u00fcheren Anbau\u00b7fl\u00e4chen.<br \/>\nVon den ehemaligen SS-Versuchs\u00b7g\u00fctern<br \/>\nsind noch diese Geb\u00e4ude \u00fcber:<\/p>\n<ul>\n<li>Das alte Geb\u00e4ude f\u00fcr Verwaltung.\n<li>Und das Institut.<\/li>\n<li>Und die Reste von 3 Gew\u00e4chs\u00b7h\u00e4usern.<\/li>\n<\/ul>\n<p>Diese Geb\u00e4ude geh\u00f6ren der Stadt Dachau.<br \/>\nDiese Geb\u00e4ude sollen saniert werden.<br \/>\nDas hei\u00dft:<br \/>\nDiese Geb\u00e4ude sollen repariert werden.<br \/>\nSo k\u00f6nnen die Geb\u00e4ude ein Teil von der Gedenk\u00b7st\u00e4tte werden.<\/p>\n","protected":false},"excerpt":{"rendered":"<p>Station 1 sind die SS-Versuchs\u00b7g\u00fcter. Die SS-Versuchs\u00b7g\u00fcter fr\u00fcher Neben dem H\u00e4ftlings\u00b7lager waren die SS-Versuchs\u00b7g\u00fcter. Bei der SS hatten die SS-Versuchs\u00b7g\u00fcter den Namen: Kr\u00e4uter\u00b7garten. Mit diesem Namen hat die SS die Versuchs\u00b7g\u00fcter verharmlost. Die SS-Versuchs\u00b7g\u00fcter waren wie eine gro\u00dfe G\u00e4rtnerei. Die SS-Versuchs\u00b7g\u00fcter hatten viele land\u00b7wirtschaftliche Anbau\u00b7fl\u00e4chen. Land\u00b7wirtschaftliche Anbau\u00b7fl\u00e4chen sind zum Beispiel Felder. Ab 1938 mussten viele&#8230; <a class=\"view-article\" href=\"https:\/\/www.kz-gedenkstaette-dachau.de\/dels\/historischer-ort\/virtueller-rundgang-umgebung\/ss-versuchgueter-kraeutergarten-plantage\/\">Artikel anzeigen<\/a><\/p>\n","protected":false},"author":1,"featured_media":0,"parent":63718,"menu_order":100,"comment_status":"closed","ping_status":"closed","template":"page-virtueller_rundgang_unterseite.php","meta":{"_acf_changed":false,"footnotes":""},"class_list":["post-63722","page","type-page","status-publish","hentry"],"acf":[],"yoast_head":"<!-- This site is optimized with the Yoast SEO plugin v27.3 - https:\/\/yoast.com\/product\/yoast-seo-wordpress\/ -->\n<title>SS-Versuchs\u00b7g\u00fcter\/ Kr\u00e4uter\u00b7garten \/ Plantage - KZ Gedenkst\u00e4tte Dachau<\/title>\n<meta name=\"robots\" content=\"index, follow, max-snippet:-1, max-image-preview:large, max-video-preview:-1\" \/>\n<link rel=\"canonical\" href=\"https:\/\/www.kz-gedenkstaette-dachau.de\/dels\/historischer-ort\/virtueller-rundgang-umgebung\/ss-versuchgueter-kraeutergarten-plantage\/\" \/>\n<meta property=\"og:locale\" content=\"en_US\" \/>\n<meta property=\"og:type\" content=\"article\" \/>\n<meta property=\"og:title\" content=\"SS-Versuchs\u00b7g\u00fcter\/ Kr\u00e4uter\u00b7garten \/ Plantage - KZ Gedenkst\u00e4tte Dachau\" \/>\n<meta property=\"og:description\" content=\"Station 1 sind die SS-Versuchs\u00b7g\u00fcter. Die SS-Versuchs\u00b7g\u00fcter fr\u00fcher Neben dem H\u00e4ftlings\u00b7lager waren die SS-Versuchs\u00b7g\u00fcter. Bei der SS hatten die SS-Versuchs\u00b7g\u00fcter den Namen: Kr\u00e4uter\u00b7garten. Mit diesem Namen hat die SS die Versuchs\u00b7g\u00fcter verharmlost. Die SS-Versuchs\u00b7g\u00fcter waren wie eine gro\u00dfe G\u00e4rtnerei. Die SS-Versuchs\u00b7g\u00fcter hatten viele land\u00b7wirtschaftliche Anbau\u00b7fl\u00e4chen. Land\u00b7wirtschaftliche Anbau\u00b7fl\u00e4chen sind zum Beispiel Felder. Ab 1938 mussten viele... Artikel anzeigen\" \/>\n<meta property=\"og:url\" content=\"https:\/\/www.kz-gedenkstaette-dachau.de\/dels\/historischer-ort\/virtueller-rundgang-umgebung\/ss-versuchgueter-kraeutergarten-plantage\/\" \/>\n<meta property=\"og:site_name\" content=\"KZ Gedenkst\u00e4tte Dachau\" \/>\n<meta property=\"article:modified_time\" content=\"2020-03-31T16:49:04+00:00\" \/>\n<meta property=\"og:image\" content=\"https:\/\/www.kz-gedenkstaette-dachau.de\/wp-content\/uploads\/2018\/11\/kraeutergarten_verwaltungsgebaeude-250x147.jpg\" \/>\n<meta name=\"twitter:card\" content=\"summary_large_image\" \/>\n<meta name=\"twitter:label1\" content=\"Est. reading time\" \/>\n\t<meta name=\"twitter:data1\" content=\"4 minutes\" \/>\n<script type=\"application\/ld+json\" class=\"yoast-schema-graph\">{\"@context\":\"https:\\\/\\\/schema.org\",\"@graph\":[{\"@type\":\"WebPage\",\"@id\":\"https:\\\/\\\/www.kz-gedenkstaette-dachau.de\\\/dels\\\/historischer-ort\\\/virtueller-rundgang-umgebung\\\/ss-versuchgueter-kraeutergarten-plantage\\\/\",\"url\":\"https:\\\/\\\/www.kz-gedenkstaette-dachau.de\\\/dels\\\/historischer-ort\\\/virtueller-rundgang-umgebung\\\/ss-versuchgueter-kraeutergarten-plantage\\\/\",\"name\":\"SS-Versuchs\u00b7g\u00fcter\\\/ Kr\u00e4uter\u00b7garten \\\/ Plantage - KZ Gedenkst\u00e4tte Dachau\",\"isPartOf\":{\"@id\":\"https:\\\/\\\/www.kz-gedenkstaette-dachau.de\\\/#website\"},\"primaryImageOfPage\":{\"@id\":\"https:\\\/\\\/www.kz-gedenkstaette-dachau.de\\\/dels\\\/historischer-ort\\\/virtueller-rundgang-umgebung\\\/ss-versuchgueter-kraeutergarten-plantage\\\/#primaryimage\"},\"image\":{\"@id\":\"https:\\\/\\\/www.kz-gedenkstaette-dachau.de\\\/dels\\\/historischer-ort\\\/virtueller-rundgang-umgebung\\\/ss-versuchgueter-kraeutergarten-plantage\\\/#primaryimage\"},\"thumbnailUrl\":\"https:\\\/\\\/www.kz-gedenkstaette-dachau.de\\\/wp-content\\\/uploads\\\/2018\\\/11\\\/kraeutergarten_verwaltungsgebaeude-250x147.jpg\",\"datePublished\":\"2018-11-19T14:24:36+00:00\",\"dateModified\":\"2020-03-31T16:49:04+00:00\",\"breadcrumb\":{\"@id\":\"https:\\\/\\\/www.kz-gedenkstaette-dachau.de\\\/dels\\\/historischer-ort\\\/virtueller-rundgang-umgebung\\\/ss-versuchgueter-kraeutergarten-plantage\\\/#breadcrumb\"},\"inLanguage\":\"ls-DE\",\"potentialAction\":[{\"@type\":\"ReadAction\",\"target\":[\"https:\\\/\\\/www.kz-gedenkstaette-dachau.de\\\/dels\\\/historischer-ort\\\/virtueller-rundgang-umgebung\\\/ss-versuchgueter-kraeutergarten-plantage\\\/\"]}]},{\"@type\":\"ImageObject\",\"inLanguage\":\"ls-DE\",\"@id\":\"https:\\\/\\\/www.kz-gedenkstaette-dachau.de\\\/dels\\\/historischer-ort\\\/virtueller-rundgang-umgebung\\\/ss-versuchgueter-kraeutergarten-plantage\\\/#primaryimage\",\"url\":\"https:\\\/\\\/www.kz-gedenkstaette-dachau.de\\\/wp-content\\\/uploads\\\/2018\\\/11\\\/kraeutergarten_verwaltungsgebaeude-250x147.jpg\",\"contentUrl\":\"https:\\\/\\\/www.kz-gedenkstaette-dachau.de\\\/wp-content\\\/uploads\\\/2018\\\/11\\\/kraeutergarten_verwaltungsgebaeude-250x147.jpg\"},{\"@type\":\"BreadcrumbList\",\"@id\":\"https:\\\/\\\/www.kz-gedenkstaette-dachau.de\\\/dels\\\/historischer-ort\\\/virtueller-rundgang-umgebung\\\/ss-versuchgueter-kraeutergarten-plantage\\\/#breadcrumb\",\"itemListElement\":[{\"@type\":\"ListItem\",\"position\":1,\"name\":\"Start\u00b7seite\",\"item\":\"https:\\\/\\\/www.kz-gedenkstaette-dachau.de\\\/dels\\\/\"},{\"@type\":\"ListItem\",\"position\":2,\"name\":\"Historischer Ort\",\"item\":\"https:\\\/\\\/www.kz-gedenkstaette-dachau.de\\\/dels\\\/historischer-ort\\\/\"},{\"@type\":\"ListItem\",\"position\":3,\"name\":\"Virtueller Rund\u00b7gang Umgebung\",\"item\":\"https:\\\/\\\/www.kz-gedenkstaette-dachau.de\\\/dels\\\/historischer-ort\\\/virtueller-rundgang-umgebung\\\/\"},{\"@type\":\"ListItem\",\"position\":4,\"name\":\"SS-Versuchs\u00b7g\u00fcter\\\/ Kr\u00e4uter\u00b7garten \\\/ Plantage\"}]},{\"@type\":\"WebSite\",\"@id\":\"https:\\\/\\\/www.kz-gedenkstaette-dachau.de\\\/#website\",\"url\":\"https:\\\/\\\/www.kz-gedenkstaette-dachau.de\\\/\",\"name\":\"KZ Gedenkst\u00e4tte Dachau\",\"description\":\"\",\"potentialAction\":[{\"@type\":\"SearchAction\",\"target\":{\"@type\":\"EntryPoint\",\"urlTemplate\":\"https:\\\/\\\/www.kz-gedenkstaette-dachau.de\\\/?s={search_term_string}\"},\"query-input\":{\"@type\":\"PropertyValueSpecification\",\"valueRequired\":true,\"valueName\":\"search_term_string\"}}],\"inLanguage\":\"ls-DE\"}]}<\/script>\n<!-- \/ Yoast SEO plugin. -->","yoast_head_json":{"title":"SS-Versuchs\u00b7g\u00fcter\/ Kr\u00e4uter\u00b7garten \/ Plantage - KZ Gedenkst\u00e4tte Dachau","robots":{"index":"index","follow":"follow","max-snippet":"max-snippet:-1","max-image-preview":"max-image-preview:large","max-video-preview":"max-video-preview:-1"},"canonical":"https:\/\/www.kz-gedenkstaette-dachau.de\/dels\/historischer-ort\/virtueller-rundgang-umgebung\/ss-versuchgueter-kraeutergarten-plantage\/","og_locale":"en_US","og_type":"article","og_title":"SS-Versuchs\u00b7g\u00fcter\/ Kr\u00e4uter\u00b7garten \/ Plantage - KZ Gedenkst\u00e4tte Dachau","og_description":"Station 1 sind die SS-Versuchs\u00b7g\u00fcter. Die SS-Versuchs\u00b7g\u00fcter fr\u00fcher Neben dem H\u00e4ftlings\u00b7lager waren die SS-Versuchs\u00b7g\u00fcter. Bei der SS hatten die SS-Versuchs\u00b7g\u00fcter den Namen: Kr\u00e4uter\u00b7garten. Mit diesem Namen hat die SS die Versuchs\u00b7g\u00fcter verharmlost. Die SS-Versuchs\u00b7g\u00fcter waren wie eine gro\u00dfe G\u00e4rtnerei. Die SS-Versuchs\u00b7g\u00fcter hatten viele land\u00b7wirtschaftliche Anbau\u00b7fl\u00e4chen. Land\u00b7wirtschaftliche Anbau\u00b7fl\u00e4chen sind zum Beispiel Felder. Ab 1938 mussten viele... Artikel anzeigen","og_url":"https:\/\/www.kz-gedenkstaette-dachau.de\/dels\/historischer-ort\/virtueller-rundgang-umgebung\/ss-versuchgueter-kraeutergarten-plantage\/","og_site_name":"KZ Gedenkst\u00e4tte Dachau","article_modified_time":"2020-03-31T16:49:04+00:00","og_image":[{"url":"https:\/\/www.kz-gedenkstaette-dachau.de\/wp-content\/uploads\/2018\/11\/kraeutergarten_verwaltungsgebaeude-250x147.jpg","type":"","width":"","height":""}],"twitter_card":"summary_large_image","twitter_misc":{"Est. reading time":"4 minutes"},"schema":{"@context":"https:\/\/schema.org","@graph":[{"@type":"WebPage","@id":"https:\/\/www.kz-gedenkstaette-dachau.de\/dels\/historischer-ort\/virtueller-rundgang-umgebung\/ss-versuchgueter-kraeutergarten-plantage\/","url":"https:\/\/www.kz-gedenkstaette-dachau.de\/dels\/historischer-ort\/virtueller-rundgang-umgebung\/ss-versuchgueter-kraeutergarten-plantage\/","name":"SS-Versuchs\u00b7g\u00fcter\/ Kr\u00e4uter\u00b7garten \/ Plantage - KZ Gedenkst\u00e4tte Dachau","isPartOf":{"@id":"https:\/\/www.kz-gedenkstaette-dachau.de\/#website"},"primaryImageOfPage":{"@id":"https:\/\/www.kz-gedenkstaette-dachau.de\/dels\/historischer-ort\/virtueller-rundgang-umgebung\/ss-versuchgueter-kraeutergarten-plantage\/#primaryimage"},"image":{"@id":"https:\/\/www.kz-gedenkstaette-dachau.de\/dels\/historischer-ort\/virtueller-rundgang-umgebung\/ss-versuchgueter-kraeutergarten-plantage\/#primaryimage"},"thumbnailUrl":"https:\/\/www.kz-gedenkstaette-dachau.de\/wp-content\/uploads\/2018\/11\/kraeutergarten_verwaltungsgebaeude-250x147.jpg","datePublished":"2018-11-19T14:24:36+00:00","dateModified":"2020-03-31T16:49:04+00:00","breadcrumb":{"@id":"https:\/\/www.kz-gedenkstaette-dachau.de\/dels\/historischer-ort\/virtueller-rundgang-umgebung\/ss-versuchgueter-kraeutergarten-plantage\/#breadcrumb"},"inLanguage":"ls-DE","potentialAction":[{"@type":"ReadAction","target":["https:\/\/www.kz-gedenkstaette-dachau.de\/dels\/historischer-ort\/virtueller-rundgang-umgebung\/ss-versuchgueter-kraeutergarten-plantage\/"]}]},{"@type":"ImageObject","inLanguage":"ls-DE","@id":"https:\/\/www.kz-gedenkstaette-dachau.de\/dels\/historischer-ort\/virtueller-rundgang-umgebung\/ss-versuchgueter-kraeutergarten-plantage\/#primaryimage","url":"https:\/\/www.kz-gedenkstaette-dachau.de\/wp-content\/uploads\/2018\/11\/kraeutergarten_verwaltungsgebaeude-250x147.jpg","contentUrl":"https:\/\/www.kz-gedenkstaette-dachau.de\/wp-content\/uploads\/2018\/11\/kraeutergarten_verwaltungsgebaeude-250x147.jpg"},{"@type":"BreadcrumbList","@id":"https:\/\/www.kz-gedenkstaette-dachau.de\/dels\/historischer-ort\/virtueller-rundgang-umgebung\/ss-versuchgueter-kraeutergarten-plantage\/#breadcrumb","itemListElement":[{"@type":"ListItem","position":1,"name":"Start\u00b7seite","item":"https:\/\/www.kz-gedenkstaette-dachau.de\/dels\/"},{"@type":"ListItem","position":2,"name":"Historischer Ort","item":"https:\/\/www.kz-gedenkstaette-dachau.de\/dels\/historischer-ort\/"},{"@type":"ListItem","position":3,"name":"Virtueller Rund\u00b7gang Umgebung","item":"https:\/\/www.kz-gedenkstaette-dachau.de\/dels\/historischer-ort\/virtueller-rundgang-umgebung\/"},{"@type":"ListItem","position":4,"name":"SS-Versuchs\u00b7g\u00fcter\/ Kr\u00e4uter\u00b7garten \/ Plantage"}]},{"@type":"WebSite","@id":"https:\/\/www.kz-gedenkstaette-dachau.de\/#website","url":"https:\/\/www.kz-gedenkstaette-dachau.de\/","name":"KZ Gedenkst\u00e4tte Dachau","description":"","potentialAction":[{"@type":"SearchAction","target":{"@type":"EntryPoint","urlTemplate":"https:\/\/www.kz-gedenkstaette-dachau.de\/?s={search_term_string}"},"query-input":{"@type":"PropertyValueSpecification","valueRequired":true,"valueName":"search_term_string"}}],"inLanguage":"ls-DE"}]}},"_links":{"self":[{"href":"https:\/\/www.kz-gedenkstaette-dachau.de\/dels\/wp-json\/wp\/v2\/pages\/63722","targetHints":{"allow":["GET"]}}],"collection":[{"href":"https:\/\/www.kz-gedenkstaette-dachau.de\/dels\/wp-json\/wp\/v2\/pages"}],"about":[{"href":"https:\/\/www.kz-gedenkstaette-dachau.de\/dels\/wp-json\/wp\/v2\/types\/page"}],"author":[{"embeddable":true,"href":"https:\/\/www.kz-gedenkstaette-dachau.de\/dels\/wp-json\/wp\/v2\/users\/1"}],"replies":[{"embeddable":true,"href":"https:\/\/www.kz-gedenkstaette-dachau.de\/dels\/wp-json\/wp\/v2\/comments?post=63722"}],"version-history":[{"count":0,"href":"https:\/\/www.kz-gedenkstaette-dachau.de\/dels\/wp-json\/wp\/v2\/pages\/63722\/revisions"}],"up":[{"embeddable":true,"href":"https:\/\/www.kz-gedenkstaette-dachau.de\/dels\/wp-json\/wp\/v2\/pages\/63718"}],"wp:attachment":[{"href":"https:\/\/www.kz-gedenkstaette-dachau.de\/dels\/wp-json\/wp\/v2\/media?parent=63722"}],"curies":[{"name":"wp","href":"https:\/\/api.w.org\/{rel}","templated":true}]}}