{"id":63726,"date":"2018-11-19T15:28:38","date_gmt":"2018-11-19T14:28:38","guid":{"rendered":"https:\/\/www.kz-gedenkstaette-dachau.de\/historischer-ort\/virtueller-rundgang-umgebung\/ss-schiessplatz-hebertshausen\/"},"modified":"2020-04-01T17:44:01","modified_gmt":"2020-04-01T15:44:01","slug":"ss-schiessplatz-hebertshausen","status":"publish","type":"page","link":"https:\/\/www.kz-gedenkstaette-dachau.de\/dels\/historischer-ort\/virtueller-rundgang-umgebung\/ss-schiessplatz-hebertshausen\/","title":{"rendered":"SS-Schie\u00df\u00b7platz Hebertshausen (Au\u00dfen\u00b7ausstellung)"},"content":{"rendered":"<div id=\"attachment_63727\" style=\"width: 710px\" class=\"wp-caption alignnone\"><img loading=\"lazy\" decoding=\"async\" aria-describedby=\"caption-attachment-63727\" class=\"wp-image-63727\" src=\"https:\/\/www.kz-gedenkstaette-dachau.de\/wp-content\/uploads\/2018\/11\/ort_der_namen-250x147.jpg\" alt=\"Vorne: Installation Ort der Namen (2014). Hinten: Denk\u00b7mal f\u00fcr die sowjetischen Kriegs\u00b7gefangenen und der ehemalige Schie\u00df\u00b7stand. Das Foto ist von 2017. (KZ-Gedenk\u00b7st\u00e4tte Dachau)\" width=\"700\" height=\"413\" srcset=\"https:\/\/www.kz-gedenkstaette-dachau.de\/wp-content\/uploads\/2018\/11\/ort_der_namen-250x147.jpg 250w, https:\/\/www.kz-gedenkstaette-dachau.de\/wp-content\/uploads\/2018\/11\/ort_der_namen-768x453.jpg 768w, https:\/\/www.kz-gedenkstaette-dachau.de\/wp-content\/uploads\/2018\/11\/ort_der_namen-700x413.jpg 700w, https:\/\/www.kz-gedenkstaette-dachau.de\/wp-content\/uploads\/2018\/11\/ort_der_namen-120x71.jpg 120w, https:\/\/www.kz-gedenkstaette-dachau.de\/wp-content\/uploads\/2018\/11\/ort_der_namen.jpg 1120w\" sizes=\"auto, (max-width: 700px) 100vw, 700px\" \/><p id=\"caption-attachment-63727\" class=\"wp-caption-text\"><small>Vorne: Installation Ort der Namen (2014).<br \/>Hinten: Denk\u00b7mal f\u00fcr die sowjetischen Kriegs\u00b7gefangenen<br \/>und der ehemalige Schie\u00df\u00b7stand.<br \/>Das Foto ist von 2017.<br \/>(KZ-Gedenk\u00b7st\u00e4tte Dachau)<small><\/p><\/div>\n<p>Station 2 ist der SS-Schie\u00df\u00b7platz Hebertshausen.<br \/>\nIn der N\u00e4he von Dachau ist die Gemeinde Hebertshausen.<br \/>\nHebertshausen liegt 2 Kilo\u00b7meter n\u00f6rdlich von Dachau.<br \/>\nIn Hebertshausen war ein Schie\u00df\u00b7platz.<br \/>\nDie <span style=\"color: #cc1800;\"><strong title=\"SS ist die Abk\u00fcrzung f\u00fcr Schutz\u00b7staffel. Die SS hat zu der NSDAP geh\u00f6rt. Die SS hat die die KZ kontrolliert. Und die SS hat die H\u00e4ftlinge im KZ bewacht. Viele europ\u00e4ische Juden sind in Vernichtungs\u00b7lagern get\u00f6tet worden. Und viele europ\u00e4ische Roma und Sinti sind in Vernichtungs\u00b7lagern get\u00f6tet worden. Das hat die SS organisiert. Truppen von der SS haben auch im 2. Welt\u00b7krieg gek\u00e4mpft. Diese Truppen waren besonders brutal. Die Truppen haben gegen Widerstands\u00b7k\u00e4mpfer gek\u00e4mpft. Die Widerstands\u00b7k\u00e4mpfer waren gegen die Nazis. Und gegen die Zivil\u00b7bev\u00f6lkerung. Die Zivil\u00b7bev\u00f6lkerung k\u00e4mpft nicht im Krieg mit. Die SS hat viele Menschen ermordet.\">SS<\/strong><\/span> hat diesen Schie\u00df\u00b7platz <strong>von 1937 bis 1938<\/strong> gebaut.<br \/>\nAuf dem Schie\u00df\u00b7platz sollten <span style=\"color: #cc1800;\"><strong title=\"Viele SS-M\u00e4nner haben im KZ gearbeitet. Diese SS-M\u00e4nner hatten den Namen: Lager-SS. Die Lager-SS war zust\u00e4ndig f\u00fcr die Organisation des H\u00e4ftlings\u00b7lagers. Die Lager-SS hat die H\u00e4ftlinge bewacht. Und die H\u00e4ftlinge bestraft. Die Lager-SS hat auch viele H\u00e4ftlinge miss\u00b7handelt. Und viele H\u00e4ftlinge get\u00f6tet.\">SS-M\u00e4nner<\/strong><\/span> schie\u00dfen lernen.<br \/>\nDer Schie\u00df\u00b7platz hatte 5 Schie\u00df\u00b7bahnen.<br \/>\nUnd 2 Schie\u00df\u00b7st\u00e4nde.<br \/>\nUnd einen Wurf\u00b7stand f\u00fcr Granaten.<\/p>\n<p>An dem Schie\u00df\u00b7platz war auch ein Geb\u00e4ude.<br \/>\nDieses Geb\u00e4ude war ein Wirtschafts\u00b7geb\u00e4ude.<br \/>\nIn diesem Geb\u00e4ude waren verschiedene R\u00e4ume:<\/p>\n<ul>\n<li>Schie\u00df\u00b7platz\u00b7w\u00e4rter\u00b7wohnung<br \/>\nIn dieser Wohnung<br \/>\nhat der Schie\u00df\u00b7platz\u00b7w\u00e4rter gewohnt.<br \/>\nDer Schie\u00df\u00b7platz\u00b7w\u00e4rter<br \/>\nwar wie ein Haus\u00b7meister.<\/li>\n<li>Unterk\u00fcnfte<\/li>\n<li>B\u00fcro\u00b7r\u00e4ume<\/li>\n<li>Munitions\u00b7lager<br \/>\nIn dem Munitions\u00b7lager wurden zum Beispiel Waffen aufbewahrt.<\/li>\n<li>eine Gast\u00b7wirtschaft<\/li>\n<\/ul>\n<p><strong>Der Schie\u00df\u00b7platz im <span style=\"color: #cc1800;\"><strong title=\"Der 2. Welt\u00b7krieg war von 1939 bis 1945. Das NS-Regime hat den 2. Welt\u00b7krieg angefangen. Das NS-Regime hat n\u00e4mlich andere L\u00e4nder angegriffen. Und andere L\u00e4nder besetzt. Am 2. Welt\u00b7krieg waren viele L\u00e4nder in Europa beteiligt. Und viele L\u00e4nder aus der ganzen Welt. Der 2. Welt\u00b7krieg war der schlimmste Krieg der Geschichte. Sehr viele Menschen sind im 2. Welt\u00b7krieg gestorben. Es waren mehrere Millionen Menschen.\">2. Welt\u00b7krieg<\/strong><\/span><\/strong><br \/>\nAm <strong>22. Juni 1941<\/strong> hat der 2. Welt\u00b7krieg angefangen.<br \/>\nDa sind n\u00e4mlich deutsche Soldaten in die Sowjet\u00b7union einmarschiert.<br \/>\nDas hei\u00dft:<br \/>\nDie <span style=\"color: #cc1800;\"><strong title=\"Die Wehr\u00b7macht war die Armee vom Deutschen Reich. Die Wehr\u00b7macht hat im 2. Weltkrieg gek\u00e4mpft. Die Wehr\u00b7macht hat im Auftrag des NS-Regimes gek\u00e4mpft. Die Wehr\u00b7macht hat andere L\u00e4nder angegriffen. Und andere L\u00e4nder besetzt. Sehr viele deutsche M\u00e4nner waren Soldaten im 2. Welt\u00b7krieg. Diese M\u00e4nner mussten in der Wehr\u00b7macht k\u00e4mpfen.\">Wehr\u00b7macht<\/strong><\/span> hat die Sowjet\u00b7union angegriffen.<br \/>\nDann hatte das <span style=\"color: #cc1800;\"><strong title=\"Fr\u00fcher hatte Deutschland den Namen: Deutsches Reich. Das war von 1871 bis 1945.\">Deutsches Reich<\/strong><\/span> viele sowjetische <span style=\"color: #cc1800;\"><strong title=\"Kriegs\u00b7gefangene sind besondere Gefangene. Kriegs\u00b7gefangene sind Soldaten aus der Armee vom Kriegs\u00b7gegner. Diese Soldaten werden w\u00e4hrend eines Krieges festgenommen. F\u00fcr Kriegs\u00b7gefangene gibt es besondere Regeln. Kriegs\u00b7gefangene d\u00fcrfen nur festgenommen werden. Kriegs\u00b7gefangene d\u00fcrfen nicht get\u00f6tet werden. Aber: Die Nazis haben viele Kriegs\u00b7gefangene get\u00f6tet. Diese Kriegs\u00b7gefangenen waren Soldaten von der sowjetischen Armee.\">Kriegs\u00b7gefangene<\/strong><\/span>.<br \/>\nDiese Menschen waren Mitglieder von der sowjetischen Armee.<br \/>\nVon diesen Menschen haben die Nazis Personen\u00b7gruppen aussortiert.<br \/>\nDiese Personen\u00b7gruppen waren:<\/p>\n<ul>\n<li>Juden<\/li>\n<li>Intellektuelle<br \/>\nIntellektuelle sind leitende Personen aus verschiedenen Bereichen.<br \/>\nZum Beispiel aus der Wissenschaft.<br \/>\nOder aus der Verwaltung.<\/li>\n<li>wichtige Mitglieder<br \/>\nvon der Kommunistischen Partei der Sowjet\u00b7union.<\/li>\n<li style=\"list-style-type: none;\">\n<ul>\n<li style=\"list-style-type: none;\">\n<ul>\n<li style=\"list-style-type: none;\"><\/li>\n<\/ul>\n<\/li>\n<\/ul>\n<\/li>\n<\/ul>\n<p>Mindestens 33.000 sowjetische Menschen wurden aussortiert.<br \/>\nDiese Menschen wurden dann in die <span style=\"color: #cc1800;\"><strong title=\"KZ ist die Abk\u00fcrzung f\u00fcr Konzentrations\u00b7lager.\">KZ<\/strong><\/span> gebracht.<br \/>\nDort hat die SS diese Menschen dann get\u00f6tet.<\/p>\n<p><strong>Wie wurden die sowjetischen Kriegs\u00b7gefangenen get\u00f6tet?<\/strong><br \/>\nViele sowjetische Kriegs\u00b7gefangene wurden in das KZ Dachau gebracht.<br \/>\nDiese sowjetischen Kriegs\u00b7gefangenen wurden im KZ meistens sehr schnell get\u00f6tet.<br \/>\nDie sowjetischen Kriegs\u00b7gefangenen wurden zun\u00e4chst im Bunker\u00b7hof erschossen.<br \/>\nMehr Informationen zum Bunker\u00b7hof<br \/>\nfinden Sie bei <a href=\"https:\/\/www.kz-gedenkstaette-dachau.de\/dels\/historischer-ort\/virtueller-rundgang\/lagergefaengnis\/\">Station 8<\/a><\/p>\n<p>Viele Menschen wurden auch auf dem Schie\u00df\u00b7platz Hebertshausen erschossen.<br \/>\nDas nennt man auch: exekutieren.<br \/>\nMehr als 4.000 sowjetische Menschen wurden auf dem Schie\u00df\u00b7platz erschossen.<br \/>\nDas ist zwischen Oktober 1941 und Sommer 1942 passiert.<br \/>\nDabei wurden immer viele Menschen gleichzeitig erschossen.<br \/>\nDas nennt man auch: Massen\u00b7exekution.<\/p>\n<p><strong>Was ist bei einer Massen\u00b7exekution passiert?<\/strong><br \/>\nSS-M\u00e4nner haben die Exekution durchgef\u00fchrt.<br \/>\nDie H\u00e4ftlinge mussten sich zuerst ausziehen.<br \/>\nDann mussten sich die H\u00e4ftlinge in eine Reihe hintereinander stellen.<br \/>\n5 H\u00e4ftlinge mussten in einer Reihe hintereinander stehen.<br \/>\nDann mussten sich die H\u00e4ftlinge an Pf\u00e4hle stellen.<br \/>\nSS-M\u00e4nner haben die H\u00e4ftlinge dann an die Pf\u00e4hle gekettet.<br \/>\nDann wurden die H\u00e4ftlinge erschossen.<\/p>\n<p><strong>Der Schie\u00df\u00b7platz nach dem 2. Welt\u00b7krieg<\/strong><br \/>\n<strong>1964<\/strong> wurde ein Denkmal auf dem Schie\u00df\u00b7platz errichtet.<br \/>\nDas Denkmal erinnert an die sowjetischen Kriegs\u00b7gefangenen.<br \/>\n<strong>2014<\/strong> wurde der Schie\u00df\u00b7platz umgestaltet.<br \/>\nJetzt ist der Schie\u00df\u00b7platz eine Gedenk\u00b7st\u00e4tte.<br \/>\nDiese Gedenkst\u00e4tte hat eine Au\u00dfen\u00b7ausstellung.<\/p>\n","protected":false},"excerpt":{"rendered":"<p>Station 2 ist der SS-Schie\u00df\u00b7platz Hebertshausen. In der N\u00e4he von Dachau ist die Gemeinde Hebertshausen. Hebertshausen liegt 2 Kilo\u00b7meter n\u00f6rdlich von Dachau. In Hebertshausen war ein Schie\u00df\u00b7platz. Die SS hat diesen Schie\u00df\u00b7platz von 1937 bis 1938 gebaut. Auf dem Schie\u00df\u00b7platz sollten SS-M\u00e4nner schie\u00dfen lernen. Der Schie\u00df\u00b7platz hatte 5 Schie\u00df\u00b7bahnen. Und 2 Schie\u00df\u00b7st\u00e4nde. Und einen Wurf\u00b7stand&#8230; <a class=\"view-article\" href=\"https:\/\/www.kz-gedenkstaette-dachau.de\/dels\/historischer-ort\/virtueller-rundgang-umgebung\/ss-schiessplatz-hebertshausen\/\">Artikel anzeigen<\/a><\/p>\n","protected":false},"author":1,"featured_media":0,"parent":63718,"menu_order":200,"comment_status":"closed","ping_status":"closed","template":"page-virtueller_rundgang_unterseite.php","meta":{"_acf_changed":false,"footnotes":""},"class_list":["post-63726","page","type-page","status-publish","hentry"],"acf":[],"yoast_head":"<!-- This site is optimized with the Yoast SEO plugin v27.4 - https:\/\/yoast.com\/product\/yoast-seo-wordpress\/ -->\n<title>SS-Schie\u00df\u00b7platz Hebertshausen (Au\u00dfen\u00b7ausstellung) - KZ Gedenkst\u00e4tte Dachau<\/title>\n<meta name=\"robots\" content=\"index, follow, max-snippet:-1, max-image-preview:large, max-video-preview:-1\" \/>\n<link rel=\"canonical\" href=\"https:\/\/www.kz-gedenkstaette-dachau.de\/dels\/historischer-ort\/virtueller-rundgang-umgebung\/ss-schiessplatz-hebertshausen\/\" \/>\n<meta property=\"og:locale\" content=\"en_US\" \/>\n<meta property=\"og:type\" content=\"article\" \/>\n<meta property=\"og:title\" content=\"SS-Schie\u00df\u00b7platz Hebertshausen (Au\u00dfen\u00b7ausstellung) - KZ Gedenkst\u00e4tte Dachau\" \/>\n<meta property=\"og:description\" content=\"Station 2 ist der SS-Schie\u00df\u00b7platz Hebertshausen. In der N\u00e4he von Dachau ist die Gemeinde Hebertshausen. Hebertshausen liegt 2 Kilo\u00b7meter n\u00f6rdlich von Dachau. In Hebertshausen war ein Schie\u00df\u00b7platz. Die SS hat diesen Schie\u00df\u00b7platz von 1937 bis 1938 gebaut. Auf dem Schie\u00df\u00b7platz sollten SS-M\u00e4nner schie\u00dfen lernen. Der Schie\u00df\u00b7platz hatte 5 Schie\u00df\u00b7bahnen. Und 2 Schie\u00df\u00b7st\u00e4nde. Und einen Wurf\u00b7stand... Artikel anzeigen\" \/>\n<meta property=\"og:url\" content=\"https:\/\/www.kz-gedenkstaette-dachau.de\/dels\/historischer-ort\/virtueller-rundgang-umgebung\/ss-schiessplatz-hebertshausen\/\" \/>\n<meta property=\"og:site_name\" content=\"KZ Gedenkst\u00e4tte Dachau\" \/>\n<meta property=\"article:modified_time\" content=\"2020-04-01T15:44:01+00:00\" \/>\n<meta property=\"og:image\" content=\"https:\/\/www.kz-gedenkstaette-dachau.de\/wp-content\/uploads\/2018\/11\/ort_der_namen-250x147.jpg\" \/>\n<meta name=\"twitter:card\" content=\"summary_large_image\" \/>\n<meta name=\"twitter:label1\" content=\"Est. reading time\" \/>\n\t<meta name=\"twitter:data1\" content=\"2 minutes\" \/>\n<script type=\"application\/ld+json\" class=\"yoast-schema-graph\">{\"@context\":\"https:\\\/\\\/schema.org\",\"@graph\":[{\"@type\":\"WebPage\",\"@id\":\"https:\\\/\\\/www.kz-gedenkstaette-dachau.de\\\/dels\\\/historischer-ort\\\/virtueller-rundgang-umgebung\\\/ss-schiessplatz-hebertshausen\\\/\",\"url\":\"https:\\\/\\\/www.kz-gedenkstaette-dachau.de\\\/dels\\\/historischer-ort\\\/virtueller-rundgang-umgebung\\\/ss-schiessplatz-hebertshausen\\\/\",\"name\":\"SS-Schie\u00df\u00b7platz Hebertshausen (Au\u00dfen\u00b7ausstellung) - KZ Gedenkst\u00e4tte Dachau\",\"isPartOf\":{\"@id\":\"https:\\\/\\\/www.kz-gedenkstaette-dachau.de\\\/#website\"},\"primaryImageOfPage\":{\"@id\":\"https:\\\/\\\/www.kz-gedenkstaette-dachau.de\\\/dels\\\/historischer-ort\\\/virtueller-rundgang-umgebung\\\/ss-schiessplatz-hebertshausen\\\/#primaryimage\"},\"image\":{\"@id\":\"https:\\\/\\\/www.kz-gedenkstaette-dachau.de\\\/dels\\\/historischer-ort\\\/virtueller-rundgang-umgebung\\\/ss-schiessplatz-hebertshausen\\\/#primaryimage\"},\"thumbnailUrl\":\"https:\\\/\\\/www.kz-gedenkstaette-dachau.de\\\/wp-content\\\/uploads\\\/2018\\\/11\\\/ort_der_namen-250x147.jpg\",\"datePublished\":\"2018-11-19T14:28:38+00:00\",\"dateModified\":\"2020-04-01T15:44:01+00:00\",\"breadcrumb\":{\"@id\":\"https:\\\/\\\/www.kz-gedenkstaette-dachau.de\\\/dels\\\/historischer-ort\\\/virtueller-rundgang-umgebung\\\/ss-schiessplatz-hebertshausen\\\/#breadcrumb\"},\"inLanguage\":\"ls-DE\",\"potentialAction\":[{\"@type\":\"ReadAction\",\"target\":[\"https:\\\/\\\/www.kz-gedenkstaette-dachau.de\\\/dels\\\/historischer-ort\\\/virtueller-rundgang-umgebung\\\/ss-schiessplatz-hebertshausen\\\/\"]}]},{\"@type\":\"ImageObject\",\"inLanguage\":\"ls-DE\",\"@id\":\"https:\\\/\\\/www.kz-gedenkstaette-dachau.de\\\/dels\\\/historischer-ort\\\/virtueller-rundgang-umgebung\\\/ss-schiessplatz-hebertshausen\\\/#primaryimage\",\"url\":\"https:\\\/\\\/www.kz-gedenkstaette-dachau.de\\\/wp-content\\\/uploads\\\/2018\\\/11\\\/ort_der_namen-250x147.jpg\",\"contentUrl\":\"https:\\\/\\\/www.kz-gedenkstaette-dachau.de\\\/wp-content\\\/uploads\\\/2018\\\/11\\\/ort_der_namen-250x147.jpg\"},{\"@type\":\"BreadcrumbList\",\"@id\":\"https:\\\/\\\/www.kz-gedenkstaette-dachau.de\\\/dels\\\/historischer-ort\\\/virtueller-rundgang-umgebung\\\/ss-schiessplatz-hebertshausen\\\/#breadcrumb\",\"itemListElement\":[{\"@type\":\"ListItem\",\"position\":1,\"name\":\"Start\u00b7seite\",\"item\":\"https:\\\/\\\/www.kz-gedenkstaette-dachau.de\\\/dels\\\/\"},{\"@type\":\"ListItem\",\"position\":2,\"name\":\"Historischer Ort\",\"item\":\"https:\\\/\\\/www.kz-gedenkstaette-dachau.de\\\/dels\\\/historischer-ort\\\/\"},{\"@type\":\"ListItem\",\"position\":3,\"name\":\"Virtueller Rund\u00b7gang Umgebung\",\"item\":\"https:\\\/\\\/www.kz-gedenkstaette-dachau.de\\\/dels\\\/historischer-ort\\\/virtueller-rundgang-umgebung\\\/\"},{\"@type\":\"ListItem\",\"position\":4,\"name\":\"SS-Schie\u00df\u00b7platz Hebertshausen (Au\u00dfen\u00b7ausstellung)\"}]},{\"@type\":\"WebSite\",\"@id\":\"https:\\\/\\\/www.kz-gedenkstaette-dachau.de\\\/#website\",\"url\":\"https:\\\/\\\/www.kz-gedenkstaette-dachau.de\\\/\",\"name\":\"KZ Gedenkst\u00e4tte Dachau\",\"description\":\"\",\"potentialAction\":[{\"@type\":\"SearchAction\",\"target\":{\"@type\":\"EntryPoint\",\"urlTemplate\":\"https:\\\/\\\/www.kz-gedenkstaette-dachau.de\\\/?s={search_term_string}\"},\"query-input\":{\"@type\":\"PropertyValueSpecification\",\"valueRequired\":true,\"valueName\":\"search_term_string\"}}],\"inLanguage\":\"ls-DE\"}]}<\/script>\n<!-- \/ Yoast SEO plugin. -->","yoast_head_json":{"title":"SS-Schie\u00df\u00b7platz Hebertshausen (Au\u00dfen\u00b7ausstellung) - KZ Gedenkst\u00e4tte Dachau","robots":{"index":"index","follow":"follow","max-snippet":"max-snippet:-1","max-image-preview":"max-image-preview:large","max-video-preview":"max-video-preview:-1"},"canonical":"https:\/\/www.kz-gedenkstaette-dachau.de\/dels\/historischer-ort\/virtueller-rundgang-umgebung\/ss-schiessplatz-hebertshausen\/","og_locale":"en_US","og_type":"article","og_title":"SS-Schie\u00df\u00b7platz Hebertshausen (Au\u00dfen\u00b7ausstellung) - KZ Gedenkst\u00e4tte Dachau","og_description":"Station 2 ist der SS-Schie\u00df\u00b7platz Hebertshausen. In der N\u00e4he von Dachau ist die Gemeinde Hebertshausen. Hebertshausen liegt 2 Kilo\u00b7meter n\u00f6rdlich von Dachau. In Hebertshausen war ein Schie\u00df\u00b7platz. Die SS hat diesen Schie\u00df\u00b7platz von 1937 bis 1938 gebaut. Auf dem Schie\u00df\u00b7platz sollten SS-M\u00e4nner schie\u00dfen lernen. Der Schie\u00df\u00b7platz hatte 5 Schie\u00df\u00b7bahnen. Und 2 Schie\u00df\u00b7st\u00e4nde. Und einen Wurf\u00b7stand... Artikel anzeigen","og_url":"https:\/\/www.kz-gedenkstaette-dachau.de\/dels\/historischer-ort\/virtueller-rundgang-umgebung\/ss-schiessplatz-hebertshausen\/","og_site_name":"KZ Gedenkst\u00e4tte Dachau","article_modified_time":"2020-04-01T15:44:01+00:00","og_image":[{"url":"https:\/\/www.kz-gedenkstaette-dachau.de\/wp-content\/uploads\/2018\/11\/ort_der_namen-250x147.jpg","type":"","width":"","height":""}],"twitter_card":"summary_large_image","twitter_misc":{"Est. reading time":"2 minutes"},"schema":{"@context":"https:\/\/schema.org","@graph":[{"@type":"WebPage","@id":"https:\/\/www.kz-gedenkstaette-dachau.de\/dels\/historischer-ort\/virtueller-rundgang-umgebung\/ss-schiessplatz-hebertshausen\/","url":"https:\/\/www.kz-gedenkstaette-dachau.de\/dels\/historischer-ort\/virtueller-rundgang-umgebung\/ss-schiessplatz-hebertshausen\/","name":"SS-Schie\u00df\u00b7platz Hebertshausen (Au\u00dfen\u00b7ausstellung) - KZ Gedenkst\u00e4tte Dachau","isPartOf":{"@id":"https:\/\/www.kz-gedenkstaette-dachau.de\/#website"},"primaryImageOfPage":{"@id":"https:\/\/www.kz-gedenkstaette-dachau.de\/dels\/historischer-ort\/virtueller-rundgang-umgebung\/ss-schiessplatz-hebertshausen\/#primaryimage"},"image":{"@id":"https:\/\/www.kz-gedenkstaette-dachau.de\/dels\/historischer-ort\/virtueller-rundgang-umgebung\/ss-schiessplatz-hebertshausen\/#primaryimage"},"thumbnailUrl":"https:\/\/www.kz-gedenkstaette-dachau.de\/wp-content\/uploads\/2018\/11\/ort_der_namen-250x147.jpg","datePublished":"2018-11-19T14:28:38+00:00","dateModified":"2020-04-01T15:44:01+00:00","breadcrumb":{"@id":"https:\/\/www.kz-gedenkstaette-dachau.de\/dels\/historischer-ort\/virtueller-rundgang-umgebung\/ss-schiessplatz-hebertshausen\/#breadcrumb"},"inLanguage":"ls-DE","potentialAction":[{"@type":"ReadAction","target":["https:\/\/www.kz-gedenkstaette-dachau.de\/dels\/historischer-ort\/virtueller-rundgang-umgebung\/ss-schiessplatz-hebertshausen\/"]}]},{"@type":"ImageObject","inLanguage":"ls-DE","@id":"https:\/\/www.kz-gedenkstaette-dachau.de\/dels\/historischer-ort\/virtueller-rundgang-umgebung\/ss-schiessplatz-hebertshausen\/#primaryimage","url":"https:\/\/www.kz-gedenkstaette-dachau.de\/wp-content\/uploads\/2018\/11\/ort_der_namen-250x147.jpg","contentUrl":"https:\/\/www.kz-gedenkstaette-dachau.de\/wp-content\/uploads\/2018\/11\/ort_der_namen-250x147.jpg"},{"@type":"BreadcrumbList","@id":"https:\/\/www.kz-gedenkstaette-dachau.de\/dels\/historischer-ort\/virtueller-rundgang-umgebung\/ss-schiessplatz-hebertshausen\/#breadcrumb","itemListElement":[{"@type":"ListItem","position":1,"name":"Start\u00b7seite","item":"https:\/\/www.kz-gedenkstaette-dachau.de\/dels\/"},{"@type":"ListItem","position":2,"name":"Historischer Ort","item":"https:\/\/www.kz-gedenkstaette-dachau.de\/dels\/historischer-ort\/"},{"@type":"ListItem","position":3,"name":"Virtueller Rund\u00b7gang Umgebung","item":"https:\/\/www.kz-gedenkstaette-dachau.de\/dels\/historischer-ort\/virtueller-rundgang-umgebung\/"},{"@type":"ListItem","position":4,"name":"SS-Schie\u00df\u00b7platz Hebertshausen (Au\u00dfen\u00b7ausstellung)"}]},{"@type":"WebSite","@id":"https:\/\/www.kz-gedenkstaette-dachau.de\/#website","url":"https:\/\/www.kz-gedenkstaette-dachau.de\/","name":"KZ Gedenkst\u00e4tte Dachau","description":"","potentialAction":[{"@type":"SearchAction","target":{"@type":"EntryPoint","urlTemplate":"https:\/\/www.kz-gedenkstaette-dachau.de\/?s={search_term_string}"},"query-input":{"@type":"PropertyValueSpecification","valueRequired":true,"valueName":"search_term_string"}}],"inLanguage":"ls-DE"}]}},"_links":{"self":[{"href":"https:\/\/www.kz-gedenkstaette-dachau.de\/dels\/wp-json\/wp\/v2\/pages\/63726","targetHints":{"allow":["GET"]}}],"collection":[{"href":"https:\/\/www.kz-gedenkstaette-dachau.de\/dels\/wp-json\/wp\/v2\/pages"}],"about":[{"href":"https:\/\/www.kz-gedenkstaette-dachau.de\/dels\/wp-json\/wp\/v2\/types\/page"}],"author":[{"embeddable":true,"href":"https:\/\/www.kz-gedenkstaette-dachau.de\/dels\/wp-json\/wp\/v2\/users\/1"}],"replies":[{"embeddable":true,"href":"https:\/\/www.kz-gedenkstaette-dachau.de\/dels\/wp-json\/wp\/v2\/comments?post=63726"}],"version-history":[{"count":0,"href":"https:\/\/www.kz-gedenkstaette-dachau.de\/dels\/wp-json\/wp\/v2\/pages\/63726\/revisions"}],"up":[{"embeddable":true,"href":"https:\/\/www.kz-gedenkstaette-dachau.de\/dels\/wp-json\/wp\/v2\/pages\/63718"}],"wp:attachment":[{"href":"https:\/\/www.kz-gedenkstaette-dachau.de\/dels\/wp-json\/wp\/v2\/media?parent=63726"}],"curies":[{"name":"wp","href":"https:\/\/api.w.org\/{rel}","templated":true}]}}