{"id":63731,"date":"2018-11-19T15:31:52","date_gmt":"2018-11-19T14:31:52","guid":{"rendered":"https:\/\/www.kz-gedenkstaette-dachau.de\/historischer-ort\/virtueller-rundgang-umgebung\/weg-des-erinnerns\/"},"modified":"2020-04-01T17:58:52","modified_gmt":"2020-04-01T15:58:52","slug":"weg-des-erinnerns","status":"publish","type":"page","link":"https:\/\/www.kz-gedenkstaette-dachau.de\/dels\/historischer-ort\/virtueller-rundgang-umgebung\/weg-des-erinnerns\/","title":{"rendered":"Weg des Erinnerns"},"content":{"rendered":"<img loading=\"lazy\" decoding=\"async\" class=\"alignnone wp-image-64045\" src=\"https:\/\/www.kz-gedenkstaette-dachau.de\/wp-content\/uploads\/2019\/01\/weg_der_erinnerung-250x175.png\" alt=\"Der Weg des Erinnerns.\" width=\"700\" height=\"491\" srcset=\"https:\/\/www.kz-gedenkstaette-dachau.de\/wp-content\/uploads\/2019\/01\/weg_der_erinnerung-250x175.png 250w, https:\/\/www.kz-gedenkstaette-dachau.de\/wp-content\/uploads\/2019\/01\/weg_der_erinnerung-768x539.png 768w, https:\/\/www.kz-gedenkstaette-dachau.de\/wp-content\/uploads\/2019\/01\/weg_der_erinnerung-700x491.png 700w, https:\/\/www.kz-gedenkstaette-dachau.de\/wp-content\/uploads\/2019\/01\/weg_der_erinnerung-120x84.png 120w, https:\/\/www.kz-gedenkstaette-dachau.de\/wp-content\/uploads\/2019\/01\/weg_der_erinnerung.png 1140w\" sizes=\"auto, (max-width: 700px) 100vw, 700px\" \/>\n<p>Station 3 ist der Weg des Erinnerns.<br \/>\nDer Weg des Erinnerns wurde <strong>2007<\/strong> er\u00f6ffnet.<br \/>\nDer Weg des Erinnerns besteht aus 12 Stationen.<br \/>\nAn jeder Station gibt es Informations\u00b7tafeln.<br \/>\nUnd viele alte Spuren.<br \/>\nUnd es gibt \u00dcber\u00b7reste von Geb\u00e4uden.<\/p>\n<p>Der Weg beginnt am Bahn\u00b7hof Dachau.<br \/>\nDer Weg f\u00fchrt zum Besucher\u00b7zentrum von der KZ-Gedenk\u00b7st\u00e4tte Dachau.<br \/>\nDer Weg des Erinnerns ist 3 Kilometer lang.<br \/>\nM\u00f6chten Sie den Weg des Erinnerns gehen?<br \/>\nDaf\u00fcr brauchen Sie ungef\u00e4hr 45 Minuten.<\/p>\n<p>Der Weg des Erinnerns folgt einer bestimmten Strecke.<br \/>\n\u00dcber diese Strecke haben die <span style=\"color: #cc1800;\"><strong title=\"H\u00e4ftling ist ein anderes Wort f\u00fcr Gefangener.\">H\u00e4ftlinge<\/strong><\/span> das <span style=\"color: #cc1800;\"><strong title=\"KZ ist die Abk\u00fcrzung f\u00fcr Konzentrations\u00b7lager.\">KZ<\/strong><\/span> Dachau erreicht.<br \/>\nDie H\u00e4ftlinge sind zu Fu\u00df gegangen.<br \/>\nOder die H\u00e4ftlinge sind mit Z\u00fcgen oder Last\u00b7wagen gebracht worden.<\/p>\n<p><strong>Wor\u00fcber informiert der Weg des Erinnerns?<\/strong><br \/>\nAuf den Informations\u00b7tafeln geht es um die Geschichte von dieser Strecke.<br \/>\nUnd es geht um die Einwohner von Dachau.<br \/>\nDie Einwohner von Dachau waren n\u00e4mlich mit dem KZ eng verbunden.<br \/>\nZum Beispiel haben die Einwohner die Ereignisse am Bahn\u00b7hof gesehen.<br \/>\nAm Bahnhof sind Z\u00fcge angekommen.<br \/>\nDiese Z\u00fcge waren voll mit H\u00e4ftlingen.<br \/>\nDeshalb nennt man diese Z\u00fcge auch: Gefangenen\u00b7transporte.<\/p>\n<p>Die H\u00e4ftlinge wurden aus den Z\u00fcgen geholt.<br \/>\nManchmal sind bei den Gefangenen\u00b7transporten H\u00e4ftlinge gestorben.<br \/>\nDiese toten H\u00e4ftlinge wurden auch aus den Z\u00fcgen geholt.<br \/>\nDas haben die Einwohner von Dachau gesehen.<br \/>\nDie H\u00e4ftlinge mussten dann zum KZ laufen.<br \/>\n<span style=\"color: #cc1800;\"><strong title=\"Viele SS-M\u00e4nner haben im KZ gearbeitet. Diese SS-M\u00e4nner hatten den Namen: Lager-SS. Die Lager-SS war zust\u00e4ndig f\u00fcr die Organisation des H\u00e4ftlings\u00b7lagers. Die Lager-SS hat die H\u00e4ftlinge bewacht. Und die H\u00e4ftlinge bestraft. Die Lager-SS hat auch viele H\u00e4ftlinge miss\u00b7handelt. Und viele H\u00e4ftlinge get\u00f6tet.\">SS-M\u00e4nner<\/strong><\/span> haben die H\u00e4ftlinge zum KZ getrieben.<br \/>\nDas haben die Einwohner von Dachau auch gesehen.<\/p>\n<p><strong>Ab 1941<\/strong> haben H\u00e4ftlinge aus dem KZ in der Stadt Dachau gearbeitet.<br \/>\nDiese H\u00e4ftlinge haben in Betrieben in Dachau gearbeitet.<br \/>\nSS-M\u00e4nner haben die H\u00e4ftlinge bewacht.<br \/>\nDie H\u00e4ftlinge waren meistens unter\u00b7ern\u00e4hrt.<br \/>\nDas hei\u00dft:<br \/>\nDiese H\u00e4ftlinge hatten zu wenig Essen.<br \/>\nUnd die H\u00e4ftlinge waren sehr schwach.<br \/>\nDie H\u00e4ftlinge mussten n\u00e4mlich sehr hart arbeiten.<br \/>\nUnd die H\u00e4ftlinge waren krank.<br \/>\nDas haben die Einwohner von Dachau auch gesehen.<\/p>\n","protected":false},"excerpt":{"rendered":"<p>Station 3 ist der Weg des Erinnerns. Der Weg des Erinnerns wurde 2007 er\u00f6ffnet. Der Weg des Erinnerns besteht aus 12 Stationen. An jeder Station gibt es Informations\u00b7tafeln. Und viele alte Spuren. Und es gibt \u00dcber\u00b7reste von Geb\u00e4uden. Der Weg beginnt am Bahn\u00b7hof Dachau. Der Weg f\u00fchrt zum Besucher\u00b7zentrum von der KZ-Gedenk\u00b7st\u00e4tte Dachau. Der Weg&#8230; <a class=\"view-article\" href=\"https:\/\/www.kz-gedenkstaette-dachau.de\/dels\/historischer-ort\/virtueller-rundgang-umgebung\/weg-des-erinnerns\/\">Artikel anzeigen<\/a><\/p>\n","protected":false},"author":1,"featured_media":0,"parent":63718,"menu_order":300,"comment_status":"closed","ping_status":"closed","template":"page-virtueller_rundgang_unterseite.php","meta":{"_acf_changed":false,"footnotes":""},"class_list":["post-63731","page","type-page","status-publish","hentry"],"acf":[],"yoast_head":"<!-- This site is optimized with the Yoast SEO plugin v27.3 - https:\/\/yoast.com\/product\/yoast-seo-wordpress\/ -->\n<title>Weg des Erinnerns - KZ Gedenkst\u00e4tte Dachau<\/title>\n<meta name=\"robots\" content=\"index, follow, max-snippet:-1, max-image-preview:large, max-video-preview:-1\" \/>\n<link rel=\"canonical\" href=\"https:\/\/www.kz-gedenkstaette-dachau.de\/dels\/historischer-ort\/virtueller-rundgang-umgebung\/weg-des-erinnerns\/\" \/>\n<meta property=\"og:locale\" content=\"en_US\" \/>\n<meta property=\"og:type\" content=\"article\" \/>\n<meta property=\"og:title\" content=\"Weg des Erinnerns - KZ Gedenkst\u00e4tte Dachau\" \/>\n<meta property=\"og:description\" content=\"Station 3 ist der Weg des Erinnerns. Der Weg des Erinnerns wurde 2007 er\u00f6ffnet. Der Weg des Erinnerns besteht aus 12 Stationen. An jeder Station gibt es Informations\u00b7tafeln. Und viele alte Spuren. Und es gibt \u00dcber\u00b7reste von Geb\u00e4uden. Der Weg beginnt am Bahn\u00b7hof Dachau. Der Weg f\u00fchrt zum Besucher\u00b7zentrum von der KZ-Gedenk\u00b7st\u00e4tte Dachau. Der Weg... Artikel anzeigen\" \/>\n<meta property=\"og:url\" content=\"https:\/\/www.kz-gedenkstaette-dachau.de\/dels\/historischer-ort\/virtueller-rundgang-umgebung\/weg-des-erinnerns\/\" \/>\n<meta property=\"og:site_name\" content=\"KZ Gedenkst\u00e4tte Dachau\" \/>\n<meta property=\"article:modified_time\" content=\"2020-04-01T15:58:52+00:00\" \/>\n<meta property=\"og:image\" content=\"https:\/\/www.kz-gedenkstaette-dachau.de\/wp-content\/uploads\/2019\/01\/weg_der_erinnerung-250x175.png\" \/>\n<meta name=\"twitter:card\" content=\"summary_large_image\" \/>\n<meta name=\"twitter:label1\" content=\"Est. reading time\" \/>\n\t<meta name=\"twitter:data1\" content=\"2 minutes\" \/>\n<script type=\"application\/ld+json\" class=\"yoast-schema-graph\">{\"@context\":\"https:\\\/\\\/schema.org\",\"@graph\":[{\"@type\":\"WebPage\",\"@id\":\"https:\\\/\\\/www.kz-gedenkstaette-dachau.de\\\/dels\\\/historischer-ort\\\/virtueller-rundgang-umgebung\\\/weg-des-erinnerns\\\/\",\"url\":\"https:\\\/\\\/www.kz-gedenkstaette-dachau.de\\\/dels\\\/historischer-ort\\\/virtueller-rundgang-umgebung\\\/weg-des-erinnerns\\\/\",\"name\":\"Weg des Erinnerns - KZ Gedenkst\u00e4tte Dachau\",\"isPartOf\":{\"@id\":\"https:\\\/\\\/www.kz-gedenkstaette-dachau.de\\\/#website\"},\"primaryImageOfPage\":{\"@id\":\"https:\\\/\\\/www.kz-gedenkstaette-dachau.de\\\/dels\\\/historischer-ort\\\/virtueller-rundgang-umgebung\\\/weg-des-erinnerns\\\/#primaryimage\"},\"image\":{\"@id\":\"https:\\\/\\\/www.kz-gedenkstaette-dachau.de\\\/dels\\\/historischer-ort\\\/virtueller-rundgang-umgebung\\\/weg-des-erinnerns\\\/#primaryimage\"},\"thumbnailUrl\":\"https:\\\/\\\/www.kz-gedenkstaette-dachau.de\\\/wp-content\\\/uploads\\\/2019\\\/01\\\/weg_der_erinnerung-250x175.png\",\"datePublished\":\"2018-11-19T14:31:52+00:00\",\"dateModified\":\"2020-04-01T15:58:52+00:00\",\"breadcrumb\":{\"@id\":\"https:\\\/\\\/www.kz-gedenkstaette-dachau.de\\\/dels\\\/historischer-ort\\\/virtueller-rundgang-umgebung\\\/weg-des-erinnerns\\\/#breadcrumb\"},\"inLanguage\":\"ls-DE\",\"potentialAction\":[{\"@type\":\"ReadAction\",\"target\":[\"https:\\\/\\\/www.kz-gedenkstaette-dachau.de\\\/dels\\\/historischer-ort\\\/virtueller-rundgang-umgebung\\\/weg-des-erinnerns\\\/\"]}]},{\"@type\":\"ImageObject\",\"inLanguage\":\"ls-DE\",\"@id\":\"https:\\\/\\\/www.kz-gedenkstaette-dachau.de\\\/dels\\\/historischer-ort\\\/virtueller-rundgang-umgebung\\\/weg-des-erinnerns\\\/#primaryimage\",\"url\":\"https:\\\/\\\/www.kz-gedenkstaette-dachau.de\\\/wp-content\\\/uploads\\\/2019\\\/01\\\/weg_der_erinnerung-250x175.png\",\"contentUrl\":\"https:\\\/\\\/www.kz-gedenkstaette-dachau.de\\\/wp-content\\\/uploads\\\/2019\\\/01\\\/weg_der_erinnerung-250x175.png\"},{\"@type\":\"BreadcrumbList\",\"@id\":\"https:\\\/\\\/www.kz-gedenkstaette-dachau.de\\\/dels\\\/historischer-ort\\\/virtueller-rundgang-umgebung\\\/weg-des-erinnerns\\\/#breadcrumb\",\"itemListElement\":[{\"@type\":\"ListItem\",\"position\":1,\"name\":\"Start\u00b7seite\",\"item\":\"https:\\\/\\\/www.kz-gedenkstaette-dachau.de\\\/dels\\\/\"},{\"@type\":\"ListItem\",\"position\":2,\"name\":\"Historischer Ort\",\"item\":\"https:\\\/\\\/www.kz-gedenkstaette-dachau.de\\\/dels\\\/historischer-ort\\\/\"},{\"@type\":\"ListItem\",\"position\":3,\"name\":\"Virtueller Rund\u00b7gang Umgebung\",\"item\":\"https:\\\/\\\/www.kz-gedenkstaette-dachau.de\\\/dels\\\/historischer-ort\\\/virtueller-rundgang-umgebung\\\/\"},{\"@type\":\"ListItem\",\"position\":4,\"name\":\"Weg des Erinnerns\"}]},{\"@type\":\"WebSite\",\"@id\":\"https:\\\/\\\/www.kz-gedenkstaette-dachau.de\\\/#website\",\"url\":\"https:\\\/\\\/www.kz-gedenkstaette-dachau.de\\\/\",\"name\":\"KZ Gedenkst\u00e4tte Dachau\",\"description\":\"\",\"potentialAction\":[{\"@type\":\"SearchAction\",\"target\":{\"@type\":\"EntryPoint\",\"urlTemplate\":\"https:\\\/\\\/www.kz-gedenkstaette-dachau.de\\\/?s={search_term_string}\"},\"query-input\":{\"@type\":\"PropertyValueSpecification\",\"valueRequired\":true,\"valueName\":\"search_term_string\"}}],\"inLanguage\":\"ls-DE\"}]}<\/script>\n<!-- \/ Yoast SEO plugin. -->","yoast_head_json":{"title":"Weg des Erinnerns - KZ Gedenkst\u00e4tte Dachau","robots":{"index":"index","follow":"follow","max-snippet":"max-snippet:-1","max-image-preview":"max-image-preview:large","max-video-preview":"max-video-preview:-1"},"canonical":"https:\/\/www.kz-gedenkstaette-dachau.de\/dels\/historischer-ort\/virtueller-rundgang-umgebung\/weg-des-erinnerns\/","og_locale":"en_US","og_type":"article","og_title":"Weg des Erinnerns - KZ Gedenkst\u00e4tte Dachau","og_description":"Station 3 ist der Weg des Erinnerns. Der Weg des Erinnerns wurde 2007 er\u00f6ffnet. Der Weg des Erinnerns besteht aus 12 Stationen. An jeder Station gibt es Informations\u00b7tafeln. Und viele alte Spuren. Und es gibt \u00dcber\u00b7reste von Geb\u00e4uden. Der Weg beginnt am Bahn\u00b7hof Dachau. Der Weg f\u00fchrt zum Besucher\u00b7zentrum von der KZ-Gedenk\u00b7st\u00e4tte Dachau. Der Weg... Artikel anzeigen","og_url":"https:\/\/www.kz-gedenkstaette-dachau.de\/dels\/historischer-ort\/virtueller-rundgang-umgebung\/weg-des-erinnerns\/","og_site_name":"KZ Gedenkst\u00e4tte Dachau","article_modified_time":"2020-04-01T15:58:52+00:00","og_image":[{"url":"https:\/\/www.kz-gedenkstaette-dachau.de\/wp-content\/uploads\/2019\/01\/weg_der_erinnerung-250x175.png","type":"","width":"","height":""}],"twitter_card":"summary_large_image","twitter_misc":{"Est. reading time":"2 minutes"},"schema":{"@context":"https:\/\/schema.org","@graph":[{"@type":"WebPage","@id":"https:\/\/www.kz-gedenkstaette-dachau.de\/dels\/historischer-ort\/virtueller-rundgang-umgebung\/weg-des-erinnerns\/","url":"https:\/\/www.kz-gedenkstaette-dachau.de\/dels\/historischer-ort\/virtueller-rundgang-umgebung\/weg-des-erinnerns\/","name":"Weg des Erinnerns - KZ Gedenkst\u00e4tte Dachau","isPartOf":{"@id":"https:\/\/www.kz-gedenkstaette-dachau.de\/#website"},"primaryImageOfPage":{"@id":"https:\/\/www.kz-gedenkstaette-dachau.de\/dels\/historischer-ort\/virtueller-rundgang-umgebung\/weg-des-erinnerns\/#primaryimage"},"image":{"@id":"https:\/\/www.kz-gedenkstaette-dachau.de\/dels\/historischer-ort\/virtueller-rundgang-umgebung\/weg-des-erinnerns\/#primaryimage"},"thumbnailUrl":"https:\/\/www.kz-gedenkstaette-dachau.de\/wp-content\/uploads\/2019\/01\/weg_der_erinnerung-250x175.png","datePublished":"2018-11-19T14:31:52+00:00","dateModified":"2020-04-01T15:58:52+00:00","breadcrumb":{"@id":"https:\/\/www.kz-gedenkstaette-dachau.de\/dels\/historischer-ort\/virtueller-rundgang-umgebung\/weg-des-erinnerns\/#breadcrumb"},"inLanguage":"ls-DE","potentialAction":[{"@type":"ReadAction","target":["https:\/\/www.kz-gedenkstaette-dachau.de\/dels\/historischer-ort\/virtueller-rundgang-umgebung\/weg-des-erinnerns\/"]}]},{"@type":"ImageObject","inLanguage":"ls-DE","@id":"https:\/\/www.kz-gedenkstaette-dachau.de\/dels\/historischer-ort\/virtueller-rundgang-umgebung\/weg-des-erinnerns\/#primaryimage","url":"https:\/\/www.kz-gedenkstaette-dachau.de\/wp-content\/uploads\/2019\/01\/weg_der_erinnerung-250x175.png","contentUrl":"https:\/\/www.kz-gedenkstaette-dachau.de\/wp-content\/uploads\/2019\/01\/weg_der_erinnerung-250x175.png"},{"@type":"BreadcrumbList","@id":"https:\/\/www.kz-gedenkstaette-dachau.de\/dels\/historischer-ort\/virtueller-rundgang-umgebung\/weg-des-erinnerns\/#breadcrumb","itemListElement":[{"@type":"ListItem","position":1,"name":"Start\u00b7seite","item":"https:\/\/www.kz-gedenkstaette-dachau.de\/dels\/"},{"@type":"ListItem","position":2,"name":"Historischer Ort","item":"https:\/\/www.kz-gedenkstaette-dachau.de\/dels\/historischer-ort\/"},{"@type":"ListItem","position":3,"name":"Virtueller Rund\u00b7gang Umgebung","item":"https:\/\/www.kz-gedenkstaette-dachau.de\/dels\/historischer-ort\/virtueller-rundgang-umgebung\/"},{"@type":"ListItem","position":4,"name":"Weg des Erinnerns"}]},{"@type":"WebSite","@id":"https:\/\/www.kz-gedenkstaette-dachau.de\/#website","url":"https:\/\/www.kz-gedenkstaette-dachau.de\/","name":"KZ Gedenkst\u00e4tte Dachau","description":"","potentialAction":[{"@type":"SearchAction","target":{"@type":"EntryPoint","urlTemplate":"https:\/\/www.kz-gedenkstaette-dachau.de\/?s={search_term_string}"},"query-input":{"@type":"PropertyValueSpecification","valueRequired":true,"valueName":"search_term_string"}}],"inLanguage":"ls-DE"}]}},"_links":{"self":[{"href":"https:\/\/www.kz-gedenkstaette-dachau.de\/dels\/wp-json\/wp\/v2\/pages\/63731","targetHints":{"allow":["GET"]}}],"collection":[{"href":"https:\/\/www.kz-gedenkstaette-dachau.de\/dels\/wp-json\/wp\/v2\/pages"}],"about":[{"href":"https:\/\/www.kz-gedenkstaette-dachau.de\/dels\/wp-json\/wp\/v2\/types\/page"}],"author":[{"embeddable":true,"href":"https:\/\/www.kz-gedenkstaette-dachau.de\/dels\/wp-json\/wp\/v2\/users\/1"}],"replies":[{"embeddable":true,"href":"https:\/\/www.kz-gedenkstaette-dachau.de\/dels\/wp-json\/wp\/v2\/comments?post=63731"}],"version-history":[{"count":0,"href":"https:\/\/www.kz-gedenkstaette-dachau.de\/dels\/wp-json\/wp\/v2\/pages\/63731\/revisions"}],"up":[{"embeddable":true,"href":"https:\/\/www.kz-gedenkstaette-dachau.de\/dels\/wp-json\/wp\/v2\/pages\/63718"}],"wp:attachment":[{"href":"https:\/\/www.kz-gedenkstaette-dachau.de\/dels\/wp-json\/wp\/v2\/media?parent=63731"}],"curies":[{"name":"wp","href":"https:\/\/api.w.org\/{rel}","templated":true}]}}