{"id":63735,"date":"2018-11-19T15:33:52","date_gmt":"2018-11-19T14:33:52","guid":{"rendered":"https:\/\/www.kz-gedenkstaette-dachau.de\/historischer-ort\/virtueller-rundgang-umgebung\/gleisstueck-zum-ss-lager\/"},"modified":"2020-04-01T18:04:30","modified_gmt":"2020-04-01T16:04:30","slug":"gleisstueck-zum-ss-lager","status":"publish","type":"page","link":"https:\/\/www.kz-gedenkstaette-dachau.de\/dels\/historischer-ort\/virtueller-rundgang-umgebung\/gleisstueck-zum-ss-lager\/","title":{"rendered":"Gleis\u00b7st\u00fcck zum SS-Lager"},"content":{"rendered":"<div id=\"attachment_63732\" style=\"width: 710px\" class=\"wp-caption alignnone\"><img loading=\"lazy\" decoding=\"async\" aria-describedby=\"caption-attachment-63732\" class=\"wp-image-63732\" src=\"https:\/\/www.kz-gedenkstaette-dachau.de\/wp-content\/uploads\/2018\/11\/weg_des_erinnerns-250x147.jpg\" alt=\"Links: Informations\u00b7tafel 4 vom Weg des Erinnerns Mitte: Gleis\u00b7st\u00fcck an der Isar-Amperwerke-Stra\u00dfe Das Foto ist von 2017. (KZ-Gedenk\u00b7st\u00e4tte Dachau)\" width=\"700\" height=\"413\" srcset=\"https:\/\/www.kz-gedenkstaette-dachau.de\/wp-content\/uploads\/2018\/11\/weg_des_erinnerns-250x147.jpg 250w, https:\/\/www.kz-gedenkstaette-dachau.de\/wp-content\/uploads\/2018\/11\/weg_des_erinnerns-768x453.jpg 768w, https:\/\/www.kz-gedenkstaette-dachau.de\/wp-content\/uploads\/2018\/11\/weg_des_erinnerns-700x413.jpg 700w, https:\/\/www.kz-gedenkstaette-dachau.de\/wp-content\/uploads\/2018\/11\/weg_des_erinnerns-120x71.jpg 120w, https:\/\/www.kz-gedenkstaette-dachau.de\/wp-content\/uploads\/2018\/11\/weg_des_erinnerns.jpg 1120w\" sizes=\"auto, (max-width: 700px) 100vw, 700px\" \/><p id=\"caption-attachment-63732\" class=\"wp-caption-text\"><small>Links: Informations\u00b7tafel 4 vom Weg des Erinnerns.<br \/>Mitte: Gleis\u00b7st\u00fcck an der Isar-Amperwerke-Stra\u00dfe.<br \/>Das Foto ist von 2017.<br \/>(KZ-Gedenk\u00b7st\u00e4tte Dachau)<small><\/p><\/div>\n<p>Station 3.1 ist das Gleis\u00b7st\u00fcck zum <span style=\"color: #cc1800;\"><strong title=\"Das SS-Lager war ein Teil\u00b7bereich vom KZ Dachau.\">SS-Lager<\/strong><\/span>.<br \/>\nDer Bahn\u00b7hof Dachau hatte mehre Gleise.<br \/>\nEin Gleis hat direkt in das SS-Lager gef\u00fchrt.<br \/>\n\u00dcber dieses Gleis<br \/>\nkonnten Z\u00fcge in das SS-Lager fahren.<br \/>\nSo wurden H\u00e4ftlinge direkt in das SS-Lager gebracht.<br \/>\n<strong>1984<\/strong> wurde dieses Gleis entfernt.<br \/>\nAber ein St\u00fcck von dem Gleis ist heute noch da.<br \/>\nDieses St\u00fcck liegt an der Isar-Amperwerke-Stra\u00dfe.<br \/>\nAn diesem Ort war fr\u00fcher auch der Eingang zu dem SS-Lager.<br \/>\nDeshalb gibt es an diesem Ort eine Informations\u00b7tafel.<br \/>\nDas ist die Informations\u00b7tafel 4 vom Weg des Erinnerns.<\/p>\n<p><strong>Der Todes\u00b7zug aus Buchenwald<\/strong><br \/>\nAm <strong>27. April 1945<\/strong> ist ein Zug in Dachau angekommen.<br \/>\nDieser Zug ist aus dem KZ Buchenwald gekommen.<br \/>\nDer Zug war 21 Tage unterwegs.<br \/>\nIn dem Zug waren 4.480 <span style=\"color: #cc1800;\"><strong title=\"H\u00e4ftling ist ein anderes Wort f\u00fcr Gefangener.\">H\u00e4ftlinge<\/strong><\/span>.<br \/>\nDiese H\u00e4ftlinge hatten <strong>kaum<\/strong> Essen.<br \/>\nUnd diese H\u00e4ftlinge hatten <strong>kaum<\/strong> Wasser.<br \/>\nDeshalb sind viele von den H\u00e4ftlingen verhungert.<br \/>\nOder an Ersch\u00f6pfung gestorben.<br \/>\nUnd die <span style=\"color: #cc1800;\"><strong title=\"Viele SS-M\u00e4nner haben im KZ gearbeitet. Diese SS-M\u00e4nner hatten den Namen: Lager-SS. Die Lager-SS war zust\u00e4ndig f\u00fcr die Organisation des H\u00e4ftlings\u00b7lagers. Die Lager-SS hat die H\u00e4ftlinge bewacht. Und die H\u00e4ftlinge bestraft. Die Lager-SS hat auch viele H\u00e4ftlinge miss\u00b7handelt. Und viele H\u00e4ftlinge get\u00f6tet.\">SS-M\u00e4nner<\/strong><\/span> haben viele H\u00e4ftlinge erschossen.<br \/>\n3.664 H\u00e4ftlinge sind gestorben.<br \/>\nNur 816 H\u00e4ftlinge haben \u00fcberlebt.<br \/>\nDer Zug war voll mit toten Menschen.<br \/>\nUnd mit sehr kranken Menschen.<br \/>\nDeshalb hat die <span style=\"color: #cc1800;\"><strong title=\"SS ist die Abk\u00fcrzung f\u00fcr Schutz\u00b7staffel. Die SS hat zu der NSDAP geh\u00f6rt. Die SS hat die die KZ kontrolliert. Und die SS hat die H\u00e4ftlinge im KZ bewacht. Viele europ\u00e4ische Juden sind in Vernichtungs\u00b7lagern get\u00f6tet worden. Und viele europ\u00e4ische Roma und Sinti sind in Vernichtungs\u00b7lagern get\u00f6tet worden. Das hat die SS organisiert. Truppen von der SS haben auch im 2. Welt\u00b7krieg gek\u00e4mpft. Diese Truppen waren besonders brutal. Die Truppen haben gegen Widerstands\u00b7k\u00e4mpfer gek\u00e4mpft. Die Widerstands\u00b7k\u00e4mpfer waren gegen die Nazis. Und gegen die Zivil\u00b7bev\u00f6lkerung. Die Zivil\u00b7bev\u00f6lkerung k\u00e4mpft nicht im Krieg mit. Die SS hat viele Menschen ermordet.\">SS<\/strong><\/span> gesagt:<br \/>\nDer Zug darf <strong>nicht <\/strong>in das KZ Dachau fahren.<br \/>\nDer Zug muss vor dem SS-Lager stehen bleiben.<\/p>\n<p>Am <strong>29. April 1945<\/strong> wurde das <span style=\"color: #cc1800;\"><strong title=\"KZ ist die Abk\u00fcrzung f\u00fcr Konzentrations\u00b7lager.\">KZ<\/strong><\/span> Dachau befreit.<br \/>\nDie US-Armee hat das KZ befreit.<br \/>\nDiese Soldaten von der US-Armee haben auch den Zug gesehen.<br \/>\nDeshalb haben die Soldaten in den Zug geschaut.<br \/>\nDann haben die Soldaten die toten H\u00e4ftlinge gefunden.<br \/>\nDas hat die Soldaten traumatisiert.<br \/>\nDas hei\u00dft:<br \/>\nDie Soldaten konnten das ihr ganzes Leben lang <strong>nicht<\/strong> vergessen.<\/p>\n","protected":false},"excerpt":{"rendered":"<p>Station 3.1 ist das Gleis\u00b7st\u00fcck zum SS-Lager. Der Bahn\u00b7hof Dachau hatte mehre Gleise. Ein Gleis hat direkt in das SS-Lager gef\u00fchrt. \u00dcber dieses Gleis konnten Z\u00fcge in das SS-Lager fahren. So wurden H\u00e4ftlinge direkt in das SS-Lager gebracht. 1984 wurde dieses Gleis entfernt. Aber ein St\u00fcck von dem Gleis ist heute noch da. Dieses St\u00fcck&#8230; <a class=\"view-article\" href=\"https:\/\/www.kz-gedenkstaette-dachau.de\/dels\/historischer-ort\/virtueller-rundgang-umgebung\/gleisstueck-zum-ss-lager\/\">Artikel anzeigen<\/a><\/p>\n","protected":false},"author":1,"featured_media":0,"parent":63718,"menu_order":310,"comment_status":"closed","ping_status":"closed","template":"page-virtueller_rundgang_unterseite.php","meta":{"_acf_changed":false,"footnotes":""},"class_list":["post-63735","page","type-page","status-publish","hentry"],"acf":[],"yoast_head":"<!-- This site is optimized with the Yoast SEO plugin v27.3 - https:\/\/yoast.com\/product\/yoast-seo-wordpress\/ -->\n<title>Gleis\u00b7st\u00fcck zum SS-Lager - KZ Gedenkst\u00e4tte Dachau<\/title>\n<meta name=\"robots\" content=\"index, follow, max-snippet:-1, max-image-preview:large, max-video-preview:-1\" \/>\n<link rel=\"canonical\" href=\"https:\/\/www.kz-gedenkstaette-dachau.de\/dels\/historischer-ort\/virtueller-rundgang-umgebung\/gleisstueck-zum-ss-lager\/\" \/>\n<meta property=\"og:locale\" content=\"en_US\" \/>\n<meta property=\"og:type\" content=\"article\" \/>\n<meta property=\"og:title\" content=\"Gleis\u00b7st\u00fcck zum SS-Lager - KZ Gedenkst\u00e4tte Dachau\" \/>\n<meta property=\"og:description\" content=\"Station 3.1 ist das Gleis\u00b7st\u00fcck zum SS-Lager. Der Bahn\u00b7hof Dachau hatte mehre Gleise. Ein Gleis hat direkt in das SS-Lager gef\u00fchrt. \u00dcber dieses Gleis konnten Z\u00fcge in das SS-Lager fahren. So wurden H\u00e4ftlinge direkt in das SS-Lager gebracht. 1984 wurde dieses Gleis entfernt. Aber ein St\u00fcck von dem Gleis ist heute noch da. Dieses St\u00fcck... Artikel anzeigen\" \/>\n<meta property=\"og:url\" content=\"https:\/\/www.kz-gedenkstaette-dachau.de\/dels\/historischer-ort\/virtueller-rundgang-umgebung\/gleisstueck-zum-ss-lager\/\" \/>\n<meta property=\"og:site_name\" content=\"KZ Gedenkst\u00e4tte Dachau\" \/>\n<meta property=\"article:modified_time\" content=\"2020-04-01T16:04:30+00:00\" \/>\n<meta property=\"og:image\" content=\"https:\/\/www.kz-gedenkstaette-dachau.de\/wp-content\/uploads\/2018\/11\/weg_des_erinnerns-250x147.jpg\" \/>\n<meta name=\"twitter:card\" content=\"summary_large_image\" \/>\n<meta name=\"twitter:label1\" content=\"Est. reading time\" \/>\n\t<meta name=\"twitter:data1\" content=\"1 minute\" \/>\n<script type=\"application\/ld+json\" class=\"yoast-schema-graph\">{\"@context\":\"https:\\\/\\\/schema.org\",\"@graph\":[{\"@type\":\"WebPage\",\"@id\":\"https:\\\/\\\/www.kz-gedenkstaette-dachau.de\\\/dels\\\/historischer-ort\\\/virtueller-rundgang-umgebung\\\/gleisstueck-zum-ss-lager\\\/\",\"url\":\"https:\\\/\\\/www.kz-gedenkstaette-dachau.de\\\/dels\\\/historischer-ort\\\/virtueller-rundgang-umgebung\\\/gleisstueck-zum-ss-lager\\\/\",\"name\":\"Gleis\u00b7st\u00fcck zum SS-Lager - KZ Gedenkst\u00e4tte Dachau\",\"isPartOf\":{\"@id\":\"https:\\\/\\\/www.kz-gedenkstaette-dachau.de\\\/#website\"},\"primaryImageOfPage\":{\"@id\":\"https:\\\/\\\/www.kz-gedenkstaette-dachau.de\\\/dels\\\/historischer-ort\\\/virtueller-rundgang-umgebung\\\/gleisstueck-zum-ss-lager\\\/#primaryimage\"},\"image\":{\"@id\":\"https:\\\/\\\/www.kz-gedenkstaette-dachau.de\\\/dels\\\/historischer-ort\\\/virtueller-rundgang-umgebung\\\/gleisstueck-zum-ss-lager\\\/#primaryimage\"},\"thumbnailUrl\":\"https:\\\/\\\/www.kz-gedenkstaette-dachau.de\\\/wp-content\\\/uploads\\\/2018\\\/11\\\/weg_des_erinnerns-250x147.jpg\",\"datePublished\":\"2018-11-19T14:33:52+00:00\",\"dateModified\":\"2020-04-01T16:04:30+00:00\",\"breadcrumb\":{\"@id\":\"https:\\\/\\\/www.kz-gedenkstaette-dachau.de\\\/dels\\\/historischer-ort\\\/virtueller-rundgang-umgebung\\\/gleisstueck-zum-ss-lager\\\/#breadcrumb\"},\"inLanguage\":\"ls-DE\",\"potentialAction\":[{\"@type\":\"ReadAction\",\"target\":[\"https:\\\/\\\/www.kz-gedenkstaette-dachau.de\\\/dels\\\/historischer-ort\\\/virtueller-rundgang-umgebung\\\/gleisstueck-zum-ss-lager\\\/\"]}]},{\"@type\":\"ImageObject\",\"inLanguage\":\"ls-DE\",\"@id\":\"https:\\\/\\\/www.kz-gedenkstaette-dachau.de\\\/dels\\\/historischer-ort\\\/virtueller-rundgang-umgebung\\\/gleisstueck-zum-ss-lager\\\/#primaryimage\",\"url\":\"https:\\\/\\\/www.kz-gedenkstaette-dachau.de\\\/wp-content\\\/uploads\\\/2018\\\/11\\\/weg_des_erinnerns-250x147.jpg\",\"contentUrl\":\"https:\\\/\\\/www.kz-gedenkstaette-dachau.de\\\/wp-content\\\/uploads\\\/2018\\\/11\\\/weg_des_erinnerns-250x147.jpg\"},{\"@type\":\"BreadcrumbList\",\"@id\":\"https:\\\/\\\/www.kz-gedenkstaette-dachau.de\\\/dels\\\/historischer-ort\\\/virtueller-rundgang-umgebung\\\/gleisstueck-zum-ss-lager\\\/#breadcrumb\",\"itemListElement\":[{\"@type\":\"ListItem\",\"position\":1,\"name\":\"Start\u00b7seite\",\"item\":\"https:\\\/\\\/www.kz-gedenkstaette-dachau.de\\\/dels\\\/\"},{\"@type\":\"ListItem\",\"position\":2,\"name\":\"Historischer Ort\",\"item\":\"https:\\\/\\\/www.kz-gedenkstaette-dachau.de\\\/dels\\\/historischer-ort\\\/\"},{\"@type\":\"ListItem\",\"position\":3,\"name\":\"Virtueller Rund\u00b7gang Umgebung\",\"item\":\"https:\\\/\\\/www.kz-gedenkstaette-dachau.de\\\/dels\\\/historischer-ort\\\/virtueller-rundgang-umgebung\\\/\"},{\"@type\":\"ListItem\",\"position\":4,\"name\":\"Gleis\u00b7st\u00fcck zum SS-Lager\"}]},{\"@type\":\"WebSite\",\"@id\":\"https:\\\/\\\/www.kz-gedenkstaette-dachau.de\\\/#website\",\"url\":\"https:\\\/\\\/www.kz-gedenkstaette-dachau.de\\\/\",\"name\":\"KZ Gedenkst\u00e4tte Dachau\",\"description\":\"\",\"potentialAction\":[{\"@type\":\"SearchAction\",\"target\":{\"@type\":\"EntryPoint\",\"urlTemplate\":\"https:\\\/\\\/www.kz-gedenkstaette-dachau.de\\\/?s={search_term_string}\"},\"query-input\":{\"@type\":\"PropertyValueSpecification\",\"valueRequired\":true,\"valueName\":\"search_term_string\"}}],\"inLanguage\":\"ls-DE\"}]}<\/script>\n<!-- \/ Yoast SEO plugin. -->","yoast_head_json":{"title":"Gleis\u00b7st\u00fcck zum SS-Lager - KZ Gedenkst\u00e4tte Dachau","robots":{"index":"index","follow":"follow","max-snippet":"max-snippet:-1","max-image-preview":"max-image-preview:large","max-video-preview":"max-video-preview:-1"},"canonical":"https:\/\/www.kz-gedenkstaette-dachau.de\/dels\/historischer-ort\/virtueller-rundgang-umgebung\/gleisstueck-zum-ss-lager\/","og_locale":"en_US","og_type":"article","og_title":"Gleis\u00b7st\u00fcck zum SS-Lager - KZ Gedenkst\u00e4tte Dachau","og_description":"Station 3.1 ist das Gleis\u00b7st\u00fcck zum SS-Lager. Der Bahn\u00b7hof Dachau hatte mehre Gleise. Ein Gleis hat direkt in das SS-Lager gef\u00fchrt. \u00dcber dieses Gleis konnten Z\u00fcge in das SS-Lager fahren. So wurden H\u00e4ftlinge direkt in das SS-Lager gebracht. 1984 wurde dieses Gleis entfernt. Aber ein St\u00fcck von dem Gleis ist heute noch da. Dieses St\u00fcck... Artikel anzeigen","og_url":"https:\/\/www.kz-gedenkstaette-dachau.de\/dels\/historischer-ort\/virtueller-rundgang-umgebung\/gleisstueck-zum-ss-lager\/","og_site_name":"KZ Gedenkst\u00e4tte Dachau","article_modified_time":"2020-04-01T16:04:30+00:00","og_image":[{"url":"https:\/\/www.kz-gedenkstaette-dachau.de\/wp-content\/uploads\/2018\/11\/weg_des_erinnerns-250x147.jpg","type":"","width":"","height":""}],"twitter_card":"summary_large_image","twitter_misc":{"Est. reading time":"1 minute"},"schema":{"@context":"https:\/\/schema.org","@graph":[{"@type":"WebPage","@id":"https:\/\/www.kz-gedenkstaette-dachau.de\/dels\/historischer-ort\/virtueller-rundgang-umgebung\/gleisstueck-zum-ss-lager\/","url":"https:\/\/www.kz-gedenkstaette-dachau.de\/dels\/historischer-ort\/virtueller-rundgang-umgebung\/gleisstueck-zum-ss-lager\/","name":"Gleis\u00b7st\u00fcck zum SS-Lager - KZ Gedenkst\u00e4tte Dachau","isPartOf":{"@id":"https:\/\/www.kz-gedenkstaette-dachau.de\/#website"},"primaryImageOfPage":{"@id":"https:\/\/www.kz-gedenkstaette-dachau.de\/dels\/historischer-ort\/virtueller-rundgang-umgebung\/gleisstueck-zum-ss-lager\/#primaryimage"},"image":{"@id":"https:\/\/www.kz-gedenkstaette-dachau.de\/dels\/historischer-ort\/virtueller-rundgang-umgebung\/gleisstueck-zum-ss-lager\/#primaryimage"},"thumbnailUrl":"https:\/\/www.kz-gedenkstaette-dachau.de\/wp-content\/uploads\/2018\/11\/weg_des_erinnerns-250x147.jpg","datePublished":"2018-11-19T14:33:52+00:00","dateModified":"2020-04-01T16:04:30+00:00","breadcrumb":{"@id":"https:\/\/www.kz-gedenkstaette-dachau.de\/dels\/historischer-ort\/virtueller-rundgang-umgebung\/gleisstueck-zum-ss-lager\/#breadcrumb"},"inLanguage":"ls-DE","potentialAction":[{"@type":"ReadAction","target":["https:\/\/www.kz-gedenkstaette-dachau.de\/dels\/historischer-ort\/virtueller-rundgang-umgebung\/gleisstueck-zum-ss-lager\/"]}]},{"@type":"ImageObject","inLanguage":"ls-DE","@id":"https:\/\/www.kz-gedenkstaette-dachau.de\/dels\/historischer-ort\/virtueller-rundgang-umgebung\/gleisstueck-zum-ss-lager\/#primaryimage","url":"https:\/\/www.kz-gedenkstaette-dachau.de\/wp-content\/uploads\/2018\/11\/weg_des_erinnerns-250x147.jpg","contentUrl":"https:\/\/www.kz-gedenkstaette-dachau.de\/wp-content\/uploads\/2018\/11\/weg_des_erinnerns-250x147.jpg"},{"@type":"BreadcrumbList","@id":"https:\/\/www.kz-gedenkstaette-dachau.de\/dels\/historischer-ort\/virtueller-rundgang-umgebung\/gleisstueck-zum-ss-lager\/#breadcrumb","itemListElement":[{"@type":"ListItem","position":1,"name":"Start\u00b7seite","item":"https:\/\/www.kz-gedenkstaette-dachau.de\/dels\/"},{"@type":"ListItem","position":2,"name":"Historischer Ort","item":"https:\/\/www.kz-gedenkstaette-dachau.de\/dels\/historischer-ort\/"},{"@type":"ListItem","position":3,"name":"Virtueller Rund\u00b7gang Umgebung","item":"https:\/\/www.kz-gedenkstaette-dachau.de\/dels\/historischer-ort\/virtueller-rundgang-umgebung\/"},{"@type":"ListItem","position":4,"name":"Gleis\u00b7st\u00fcck zum SS-Lager"}]},{"@type":"WebSite","@id":"https:\/\/www.kz-gedenkstaette-dachau.de\/#website","url":"https:\/\/www.kz-gedenkstaette-dachau.de\/","name":"KZ Gedenkst\u00e4tte Dachau","description":"","potentialAction":[{"@type":"SearchAction","target":{"@type":"EntryPoint","urlTemplate":"https:\/\/www.kz-gedenkstaette-dachau.de\/?s={search_term_string}"},"query-input":{"@type":"PropertyValueSpecification","valueRequired":true,"valueName":"search_term_string"}}],"inLanguage":"ls-DE"}]}},"_links":{"self":[{"href":"https:\/\/www.kz-gedenkstaette-dachau.de\/dels\/wp-json\/wp\/v2\/pages\/63735","targetHints":{"allow":["GET"]}}],"collection":[{"href":"https:\/\/www.kz-gedenkstaette-dachau.de\/dels\/wp-json\/wp\/v2\/pages"}],"about":[{"href":"https:\/\/www.kz-gedenkstaette-dachau.de\/dels\/wp-json\/wp\/v2\/types\/page"}],"author":[{"embeddable":true,"href":"https:\/\/www.kz-gedenkstaette-dachau.de\/dels\/wp-json\/wp\/v2\/users\/1"}],"replies":[{"embeddable":true,"href":"https:\/\/www.kz-gedenkstaette-dachau.de\/dels\/wp-json\/wp\/v2\/comments?post=63735"}],"version-history":[{"count":0,"href":"https:\/\/www.kz-gedenkstaette-dachau.de\/dels\/wp-json\/wp\/v2\/pages\/63735\/revisions"}],"up":[{"embeddable":true,"href":"https:\/\/www.kz-gedenkstaette-dachau.de\/dels\/wp-json\/wp\/v2\/pages\/63718"}],"wp:attachment":[{"href":"https:\/\/www.kz-gedenkstaette-dachau.de\/dels\/wp-json\/wp\/v2\/media?parent=63735"}],"curies":[{"name":"wp","href":"https:\/\/api.w.org\/{rel}","templated":true}]}}