{"id":63739,"date":"2018-11-19T15:36:41","date_gmt":"2018-11-19T14:36:41","guid":{"rendered":"https:\/\/www.kz-gedenkstaette-dachau.de\/historischer-ort\/virtueller-rundgang-umgebung\/ss-siedlung\/"},"modified":"2020-04-01T18:11:08","modified_gmt":"2020-04-01T16:11:08","slug":"ss-siedlung","status":"publish","type":"page","link":"https:\/\/www.kz-gedenkstaette-dachau.de\/dels\/historischer-ort\/virtueller-rundgang-umgebung\/ss-siedlung\/","title":{"rendered":"SS-Siedlung"},"content":{"rendered":"<div id=\"attachment_63740\" style=\"width: 710px\" class=\"wp-caption alignnone\"><img loading=\"lazy\" decoding=\"async\" aria-describedby=\"caption-attachment-63740\" class=\"wp-image-63740\" src=\"https:\/\/www.kz-gedenkstaette-dachau.de\/wp-content\/uploads\/2018\/11\/dienstgebaeude_bereitschaftspolizei-250x147.jpg\" alt=\"Hinten: Die ehemalige SS-Siedlung. Rechts vorne: Informations\u00b7tafel 7 vom Weg des Erinnerns. Das Foto ist von 2017. (KZ-Gedenk\u00b7st\u00e4tte Dachau)\" width=\"700\" height=\"413\" srcset=\"https:\/\/www.kz-gedenkstaette-dachau.de\/wp-content\/uploads\/2018\/11\/dienstgebaeude_bereitschaftspolizei-250x147.jpg 250w, https:\/\/www.kz-gedenkstaette-dachau.de\/wp-content\/uploads\/2018\/11\/dienstgebaeude_bereitschaftspolizei-768x453.jpg 768w, https:\/\/www.kz-gedenkstaette-dachau.de\/wp-content\/uploads\/2018\/11\/dienstgebaeude_bereitschaftspolizei-700x413.jpg 700w, https:\/\/www.kz-gedenkstaette-dachau.de\/wp-content\/uploads\/2018\/11\/dienstgebaeude_bereitschaftspolizei-120x71.jpg 120w, https:\/\/www.kz-gedenkstaette-dachau.de\/wp-content\/uploads\/2018\/11\/dienstgebaeude_bereitschaftspolizei.jpg 1120w\" sizes=\"auto, (max-width: 700px) 100vw, 700px\" \/><p id=\"caption-attachment-63740\" class=\"wp-caption-text\"><small>Hinten: Die ehemalige SS-Siedlung.<br \/>Rechts vorne: Informations\u00b7tafel 7 vom Weg des Erinnerns.<br \/>Das Foto ist von 2017.<br \/>(KZ-Gedenk\u00b7st\u00e4tte Dachau)<small><\/p><\/div>\n<p>Station 3.2 ist die SS-Siedlung.<\/p>\n<p><strong>Die SS-Siedlung fr\u00fcher<\/strong><br \/>\nS\u00fcdlich vom SS-Lager war fr\u00fcher eine SS-Siedlung.<br \/>\nDiese Siedlung war an einer Stra\u00dfe.<br \/>\nDiese Stra\u00dfe hatte fr\u00fcher den Namen: Stra\u00dfe der <span style=\"color: #cc1800;\"><strong title=\"SS ist die Abk\u00fcrzung f\u00fcr Schutz\u00b7staffel. Die SS hat zu der NSDAP geh\u00f6rt. Die SS hat die die KZ kontrolliert. Und die SS hat die H\u00e4ftlinge im KZ bewacht. Viele europ\u00e4ische Juden sind in Vernichtungs\u00b7lagern get\u00f6tet worden. Und viele europ\u00e4ische Roma und Sinti sind in Vernichtungs\u00b7lagern get\u00f6tet worden. Das hat die SS organisiert. Truppen von der SS haben auch im 2. Welt\u00b7krieg gek\u00e4mpft. Diese Truppen waren besonders brutal. Die Truppen haben gegen Widerstands\u00b7k\u00e4mpfer gek\u00e4mpft. Die Widerstands\u00b7k\u00e4mpfer waren gegen die Nazis. Und gegen die Zivil\u00b7bev\u00f6lkerung. Die Zivil\u00b7bev\u00f6lkerung k\u00e4mpft nicht im Krieg mit. Die SS hat viele Menschen ermordet.\">SS<\/strong><\/span>.<br \/>\nDiese Stra\u00dfe hei\u00dft heute: Stra\u00dfe der KZ-Opfer.<br \/>\nAn dieser Stra\u00dfe waren viele Villen.<br \/>\nEine Villa ist ein gro\u00dfes Haus.<br \/>\nDiese Villen wurden schon im 1. Welt\u00b7krieg gebaut.<br \/>\nDer 1. Weltkrieg war <strong>von 1914 bis 1918<\/strong>.<br \/>\nEigentlich haben die Villen zu der ehemaligen Muntions\u00b7fabrik geh\u00f6rt.<br \/>\nEin Teil vom <span style=\"color: #cc1800;\"><strong title=\"KZ ist die Abk\u00fcrzung f\u00fcr Konzentrations\u00b7lager.\">KZ<\/strong><\/span> Dachau war auf dem Gel\u00e4nde<br \/>\nvon der ehemaligen Munitions\u00b7fabrik.<br \/>\nDie Nazis haben die Villen als Wohn\u00b7h\u00e4user benutzt.<br \/>\nIn diesen Wohn\u00b7h\u00e4usern haben <span style=\"color: #cc1800;\"><strong title=\"Viele SS-M\u00e4nner haben im KZ gearbeitet. Diese SS-M\u00e4nner hatten den Namen: Lager-SS. Die Lager-SS war zust\u00e4ndig f\u00fcr die Organisation des H\u00e4ftlings\u00b7lagers. Die Lager-SS hat die H\u00e4ftlinge bewacht. Und die H\u00e4ftlinge bestraft. Die Lager-SS hat auch viele H\u00e4ftlinge miss\u00b7handelt. Und viele H\u00e4ftlinge get\u00f6tet.\">SS-M\u00e4nner<\/strong><\/span> gelebt.<br \/>\nDiese SS-M\u00e4nner haben dort mit ihren Familien gelebt.<br \/>\nDie SS-Siedlung war \u00f6ffentlich.<br \/>\nDas hei\u00dft:<br \/>\nDie SS-Siedlung hatte <strong>keinen<\/strong> Zaun.<br \/>\nDie SS-Siedlung war also wie eine normale Siedlung.<\/p>\n<p><strong>Die ehemalige SS-Siedlung nach dem <span style=\"color: #cc1800;\"><strong title=\"Der 2. Welt\u00b7krieg war von 1939 bis 1945. Das NS-Regime hat den 2. Welt\u00b7krieg angefangen. Das NS-Regime hat n\u00e4mlich andere L\u00e4nder angegriffen. Und andere L\u00e4nder besetzt. Am 2. Welt\u00b7krieg waren viele L\u00e4nder in Europa beteiligt. Und viele L\u00e4nder aus der ganzen Welt. Der 2. Welt\u00b7krieg war der schlimmste Krieg der Geschichte. Sehr viele Menschen sind im 2. Welt\u00b7krieg gestorben. Es waren mehrere Millionen Menschen.\">2. Welt\u00b7krieg<\/strong><\/span><\/strong><br \/>\nAm <strong>29. April 1945<\/strong> wurde das KZ Dachau befreit.<br \/>\nDie US-Armee hat das KZ befreit.<br \/>\nDann hat die US-Armee<br \/>\ndas KZ als <span style=\"color: #cc1800;\"><strong title=\"Nach dem 2. Welt\u00b7krieg hat die US-Armee das Gel\u00e4nde vom KZ Dachau \u00fcbernommen. Ab Juli 1945 hat US-Armee das ehemalige KZ als Internierungs\u00b7lager genutzt. Das Internierungs\u00b7lager war ein besonderes Gef\u00e4ngnis. In diesem Gef\u00e4ngnis hat die US-Armee nur bestimmte Menschen eingesperrt. Diese Menschen waren zum Beispiel: \u2022 Mitglieder von der NSDAP \u2022 SS-M\u00e4nner Die US-Armee wollte die NSDAP aufl\u00f6sen. Und die US-Armee wollte die Verbrechen von den Nazis aufkl\u00e4ren. Und die Verbrecher bestrafen.\">Internierungs\u00b7lager<\/strong><\/span> benutzt.<br \/>\nUnd die US-Armee hat auch die H\u00e4user<br \/>\nvon der ehemaligen SS-Siedlung benutzt.<br \/>\nHeute gibt es nur noch einige H\u00e4user von der ehemaligen SS-Siedlung.<br \/>\nIn diesen H\u00e4usern arbeitet die Bayerische Bereitschafts\u00b7polizei.<br \/>\nDie Bayerische Bereitschafts\u00b7polizei<br \/>\nist zum Beispiel zust\u00e4ndig f\u00fcr die Ausbildung von Polizisten.<br \/>\nAn den H\u00e4usern gibt es eine Informations\u00b7tafel.<br \/>\nDiese Informations\u00b7tafel geh\u00f6rt zum Weg des Erinnerns.<br \/>\nEs ist die Informations\u00b7tafel 7.<br \/>\nDiese Informations\u00b7tafel erz\u00e4hlt die Geschichte von den H\u00e4usern.<\/p>\n<p><strong>Der Theodor-Eicke-Platz<\/strong><br \/>\nFr\u00fcher hat es den Theodor-Eicke-Platz geben.<br \/>\nDer Platz wurde nach Theodor Eicke benannt.<br \/>\nTheodor Eicke war der 2. Lager\u00b7kommandant vom KZ Dachau.<br \/>\nDer Lager\u00b7kommandant war der Chef vom KZ Dachau.<br \/>\nDer Theodor-Eicke-Platz hatte viele Geb\u00e4ude:<\/p>\n<ul>\n<li>Wohn\u00b7h\u00e4user<\/li>\n<li>Eine B\u00e4ckerei<\/li>\n<li>Einen Laden<\/li>\n<li>Eine Gast\u00b7wirtschaft<\/li>\n<li>Eine Post<\/li>\n<li>Ein Gemein\u00b7schafts\u00b7haus<br \/>\nIn dem Gemeinschafts\u00b7haus waren Veranstaltungs\u00b7r\u00e4ume.<\/li>\n<\/ul>\n<p><span style=\"color: #cc1800;\"><strong title=\"H\u00e4ftling ist ein anderes Wort f\u00fcr Gefangener.\">H\u00e4ftlinge<\/strong><\/span> aus dem KZ haben den Theodor-Ecke-Platz gebaut.<\/p>\n<p>Heute gibt es den Theodor-Ecke-Platz <strong>nicht<\/strong> mehr.<br \/>\nHeute ist an dem Ort eine Stra\u00dfe.<br \/>\nDie Stra\u00dfe hei\u00dft: Pater-Roth-Stra\u00dfe.<br \/>\nUnd an dem Ort sind neue Wohn\u00b7h\u00e4user.<\/p>\n","protected":false},"excerpt":{"rendered":"<p>Station 3.2 ist die SS-Siedlung. Die SS-Siedlung fr\u00fcher S\u00fcdlich vom SS-Lager war fr\u00fcher eine SS-Siedlung. Diese Siedlung war an einer Stra\u00dfe. Diese Stra\u00dfe hatte fr\u00fcher den Namen: Stra\u00dfe der SS. Diese Stra\u00dfe hei\u00dft heute: Stra\u00dfe der KZ-Opfer. An dieser Stra\u00dfe waren viele Villen. Eine Villa ist ein gro\u00dfes Haus. Diese Villen wurden schon im 1&#8230;. <a class=\"view-article\" href=\"https:\/\/www.kz-gedenkstaette-dachau.de\/dels\/historischer-ort\/virtueller-rundgang-umgebung\/ss-siedlung\/\">Artikel anzeigen<\/a><\/p>\n","protected":false},"author":1,"featured_media":0,"parent":63718,"menu_order":320,"comment_status":"closed","ping_status":"closed","template":"page-virtueller_rundgang_unterseite.php","meta":{"_acf_changed":false,"footnotes":""},"class_list":["post-63739","page","type-page","status-publish","hentry"],"acf":[],"yoast_head":"<!-- This site is optimized with the Yoast SEO plugin v27.4 - https:\/\/yoast.com\/product\/yoast-seo-wordpress\/ -->\n<title>SS-Siedlung - KZ Gedenkst\u00e4tte Dachau<\/title>\n<meta name=\"robots\" content=\"index, follow, max-snippet:-1, max-image-preview:large, max-video-preview:-1\" \/>\n<link rel=\"canonical\" href=\"https:\/\/www.kz-gedenkstaette-dachau.de\/dels\/historischer-ort\/virtueller-rundgang-umgebung\/ss-siedlung\/\" \/>\n<meta property=\"og:locale\" content=\"en_US\" \/>\n<meta property=\"og:type\" content=\"article\" \/>\n<meta property=\"og:title\" content=\"SS-Siedlung - KZ Gedenkst\u00e4tte Dachau\" \/>\n<meta property=\"og:description\" content=\"Station 3.2 ist die SS-Siedlung. Die SS-Siedlung fr\u00fcher S\u00fcdlich vom SS-Lager war fr\u00fcher eine SS-Siedlung. Diese Siedlung war an einer Stra\u00dfe. Diese Stra\u00dfe hatte fr\u00fcher den Namen: Stra\u00dfe der SS. Diese Stra\u00dfe hei\u00dft heute: Stra\u00dfe der KZ-Opfer. An dieser Stra\u00dfe waren viele Villen. Eine Villa ist ein gro\u00dfes Haus. Diese Villen wurden schon im 1.... Artikel anzeigen\" \/>\n<meta property=\"og:url\" content=\"https:\/\/www.kz-gedenkstaette-dachau.de\/dels\/historischer-ort\/virtueller-rundgang-umgebung\/ss-siedlung\/\" \/>\n<meta property=\"og:site_name\" content=\"KZ Gedenkst\u00e4tte Dachau\" \/>\n<meta property=\"article:modified_time\" content=\"2020-04-01T16:11:08+00:00\" \/>\n<meta property=\"og:image\" content=\"https:\/\/www.kz-gedenkstaette-dachau.de\/wp-content\/uploads\/2018\/11\/dienstgebaeude_bereitschaftspolizei-250x147.jpg\" \/>\n<meta name=\"twitter:card\" content=\"summary_large_image\" \/>\n<meta name=\"twitter:label1\" content=\"Est. reading time\" \/>\n\t<meta name=\"twitter:data1\" content=\"2 minutes\" \/>\n<script type=\"application\/ld+json\" class=\"yoast-schema-graph\">{\"@context\":\"https:\\\/\\\/schema.org\",\"@graph\":[{\"@type\":\"WebPage\",\"@id\":\"https:\\\/\\\/www.kz-gedenkstaette-dachau.de\\\/dels\\\/historischer-ort\\\/virtueller-rundgang-umgebung\\\/ss-siedlung\\\/\",\"url\":\"https:\\\/\\\/www.kz-gedenkstaette-dachau.de\\\/dels\\\/historischer-ort\\\/virtueller-rundgang-umgebung\\\/ss-siedlung\\\/\",\"name\":\"SS-Siedlung - KZ Gedenkst\u00e4tte Dachau\",\"isPartOf\":{\"@id\":\"https:\\\/\\\/www.kz-gedenkstaette-dachau.de\\\/#website\"},\"primaryImageOfPage\":{\"@id\":\"https:\\\/\\\/www.kz-gedenkstaette-dachau.de\\\/dels\\\/historischer-ort\\\/virtueller-rundgang-umgebung\\\/ss-siedlung\\\/#primaryimage\"},\"image\":{\"@id\":\"https:\\\/\\\/www.kz-gedenkstaette-dachau.de\\\/dels\\\/historischer-ort\\\/virtueller-rundgang-umgebung\\\/ss-siedlung\\\/#primaryimage\"},\"thumbnailUrl\":\"https:\\\/\\\/www.kz-gedenkstaette-dachau.de\\\/wp-content\\\/uploads\\\/2018\\\/11\\\/dienstgebaeude_bereitschaftspolizei-250x147.jpg\",\"datePublished\":\"2018-11-19T14:36:41+00:00\",\"dateModified\":\"2020-04-01T16:11:08+00:00\",\"breadcrumb\":{\"@id\":\"https:\\\/\\\/www.kz-gedenkstaette-dachau.de\\\/dels\\\/historischer-ort\\\/virtueller-rundgang-umgebung\\\/ss-siedlung\\\/#breadcrumb\"},\"inLanguage\":\"ls-DE\",\"potentialAction\":[{\"@type\":\"ReadAction\",\"target\":[\"https:\\\/\\\/www.kz-gedenkstaette-dachau.de\\\/dels\\\/historischer-ort\\\/virtueller-rundgang-umgebung\\\/ss-siedlung\\\/\"]}]},{\"@type\":\"ImageObject\",\"inLanguage\":\"ls-DE\",\"@id\":\"https:\\\/\\\/www.kz-gedenkstaette-dachau.de\\\/dels\\\/historischer-ort\\\/virtueller-rundgang-umgebung\\\/ss-siedlung\\\/#primaryimage\",\"url\":\"https:\\\/\\\/www.kz-gedenkstaette-dachau.de\\\/wp-content\\\/uploads\\\/2018\\\/11\\\/dienstgebaeude_bereitschaftspolizei-250x147.jpg\",\"contentUrl\":\"https:\\\/\\\/www.kz-gedenkstaette-dachau.de\\\/wp-content\\\/uploads\\\/2018\\\/11\\\/dienstgebaeude_bereitschaftspolizei-250x147.jpg\"},{\"@type\":\"BreadcrumbList\",\"@id\":\"https:\\\/\\\/www.kz-gedenkstaette-dachau.de\\\/dels\\\/historischer-ort\\\/virtueller-rundgang-umgebung\\\/ss-siedlung\\\/#breadcrumb\",\"itemListElement\":[{\"@type\":\"ListItem\",\"position\":1,\"name\":\"Start\u00b7seite\",\"item\":\"https:\\\/\\\/www.kz-gedenkstaette-dachau.de\\\/dels\\\/\"},{\"@type\":\"ListItem\",\"position\":2,\"name\":\"Historischer Ort\",\"item\":\"https:\\\/\\\/www.kz-gedenkstaette-dachau.de\\\/dels\\\/historischer-ort\\\/\"},{\"@type\":\"ListItem\",\"position\":3,\"name\":\"Virtueller Rund\u00b7gang Umgebung\",\"item\":\"https:\\\/\\\/www.kz-gedenkstaette-dachau.de\\\/dels\\\/historischer-ort\\\/virtueller-rundgang-umgebung\\\/\"},{\"@type\":\"ListItem\",\"position\":4,\"name\":\"SS-Siedlung\"}]},{\"@type\":\"WebSite\",\"@id\":\"https:\\\/\\\/www.kz-gedenkstaette-dachau.de\\\/#website\",\"url\":\"https:\\\/\\\/www.kz-gedenkstaette-dachau.de\\\/\",\"name\":\"KZ Gedenkst\u00e4tte Dachau\",\"description\":\"\",\"potentialAction\":[{\"@type\":\"SearchAction\",\"target\":{\"@type\":\"EntryPoint\",\"urlTemplate\":\"https:\\\/\\\/www.kz-gedenkstaette-dachau.de\\\/?s={search_term_string}\"},\"query-input\":{\"@type\":\"PropertyValueSpecification\",\"valueRequired\":true,\"valueName\":\"search_term_string\"}}],\"inLanguage\":\"ls-DE\"}]}<\/script>\n<!-- \/ Yoast SEO plugin. -->","yoast_head_json":{"title":"SS-Siedlung - KZ Gedenkst\u00e4tte Dachau","robots":{"index":"index","follow":"follow","max-snippet":"max-snippet:-1","max-image-preview":"max-image-preview:large","max-video-preview":"max-video-preview:-1"},"canonical":"https:\/\/www.kz-gedenkstaette-dachau.de\/dels\/historischer-ort\/virtueller-rundgang-umgebung\/ss-siedlung\/","og_locale":"en_US","og_type":"article","og_title":"SS-Siedlung - KZ Gedenkst\u00e4tte Dachau","og_description":"Station 3.2 ist die SS-Siedlung. Die SS-Siedlung fr\u00fcher S\u00fcdlich vom SS-Lager war fr\u00fcher eine SS-Siedlung. Diese Siedlung war an einer Stra\u00dfe. Diese Stra\u00dfe hatte fr\u00fcher den Namen: Stra\u00dfe der SS. Diese Stra\u00dfe hei\u00dft heute: Stra\u00dfe der KZ-Opfer. An dieser Stra\u00dfe waren viele Villen. Eine Villa ist ein gro\u00dfes Haus. Diese Villen wurden schon im 1.... Artikel anzeigen","og_url":"https:\/\/www.kz-gedenkstaette-dachau.de\/dels\/historischer-ort\/virtueller-rundgang-umgebung\/ss-siedlung\/","og_site_name":"KZ Gedenkst\u00e4tte Dachau","article_modified_time":"2020-04-01T16:11:08+00:00","og_image":[{"url":"https:\/\/www.kz-gedenkstaette-dachau.de\/wp-content\/uploads\/2018\/11\/dienstgebaeude_bereitschaftspolizei-250x147.jpg","type":"","width":"","height":""}],"twitter_card":"summary_large_image","twitter_misc":{"Est. reading time":"2 minutes"},"schema":{"@context":"https:\/\/schema.org","@graph":[{"@type":"WebPage","@id":"https:\/\/www.kz-gedenkstaette-dachau.de\/dels\/historischer-ort\/virtueller-rundgang-umgebung\/ss-siedlung\/","url":"https:\/\/www.kz-gedenkstaette-dachau.de\/dels\/historischer-ort\/virtueller-rundgang-umgebung\/ss-siedlung\/","name":"SS-Siedlung - KZ Gedenkst\u00e4tte Dachau","isPartOf":{"@id":"https:\/\/www.kz-gedenkstaette-dachau.de\/#website"},"primaryImageOfPage":{"@id":"https:\/\/www.kz-gedenkstaette-dachau.de\/dels\/historischer-ort\/virtueller-rundgang-umgebung\/ss-siedlung\/#primaryimage"},"image":{"@id":"https:\/\/www.kz-gedenkstaette-dachau.de\/dels\/historischer-ort\/virtueller-rundgang-umgebung\/ss-siedlung\/#primaryimage"},"thumbnailUrl":"https:\/\/www.kz-gedenkstaette-dachau.de\/wp-content\/uploads\/2018\/11\/dienstgebaeude_bereitschaftspolizei-250x147.jpg","datePublished":"2018-11-19T14:36:41+00:00","dateModified":"2020-04-01T16:11:08+00:00","breadcrumb":{"@id":"https:\/\/www.kz-gedenkstaette-dachau.de\/dels\/historischer-ort\/virtueller-rundgang-umgebung\/ss-siedlung\/#breadcrumb"},"inLanguage":"ls-DE","potentialAction":[{"@type":"ReadAction","target":["https:\/\/www.kz-gedenkstaette-dachau.de\/dels\/historischer-ort\/virtueller-rundgang-umgebung\/ss-siedlung\/"]}]},{"@type":"ImageObject","inLanguage":"ls-DE","@id":"https:\/\/www.kz-gedenkstaette-dachau.de\/dels\/historischer-ort\/virtueller-rundgang-umgebung\/ss-siedlung\/#primaryimage","url":"https:\/\/www.kz-gedenkstaette-dachau.de\/wp-content\/uploads\/2018\/11\/dienstgebaeude_bereitschaftspolizei-250x147.jpg","contentUrl":"https:\/\/www.kz-gedenkstaette-dachau.de\/wp-content\/uploads\/2018\/11\/dienstgebaeude_bereitschaftspolizei-250x147.jpg"},{"@type":"BreadcrumbList","@id":"https:\/\/www.kz-gedenkstaette-dachau.de\/dels\/historischer-ort\/virtueller-rundgang-umgebung\/ss-siedlung\/#breadcrumb","itemListElement":[{"@type":"ListItem","position":1,"name":"Start\u00b7seite","item":"https:\/\/www.kz-gedenkstaette-dachau.de\/dels\/"},{"@type":"ListItem","position":2,"name":"Historischer Ort","item":"https:\/\/www.kz-gedenkstaette-dachau.de\/dels\/historischer-ort\/"},{"@type":"ListItem","position":3,"name":"Virtueller Rund\u00b7gang Umgebung","item":"https:\/\/www.kz-gedenkstaette-dachau.de\/dels\/historischer-ort\/virtueller-rundgang-umgebung\/"},{"@type":"ListItem","position":4,"name":"SS-Siedlung"}]},{"@type":"WebSite","@id":"https:\/\/www.kz-gedenkstaette-dachau.de\/#website","url":"https:\/\/www.kz-gedenkstaette-dachau.de\/","name":"KZ Gedenkst\u00e4tte Dachau","description":"","potentialAction":[{"@type":"SearchAction","target":{"@type":"EntryPoint","urlTemplate":"https:\/\/www.kz-gedenkstaette-dachau.de\/?s={search_term_string}"},"query-input":{"@type":"PropertyValueSpecification","valueRequired":true,"valueName":"search_term_string"}}],"inLanguage":"ls-DE"}]}},"_links":{"self":[{"href":"https:\/\/www.kz-gedenkstaette-dachau.de\/dels\/wp-json\/wp\/v2\/pages\/63739","targetHints":{"allow":["GET"]}}],"collection":[{"href":"https:\/\/www.kz-gedenkstaette-dachau.de\/dels\/wp-json\/wp\/v2\/pages"}],"about":[{"href":"https:\/\/www.kz-gedenkstaette-dachau.de\/dels\/wp-json\/wp\/v2\/types\/page"}],"author":[{"embeddable":true,"href":"https:\/\/www.kz-gedenkstaette-dachau.de\/dels\/wp-json\/wp\/v2\/users\/1"}],"replies":[{"embeddable":true,"href":"https:\/\/www.kz-gedenkstaette-dachau.de\/dels\/wp-json\/wp\/v2\/comments?post=63739"}],"version-history":[{"count":0,"href":"https:\/\/www.kz-gedenkstaette-dachau.de\/dels\/wp-json\/wp\/v2\/pages\/63739\/revisions"}],"up":[{"embeddable":true,"href":"https:\/\/www.kz-gedenkstaette-dachau.de\/dels\/wp-json\/wp\/v2\/pages\/63718"}],"wp:attachment":[{"href":"https:\/\/www.kz-gedenkstaette-dachau.de\/dels\/wp-json\/wp\/v2\/media?parent=63739"}],"curies":[{"name":"wp","href":"https:\/\/api.w.org\/{rel}","templated":true}]}}