{"id":63743,"date":"2018-11-19T15:38:46","date_gmt":"2018-11-19T14:38:46","guid":{"rendered":"https:\/\/www.kz-gedenkstaette-dachau.de\/historischer-ort\/virtueller-rundgang-umgebung\/kz-ehrenfriedhof-leitenberg\/"},"modified":"2020-04-01T18:14:21","modified_gmt":"2020-04-01T16:14:21","slug":"kz-ehrenfriedhof-leitenberg","status":"publish","type":"page","link":"https:\/\/www.kz-gedenkstaette-dachau.de\/dels\/historischer-ort\/virtueller-rundgang-umgebung\/kz-ehrenfriedhof-leitenberg\/","title":{"rendered":"KZ-Ehren\u00b7fried\u00b7hof Leitenberg"},"content":{"rendered":"<div id=\"attachment_63744\" style=\"width: 710px\" class=\"wp-caption alignnone\"><img loading=\"lazy\" decoding=\"async\" aria-describedby=\"caption-attachment-63744\" class=\"wp-image-63744\" src=\"https:\/\/www.kz-gedenkstaette-dachau.de\/wp-content\/uploads\/2018\/11\/leitenberg_kreuz-250x147.jpg\" alt=\"Kreuz auf dem KZ-Ehren\u00b7friedhof Leitenberg. Das Kreuz wurde 1949 aufgestellt. Das Foto ist von 2017. (KZ-Gedenk\u00b7st\u00e4tte Dachau)\" width=\"700\" height=\"413\" srcset=\"https:\/\/www.kz-gedenkstaette-dachau.de\/wp-content\/uploads\/2018\/11\/leitenberg_kreuz-250x147.jpg 250w, https:\/\/www.kz-gedenkstaette-dachau.de\/wp-content\/uploads\/2018\/11\/leitenberg_kreuz-768x453.jpg 768w, https:\/\/www.kz-gedenkstaette-dachau.de\/wp-content\/uploads\/2018\/11\/leitenberg_kreuz-700x413.jpg 700w, https:\/\/www.kz-gedenkstaette-dachau.de\/wp-content\/uploads\/2018\/11\/leitenberg_kreuz-120x71.jpg 120w, https:\/\/www.kz-gedenkstaette-dachau.de\/wp-content\/uploads\/2018\/11\/leitenberg_kreuz.jpg 1120w\" sizes=\"auto, (max-width: 700px) 100vw, 700px\" \/><p id=\"caption-attachment-63744\" class=\"wp-caption-text\"><small>Kreuz auf dem KZ-Ehren\u00b7friedhof Leitenberg.<br \/>Das Kreuz wurde 1949 aufgestellt.<br \/>Das Foto ist von 2017.<br \/>(KZ-Gedenk\u00b7st\u00e4tte Dachau)<small><\/p><\/div>\n<p>Station 4 ist der KZ-Ehren\u00b7fried\u00b7hof Leitenberg.<\/p>\n<p><strong>Der Leitenberg 1945<\/strong><br \/>\nIn dem <span style=\"color: #cc1800;\"><strong title=\"KZ ist die Abk\u00fcrzung f\u00fcr Konzentrations\u00b7lager.\">KZ<\/strong><\/span> Dachau waren 2 Krematorien.<br \/>\nIn einem Krematorium werden tote Menschen verbrannt.<br \/>\n<strong>Ab Februar 1945<\/strong> wurden die Krematorien <strong>nicht <\/strong>mehr benutzt.<br \/>\nEs gab n\u00e4mlich <strong>keine<\/strong> Kohle mehr.<br \/>\nOhne Kohle funktioniert ein Krematorium <strong>nicht<\/strong>.<br \/>\nEs konnten <strong>keine <\/strong>toten <span style=\"color: #cc1800;\"><strong title=\"H\u00e4ftling ist ein anderes Wort f\u00fcr Gefangener.\">H\u00e4ftlinge<\/strong><\/span> mehr verbrannt werden.<br \/>\nTote Menschen nennt man auch: Leichen.<\/p>\n<p>Deshalb mussten H\u00e4ftlinge die Leichen aus dem KZ weg\u00b7bringen.<br \/>\nDie H\u00e4ftlinge mussten die Leichen zum Leitenberg bringen.<br \/>\nAuf dem Leitenberg wurden die Leichen dann begraben.<br \/>\nDaf\u00fcr haben die H\u00e4ftlinge 8 Massen\u00b7gr\u00e4ber gegraben.<br \/>\nMassen\u00b7grab hei\u00dft:<br \/>\nIn diesem Grab liegen sehr viele tote Menschen.<br \/>\nIn diesen 8 Massen\u00b7gr\u00e4bern wurden \u00fcber 4.000 Leichen begraben.<\/p>\n<p><strong>Der Leitenberg am Ende des <span style=\"color: #cc1800;\"><strong title=\"Der 2. Welt\u00b7krieg war von 1939 bis 1945. Das NS-Regime hat den 2. Welt\u00b7krieg angefangen. Das NS-Regime hat n\u00e4mlich andere L\u00e4nder angegriffen. Und andere L\u00e4nder besetzt. Am 2. Welt\u00b7krieg waren viele L\u00e4nder in Europa beteiligt. Und viele L\u00e4nder aus der ganzen Welt. Der 2. Welt\u00b7krieg war der schlimmste Krieg der Geschichte. Sehr viele Menschen sind im 2. Welt\u00b7krieg gestorben. Es waren mehrere Millionen Menschen.\">2. Welt\u00b7kriegs<\/strong><\/span><\/strong><br \/>\nAm <strong>29. April 1945<\/strong> wurde das KZ Dachau befreit.<br \/>\nDie US-Armee hat das KZ befreit.<br \/>\nIm KZ gab es viele tote H\u00e4ftlinge.<br \/>\nDeshalb hat die US-Armee gesagt:<br \/>\nDiese toten H\u00e4ftlinge m\u00f6chten wir begraben.<br \/>\nDaf\u00fcr m\u00fcssen wir noch mehr Gr\u00e4ber graben.<br \/>\nIn diesen Gr\u00e4bern sollen 2.000 tote H\u00e4ftlinge begraben werden.<\/p>\n<p>Bauern aus Dachau mussten die toten H\u00e4ftlinge aus dem KZ weg\u00b7bringen.<br \/>\nEhemalige Mitglieder von der <span style=\"color: #cc1800;\"><strong title=\"NSDAP ist die Abk\u00fcrzung f\u00fcr: National\u00b7sozialistische Deutsche Arbeiter\u00b7partei. Die NSDAP war die Partei von den Nazis. Adolf Hitler war der Chef von der NSDAP. Die NSDAP hat die Ideen vom NS unterst\u00fctzt. Alle anderen Parteien waren im NS verboten.\">NSDAP<\/strong><\/span> mussten den Bauern helfen.<br \/>\nDie Bauern und die ehemaligen Mitglieder von der NSDAP<br \/>\nhaben die toten H\u00e4ftlinge zum Leitenberg gebracht.<br \/>\nUnd die toten H\u00e4ftlinge auf dem Leitenberg begraben.<\/p>\n<p><strong>Der Leitenberg nach 1949<\/strong><br \/>\nNach dem 2. Welt\u00b7krieg waren die Gr\u00e4ber vernachl\u00e4ssigt.<br \/>\nVernachl\u00e4ssigt hei\u00dft:<br \/>\nDie Gr\u00e4ber waren <strong>nicht<\/strong> ordentlich.<br \/>\n<strong>Niemand<\/strong> hat sich um die Gr\u00e4ber gek\u00fcmmert.<br \/>\nDeshalb gab es <strong>im Sommer 1949<\/strong> einen gro\u00dfen Skandal.<br \/>\nJournalisten und Politiker haben gesagt:<br \/>\nBayern muss sich um die Gr\u00e4ber k\u00fcmmern.<br \/>\nDie toten H\u00e4ftlinge m\u00fcssen eine w\u00fcrdevolle Ruhe\u00b7st\u00e4tte bekommen.<br \/>\nDas hei\u00dft:<br \/>\nDie Gr\u00e4ber m\u00fcssen ordentlich sein.<br \/>\nDeshalb hat Bayern den Leitenberg umgestaltet.<br \/>\nSo wurde aus der Leitenberg christlich gestaltet.<br \/>\nDas hei\u00dft:<br \/>\nAuf dem Leiten\u00b7berg waren christliche Symbole.<br \/>\nZum Beispiel Kreuze.<br \/>\nAber:<br \/>\n<strong>Nicht<\/strong> alle toten H\u00e4ftlinge waren Christen.<br \/>\nViele tote H\u00e4ftlinge waren zum Beispiel auch Juden.<\/p>\n<p>Am <strong>16. Dezember 1949<\/strong> wurde der neue Fried\u00b7hof er\u00f6ffnet.<br \/>\n<strong>Von 1951 bis 1952<\/strong> wurde dann eine Ged\u00e4chtnis\u00b7halle gebaut.<\/p>\n<p><strong>Von 1950 bis 1960<\/strong> wurden einige Leichen exhumiert.<br \/>\nDas hei\u00dft:<br \/>\nDie Leichen wurden aus den Gr\u00e4bern geholt.<br \/>\nDer franz\u00f6sische Such\u00b7dienst hat die Leichen exhumiert.<br \/>\nDer franz\u00f6sische Such\u00b7dienst wollte wissen:<br \/>\nSind in den Gr\u00e4bern tote Franzosen?<br \/>\nDas hei\u00dft:<br \/>\nStammen die toten H\u00e4ftlinge aus Frankreich?<br \/>\nDann m\u00fcssen diese toten H\u00e4ftlinge in Frankreich beerdigt werden.<br \/>\nDeshalb hat der franz\u00f6sische Such\u00b7dienst<br \/>\nLeichen nach Frankreich gebracht.<br \/>\nUnd in Frankreich beerdigt.<\/p>\n<p><strong>Von 1960 bis 1970<\/strong> haben das auch Such\u00b7dienste aus anderen L\u00e4ndern gemacht.<br \/>\nDiese L\u00e4nder waren:<\/p>\n<ul>\n<li>Belgien<\/li>\n<li>Holland<\/li>\n<li>Italien<\/li>\n<li>Norwegen<\/li>\n<\/ul>\n<p>Diese L\u00e4nder haben Leichen in ihre Heimat zur\u00fcckgebracht.<br \/>\nUnd dort beerdigt.<br \/>\nTrotzdem sind viele tote H\u00e4ftlinge auf dem Leitenberg geblieben.<br \/>\nUnd weitere tote H\u00e4ftlinge<br \/>\nwurden von anderen KZ-Fried\u00b7h\u00f6fen zum Leitenberg gebracht.<br \/>\nDiese toten H\u00e4ftlinge wurden auf dem Leitenberg begraben.<br \/>\nAber:<br \/>\nDiese toten H\u00e4ftlinge wurden <strong>nicht<\/strong> in Massen\u00b7gr\u00e4bern begraben.<br \/>\nDiese toten H\u00e4ftlinge wurden einzeln begraben.<br \/>\nHeute sind \u00fcber 7.400 ehemalige H\u00e4ftlinge auf dem Leitenberg begraben.<\/p>\n<p><strong>1963<\/strong> wurde die italienische Ged\u00e4chtnis\u00b7kapelle eingeweiht.<br \/>\nDie Ged\u00e4chtnis\u00b7kapelle hei\u00dft: Regina Pacis.<\/p>\n","protected":false},"excerpt":{"rendered":"<p>Station 4 ist der KZ-Ehren\u00b7fried\u00b7hof Leitenberg. Der Leitenberg 1945 In dem KZ Dachau waren 2 Krematorien. In einem Krematorium werden tote Menschen verbrannt. Ab Februar 1945 wurden die Krematorien nicht mehr benutzt. Es gab n\u00e4mlich keine Kohle mehr. Ohne Kohle funktioniert ein Krematorium nicht. Es konnten keine toten H\u00e4ftlinge mehr verbrannt werden. Tote Menschen nennt&#8230; <a class=\"view-article\" href=\"https:\/\/www.kz-gedenkstaette-dachau.de\/dels\/historischer-ort\/virtueller-rundgang-umgebung\/kz-ehrenfriedhof-leitenberg\/\">Artikel anzeigen<\/a><\/p>\n","protected":false},"author":1,"featured_media":0,"parent":63718,"menu_order":400,"comment_status":"closed","ping_status":"closed","template":"page-virtueller_rundgang_unterseite.php","meta":{"_acf_changed":false,"footnotes":""},"class_list":["post-63743","page","type-page","status-publish","hentry"],"acf":[],"yoast_head":"<!-- This site is optimized with the Yoast SEO plugin v27.3 - https:\/\/yoast.com\/product\/yoast-seo-wordpress\/ -->\n<title>KZ-Ehren\u00b7fried\u00b7hof Leitenberg - KZ Gedenkst\u00e4tte Dachau<\/title>\n<meta name=\"robots\" content=\"index, follow, max-snippet:-1, max-image-preview:large, max-video-preview:-1\" \/>\n<link rel=\"canonical\" href=\"https:\/\/www.kz-gedenkstaette-dachau.de\/dels\/historischer-ort\/virtueller-rundgang-umgebung\/kz-ehrenfriedhof-leitenberg\/\" \/>\n<meta property=\"og:locale\" content=\"en_US\" \/>\n<meta property=\"og:type\" content=\"article\" \/>\n<meta property=\"og:title\" content=\"KZ-Ehren\u00b7fried\u00b7hof Leitenberg - KZ Gedenkst\u00e4tte Dachau\" \/>\n<meta property=\"og:description\" content=\"Station 4 ist der KZ-Ehren\u00b7fried\u00b7hof Leitenberg. Der Leitenberg 1945 In dem KZ Dachau waren 2 Krematorien. In einem Krematorium werden tote Menschen verbrannt. Ab Februar 1945 wurden die Krematorien nicht mehr benutzt. Es gab n\u00e4mlich keine Kohle mehr. Ohne Kohle funktioniert ein Krematorium nicht. Es konnten keine toten H\u00e4ftlinge mehr verbrannt werden. Tote Menschen nennt... Artikel anzeigen\" \/>\n<meta property=\"og:url\" content=\"https:\/\/www.kz-gedenkstaette-dachau.de\/dels\/historischer-ort\/virtueller-rundgang-umgebung\/kz-ehrenfriedhof-leitenberg\/\" \/>\n<meta property=\"og:site_name\" content=\"KZ Gedenkst\u00e4tte Dachau\" \/>\n<meta property=\"article:modified_time\" content=\"2020-04-01T16:14:21+00:00\" \/>\n<meta property=\"og:image\" content=\"https:\/\/www.kz-gedenkstaette-dachau.de\/wp-content\/uploads\/2018\/11\/leitenberg_kreuz-250x147.jpg\" \/>\n<meta name=\"twitter:card\" content=\"summary_large_image\" \/>\n<meta name=\"twitter:label1\" content=\"Est. reading time\" \/>\n\t<meta name=\"twitter:data1\" content=\"3 minutes\" \/>\n<script type=\"application\/ld+json\" class=\"yoast-schema-graph\">{\"@context\":\"https:\\\/\\\/schema.org\",\"@graph\":[{\"@type\":\"WebPage\",\"@id\":\"https:\\\/\\\/www.kz-gedenkstaette-dachau.de\\\/dels\\\/historischer-ort\\\/virtueller-rundgang-umgebung\\\/kz-ehrenfriedhof-leitenberg\\\/\",\"url\":\"https:\\\/\\\/www.kz-gedenkstaette-dachau.de\\\/dels\\\/historischer-ort\\\/virtueller-rundgang-umgebung\\\/kz-ehrenfriedhof-leitenberg\\\/\",\"name\":\"KZ-Ehren\u00b7fried\u00b7hof Leitenberg - KZ Gedenkst\u00e4tte Dachau\",\"isPartOf\":{\"@id\":\"https:\\\/\\\/www.kz-gedenkstaette-dachau.de\\\/#website\"},\"primaryImageOfPage\":{\"@id\":\"https:\\\/\\\/www.kz-gedenkstaette-dachau.de\\\/dels\\\/historischer-ort\\\/virtueller-rundgang-umgebung\\\/kz-ehrenfriedhof-leitenberg\\\/#primaryimage\"},\"image\":{\"@id\":\"https:\\\/\\\/www.kz-gedenkstaette-dachau.de\\\/dels\\\/historischer-ort\\\/virtueller-rundgang-umgebung\\\/kz-ehrenfriedhof-leitenberg\\\/#primaryimage\"},\"thumbnailUrl\":\"https:\\\/\\\/www.kz-gedenkstaette-dachau.de\\\/wp-content\\\/uploads\\\/2018\\\/11\\\/leitenberg_kreuz-250x147.jpg\",\"datePublished\":\"2018-11-19T14:38:46+00:00\",\"dateModified\":\"2020-04-01T16:14:21+00:00\",\"breadcrumb\":{\"@id\":\"https:\\\/\\\/www.kz-gedenkstaette-dachau.de\\\/dels\\\/historischer-ort\\\/virtueller-rundgang-umgebung\\\/kz-ehrenfriedhof-leitenberg\\\/#breadcrumb\"},\"inLanguage\":\"ls-DE\",\"potentialAction\":[{\"@type\":\"ReadAction\",\"target\":[\"https:\\\/\\\/www.kz-gedenkstaette-dachau.de\\\/dels\\\/historischer-ort\\\/virtueller-rundgang-umgebung\\\/kz-ehrenfriedhof-leitenberg\\\/\"]}]},{\"@type\":\"ImageObject\",\"inLanguage\":\"ls-DE\",\"@id\":\"https:\\\/\\\/www.kz-gedenkstaette-dachau.de\\\/dels\\\/historischer-ort\\\/virtueller-rundgang-umgebung\\\/kz-ehrenfriedhof-leitenberg\\\/#primaryimage\",\"url\":\"https:\\\/\\\/www.kz-gedenkstaette-dachau.de\\\/wp-content\\\/uploads\\\/2018\\\/11\\\/leitenberg_kreuz-250x147.jpg\",\"contentUrl\":\"https:\\\/\\\/www.kz-gedenkstaette-dachau.de\\\/wp-content\\\/uploads\\\/2018\\\/11\\\/leitenberg_kreuz-250x147.jpg\"},{\"@type\":\"BreadcrumbList\",\"@id\":\"https:\\\/\\\/www.kz-gedenkstaette-dachau.de\\\/dels\\\/historischer-ort\\\/virtueller-rundgang-umgebung\\\/kz-ehrenfriedhof-leitenberg\\\/#breadcrumb\",\"itemListElement\":[{\"@type\":\"ListItem\",\"position\":1,\"name\":\"Start\u00b7seite\",\"item\":\"https:\\\/\\\/www.kz-gedenkstaette-dachau.de\\\/dels\\\/\"},{\"@type\":\"ListItem\",\"position\":2,\"name\":\"Historischer Ort\",\"item\":\"https:\\\/\\\/www.kz-gedenkstaette-dachau.de\\\/dels\\\/historischer-ort\\\/\"},{\"@type\":\"ListItem\",\"position\":3,\"name\":\"Virtueller Rund\u00b7gang Umgebung\",\"item\":\"https:\\\/\\\/www.kz-gedenkstaette-dachau.de\\\/dels\\\/historischer-ort\\\/virtueller-rundgang-umgebung\\\/\"},{\"@type\":\"ListItem\",\"position\":4,\"name\":\"KZ-Ehren\u00b7fried\u00b7hof Leitenberg\"}]},{\"@type\":\"WebSite\",\"@id\":\"https:\\\/\\\/www.kz-gedenkstaette-dachau.de\\\/#website\",\"url\":\"https:\\\/\\\/www.kz-gedenkstaette-dachau.de\\\/\",\"name\":\"KZ Gedenkst\u00e4tte Dachau\",\"description\":\"\",\"potentialAction\":[{\"@type\":\"SearchAction\",\"target\":{\"@type\":\"EntryPoint\",\"urlTemplate\":\"https:\\\/\\\/www.kz-gedenkstaette-dachau.de\\\/?s={search_term_string}\"},\"query-input\":{\"@type\":\"PropertyValueSpecification\",\"valueRequired\":true,\"valueName\":\"search_term_string\"}}],\"inLanguage\":\"ls-DE\"}]}<\/script>\n<!-- \/ Yoast SEO plugin. -->","yoast_head_json":{"title":"KZ-Ehren\u00b7fried\u00b7hof Leitenberg - KZ Gedenkst\u00e4tte Dachau","robots":{"index":"index","follow":"follow","max-snippet":"max-snippet:-1","max-image-preview":"max-image-preview:large","max-video-preview":"max-video-preview:-1"},"canonical":"https:\/\/www.kz-gedenkstaette-dachau.de\/dels\/historischer-ort\/virtueller-rundgang-umgebung\/kz-ehrenfriedhof-leitenberg\/","og_locale":"en_US","og_type":"article","og_title":"KZ-Ehren\u00b7fried\u00b7hof Leitenberg - KZ Gedenkst\u00e4tte Dachau","og_description":"Station 4 ist der KZ-Ehren\u00b7fried\u00b7hof Leitenberg. Der Leitenberg 1945 In dem KZ Dachau waren 2 Krematorien. In einem Krematorium werden tote Menschen verbrannt. Ab Februar 1945 wurden die Krematorien nicht mehr benutzt. Es gab n\u00e4mlich keine Kohle mehr. Ohne Kohle funktioniert ein Krematorium nicht. Es konnten keine toten H\u00e4ftlinge mehr verbrannt werden. Tote Menschen nennt... Artikel anzeigen","og_url":"https:\/\/www.kz-gedenkstaette-dachau.de\/dels\/historischer-ort\/virtueller-rundgang-umgebung\/kz-ehrenfriedhof-leitenberg\/","og_site_name":"KZ Gedenkst\u00e4tte Dachau","article_modified_time":"2020-04-01T16:14:21+00:00","og_image":[{"url":"https:\/\/www.kz-gedenkstaette-dachau.de\/wp-content\/uploads\/2018\/11\/leitenberg_kreuz-250x147.jpg","type":"","width":"","height":""}],"twitter_card":"summary_large_image","twitter_misc":{"Est. reading time":"3 minutes"},"schema":{"@context":"https:\/\/schema.org","@graph":[{"@type":"WebPage","@id":"https:\/\/www.kz-gedenkstaette-dachau.de\/dels\/historischer-ort\/virtueller-rundgang-umgebung\/kz-ehrenfriedhof-leitenberg\/","url":"https:\/\/www.kz-gedenkstaette-dachau.de\/dels\/historischer-ort\/virtueller-rundgang-umgebung\/kz-ehrenfriedhof-leitenberg\/","name":"KZ-Ehren\u00b7fried\u00b7hof Leitenberg - KZ Gedenkst\u00e4tte Dachau","isPartOf":{"@id":"https:\/\/www.kz-gedenkstaette-dachau.de\/#website"},"primaryImageOfPage":{"@id":"https:\/\/www.kz-gedenkstaette-dachau.de\/dels\/historischer-ort\/virtueller-rundgang-umgebung\/kz-ehrenfriedhof-leitenberg\/#primaryimage"},"image":{"@id":"https:\/\/www.kz-gedenkstaette-dachau.de\/dels\/historischer-ort\/virtueller-rundgang-umgebung\/kz-ehrenfriedhof-leitenberg\/#primaryimage"},"thumbnailUrl":"https:\/\/www.kz-gedenkstaette-dachau.de\/wp-content\/uploads\/2018\/11\/leitenberg_kreuz-250x147.jpg","datePublished":"2018-11-19T14:38:46+00:00","dateModified":"2020-04-01T16:14:21+00:00","breadcrumb":{"@id":"https:\/\/www.kz-gedenkstaette-dachau.de\/dels\/historischer-ort\/virtueller-rundgang-umgebung\/kz-ehrenfriedhof-leitenberg\/#breadcrumb"},"inLanguage":"ls-DE","potentialAction":[{"@type":"ReadAction","target":["https:\/\/www.kz-gedenkstaette-dachau.de\/dels\/historischer-ort\/virtueller-rundgang-umgebung\/kz-ehrenfriedhof-leitenberg\/"]}]},{"@type":"ImageObject","inLanguage":"ls-DE","@id":"https:\/\/www.kz-gedenkstaette-dachau.de\/dels\/historischer-ort\/virtueller-rundgang-umgebung\/kz-ehrenfriedhof-leitenberg\/#primaryimage","url":"https:\/\/www.kz-gedenkstaette-dachau.de\/wp-content\/uploads\/2018\/11\/leitenberg_kreuz-250x147.jpg","contentUrl":"https:\/\/www.kz-gedenkstaette-dachau.de\/wp-content\/uploads\/2018\/11\/leitenberg_kreuz-250x147.jpg"},{"@type":"BreadcrumbList","@id":"https:\/\/www.kz-gedenkstaette-dachau.de\/dels\/historischer-ort\/virtueller-rundgang-umgebung\/kz-ehrenfriedhof-leitenberg\/#breadcrumb","itemListElement":[{"@type":"ListItem","position":1,"name":"Start\u00b7seite","item":"https:\/\/www.kz-gedenkstaette-dachau.de\/dels\/"},{"@type":"ListItem","position":2,"name":"Historischer Ort","item":"https:\/\/www.kz-gedenkstaette-dachau.de\/dels\/historischer-ort\/"},{"@type":"ListItem","position":3,"name":"Virtueller Rund\u00b7gang Umgebung","item":"https:\/\/www.kz-gedenkstaette-dachau.de\/dels\/historischer-ort\/virtueller-rundgang-umgebung\/"},{"@type":"ListItem","position":4,"name":"KZ-Ehren\u00b7fried\u00b7hof Leitenberg"}]},{"@type":"WebSite","@id":"https:\/\/www.kz-gedenkstaette-dachau.de\/#website","url":"https:\/\/www.kz-gedenkstaette-dachau.de\/","name":"KZ Gedenkst\u00e4tte Dachau","description":"","potentialAction":[{"@type":"SearchAction","target":{"@type":"EntryPoint","urlTemplate":"https:\/\/www.kz-gedenkstaette-dachau.de\/?s={search_term_string}"},"query-input":{"@type":"PropertyValueSpecification","valueRequired":true,"valueName":"search_term_string"}}],"inLanguage":"ls-DE"}]}},"_links":{"self":[{"href":"https:\/\/www.kz-gedenkstaette-dachau.de\/dels\/wp-json\/wp\/v2\/pages\/63743","targetHints":{"allow":["GET"]}}],"collection":[{"href":"https:\/\/www.kz-gedenkstaette-dachau.de\/dels\/wp-json\/wp\/v2\/pages"}],"about":[{"href":"https:\/\/www.kz-gedenkstaette-dachau.de\/dels\/wp-json\/wp\/v2\/types\/page"}],"author":[{"embeddable":true,"href":"https:\/\/www.kz-gedenkstaette-dachau.de\/dels\/wp-json\/wp\/v2\/users\/1"}],"replies":[{"embeddable":true,"href":"https:\/\/www.kz-gedenkstaette-dachau.de\/dels\/wp-json\/wp\/v2\/comments?post=63743"}],"version-history":[{"count":0,"href":"https:\/\/www.kz-gedenkstaette-dachau.de\/dels\/wp-json\/wp\/v2\/pages\/63743\/revisions"}],"up":[{"embeddable":true,"href":"https:\/\/www.kz-gedenkstaette-dachau.de\/dels\/wp-json\/wp\/v2\/pages\/63718"}],"wp:attachment":[{"href":"https:\/\/www.kz-gedenkstaette-dachau.de\/dels\/wp-json\/wp\/v2\/media?parent=63743"}],"curies":[{"name":"wp","href":"https:\/\/api.w.org\/{rel}","templated":true}]}}