{"id":56364,"date":"2018-08-30T14:46:38","date_gmt":"2018-08-30T12:46:38","guid":{"rendered":"https:\/\/www.kz-gedenkstaette-dachau.de\/nuestra-oferta\/seminare-gruppen\/"},"modified":"2024-07-25T15:40:20","modified_gmt":"2024-07-25T13:40:20","slug":"seminarios-grupales","status":"publish","type":"page","link":"https:\/\/www.kz-gedenkstaette-dachau.de\/es\/educacion\/seminarios-grupales\/","title":{"rendered":"Seminarios grupales"},"content":{"rendered":"<p>Pueden reservarse seminarios de medio d\u00eda para grupos y clases de escuelas a trav\u00e9s del Departamento de Formaci\u00f3n. La duraci\u00f3n del seminario de medio d\u00eda es de 4 horas y cuesta 110 \u20ac por grupo. El n\u00famero de participantes no debe exceder de 30 personas. Los participantes deben tener al menos 13 a\u00f1os de edad.<\/p>\n<p><strong>Seminarios de medio d\u00eda:<\/strong><\/p>\n<p><a href=\"https:\/\/www.kz-gedenkstaette-dachau.de\/es\/seminare\/visita-guiada-con-preparacion-previa-y-posterior\/\">Visita guiada con preparaci\u00f3n previa y posterior<\/a><\/p>\n","protected":false},"excerpt":{"rendered":"<p>Pueden reservarse seminarios de medio d\u00eda para grupos y clases de escuelas a trav\u00e9s del Departamento de Formaci\u00f3n. La duraci\u00f3n del seminario de medio d\u00eda es de 4 horas y cuesta 110 \u20ac por grupo. El n\u00famero de participantes no debe exceder de 30 personas. Los participantes deben tener al menos 13 a\u00f1os de edad&#8230;. <a class=\"view-article\" href=\"https:\/\/www.kz-gedenkstaette-dachau.de\/es\/educacion\/seminarios-grupales\/\">Ver art\u00edculo<\/a><\/p>\n","protected":false},"author":1,"featured_media":0,"parent":56350,"menu_order":300,"comment_status":"closed","ping_status":"closed","template":"page-seminare.php","meta":{"_acf_changed":false,"footnotes":""},"class_list":["post-56364","page","type-page","status-publish","hentry"],"acf":[],"yoast_head":"<!-- This site is optimized with the Yoast SEO plugin v27.3 - https:\/\/yoast.com\/product\/yoast-seo-wordpress\/ -->\n<title>Seminarios grupales - KZ Gedenkst\u00e4tte Dachau<\/title>\n<meta name=\"robots\" content=\"index, follow, max-snippet:-1, max-image-preview:large, max-video-preview:-1\" \/>\n<link rel=\"canonical\" href=\"https:\/\/www.kz-gedenkstaette-dachau.de\/es\/educacion\/seminarios-grupales\/\" \/>\n<meta property=\"og:locale\" content=\"es_ES\" \/>\n<meta property=\"og:type\" content=\"article\" \/>\n<meta property=\"og:title\" content=\"Seminarios grupales - KZ Gedenkst\u00e4tte Dachau\" \/>\n<meta property=\"og:description\" content=\"Pueden reservarse seminarios de medio d\u00eda para grupos y clases de escuelas a trav\u00e9s del Departamento de Formaci\u00f3n. La duraci\u00f3n del seminario de medio d\u00eda es de 4 horas y cuesta 110 \u20ac por grupo. El n\u00famero de participantes no debe exceder de 30 personas. Los participantes deben tener al menos 13 a\u00f1os de edad.... Ver art\u00edculo\" \/>\n<meta property=\"og:url\" content=\"https:\/\/www.kz-gedenkstaette-dachau.de\/es\/educacion\/seminarios-grupales\/\" \/>\n<meta property=\"og:site_name\" content=\"KZ Gedenkst\u00e4tte Dachau\" \/>\n<meta property=\"article:modified_time\" content=\"2024-07-25T13:40:20+00:00\" \/>\n<meta name=\"twitter:card\" content=\"summary_large_image\" \/>\n<meta name=\"twitter:label1\" content=\"Tiempo de lectura\" \/>\n\t<meta name=\"twitter:data1\" content=\"1 minuto\" \/>\n<script type=\"application\/ld+json\" class=\"yoast-schema-graph\">{\"@context\":\"https:\\\/\\\/schema.org\",\"@graph\":[{\"@type\":\"WebPage\",\"@id\":\"https:\\\/\\\/www.kz-gedenkstaette-dachau.de\\\/es\\\/educacion\\\/seminarios-grupales\\\/\",\"url\":\"https:\\\/\\\/www.kz-gedenkstaette-dachau.de\\\/es\\\/educacion\\\/seminarios-grupales\\\/\",\"name\":\"Seminarios grupales - KZ Gedenkst\u00e4tte Dachau\",\"isPartOf\":{\"@id\":\"https:\\\/\\\/www.kz-gedenkstaette-dachau.de\\\/#website\"},\"datePublished\":\"2018-08-30T12:46:38+00:00\",\"dateModified\":\"2024-07-25T13:40:20+00:00\",\"breadcrumb\":{\"@id\":\"https:\\\/\\\/www.kz-gedenkstaette-dachau.de\\\/es\\\/educacion\\\/seminarios-grupales\\\/#breadcrumb\"},\"inLanguage\":\"es\",\"potentialAction\":[{\"@type\":\"ReadAction\",\"target\":[\"https:\\\/\\\/www.kz-gedenkstaette-dachau.de\\\/es\\\/educacion\\\/seminarios-grupales\\\/\"]}]},{\"@type\":\"BreadcrumbList\",\"@id\":\"https:\\\/\\\/www.kz-gedenkstaette-dachau.de\\\/es\\\/educacion\\\/seminarios-grupales\\\/#breadcrumb\",\"itemListElement\":[{\"@type\":\"ListItem\",\"position\":1,\"name\":\"Sitio web\",\"item\":\"https:\\\/\\\/www.kz-gedenkstaette-dachau.de\\\/es\\\/\"},{\"@type\":\"ListItem\",\"position\":2,\"name\":\"Educaci\u00f3n\",\"item\":\"https:\\\/\\\/www.kz-gedenkstaette-dachau.de\\\/es\\\/educacion\\\/\"},{\"@type\":\"ListItem\",\"position\":3,\"name\":\"Seminarios grupales\"}]},{\"@type\":\"WebSite\",\"@id\":\"https:\\\/\\\/www.kz-gedenkstaette-dachau.de\\\/#website\",\"url\":\"https:\\\/\\\/www.kz-gedenkstaette-dachau.de\\\/\",\"name\":\"KZ Gedenkst\u00e4tte Dachau\",\"description\":\"\",\"potentialAction\":[{\"@type\":\"SearchAction\",\"target\":{\"@type\":\"EntryPoint\",\"urlTemplate\":\"https:\\\/\\\/www.kz-gedenkstaette-dachau.de\\\/?s={search_term_string}\"},\"query-input\":{\"@type\":\"PropertyValueSpecification\",\"valueRequired\":true,\"valueName\":\"search_term_string\"}}],\"inLanguage\":\"es\"}]}<\/script>\n<!-- \/ Yoast SEO plugin. -->","yoast_head_json":{"title":"Seminarios grupales - KZ Gedenkst\u00e4tte Dachau","robots":{"index":"index","follow":"follow","max-snippet":"max-snippet:-1","max-image-preview":"max-image-preview:large","max-video-preview":"max-video-preview:-1"},"canonical":"https:\/\/www.kz-gedenkstaette-dachau.de\/es\/educacion\/seminarios-grupales\/","og_locale":"es_ES","og_type":"article","og_title":"Seminarios grupales - KZ Gedenkst\u00e4tte Dachau","og_description":"Pueden reservarse seminarios de medio d\u00eda para grupos y clases de escuelas a trav\u00e9s del Departamento de Formaci\u00f3n. La duraci\u00f3n del seminario de medio d\u00eda es de 4 horas y cuesta 110 \u20ac por grupo. El n\u00famero de participantes no debe exceder de 30 personas. Los participantes deben tener al menos 13 a\u00f1os de edad.... Ver art\u00edculo","og_url":"https:\/\/www.kz-gedenkstaette-dachau.de\/es\/educacion\/seminarios-grupales\/","og_site_name":"KZ Gedenkst\u00e4tte Dachau","article_modified_time":"2024-07-25T13:40:20+00:00","twitter_card":"summary_large_image","twitter_misc":{"Tiempo de lectura":"1 minuto"},"schema":{"@context":"https:\/\/schema.org","@graph":[{"@type":"WebPage","@id":"https:\/\/www.kz-gedenkstaette-dachau.de\/es\/educacion\/seminarios-grupales\/","url":"https:\/\/www.kz-gedenkstaette-dachau.de\/es\/educacion\/seminarios-grupales\/","name":"Seminarios grupales - KZ Gedenkst\u00e4tte Dachau","isPartOf":{"@id":"https:\/\/www.kz-gedenkstaette-dachau.de\/#website"},"datePublished":"2018-08-30T12:46:38+00:00","dateModified":"2024-07-25T13:40:20+00:00","breadcrumb":{"@id":"https:\/\/www.kz-gedenkstaette-dachau.de\/es\/educacion\/seminarios-grupales\/#breadcrumb"},"inLanguage":"es","potentialAction":[{"@type":"ReadAction","target":["https:\/\/www.kz-gedenkstaette-dachau.de\/es\/educacion\/seminarios-grupales\/"]}]},{"@type":"BreadcrumbList","@id":"https:\/\/www.kz-gedenkstaette-dachau.de\/es\/educacion\/seminarios-grupales\/#breadcrumb","itemListElement":[{"@type":"ListItem","position":1,"name":"Sitio web","item":"https:\/\/www.kz-gedenkstaette-dachau.de\/es\/"},{"@type":"ListItem","position":2,"name":"Educaci\u00f3n","item":"https:\/\/www.kz-gedenkstaette-dachau.de\/es\/educacion\/"},{"@type":"ListItem","position":3,"name":"Seminarios grupales"}]},{"@type":"WebSite","@id":"https:\/\/www.kz-gedenkstaette-dachau.de\/#website","url":"https:\/\/www.kz-gedenkstaette-dachau.de\/","name":"KZ Gedenkst\u00e4tte Dachau","description":"","potentialAction":[{"@type":"SearchAction","target":{"@type":"EntryPoint","urlTemplate":"https:\/\/www.kz-gedenkstaette-dachau.de\/?s={search_term_string}"},"query-input":{"@type":"PropertyValueSpecification","valueRequired":true,"valueName":"search_term_string"}}],"inLanguage":"es"}]}},"_links":{"self":[{"href":"https:\/\/www.kz-gedenkstaette-dachau.de\/es\/wp-json\/wp\/v2\/pages\/56364","targetHints":{"allow":["GET"]}}],"collection":[{"href":"https:\/\/www.kz-gedenkstaette-dachau.de\/es\/wp-json\/wp\/v2\/pages"}],"about":[{"href":"https:\/\/www.kz-gedenkstaette-dachau.de\/es\/wp-json\/wp\/v2\/types\/page"}],"author":[{"embeddable":true,"href":"https:\/\/www.kz-gedenkstaette-dachau.de\/es\/wp-json\/wp\/v2\/users\/1"}],"replies":[{"embeddable":true,"href":"https:\/\/www.kz-gedenkstaette-dachau.de\/es\/wp-json\/wp\/v2\/comments?post=56364"}],"version-history":[{"count":1,"href":"https:\/\/www.kz-gedenkstaette-dachau.de\/es\/wp-json\/wp\/v2\/pages\/56364\/revisions"}],"predecessor-version":[{"id":92335,"href":"https:\/\/www.kz-gedenkstaette-dachau.de\/es\/wp-json\/wp\/v2\/pages\/56364\/revisions\/92335"}],"up":[{"embeddable":true,"href":"https:\/\/www.kz-gedenkstaette-dachau.de\/es\/wp-json\/wp\/v2\/pages\/56350"}],"wp:attachment":[{"href":"https:\/\/www.kz-gedenkstaette-dachau.de\/es\/wp-json\/wp\/v2\/media?parent=56364"}],"curies":[{"name":"wp","href":"https:\/\/api.w.org\/{rel}","templated":true}]}}