{"id":56445,"date":"2018-08-30T14:49:03","date_gmt":"2018-08-30T12:49:03","guid":{"rendered":"https:\/\/www.kz-gedenkstaette-dachau.de\/historischer-ort\/"},"modified":"2024-04-04T17:19:35","modified_gmt":"2024-04-04T15:19:35","slug":"sitio-historico","status":"publish","type":"page","link":"https:\/\/www.kz-gedenkstaette-dachau.de\/es\/sitio-historico\/","title":{"rendered":"Sitio hist\u00f3rico"},"content":{"rendered":"<h1><strong>Sitio hist\u00f3rico y Memorial<\/strong><\/h1>\n<p>El 22 de marzo de 1933, el r\u00e9gimen nacionalsocialista abri\u00f3 un campo de concentraci\u00f3n en las instalaciones de la entonces ya clausurada Real F\u00e1brica de P\u00f3lvora y Municiones de Baviera en Dachau. Este centro de reclusi\u00f3n y de terror nacionalsocialista existi\u00f3 doce a\u00f1os, durante los cuales m\u00e1s de 200.000 prisioneros de m\u00e1s de 40 naciones fueron internados en el campo de Dachau o en alguno de sus subcampos. Por lo menos 41.500 personas murieron v\u00edctimas del hambre y las enfermedades, la tortura y el asesinato o a consecuencia de su reclusi\u00f3n.<\/p>\n<p>Luego de que unidades del ej\u00e9rcito estadounidense liberasen a los cautivos el 29 de abril de 1945, la administraci\u00f3n militar de EE.UU. us\u00f3 el antiguo campo de prisioneros como centro de acogida para personas desplazadas. En julio de ese mismo a\u00f1o, el recinto pas\u00f3 a servir como campo de internamiento de criminales nacionalsocialistas. En 1948, el gobierno del Estado de Baviera instaur\u00f3 en \u00e9l un campo para refugiados. Gracias a la iniciativa de los supervivientes agrupados desde 1955 en el Comit\u00e9 Internacional de Dachau (CID), el antiguo campo de prisioneros fue declarado, por fin, lugar de la memoria y la conmemoraci\u00f3n. La inauguraci\u00f3n del Memorial del Campo de Concentraci\u00f3n de Dachau y de su primera muestra documental tuvo lugar en mayo de 1965.<\/p>\n<p>En el a\u00f1o 1997 comenz\u00f3 la remodelaci\u00f3n del Memorial del Campo de Concentraci\u00f3n de Dachau. En 2003 se inaugur\u00f3 la exposici\u00f3n principal. El leitmotiv de la exposici\u00f3n, que puede visitarse hasta el d\u00eda de hoy, sigue el \u201cCamino de los prisioneros\u201d. Se documenta el destino de los perseguidos desde su detenci\u00f3n, su vida, sufrimiento y muerte en el campo hasta la liberaci\u00f3n. En 2003, el gobierno regional de Baviera entreg\u00f3 la responsabilidad del Memorial del Campo de Concentraci\u00f3n de Dachau, as\u00ed como la del Memorial del Campo de Concentraci\u00f3n de Flossenb\u00fcrg a la nueva Fundaci\u00f3n de Sitios conmemorativos de Baviera (Stiftung Bayerische Gedenkst\u00e4tten). Las tareas de la Fundaci\u00f3n consisten en mantener y conformar los sitios conmemorativos como lugares internacionales de aprendizaje y memoria para las futuras generaciones.<\/p>\n<p>Desde su creaci\u00f3n, el Memorial del Campo de Concentraci\u00f3n de Dachau persigue dos objetivos: por un lado, memorar el sufrimiento y la muerte de los prisioneros, y, por el otro, fomentar la reflexi\u00f3n y el debate acerca de los cr\u00edmenes del nacionalsocialismo. La sinopsis a continuaci\u00f3n recoge los hechos m\u00e1s relevantes en la historia del recinto como campo de concentraci\u00f3n y durante los a\u00f1os que siguieron a 1945.<\/p>\n","protected":false},"excerpt":{"rendered":"<p>Sitio hist\u00f3rico y Memorial El 22 de marzo de 1933, el r\u00e9gimen nacionalsocialista abri\u00f3 un campo de concentraci\u00f3n en las instalaciones de la entonces ya clausurada Real F\u00e1brica de P\u00f3lvora y Municiones de Baviera en Dachau. Este centro de reclusi\u00f3n y de terror nacionalsocialista existi\u00f3 doce a\u00f1os, durante los cuales m\u00e1s de 200.000 prisioneros de&#8230; <a class=\"view-article\" href=\"https:\/\/www.kz-gedenkstaette-dachau.de\/es\/sitio-historico\/\">Ver art\u00edculo<\/a><\/p>\n","protected":false},"author":1,"featured_media":0,"parent":0,"menu_order":300,"comment_status":"closed","ping_status":"closed","template":"","meta":{"_acf_changed":false,"footnotes":""},"class_list":["post-56445","page","type-page","status-publish","hentry"],"acf":[],"yoast_head":"<!-- This site is optimized with the Yoast SEO plugin v27.4 - https:\/\/yoast.com\/product\/yoast-seo-wordpress\/ -->\n<title>Sitio hist\u00f3rico - KZ Gedenkst\u00e4tte Dachau<\/title>\n<meta name=\"robots\" content=\"index, follow, max-snippet:-1, max-image-preview:large, max-video-preview:-1\" \/>\n<link rel=\"canonical\" href=\"https:\/\/www.kz-gedenkstaette-dachau.de\/es\/sitio-historico\/\" \/>\n<meta property=\"og:locale\" content=\"es_ES\" \/>\n<meta property=\"og:type\" content=\"article\" \/>\n<meta property=\"og:title\" content=\"Sitio hist\u00f3rico - KZ Gedenkst\u00e4tte Dachau\" \/>\n<meta property=\"og:description\" content=\"Sitio hist\u00f3rico y Memorial El 22 de marzo de 1933, el r\u00e9gimen nacionalsocialista abri\u00f3 un campo de concentraci\u00f3n en las instalaciones de la entonces ya clausurada Real F\u00e1brica de P\u00f3lvora y Municiones de Baviera en Dachau. Este centro de reclusi\u00f3n y de terror nacionalsocialista existi\u00f3 doce a\u00f1os, durante los cuales m\u00e1s de 200.000 prisioneros de... Ver art\u00edculo\" \/>\n<meta property=\"og:url\" content=\"https:\/\/www.kz-gedenkstaette-dachau.de\/es\/sitio-historico\/\" \/>\n<meta property=\"og:site_name\" content=\"KZ Gedenkst\u00e4tte Dachau\" \/>\n<meta property=\"article:modified_time\" content=\"2024-04-04T15:19:35+00:00\" \/>\n<meta name=\"twitter:card\" content=\"summary_large_image\" \/>\n<meta name=\"twitter:label1\" content=\"Tiempo de lectura\" \/>\n\t<meta name=\"twitter:data1\" content=\"3 minutos\" \/>\n<script type=\"application\/ld+json\" class=\"yoast-schema-graph\">{\"@context\":\"https:\\\/\\\/schema.org\",\"@graph\":[{\"@type\":\"WebPage\",\"@id\":\"https:\\\/\\\/www.kz-gedenkstaette-dachau.de\\\/es\\\/sitio-historico\\\/\",\"url\":\"https:\\\/\\\/www.kz-gedenkstaette-dachau.de\\\/es\\\/sitio-historico\\\/\",\"name\":\"Sitio hist\u00f3rico - KZ Gedenkst\u00e4tte Dachau\",\"isPartOf\":{\"@id\":\"https:\\\/\\\/www.kz-gedenkstaette-dachau.de\\\/#website\"},\"datePublished\":\"2018-08-30T12:49:03+00:00\",\"dateModified\":\"2024-04-04T15:19:35+00:00\",\"breadcrumb\":{\"@id\":\"https:\\\/\\\/www.kz-gedenkstaette-dachau.de\\\/es\\\/sitio-historico\\\/#breadcrumb\"},\"inLanguage\":\"es\",\"potentialAction\":[{\"@type\":\"ReadAction\",\"target\":[\"https:\\\/\\\/www.kz-gedenkstaette-dachau.de\\\/es\\\/sitio-historico\\\/\"]}]},{\"@type\":\"BreadcrumbList\",\"@id\":\"https:\\\/\\\/www.kz-gedenkstaette-dachau.de\\\/es\\\/sitio-historico\\\/#breadcrumb\",\"itemListElement\":[{\"@type\":\"ListItem\",\"position\":1,\"name\":\"Sitio web\",\"item\":\"https:\\\/\\\/www.kz-gedenkstaette-dachau.de\\\/es\\\/\"},{\"@type\":\"ListItem\",\"position\":2,\"name\":\"Sitio hist\u00f3rico\"}]},{\"@type\":\"WebSite\",\"@id\":\"https:\\\/\\\/www.kz-gedenkstaette-dachau.de\\\/#website\",\"url\":\"https:\\\/\\\/www.kz-gedenkstaette-dachau.de\\\/\",\"name\":\"KZ Gedenkst\u00e4tte Dachau\",\"description\":\"\",\"potentialAction\":[{\"@type\":\"SearchAction\",\"target\":{\"@type\":\"EntryPoint\",\"urlTemplate\":\"https:\\\/\\\/www.kz-gedenkstaette-dachau.de\\\/?s={search_term_string}\"},\"query-input\":{\"@type\":\"PropertyValueSpecification\",\"valueRequired\":true,\"valueName\":\"search_term_string\"}}],\"inLanguage\":\"es\"}]}<\/script>\n<!-- \/ Yoast SEO plugin. -->","yoast_head_json":{"title":"Sitio hist\u00f3rico - KZ Gedenkst\u00e4tte Dachau","robots":{"index":"index","follow":"follow","max-snippet":"max-snippet:-1","max-image-preview":"max-image-preview:large","max-video-preview":"max-video-preview:-1"},"canonical":"https:\/\/www.kz-gedenkstaette-dachau.de\/es\/sitio-historico\/","og_locale":"es_ES","og_type":"article","og_title":"Sitio hist\u00f3rico - KZ Gedenkst\u00e4tte Dachau","og_description":"Sitio hist\u00f3rico y Memorial El 22 de marzo de 1933, el r\u00e9gimen nacionalsocialista abri\u00f3 un campo de concentraci\u00f3n en las instalaciones de la entonces ya clausurada Real F\u00e1brica de P\u00f3lvora y Municiones de Baviera en Dachau. Este centro de reclusi\u00f3n y de terror nacionalsocialista existi\u00f3 doce a\u00f1os, durante los cuales m\u00e1s de 200.000 prisioneros de... Ver art\u00edculo","og_url":"https:\/\/www.kz-gedenkstaette-dachau.de\/es\/sitio-historico\/","og_site_name":"KZ Gedenkst\u00e4tte Dachau","article_modified_time":"2024-04-04T15:19:35+00:00","twitter_card":"summary_large_image","twitter_misc":{"Tiempo de lectura":"3 minutos"},"schema":{"@context":"https:\/\/schema.org","@graph":[{"@type":"WebPage","@id":"https:\/\/www.kz-gedenkstaette-dachau.de\/es\/sitio-historico\/","url":"https:\/\/www.kz-gedenkstaette-dachau.de\/es\/sitio-historico\/","name":"Sitio hist\u00f3rico - KZ Gedenkst\u00e4tte Dachau","isPartOf":{"@id":"https:\/\/www.kz-gedenkstaette-dachau.de\/#website"},"datePublished":"2018-08-30T12:49:03+00:00","dateModified":"2024-04-04T15:19:35+00:00","breadcrumb":{"@id":"https:\/\/www.kz-gedenkstaette-dachau.de\/es\/sitio-historico\/#breadcrumb"},"inLanguage":"es","potentialAction":[{"@type":"ReadAction","target":["https:\/\/www.kz-gedenkstaette-dachau.de\/es\/sitio-historico\/"]}]},{"@type":"BreadcrumbList","@id":"https:\/\/www.kz-gedenkstaette-dachau.de\/es\/sitio-historico\/#breadcrumb","itemListElement":[{"@type":"ListItem","position":1,"name":"Sitio web","item":"https:\/\/www.kz-gedenkstaette-dachau.de\/es\/"},{"@type":"ListItem","position":2,"name":"Sitio hist\u00f3rico"}]},{"@type":"WebSite","@id":"https:\/\/www.kz-gedenkstaette-dachau.de\/#website","url":"https:\/\/www.kz-gedenkstaette-dachau.de\/","name":"KZ Gedenkst\u00e4tte Dachau","description":"","potentialAction":[{"@type":"SearchAction","target":{"@type":"EntryPoint","urlTemplate":"https:\/\/www.kz-gedenkstaette-dachau.de\/?s={search_term_string}"},"query-input":{"@type":"PropertyValueSpecification","valueRequired":true,"valueName":"search_term_string"}}],"inLanguage":"es"}]}},"_links":{"self":[{"href":"https:\/\/www.kz-gedenkstaette-dachau.de\/es\/wp-json\/wp\/v2\/pages\/56445","targetHints":{"allow":["GET"]}}],"collection":[{"href":"https:\/\/www.kz-gedenkstaette-dachau.de\/es\/wp-json\/wp\/v2\/pages"}],"about":[{"href":"https:\/\/www.kz-gedenkstaette-dachau.de\/es\/wp-json\/wp\/v2\/types\/page"}],"author":[{"embeddable":true,"href":"https:\/\/www.kz-gedenkstaette-dachau.de\/es\/wp-json\/wp\/v2\/users\/1"}],"replies":[{"embeddable":true,"href":"https:\/\/www.kz-gedenkstaette-dachau.de\/es\/wp-json\/wp\/v2\/comments?post=56445"}],"version-history":[{"count":1,"href":"https:\/\/www.kz-gedenkstaette-dachau.de\/es\/wp-json\/wp\/v2\/pages\/56445\/revisions"}],"predecessor-version":[{"id":90200,"href":"https:\/\/www.kz-gedenkstaette-dachau.de\/es\/wp-json\/wp\/v2\/pages\/56445\/revisions\/90200"}],"wp:attachment":[{"href":"https:\/\/www.kz-gedenkstaette-dachau.de\/es\/wp-json\/wp\/v2\/media?parent=56445"}],"curies":[{"name":"wp","href":"https:\/\/api.w.org\/{rel}","templated":true}]}}