{"id":56702,"date":"2018-09-04T09:29:59","date_gmt":"2018-09-04T07:29:59","guid":{"rendered":"https:\/\/www.kz-gedenkstaette-dachau.de\/sitio-historico\/recorrido-virtual\/politische-abteilung\/"},"modified":"2020-02-12T17:10:20","modified_gmt":"2020-02-12T16:10:20","slug":"seccion-politica","status":"publish","type":"page","link":"https:\/\/www.kz-gedenkstaette-dachau.de\/es\/sitio-historico\/recorrido-virtual\/seccion-politica\/","title":{"rendered":"Secci\u00f3n Pol\u00edtica"},"content":{"rendered":"<p>Por la v\u00eda que conduce del centro para visitantes al <em>Jourhaus<\/em> se pueden ver ocho \u00e1ngulos met\u00e1licos que se\u00f1alan el lugar de una construcci\u00f3n hist\u00f3rica que ya no existe: el edificio de planta larga de la Secci\u00f3n Pol\u00edtica de la <em>Gestapo<\/em>.<\/p>\n<p>En las salas de este edificio iniciaba, por lo regular, el traum\u00e1tico procedimiento de ingreso de los prisioneros reci\u00e9n llegados. La Secci\u00f3n Pol\u00edtica era la encargada de recoger sus datos personales, de sacar las fotograf\u00edas de identificaci\u00f3n policial, de abrir los expedientes de los reclusos y de designarles un n\u00famero. Llevaba, asimismo, el registro de traslados a otros campos, de personas puestas en libertad y de fallecimientos. Por si fuera poco, la Secci\u00f3n Pol\u00edtica era la que interrogaba a los prisioneros, a menudo, aplicando m\u00e9todos de tortura.<\/p>\n","protected":false},"excerpt":{"rendered":"<p>Por la v\u00eda que conduce del centro para visitantes al Jourhaus se pueden ver ocho \u00e1ngulos met\u00e1licos que se\u00f1alan el lugar de una construcci\u00f3n hist\u00f3rica que ya no existe: el edificio de planta larga de la Secci\u00f3n Pol\u00edtica de la Gestapo. En las salas de este edificio iniciaba, por lo regular, el traum\u00e1tico procedimiento de&#8230; <a class=\"view-article\" href=\"https:\/\/www.kz-gedenkstaette-dachau.de\/es\/sitio-historico\/recorrido-virtual\/seccion-politica\/\">Ver art\u00edculo<\/a><\/p>\n","protected":false},"author":1,"featured_media":0,"parent":56696,"menu_order":200,"comment_status":"closed","ping_status":"closed","template":"page-virtueller_rundgang_unterseite.php","meta":{"_acf_changed":false,"footnotes":""},"class_list":["post-56702","page","type-page","status-publish","hentry"],"acf":[],"yoast_head":"<!-- This site is optimized with the Yoast SEO plugin v27.3 - https:\/\/yoast.com\/product\/yoast-seo-wordpress\/ -->\n<title>Secci\u00f3n Pol\u00edtica - KZ Gedenkst\u00e4tte Dachau<\/title>\n<meta name=\"robots\" content=\"index, follow, max-snippet:-1, max-image-preview:large, max-video-preview:-1\" \/>\n<link rel=\"canonical\" href=\"https:\/\/www.kz-gedenkstaette-dachau.de\/es\/sitio-historico\/recorrido-virtual\/seccion-politica\/\" \/>\n<meta property=\"og:locale\" content=\"es_ES\" \/>\n<meta property=\"og:type\" content=\"article\" \/>\n<meta property=\"og:title\" content=\"Secci\u00f3n Pol\u00edtica - KZ Gedenkst\u00e4tte Dachau\" \/>\n<meta property=\"og:description\" content=\"Por la v\u00eda que conduce del centro para visitantes al Jourhaus se pueden ver ocho \u00e1ngulos met\u00e1licos que se\u00f1alan el lugar de una construcci\u00f3n hist\u00f3rica que ya no existe: el edificio de planta larga de la Secci\u00f3n Pol\u00edtica de la Gestapo. En las salas de este edificio iniciaba, por lo regular, el traum\u00e1tico procedimiento de... Ver art\u00edculo\" \/>\n<meta property=\"og:url\" content=\"https:\/\/www.kz-gedenkstaette-dachau.de\/es\/sitio-historico\/recorrido-virtual\/seccion-politica\/\" \/>\n<meta property=\"og:site_name\" content=\"KZ Gedenkst\u00e4tte Dachau\" \/>\n<meta property=\"article:modified_time\" content=\"2020-02-12T16:10:20+00:00\" \/>\n<meta name=\"twitter:card\" content=\"summary_large_image\" \/>\n<meta name=\"twitter:label1\" content=\"Tiempo de lectura\" \/>\n\t<meta name=\"twitter:data1\" content=\"1 minuto\" \/>\n<script type=\"application\/ld+json\" class=\"yoast-schema-graph\">{\"@context\":\"https:\\\/\\\/schema.org\",\"@graph\":[{\"@type\":\"WebPage\",\"@id\":\"https:\\\/\\\/www.kz-gedenkstaette-dachau.de\\\/es\\\/sitio-historico\\\/recorrido-virtual\\\/seccion-politica\\\/\",\"url\":\"https:\\\/\\\/www.kz-gedenkstaette-dachau.de\\\/es\\\/sitio-historico\\\/recorrido-virtual\\\/seccion-politica\\\/\",\"name\":\"Secci\u00f3n Pol\u00edtica - KZ Gedenkst\u00e4tte Dachau\",\"isPartOf\":{\"@id\":\"https:\\\/\\\/www.kz-gedenkstaette-dachau.de\\\/#website\"},\"datePublished\":\"2018-09-04T07:29:59+00:00\",\"dateModified\":\"2020-02-12T16:10:20+00:00\",\"breadcrumb\":{\"@id\":\"https:\\\/\\\/www.kz-gedenkstaette-dachau.de\\\/es\\\/sitio-historico\\\/recorrido-virtual\\\/seccion-politica\\\/#breadcrumb\"},\"inLanguage\":\"es\",\"potentialAction\":[{\"@type\":\"ReadAction\",\"target\":[\"https:\\\/\\\/www.kz-gedenkstaette-dachau.de\\\/es\\\/sitio-historico\\\/recorrido-virtual\\\/seccion-politica\\\/\"]}]},{\"@type\":\"BreadcrumbList\",\"@id\":\"https:\\\/\\\/www.kz-gedenkstaette-dachau.de\\\/es\\\/sitio-historico\\\/recorrido-virtual\\\/seccion-politica\\\/#breadcrumb\",\"itemListElement\":[{\"@type\":\"ListItem\",\"position\":1,\"name\":\"Sitio web\",\"item\":\"https:\\\/\\\/www.kz-gedenkstaette-dachau.de\\\/es\\\/\"},{\"@type\":\"ListItem\",\"position\":2,\"name\":\"Sitio hist\u00f3rico\",\"item\":\"https:\\\/\\\/www.kz-gedenkstaette-dachau.de\\\/es\\\/sitio-historico\\\/\"},{\"@type\":\"ListItem\",\"position\":3,\"name\":\"Recorrido virtual\",\"item\":\"https:\\\/\\\/www.kz-gedenkstaette-dachau.de\\\/es\\\/sitio-historico\\\/recorrido-virtual\\\/\"},{\"@type\":\"ListItem\",\"position\":4,\"name\":\"Secci\u00f3n Pol\u00edtica\"}]},{\"@type\":\"WebSite\",\"@id\":\"https:\\\/\\\/www.kz-gedenkstaette-dachau.de\\\/#website\",\"url\":\"https:\\\/\\\/www.kz-gedenkstaette-dachau.de\\\/\",\"name\":\"KZ Gedenkst\u00e4tte Dachau\",\"description\":\"\",\"potentialAction\":[{\"@type\":\"SearchAction\",\"target\":{\"@type\":\"EntryPoint\",\"urlTemplate\":\"https:\\\/\\\/www.kz-gedenkstaette-dachau.de\\\/?s={search_term_string}\"},\"query-input\":{\"@type\":\"PropertyValueSpecification\",\"valueRequired\":true,\"valueName\":\"search_term_string\"}}],\"inLanguage\":\"es\"}]}<\/script>\n<!-- \/ Yoast SEO plugin. -->","yoast_head_json":{"title":"Secci\u00f3n Pol\u00edtica - KZ Gedenkst\u00e4tte Dachau","robots":{"index":"index","follow":"follow","max-snippet":"max-snippet:-1","max-image-preview":"max-image-preview:large","max-video-preview":"max-video-preview:-1"},"canonical":"https:\/\/www.kz-gedenkstaette-dachau.de\/es\/sitio-historico\/recorrido-virtual\/seccion-politica\/","og_locale":"es_ES","og_type":"article","og_title":"Secci\u00f3n Pol\u00edtica - KZ Gedenkst\u00e4tte Dachau","og_description":"Por la v\u00eda que conduce del centro para visitantes al Jourhaus se pueden ver ocho \u00e1ngulos met\u00e1licos que se\u00f1alan el lugar de una construcci\u00f3n hist\u00f3rica que ya no existe: el edificio de planta larga de la Secci\u00f3n Pol\u00edtica de la Gestapo. En las salas de este edificio iniciaba, por lo regular, el traum\u00e1tico procedimiento de... Ver art\u00edculo","og_url":"https:\/\/www.kz-gedenkstaette-dachau.de\/es\/sitio-historico\/recorrido-virtual\/seccion-politica\/","og_site_name":"KZ Gedenkst\u00e4tte Dachau","article_modified_time":"2020-02-12T16:10:20+00:00","twitter_card":"summary_large_image","twitter_misc":{"Tiempo de lectura":"1 minuto"},"schema":{"@context":"https:\/\/schema.org","@graph":[{"@type":"WebPage","@id":"https:\/\/www.kz-gedenkstaette-dachau.de\/es\/sitio-historico\/recorrido-virtual\/seccion-politica\/","url":"https:\/\/www.kz-gedenkstaette-dachau.de\/es\/sitio-historico\/recorrido-virtual\/seccion-politica\/","name":"Secci\u00f3n Pol\u00edtica - KZ Gedenkst\u00e4tte Dachau","isPartOf":{"@id":"https:\/\/www.kz-gedenkstaette-dachau.de\/#website"},"datePublished":"2018-09-04T07:29:59+00:00","dateModified":"2020-02-12T16:10:20+00:00","breadcrumb":{"@id":"https:\/\/www.kz-gedenkstaette-dachau.de\/es\/sitio-historico\/recorrido-virtual\/seccion-politica\/#breadcrumb"},"inLanguage":"es","potentialAction":[{"@type":"ReadAction","target":["https:\/\/www.kz-gedenkstaette-dachau.de\/es\/sitio-historico\/recorrido-virtual\/seccion-politica\/"]}]},{"@type":"BreadcrumbList","@id":"https:\/\/www.kz-gedenkstaette-dachau.de\/es\/sitio-historico\/recorrido-virtual\/seccion-politica\/#breadcrumb","itemListElement":[{"@type":"ListItem","position":1,"name":"Sitio web","item":"https:\/\/www.kz-gedenkstaette-dachau.de\/es\/"},{"@type":"ListItem","position":2,"name":"Sitio hist\u00f3rico","item":"https:\/\/www.kz-gedenkstaette-dachau.de\/es\/sitio-historico\/"},{"@type":"ListItem","position":3,"name":"Recorrido virtual","item":"https:\/\/www.kz-gedenkstaette-dachau.de\/es\/sitio-historico\/recorrido-virtual\/"},{"@type":"ListItem","position":4,"name":"Secci\u00f3n Pol\u00edtica"}]},{"@type":"WebSite","@id":"https:\/\/www.kz-gedenkstaette-dachau.de\/#website","url":"https:\/\/www.kz-gedenkstaette-dachau.de\/","name":"KZ Gedenkst\u00e4tte Dachau","description":"","potentialAction":[{"@type":"SearchAction","target":{"@type":"EntryPoint","urlTemplate":"https:\/\/www.kz-gedenkstaette-dachau.de\/?s={search_term_string}"},"query-input":{"@type":"PropertyValueSpecification","valueRequired":true,"valueName":"search_term_string"}}],"inLanguage":"es"}]}},"_links":{"self":[{"href":"https:\/\/www.kz-gedenkstaette-dachau.de\/es\/wp-json\/wp\/v2\/pages\/56702","targetHints":{"allow":["GET"]}}],"collection":[{"href":"https:\/\/www.kz-gedenkstaette-dachau.de\/es\/wp-json\/wp\/v2\/pages"}],"about":[{"href":"https:\/\/www.kz-gedenkstaette-dachau.de\/es\/wp-json\/wp\/v2\/types\/page"}],"author":[{"embeddable":true,"href":"https:\/\/www.kz-gedenkstaette-dachau.de\/es\/wp-json\/wp\/v2\/users\/1"}],"replies":[{"embeddable":true,"href":"https:\/\/www.kz-gedenkstaette-dachau.de\/es\/wp-json\/wp\/v2\/comments?post=56702"}],"version-history":[{"count":0,"href":"https:\/\/www.kz-gedenkstaette-dachau.de\/es\/wp-json\/wp\/v2\/pages\/56702\/revisions"}],"up":[{"embeddable":true,"href":"https:\/\/www.kz-gedenkstaette-dachau.de\/es\/wp-json\/wp\/v2\/pages\/56696"}],"wp:attachment":[{"href":"https:\/\/www.kz-gedenkstaette-dachau.de\/es\/wp-json\/wp\/v2\/media?parent=56702"}],"curies":[{"name":"wp","href":"https:\/\/api.w.org\/{rel}","templated":true}]}}