{"id":56705,"date":"2018-09-04T12:31:56","date_gmt":"2018-09-04T10:31:56","guid":{"rendered":"https:\/\/www.kz-gedenkstaette-dachau.de\/sitio-historico\/recorrido-virtual\/ueberreste-des-ersten-lagers-1933-1937\/"},"modified":"2024-04-04T17:18:23","modified_gmt":"2024-04-04T15:18:23","slug":"vestigios-del-primer-campo","status":"publish","type":"page","link":"https:\/\/www.kz-gedenkstaette-dachau.de\/es\/sitio-historico\/recorrido-virtual\/vestigios-del-primer-campo\/","title":{"rendered":"Vestigios del primer campo (1933 \u2013 1937)"},"content":{"rendered":"<p>Justo en la entrada del antiguo campo de prisioneros, el <em>Jourhaus<\/em>, est\u00e1 la calle de conexi\u00f3n con el antiguo campo de la SS, hoy, flanqueada por un mont\u00edculo de escombros truncado por una brecha.<\/p>\n<p>En los primeros a\u00f1os del campo, la SS destin\u00f3 esta parte de la antigua f\u00e1brica a servir de cocina de prisioneros, comedor y cuarto de internamiento de reclusos (mont\u00edculo a la izquierda) y de talleres de carpinter\u00eda, cerrajer\u00eda y sastrer\u00eda (mont\u00edculo a la derecha). M\u00e1s tarde, con la ampliaci\u00f3n del campo, varias empresas de la SS, como los Talleres de Vestimenta de la SS y las Plantas Alemanas de Utillaje, se instalaron en este sector.<\/p>\n<p>Las edificaciones fueron demolidas en los a\u00f1os 80. De los escombros se hizo un mont\u00edculo que, carente de brecha, serv\u00eda de frontera entre el memorial y la zona ocupada por los Cuerpos Especiales de la Polic\u00eda de Baviera. La brecha se abri\u00f3 en 2004, con motivo de la nueva configuraci\u00f3n del memorial, lo que dej\u00f3 al descubierto la antigua calle de enlace. En el marco de esas reformas, se hallaron los vestigios de un segmento de ra\u00edles que, mientras existi\u00f3 el campo de concentraci\u00f3n, no sirvieron para el transporte de prisioneros, sino \u00fanicamente para suministrar bienes a las empresas de la SS donde los internos realizaban trabajos forzados. Las naves industriales que se pueden ver hoy en d\u00eda eran la panader\u00eda del campo. Hasta 1935, en esta \u00e1rea se ubicaron tambi\u00e9n el cuartelillo principal, el comedor y la cocina de la SS.<\/p>\n","protected":false},"excerpt":{"rendered":"<p>Justo en la entrada del antiguo campo de prisioneros, el Jourhaus, est\u00e1 la calle de conexi\u00f3n con el antiguo campo de la SS, hoy, flanqueada por un mont\u00edculo de escombros truncado por una brecha. En los primeros a\u00f1os del campo, la SS destin\u00f3 esta parte de la antigua f\u00e1brica a servir de cocina de prisioneros,&#8230; <a class=\"view-article\" href=\"https:\/\/www.kz-gedenkstaette-dachau.de\/es\/sitio-historico\/recorrido-virtual\/vestigios-del-primer-campo\/\">Ver art\u00edculo<\/a><\/p>\n","protected":false},"author":1,"featured_media":0,"parent":56696,"menu_order":300,"comment_status":"closed","ping_status":"closed","template":"page-virtueller_rundgang_unterseite.php","meta":{"_acf_changed":false,"footnotes":""},"class_list":["post-56705","page","type-page","status-publish","hentry"],"acf":[],"yoast_head":"<!-- This site is optimized with the Yoast SEO plugin v27.4 - https:\/\/yoast.com\/product\/yoast-seo-wordpress\/ -->\n<title>Vestigios del primer campo (1933 \u2013 1937) - KZ Gedenkst\u00e4tte Dachau<\/title>\n<meta name=\"robots\" content=\"index, follow, max-snippet:-1, max-image-preview:large, max-video-preview:-1\" \/>\n<link rel=\"canonical\" href=\"https:\/\/www.kz-gedenkstaette-dachau.de\/es\/sitio-historico\/recorrido-virtual\/vestigios-del-primer-campo\/\" \/>\n<meta property=\"og:locale\" content=\"es_ES\" \/>\n<meta property=\"og:type\" content=\"article\" \/>\n<meta property=\"og:title\" content=\"Vestigios del primer campo (1933 \u2013 1937) - KZ Gedenkst\u00e4tte Dachau\" \/>\n<meta property=\"og:description\" content=\"Justo en la entrada del antiguo campo de prisioneros, el Jourhaus, est\u00e1 la calle de conexi\u00f3n con el antiguo campo de la SS, hoy, flanqueada por un mont\u00edculo de escombros truncado por una brecha. En los primeros a\u00f1os del campo, la SS destin\u00f3 esta parte de la antigua f\u00e1brica a servir de cocina de prisioneros,... Ver art\u00edculo\" \/>\n<meta property=\"og:url\" content=\"https:\/\/www.kz-gedenkstaette-dachau.de\/es\/sitio-historico\/recorrido-virtual\/vestigios-del-primer-campo\/\" \/>\n<meta property=\"og:site_name\" content=\"KZ Gedenkst\u00e4tte Dachau\" \/>\n<meta property=\"article:modified_time\" content=\"2024-04-04T15:18:23+00:00\" \/>\n<meta name=\"twitter:card\" content=\"summary_large_image\" \/>\n<meta name=\"twitter:label1\" content=\"Tiempo de lectura\" \/>\n\t<meta name=\"twitter:data1\" content=\"2 minutos\" \/>\n<script type=\"application\/ld+json\" class=\"yoast-schema-graph\">{\"@context\":\"https:\\\/\\\/schema.org\",\"@graph\":[{\"@type\":\"WebPage\",\"@id\":\"https:\\\/\\\/www.kz-gedenkstaette-dachau.de\\\/es\\\/sitio-historico\\\/recorrido-virtual\\\/vestigios-del-primer-campo\\\/\",\"url\":\"https:\\\/\\\/www.kz-gedenkstaette-dachau.de\\\/es\\\/sitio-historico\\\/recorrido-virtual\\\/vestigios-del-primer-campo\\\/\",\"name\":\"Vestigios del primer campo (1933 \u2013 1937) - KZ Gedenkst\u00e4tte Dachau\",\"isPartOf\":{\"@id\":\"https:\\\/\\\/www.kz-gedenkstaette-dachau.de\\\/#website\"},\"datePublished\":\"2018-09-04T10:31:56+00:00\",\"dateModified\":\"2024-04-04T15:18:23+00:00\",\"breadcrumb\":{\"@id\":\"https:\\\/\\\/www.kz-gedenkstaette-dachau.de\\\/es\\\/sitio-historico\\\/recorrido-virtual\\\/vestigios-del-primer-campo\\\/#breadcrumb\"},\"inLanguage\":\"es\",\"potentialAction\":[{\"@type\":\"ReadAction\",\"target\":[\"https:\\\/\\\/www.kz-gedenkstaette-dachau.de\\\/es\\\/sitio-historico\\\/recorrido-virtual\\\/vestigios-del-primer-campo\\\/\"]}]},{\"@type\":\"BreadcrumbList\",\"@id\":\"https:\\\/\\\/www.kz-gedenkstaette-dachau.de\\\/es\\\/sitio-historico\\\/recorrido-virtual\\\/vestigios-del-primer-campo\\\/#breadcrumb\",\"itemListElement\":[{\"@type\":\"ListItem\",\"position\":1,\"name\":\"Sitio web\",\"item\":\"https:\\\/\\\/www.kz-gedenkstaette-dachau.de\\\/es\\\/\"},{\"@type\":\"ListItem\",\"position\":2,\"name\":\"Sitio hist\u00f3rico\",\"item\":\"https:\\\/\\\/www.kz-gedenkstaette-dachau.de\\\/es\\\/sitio-historico\\\/\"},{\"@type\":\"ListItem\",\"position\":3,\"name\":\"Recorrido virtual\",\"item\":\"https:\\\/\\\/www.kz-gedenkstaette-dachau.de\\\/es\\\/sitio-historico\\\/recorrido-virtual\\\/\"},{\"@type\":\"ListItem\",\"position\":4,\"name\":\"Vestigios del primer campo (1933 \u2013 1937)\"}]},{\"@type\":\"WebSite\",\"@id\":\"https:\\\/\\\/www.kz-gedenkstaette-dachau.de\\\/#website\",\"url\":\"https:\\\/\\\/www.kz-gedenkstaette-dachau.de\\\/\",\"name\":\"KZ Gedenkst\u00e4tte Dachau\",\"description\":\"\",\"potentialAction\":[{\"@type\":\"SearchAction\",\"target\":{\"@type\":\"EntryPoint\",\"urlTemplate\":\"https:\\\/\\\/www.kz-gedenkstaette-dachau.de\\\/?s={search_term_string}\"},\"query-input\":{\"@type\":\"PropertyValueSpecification\",\"valueRequired\":true,\"valueName\":\"search_term_string\"}}],\"inLanguage\":\"es\"}]}<\/script>\n<!-- \/ Yoast SEO plugin. -->","yoast_head_json":{"title":"Vestigios del primer campo (1933 \u2013 1937) - KZ Gedenkst\u00e4tte Dachau","robots":{"index":"index","follow":"follow","max-snippet":"max-snippet:-1","max-image-preview":"max-image-preview:large","max-video-preview":"max-video-preview:-1"},"canonical":"https:\/\/www.kz-gedenkstaette-dachau.de\/es\/sitio-historico\/recorrido-virtual\/vestigios-del-primer-campo\/","og_locale":"es_ES","og_type":"article","og_title":"Vestigios del primer campo (1933 \u2013 1937) - KZ Gedenkst\u00e4tte Dachau","og_description":"Justo en la entrada del antiguo campo de prisioneros, el Jourhaus, est\u00e1 la calle de conexi\u00f3n con el antiguo campo de la SS, hoy, flanqueada por un mont\u00edculo de escombros truncado por una brecha. En los primeros a\u00f1os del campo, la SS destin\u00f3 esta parte de la antigua f\u00e1brica a servir de cocina de prisioneros,... Ver art\u00edculo","og_url":"https:\/\/www.kz-gedenkstaette-dachau.de\/es\/sitio-historico\/recorrido-virtual\/vestigios-del-primer-campo\/","og_site_name":"KZ Gedenkst\u00e4tte Dachau","article_modified_time":"2024-04-04T15:18:23+00:00","twitter_card":"summary_large_image","twitter_misc":{"Tiempo de lectura":"2 minutos"},"schema":{"@context":"https:\/\/schema.org","@graph":[{"@type":"WebPage","@id":"https:\/\/www.kz-gedenkstaette-dachau.de\/es\/sitio-historico\/recorrido-virtual\/vestigios-del-primer-campo\/","url":"https:\/\/www.kz-gedenkstaette-dachau.de\/es\/sitio-historico\/recorrido-virtual\/vestigios-del-primer-campo\/","name":"Vestigios del primer campo (1933 \u2013 1937) - KZ Gedenkst\u00e4tte Dachau","isPartOf":{"@id":"https:\/\/www.kz-gedenkstaette-dachau.de\/#website"},"datePublished":"2018-09-04T10:31:56+00:00","dateModified":"2024-04-04T15:18:23+00:00","breadcrumb":{"@id":"https:\/\/www.kz-gedenkstaette-dachau.de\/es\/sitio-historico\/recorrido-virtual\/vestigios-del-primer-campo\/#breadcrumb"},"inLanguage":"es","potentialAction":[{"@type":"ReadAction","target":["https:\/\/www.kz-gedenkstaette-dachau.de\/es\/sitio-historico\/recorrido-virtual\/vestigios-del-primer-campo\/"]}]},{"@type":"BreadcrumbList","@id":"https:\/\/www.kz-gedenkstaette-dachau.de\/es\/sitio-historico\/recorrido-virtual\/vestigios-del-primer-campo\/#breadcrumb","itemListElement":[{"@type":"ListItem","position":1,"name":"Sitio web","item":"https:\/\/www.kz-gedenkstaette-dachau.de\/es\/"},{"@type":"ListItem","position":2,"name":"Sitio hist\u00f3rico","item":"https:\/\/www.kz-gedenkstaette-dachau.de\/es\/sitio-historico\/"},{"@type":"ListItem","position":3,"name":"Recorrido virtual","item":"https:\/\/www.kz-gedenkstaette-dachau.de\/es\/sitio-historico\/recorrido-virtual\/"},{"@type":"ListItem","position":4,"name":"Vestigios del primer campo (1933 \u2013 1937)"}]},{"@type":"WebSite","@id":"https:\/\/www.kz-gedenkstaette-dachau.de\/#website","url":"https:\/\/www.kz-gedenkstaette-dachau.de\/","name":"KZ Gedenkst\u00e4tte Dachau","description":"","potentialAction":[{"@type":"SearchAction","target":{"@type":"EntryPoint","urlTemplate":"https:\/\/www.kz-gedenkstaette-dachau.de\/?s={search_term_string}"},"query-input":{"@type":"PropertyValueSpecification","valueRequired":true,"valueName":"search_term_string"}}],"inLanguage":"es"}]}},"_links":{"self":[{"href":"https:\/\/www.kz-gedenkstaette-dachau.de\/es\/wp-json\/wp\/v2\/pages\/56705","targetHints":{"allow":["GET"]}}],"collection":[{"href":"https:\/\/www.kz-gedenkstaette-dachau.de\/es\/wp-json\/wp\/v2\/pages"}],"about":[{"href":"https:\/\/www.kz-gedenkstaette-dachau.de\/es\/wp-json\/wp\/v2\/types\/page"}],"author":[{"embeddable":true,"href":"https:\/\/www.kz-gedenkstaette-dachau.de\/es\/wp-json\/wp\/v2\/users\/1"}],"replies":[{"embeddable":true,"href":"https:\/\/www.kz-gedenkstaette-dachau.de\/es\/wp-json\/wp\/v2\/comments?post=56705"}],"version-history":[{"count":1,"href":"https:\/\/www.kz-gedenkstaette-dachau.de\/es\/wp-json\/wp\/v2\/pages\/56705\/revisions"}],"predecessor-version":[{"id":90197,"href":"https:\/\/www.kz-gedenkstaette-dachau.de\/es\/wp-json\/wp\/v2\/pages\/56705\/revisions\/90197"}],"up":[{"embeddable":true,"href":"https:\/\/www.kz-gedenkstaette-dachau.de\/es\/wp-json\/wp\/v2\/pages\/56696"}],"wp:attachment":[{"href":"https:\/\/www.kz-gedenkstaette-dachau.de\/es\/wp-json\/wp\/v2\/media?parent=56705"}],"curies":[{"name":"wp","href":"https:\/\/api.w.org\/{rel}","templated":true}]}}