{"id":56708,"date":"2018-09-04T12:34:47","date_gmt":"2018-09-04T10:34:47","guid":{"rendered":"https:\/\/www.kz-gedenkstaette-dachau.de\/sitio-historico\/recorrido-virtual\/ss-lager\/"},"modified":"2020-02-12T17:22:16","modified_gmt":"2020-02-12T16:22:16","slug":"campo-de-la-ss","status":"publish","type":"page","link":"https:\/\/www.kz-gedenkstaette-dachau.de\/es\/sitio-historico\/recorrido-virtual\/campo-de-la-ss\/","title":{"rendered":"Campo de la SS"},"content":{"rendered":"<p>El sector m\u00e1s grande del antiguo campo de concentraci\u00f3n de Dachau, el campo de la SS, est\u00e1 vedado al p\u00fablico. Los Cuerpos Especiales de la Polic\u00eda de Baviera hacen uso de toda esa \u00e1rea. Sin embargo, gracias a la brecha que trunca el mont\u00edculo de escombros, los visitantes pueden echar un vistazo a este sector tan importante para la topograf\u00eda del entonces campo de concentraci\u00f3n.<\/p>\n<p>Junto al campo de prisioneros, se observa lo que era la zona de la comandancia. Existen a\u00fan la panader\u00eda (a la izquierda) y las oficinas de comandancia (a la derecha). Era ah\u00ed donde el comandante transmit\u00eda sus \u00f3rdenes a las tropas de custodia y donde encabezaba la unidad central de administraci\u00f3n y organizaci\u00f3n del campo, en otras palabras, el estado mayor de la comandancia. Esta c\u00fapula directiva fue la principal responsable de los cr\u00edmenes perpetrados en el campo de concentraci\u00f3n. Este sector albergaba tambi\u00e9n el cuartel de los guardias armados de la SS que ocupaban las atalayas, que custodiaban los comandos de trabajo de los prisioneros y, a partir de 1940, tambi\u00e9n la zona de crematorios.<\/p>\n<p>El campo de entrenamiento de la SS quedaba justo atr\u00e1s de la comandancia. Era un sitio destinado a las unidades de la SS que acud\u00edan a Dachau para su formaci\u00f3n militar e ideol\u00f3gica. El r\u00e9gimen nacionalsocialista hizo de la SS una organizaci\u00f3n elitista y una tropa de combate militar. Este sector contaba con todo tipo de instalaciones para su adiestramiento, urbanizaciones, sedes administrativas, centros de avituallamiento y empresas. Los prisioneros fueron obligados a trabajar no solo en las obras de construcci\u00f3n, sino tambi\u00e9n en las empresas que se instalaron en esta \u00e1rea.<\/p>\n","protected":false},"excerpt":{"rendered":"<p>El sector m\u00e1s grande del antiguo campo de concentraci\u00f3n de Dachau, el campo de la SS, est\u00e1 vedado al p\u00fablico. Los Cuerpos Especiales de la Polic\u00eda de Baviera hacen uso de toda esa \u00e1rea. Sin embargo, gracias a la brecha que trunca el mont\u00edculo de escombros, los visitantes pueden echar un vistazo a este sector&#8230; <a class=\"view-article\" href=\"https:\/\/www.kz-gedenkstaette-dachau.de\/es\/sitio-historico\/recorrido-virtual\/campo-de-la-ss\/\">Ver art\u00edculo<\/a><\/p>\n","protected":false},"author":1,"featured_media":0,"parent":56696,"menu_order":400,"comment_status":"closed","ping_status":"closed","template":"page-virtueller_rundgang_unterseite.php","meta":{"_acf_changed":false,"footnotes":""},"class_list":["post-56708","page","type-page","status-publish","hentry"],"acf":[],"yoast_head":"<!-- This site is optimized with the Yoast SEO plugin v27.4 - https:\/\/yoast.com\/product\/yoast-seo-wordpress\/ -->\n<title>Campo de la SS - KZ Gedenkst\u00e4tte Dachau<\/title>\n<meta name=\"robots\" content=\"index, follow, max-snippet:-1, max-image-preview:large, max-video-preview:-1\" \/>\n<link rel=\"canonical\" href=\"https:\/\/www.kz-gedenkstaette-dachau.de\/es\/sitio-historico\/recorrido-virtual\/campo-de-la-ss\/\" \/>\n<meta property=\"og:locale\" content=\"es_ES\" \/>\n<meta property=\"og:type\" content=\"article\" \/>\n<meta property=\"og:title\" content=\"Campo de la SS - KZ Gedenkst\u00e4tte Dachau\" \/>\n<meta property=\"og:description\" content=\"El sector m\u00e1s grande del antiguo campo de concentraci\u00f3n de Dachau, el campo de la SS, est\u00e1 vedado al p\u00fablico. Los Cuerpos Especiales de la Polic\u00eda de Baviera hacen uso de toda esa \u00e1rea. Sin embargo, gracias a la brecha que trunca el mont\u00edculo de escombros, los visitantes pueden echar un vistazo a este sector... Ver art\u00edculo\" \/>\n<meta property=\"og:url\" content=\"https:\/\/www.kz-gedenkstaette-dachau.de\/es\/sitio-historico\/recorrido-virtual\/campo-de-la-ss\/\" \/>\n<meta property=\"og:site_name\" content=\"KZ Gedenkst\u00e4tte Dachau\" \/>\n<meta property=\"article:modified_time\" content=\"2020-02-12T16:22:16+00:00\" \/>\n<meta name=\"twitter:card\" content=\"summary_large_image\" \/>\n<meta name=\"twitter:label1\" content=\"Tiempo de lectura\" \/>\n\t<meta name=\"twitter:data1\" content=\"1 minuto\" \/>\n<script type=\"application\/ld+json\" class=\"yoast-schema-graph\">{\"@context\":\"https:\\\/\\\/schema.org\",\"@graph\":[{\"@type\":\"WebPage\",\"@id\":\"https:\\\/\\\/www.kz-gedenkstaette-dachau.de\\\/es\\\/sitio-historico\\\/recorrido-virtual\\\/campo-de-la-ss\\\/\",\"url\":\"https:\\\/\\\/www.kz-gedenkstaette-dachau.de\\\/es\\\/sitio-historico\\\/recorrido-virtual\\\/campo-de-la-ss\\\/\",\"name\":\"Campo de la SS - KZ Gedenkst\u00e4tte Dachau\",\"isPartOf\":{\"@id\":\"https:\\\/\\\/www.kz-gedenkstaette-dachau.de\\\/#website\"},\"datePublished\":\"2018-09-04T10:34:47+00:00\",\"dateModified\":\"2020-02-12T16:22:16+00:00\",\"breadcrumb\":{\"@id\":\"https:\\\/\\\/www.kz-gedenkstaette-dachau.de\\\/es\\\/sitio-historico\\\/recorrido-virtual\\\/campo-de-la-ss\\\/#breadcrumb\"},\"inLanguage\":\"es\",\"potentialAction\":[{\"@type\":\"ReadAction\",\"target\":[\"https:\\\/\\\/www.kz-gedenkstaette-dachau.de\\\/es\\\/sitio-historico\\\/recorrido-virtual\\\/campo-de-la-ss\\\/\"]}]},{\"@type\":\"BreadcrumbList\",\"@id\":\"https:\\\/\\\/www.kz-gedenkstaette-dachau.de\\\/es\\\/sitio-historico\\\/recorrido-virtual\\\/campo-de-la-ss\\\/#breadcrumb\",\"itemListElement\":[{\"@type\":\"ListItem\",\"position\":1,\"name\":\"Sitio web\",\"item\":\"https:\\\/\\\/www.kz-gedenkstaette-dachau.de\\\/es\\\/\"},{\"@type\":\"ListItem\",\"position\":2,\"name\":\"Sitio hist\u00f3rico\",\"item\":\"https:\\\/\\\/www.kz-gedenkstaette-dachau.de\\\/es\\\/sitio-historico\\\/\"},{\"@type\":\"ListItem\",\"position\":3,\"name\":\"Recorrido virtual\",\"item\":\"https:\\\/\\\/www.kz-gedenkstaette-dachau.de\\\/es\\\/sitio-historico\\\/recorrido-virtual\\\/\"},{\"@type\":\"ListItem\",\"position\":4,\"name\":\"Campo de la SS\"}]},{\"@type\":\"WebSite\",\"@id\":\"https:\\\/\\\/www.kz-gedenkstaette-dachau.de\\\/#website\",\"url\":\"https:\\\/\\\/www.kz-gedenkstaette-dachau.de\\\/\",\"name\":\"KZ Gedenkst\u00e4tte Dachau\",\"description\":\"\",\"potentialAction\":[{\"@type\":\"SearchAction\",\"target\":{\"@type\":\"EntryPoint\",\"urlTemplate\":\"https:\\\/\\\/www.kz-gedenkstaette-dachau.de\\\/?s={search_term_string}\"},\"query-input\":{\"@type\":\"PropertyValueSpecification\",\"valueRequired\":true,\"valueName\":\"search_term_string\"}}],\"inLanguage\":\"es\"}]}<\/script>\n<!-- \/ Yoast SEO plugin. -->","yoast_head_json":{"title":"Campo de la SS - KZ Gedenkst\u00e4tte Dachau","robots":{"index":"index","follow":"follow","max-snippet":"max-snippet:-1","max-image-preview":"max-image-preview:large","max-video-preview":"max-video-preview:-1"},"canonical":"https:\/\/www.kz-gedenkstaette-dachau.de\/es\/sitio-historico\/recorrido-virtual\/campo-de-la-ss\/","og_locale":"es_ES","og_type":"article","og_title":"Campo de la SS - KZ Gedenkst\u00e4tte Dachau","og_description":"El sector m\u00e1s grande del antiguo campo de concentraci\u00f3n de Dachau, el campo de la SS, est\u00e1 vedado al p\u00fablico. Los Cuerpos Especiales de la Polic\u00eda de Baviera hacen uso de toda esa \u00e1rea. Sin embargo, gracias a la brecha que trunca el mont\u00edculo de escombros, los visitantes pueden echar un vistazo a este sector... Ver art\u00edculo","og_url":"https:\/\/www.kz-gedenkstaette-dachau.de\/es\/sitio-historico\/recorrido-virtual\/campo-de-la-ss\/","og_site_name":"KZ Gedenkst\u00e4tte Dachau","article_modified_time":"2020-02-12T16:22:16+00:00","twitter_card":"summary_large_image","twitter_misc":{"Tiempo de lectura":"1 minuto"},"schema":{"@context":"https:\/\/schema.org","@graph":[{"@type":"WebPage","@id":"https:\/\/www.kz-gedenkstaette-dachau.de\/es\/sitio-historico\/recorrido-virtual\/campo-de-la-ss\/","url":"https:\/\/www.kz-gedenkstaette-dachau.de\/es\/sitio-historico\/recorrido-virtual\/campo-de-la-ss\/","name":"Campo de la SS - KZ Gedenkst\u00e4tte Dachau","isPartOf":{"@id":"https:\/\/www.kz-gedenkstaette-dachau.de\/#website"},"datePublished":"2018-09-04T10:34:47+00:00","dateModified":"2020-02-12T16:22:16+00:00","breadcrumb":{"@id":"https:\/\/www.kz-gedenkstaette-dachau.de\/es\/sitio-historico\/recorrido-virtual\/campo-de-la-ss\/#breadcrumb"},"inLanguage":"es","potentialAction":[{"@type":"ReadAction","target":["https:\/\/www.kz-gedenkstaette-dachau.de\/es\/sitio-historico\/recorrido-virtual\/campo-de-la-ss\/"]}]},{"@type":"BreadcrumbList","@id":"https:\/\/www.kz-gedenkstaette-dachau.de\/es\/sitio-historico\/recorrido-virtual\/campo-de-la-ss\/#breadcrumb","itemListElement":[{"@type":"ListItem","position":1,"name":"Sitio web","item":"https:\/\/www.kz-gedenkstaette-dachau.de\/es\/"},{"@type":"ListItem","position":2,"name":"Sitio hist\u00f3rico","item":"https:\/\/www.kz-gedenkstaette-dachau.de\/es\/sitio-historico\/"},{"@type":"ListItem","position":3,"name":"Recorrido virtual","item":"https:\/\/www.kz-gedenkstaette-dachau.de\/es\/sitio-historico\/recorrido-virtual\/"},{"@type":"ListItem","position":4,"name":"Campo de la SS"}]},{"@type":"WebSite","@id":"https:\/\/www.kz-gedenkstaette-dachau.de\/#website","url":"https:\/\/www.kz-gedenkstaette-dachau.de\/","name":"KZ Gedenkst\u00e4tte Dachau","description":"","potentialAction":[{"@type":"SearchAction","target":{"@type":"EntryPoint","urlTemplate":"https:\/\/www.kz-gedenkstaette-dachau.de\/?s={search_term_string}"},"query-input":{"@type":"PropertyValueSpecification","valueRequired":true,"valueName":"search_term_string"}}],"inLanguage":"es"}]}},"_links":{"self":[{"href":"https:\/\/www.kz-gedenkstaette-dachau.de\/es\/wp-json\/wp\/v2\/pages\/56708","targetHints":{"allow":["GET"]}}],"collection":[{"href":"https:\/\/www.kz-gedenkstaette-dachau.de\/es\/wp-json\/wp\/v2\/pages"}],"about":[{"href":"https:\/\/www.kz-gedenkstaette-dachau.de\/es\/wp-json\/wp\/v2\/types\/page"}],"author":[{"embeddable":true,"href":"https:\/\/www.kz-gedenkstaette-dachau.de\/es\/wp-json\/wp\/v2\/users\/1"}],"replies":[{"embeddable":true,"href":"https:\/\/www.kz-gedenkstaette-dachau.de\/es\/wp-json\/wp\/v2\/comments?post=56708"}],"version-history":[{"count":0,"href":"https:\/\/www.kz-gedenkstaette-dachau.de\/es\/wp-json\/wp\/v2\/pages\/56708\/revisions"}],"up":[{"embeddable":true,"href":"https:\/\/www.kz-gedenkstaette-dachau.de\/es\/wp-json\/wp\/v2\/pages\/56696"}],"wp:attachment":[{"href":"https:\/\/www.kz-gedenkstaette-dachau.de\/es\/wp-json\/wp\/v2\/media?parent=56708"}],"curies":[{"name":"wp","href":"https:\/\/api.w.org\/{rel}","templated":true}]}}