{"id":56710,"date":"2018-09-04T12:36:58","date_gmt":"2018-09-04T10:36:58","guid":{"rendered":"https:\/\/www.kz-gedenkstaette-dachau.de\/sitio-historico\/recorrido-virtual\/jourhaus-mit-lagertor\/"},"modified":"2020-04-01T17:01:46","modified_gmt":"2020-04-01T15:01:46","slug":"jourhaus","status":"publish","type":"page","link":"https:\/\/www.kz-gedenkstaette-dachau.de\/es\/sitio-historico\/recorrido-virtual\/jourhaus\/","title":{"rendered":"Jourhaus: la puerta al campo de prisioneros"},"content":{"rendered":"<p>El <em>Jourhaus<\/em> era la puerta del campo de prisioneros que, seg\u00fan la nomenclatura oficial de la SS, se llamaba \u201ccampo de arresto precautorio\u201d. Este edificio era tambi\u00e9n sede de oficinas tanto de la Secci\u00f3n Pol\u00edtica como de las unidades de la SS responsables del campo. Fue erigido por prisioneros en 1936 como parte de las obras del nuevo campo. El t\u00e9rmino <em>Jourhaus<\/em> tiene sus ra\u00edces en la jerga militar. <em>Jour<\/em> significa d\u00eda en franc\u00e9s, mientras que <em>Haus<\/em> es casa en alem\u00e1n; por lo tanto, en el <em>Jourhaus<\/em> se alojaba el servicio diurno. La direcci\u00f3n de turno designaba el trabajo a los internos, controlaba los barracones, solicitaba las sanciones y organizaba los grupos de custodia. Desde el punto de vista de los reclusos, el <em>Jourhaus<\/em> era el s\u00edmbolo del poder\u00edo de la SS.<\/p>\n<p>La SS designaba y controlaba a los \u201cprisioneros con funciones\u201d que, al asumir toda una serie de tareas relacionadas con la custodia, el control y la administraci\u00f3n, se tornaban completamente dependientes de ella. Estaban obligados a cumplir sus \u00f3rdenes, aun cuando estas significasen una amenaza para la salud y la vida de sus compa\u00f1eros de reclusi\u00f3n, ya que, de no hacerlo, ser\u00edan ellos v\u00edctimas de su castigo. Pero, a pesar de todo, muchos supieron aprovechar sus puestos para proteger a sus compa\u00f1eros. El empleo de los \u201cprisioneros con funciones\u201d fue uno de los instrumentos de dominio de la SS.<\/p>\n<p>Todo prisionero reci\u00e9n llegado pasaba por la puerta de hierro forjado del <em>Jourhaus<\/em> con la inscripci\u00f3n que dice \u201cEl trabajo libera\u201d. Esta consigna es reflejo de c\u00f3mo la propaganda nacionalsocialista trivializaba la realidad con el prop\u00f3sito de que los campos de concentraci\u00f3n fueran vistos como \u201ccampos de trabajo y de educaci\u00f3n\u201d. Pero tambi\u00e9n es muestra de injuria a los prisioneros, pues los trabajos forzados eran, en efecto, un instrumento de exterminio y de terror de la SS.<\/p>\n","protected":false},"excerpt":{"rendered":"<p>El Jourhaus era la puerta del campo de prisioneros que, seg\u00fan la nomenclatura oficial de la SS, se llamaba \u201ccampo de arresto precautorio\u201d. Este edificio era tambi\u00e9n sede de oficinas tanto de la Secci\u00f3n Pol\u00edtica como de las unidades de la SS responsables del campo. Fue erigido por prisioneros en 1936 como parte de las&#8230; <a class=\"view-article\" href=\"https:\/\/www.kz-gedenkstaette-dachau.de\/es\/sitio-historico\/recorrido-virtual\/jourhaus\/\">Ver art\u00edculo<\/a><\/p>\n","protected":false},"author":1,"featured_media":0,"parent":56696,"menu_order":500,"comment_status":"closed","ping_status":"closed","template":"page-virtueller_rundgang_unterseite.php","meta":{"_acf_changed":false,"footnotes":""},"class_list":["post-56710","page","type-page","status-publish","hentry"],"acf":[],"yoast_head":"<!-- This site is optimized with the Yoast SEO plugin v27.3 - https:\/\/yoast.com\/product\/yoast-seo-wordpress\/ -->\n<title>Jourhaus: la puerta al campo de prisioneros - KZ Gedenkst\u00e4tte Dachau<\/title>\n<meta name=\"robots\" content=\"index, follow, max-snippet:-1, max-image-preview:large, max-video-preview:-1\" \/>\n<link rel=\"canonical\" href=\"https:\/\/www.kz-gedenkstaette-dachau.de\/es\/sitio-historico\/recorrido-virtual\/jourhaus\/\" \/>\n<meta property=\"og:locale\" content=\"es_ES\" \/>\n<meta property=\"og:type\" content=\"article\" \/>\n<meta property=\"og:title\" content=\"Jourhaus: la puerta al campo de prisioneros - KZ Gedenkst\u00e4tte Dachau\" \/>\n<meta property=\"og:description\" content=\"El Jourhaus era la puerta del campo de prisioneros que, seg\u00fan la nomenclatura oficial de la SS, se llamaba \u201ccampo de arresto precautorio\u201d. Este edificio era tambi\u00e9n sede de oficinas tanto de la Secci\u00f3n Pol\u00edtica como de las unidades de la SS responsables del campo. Fue erigido por prisioneros en 1936 como parte de las... Ver art\u00edculo\" \/>\n<meta property=\"og:url\" content=\"https:\/\/www.kz-gedenkstaette-dachau.de\/es\/sitio-historico\/recorrido-virtual\/jourhaus\/\" \/>\n<meta property=\"og:site_name\" content=\"KZ Gedenkst\u00e4tte Dachau\" \/>\n<meta property=\"article:modified_time\" content=\"2020-04-01T15:01:46+00:00\" \/>\n<meta name=\"twitter:card\" content=\"summary_large_image\" \/>\n<meta name=\"twitter:label1\" content=\"Tiempo de lectura\" \/>\n\t<meta name=\"twitter:data1\" content=\"2 minutos\" \/>\n<script type=\"application\/ld+json\" class=\"yoast-schema-graph\">{\"@context\":\"https:\\\/\\\/schema.org\",\"@graph\":[{\"@type\":\"WebPage\",\"@id\":\"https:\\\/\\\/www.kz-gedenkstaette-dachau.de\\\/es\\\/sitio-historico\\\/recorrido-virtual\\\/jourhaus\\\/\",\"url\":\"https:\\\/\\\/www.kz-gedenkstaette-dachau.de\\\/es\\\/sitio-historico\\\/recorrido-virtual\\\/jourhaus\\\/\",\"name\":\"Jourhaus: la puerta al campo de prisioneros - KZ Gedenkst\u00e4tte Dachau\",\"isPartOf\":{\"@id\":\"https:\\\/\\\/www.kz-gedenkstaette-dachau.de\\\/#website\"},\"datePublished\":\"2018-09-04T10:36:58+00:00\",\"dateModified\":\"2020-04-01T15:01:46+00:00\",\"breadcrumb\":{\"@id\":\"https:\\\/\\\/www.kz-gedenkstaette-dachau.de\\\/es\\\/sitio-historico\\\/recorrido-virtual\\\/jourhaus\\\/#breadcrumb\"},\"inLanguage\":\"es\",\"potentialAction\":[{\"@type\":\"ReadAction\",\"target\":[\"https:\\\/\\\/www.kz-gedenkstaette-dachau.de\\\/es\\\/sitio-historico\\\/recorrido-virtual\\\/jourhaus\\\/\"]}]},{\"@type\":\"BreadcrumbList\",\"@id\":\"https:\\\/\\\/www.kz-gedenkstaette-dachau.de\\\/es\\\/sitio-historico\\\/recorrido-virtual\\\/jourhaus\\\/#breadcrumb\",\"itemListElement\":[{\"@type\":\"ListItem\",\"position\":1,\"name\":\"Sitio web\",\"item\":\"https:\\\/\\\/www.kz-gedenkstaette-dachau.de\\\/es\\\/\"},{\"@type\":\"ListItem\",\"position\":2,\"name\":\"Sitio hist\u00f3rico\",\"item\":\"https:\\\/\\\/www.kz-gedenkstaette-dachau.de\\\/es\\\/sitio-historico\\\/\"},{\"@type\":\"ListItem\",\"position\":3,\"name\":\"Recorrido virtual\",\"item\":\"https:\\\/\\\/www.kz-gedenkstaette-dachau.de\\\/es\\\/sitio-historico\\\/recorrido-virtual\\\/\"},{\"@type\":\"ListItem\",\"position\":4,\"name\":\"Jourhaus: la puerta al campo de prisioneros\"}]},{\"@type\":\"WebSite\",\"@id\":\"https:\\\/\\\/www.kz-gedenkstaette-dachau.de\\\/#website\",\"url\":\"https:\\\/\\\/www.kz-gedenkstaette-dachau.de\\\/\",\"name\":\"KZ Gedenkst\u00e4tte Dachau\",\"description\":\"\",\"potentialAction\":[{\"@type\":\"SearchAction\",\"target\":{\"@type\":\"EntryPoint\",\"urlTemplate\":\"https:\\\/\\\/www.kz-gedenkstaette-dachau.de\\\/?s={search_term_string}\"},\"query-input\":{\"@type\":\"PropertyValueSpecification\",\"valueRequired\":true,\"valueName\":\"search_term_string\"}}],\"inLanguage\":\"es\"}]}<\/script>\n<!-- \/ Yoast SEO plugin. -->","yoast_head_json":{"title":"Jourhaus: la puerta al campo de prisioneros - KZ Gedenkst\u00e4tte Dachau","robots":{"index":"index","follow":"follow","max-snippet":"max-snippet:-1","max-image-preview":"max-image-preview:large","max-video-preview":"max-video-preview:-1"},"canonical":"https:\/\/www.kz-gedenkstaette-dachau.de\/es\/sitio-historico\/recorrido-virtual\/jourhaus\/","og_locale":"es_ES","og_type":"article","og_title":"Jourhaus: la puerta al campo de prisioneros - KZ Gedenkst\u00e4tte Dachau","og_description":"El Jourhaus era la puerta del campo de prisioneros que, seg\u00fan la nomenclatura oficial de la SS, se llamaba \u201ccampo de arresto precautorio\u201d. Este edificio era tambi\u00e9n sede de oficinas tanto de la Secci\u00f3n Pol\u00edtica como de las unidades de la SS responsables del campo. Fue erigido por prisioneros en 1936 como parte de las... Ver art\u00edculo","og_url":"https:\/\/www.kz-gedenkstaette-dachau.de\/es\/sitio-historico\/recorrido-virtual\/jourhaus\/","og_site_name":"KZ Gedenkst\u00e4tte Dachau","article_modified_time":"2020-04-01T15:01:46+00:00","twitter_card":"summary_large_image","twitter_misc":{"Tiempo de lectura":"2 minutos"},"schema":{"@context":"https:\/\/schema.org","@graph":[{"@type":"WebPage","@id":"https:\/\/www.kz-gedenkstaette-dachau.de\/es\/sitio-historico\/recorrido-virtual\/jourhaus\/","url":"https:\/\/www.kz-gedenkstaette-dachau.de\/es\/sitio-historico\/recorrido-virtual\/jourhaus\/","name":"Jourhaus: la puerta al campo de prisioneros - KZ Gedenkst\u00e4tte Dachau","isPartOf":{"@id":"https:\/\/www.kz-gedenkstaette-dachau.de\/#website"},"datePublished":"2018-09-04T10:36:58+00:00","dateModified":"2020-04-01T15:01:46+00:00","breadcrumb":{"@id":"https:\/\/www.kz-gedenkstaette-dachau.de\/es\/sitio-historico\/recorrido-virtual\/jourhaus\/#breadcrumb"},"inLanguage":"es","potentialAction":[{"@type":"ReadAction","target":["https:\/\/www.kz-gedenkstaette-dachau.de\/es\/sitio-historico\/recorrido-virtual\/jourhaus\/"]}]},{"@type":"BreadcrumbList","@id":"https:\/\/www.kz-gedenkstaette-dachau.de\/es\/sitio-historico\/recorrido-virtual\/jourhaus\/#breadcrumb","itemListElement":[{"@type":"ListItem","position":1,"name":"Sitio web","item":"https:\/\/www.kz-gedenkstaette-dachau.de\/es\/"},{"@type":"ListItem","position":2,"name":"Sitio hist\u00f3rico","item":"https:\/\/www.kz-gedenkstaette-dachau.de\/es\/sitio-historico\/"},{"@type":"ListItem","position":3,"name":"Recorrido virtual","item":"https:\/\/www.kz-gedenkstaette-dachau.de\/es\/sitio-historico\/recorrido-virtual\/"},{"@type":"ListItem","position":4,"name":"Jourhaus: la puerta al campo de prisioneros"}]},{"@type":"WebSite","@id":"https:\/\/www.kz-gedenkstaette-dachau.de\/#website","url":"https:\/\/www.kz-gedenkstaette-dachau.de\/","name":"KZ Gedenkst\u00e4tte Dachau","description":"","potentialAction":[{"@type":"SearchAction","target":{"@type":"EntryPoint","urlTemplate":"https:\/\/www.kz-gedenkstaette-dachau.de\/?s={search_term_string}"},"query-input":{"@type":"PropertyValueSpecification","valueRequired":true,"valueName":"search_term_string"}}],"inLanguage":"es"}]}},"_links":{"self":[{"href":"https:\/\/www.kz-gedenkstaette-dachau.de\/es\/wp-json\/wp\/v2\/pages\/56710","targetHints":{"allow":["GET"]}}],"collection":[{"href":"https:\/\/www.kz-gedenkstaette-dachau.de\/es\/wp-json\/wp\/v2\/pages"}],"about":[{"href":"https:\/\/www.kz-gedenkstaette-dachau.de\/es\/wp-json\/wp\/v2\/types\/page"}],"author":[{"embeddable":true,"href":"https:\/\/www.kz-gedenkstaette-dachau.de\/es\/wp-json\/wp\/v2\/users\/1"}],"replies":[{"embeddable":true,"href":"https:\/\/www.kz-gedenkstaette-dachau.de\/es\/wp-json\/wp\/v2\/comments?post=56710"}],"version-history":[{"count":0,"href":"https:\/\/www.kz-gedenkstaette-dachau.de\/es\/wp-json\/wp\/v2\/pages\/56710\/revisions"}],"up":[{"embeddable":true,"href":"https:\/\/www.kz-gedenkstaette-dachau.de\/es\/wp-json\/wp\/v2\/pages\/56696"}],"wp:attachment":[{"href":"https:\/\/www.kz-gedenkstaette-dachau.de\/es\/wp-json\/wp\/v2\/media?parent=56710"}],"curies":[{"name":"wp","href":"https:\/\/api.w.org\/{rel}","templated":true}]}}