{"id":56716,"date":"2018-09-04T12:37:37","date_gmt":"2018-09-04T10:37:37","guid":{"rendered":"https:\/\/www.kz-gedenkstaette-dachau.de\/sitio-historico\/recorrido-virtual\/appellplatz\/"},"modified":"2020-02-12T17:27:46","modified_gmt":"2020-02-12T16:27:46","slug":"patio-de-revista","status":"publish","type":"page","link":"https:\/\/www.kz-gedenkstaette-dachau.de\/es\/sitio-historico\/recorrido-virtual\/patio-de-revista\/","title":{"rendered":"Patio de revista"},"content":{"rendered":"<p>El patio de revista est\u00e1 entre el edificio de la intendencia y los barracones. Es una amplia superficie que la SS usaba para el recuento y los castigos. De ma\u00f1ana, frente a los barracones, los prisioneros se formaban para el prerrecuento. De ah\u00ed sal\u00edan marchando hacia el patio de revista donde se formaban en hileras de diez. Sin importar el tiempo que hac\u00eda, la SS los obligaba a permanecer inertes en posici\u00f3n militar. Por lo regular, el recuento duraba una hora, aunque tampoco era raro que se prolongara. Luego, los prisioneros iban a formarse en sus respectivos comandos de trabajo. Por la tarde, una vez finalizada la jornada, el procedimiento volv\u00eda a repetirse. Si el n\u00famero de reclusos en la revista no concordaba con el n\u00famero de prisioneros en el registro, entonces, de castigo, todos los prisioneros ten\u00edan que permanecer en el patio de revista en posici\u00f3n de firmes hasta que se aclaraba el motivo y la SS les permit\u00eda volver a sus barracones. Muchas veces, el marasmo hac\u00eda que d\u00e9biles y enfermos se desplomaran durante la revista sin que nadie pudiera socorrerlos.<\/p>\n<p>Adem\u00e1s de la posici\u00f3n de firmes, otro de los castigos colectivos consist\u00eda en hacer ejercicios militares en el patio de revista. Bajo su dictado, la SS obligaba a los internos a realizar ejercicios f\u00edsicos hasta la extenuaci\u00f3n. Con af\u00e1n de humillarlos e intimidarlos, los azotaba en el potro en pleno patio de revista ante los ojos de todos.<\/p>\n<p>Durante los meses que precedieron el fin de la guerra, en el campo de concentraci\u00f3n de Dachau imper\u00f3 el m\u00e1s completo hacinamiento. Los prisioneros evacuados de otros campos que, sin cesar, hac\u00edan su arribo a Dachau iban a dar, antes que nada, al patio de revista. Muchos d\u00e9biles y enfermos llegaron solo a morir en \u00e9l.<\/p>\n","protected":false},"excerpt":{"rendered":"<p>El patio de revista est\u00e1 entre el edificio de la intendencia y los barracones. Es una amplia superficie que la SS usaba para el recuento y los castigos. De ma\u00f1ana, frente a los barracones, los prisioneros se formaban para el prerrecuento. De ah\u00ed sal\u00edan marchando hacia el patio de revista donde se formaban en hileras&#8230; <a class=\"view-article\" href=\"https:\/\/www.kz-gedenkstaette-dachau.de\/es\/sitio-historico\/recorrido-virtual\/patio-de-revista\/\">Ver art\u00edculo<\/a><\/p>\n","protected":false},"author":1,"featured_media":0,"parent":56696,"menu_order":600,"comment_status":"closed","ping_status":"closed","template":"page-virtueller_rundgang_unterseite.php","meta":{"_acf_changed":false,"footnotes":""},"class_list":["post-56716","page","type-page","status-publish","hentry"],"acf":[],"yoast_head":"<!-- This site is optimized with the Yoast SEO plugin v27.4 - https:\/\/yoast.com\/product\/yoast-seo-wordpress\/ -->\n<title>Patio de revista - KZ Gedenkst\u00e4tte Dachau<\/title>\n<meta name=\"robots\" content=\"index, follow, max-snippet:-1, max-image-preview:large, max-video-preview:-1\" \/>\n<link rel=\"canonical\" href=\"https:\/\/www.kz-gedenkstaette-dachau.de\/es\/sitio-historico\/recorrido-virtual\/patio-de-revista\/\" \/>\n<meta property=\"og:locale\" content=\"es_ES\" \/>\n<meta property=\"og:type\" content=\"article\" \/>\n<meta property=\"og:title\" content=\"Patio de revista - KZ Gedenkst\u00e4tte Dachau\" \/>\n<meta property=\"og:description\" content=\"El patio de revista est\u00e1 entre el edificio de la intendencia y los barracones. Es una amplia superficie que la SS usaba para el recuento y los castigos. De ma\u00f1ana, frente a los barracones, los prisioneros se formaban para el prerrecuento. De ah\u00ed sal\u00edan marchando hacia el patio de revista donde se formaban en hileras... Ver art\u00edculo\" \/>\n<meta property=\"og:url\" content=\"https:\/\/www.kz-gedenkstaette-dachau.de\/es\/sitio-historico\/recorrido-virtual\/patio-de-revista\/\" \/>\n<meta property=\"og:site_name\" content=\"KZ Gedenkst\u00e4tte Dachau\" \/>\n<meta property=\"article:modified_time\" content=\"2020-02-12T16:27:46+00:00\" \/>\n<meta name=\"twitter:card\" content=\"summary_large_image\" \/>\n<meta name=\"twitter:label1\" content=\"Tiempo de lectura\" \/>\n\t<meta name=\"twitter:data1\" content=\"2 minutos\" \/>\n<script type=\"application\/ld+json\" class=\"yoast-schema-graph\">{\"@context\":\"https:\\\/\\\/schema.org\",\"@graph\":[{\"@type\":\"WebPage\",\"@id\":\"https:\\\/\\\/www.kz-gedenkstaette-dachau.de\\\/es\\\/sitio-historico\\\/recorrido-virtual\\\/patio-de-revista\\\/\",\"url\":\"https:\\\/\\\/www.kz-gedenkstaette-dachau.de\\\/es\\\/sitio-historico\\\/recorrido-virtual\\\/patio-de-revista\\\/\",\"name\":\"Patio de revista - KZ Gedenkst\u00e4tte Dachau\",\"isPartOf\":{\"@id\":\"https:\\\/\\\/www.kz-gedenkstaette-dachau.de\\\/#website\"},\"datePublished\":\"2018-09-04T10:37:37+00:00\",\"dateModified\":\"2020-02-12T16:27:46+00:00\",\"breadcrumb\":{\"@id\":\"https:\\\/\\\/www.kz-gedenkstaette-dachau.de\\\/es\\\/sitio-historico\\\/recorrido-virtual\\\/patio-de-revista\\\/#breadcrumb\"},\"inLanguage\":\"es\",\"potentialAction\":[{\"@type\":\"ReadAction\",\"target\":[\"https:\\\/\\\/www.kz-gedenkstaette-dachau.de\\\/es\\\/sitio-historico\\\/recorrido-virtual\\\/patio-de-revista\\\/\"]}]},{\"@type\":\"BreadcrumbList\",\"@id\":\"https:\\\/\\\/www.kz-gedenkstaette-dachau.de\\\/es\\\/sitio-historico\\\/recorrido-virtual\\\/patio-de-revista\\\/#breadcrumb\",\"itemListElement\":[{\"@type\":\"ListItem\",\"position\":1,\"name\":\"Sitio web\",\"item\":\"https:\\\/\\\/www.kz-gedenkstaette-dachau.de\\\/es\\\/\"},{\"@type\":\"ListItem\",\"position\":2,\"name\":\"Sitio hist\u00f3rico\",\"item\":\"https:\\\/\\\/www.kz-gedenkstaette-dachau.de\\\/es\\\/sitio-historico\\\/\"},{\"@type\":\"ListItem\",\"position\":3,\"name\":\"Recorrido virtual\",\"item\":\"https:\\\/\\\/www.kz-gedenkstaette-dachau.de\\\/es\\\/sitio-historico\\\/recorrido-virtual\\\/\"},{\"@type\":\"ListItem\",\"position\":4,\"name\":\"Patio de revista\"}]},{\"@type\":\"WebSite\",\"@id\":\"https:\\\/\\\/www.kz-gedenkstaette-dachau.de\\\/#website\",\"url\":\"https:\\\/\\\/www.kz-gedenkstaette-dachau.de\\\/\",\"name\":\"KZ Gedenkst\u00e4tte Dachau\",\"description\":\"\",\"potentialAction\":[{\"@type\":\"SearchAction\",\"target\":{\"@type\":\"EntryPoint\",\"urlTemplate\":\"https:\\\/\\\/www.kz-gedenkstaette-dachau.de\\\/?s={search_term_string}\"},\"query-input\":{\"@type\":\"PropertyValueSpecification\",\"valueRequired\":true,\"valueName\":\"search_term_string\"}}],\"inLanguage\":\"es\"}]}<\/script>\n<!-- \/ Yoast SEO plugin. -->","yoast_head_json":{"title":"Patio de revista - KZ Gedenkst\u00e4tte Dachau","robots":{"index":"index","follow":"follow","max-snippet":"max-snippet:-1","max-image-preview":"max-image-preview:large","max-video-preview":"max-video-preview:-1"},"canonical":"https:\/\/www.kz-gedenkstaette-dachau.de\/es\/sitio-historico\/recorrido-virtual\/patio-de-revista\/","og_locale":"es_ES","og_type":"article","og_title":"Patio de revista - KZ Gedenkst\u00e4tte Dachau","og_description":"El patio de revista est\u00e1 entre el edificio de la intendencia y los barracones. Es una amplia superficie que la SS usaba para el recuento y los castigos. De ma\u00f1ana, frente a los barracones, los prisioneros se formaban para el prerrecuento. De ah\u00ed sal\u00edan marchando hacia el patio de revista donde se formaban en hileras... Ver art\u00edculo","og_url":"https:\/\/www.kz-gedenkstaette-dachau.de\/es\/sitio-historico\/recorrido-virtual\/patio-de-revista\/","og_site_name":"KZ Gedenkst\u00e4tte Dachau","article_modified_time":"2020-02-12T16:27:46+00:00","twitter_card":"summary_large_image","twitter_misc":{"Tiempo de lectura":"2 minutos"},"schema":{"@context":"https:\/\/schema.org","@graph":[{"@type":"WebPage","@id":"https:\/\/www.kz-gedenkstaette-dachau.de\/es\/sitio-historico\/recorrido-virtual\/patio-de-revista\/","url":"https:\/\/www.kz-gedenkstaette-dachau.de\/es\/sitio-historico\/recorrido-virtual\/patio-de-revista\/","name":"Patio de revista - KZ Gedenkst\u00e4tte Dachau","isPartOf":{"@id":"https:\/\/www.kz-gedenkstaette-dachau.de\/#website"},"datePublished":"2018-09-04T10:37:37+00:00","dateModified":"2020-02-12T16:27:46+00:00","breadcrumb":{"@id":"https:\/\/www.kz-gedenkstaette-dachau.de\/es\/sitio-historico\/recorrido-virtual\/patio-de-revista\/#breadcrumb"},"inLanguage":"es","potentialAction":[{"@type":"ReadAction","target":["https:\/\/www.kz-gedenkstaette-dachau.de\/es\/sitio-historico\/recorrido-virtual\/patio-de-revista\/"]}]},{"@type":"BreadcrumbList","@id":"https:\/\/www.kz-gedenkstaette-dachau.de\/es\/sitio-historico\/recorrido-virtual\/patio-de-revista\/#breadcrumb","itemListElement":[{"@type":"ListItem","position":1,"name":"Sitio web","item":"https:\/\/www.kz-gedenkstaette-dachau.de\/es\/"},{"@type":"ListItem","position":2,"name":"Sitio hist\u00f3rico","item":"https:\/\/www.kz-gedenkstaette-dachau.de\/es\/sitio-historico\/"},{"@type":"ListItem","position":3,"name":"Recorrido virtual","item":"https:\/\/www.kz-gedenkstaette-dachau.de\/es\/sitio-historico\/recorrido-virtual\/"},{"@type":"ListItem","position":4,"name":"Patio de revista"}]},{"@type":"WebSite","@id":"https:\/\/www.kz-gedenkstaette-dachau.de\/#website","url":"https:\/\/www.kz-gedenkstaette-dachau.de\/","name":"KZ Gedenkst\u00e4tte Dachau","description":"","potentialAction":[{"@type":"SearchAction","target":{"@type":"EntryPoint","urlTemplate":"https:\/\/www.kz-gedenkstaette-dachau.de\/?s={search_term_string}"},"query-input":{"@type":"PropertyValueSpecification","valueRequired":true,"valueName":"search_term_string"}}],"inLanguage":"es"}]}},"_links":{"self":[{"href":"https:\/\/www.kz-gedenkstaette-dachau.de\/es\/wp-json\/wp\/v2\/pages\/56716","targetHints":{"allow":["GET"]}}],"collection":[{"href":"https:\/\/www.kz-gedenkstaette-dachau.de\/es\/wp-json\/wp\/v2\/pages"}],"about":[{"href":"https:\/\/www.kz-gedenkstaette-dachau.de\/es\/wp-json\/wp\/v2\/types\/page"}],"author":[{"embeddable":true,"href":"https:\/\/www.kz-gedenkstaette-dachau.de\/es\/wp-json\/wp\/v2\/users\/1"}],"replies":[{"embeddable":true,"href":"https:\/\/www.kz-gedenkstaette-dachau.de\/es\/wp-json\/wp\/v2\/comments?post=56716"}],"version-history":[{"count":0,"href":"https:\/\/www.kz-gedenkstaette-dachau.de\/es\/wp-json\/wp\/v2\/pages\/56716\/revisions"}],"up":[{"embeddable":true,"href":"https:\/\/www.kz-gedenkstaette-dachau.de\/es\/wp-json\/wp\/v2\/pages\/56696"}],"wp:attachment":[{"href":"https:\/\/www.kz-gedenkstaette-dachau.de\/es\/wp-json\/wp\/v2\/media?parent=56716"}],"curies":[{"name":"wp","href":"https:\/\/api.w.org\/{rel}","templated":true}]}}