{"id":56719,"date":"2018-09-04T12:38:10","date_gmt":"2018-09-04T10:38:10","guid":{"rendered":"https:\/\/www.kz-gedenkstaette-dachau.de\/sitio-historico\/recorrido-virtual\/wirtschaftsgebaeude\/"},"modified":"2024-04-04T17:20:02","modified_gmt":"2024-04-04T15:20:02","slug":"edificio-de-la-intendencia","status":"publish","type":"page","link":"https:\/\/www.kz-gedenkstaette-dachau.de\/es\/sitio-historico\/recorrido-virtual\/edificio-de-la-intendencia\/","title":{"rendered":"Edificio de la intendencia"},"content":{"rendered":"<p>El antiguo edificio de la intendencia alberga hoy la exposici\u00f3n principal del Memorial del Campo de Concentraci\u00f3n de Dachau. Esta muestra documenta la historia del campo de Dachau y el destino de los prisioneros. En el edificio se encuentran tambi\u00e9n la Sala de la Memoria, la sala para exposiciones temporales, la administraci\u00f3n, el archivo y la biblioteca.<\/p>\n<p>La SS mand\u00f3 construir este inmueble como parte de las obras de ampliaci\u00f3n del campo de prisioneros en 1937\/38. Era un espacio con talleres, almacenes y salas funcionales donde la SS explotaba a prisioneros que trabajaban como cerrajeros, electricistas, pintores y fontaneros. Hab\u00eda tambi\u00e9n reclusos trabajando en la lavander\u00eda y en la cocina de prisioneros. Si bien la cocina estaba equipada con aparatos modernos, los internos padec\u00edan la falta permanente de v\u00edveres y hambre.<\/p>\n<p>El edificio de la intendencia era el sitio donde la SS daba seguimiento al humillante procedimiento de ingreso de los reci\u00e9n llegados. Los registraba en el \u201ccuarto de transportes\u201d, donde, adem\u00e1s, se les despojaba de sus ropas y de sus objetos personales. Se les rasuraba de pies a cabeza para luego desinfectarlos y ducharlos. Seguidamente, les daban un uniforme que raras veces era de su talla. La SS almacenaba los objetos personales de los reclusos en la c\u00e1mara de efectos que estaba en el desv\u00e1n.<\/p>\n<p>A partir de 1939, en la cara del tejado que da al patio de revista y los barracones, hubo una cita de Heinrich Himmler en grandes letras blancas que dec\u00eda: \u201cHay un camino a la libertad. Sus hitos son: obediencia, honradez, pulcritud, sobriedad, laboriosidad, orden, sentido del sacrificio, verdad y amor a la patria\u201d, una muestra de cinismo ante los prisioneros y su desesperanza, ya que con el inicio de la guerra, pr\u00e1cticamente se dej\u00f3 de poner en libertad a prisioneros de los campos de concentraci\u00f3n.<\/p>\n","protected":false},"excerpt":{"rendered":"<p>El antiguo edificio de la intendencia alberga hoy la exposici\u00f3n principal del Memorial del Campo de Concentraci\u00f3n de Dachau. Esta muestra documenta la historia del campo de Dachau y el destino de los prisioneros. En el edificio se encuentran tambi\u00e9n la Sala de la Memoria, la sala para exposiciones temporales, la administraci\u00f3n, el archivo y&#8230; <a class=\"view-article\" href=\"https:\/\/www.kz-gedenkstaette-dachau.de\/es\/sitio-historico\/recorrido-virtual\/edificio-de-la-intendencia\/\">Ver art\u00edculo<\/a><\/p>\n","protected":false},"author":1,"featured_media":0,"parent":56696,"menu_order":700,"comment_status":"closed","ping_status":"closed","template":"page-virtueller_rundgang_unterseite.php","meta":{"_acf_changed":false,"footnotes":""},"class_list":["post-56719","page","type-page","status-publish","hentry"],"acf":[],"yoast_head":"<!-- This site is optimized with the Yoast SEO plugin v27.3 - https:\/\/yoast.com\/product\/yoast-seo-wordpress\/ -->\n<title>Edificio de la intendencia - KZ Gedenkst\u00e4tte Dachau<\/title>\n<meta name=\"robots\" content=\"index, follow, max-snippet:-1, max-image-preview:large, max-video-preview:-1\" \/>\n<link rel=\"canonical\" href=\"https:\/\/www.kz-gedenkstaette-dachau.de\/es\/sitio-historico\/recorrido-virtual\/edificio-de-la-intendencia\/\" \/>\n<meta property=\"og:locale\" content=\"es_ES\" \/>\n<meta property=\"og:type\" content=\"article\" \/>\n<meta property=\"og:title\" content=\"Edificio de la intendencia - KZ Gedenkst\u00e4tte Dachau\" \/>\n<meta property=\"og:description\" content=\"El antiguo edificio de la intendencia alberga hoy la exposici\u00f3n principal del Memorial del Campo de Concentraci\u00f3n de Dachau. Esta muestra documenta la historia del campo de Dachau y el destino de los prisioneros. En el edificio se encuentran tambi\u00e9n la Sala de la Memoria, la sala para exposiciones temporales, la administraci\u00f3n, el archivo y... Ver art\u00edculo\" \/>\n<meta property=\"og:url\" content=\"https:\/\/www.kz-gedenkstaette-dachau.de\/es\/sitio-historico\/recorrido-virtual\/edificio-de-la-intendencia\/\" \/>\n<meta property=\"og:site_name\" content=\"KZ Gedenkst\u00e4tte Dachau\" \/>\n<meta property=\"article:modified_time\" content=\"2024-04-04T15:20:02+00:00\" \/>\n<meta name=\"twitter:card\" content=\"summary_large_image\" \/>\n<meta name=\"twitter:label1\" content=\"Tiempo de lectura\" \/>\n\t<meta name=\"twitter:data1\" content=\"2 minutos\" \/>\n<script type=\"application\/ld+json\" class=\"yoast-schema-graph\">{\"@context\":\"https:\\\/\\\/schema.org\",\"@graph\":[{\"@type\":\"WebPage\",\"@id\":\"https:\\\/\\\/www.kz-gedenkstaette-dachau.de\\\/es\\\/sitio-historico\\\/recorrido-virtual\\\/edificio-de-la-intendencia\\\/\",\"url\":\"https:\\\/\\\/www.kz-gedenkstaette-dachau.de\\\/es\\\/sitio-historico\\\/recorrido-virtual\\\/edificio-de-la-intendencia\\\/\",\"name\":\"Edificio de la intendencia - KZ Gedenkst\u00e4tte Dachau\",\"isPartOf\":{\"@id\":\"https:\\\/\\\/www.kz-gedenkstaette-dachau.de\\\/#website\"},\"datePublished\":\"2018-09-04T10:38:10+00:00\",\"dateModified\":\"2024-04-04T15:20:02+00:00\",\"breadcrumb\":{\"@id\":\"https:\\\/\\\/www.kz-gedenkstaette-dachau.de\\\/es\\\/sitio-historico\\\/recorrido-virtual\\\/edificio-de-la-intendencia\\\/#breadcrumb\"},\"inLanguage\":\"es\",\"potentialAction\":[{\"@type\":\"ReadAction\",\"target\":[\"https:\\\/\\\/www.kz-gedenkstaette-dachau.de\\\/es\\\/sitio-historico\\\/recorrido-virtual\\\/edificio-de-la-intendencia\\\/\"]}]},{\"@type\":\"BreadcrumbList\",\"@id\":\"https:\\\/\\\/www.kz-gedenkstaette-dachau.de\\\/es\\\/sitio-historico\\\/recorrido-virtual\\\/edificio-de-la-intendencia\\\/#breadcrumb\",\"itemListElement\":[{\"@type\":\"ListItem\",\"position\":1,\"name\":\"Sitio web\",\"item\":\"https:\\\/\\\/www.kz-gedenkstaette-dachau.de\\\/es\\\/\"},{\"@type\":\"ListItem\",\"position\":2,\"name\":\"Sitio hist\u00f3rico\",\"item\":\"https:\\\/\\\/www.kz-gedenkstaette-dachau.de\\\/es\\\/sitio-historico\\\/\"},{\"@type\":\"ListItem\",\"position\":3,\"name\":\"Recorrido virtual\",\"item\":\"https:\\\/\\\/www.kz-gedenkstaette-dachau.de\\\/es\\\/sitio-historico\\\/recorrido-virtual\\\/\"},{\"@type\":\"ListItem\",\"position\":4,\"name\":\"Edificio de la intendencia\"}]},{\"@type\":\"WebSite\",\"@id\":\"https:\\\/\\\/www.kz-gedenkstaette-dachau.de\\\/#website\",\"url\":\"https:\\\/\\\/www.kz-gedenkstaette-dachau.de\\\/\",\"name\":\"KZ Gedenkst\u00e4tte Dachau\",\"description\":\"\",\"potentialAction\":[{\"@type\":\"SearchAction\",\"target\":{\"@type\":\"EntryPoint\",\"urlTemplate\":\"https:\\\/\\\/www.kz-gedenkstaette-dachau.de\\\/?s={search_term_string}\"},\"query-input\":{\"@type\":\"PropertyValueSpecification\",\"valueRequired\":true,\"valueName\":\"search_term_string\"}}],\"inLanguage\":\"es\"}]}<\/script>\n<!-- \/ Yoast SEO plugin. -->","yoast_head_json":{"title":"Edificio de la intendencia - KZ Gedenkst\u00e4tte Dachau","robots":{"index":"index","follow":"follow","max-snippet":"max-snippet:-1","max-image-preview":"max-image-preview:large","max-video-preview":"max-video-preview:-1"},"canonical":"https:\/\/www.kz-gedenkstaette-dachau.de\/es\/sitio-historico\/recorrido-virtual\/edificio-de-la-intendencia\/","og_locale":"es_ES","og_type":"article","og_title":"Edificio de la intendencia - KZ Gedenkst\u00e4tte Dachau","og_description":"El antiguo edificio de la intendencia alberga hoy la exposici\u00f3n principal del Memorial del Campo de Concentraci\u00f3n de Dachau. Esta muestra documenta la historia del campo de Dachau y el destino de los prisioneros. En el edificio se encuentran tambi\u00e9n la Sala de la Memoria, la sala para exposiciones temporales, la administraci\u00f3n, el archivo y... Ver art\u00edculo","og_url":"https:\/\/www.kz-gedenkstaette-dachau.de\/es\/sitio-historico\/recorrido-virtual\/edificio-de-la-intendencia\/","og_site_name":"KZ Gedenkst\u00e4tte Dachau","article_modified_time":"2024-04-04T15:20:02+00:00","twitter_card":"summary_large_image","twitter_misc":{"Tiempo de lectura":"2 minutos"},"schema":{"@context":"https:\/\/schema.org","@graph":[{"@type":"WebPage","@id":"https:\/\/www.kz-gedenkstaette-dachau.de\/es\/sitio-historico\/recorrido-virtual\/edificio-de-la-intendencia\/","url":"https:\/\/www.kz-gedenkstaette-dachau.de\/es\/sitio-historico\/recorrido-virtual\/edificio-de-la-intendencia\/","name":"Edificio de la intendencia - KZ Gedenkst\u00e4tte Dachau","isPartOf":{"@id":"https:\/\/www.kz-gedenkstaette-dachau.de\/#website"},"datePublished":"2018-09-04T10:38:10+00:00","dateModified":"2024-04-04T15:20:02+00:00","breadcrumb":{"@id":"https:\/\/www.kz-gedenkstaette-dachau.de\/es\/sitio-historico\/recorrido-virtual\/edificio-de-la-intendencia\/#breadcrumb"},"inLanguage":"es","potentialAction":[{"@type":"ReadAction","target":["https:\/\/www.kz-gedenkstaette-dachau.de\/es\/sitio-historico\/recorrido-virtual\/edificio-de-la-intendencia\/"]}]},{"@type":"BreadcrumbList","@id":"https:\/\/www.kz-gedenkstaette-dachau.de\/es\/sitio-historico\/recorrido-virtual\/edificio-de-la-intendencia\/#breadcrumb","itemListElement":[{"@type":"ListItem","position":1,"name":"Sitio web","item":"https:\/\/www.kz-gedenkstaette-dachau.de\/es\/"},{"@type":"ListItem","position":2,"name":"Sitio hist\u00f3rico","item":"https:\/\/www.kz-gedenkstaette-dachau.de\/es\/sitio-historico\/"},{"@type":"ListItem","position":3,"name":"Recorrido virtual","item":"https:\/\/www.kz-gedenkstaette-dachau.de\/es\/sitio-historico\/recorrido-virtual\/"},{"@type":"ListItem","position":4,"name":"Edificio de la intendencia"}]},{"@type":"WebSite","@id":"https:\/\/www.kz-gedenkstaette-dachau.de\/#website","url":"https:\/\/www.kz-gedenkstaette-dachau.de\/","name":"KZ Gedenkst\u00e4tte Dachau","description":"","potentialAction":[{"@type":"SearchAction","target":{"@type":"EntryPoint","urlTemplate":"https:\/\/www.kz-gedenkstaette-dachau.de\/?s={search_term_string}"},"query-input":{"@type":"PropertyValueSpecification","valueRequired":true,"valueName":"search_term_string"}}],"inLanguage":"es"}]}},"_links":{"self":[{"href":"https:\/\/www.kz-gedenkstaette-dachau.de\/es\/wp-json\/wp\/v2\/pages\/56719","targetHints":{"allow":["GET"]}}],"collection":[{"href":"https:\/\/www.kz-gedenkstaette-dachau.de\/es\/wp-json\/wp\/v2\/pages"}],"about":[{"href":"https:\/\/www.kz-gedenkstaette-dachau.de\/es\/wp-json\/wp\/v2\/types\/page"}],"author":[{"embeddable":true,"href":"https:\/\/www.kz-gedenkstaette-dachau.de\/es\/wp-json\/wp\/v2\/users\/1"}],"replies":[{"embeddable":true,"href":"https:\/\/www.kz-gedenkstaette-dachau.de\/es\/wp-json\/wp\/v2\/comments?post=56719"}],"version-history":[{"count":2,"href":"https:\/\/www.kz-gedenkstaette-dachau.de\/es\/wp-json\/wp\/v2\/pages\/56719\/revisions"}],"predecessor-version":[{"id":90203,"href":"https:\/\/www.kz-gedenkstaette-dachau.de\/es\/wp-json\/wp\/v2\/pages\/56719\/revisions\/90203"}],"up":[{"embeddable":true,"href":"https:\/\/www.kz-gedenkstaette-dachau.de\/es\/wp-json\/wp\/v2\/pages\/56696"}],"wp:attachment":[{"href":"https:\/\/www.kz-gedenkstaette-dachau.de\/es\/wp-json\/wp\/v2\/media?parent=56719"}],"curies":[{"name":"wp","href":"https:\/\/api.w.org\/{rel}","templated":true}]}}