{"id":56722,"date":"2018-09-04T12:39:10","date_gmt":"2018-09-04T10:39:10","guid":{"rendered":"https:\/\/www.kz-gedenkstaette-dachau.de\/sitio-historico\/recorrido-virtual\/schubraum\/"},"modified":"2020-02-12T17:35:28","modified_gmt":"2020-02-12T16:35:28","slug":"cuarto-de-transportes","status":"publish","type":"page","link":"https:\/\/www.kz-gedenkstaette-dachau.de\/es\/sitio-historico\/recorrido-virtual\/cuarto-de-transportes\/","title":{"rendered":"Cuarto de transportes"},"content":{"rendered":"<p>Luego de su arribo al campo de prisioneros, los reci\u00e9n llegados iban a dar, primero que nada, al cuarto de transportes en el edificio de la intendencia. La denominaci\u00f3n en alem\u00e1n de este espacio es el sustantivo compuesto <em>Schubraum<\/em>. <em>Schub<\/em> proviene del lenguaje carcelario y significa transporte de prisioneros, <em>Raum<\/em> es cuarto. Era, pues, en el cuarto de transportes donde se somet\u00eda a los prisioneros reci\u00e9n llegados al humillante procedimiento de ingreso al campo, era aqu\u00ed donde sufr\u00edan la p\u00e9rdida violenta de sus derechos y de sus libertades individuales.<\/p>\n<p>Entre las columnas, una hilera de mesas divid\u00eda el espacio en dos. Atr\u00e1s de las mesas estaban los prisioneros que, de pie y forzados por la SS, trabajaban en lo que se llamaba la \u201cadministraci\u00f3n de bienes de prisioneros\u201d. La SS obligaba a los prisioneros reci\u00e9n llegados a desnudarse y a hacer entrega de su ropa y todos sus objetos personales. Los prisioneros al otro lado de las mesas recib\u00edan sus pertenencias y las registraban. Los reci\u00e9n llegados, ya desnudos, iban entonces al ba\u00f1o de prisioneros, pr\u00f3ximo al cuarto de transportes.<\/p>\n<p>La organizaci\u00f3n actual del espacio, ya como sala de exposiciones, se basa en la distribuci\u00f3n espacial hist\u00f3rica del cuarto de transportes. Ah\u00ed donde estaban las mesas se encuentran hoy las vitrinas que, entre otras cosas, muestran efectos originales que pertenecieron a antiguos prisioneros. En el a\u00f1o 2000 qued\u00f3 al descubierto la inscripci\u00f3n en la pared que dice: \u201cSe proh\u00edbe fumar\u201d.<\/p>\n","protected":false},"excerpt":{"rendered":"<p>Luego de su arribo al campo de prisioneros, los reci\u00e9n llegados iban a dar, primero que nada, al cuarto de transportes en el edificio de la intendencia. La denominaci\u00f3n en alem\u00e1n de este espacio es el sustantivo compuesto Schubraum. Schub proviene del lenguaje carcelario y significa transporte de prisioneros, Raum es cuarto. Era, pues, en&#8230; <a class=\"view-article\" href=\"https:\/\/www.kz-gedenkstaette-dachau.de\/es\/sitio-historico\/recorrido-virtual\/cuarto-de-transportes\/\">Ver art\u00edculo<\/a><\/p>\n","protected":false},"author":1,"featured_media":0,"parent":56696,"menu_order":710,"comment_status":"closed","ping_status":"closed","template":"page-virtueller_rundgang_unterseite.php","meta":{"_acf_changed":false,"footnotes":""},"class_list":["post-56722","page","type-page","status-publish","hentry"],"acf":[],"yoast_head":"<!-- This site is optimized with the Yoast SEO plugin v27.3 - https:\/\/yoast.com\/product\/yoast-seo-wordpress\/ -->\n<title>Cuarto de transportes - KZ Gedenkst\u00e4tte Dachau<\/title>\n<meta name=\"robots\" content=\"index, follow, max-snippet:-1, max-image-preview:large, max-video-preview:-1\" \/>\n<link rel=\"canonical\" href=\"https:\/\/www.kz-gedenkstaette-dachau.de\/es\/sitio-historico\/recorrido-virtual\/cuarto-de-transportes\/\" \/>\n<meta property=\"og:locale\" content=\"es_ES\" \/>\n<meta property=\"og:type\" content=\"article\" \/>\n<meta property=\"og:title\" content=\"Cuarto de transportes - KZ Gedenkst\u00e4tte Dachau\" \/>\n<meta property=\"og:description\" content=\"Luego de su arribo al campo de prisioneros, los reci\u00e9n llegados iban a dar, primero que nada, al cuarto de transportes en el edificio de la intendencia. La denominaci\u00f3n en alem\u00e1n de este espacio es el sustantivo compuesto Schubraum. Schub proviene del lenguaje carcelario y significa transporte de prisioneros, Raum es cuarto. Era, pues, en... Ver art\u00edculo\" \/>\n<meta property=\"og:url\" content=\"https:\/\/www.kz-gedenkstaette-dachau.de\/es\/sitio-historico\/recorrido-virtual\/cuarto-de-transportes\/\" \/>\n<meta property=\"og:site_name\" content=\"KZ Gedenkst\u00e4tte Dachau\" \/>\n<meta property=\"article:modified_time\" content=\"2020-02-12T16:35:28+00:00\" \/>\n<meta name=\"twitter:card\" content=\"summary_large_image\" \/>\n<meta name=\"twitter:label1\" content=\"Tiempo de lectura\" \/>\n\t<meta name=\"twitter:data1\" content=\"1 minuto\" \/>\n<script type=\"application\/ld+json\" class=\"yoast-schema-graph\">{\"@context\":\"https:\\\/\\\/schema.org\",\"@graph\":[{\"@type\":\"WebPage\",\"@id\":\"https:\\\/\\\/www.kz-gedenkstaette-dachau.de\\\/es\\\/sitio-historico\\\/recorrido-virtual\\\/cuarto-de-transportes\\\/\",\"url\":\"https:\\\/\\\/www.kz-gedenkstaette-dachau.de\\\/es\\\/sitio-historico\\\/recorrido-virtual\\\/cuarto-de-transportes\\\/\",\"name\":\"Cuarto de transportes - KZ Gedenkst\u00e4tte Dachau\",\"isPartOf\":{\"@id\":\"https:\\\/\\\/www.kz-gedenkstaette-dachau.de\\\/#website\"},\"datePublished\":\"2018-09-04T10:39:10+00:00\",\"dateModified\":\"2020-02-12T16:35:28+00:00\",\"breadcrumb\":{\"@id\":\"https:\\\/\\\/www.kz-gedenkstaette-dachau.de\\\/es\\\/sitio-historico\\\/recorrido-virtual\\\/cuarto-de-transportes\\\/#breadcrumb\"},\"inLanguage\":\"es\",\"potentialAction\":[{\"@type\":\"ReadAction\",\"target\":[\"https:\\\/\\\/www.kz-gedenkstaette-dachau.de\\\/es\\\/sitio-historico\\\/recorrido-virtual\\\/cuarto-de-transportes\\\/\"]}]},{\"@type\":\"BreadcrumbList\",\"@id\":\"https:\\\/\\\/www.kz-gedenkstaette-dachau.de\\\/es\\\/sitio-historico\\\/recorrido-virtual\\\/cuarto-de-transportes\\\/#breadcrumb\",\"itemListElement\":[{\"@type\":\"ListItem\",\"position\":1,\"name\":\"Sitio web\",\"item\":\"https:\\\/\\\/www.kz-gedenkstaette-dachau.de\\\/es\\\/\"},{\"@type\":\"ListItem\",\"position\":2,\"name\":\"Sitio hist\u00f3rico\",\"item\":\"https:\\\/\\\/www.kz-gedenkstaette-dachau.de\\\/es\\\/sitio-historico\\\/\"},{\"@type\":\"ListItem\",\"position\":3,\"name\":\"Recorrido virtual\",\"item\":\"https:\\\/\\\/www.kz-gedenkstaette-dachau.de\\\/es\\\/sitio-historico\\\/recorrido-virtual\\\/\"},{\"@type\":\"ListItem\",\"position\":4,\"name\":\"Cuarto de transportes\"}]},{\"@type\":\"WebSite\",\"@id\":\"https:\\\/\\\/www.kz-gedenkstaette-dachau.de\\\/#website\",\"url\":\"https:\\\/\\\/www.kz-gedenkstaette-dachau.de\\\/\",\"name\":\"KZ Gedenkst\u00e4tte Dachau\",\"description\":\"\",\"potentialAction\":[{\"@type\":\"SearchAction\",\"target\":{\"@type\":\"EntryPoint\",\"urlTemplate\":\"https:\\\/\\\/www.kz-gedenkstaette-dachau.de\\\/?s={search_term_string}\"},\"query-input\":{\"@type\":\"PropertyValueSpecification\",\"valueRequired\":true,\"valueName\":\"search_term_string\"}}],\"inLanguage\":\"es\"}]}<\/script>\n<!-- \/ Yoast SEO plugin. -->","yoast_head_json":{"title":"Cuarto de transportes - KZ Gedenkst\u00e4tte Dachau","robots":{"index":"index","follow":"follow","max-snippet":"max-snippet:-1","max-image-preview":"max-image-preview:large","max-video-preview":"max-video-preview:-1"},"canonical":"https:\/\/www.kz-gedenkstaette-dachau.de\/es\/sitio-historico\/recorrido-virtual\/cuarto-de-transportes\/","og_locale":"es_ES","og_type":"article","og_title":"Cuarto de transportes - KZ Gedenkst\u00e4tte Dachau","og_description":"Luego de su arribo al campo de prisioneros, los reci\u00e9n llegados iban a dar, primero que nada, al cuarto de transportes en el edificio de la intendencia. La denominaci\u00f3n en alem\u00e1n de este espacio es el sustantivo compuesto Schubraum. Schub proviene del lenguaje carcelario y significa transporte de prisioneros, Raum es cuarto. Era, pues, en... Ver art\u00edculo","og_url":"https:\/\/www.kz-gedenkstaette-dachau.de\/es\/sitio-historico\/recorrido-virtual\/cuarto-de-transportes\/","og_site_name":"KZ Gedenkst\u00e4tte Dachau","article_modified_time":"2020-02-12T16:35:28+00:00","twitter_card":"summary_large_image","twitter_misc":{"Tiempo de lectura":"1 minuto"},"schema":{"@context":"https:\/\/schema.org","@graph":[{"@type":"WebPage","@id":"https:\/\/www.kz-gedenkstaette-dachau.de\/es\/sitio-historico\/recorrido-virtual\/cuarto-de-transportes\/","url":"https:\/\/www.kz-gedenkstaette-dachau.de\/es\/sitio-historico\/recorrido-virtual\/cuarto-de-transportes\/","name":"Cuarto de transportes - KZ Gedenkst\u00e4tte Dachau","isPartOf":{"@id":"https:\/\/www.kz-gedenkstaette-dachau.de\/#website"},"datePublished":"2018-09-04T10:39:10+00:00","dateModified":"2020-02-12T16:35:28+00:00","breadcrumb":{"@id":"https:\/\/www.kz-gedenkstaette-dachau.de\/es\/sitio-historico\/recorrido-virtual\/cuarto-de-transportes\/#breadcrumb"},"inLanguage":"es","potentialAction":[{"@type":"ReadAction","target":["https:\/\/www.kz-gedenkstaette-dachau.de\/es\/sitio-historico\/recorrido-virtual\/cuarto-de-transportes\/"]}]},{"@type":"BreadcrumbList","@id":"https:\/\/www.kz-gedenkstaette-dachau.de\/es\/sitio-historico\/recorrido-virtual\/cuarto-de-transportes\/#breadcrumb","itemListElement":[{"@type":"ListItem","position":1,"name":"Sitio web","item":"https:\/\/www.kz-gedenkstaette-dachau.de\/es\/"},{"@type":"ListItem","position":2,"name":"Sitio hist\u00f3rico","item":"https:\/\/www.kz-gedenkstaette-dachau.de\/es\/sitio-historico\/"},{"@type":"ListItem","position":3,"name":"Recorrido virtual","item":"https:\/\/www.kz-gedenkstaette-dachau.de\/es\/sitio-historico\/recorrido-virtual\/"},{"@type":"ListItem","position":4,"name":"Cuarto de transportes"}]},{"@type":"WebSite","@id":"https:\/\/www.kz-gedenkstaette-dachau.de\/#website","url":"https:\/\/www.kz-gedenkstaette-dachau.de\/","name":"KZ Gedenkst\u00e4tte Dachau","description":"","potentialAction":[{"@type":"SearchAction","target":{"@type":"EntryPoint","urlTemplate":"https:\/\/www.kz-gedenkstaette-dachau.de\/?s={search_term_string}"},"query-input":{"@type":"PropertyValueSpecification","valueRequired":true,"valueName":"search_term_string"}}],"inLanguage":"es"}]}},"_links":{"self":[{"href":"https:\/\/www.kz-gedenkstaette-dachau.de\/es\/wp-json\/wp\/v2\/pages\/56722","targetHints":{"allow":["GET"]}}],"collection":[{"href":"https:\/\/www.kz-gedenkstaette-dachau.de\/es\/wp-json\/wp\/v2\/pages"}],"about":[{"href":"https:\/\/www.kz-gedenkstaette-dachau.de\/es\/wp-json\/wp\/v2\/types\/page"}],"author":[{"embeddable":true,"href":"https:\/\/www.kz-gedenkstaette-dachau.de\/es\/wp-json\/wp\/v2\/users\/1"}],"replies":[{"embeddable":true,"href":"https:\/\/www.kz-gedenkstaette-dachau.de\/es\/wp-json\/wp\/v2\/comments?post=56722"}],"version-history":[{"count":0,"href":"https:\/\/www.kz-gedenkstaette-dachau.de\/es\/wp-json\/wp\/v2\/pages\/56722\/revisions"}],"up":[{"embeddable":true,"href":"https:\/\/www.kz-gedenkstaette-dachau.de\/es\/wp-json\/wp\/v2\/pages\/56696"}],"wp:attachment":[{"href":"https:\/\/www.kz-gedenkstaette-dachau.de\/es\/wp-json\/wp\/v2\/media?parent=56722"}],"curies":[{"name":"wp","href":"https:\/\/api.w.org\/{rel}","templated":true}]}}