{"id":56745,"date":"2018-09-04T12:39:42","date_gmt":"2018-09-04T10:39:42","guid":{"rendered":"https:\/\/www.kz-gedenkstaette-dachau.de\/sitio-historico\/recorrido-virtual\/haeftlingsbad\/"},"modified":"2020-02-18T15:49:30","modified_gmt":"2020-02-18T14:49:30","slug":"bano-de-prisioneros","status":"publish","type":"page","link":"https:\/\/www.kz-gedenkstaette-dachau.de\/es\/sitio-historico\/recorrido-virtual\/bano-de-prisioneros\/","title":{"rendered":"Ba\u00f1o de prisioneros"},"content":{"rendered":"<p>En el ba\u00f1o de prisioneros se rapaba a los reci\u00e9n llegados de pies a cabeza; luego, se les hac\u00eda pasar por la desinfecci\u00f3n y, finalmente, a las duchas. La SS proced\u00eda de este modo no solo por motivos de higiene, sino tambi\u00e9n con el prop\u00f3sito de privar a los reclusos de su intimidad y para humillarlos. Al principio, los prisioneros del campo se duchaban una vez por semana, pero m\u00e1s tarde, la ducha fue siendo cada vez m\u00e1s espor\u00e1dica. Despu\u00e9s del ba\u00f1o, los reci\u00e9n llegados recib\u00edan a toda prisa, espoleados por la SS, un uniforme que casi nunca era de su talla. El uniforme de camisa y pantalones de dril con rayas blancas y azules existi\u00f3 a partir de 1938. El calzado era de madera y, a veces, de fibra de lino. Los reclusos ten\u00edan que coser en sus uniformes su n\u00famero y un tri\u00e1ngulo de color. En ese mismo a\u00f1o, la SS introdujo tambi\u00e9n un sistema de tri\u00e1ngulos de colores para distinguir las categor\u00edas de prisioneros. Su clasificaci\u00f3n se reg\u00eda por el motivo de internamiento indicado por la Polic\u00eda Pol\u00edtica (<em>Gestapo<\/em>) o la Polic\u00eda de Investigaciones Criminales (<em>Kripo<\/em>). Los tri\u00e1ngulos eran s\u00edmbolo del terror que imperaba en los campos de concentraci\u00f3n, eran el estigma que usaba la SS para someter a los reclusos a una jerarqu\u00eda en la que no prevalec\u00edan las mismas oportunidades de supervivencia para todos. Adrede, la SS se aprovechaba de estas categor\u00edas para sembrar la ciza\u00f1a entre los diversos grupos de internos.<\/p>\n<p>A los prisioneros pol\u00edticos les adjudic\u00f3 el tri\u00e1ngulo rojo. Los prisioneros jud\u00edos portaban un tri\u00e1ngulo amarillo debajo de otro de color distinto a manera de estrella de David. Los llamados \u201cdelincuentes profesionales\u201d portaban un tri\u00e1ngulo verde, mientras que los emigrantes alemanes de vuelta en Alemania, un tri\u00e1ngulo azul. Los testigos de Jehov\u00e1, llamados tambi\u00e9n \u201cEstudiantes de la Biblia\u201d, llevaban un tri\u00e1ngulo lila y los homosexuales, un tri\u00e1ngulo rosa. El estigma que la SS impuso a los as\u00ed llamados \u201casociales\u201d fue el tri\u00e1ngulo negro.<\/p>\n<p>El ba\u00f1o era, adem\u00e1s, un sitio de castigo para aquellos que \u201cinfring\u00edan\u201d el reglamento del campo. Tambi\u00e9n aqu\u00ed los tund\u00edan atados al potro de los azotes. En 1941\/42, la SS introdujo la tortura conocida como \u201ccolgar al poste\u201d.<\/p>\n<p>La planta del antiguo ba\u00f1o se conserva sin modificaciones. Cuando se mont\u00f3 la nueva exposici\u00f3n, se puso al descubierto la ba\u00f1era original, pero el entarimado de madera es una reconstrucci\u00f3n. Tambi\u00e9n se realiz\u00f3 un estudio hist\u00f3rico-arquitect\u00f3nico que, en las columnas, sac\u00f3 a la luz los soportes de las vigas provistas de ganchos que serv\u00edan para colgar a los prisioneros del poste. La pieza central de la muestra en el ba\u00f1o es un potro de azotes de 1945 que sirvi\u00f3 de objeto ilustrativo en los juicios de Dachau.<\/p>\n","protected":false},"excerpt":{"rendered":"<p>En el ba\u00f1o de prisioneros se rapaba a los reci\u00e9n llegados de pies a cabeza; luego, se les hac\u00eda pasar por la desinfecci\u00f3n y, finalmente, a las duchas. La SS proced\u00eda de este modo no solo por motivos de higiene, sino tambi\u00e9n con el prop\u00f3sito de privar a los reclusos de su intimidad y para&#8230; <a class=\"view-article\" href=\"https:\/\/www.kz-gedenkstaette-dachau.de\/es\/sitio-historico\/recorrido-virtual\/bano-de-prisioneros\/\">Ver art\u00edculo<\/a><\/p>\n","protected":false},"author":1,"featured_media":0,"parent":56696,"menu_order":720,"comment_status":"closed","ping_status":"closed","template":"page-virtueller_rundgang_unterseite.php","meta":{"_acf_changed":false,"footnotes":""},"class_list":["post-56745","page","type-page","status-publish","hentry"],"acf":[],"yoast_head":"<!-- This site is optimized with the Yoast SEO plugin v27.4 - https:\/\/yoast.com\/product\/yoast-seo-wordpress\/ -->\n<title>Ba\u00f1o de prisioneros - KZ Gedenkst\u00e4tte Dachau<\/title>\n<meta name=\"robots\" content=\"index, follow, max-snippet:-1, max-image-preview:large, max-video-preview:-1\" \/>\n<link rel=\"canonical\" href=\"https:\/\/www.kz-gedenkstaette-dachau.de\/es\/sitio-historico\/recorrido-virtual\/bano-de-prisioneros\/\" \/>\n<meta property=\"og:locale\" content=\"es_ES\" \/>\n<meta property=\"og:type\" content=\"article\" \/>\n<meta property=\"og:title\" content=\"Ba\u00f1o de prisioneros - KZ Gedenkst\u00e4tte Dachau\" \/>\n<meta property=\"og:description\" content=\"En el ba\u00f1o de prisioneros se rapaba a los reci\u00e9n llegados de pies a cabeza; luego, se les hac\u00eda pasar por la desinfecci\u00f3n y, finalmente, a las duchas. La SS proced\u00eda de este modo no solo por motivos de higiene, sino tambi\u00e9n con el prop\u00f3sito de privar a los reclusos de su intimidad y para... Ver art\u00edculo\" \/>\n<meta property=\"og:url\" content=\"https:\/\/www.kz-gedenkstaette-dachau.de\/es\/sitio-historico\/recorrido-virtual\/bano-de-prisioneros\/\" \/>\n<meta property=\"og:site_name\" content=\"KZ Gedenkst\u00e4tte Dachau\" \/>\n<meta property=\"article:modified_time\" content=\"2020-02-18T14:49:30+00:00\" \/>\n<meta name=\"twitter:card\" content=\"summary_large_image\" \/>\n<meta name=\"twitter:label1\" content=\"Tiempo de lectura\" \/>\n\t<meta name=\"twitter:data1\" content=\"3 minutos\" \/>\n<script type=\"application\/ld+json\" class=\"yoast-schema-graph\">{\"@context\":\"https:\\\/\\\/schema.org\",\"@graph\":[{\"@type\":\"WebPage\",\"@id\":\"https:\\\/\\\/www.kz-gedenkstaette-dachau.de\\\/es\\\/sitio-historico\\\/recorrido-virtual\\\/bano-de-prisioneros\\\/\",\"url\":\"https:\\\/\\\/www.kz-gedenkstaette-dachau.de\\\/es\\\/sitio-historico\\\/recorrido-virtual\\\/bano-de-prisioneros\\\/\",\"name\":\"Ba\u00f1o de prisioneros - KZ Gedenkst\u00e4tte Dachau\",\"isPartOf\":{\"@id\":\"https:\\\/\\\/www.kz-gedenkstaette-dachau.de\\\/#website\"},\"datePublished\":\"2018-09-04T10:39:42+00:00\",\"dateModified\":\"2020-02-18T14:49:30+00:00\",\"breadcrumb\":{\"@id\":\"https:\\\/\\\/www.kz-gedenkstaette-dachau.de\\\/es\\\/sitio-historico\\\/recorrido-virtual\\\/bano-de-prisioneros\\\/#breadcrumb\"},\"inLanguage\":\"es\",\"potentialAction\":[{\"@type\":\"ReadAction\",\"target\":[\"https:\\\/\\\/www.kz-gedenkstaette-dachau.de\\\/es\\\/sitio-historico\\\/recorrido-virtual\\\/bano-de-prisioneros\\\/\"]}]},{\"@type\":\"BreadcrumbList\",\"@id\":\"https:\\\/\\\/www.kz-gedenkstaette-dachau.de\\\/es\\\/sitio-historico\\\/recorrido-virtual\\\/bano-de-prisioneros\\\/#breadcrumb\",\"itemListElement\":[{\"@type\":\"ListItem\",\"position\":1,\"name\":\"Sitio web\",\"item\":\"https:\\\/\\\/www.kz-gedenkstaette-dachau.de\\\/es\\\/\"},{\"@type\":\"ListItem\",\"position\":2,\"name\":\"Sitio hist\u00f3rico\",\"item\":\"https:\\\/\\\/www.kz-gedenkstaette-dachau.de\\\/es\\\/sitio-historico\\\/\"},{\"@type\":\"ListItem\",\"position\":3,\"name\":\"Recorrido virtual\",\"item\":\"https:\\\/\\\/www.kz-gedenkstaette-dachau.de\\\/es\\\/sitio-historico\\\/recorrido-virtual\\\/\"},{\"@type\":\"ListItem\",\"position\":4,\"name\":\"Ba\u00f1o de prisioneros\"}]},{\"@type\":\"WebSite\",\"@id\":\"https:\\\/\\\/www.kz-gedenkstaette-dachau.de\\\/#website\",\"url\":\"https:\\\/\\\/www.kz-gedenkstaette-dachau.de\\\/\",\"name\":\"KZ Gedenkst\u00e4tte Dachau\",\"description\":\"\",\"potentialAction\":[{\"@type\":\"SearchAction\",\"target\":{\"@type\":\"EntryPoint\",\"urlTemplate\":\"https:\\\/\\\/www.kz-gedenkstaette-dachau.de\\\/?s={search_term_string}\"},\"query-input\":{\"@type\":\"PropertyValueSpecification\",\"valueRequired\":true,\"valueName\":\"search_term_string\"}}],\"inLanguage\":\"es\"}]}<\/script>\n<!-- \/ Yoast SEO plugin. -->","yoast_head_json":{"title":"Ba\u00f1o de prisioneros - KZ Gedenkst\u00e4tte Dachau","robots":{"index":"index","follow":"follow","max-snippet":"max-snippet:-1","max-image-preview":"max-image-preview:large","max-video-preview":"max-video-preview:-1"},"canonical":"https:\/\/www.kz-gedenkstaette-dachau.de\/es\/sitio-historico\/recorrido-virtual\/bano-de-prisioneros\/","og_locale":"es_ES","og_type":"article","og_title":"Ba\u00f1o de prisioneros - KZ Gedenkst\u00e4tte Dachau","og_description":"En el ba\u00f1o de prisioneros se rapaba a los reci\u00e9n llegados de pies a cabeza; luego, se les hac\u00eda pasar por la desinfecci\u00f3n y, finalmente, a las duchas. La SS proced\u00eda de este modo no solo por motivos de higiene, sino tambi\u00e9n con el prop\u00f3sito de privar a los reclusos de su intimidad y para... Ver art\u00edculo","og_url":"https:\/\/www.kz-gedenkstaette-dachau.de\/es\/sitio-historico\/recorrido-virtual\/bano-de-prisioneros\/","og_site_name":"KZ Gedenkst\u00e4tte Dachau","article_modified_time":"2020-02-18T14:49:30+00:00","twitter_card":"summary_large_image","twitter_misc":{"Tiempo de lectura":"3 minutos"},"schema":{"@context":"https:\/\/schema.org","@graph":[{"@type":"WebPage","@id":"https:\/\/www.kz-gedenkstaette-dachau.de\/es\/sitio-historico\/recorrido-virtual\/bano-de-prisioneros\/","url":"https:\/\/www.kz-gedenkstaette-dachau.de\/es\/sitio-historico\/recorrido-virtual\/bano-de-prisioneros\/","name":"Ba\u00f1o de prisioneros - KZ Gedenkst\u00e4tte Dachau","isPartOf":{"@id":"https:\/\/www.kz-gedenkstaette-dachau.de\/#website"},"datePublished":"2018-09-04T10:39:42+00:00","dateModified":"2020-02-18T14:49:30+00:00","breadcrumb":{"@id":"https:\/\/www.kz-gedenkstaette-dachau.de\/es\/sitio-historico\/recorrido-virtual\/bano-de-prisioneros\/#breadcrumb"},"inLanguage":"es","potentialAction":[{"@type":"ReadAction","target":["https:\/\/www.kz-gedenkstaette-dachau.de\/es\/sitio-historico\/recorrido-virtual\/bano-de-prisioneros\/"]}]},{"@type":"BreadcrumbList","@id":"https:\/\/www.kz-gedenkstaette-dachau.de\/es\/sitio-historico\/recorrido-virtual\/bano-de-prisioneros\/#breadcrumb","itemListElement":[{"@type":"ListItem","position":1,"name":"Sitio web","item":"https:\/\/www.kz-gedenkstaette-dachau.de\/es\/"},{"@type":"ListItem","position":2,"name":"Sitio hist\u00f3rico","item":"https:\/\/www.kz-gedenkstaette-dachau.de\/es\/sitio-historico\/"},{"@type":"ListItem","position":3,"name":"Recorrido virtual","item":"https:\/\/www.kz-gedenkstaette-dachau.de\/es\/sitio-historico\/recorrido-virtual\/"},{"@type":"ListItem","position":4,"name":"Ba\u00f1o de prisioneros"}]},{"@type":"WebSite","@id":"https:\/\/www.kz-gedenkstaette-dachau.de\/#website","url":"https:\/\/www.kz-gedenkstaette-dachau.de\/","name":"KZ Gedenkst\u00e4tte Dachau","description":"","potentialAction":[{"@type":"SearchAction","target":{"@type":"EntryPoint","urlTemplate":"https:\/\/www.kz-gedenkstaette-dachau.de\/?s={search_term_string}"},"query-input":{"@type":"PropertyValueSpecification","valueRequired":true,"valueName":"search_term_string"}}],"inLanguage":"es"}]}},"_links":{"self":[{"href":"https:\/\/www.kz-gedenkstaette-dachau.de\/es\/wp-json\/wp\/v2\/pages\/56745","targetHints":{"allow":["GET"]}}],"collection":[{"href":"https:\/\/www.kz-gedenkstaette-dachau.de\/es\/wp-json\/wp\/v2\/pages"}],"about":[{"href":"https:\/\/www.kz-gedenkstaette-dachau.de\/es\/wp-json\/wp\/v2\/types\/page"}],"author":[{"embeddable":true,"href":"https:\/\/www.kz-gedenkstaette-dachau.de\/es\/wp-json\/wp\/v2\/users\/1"}],"replies":[{"embeddable":true,"href":"https:\/\/www.kz-gedenkstaette-dachau.de\/es\/wp-json\/wp\/v2\/comments?post=56745"}],"version-history":[{"count":0,"href":"https:\/\/www.kz-gedenkstaette-dachau.de\/es\/wp-json\/wp\/v2\/pages\/56745\/revisions"}],"up":[{"embeddable":true,"href":"https:\/\/www.kz-gedenkstaette-dachau.de\/es\/wp-json\/wp\/v2\/pages\/56696"}],"wp:attachment":[{"href":"https:\/\/www.kz-gedenkstaette-dachau.de\/es\/wp-json\/wp\/v2\/media?parent=56745"}],"curies":[{"name":"wp","href":"https:\/\/api.w.org\/{rel}","templated":true}]}}