{"id":56748,"date":"2018-09-04T12:41:07","date_gmt":"2018-09-04T10:41:07","guid":{"rendered":"https:\/\/www.kz-gedenkstaette-dachau.de\/sitio-historico\/recorrido-virtual\/lagergefaengnis\/"},"modified":"2020-02-18T15:53:17","modified_gmt":"2020-02-18T14:53:17","slug":"prision-del-campo","status":"publish","type":"page","link":"https:\/\/www.kz-gedenkstaette-dachau.de\/es\/sitio-historico\/recorrido-virtual\/prision-del-campo\/","title":{"rendered":"Prisi\u00f3n del campo"},"content":{"rendered":"<p>La antigua prisi\u00f3n del campo es hoy sede de una muestra documental sobre la historia de esta edificaci\u00f3n que los prisioneros ve\u00edan como una de las centrales de terror, puesto que era ah\u00ed donde la SS aplicaba los castigos severos. En la jerga de la SS, el nombre de este sitio era \u201carresto de la comandancia\u201d, pero los prisioneros le llamaban \u201cb\u00fanker\u201d. La prisi\u00f3n que vemos hasta nuestros d\u00edas data de 1937\/38.<\/p>\n<p>La nave central es de planta cuadrangular y serv\u00eda como oficina de guardias, sala de ingreso y sala de cacheo. La sala de interrogatorios estaba aislada al ruido para evitar que los gritos traspasaran las paredes. Era ah\u00ed donde la SS registraba los datos personales e interrogaba a los prisioneros. Los calabozos se situaban en las alas este y oeste del edificio. Eran celdas individuales donde los prisioneros pasaban semanas, o incluso meses, encerrados bajo vigilancia permanente. Las raciones de comida que recib\u00edan eran \u00ednfimas. En la prisi\u00f3n del campo, la SS vejaba y torturaba a los prisioneros oblig\u00e1ndolos a confesar. Muchos fallecieron en el \u201cb\u00fanker\u201d. En 1944, por orden de la SS, se construyeron cuatro celdas diminutas, con una superficie de 80 cm x 80 cm cada una. En estos estrechos calabozos de ladrillo, los prisioneros ten\u00edan que soportar de pie su encierro, por lo regular varios d\u00edas, con poco ox\u00edgeno y pr\u00e1cticamente sin comida.<\/p>\n<p>A partir de 1941, los \u201cprisioneros especiales\u201d fueron igualmente confinados a los calabozos de la prisi\u00f3n del campo. Se trataba de reclusos prominentes que, por motivos t\u00e1cticos de guerra, eran rehenes de la SS. En 1941\/42, en el ala oriental del edificio de celdas, pero tambi\u00e9n en una edificaci\u00f3n adyacente que ya no existe, se instaur\u00f3 un campo penitenciario para miembros de la SS, funcionarios de la polic\u00eda y miembros del servicio de defensa antia\u00e9rea.<\/p>\n<p>El patio que est\u00e1 entre el edificio de la intendencia y la prisi\u00f3n del campo fue escenario de vejaciones y asesinato de un gran n\u00famero de prisioneros. En el sector oriental, aislado por un muro, la SS instal\u00f3 una pared de fusilamiento que consist\u00eda en un espald\u00f3n y postes. Fue en este sector del patio donde, a finales de agosto de 1941, la SS comenz\u00f3 a fusilar a prisioneros de guerra sovi\u00e9ticos. Cuando se torn\u00f3 dif\u00edcil mantener en secreto la operaci\u00f3n, decidi\u00f3 continuar con ella en el \u201ccampo de tiro\u201d de Hebertshausen en las inmediaciones.<\/p>\n","protected":false},"excerpt":{"rendered":"<p>La antigua prisi\u00f3n del campo es hoy sede de una muestra documental sobre la historia de esta edificaci\u00f3n que los prisioneros ve\u00edan como una de las centrales de terror, puesto que era ah\u00ed donde la SS aplicaba los castigos severos. En la jerga de la SS, el nombre de este sitio era \u201carresto de la&#8230; <a class=\"view-article\" href=\"https:\/\/www.kz-gedenkstaette-dachau.de\/es\/sitio-historico\/recorrido-virtual\/prision-del-campo\/\">Ver art\u00edculo<\/a><\/p>\n","protected":false},"author":1,"featured_media":0,"parent":56696,"menu_order":800,"comment_status":"closed","ping_status":"closed","template":"page-virtueller_rundgang_unterseite.php","meta":{"_acf_changed":false,"footnotes":""},"class_list":["post-56748","page","type-page","status-publish","hentry"],"acf":[],"yoast_head":"<!-- This site is optimized with the Yoast SEO plugin v27.4 - https:\/\/yoast.com\/product\/yoast-seo-wordpress\/ -->\n<title>Prisi\u00f3n del campo - KZ Gedenkst\u00e4tte Dachau<\/title>\n<meta name=\"robots\" content=\"index, follow, max-snippet:-1, max-image-preview:large, max-video-preview:-1\" \/>\n<link rel=\"canonical\" href=\"https:\/\/www.kz-gedenkstaette-dachau.de\/es\/sitio-historico\/recorrido-virtual\/prision-del-campo\/\" \/>\n<meta property=\"og:locale\" content=\"es_ES\" \/>\n<meta property=\"og:type\" content=\"article\" \/>\n<meta property=\"og:title\" content=\"Prisi\u00f3n del campo - KZ Gedenkst\u00e4tte Dachau\" \/>\n<meta property=\"og:description\" content=\"La antigua prisi\u00f3n del campo es hoy sede de una muestra documental sobre la historia de esta edificaci\u00f3n que los prisioneros ve\u00edan como una de las centrales de terror, puesto que era ah\u00ed donde la SS aplicaba los castigos severos. En la jerga de la SS, el nombre de este sitio era \u201carresto de la... Ver art\u00edculo\" \/>\n<meta property=\"og:url\" content=\"https:\/\/www.kz-gedenkstaette-dachau.de\/es\/sitio-historico\/recorrido-virtual\/prision-del-campo\/\" \/>\n<meta property=\"og:site_name\" content=\"KZ Gedenkst\u00e4tte Dachau\" \/>\n<meta property=\"article:modified_time\" content=\"2020-02-18T14:53:17+00:00\" \/>\n<meta name=\"twitter:card\" content=\"summary_large_image\" \/>\n<meta name=\"twitter:label1\" content=\"Tiempo de lectura\" \/>\n\t<meta name=\"twitter:data1\" content=\"2 minutos\" \/>\n<script type=\"application\/ld+json\" class=\"yoast-schema-graph\">{\"@context\":\"https:\\\/\\\/schema.org\",\"@graph\":[{\"@type\":\"WebPage\",\"@id\":\"https:\\\/\\\/www.kz-gedenkstaette-dachau.de\\\/es\\\/sitio-historico\\\/recorrido-virtual\\\/prision-del-campo\\\/\",\"url\":\"https:\\\/\\\/www.kz-gedenkstaette-dachau.de\\\/es\\\/sitio-historico\\\/recorrido-virtual\\\/prision-del-campo\\\/\",\"name\":\"Prisi\u00f3n del campo - KZ Gedenkst\u00e4tte Dachau\",\"isPartOf\":{\"@id\":\"https:\\\/\\\/www.kz-gedenkstaette-dachau.de\\\/#website\"},\"datePublished\":\"2018-09-04T10:41:07+00:00\",\"dateModified\":\"2020-02-18T14:53:17+00:00\",\"breadcrumb\":{\"@id\":\"https:\\\/\\\/www.kz-gedenkstaette-dachau.de\\\/es\\\/sitio-historico\\\/recorrido-virtual\\\/prision-del-campo\\\/#breadcrumb\"},\"inLanguage\":\"es\",\"potentialAction\":[{\"@type\":\"ReadAction\",\"target\":[\"https:\\\/\\\/www.kz-gedenkstaette-dachau.de\\\/es\\\/sitio-historico\\\/recorrido-virtual\\\/prision-del-campo\\\/\"]}]},{\"@type\":\"BreadcrumbList\",\"@id\":\"https:\\\/\\\/www.kz-gedenkstaette-dachau.de\\\/es\\\/sitio-historico\\\/recorrido-virtual\\\/prision-del-campo\\\/#breadcrumb\",\"itemListElement\":[{\"@type\":\"ListItem\",\"position\":1,\"name\":\"Sitio web\",\"item\":\"https:\\\/\\\/www.kz-gedenkstaette-dachau.de\\\/es\\\/\"},{\"@type\":\"ListItem\",\"position\":2,\"name\":\"Sitio hist\u00f3rico\",\"item\":\"https:\\\/\\\/www.kz-gedenkstaette-dachau.de\\\/es\\\/sitio-historico\\\/\"},{\"@type\":\"ListItem\",\"position\":3,\"name\":\"Recorrido virtual\",\"item\":\"https:\\\/\\\/www.kz-gedenkstaette-dachau.de\\\/es\\\/sitio-historico\\\/recorrido-virtual\\\/\"},{\"@type\":\"ListItem\",\"position\":4,\"name\":\"Prisi\u00f3n del campo\"}]},{\"@type\":\"WebSite\",\"@id\":\"https:\\\/\\\/www.kz-gedenkstaette-dachau.de\\\/#website\",\"url\":\"https:\\\/\\\/www.kz-gedenkstaette-dachau.de\\\/\",\"name\":\"KZ Gedenkst\u00e4tte Dachau\",\"description\":\"\",\"potentialAction\":[{\"@type\":\"SearchAction\",\"target\":{\"@type\":\"EntryPoint\",\"urlTemplate\":\"https:\\\/\\\/www.kz-gedenkstaette-dachau.de\\\/?s={search_term_string}\"},\"query-input\":{\"@type\":\"PropertyValueSpecification\",\"valueRequired\":true,\"valueName\":\"search_term_string\"}}],\"inLanguage\":\"es\"}]}<\/script>\n<!-- \/ Yoast SEO plugin. -->","yoast_head_json":{"title":"Prisi\u00f3n del campo - KZ Gedenkst\u00e4tte Dachau","robots":{"index":"index","follow":"follow","max-snippet":"max-snippet:-1","max-image-preview":"max-image-preview:large","max-video-preview":"max-video-preview:-1"},"canonical":"https:\/\/www.kz-gedenkstaette-dachau.de\/es\/sitio-historico\/recorrido-virtual\/prision-del-campo\/","og_locale":"es_ES","og_type":"article","og_title":"Prisi\u00f3n del campo - KZ Gedenkst\u00e4tte Dachau","og_description":"La antigua prisi\u00f3n del campo es hoy sede de una muestra documental sobre la historia de esta edificaci\u00f3n que los prisioneros ve\u00edan como una de las centrales de terror, puesto que era ah\u00ed donde la SS aplicaba los castigos severos. En la jerga de la SS, el nombre de este sitio era \u201carresto de la... Ver art\u00edculo","og_url":"https:\/\/www.kz-gedenkstaette-dachau.de\/es\/sitio-historico\/recorrido-virtual\/prision-del-campo\/","og_site_name":"KZ Gedenkst\u00e4tte Dachau","article_modified_time":"2020-02-18T14:53:17+00:00","twitter_card":"summary_large_image","twitter_misc":{"Tiempo de lectura":"2 minutos"},"schema":{"@context":"https:\/\/schema.org","@graph":[{"@type":"WebPage","@id":"https:\/\/www.kz-gedenkstaette-dachau.de\/es\/sitio-historico\/recorrido-virtual\/prision-del-campo\/","url":"https:\/\/www.kz-gedenkstaette-dachau.de\/es\/sitio-historico\/recorrido-virtual\/prision-del-campo\/","name":"Prisi\u00f3n del campo - KZ Gedenkst\u00e4tte Dachau","isPartOf":{"@id":"https:\/\/www.kz-gedenkstaette-dachau.de\/#website"},"datePublished":"2018-09-04T10:41:07+00:00","dateModified":"2020-02-18T14:53:17+00:00","breadcrumb":{"@id":"https:\/\/www.kz-gedenkstaette-dachau.de\/es\/sitio-historico\/recorrido-virtual\/prision-del-campo\/#breadcrumb"},"inLanguage":"es","potentialAction":[{"@type":"ReadAction","target":["https:\/\/www.kz-gedenkstaette-dachau.de\/es\/sitio-historico\/recorrido-virtual\/prision-del-campo\/"]}]},{"@type":"BreadcrumbList","@id":"https:\/\/www.kz-gedenkstaette-dachau.de\/es\/sitio-historico\/recorrido-virtual\/prision-del-campo\/#breadcrumb","itemListElement":[{"@type":"ListItem","position":1,"name":"Sitio web","item":"https:\/\/www.kz-gedenkstaette-dachau.de\/es\/"},{"@type":"ListItem","position":2,"name":"Sitio hist\u00f3rico","item":"https:\/\/www.kz-gedenkstaette-dachau.de\/es\/sitio-historico\/"},{"@type":"ListItem","position":3,"name":"Recorrido virtual","item":"https:\/\/www.kz-gedenkstaette-dachau.de\/es\/sitio-historico\/recorrido-virtual\/"},{"@type":"ListItem","position":4,"name":"Prisi\u00f3n del campo"}]},{"@type":"WebSite","@id":"https:\/\/www.kz-gedenkstaette-dachau.de\/#website","url":"https:\/\/www.kz-gedenkstaette-dachau.de\/","name":"KZ Gedenkst\u00e4tte Dachau","description":"","potentialAction":[{"@type":"SearchAction","target":{"@type":"EntryPoint","urlTemplate":"https:\/\/www.kz-gedenkstaette-dachau.de\/?s={search_term_string}"},"query-input":{"@type":"PropertyValueSpecification","valueRequired":true,"valueName":"search_term_string"}}],"inLanguage":"es"}]}},"_links":{"self":[{"href":"https:\/\/www.kz-gedenkstaette-dachau.de\/es\/wp-json\/wp\/v2\/pages\/56748","targetHints":{"allow":["GET"]}}],"collection":[{"href":"https:\/\/www.kz-gedenkstaette-dachau.de\/es\/wp-json\/wp\/v2\/pages"}],"about":[{"href":"https:\/\/www.kz-gedenkstaette-dachau.de\/es\/wp-json\/wp\/v2\/types\/page"}],"author":[{"embeddable":true,"href":"https:\/\/www.kz-gedenkstaette-dachau.de\/es\/wp-json\/wp\/v2\/users\/1"}],"replies":[{"embeddable":true,"href":"https:\/\/www.kz-gedenkstaette-dachau.de\/es\/wp-json\/wp\/v2\/comments?post=56748"}],"version-history":[{"count":0,"href":"https:\/\/www.kz-gedenkstaette-dachau.de\/es\/wp-json\/wp\/v2\/pages\/56748\/revisions"}],"up":[{"embeddable":true,"href":"https:\/\/www.kz-gedenkstaette-dachau.de\/es\/wp-json\/wp\/v2\/pages\/56696"}],"wp:attachment":[{"href":"https:\/\/www.kz-gedenkstaette-dachau.de\/es\/wp-json\/wp\/v2\/media?parent=56748"}],"curies":[{"name":"wp","href":"https:\/\/api.w.org\/{rel}","templated":true}]}}