{"id":56766,"date":"2018-09-04T12:41:43","date_gmt":"2018-09-04T10:41:43","guid":{"rendered":"https:\/\/www.kz-gedenkstaette-dachau.de\/sitio-historico\/recorrido-virtual\/baracken\/"},"modified":"2020-04-01T17:04:18","modified_gmt":"2020-04-01T15:04:18","slug":"barracones","status":"publish","type":"page","link":"https:\/\/www.kz-gedenkstaette-dachau.de\/es\/sitio-historico\/recorrido-virtual\/barracones\/","title":{"rendered":"Barracones"},"content":{"rendered":"<p>Como parte de las obras de ampliaci\u00f3n del campo, en 1937\/38, la SS dispuso que se edificara un complejo de 34 barracones. Este conjunto de 4 barracones funcionales y 30 barracones habitacionales fue demolido en 1964\/65. Los dos edificios abiertos al p\u00fablico al inicio de la antigua calle del campo son reconstrucciones que datan de 1965. El barrac\u00f3n oriental alberga una exposici\u00f3n sobre el alojamiento y las condiciones de vida de los prisioneros. En ese a\u00f1o se vaciaron tambi\u00e9n marcos de hormig\u00f3n que se\u00f1alan la ubicaci\u00f3n de los 32 barracones restantes.<\/p>\n<p>Cada barrac\u00f3n de prisioneros o \u201cbloque\u201d, seg\u00fan la jerga concentracionaria, estaba compuesto por cuatro salas llamadas <em>Stuben<\/em> que, a su vez, consist\u00edan en una estancia con mesas, taburetes y armarios y en un dormitorio con literas de madera. En las viviendas, los prisioneros estaban completamente sometidos a la arbitrariedad de los miembros de la SS que fung\u00edan como \u201cjefes de bloque\u201d. Sirvi\u00e9ndose de un minucioso reglamento, tiranizaban a los prisioneros en lo que toca a la pulcritud del suelo, al orden en los armarios o la perfecci\u00f3n con que deb\u00edan tender las camas. La m\u00e1s m\u00ednima irregularidad era objeto de severo castigo.<\/p>\n<p>Cuando se edificaron, los barracones habitacionales estaban pensados para albergar a 200 personas; pero, hacia el final de la guerra, se alcanzaron niveles de hacinamiento de hasta 2.000 prisioneros en cada uno. En el primer barrac\u00f3n a la izquierda estaban el comedor, la escriban\u00eda, la biblioteca, el museo de la SS y salas donde se impart\u00edan cursillos de formaci\u00f3n a los reclusos. A la derecha de la calle del campo estaba la enfermer\u00eda que, como el estado de salud de los prisioneros era p\u00e9simo, fue expandi\u00e9ndose ocupando cada vez m\u00e1s barracones. M\u00e1s atr\u00e1s estaban los bloques de castigo y los bloques de cuarentena de los reci\u00e9n llegados.<\/p>\n","protected":false},"excerpt":{"rendered":"<p>Como parte de las obras de ampliaci\u00f3n del campo, en 1937\/38, la SS dispuso que se edificara un complejo de 34 barracones. Este conjunto de 4 barracones funcionales y 30 barracones habitacionales fue demolido en 1964\/65. Los dos edificios abiertos al p\u00fablico al inicio de la antigua calle del campo son reconstrucciones que datan de&#8230; <a class=\"view-article\" href=\"https:\/\/www.kz-gedenkstaette-dachau.de\/es\/sitio-historico\/recorrido-virtual\/barracones\/\">Ver art\u00edculo<\/a><\/p>\n","protected":false},"author":1,"featured_media":0,"parent":56696,"menu_order":900,"comment_status":"closed","ping_status":"closed","template":"page-virtueller_rundgang_unterseite.php","meta":{"_acf_changed":false,"footnotes":""},"class_list":["post-56766","page","type-page","status-publish","hentry"],"acf":[],"yoast_head":"<!-- This site is optimized with the Yoast SEO plugin v27.4 - https:\/\/yoast.com\/product\/yoast-seo-wordpress\/ -->\n<title>Barracones - KZ Gedenkst\u00e4tte Dachau<\/title>\n<meta name=\"robots\" content=\"index, follow, max-snippet:-1, max-image-preview:large, max-video-preview:-1\" \/>\n<link rel=\"canonical\" href=\"https:\/\/www.kz-gedenkstaette-dachau.de\/es\/sitio-historico\/recorrido-virtual\/barracones\/\" \/>\n<meta property=\"og:locale\" content=\"es_ES\" \/>\n<meta property=\"og:type\" content=\"article\" \/>\n<meta property=\"og:title\" content=\"Barracones - KZ Gedenkst\u00e4tte Dachau\" \/>\n<meta property=\"og:description\" content=\"Como parte de las obras de ampliaci\u00f3n del campo, en 1937\/38, la SS dispuso que se edificara un complejo de 34 barracones. Este conjunto de 4 barracones funcionales y 30 barracones habitacionales fue demolido en 1964\/65. Los dos edificios abiertos al p\u00fablico al inicio de la antigua calle del campo son reconstrucciones que datan de... Ver art\u00edculo\" \/>\n<meta property=\"og:url\" content=\"https:\/\/www.kz-gedenkstaette-dachau.de\/es\/sitio-historico\/recorrido-virtual\/barracones\/\" \/>\n<meta property=\"og:site_name\" content=\"KZ Gedenkst\u00e4tte Dachau\" \/>\n<meta property=\"article:modified_time\" content=\"2020-04-01T15:04:18+00:00\" \/>\n<meta name=\"twitter:card\" content=\"summary_large_image\" \/>\n<meta name=\"twitter:label1\" content=\"Tiempo de lectura\" \/>\n\t<meta name=\"twitter:data1\" content=\"2 minutos\" \/>\n<script type=\"application\/ld+json\" class=\"yoast-schema-graph\">{\"@context\":\"https:\\\/\\\/schema.org\",\"@graph\":[{\"@type\":\"WebPage\",\"@id\":\"https:\\\/\\\/www.kz-gedenkstaette-dachau.de\\\/es\\\/sitio-historico\\\/recorrido-virtual\\\/barracones\\\/\",\"url\":\"https:\\\/\\\/www.kz-gedenkstaette-dachau.de\\\/es\\\/sitio-historico\\\/recorrido-virtual\\\/barracones\\\/\",\"name\":\"Barracones - KZ Gedenkst\u00e4tte Dachau\",\"isPartOf\":{\"@id\":\"https:\\\/\\\/www.kz-gedenkstaette-dachau.de\\\/#website\"},\"datePublished\":\"2018-09-04T10:41:43+00:00\",\"dateModified\":\"2020-04-01T15:04:18+00:00\",\"breadcrumb\":{\"@id\":\"https:\\\/\\\/www.kz-gedenkstaette-dachau.de\\\/es\\\/sitio-historico\\\/recorrido-virtual\\\/barracones\\\/#breadcrumb\"},\"inLanguage\":\"es\",\"potentialAction\":[{\"@type\":\"ReadAction\",\"target\":[\"https:\\\/\\\/www.kz-gedenkstaette-dachau.de\\\/es\\\/sitio-historico\\\/recorrido-virtual\\\/barracones\\\/\"]}]},{\"@type\":\"BreadcrumbList\",\"@id\":\"https:\\\/\\\/www.kz-gedenkstaette-dachau.de\\\/es\\\/sitio-historico\\\/recorrido-virtual\\\/barracones\\\/#breadcrumb\",\"itemListElement\":[{\"@type\":\"ListItem\",\"position\":1,\"name\":\"Sitio web\",\"item\":\"https:\\\/\\\/www.kz-gedenkstaette-dachau.de\\\/es\\\/\"},{\"@type\":\"ListItem\",\"position\":2,\"name\":\"Sitio hist\u00f3rico\",\"item\":\"https:\\\/\\\/www.kz-gedenkstaette-dachau.de\\\/es\\\/sitio-historico\\\/\"},{\"@type\":\"ListItem\",\"position\":3,\"name\":\"Recorrido virtual\",\"item\":\"https:\\\/\\\/www.kz-gedenkstaette-dachau.de\\\/es\\\/sitio-historico\\\/recorrido-virtual\\\/\"},{\"@type\":\"ListItem\",\"position\":4,\"name\":\"Barracones\"}]},{\"@type\":\"WebSite\",\"@id\":\"https:\\\/\\\/www.kz-gedenkstaette-dachau.de\\\/#website\",\"url\":\"https:\\\/\\\/www.kz-gedenkstaette-dachau.de\\\/\",\"name\":\"KZ Gedenkst\u00e4tte Dachau\",\"description\":\"\",\"potentialAction\":[{\"@type\":\"SearchAction\",\"target\":{\"@type\":\"EntryPoint\",\"urlTemplate\":\"https:\\\/\\\/www.kz-gedenkstaette-dachau.de\\\/?s={search_term_string}\"},\"query-input\":{\"@type\":\"PropertyValueSpecification\",\"valueRequired\":true,\"valueName\":\"search_term_string\"}}],\"inLanguage\":\"es\"}]}<\/script>\n<!-- \/ Yoast SEO plugin. -->","yoast_head_json":{"title":"Barracones - KZ Gedenkst\u00e4tte Dachau","robots":{"index":"index","follow":"follow","max-snippet":"max-snippet:-1","max-image-preview":"max-image-preview:large","max-video-preview":"max-video-preview:-1"},"canonical":"https:\/\/www.kz-gedenkstaette-dachau.de\/es\/sitio-historico\/recorrido-virtual\/barracones\/","og_locale":"es_ES","og_type":"article","og_title":"Barracones - KZ Gedenkst\u00e4tte Dachau","og_description":"Como parte de las obras de ampliaci\u00f3n del campo, en 1937\/38, la SS dispuso que se edificara un complejo de 34 barracones. Este conjunto de 4 barracones funcionales y 30 barracones habitacionales fue demolido en 1964\/65. Los dos edificios abiertos al p\u00fablico al inicio de la antigua calle del campo son reconstrucciones que datan de... Ver art\u00edculo","og_url":"https:\/\/www.kz-gedenkstaette-dachau.de\/es\/sitio-historico\/recorrido-virtual\/barracones\/","og_site_name":"KZ Gedenkst\u00e4tte Dachau","article_modified_time":"2020-04-01T15:04:18+00:00","twitter_card":"summary_large_image","twitter_misc":{"Tiempo de lectura":"2 minutos"},"schema":{"@context":"https:\/\/schema.org","@graph":[{"@type":"WebPage","@id":"https:\/\/www.kz-gedenkstaette-dachau.de\/es\/sitio-historico\/recorrido-virtual\/barracones\/","url":"https:\/\/www.kz-gedenkstaette-dachau.de\/es\/sitio-historico\/recorrido-virtual\/barracones\/","name":"Barracones - KZ Gedenkst\u00e4tte Dachau","isPartOf":{"@id":"https:\/\/www.kz-gedenkstaette-dachau.de\/#website"},"datePublished":"2018-09-04T10:41:43+00:00","dateModified":"2020-04-01T15:04:18+00:00","breadcrumb":{"@id":"https:\/\/www.kz-gedenkstaette-dachau.de\/es\/sitio-historico\/recorrido-virtual\/barracones\/#breadcrumb"},"inLanguage":"es","potentialAction":[{"@type":"ReadAction","target":["https:\/\/www.kz-gedenkstaette-dachau.de\/es\/sitio-historico\/recorrido-virtual\/barracones\/"]}]},{"@type":"BreadcrumbList","@id":"https:\/\/www.kz-gedenkstaette-dachau.de\/es\/sitio-historico\/recorrido-virtual\/barracones\/#breadcrumb","itemListElement":[{"@type":"ListItem","position":1,"name":"Sitio web","item":"https:\/\/www.kz-gedenkstaette-dachau.de\/es\/"},{"@type":"ListItem","position":2,"name":"Sitio hist\u00f3rico","item":"https:\/\/www.kz-gedenkstaette-dachau.de\/es\/sitio-historico\/"},{"@type":"ListItem","position":3,"name":"Recorrido virtual","item":"https:\/\/www.kz-gedenkstaette-dachau.de\/es\/sitio-historico\/recorrido-virtual\/"},{"@type":"ListItem","position":4,"name":"Barracones"}]},{"@type":"WebSite","@id":"https:\/\/www.kz-gedenkstaette-dachau.de\/#website","url":"https:\/\/www.kz-gedenkstaette-dachau.de\/","name":"KZ Gedenkst\u00e4tte Dachau","description":"","potentialAction":[{"@type":"SearchAction","target":{"@type":"EntryPoint","urlTemplate":"https:\/\/www.kz-gedenkstaette-dachau.de\/?s={search_term_string}"},"query-input":{"@type":"PropertyValueSpecification","valueRequired":true,"valueName":"search_term_string"}}],"inLanguage":"es"}]}},"_links":{"self":[{"href":"https:\/\/www.kz-gedenkstaette-dachau.de\/es\/wp-json\/wp\/v2\/pages\/56766","targetHints":{"allow":["GET"]}}],"collection":[{"href":"https:\/\/www.kz-gedenkstaette-dachau.de\/es\/wp-json\/wp\/v2\/pages"}],"about":[{"href":"https:\/\/www.kz-gedenkstaette-dachau.de\/es\/wp-json\/wp\/v2\/types\/page"}],"author":[{"embeddable":true,"href":"https:\/\/www.kz-gedenkstaette-dachau.de\/es\/wp-json\/wp\/v2\/users\/1"}],"replies":[{"embeddable":true,"href":"https:\/\/www.kz-gedenkstaette-dachau.de\/es\/wp-json\/wp\/v2\/comments?post=56766"}],"version-history":[{"count":0,"href":"https:\/\/www.kz-gedenkstaette-dachau.de\/es\/wp-json\/wp\/v2\/pages\/56766\/revisions"}],"up":[{"embeddable":true,"href":"https:\/\/www.kz-gedenkstaette-dachau.de\/es\/wp-json\/wp\/v2\/pages\/56696"}],"wp:attachment":[{"href":"https:\/\/www.kz-gedenkstaette-dachau.de\/es\/wp-json\/wp\/v2\/media?parent=56766"}],"curies":[{"name":"wp","href":"https:\/\/api.w.org\/{rel}","templated":true}]}}