{"id":56769,"date":"2018-09-04T12:42:03","date_gmt":"2018-09-04T10:42:03","guid":{"rendered":"https:\/\/www.kz-gedenkstaette-dachau.de\/sitio-historico\/recorrido-virtual\/krankenrevier\/"},"modified":"2020-03-19T12:15:08","modified_gmt":"2020-03-19T11:15:08","slug":"krankenrevier","status":"publish","type":"page","link":"https:\/\/www.kz-gedenkstaette-dachau.de\/es\/sitio-historico\/recorrido-virtual\/krankenrevier\/","title":{"rendered":"Enfermer\u00eda"},"content":{"rendered":"<p>La enfermer\u00eda era una especie de hospital dentro del campo. En sus comienzos, ocupaba los dos primeros barracones funcionales a la derecha de la calle y estaba equipada con aparatos modernos y costosos. La SS la usaba con fines propagand\u00edsticos y la mostraba a las delegaciones que visitaban el campo. Ten\u00eda dos quir\u00f3fanos, una farmacia, un laboratorio, diversos ambulatorios, una morgue, pero la realidad era otra: los prisioneros en la enfermer\u00eda estaban expuestos a p\u00e9simas condiciones y los m\u00e9dicos de la SS pr\u00e1cticamente no se ocupaban de ellos. Imperaba, adem\u00e1s, una tremenda escasez de medicamentos y de material de curaci\u00f3n, y no fue sino hasta 1943 que se autoriz\u00f3 a prisioneros m\u00e9dicos de profesi\u00f3n que atendieran a sus compa\u00f1eros de reclusi\u00f3n.<\/p>\n<p>Con el estallido de la guerra, las condiciones de vida de los prisioneros empeoraron notoria y r\u00e1pidamente. La desnutrici\u00f3n, la falta de higiene y el agotamiento f\u00edsico hicieron que su estado de salud se tornara desolador. Con el paso del tiempo, la enfermer\u00eda fue creciendo hasta ocupar cinco barracones m\u00e1s, de manera que, en total, fueron siete los \u201cbloques de la enfermer\u00eda\u201d que un sendero techado comunicaba entre s\u00ed. Las enfermedades infecciosas cund\u00edan con celeridad, sobre todo en la fase final de la guerra, de modo que la enfermer\u00eda se fue convirtiendo cada vez m\u00e1s en un sitio al que los prisioneros llegaban \u00fanicamente a morir.<\/p>\n<p>A partir de 1941, los m\u00e9dicos de la SS realizaron en la enfermer\u00eda crueles experimentos con los prisioneros. Por encargo de la Fuerza A\u00e9rea, experimentaron con hipotermia, altura y agua de mar. Arriesgaron la vida de prisioneros somenti\u00e9ndolos a bajas temperaturas en pilas de agua, exponi\u00e9ndolos a extremos cambios de presi\u00f3n en una c\u00e1mara hipob\u00e1rica y oblig\u00e1ndolos a beber agua salada con sustancias qu\u00edmicas. A otros les inocularon el pat\u00f3geno de la malaria para generar un flem\u00f3n y probar en ellos el efecto de medicamentos. Todos estos experimentos costaron la vida a cientos de personas.<\/p>\n","protected":false},"excerpt":{"rendered":"<p>La enfermer\u00eda era una especie de hospital dentro del campo. En sus comienzos, ocupaba los dos primeros barracones funcionales a la derecha de la calle y estaba equipada con aparatos modernos y costosos. La SS la usaba con fines propagand\u00edsticos y la mostraba a las delegaciones que visitaban el campo. Ten\u00eda dos quir\u00f3fanos, una farmacia,&#8230; <a class=\"view-article\" href=\"https:\/\/www.kz-gedenkstaette-dachau.de\/es\/sitio-historico\/recorrido-virtual\/krankenrevier\/\">Ver art\u00edculo<\/a><\/p>\n","protected":false},"author":1,"featured_media":0,"parent":56696,"menu_order":1000,"comment_status":"closed","ping_status":"closed","template":"page-virtueller_rundgang_unterseite.php","meta":{"_acf_changed":false,"footnotes":""},"class_list":["post-56769","page","type-page","status-publish","hentry"],"acf":[],"yoast_head":"<!-- This site is optimized with the Yoast SEO plugin v27.3 - https:\/\/yoast.com\/product\/yoast-seo-wordpress\/ -->\n<title>Enfermer\u00eda - KZ Gedenkst\u00e4tte Dachau<\/title>\n<meta name=\"robots\" content=\"index, follow, max-snippet:-1, max-image-preview:large, max-video-preview:-1\" \/>\n<link rel=\"canonical\" href=\"https:\/\/www.kz-gedenkstaette-dachau.de\/es\/sitio-historico\/recorrido-virtual\/krankenrevier\/\" \/>\n<meta property=\"og:locale\" content=\"es_ES\" \/>\n<meta property=\"og:type\" content=\"article\" \/>\n<meta property=\"og:title\" content=\"Enfermer\u00eda - KZ Gedenkst\u00e4tte Dachau\" \/>\n<meta property=\"og:description\" content=\"La enfermer\u00eda era una especie de hospital dentro del campo. En sus comienzos, ocupaba los dos primeros barracones funcionales a la derecha de la calle y estaba equipada con aparatos modernos y costosos. La SS la usaba con fines propagand\u00edsticos y la mostraba a las delegaciones que visitaban el campo. Ten\u00eda dos quir\u00f3fanos, una farmacia,... Ver art\u00edculo\" \/>\n<meta property=\"og:url\" content=\"https:\/\/www.kz-gedenkstaette-dachau.de\/es\/sitio-historico\/recorrido-virtual\/krankenrevier\/\" \/>\n<meta property=\"og:site_name\" content=\"KZ Gedenkst\u00e4tte Dachau\" \/>\n<meta property=\"article:modified_time\" content=\"2020-03-19T11:15:08+00:00\" \/>\n<meta name=\"twitter:card\" content=\"summary_large_image\" \/>\n<meta name=\"twitter:label1\" content=\"Tiempo de lectura\" \/>\n\t<meta name=\"twitter:data1\" content=\"2 minutos\" \/>\n<script type=\"application\/ld+json\" class=\"yoast-schema-graph\">{\"@context\":\"https:\\\/\\\/schema.org\",\"@graph\":[{\"@type\":\"WebPage\",\"@id\":\"https:\\\/\\\/www.kz-gedenkstaette-dachau.de\\\/es\\\/sitio-historico\\\/recorrido-virtual\\\/krankenrevier\\\/\",\"url\":\"https:\\\/\\\/www.kz-gedenkstaette-dachau.de\\\/es\\\/sitio-historico\\\/recorrido-virtual\\\/krankenrevier\\\/\",\"name\":\"Enfermer\u00eda - KZ Gedenkst\u00e4tte Dachau\",\"isPartOf\":{\"@id\":\"https:\\\/\\\/www.kz-gedenkstaette-dachau.de\\\/#website\"},\"datePublished\":\"2018-09-04T10:42:03+00:00\",\"dateModified\":\"2020-03-19T11:15:08+00:00\",\"breadcrumb\":{\"@id\":\"https:\\\/\\\/www.kz-gedenkstaette-dachau.de\\\/es\\\/sitio-historico\\\/recorrido-virtual\\\/krankenrevier\\\/#breadcrumb\"},\"inLanguage\":\"es\",\"potentialAction\":[{\"@type\":\"ReadAction\",\"target\":[\"https:\\\/\\\/www.kz-gedenkstaette-dachau.de\\\/es\\\/sitio-historico\\\/recorrido-virtual\\\/krankenrevier\\\/\"]}]},{\"@type\":\"BreadcrumbList\",\"@id\":\"https:\\\/\\\/www.kz-gedenkstaette-dachau.de\\\/es\\\/sitio-historico\\\/recorrido-virtual\\\/krankenrevier\\\/#breadcrumb\",\"itemListElement\":[{\"@type\":\"ListItem\",\"position\":1,\"name\":\"Sitio web\",\"item\":\"https:\\\/\\\/www.kz-gedenkstaette-dachau.de\\\/es\\\/\"},{\"@type\":\"ListItem\",\"position\":2,\"name\":\"Sitio hist\u00f3rico\",\"item\":\"https:\\\/\\\/www.kz-gedenkstaette-dachau.de\\\/es\\\/sitio-historico\\\/\"},{\"@type\":\"ListItem\",\"position\":3,\"name\":\"Recorrido virtual\",\"item\":\"https:\\\/\\\/www.kz-gedenkstaette-dachau.de\\\/es\\\/sitio-historico\\\/recorrido-virtual\\\/\"},{\"@type\":\"ListItem\",\"position\":4,\"name\":\"Enfermer\u00eda\"}]},{\"@type\":\"WebSite\",\"@id\":\"https:\\\/\\\/www.kz-gedenkstaette-dachau.de\\\/#website\",\"url\":\"https:\\\/\\\/www.kz-gedenkstaette-dachau.de\\\/\",\"name\":\"KZ Gedenkst\u00e4tte Dachau\",\"description\":\"\",\"potentialAction\":[{\"@type\":\"SearchAction\",\"target\":{\"@type\":\"EntryPoint\",\"urlTemplate\":\"https:\\\/\\\/www.kz-gedenkstaette-dachau.de\\\/?s={search_term_string}\"},\"query-input\":{\"@type\":\"PropertyValueSpecification\",\"valueRequired\":true,\"valueName\":\"search_term_string\"}}],\"inLanguage\":\"es\"}]}<\/script>\n<!-- \/ Yoast SEO plugin. -->","yoast_head_json":{"title":"Enfermer\u00eda - KZ Gedenkst\u00e4tte Dachau","robots":{"index":"index","follow":"follow","max-snippet":"max-snippet:-1","max-image-preview":"max-image-preview:large","max-video-preview":"max-video-preview:-1"},"canonical":"https:\/\/www.kz-gedenkstaette-dachau.de\/es\/sitio-historico\/recorrido-virtual\/krankenrevier\/","og_locale":"es_ES","og_type":"article","og_title":"Enfermer\u00eda - KZ Gedenkst\u00e4tte Dachau","og_description":"La enfermer\u00eda era una especie de hospital dentro del campo. En sus comienzos, ocupaba los dos primeros barracones funcionales a la derecha de la calle y estaba equipada con aparatos modernos y costosos. La SS la usaba con fines propagand\u00edsticos y la mostraba a las delegaciones que visitaban el campo. Ten\u00eda dos quir\u00f3fanos, una farmacia,... Ver art\u00edculo","og_url":"https:\/\/www.kz-gedenkstaette-dachau.de\/es\/sitio-historico\/recorrido-virtual\/krankenrevier\/","og_site_name":"KZ Gedenkst\u00e4tte Dachau","article_modified_time":"2020-03-19T11:15:08+00:00","twitter_card":"summary_large_image","twitter_misc":{"Tiempo de lectura":"2 minutos"},"schema":{"@context":"https:\/\/schema.org","@graph":[{"@type":"WebPage","@id":"https:\/\/www.kz-gedenkstaette-dachau.de\/es\/sitio-historico\/recorrido-virtual\/krankenrevier\/","url":"https:\/\/www.kz-gedenkstaette-dachau.de\/es\/sitio-historico\/recorrido-virtual\/krankenrevier\/","name":"Enfermer\u00eda - KZ Gedenkst\u00e4tte Dachau","isPartOf":{"@id":"https:\/\/www.kz-gedenkstaette-dachau.de\/#website"},"datePublished":"2018-09-04T10:42:03+00:00","dateModified":"2020-03-19T11:15:08+00:00","breadcrumb":{"@id":"https:\/\/www.kz-gedenkstaette-dachau.de\/es\/sitio-historico\/recorrido-virtual\/krankenrevier\/#breadcrumb"},"inLanguage":"es","potentialAction":[{"@type":"ReadAction","target":["https:\/\/www.kz-gedenkstaette-dachau.de\/es\/sitio-historico\/recorrido-virtual\/krankenrevier\/"]}]},{"@type":"BreadcrumbList","@id":"https:\/\/www.kz-gedenkstaette-dachau.de\/es\/sitio-historico\/recorrido-virtual\/krankenrevier\/#breadcrumb","itemListElement":[{"@type":"ListItem","position":1,"name":"Sitio web","item":"https:\/\/www.kz-gedenkstaette-dachau.de\/es\/"},{"@type":"ListItem","position":2,"name":"Sitio hist\u00f3rico","item":"https:\/\/www.kz-gedenkstaette-dachau.de\/es\/sitio-historico\/"},{"@type":"ListItem","position":3,"name":"Recorrido virtual","item":"https:\/\/www.kz-gedenkstaette-dachau.de\/es\/sitio-historico\/recorrido-virtual\/"},{"@type":"ListItem","position":4,"name":"Enfermer\u00eda"}]},{"@type":"WebSite","@id":"https:\/\/www.kz-gedenkstaette-dachau.de\/#website","url":"https:\/\/www.kz-gedenkstaette-dachau.de\/","name":"KZ Gedenkst\u00e4tte Dachau","description":"","potentialAction":[{"@type":"SearchAction","target":{"@type":"EntryPoint","urlTemplate":"https:\/\/www.kz-gedenkstaette-dachau.de\/?s={search_term_string}"},"query-input":{"@type":"PropertyValueSpecification","valueRequired":true,"valueName":"search_term_string"}}],"inLanguage":"es"}]}},"_links":{"self":[{"href":"https:\/\/www.kz-gedenkstaette-dachau.de\/es\/wp-json\/wp\/v2\/pages\/56769","targetHints":{"allow":["GET"]}}],"collection":[{"href":"https:\/\/www.kz-gedenkstaette-dachau.de\/es\/wp-json\/wp\/v2\/pages"}],"about":[{"href":"https:\/\/www.kz-gedenkstaette-dachau.de\/es\/wp-json\/wp\/v2\/types\/page"}],"author":[{"embeddable":true,"href":"https:\/\/www.kz-gedenkstaette-dachau.de\/es\/wp-json\/wp\/v2\/users\/1"}],"replies":[{"embeddable":true,"href":"https:\/\/www.kz-gedenkstaette-dachau.de\/es\/wp-json\/wp\/v2\/comments?post=56769"}],"version-history":[{"count":0,"href":"https:\/\/www.kz-gedenkstaette-dachau.de\/es\/wp-json\/wp\/v2\/pages\/56769\/revisions"}],"up":[{"embeddable":true,"href":"https:\/\/www.kz-gedenkstaette-dachau.de\/es\/wp-json\/wp\/v2\/pages\/56696"}],"wp:attachment":[{"href":"https:\/\/www.kz-gedenkstaette-dachau.de\/es\/wp-json\/wp\/v2\/media?parent=56769"}],"curies":[{"name":"wp","href":"https:\/\/api.w.org\/{rel}","templated":true}]}}