{"id":56775,"date":"2018-09-04T12:42:23","date_gmt":"2018-09-04T10:42:23","guid":{"rendered":"https:\/\/www.kz-gedenkstaette-dachau.de\/sitio-historico\/recorrido-virtual\/funktionsgebaeude\/"},"modified":"2024-04-04T17:16:50","modified_gmt":"2024-04-04T15:16:50","slug":"edificaciones-funcionales","status":"publish","type":"page","link":"https:\/\/www.kz-gedenkstaette-dachau.de\/es\/sitio-historico\/recorrido-virtual\/edificaciones-funcionales\/","title":{"rendered":"Edificaciones funcionales"},"content":{"rendered":"<p>M\u00e1s all\u00e1 de la \u00faltima hilera de barracones hab\u00eda una zona enrejada con edificaciones funcionales y talleres donde varios comandos de prisioneros hac\u00edan trabajos forzados. El complejo fue demolido en los a\u00f1os 50 y 60. Hoy, en su lugar, se ubican aqu\u00ed los monumentos conmemorativos de car\u00e1cter religioso.<\/p>\n<p>Justo detr\u00e1s de la hilera occidental de barracones estaba la jardiner\u00eda del campo (zona en rojo). En sus invernaderos se cultivaban pl\u00e1ntulas que iban a dar luego al centro de experimentaci\u00f3n de la SS \/ \u201cJard\u00edn de herbolaria\u201d.<\/p>\n<p>En 1940, atr\u00e1s de la hilera oriental de barracones, se edificaron corrales para la cr\u00eda de conejos de angora (zona en lila). El criadero estuvo siempre en constante ampliaci\u00f3n y, en 1944, hab\u00eda en \u00e9l m\u00e1s de 4.000 conejos. Su lana y sus pieles se usaban para elaborar el forro de los uniformes de la Fuerza A\u00e9rea.<\/p>\n<p>El barrac\u00f3n para la desinfecci\u00f3n de los uniformes y las mantas de los prisioneros (zona en anaranjado) se sum\u00f3 al complejo en 1941. Como hab\u00eda riesgo de contagio, la SS evitaba ir a ese sitio. Los prisioneros aprovechaban la situaci\u00f3n para reunirse de forma ilegal y escuchar emisoras extranjeras en el aparato de radio que hab\u00edan ocultado en el barrac\u00f3n.<\/p>\n<p>En primavera de 1944, la SS inaugur\u00f3 un burdel en el campo (zona en verde), cuyo nombre oficial era \u201cedificio especial\u201d. Prisioneras del campo de concentraci\u00f3n de Ravensbr\u00fcck fueron forzadas a practicar ah\u00ed la prostituci\u00f3n. La SS conced\u00eda bonos de premio a prisioneros con buen rendimiento en el trabajo con los que pod\u00edan solicitar una visita al burdel. Era un sistema pensado para incentivar el buen desempe\u00f1o de los prisioneros; sin embargo, la mayor\u00eda boicote\u00f3 el burdel, que, desde luego, estaba prohibido a los prisioneros jud\u00edos. La SS clausur\u00f3 el burdel a finales de 1944.<\/p>\n","protected":false},"excerpt":{"rendered":"<p>M\u00e1s all\u00e1 de la \u00faltima hilera de barracones hab\u00eda una zona enrejada con edificaciones funcionales y talleres donde varios comandos de prisioneros hac\u00edan trabajos forzados. El complejo fue demolido en los a\u00f1os 50 y 60. Hoy, en su lugar, se ubican aqu\u00ed los monumentos conmemorativos de car\u00e1cter religioso. Justo detr\u00e1s de la hilera occidental de&#8230; <a class=\"view-article\" href=\"https:\/\/www.kz-gedenkstaette-dachau.de\/es\/sitio-historico\/recorrido-virtual\/edificaciones-funcionales\/\">Ver art\u00edculo<\/a><\/p>\n","protected":false},"author":1,"featured_media":0,"parent":56696,"menu_order":1100,"comment_status":"closed","ping_status":"closed","template":"page-virtueller_rundgang_unterseite.php","meta":{"_acf_changed":false,"footnotes":""},"class_list":["post-56775","page","type-page","status-publish","hentry"],"acf":[],"yoast_head":"<!-- This site is optimized with the Yoast SEO plugin v27.3 - https:\/\/yoast.com\/product\/yoast-seo-wordpress\/ -->\n<title>Edificaciones funcionales - KZ Gedenkst\u00e4tte Dachau<\/title>\n<meta name=\"robots\" content=\"index, follow, max-snippet:-1, max-image-preview:large, max-video-preview:-1\" \/>\n<link rel=\"canonical\" href=\"https:\/\/www.kz-gedenkstaette-dachau.de\/es\/sitio-historico\/recorrido-virtual\/edificaciones-funcionales\/\" \/>\n<meta property=\"og:locale\" content=\"es_ES\" \/>\n<meta property=\"og:type\" content=\"article\" \/>\n<meta property=\"og:title\" content=\"Edificaciones funcionales - KZ Gedenkst\u00e4tte Dachau\" \/>\n<meta property=\"og:description\" content=\"M\u00e1s all\u00e1 de la \u00faltima hilera de barracones hab\u00eda una zona enrejada con edificaciones funcionales y talleres donde varios comandos de prisioneros hac\u00edan trabajos forzados. El complejo fue demolido en los a\u00f1os 50 y 60. Hoy, en su lugar, se ubican aqu\u00ed los monumentos conmemorativos de car\u00e1cter religioso. Justo detr\u00e1s de la hilera occidental de... Ver art\u00edculo\" \/>\n<meta property=\"og:url\" content=\"https:\/\/www.kz-gedenkstaette-dachau.de\/es\/sitio-historico\/recorrido-virtual\/edificaciones-funcionales\/\" \/>\n<meta property=\"og:site_name\" content=\"KZ Gedenkst\u00e4tte Dachau\" \/>\n<meta property=\"article:modified_time\" content=\"2024-04-04T15:16:50+00:00\" \/>\n<meta name=\"twitter:card\" content=\"summary_large_image\" \/>\n<meta name=\"twitter:label1\" content=\"Tiempo de lectura\" \/>\n\t<meta name=\"twitter:data1\" content=\"2 minutos\" \/>\n<script type=\"application\/ld+json\" class=\"yoast-schema-graph\">{\"@context\":\"https:\\\/\\\/schema.org\",\"@graph\":[{\"@type\":\"WebPage\",\"@id\":\"https:\\\/\\\/www.kz-gedenkstaette-dachau.de\\\/es\\\/sitio-historico\\\/recorrido-virtual\\\/edificaciones-funcionales\\\/\",\"url\":\"https:\\\/\\\/www.kz-gedenkstaette-dachau.de\\\/es\\\/sitio-historico\\\/recorrido-virtual\\\/edificaciones-funcionales\\\/\",\"name\":\"Edificaciones funcionales - KZ Gedenkst\u00e4tte Dachau\",\"isPartOf\":{\"@id\":\"https:\\\/\\\/www.kz-gedenkstaette-dachau.de\\\/#website\"},\"datePublished\":\"2018-09-04T10:42:23+00:00\",\"dateModified\":\"2024-04-04T15:16:50+00:00\",\"breadcrumb\":{\"@id\":\"https:\\\/\\\/www.kz-gedenkstaette-dachau.de\\\/es\\\/sitio-historico\\\/recorrido-virtual\\\/edificaciones-funcionales\\\/#breadcrumb\"},\"inLanguage\":\"es\",\"potentialAction\":[{\"@type\":\"ReadAction\",\"target\":[\"https:\\\/\\\/www.kz-gedenkstaette-dachau.de\\\/es\\\/sitio-historico\\\/recorrido-virtual\\\/edificaciones-funcionales\\\/\"]}]},{\"@type\":\"BreadcrumbList\",\"@id\":\"https:\\\/\\\/www.kz-gedenkstaette-dachau.de\\\/es\\\/sitio-historico\\\/recorrido-virtual\\\/edificaciones-funcionales\\\/#breadcrumb\",\"itemListElement\":[{\"@type\":\"ListItem\",\"position\":1,\"name\":\"Sitio web\",\"item\":\"https:\\\/\\\/www.kz-gedenkstaette-dachau.de\\\/es\\\/\"},{\"@type\":\"ListItem\",\"position\":2,\"name\":\"Sitio hist\u00f3rico\",\"item\":\"https:\\\/\\\/www.kz-gedenkstaette-dachau.de\\\/es\\\/sitio-historico\\\/\"},{\"@type\":\"ListItem\",\"position\":3,\"name\":\"Recorrido virtual\",\"item\":\"https:\\\/\\\/www.kz-gedenkstaette-dachau.de\\\/es\\\/sitio-historico\\\/recorrido-virtual\\\/\"},{\"@type\":\"ListItem\",\"position\":4,\"name\":\"Edificaciones funcionales\"}]},{\"@type\":\"WebSite\",\"@id\":\"https:\\\/\\\/www.kz-gedenkstaette-dachau.de\\\/#website\",\"url\":\"https:\\\/\\\/www.kz-gedenkstaette-dachau.de\\\/\",\"name\":\"KZ Gedenkst\u00e4tte Dachau\",\"description\":\"\",\"potentialAction\":[{\"@type\":\"SearchAction\",\"target\":{\"@type\":\"EntryPoint\",\"urlTemplate\":\"https:\\\/\\\/www.kz-gedenkstaette-dachau.de\\\/?s={search_term_string}\"},\"query-input\":{\"@type\":\"PropertyValueSpecification\",\"valueRequired\":true,\"valueName\":\"search_term_string\"}}],\"inLanguage\":\"es\"}]}<\/script>\n<!-- \/ Yoast SEO plugin. -->","yoast_head_json":{"title":"Edificaciones funcionales - KZ Gedenkst\u00e4tte Dachau","robots":{"index":"index","follow":"follow","max-snippet":"max-snippet:-1","max-image-preview":"max-image-preview:large","max-video-preview":"max-video-preview:-1"},"canonical":"https:\/\/www.kz-gedenkstaette-dachau.de\/es\/sitio-historico\/recorrido-virtual\/edificaciones-funcionales\/","og_locale":"es_ES","og_type":"article","og_title":"Edificaciones funcionales - KZ Gedenkst\u00e4tte Dachau","og_description":"M\u00e1s all\u00e1 de la \u00faltima hilera de barracones hab\u00eda una zona enrejada con edificaciones funcionales y talleres donde varios comandos de prisioneros hac\u00edan trabajos forzados. El complejo fue demolido en los a\u00f1os 50 y 60. Hoy, en su lugar, se ubican aqu\u00ed los monumentos conmemorativos de car\u00e1cter religioso. Justo detr\u00e1s de la hilera occidental de... Ver art\u00edculo","og_url":"https:\/\/www.kz-gedenkstaette-dachau.de\/es\/sitio-historico\/recorrido-virtual\/edificaciones-funcionales\/","og_site_name":"KZ Gedenkst\u00e4tte Dachau","article_modified_time":"2024-04-04T15:16:50+00:00","twitter_card":"summary_large_image","twitter_misc":{"Tiempo de lectura":"2 minutos"},"schema":{"@context":"https:\/\/schema.org","@graph":[{"@type":"WebPage","@id":"https:\/\/www.kz-gedenkstaette-dachau.de\/es\/sitio-historico\/recorrido-virtual\/edificaciones-funcionales\/","url":"https:\/\/www.kz-gedenkstaette-dachau.de\/es\/sitio-historico\/recorrido-virtual\/edificaciones-funcionales\/","name":"Edificaciones funcionales - KZ Gedenkst\u00e4tte Dachau","isPartOf":{"@id":"https:\/\/www.kz-gedenkstaette-dachau.de\/#website"},"datePublished":"2018-09-04T10:42:23+00:00","dateModified":"2024-04-04T15:16:50+00:00","breadcrumb":{"@id":"https:\/\/www.kz-gedenkstaette-dachau.de\/es\/sitio-historico\/recorrido-virtual\/edificaciones-funcionales\/#breadcrumb"},"inLanguage":"es","potentialAction":[{"@type":"ReadAction","target":["https:\/\/www.kz-gedenkstaette-dachau.de\/es\/sitio-historico\/recorrido-virtual\/edificaciones-funcionales\/"]}]},{"@type":"BreadcrumbList","@id":"https:\/\/www.kz-gedenkstaette-dachau.de\/es\/sitio-historico\/recorrido-virtual\/edificaciones-funcionales\/#breadcrumb","itemListElement":[{"@type":"ListItem","position":1,"name":"Sitio web","item":"https:\/\/www.kz-gedenkstaette-dachau.de\/es\/"},{"@type":"ListItem","position":2,"name":"Sitio hist\u00f3rico","item":"https:\/\/www.kz-gedenkstaette-dachau.de\/es\/sitio-historico\/"},{"@type":"ListItem","position":3,"name":"Recorrido virtual","item":"https:\/\/www.kz-gedenkstaette-dachau.de\/es\/sitio-historico\/recorrido-virtual\/"},{"@type":"ListItem","position":4,"name":"Edificaciones funcionales"}]},{"@type":"WebSite","@id":"https:\/\/www.kz-gedenkstaette-dachau.de\/#website","url":"https:\/\/www.kz-gedenkstaette-dachau.de\/","name":"KZ Gedenkst\u00e4tte Dachau","description":"","potentialAction":[{"@type":"SearchAction","target":{"@type":"EntryPoint","urlTemplate":"https:\/\/www.kz-gedenkstaette-dachau.de\/?s={search_term_string}"},"query-input":{"@type":"PropertyValueSpecification","valueRequired":true,"valueName":"search_term_string"}}],"inLanguage":"es"}]}},"_links":{"self":[{"href":"https:\/\/www.kz-gedenkstaette-dachau.de\/es\/wp-json\/wp\/v2\/pages\/56775","targetHints":{"allow":["GET"]}}],"collection":[{"href":"https:\/\/www.kz-gedenkstaette-dachau.de\/es\/wp-json\/wp\/v2\/pages"}],"about":[{"href":"https:\/\/www.kz-gedenkstaette-dachau.de\/es\/wp-json\/wp\/v2\/types\/page"}],"author":[{"embeddable":true,"href":"https:\/\/www.kz-gedenkstaette-dachau.de\/es\/wp-json\/wp\/v2\/users\/1"}],"replies":[{"embeddable":true,"href":"https:\/\/www.kz-gedenkstaette-dachau.de\/es\/wp-json\/wp\/v2\/comments?post=56775"}],"version-history":[{"count":1,"href":"https:\/\/www.kz-gedenkstaette-dachau.de\/es\/wp-json\/wp\/v2\/pages\/56775\/revisions"}],"predecessor-version":[{"id":90186,"href":"https:\/\/www.kz-gedenkstaette-dachau.de\/es\/wp-json\/wp\/v2\/pages\/56775\/revisions\/90186"}],"up":[{"embeddable":true,"href":"https:\/\/www.kz-gedenkstaette-dachau.de\/es\/wp-json\/wp\/v2\/pages\/56696"}],"wp:attachment":[{"href":"https:\/\/www.kz-gedenkstaette-dachau.de\/es\/wp-json\/wp\/v2\/media?parent=56775"}],"curies":[{"name":"wp","href":"https:\/\/api.w.org\/{rel}","templated":true}]}}