{"id":56777,"date":"2018-09-04T12:42:49","date_gmt":"2018-09-04T10:42:49","guid":{"rendered":"https:\/\/www.kz-gedenkstaette-dachau.de\/sitio-historico\/recorrido-virtual\/bewachungsanlage\/"},"modified":"2024-04-04T17:15:45","modified_gmt":"2024-04-04T15:15:45","slug":"instalaciones-de-custodia","status":"publish","type":"page","link":"https:\/\/www.kz-gedenkstaette-dachau.de\/es\/sitio-historico\/recorrido-virtual\/instalaciones-de-custodia\/","title":{"rendered":"Instalaciones de custodia"},"content":{"rendered":"<p>Con la ampliaci\u00f3n del campo en 1937\/38, se erigieron instalaciones de custodia lo suficientemente eficaces para impedir la fuga de los prisioneros. Cuando, en 1948, el terreno del campo fue destinado a servir como albergue para refugiados, se removieron la cerca de alambre de espino y una torre de vigilancia. Tras la inauguraci\u00f3n del memorial, ya en la d\u00e9cada de los 60, se reconstruy\u00f3 la torre demolida y se restauraron las dem\u00e1s, que, en parte, estaban ya en ruinas. Con fines did\u00e1cticos, se reconstruyeron tambi\u00e9n partes de la verja que circundaba el campo. Los segmentos reconstruidos est\u00e1n al oriente del antiguo edificio de la intendencia y en la entrada a la zona de crematorios.<\/p>\n<p>Al norte, al este y al sur, un muro de tres metros de altura reforzado con alambre de espino aislaba el campo de concentraci\u00f3n del mundo exterior. Al oeste, el r\u00edo W\u00fcrm era la frontera natural con el campo de la SS. Hacia el interior, frente al muro y al r\u00edo, hab\u00eda una cerca de alambre de espino electrificado con alto voltaje, una estacada, tambi\u00e9n de alambre de espino, una zanja de dos metros de profundidad y una franja de c\u00e9sped. \u201cZona neutral\u201d era el nombre eufem\u00edstico que la SS hab\u00eda dado a estas instalaciones; pero, si alg\u00fan prisionero llegaba a poner un pie en esta \u00e1rea, se le consideraba sospechoso de fuga y, sin previo aviso, los guardias lo mataban a tiros. Las instalaciones de custodia inclu\u00edan, adem\u00e1s, siete torres de vigilancia con metralletas y guardias de la SS que las ocupaban las 24 horas.<\/p>\n<p>Prisioneros que, en su desesperaci\u00f3n, eran ya incapaces de seguir soportando el miedo que infund\u00eda el r\u00e9gimen de terror de la SS eleg\u00edan la muerte. Invad\u00edan, adrede, la \u201czona neutral\u201d o se tiraban al alambre electrificado. Pero, a veces, la SS obligaba a los prisioneros a entrar en la zona de seguridad para pegarles un tiro por \u201cintento de fuga\u201d.<\/p>\n","protected":false},"excerpt":{"rendered":"<p>Con la ampliaci\u00f3n del campo en 1937\/38, se erigieron instalaciones de custodia lo suficientemente eficaces para impedir la fuga de los prisioneros. Cuando, en 1948, el terreno del campo fue destinado a servir como albergue para refugiados, se removieron la cerca de alambre de espino y una torre de vigilancia. Tras la inauguraci\u00f3n del memorial,&#8230; <a class=\"view-article\" href=\"https:\/\/www.kz-gedenkstaette-dachau.de\/es\/sitio-historico\/recorrido-virtual\/instalaciones-de-custodia\/\">Ver art\u00edculo<\/a><\/p>\n","protected":false},"author":1,"featured_media":0,"parent":56696,"menu_order":1200,"comment_status":"closed","ping_status":"closed","template":"page-virtueller_rundgang_unterseite.php","meta":{"_acf_changed":false,"footnotes":""},"class_list":["post-56777","page","type-page","status-publish","hentry"],"acf":[],"yoast_head":"<!-- This site is optimized with the Yoast SEO plugin v27.4 - https:\/\/yoast.com\/product\/yoast-seo-wordpress\/ -->\n<title>Instalaciones de custodia - KZ Gedenkst\u00e4tte Dachau<\/title>\n<meta name=\"robots\" content=\"index, follow, max-snippet:-1, max-image-preview:large, max-video-preview:-1\" \/>\n<link rel=\"canonical\" href=\"https:\/\/www.kz-gedenkstaette-dachau.de\/es\/sitio-historico\/recorrido-virtual\/instalaciones-de-custodia\/\" \/>\n<meta property=\"og:locale\" content=\"es_ES\" \/>\n<meta property=\"og:type\" content=\"article\" \/>\n<meta property=\"og:title\" content=\"Instalaciones de custodia - KZ Gedenkst\u00e4tte Dachau\" \/>\n<meta property=\"og:description\" content=\"Con la ampliaci\u00f3n del campo en 1937\/38, se erigieron instalaciones de custodia lo suficientemente eficaces para impedir la fuga de los prisioneros. Cuando, en 1948, el terreno del campo fue destinado a servir como albergue para refugiados, se removieron la cerca de alambre de espino y una torre de vigilancia. Tras la inauguraci\u00f3n del memorial,... Ver art\u00edculo\" \/>\n<meta property=\"og:url\" content=\"https:\/\/www.kz-gedenkstaette-dachau.de\/es\/sitio-historico\/recorrido-virtual\/instalaciones-de-custodia\/\" \/>\n<meta property=\"og:site_name\" content=\"KZ Gedenkst\u00e4tte Dachau\" \/>\n<meta property=\"article:modified_time\" content=\"2024-04-04T15:15:45+00:00\" \/>\n<meta name=\"twitter:card\" content=\"summary_large_image\" \/>\n<meta name=\"twitter:label1\" content=\"Tiempo de lectura\" \/>\n\t<meta name=\"twitter:data1\" content=\"2 minutos\" \/>\n<script type=\"application\/ld+json\" class=\"yoast-schema-graph\">{\"@context\":\"https:\\\/\\\/schema.org\",\"@graph\":[{\"@type\":\"WebPage\",\"@id\":\"https:\\\/\\\/www.kz-gedenkstaette-dachau.de\\\/es\\\/sitio-historico\\\/recorrido-virtual\\\/instalaciones-de-custodia\\\/\",\"url\":\"https:\\\/\\\/www.kz-gedenkstaette-dachau.de\\\/es\\\/sitio-historico\\\/recorrido-virtual\\\/instalaciones-de-custodia\\\/\",\"name\":\"Instalaciones de custodia - KZ Gedenkst\u00e4tte Dachau\",\"isPartOf\":{\"@id\":\"https:\\\/\\\/www.kz-gedenkstaette-dachau.de\\\/#website\"},\"datePublished\":\"2018-09-04T10:42:49+00:00\",\"dateModified\":\"2024-04-04T15:15:45+00:00\",\"breadcrumb\":{\"@id\":\"https:\\\/\\\/www.kz-gedenkstaette-dachau.de\\\/es\\\/sitio-historico\\\/recorrido-virtual\\\/instalaciones-de-custodia\\\/#breadcrumb\"},\"inLanguage\":\"es\",\"potentialAction\":[{\"@type\":\"ReadAction\",\"target\":[\"https:\\\/\\\/www.kz-gedenkstaette-dachau.de\\\/es\\\/sitio-historico\\\/recorrido-virtual\\\/instalaciones-de-custodia\\\/\"]}]},{\"@type\":\"BreadcrumbList\",\"@id\":\"https:\\\/\\\/www.kz-gedenkstaette-dachau.de\\\/es\\\/sitio-historico\\\/recorrido-virtual\\\/instalaciones-de-custodia\\\/#breadcrumb\",\"itemListElement\":[{\"@type\":\"ListItem\",\"position\":1,\"name\":\"Sitio web\",\"item\":\"https:\\\/\\\/www.kz-gedenkstaette-dachau.de\\\/es\\\/\"},{\"@type\":\"ListItem\",\"position\":2,\"name\":\"Sitio hist\u00f3rico\",\"item\":\"https:\\\/\\\/www.kz-gedenkstaette-dachau.de\\\/es\\\/sitio-historico\\\/\"},{\"@type\":\"ListItem\",\"position\":3,\"name\":\"Recorrido virtual\",\"item\":\"https:\\\/\\\/www.kz-gedenkstaette-dachau.de\\\/es\\\/sitio-historico\\\/recorrido-virtual\\\/\"},{\"@type\":\"ListItem\",\"position\":4,\"name\":\"Instalaciones de custodia\"}]},{\"@type\":\"WebSite\",\"@id\":\"https:\\\/\\\/www.kz-gedenkstaette-dachau.de\\\/#website\",\"url\":\"https:\\\/\\\/www.kz-gedenkstaette-dachau.de\\\/\",\"name\":\"KZ Gedenkst\u00e4tte Dachau\",\"description\":\"\",\"potentialAction\":[{\"@type\":\"SearchAction\",\"target\":{\"@type\":\"EntryPoint\",\"urlTemplate\":\"https:\\\/\\\/www.kz-gedenkstaette-dachau.de\\\/?s={search_term_string}\"},\"query-input\":{\"@type\":\"PropertyValueSpecification\",\"valueRequired\":true,\"valueName\":\"search_term_string\"}}],\"inLanguage\":\"es\"}]}<\/script>\n<!-- \/ Yoast SEO plugin. -->","yoast_head_json":{"title":"Instalaciones de custodia - KZ Gedenkst\u00e4tte Dachau","robots":{"index":"index","follow":"follow","max-snippet":"max-snippet:-1","max-image-preview":"max-image-preview:large","max-video-preview":"max-video-preview:-1"},"canonical":"https:\/\/www.kz-gedenkstaette-dachau.de\/es\/sitio-historico\/recorrido-virtual\/instalaciones-de-custodia\/","og_locale":"es_ES","og_type":"article","og_title":"Instalaciones de custodia - KZ Gedenkst\u00e4tte Dachau","og_description":"Con la ampliaci\u00f3n del campo en 1937\/38, se erigieron instalaciones de custodia lo suficientemente eficaces para impedir la fuga de los prisioneros. Cuando, en 1948, el terreno del campo fue destinado a servir como albergue para refugiados, se removieron la cerca de alambre de espino y una torre de vigilancia. Tras la inauguraci\u00f3n del memorial,... Ver art\u00edculo","og_url":"https:\/\/www.kz-gedenkstaette-dachau.de\/es\/sitio-historico\/recorrido-virtual\/instalaciones-de-custodia\/","og_site_name":"KZ Gedenkst\u00e4tte Dachau","article_modified_time":"2024-04-04T15:15:45+00:00","twitter_card":"summary_large_image","twitter_misc":{"Tiempo de lectura":"2 minutos"},"schema":{"@context":"https:\/\/schema.org","@graph":[{"@type":"WebPage","@id":"https:\/\/www.kz-gedenkstaette-dachau.de\/es\/sitio-historico\/recorrido-virtual\/instalaciones-de-custodia\/","url":"https:\/\/www.kz-gedenkstaette-dachau.de\/es\/sitio-historico\/recorrido-virtual\/instalaciones-de-custodia\/","name":"Instalaciones de custodia - KZ Gedenkst\u00e4tte Dachau","isPartOf":{"@id":"https:\/\/www.kz-gedenkstaette-dachau.de\/#website"},"datePublished":"2018-09-04T10:42:49+00:00","dateModified":"2024-04-04T15:15:45+00:00","breadcrumb":{"@id":"https:\/\/www.kz-gedenkstaette-dachau.de\/es\/sitio-historico\/recorrido-virtual\/instalaciones-de-custodia\/#breadcrumb"},"inLanguage":"es","potentialAction":[{"@type":"ReadAction","target":["https:\/\/www.kz-gedenkstaette-dachau.de\/es\/sitio-historico\/recorrido-virtual\/instalaciones-de-custodia\/"]}]},{"@type":"BreadcrumbList","@id":"https:\/\/www.kz-gedenkstaette-dachau.de\/es\/sitio-historico\/recorrido-virtual\/instalaciones-de-custodia\/#breadcrumb","itemListElement":[{"@type":"ListItem","position":1,"name":"Sitio web","item":"https:\/\/www.kz-gedenkstaette-dachau.de\/es\/"},{"@type":"ListItem","position":2,"name":"Sitio hist\u00f3rico","item":"https:\/\/www.kz-gedenkstaette-dachau.de\/es\/sitio-historico\/"},{"@type":"ListItem","position":3,"name":"Recorrido virtual","item":"https:\/\/www.kz-gedenkstaette-dachau.de\/es\/sitio-historico\/recorrido-virtual\/"},{"@type":"ListItem","position":4,"name":"Instalaciones de custodia"}]},{"@type":"WebSite","@id":"https:\/\/www.kz-gedenkstaette-dachau.de\/#website","url":"https:\/\/www.kz-gedenkstaette-dachau.de\/","name":"KZ Gedenkst\u00e4tte Dachau","description":"","potentialAction":[{"@type":"SearchAction","target":{"@type":"EntryPoint","urlTemplate":"https:\/\/www.kz-gedenkstaette-dachau.de\/?s={search_term_string}"},"query-input":{"@type":"PropertyValueSpecification","valueRequired":true,"valueName":"search_term_string"}}],"inLanguage":"es"}]}},"_links":{"self":[{"href":"https:\/\/www.kz-gedenkstaette-dachau.de\/es\/wp-json\/wp\/v2\/pages\/56777","targetHints":{"allow":["GET"]}}],"collection":[{"href":"https:\/\/www.kz-gedenkstaette-dachau.de\/es\/wp-json\/wp\/v2\/pages"}],"about":[{"href":"https:\/\/www.kz-gedenkstaette-dachau.de\/es\/wp-json\/wp\/v2\/types\/page"}],"author":[{"embeddable":true,"href":"https:\/\/www.kz-gedenkstaette-dachau.de\/es\/wp-json\/wp\/v2\/users\/1"}],"replies":[{"embeddable":true,"href":"https:\/\/www.kz-gedenkstaette-dachau.de\/es\/wp-json\/wp\/v2\/comments?post=56777"}],"version-history":[{"count":1,"href":"https:\/\/www.kz-gedenkstaette-dachau.de\/es\/wp-json\/wp\/v2\/pages\/56777\/revisions"}],"predecessor-version":[{"id":90180,"href":"https:\/\/www.kz-gedenkstaette-dachau.de\/es\/wp-json\/wp\/v2\/pages\/56777\/revisions\/90180"}],"up":[{"embeddable":true,"href":"https:\/\/www.kz-gedenkstaette-dachau.de\/es\/wp-json\/wp\/v2\/pages\/56696"}],"wp:attachment":[{"href":"https:\/\/www.kz-gedenkstaette-dachau.de\/es\/wp-json\/wp\/v2\/media?parent=56777"}],"curies":[{"name":"wp","href":"https:\/\/api.w.org\/{rel}","templated":true}]}}