{"id":56785,"date":"2018-09-04T12:43:53","date_gmt":"2018-09-04T10:43:53","guid":{"rendered":"https:\/\/www.kz-gedenkstaette-dachau.de\/sitio-historico\/recorrido-virtual\/internationales-mahnmal\/"},"modified":"2024-04-04T17:22:32","modified_gmt":"2024-04-04T15:22:32","slug":"monumento-internacional","status":"publish","type":"page","link":"https:\/\/www.kz-gedenkstaette-dachau.de\/es\/sitio-historico\/recorrido-virtual\/monumento-internacional\/","title":{"rendered":"Monumento Conmemorativo Internacional"},"content":{"rendered":"<p>El Monumento Conmemorativo Internacional fue inaugurado el 8 de septiembre de 1968. Es un proyecto del escultor Nandor Glid, que por ser jud\u00edo sufri\u00f3 en Yugoslavia, su pa\u00eds natal, la persecuci\u00f3n nacionalsocialista y que se uni\u00f3 a la resistencia a finales de 1944. En 1959, Glid gan\u00f3 el concurso de artistas convocado por el Comit\u00e9 Internacional de Dachau (CID).<\/p>\n<p>El monumento conmemorativo, concebido para adentrarse en \u00e9l a guisa de sendero did\u00e1ctico y de clarificaci\u00f3n, consta de varios elementos. Viniendo del <em>Jourhaus<\/em>, lo primero que se ve es el muro de la entrada con una inscripci\u00f3n que exhorta a seguir el ejemplo de los prisioneros y a pugnar por una sociedad libre de terror y arbitrariedad. Por un camino se desciende al punto m\u00e1s bajo del conjunto, s\u00edmbolo de la desesperanza y el sufrimiento de los prisioneros. En el centro, se aprecia una escultura en bronce que representa cuerpos humanos en el alambre de espino y que est\u00e1 enmarcada por columnas de hormig\u00f3n que se refieren a las instalaciones de custodia.<\/p>\n<p>Enfrente, un relieve en forma de cadena emblematiza la solidaridad de los prisioneros en el campo de concentraci\u00f3n. Lleva como ornamento tri\u00e1ngulos de colores en alusi\u00f3n a las categor\u00edas de prisioneros; sin embargo, hacen falta tres: el negro de los \u201casociales\u201d, el verde de los \u201cdelincuentes profesionales\u201d y el rosa de los homosexuales. Esto se debe a que, para cuando fue construido el monumento conmemorativo, estos grupos de v\u00edctimas a\u00fan no hab\u00edan sido reconocidos como perseguidos del nacionalsocialismo. No fue sino hasta la d\u00e9cada de los 80 que, paulatinamente, la opini\u00f3n p\u00fablica se fue interesando tambi\u00e9n por su destino.<\/p>\n<p>Al final del sendero, ya entonces ascendente, se halla una tumba con las cenizas de un prisionero desconocido. Al fondo hay un muro con la inscripci\u00f3n admonitoria \u201cNunca m\u00e1s\u201d en cinco idiomas.<\/p>\n","protected":false},"excerpt":{"rendered":"<p>El Monumento Conmemorativo Internacional fue inaugurado el 8 de septiembre de 1968. Es un proyecto del escultor Nandor Glid, que por ser jud\u00edo sufri\u00f3 en Yugoslavia, su pa\u00eds natal, la persecuci\u00f3n nacionalsocialista y que se uni\u00f3 a la resistencia a finales de 1944. En 1959, Glid gan\u00f3 el concurso de artistas convocado por el Comit\u00e9&#8230; <a class=\"view-article\" href=\"https:\/\/www.kz-gedenkstaette-dachau.de\/es\/sitio-historico\/recorrido-virtual\/monumento-internacional\/\">Ver art\u00edculo<\/a><\/p>\n","protected":false},"author":1,"featured_media":0,"parent":56696,"menu_order":1400,"comment_status":"closed","ping_status":"closed","template":"page-virtueller_rundgang_unterseite.php","meta":{"_acf_changed":false,"footnotes":""},"class_list":["post-56785","page","type-page","status-publish","hentry"],"acf":[],"yoast_head":"<!-- This site is optimized with the Yoast SEO plugin v27.4 - https:\/\/yoast.com\/product\/yoast-seo-wordpress\/ -->\n<title>Monumento Conmemorativo Internacional - KZ Gedenkst\u00e4tte Dachau<\/title>\n<meta name=\"robots\" content=\"index, follow, max-snippet:-1, max-image-preview:large, max-video-preview:-1\" \/>\n<link rel=\"canonical\" href=\"https:\/\/www.kz-gedenkstaette-dachau.de\/es\/sitio-historico\/recorrido-virtual\/monumento-internacional\/\" \/>\n<meta property=\"og:locale\" content=\"es_ES\" \/>\n<meta property=\"og:type\" content=\"article\" \/>\n<meta property=\"og:title\" content=\"Monumento Conmemorativo Internacional - KZ Gedenkst\u00e4tte Dachau\" \/>\n<meta property=\"og:description\" content=\"El Monumento Conmemorativo Internacional fue inaugurado el 8 de septiembre de 1968. Es un proyecto del escultor Nandor Glid, que por ser jud\u00edo sufri\u00f3 en Yugoslavia, su pa\u00eds natal, la persecuci\u00f3n nacionalsocialista y que se uni\u00f3 a la resistencia a finales de 1944. En 1959, Glid gan\u00f3 el concurso de artistas convocado por el Comit\u00e9... Ver art\u00edculo\" \/>\n<meta property=\"og:url\" content=\"https:\/\/www.kz-gedenkstaette-dachau.de\/es\/sitio-historico\/recorrido-virtual\/monumento-internacional\/\" \/>\n<meta property=\"og:site_name\" content=\"KZ Gedenkst\u00e4tte Dachau\" \/>\n<meta property=\"article:modified_time\" content=\"2024-04-04T15:22:32+00:00\" \/>\n<meta name=\"twitter:card\" content=\"summary_large_image\" \/>\n<meta name=\"twitter:label1\" content=\"Tiempo de lectura\" \/>\n\t<meta name=\"twitter:data1\" content=\"2 minutos\" \/>\n<script type=\"application\/ld+json\" class=\"yoast-schema-graph\">{\"@context\":\"https:\\\/\\\/schema.org\",\"@graph\":[{\"@type\":\"WebPage\",\"@id\":\"https:\\\/\\\/www.kz-gedenkstaette-dachau.de\\\/es\\\/sitio-historico\\\/recorrido-virtual\\\/monumento-internacional\\\/\",\"url\":\"https:\\\/\\\/www.kz-gedenkstaette-dachau.de\\\/es\\\/sitio-historico\\\/recorrido-virtual\\\/monumento-internacional\\\/\",\"name\":\"Monumento Conmemorativo Internacional - KZ Gedenkst\u00e4tte Dachau\",\"isPartOf\":{\"@id\":\"https:\\\/\\\/www.kz-gedenkstaette-dachau.de\\\/#website\"},\"datePublished\":\"2018-09-04T10:43:53+00:00\",\"dateModified\":\"2024-04-04T15:22:32+00:00\",\"breadcrumb\":{\"@id\":\"https:\\\/\\\/www.kz-gedenkstaette-dachau.de\\\/es\\\/sitio-historico\\\/recorrido-virtual\\\/monumento-internacional\\\/#breadcrumb\"},\"inLanguage\":\"es\",\"potentialAction\":[{\"@type\":\"ReadAction\",\"target\":[\"https:\\\/\\\/www.kz-gedenkstaette-dachau.de\\\/es\\\/sitio-historico\\\/recorrido-virtual\\\/monumento-internacional\\\/\"]}]},{\"@type\":\"BreadcrumbList\",\"@id\":\"https:\\\/\\\/www.kz-gedenkstaette-dachau.de\\\/es\\\/sitio-historico\\\/recorrido-virtual\\\/monumento-internacional\\\/#breadcrumb\",\"itemListElement\":[{\"@type\":\"ListItem\",\"position\":1,\"name\":\"Sitio web\",\"item\":\"https:\\\/\\\/www.kz-gedenkstaette-dachau.de\\\/es\\\/\"},{\"@type\":\"ListItem\",\"position\":2,\"name\":\"Sitio hist\u00f3rico\",\"item\":\"https:\\\/\\\/www.kz-gedenkstaette-dachau.de\\\/es\\\/sitio-historico\\\/\"},{\"@type\":\"ListItem\",\"position\":3,\"name\":\"Recorrido virtual\",\"item\":\"https:\\\/\\\/www.kz-gedenkstaette-dachau.de\\\/es\\\/sitio-historico\\\/recorrido-virtual\\\/\"},{\"@type\":\"ListItem\",\"position\":4,\"name\":\"Monumento Conmemorativo Internacional\"}]},{\"@type\":\"WebSite\",\"@id\":\"https:\\\/\\\/www.kz-gedenkstaette-dachau.de\\\/#website\",\"url\":\"https:\\\/\\\/www.kz-gedenkstaette-dachau.de\\\/\",\"name\":\"KZ Gedenkst\u00e4tte Dachau\",\"description\":\"\",\"potentialAction\":[{\"@type\":\"SearchAction\",\"target\":{\"@type\":\"EntryPoint\",\"urlTemplate\":\"https:\\\/\\\/www.kz-gedenkstaette-dachau.de\\\/?s={search_term_string}\"},\"query-input\":{\"@type\":\"PropertyValueSpecification\",\"valueRequired\":true,\"valueName\":\"search_term_string\"}}],\"inLanguage\":\"es\"}]}<\/script>\n<!-- \/ Yoast SEO plugin. -->","yoast_head_json":{"title":"Monumento Conmemorativo Internacional - KZ Gedenkst\u00e4tte Dachau","robots":{"index":"index","follow":"follow","max-snippet":"max-snippet:-1","max-image-preview":"max-image-preview:large","max-video-preview":"max-video-preview:-1"},"canonical":"https:\/\/www.kz-gedenkstaette-dachau.de\/es\/sitio-historico\/recorrido-virtual\/monumento-internacional\/","og_locale":"es_ES","og_type":"article","og_title":"Monumento Conmemorativo Internacional - KZ Gedenkst\u00e4tte Dachau","og_description":"El Monumento Conmemorativo Internacional fue inaugurado el 8 de septiembre de 1968. Es un proyecto del escultor Nandor Glid, que por ser jud\u00edo sufri\u00f3 en Yugoslavia, su pa\u00eds natal, la persecuci\u00f3n nacionalsocialista y que se uni\u00f3 a la resistencia a finales de 1944. En 1959, Glid gan\u00f3 el concurso de artistas convocado por el Comit\u00e9... Ver art\u00edculo","og_url":"https:\/\/www.kz-gedenkstaette-dachau.de\/es\/sitio-historico\/recorrido-virtual\/monumento-internacional\/","og_site_name":"KZ Gedenkst\u00e4tte Dachau","article_modified_time":"2024-04-04T15:22:32+00:00","twitter_card":"summary_large_image","twitter_misc":{"Tiempo de lectura":"2 minutos"},"schema":{"@context":"https:\/\/schema.org","@graph":[{"@type":"WebPage","@id":"https:\/\/www.kz-gedenkstaette-dachau.de\/es\/sitio-historico\/recorrido-virtual\/monumento-internacional\/","url":"https:\/\/www.kz-gedenkstaette-dachau.de\/es\/sitio-historico\/recorrido-virtual\/monumento-internacional\/","name":"Monumento Conmemorativo Internacional - KZ Gedenkst\u00e4tte Dachau","isPartOf":{"@id":"https:\/\/www.kz-gedenkstaette-dachau.de\/#website"},"datePublished":"2018-09-04T10:43:53+00:00","dateModified":"2024-04-04T15:22:32+00:00","breadcrumb":{"@id":"https:\/\/www.kz-gedenkstaette-dachau.de\/es\/sitio-historico\/recorrido-virtual\/monumento-internacional\/#breadcrumb"},"inLanguage":"es","potentialAction":[{"@type":"ReadAction","target":["https:\/\/www.kz-gedenkstaette-dachau.de\/es\/sitio-historico\/recorrido-virtual\/monumento-internacional\/"]}]},{"@type":"BreadcrumbList","@id":"https:\/\/www.kz-gedenkstaette-dachau.de\/es\/sitio-historico\/recorrido-virtual\/monumento-internacional\/#breadcrumb","itemListElement":[{"@type":"ListItem","position":1,"name":"Sitio web","item":"https:\/\/www.kz-gedenkstaette-dachau.de\/es\/"},{"@type":"ListItem","position":2,"name":"Sitio hist\u00f3rico","item":"https:\/\/www.kz-gedenkstaette-dachau.de\/es\/sitio-historico\/"},{"@type":"ListItem","position":3,"name":"Recorrido virtual","item":"https:\/\/www.kz-gedenkstaette-dachau.de\/es\/sitio-historico\/recorrido-virtual\/"},{"@type":"ListItem","position":4,"name":"Monumento Conmemorativo Internacional"}]},{"@type":"WebSite","@id":"https:\/\/www.kz-gedenkstaette-dachau.de\/#website","url":"https:\/\/www.kz-gedenkstaette-dachau.de\/","name":"KZ Gedenkst\u00e4tte Dachau","description":"","potentialAction":[{"@type":"SearchAction","target":{"@type":"EntryPoint","urlTemplate":"https:\/\/www.kz-gedenkstaette-dachau.de\/?s={search_term_string}"},"query-input":{"@type":"PropertyValueSpecification","valueRequired":true,"valueName":"search_term_string"}}],"inLanguage":"es"}]}},"_links":{"self":[{"href":"https:\/\/www.kz-gedenkstaette-dachau.de\/es\/wp-json\/wp\/v2\/pages\/56785","targetHints":{"allow":["GET"]}}],"collection":[{"href":"https:\/\/www.kz-gedenkstaette-dachau.de\/es\/wp-json\/wp\/v2\/pages"}],"about":[{"href":"https:\/\/www.kz-gedenkstaette-dachau.de\/es\/wp-json\/wp\/v2\/types\/page"}],"author":[{"embeddable":true,"href":"https:\/\/www.kz-gedenkstaette-dachau.de\/es\/wp-json\/wp\/v2\/users\/1"}],"replies":[{"embeddable":true,"href":"https:\/\/www.kz-gedenkstaette-dachau.de\/es\/wp-json\/wp\/v2\/comments?post=56785"}],"version-history":[{"count":2,"href":"https:\/\/www.kz-gedenkstaette-dachau.de\/es\/wp-json\/wp\/v2\/pages\/56785\/revisions"}],"predecessor-version":[{"id":90208,"href":"https:\/\/www.kz-gedenkstaette-dachau.de\/es\/wp-json\/wp\/v2\/pages\/56785\/revisions\/90208"}],"up":[{"embeddable":true,"href":"https:\/\/www.kz-gedenkstaette-dachau.de\/es\/wp-json\/wp\/v2\/pages\/56696"}],"wp:attachment":[{"href":"https:\/\/www.kz-gedenkstaette-dachau.de\/es\/wp-json\/wp\/v2\/media?parent=56785"}],"curies":[{"name":"wp","href":"https:\/\/api.w.org\/{rel}","templated":true}]}}