{"id":56790,"date":"2018-09-04T12:45:23","date_gmt":"2018-09-04T10:45:23","guid":{"rendered":"https:\/\/www.kz-gedenkstaette-dachau.de\/sitio-historico\/recorrido-virtual\/todesangst-christi-kapelle\/"},"modified":"2024-04-04T17:14:00","modified_gmt":"2024-04-04T15:14:00","slug":"capilla-catolica","status":"publish","type":"page","link":"https:\/\/www.kz-gedenkstaette-dachau.de\/es\/sitio-historico\/recorrido-virtual\/capilla-catolica\/","title":{"rendered":"Capilla Cat\u00f3lica de la Agon\u00eda de Cristo"},"content":{"rendered":"<p>La Capilla Cat\u00f3lica de la Agon\u00eda de Cristo fue el primer monumento de car\u00e1cter religioso al norte del antiguo campo de concentraci\u00f3n. Las edificaciones funcionales que se encontraban en este sector fueron demolidas en las d\u00e9cadas de los a\u00f1os 50 y 60.<\/p>\n<p>La iniciativa de construir la capilla surgi\u00f3 del sobreviviente de Dachau y posterior obispo auxiliar de M\u00fanich Johannes Neuh\u00e4usler. La capilla fue consagrada el 5 de agosto de 1960 en el marco del Congreso Mundial Eucar\u00edstico. El edificio cil\u00edndrico dise\u00f1ado por el arquitecto Josef Wiedemann se abre al eje central del antiguo campo de prisioneros. La entrada est\u00e1 rematada por una corona de espinas de hierro.<\/p>\n<p>La capilla representa el recuerdo de la agon\u00eda y el sufrimiento de los prisioneros, a quienes se ve en relaci\u00f3n con la Pasi\u00f3n de Jes\u00fas, y de la esperanza de redenci\u00f3n. La campana conmemorativa frente a la capilla suena una vez al d\u00eda poco antes de las 3 p.m., la hora b\u00edblica de la muerte de Jes\u00fas.<\/p>\n<p>El 20 de agosto de 1962, Kazimierz Majda\u0144ski, superviviente de Dachau y m\u00e1s tarde arzobispo de Szczecin-Kamie\u0144, consagr\u00f3 una imagen de Cristo en bronce y una dedicatoria en tres idiomas en honor a los polacos, el mayor grupo de prisioneros en el campo de concentraci\u00f3n de Dachau.<\/p>\n","protected":false},"excerpt":{"rendered":"<p>La Capilla Cat\u00f3lica de la Agon\u00eda de Cristo fue el primer monumento de car\u00e1cter religioso al norte del antiguo campo de concentraci\u00f3n. Las edificaciones funcionales que se encontraban en este sector fueron demolidas en las d\u00e9cadas de los a\u00f1os 50 y 60. La iniciativa de construir la capilla surgi\u00f3 del sobreviviente de Dachau y posterior&#8230; <a class=\"view-article\" href=\"https:\/\/www.kz-gedenkstaette-dachau.de\/es\/sitio-historico\/recorrido-virtual\/capilla-catolica\/\">Ver art\u00edculo<\/a><\/p>\n","protected":false},"author":1,"featured_media":0,"parent":56696,"menu_order":1600,"comment_status":"closed","ping_status":"closed","template":"page-virtueller_rundgang_unterseite.php","meta":{"_acf_changed":false,"footnotes":""},"class_list":["post-56790","page","type-page","status-publish","hentry"],"acf":[],"yoast_head":"<!-- This site is optimized with the Yoast SEO plugin v27.4 - https:\/\/yoast.com\/product\/yoast-seo-wordpress\/ -->\n<title>Capilla Cat\u00f3lica de la Agon\u00eda de Cristo - KZ Gedenkst\u00e4tte Dachau<\/title>\n<meta name=\"robots\" content=\"index, follow, max-snippet:-1, max-image-preview:large, max-video-preview:-1\" \/>\n<link rel=\"canonical\" href=\"https:\/\/www.kz-gedenkstaette-dachau.de\/es\/sitio-historico\/recorrido-virtual\/capilla-catolica\/\" \/>\n<meta property=\"og:locale\" content=\"es_ES\" \/>\n<meta property=\"og:type\" content=\"article\" \/>\n<meta property=\"og:title\" content=\"Capilla Cat\u00f3lica de la Agon\u00eda de Cristo - KZ Gedenkst\u00e4tte Dachau\" \/>\n<meta property=\"og:description\" content=\"La Capilla Cat\u00f3lica de la Agon\u00eda de Cristo fue el primer monumento de car\u00e1cter religioso al norte del antiguo campo de concentraci\u00f3n. Las edificaciones funcionales que se encontraban en este sector fueron demolidas en las d\u00e9cadas de los a\u00f1os 50 y 60. La iniciativa de construir la capilla surgi\u00f3 del sobreviviente de Dachau y posterior... Ver art\u00edculo\" \/>\n<meta property=\"og:url\" content=\"https:\/\/www.kz-gedenkstaette-dachau.de\/es\/sitio-historico\/recorrido-virtual\/capilla-catolica\/\" \/>\n<meta property=\"og:site_name\" content=\"KZ Gedenkst\u00e4tte Dachau\" \/>\n<meta property=\"article:modified_time\" content=\"2024-04-04T15:14:00+00:00\" \/>\n<meta name=\"twitter:card\" content=\"summary_large_image\" \/>\n<meta name=\"twitter:label1\" content=\"Tiempo de lectura\" \/>\n\t<meta name=\"twitter:data1\" content=\"2 minutos\" \/>\n<script type=\"application\/ld+json\" class=\"yoast-schema-graph\">{\"@context\":\"https:\\\/\\\/schema.org\",\"@graph\":[{\"@type\":\"WebPage\",\"@id\":\"https:\\\/\\\/www.kz-gedenkstaette-dachau.de\\\/es\\\/sitio-historico\\\/recorrido-virtual\\\/capilla-catolica\\\/\",\"url\":\"https:\\\/\\\/www.kz-gedenkstaette-dachau.de\\\/es\\\/sitio-historico\\\/recorrido-virtual\\\/capilla-catolica\\\/\",\"name\":\"Capilla Cat\u00f3lica de la Agon\u00eda de Cristo - KZ Gedenkst\u00e4tte Dachau\",\"isPartOf\":{\"@id\":\"https:\\\/\\\/www.kz-gedenkstaette-dachau.de\\\/#website\"},\"datePublished\":\"2018-09-04T10:45:23+00:00\",\"dateModified\":\"2024-04-04T15:14:00+00:00\",\"breadcrumb\":{\"@id\":\"https:\\\/\\\/www.kz-gedenkstaette-dachau.de\\\/es\\\/sitio-historico\\\/recorrido-virtual\\\/capilla-catolica\\\/#breadcrumb\"},\"inLanguage\":\"es\",\"potentialAction\":[{\"@type\":\"ReadAction\",\"target\":[\"https:\\\/\\\/www.kz-gedenkstaette-dachau.de\\\/es\\\/sitio-historico\\\/recorrido-virtual\\\/capilla-catolica\\\/\"]}]},{\"@type\":\"BreadcrumbList\",\"@id\":\"https:\\\/\\\/www.kz-gedenkstaette-dachau.de\\\/es\\\/sitio-historico\\\/recorrido-virtual\\\/capilla-catolica\\\/#breadcrumb\",\"itemListElement\":[{\"@type\":\"ListItem\",\"position\":1,\"name\":\"Sitio web\",\"item\":\"https:\\\/\\\/www.kz-gedenkstaette-dachau.de\\\/es\\\/\"},{\"@type\":\"ListItem\",\"position\":2,\"name\":\"Sitio hist\u00f3rico\",\"item\":\"https:\\\/\\\/www.kz-gedenkstaette-dachau.de\\\/es\\\/sitio-historico\\\/\"},{\"@type\":\"ListItem\",\"position\":3,\"name\":\"Recorrido virtual\",\"item\":\"https:\\\/\\\/www.kz-gedenkstaette-dachau.de\\\/es\\\/sitio-historico\\\/recorrido-virtual\\\/\"},{\"@type\":\"ListItem\",\"position\":4,\"name\":\"Capilla Cat\u00f3lica de la Agon\u00eda de Cristo\"}]},{\"@type\":\"WebSite\",\"@id\":\"https:\\\/\\\/www.kz-gedenkstaette-dachau.de\\\/#website\",\"url\":\"https:\\\/\\\/www.kz-gedenkstaette-dachau.de\\\/\",\"name\":\"KZ Gedenkst\u00e4tte Dachau\",\"description\":\"\",\"potentialAction\":[{\"@type\":\"SearchAction\",\"target\":{\"@type\":\"EntryPoint\",\"urlTemplate\":\"https:\\\/\\\/www.kz-gedenkstaette-dachau.de\\\/?s={search_term_string}\"},\"query-input\":{\"@type\":\"PropertyValueSpecification\",\"valueRequired\":true,\"valueName\":\"search_term_string\"}}],\"inLanguage\":\"es\"}]}<\/script>\n<!-- \/ Yoast SEO plugin. -->","yoast_head_json":{"title":"Capilla Cat\u00f3lica de la Agon\u00eda de Cristo - KZ Gedenkst\u00e4tte Dachau","robots":{"index":"index","follow":"follow","max-snippet":"max-snippet:-1","max-image-preview":"max-image-preview:large","max-video-preview":"max-video-preview:-1"},"canonical":"https:\/\/www.kz-gedenkstaette-dachau.de\/es\/sitio-historico\/recorrido-virtual\/capilla-catolica\/","og_locale":"es_ES","og_type":"article","og_title":"Capilla Cat\u00f3lica de la Agon\u00eda de Cristo - KZ Gedenkst\u00e4tte Dachau","og_description":"La Capilla Cat\u00f3lica de la Agon\u00eda de Cristo fue el primer monumento de car\u00e1cter religioso al norte del antiguo campo de concentraci\u00f3n. Las edificaciones funcionales que se encontraban en este sector fueron demolidas en las d\u00e9cadas de los a\u00f1os 50 y 60. La iniciativa de construir la capilla surgi\u00f3 del sobreviviente de Dachau y posterior... Ver art\u00edculo","og_url":"https:\/\/www.kz-gedenkstaette-dachau.de\/es\/sitio-historico\/recorrido-virtual\/capilla-catolica\/","og_site_name":"KZ Gedenkst\u00e4tte Dachau","article_modified_time":"2024-04-04T15:14:00+00:00","twitter_card":"summary_large_image","twitter_misc":{"Tiempo de lectura":"2 minutos"},"schema":{"@context":"https:\/\/schema.org","@graph":[{"@type":"WebPage","@id":"https:\/\/www.kz-gedenkstaette-dachau.de\/es\/sitio-historico\/recorrido-virtual\/capilla-catolica\/","url":"https:\/\/www.kz-gedenkstaette-dachau.de\/es\/sitio-historico\/recorrido-virtual\/capilla-catolica\/","name":"Capilla Cat\u00f3lica de la Agon\u00eda de Cristo - KZ Gedenkst\u00e4tte Dachau","isPartOf":{"@id":"https:\/\/www.kz-gedenkstaette-dachau.de\/#website"},"datePublished":"2018-09-04T10:45:23+00:00","dateModified":"2024-04-04T15:14:00+00:00","breadcrumb":{"@id":"https:\/\/www.kz-gedenkstaette-dachau.de\/es\/sitio-historico\/recorrido-virtual\/capilla-catolica\/#breadcrumb"},"inLanguage":"es","potentialAction":[{"@type":"ReadAction","target":["https:\/\/www.kz-gedenkstaette-dachau.de\/es\/sitio-historico\/recorrido-virtual\/capilla-catolica\/"]}]},{"@type":"BreadcrumbList","@id":"https:\/\/www.kz-gedenkstaette-dachau.de\/es\/sitio-historico\/recorrido-virtual\/capilla-catolica\/#breadcrumb","itemListElement":[{"@type":"ListItem","position":1,"name":"Sitio web","item":"https:\/\/www.kz-gedenkstaette-dachau.de\/es\/"},{"@type":"ListItem","position":2,"name":"Sitio hist\u00f3rico","item":"https:\/\/www.kz-gedenkstaette-dachau.de\/es\/sitio-historico\/"},{"@type":"ListItem","position":3,"name":"Recorrido virtual","item":"https:\/\/www.kz-gedenkstaette-dachau.de\/es\/sitio-historico\/recorrido-virtual\/"},{"@type":"ListItem","position":4,"name":"Capilla Cat\u00f3lica de la Agon\u00eda de Cristo"}]},{"@type":"WebSite","@id":"https:\/\/www.kz-gedenkstaette-dachau.de\/#website","url":"https:\/\/www.kz-gedenkstaette-dachau.de\/","name":"KZ Gedenkst\u00e4tte Dachau","description":"","potentialAction":[{"@type":"SearchAction","target":{"@type":"EntryPoint","urlTemplate":"https:\/\/www.kz-gedenkstaette-dachau.de\/?s={search_term_string}"},"query-input":{"@type":"PropertyValueSpecification","valueRequired":true,"valueName":"search_term_string"}}],"inLanguage":"es"}]}},"_links":{"self":[{"href":"https:\/\/www.kz-gedenkstaette-dachau.de\/es\/wp-json\/wp\/v2\/pages\/56790","targetHints":{"allow":["GET"]}}],"collection":[{"href":"https:\/\/www.kz-gedenkstaette-dachau.de\/es\/wp-json\/wp\/v2\/pages"}],"about":[{"href":"https:\/\/www.kz-gedenkstaette-dachau.de\/es\/wp-json\/wp\/v2\/types\/page"}],"author":[{"embeddable":true,"href":"https:\/\/www.kz-gedenkstaette-dachau.de\/es\/wp-json\/wp\/v2\/users\/1"}],"replies":[{"embeddable":true,"href":"https:\/\/www.kz-gedenkstaette-dachau.de\/es\/wp-json\/wp\/v2\/comments?post=56790"}],"version-history":[{"count":2,"href":"https:\/\/www.kz-gedenkstaette-dachau.de\/es\/wp-json\/wp\/v2\/pages\/56790\/revisions"}],"predecessor-version":[{"id":90171,"href":"https:\/\/www.kz-gedenkstaette-dachau.de\/es\/wp-json\/wp\/v2\/pages\/56790\/revisions\/90171"}],"up":[{"embeddable":true,"href":"https:\/\/www.kz-gedenkstaette-dachau.de\/es\/wp-json\/wp\/v2\/pages\/56696"}],"wp:attachment":[{"href":"https:\/\/www.kz-gedenkstaette-dachau.de\/es\/wp-json\/wp\/v2\/media?parent=56790"}],"curies":[{"name":"wp","href":"https:\/\/api.w.org\/{rel}","templated":true}]}}