{"id":56800,"date":"2018-09-04T12:46:46","date_gmt":"2018-09-04T10:46:46","guid":{"rendered":"https:\/\/www.kz-gedenkstaette-dachau.de\/sitio-historico\/recorrido-virtual\/russisch-orthodoxe-kapelle\/"},"modified":"2020-02-19T19:07:21","modified_gmt":"2020-02-19T18:07:21","slug":"capilla-ruso-ortodoxa","status":"publish","type":"page","link":"https:\/\/www.kz-gedenkstaette-dachau.de\/es\/sitio-historico\/recorrido-virtual\/capilla-ruso-ortodoxa\/","title":{"rendered":"Capilla Ruso-Ortodoxa"},"content":{"rendered":"<p>Con el fin de la Guerra Fr\u00eda, la opini\u00f3n p\u00fablica comienza a ahondar en el destino de los prisioneros sovi\u00e9ticos, el tercer grupo de reclusos m\u00e1s numeroso del campo de concentraci\u00f3n de Dachau. La iniciativa para la edificaci\u00f3n de la capilla \u201cResurrecci\u00f3n de Nuestro Se\u00f1or\u201d en su memoria provino de los jerarcas de la Iglesia ortodoxa en Alemania y Rusia, pero tambi\u00e9n de la Embajada de la Federaci\u00f3n Rusa. La capilla es un dise\u00f1o del arquitecto Valentin Utkin.<\/p>\n<p>Es una construcci\u00f3n de madera de planta octagonal prefabricada en Mosc\u00fa y edificada en Dachau por soldados de las fuerzas armadas rusas en 1994. La capilla, consagrada el 29 de abril de 1995 por Nikolai Kut\u00e9pov, el metropolitano de Nizhni N\u00f3vgorod y de Arzam\u00e1s, se asienta sobre una colina que consta, en parte, de tierra que proveniente de varias rep\u00fablicas de la antigua Uni\u00f3n Sovi\u00e9tica.<\/p>\n","protected":false},"excerpt":{"rendered":"<p>Con el fin de la Guerra Fr\u00eda, la opini\u00f3n p\u00fablica comienza a ahondar en el destino de los prisioneros sovi\u00e9ticos, el tercer grupo de reclusos m\u00e1s numeroso del campo de concentraci\u00f3n de Dachau. La iniciativa para la edificaci\u00f3n de la capilla \u201cResurrecci\u00f3n de Nuestro Se\u00f1or\u201d en su memoria provino de los jerarcas de la Iglesia&#8230; <a class=\"view-article\" href=\"https:\/\/www.kz-gedenkstaette-dachau.de\/es\/sitio-historico\/recorrido-virtual\/capilla-ruso-ortodoxa\/\">Ver art\u00edculo<\/a><\/p>\n","protected":false},"author":1,"featured_media":0,"parent":56696,"menu_order":2000,"comment_status":"closed","ping_status":"closed","template":"page-virtueller_rundgang_unterseite.php","meta":{"_acf_changed":false,"footnotes":""},"class_list":["post-56800","page","type-page","status-publish","hentry"],"acf":[],"yoast_head":"<!-- This site is optimized with the Yoast SEO plugin v27.4 - https:\/\/yoast.com\/product\/yoast-seo-wordpress\/ -->\n<title>Capilla Ruso-Ortodoxa - KZ Gedenkst\u00e4tte Dachau<\/title>\n<meta name=\"robots\" content=\"index, follow, max-snippet:-1, max-image-preview:large, max-video-preview:-1\" \/>\n<link rel=\"canonical\" href=\"https:\/\/www.kz-gedenkstaette-dachau.de\/es\/sitio-historico\/recorrido-virtual\/capilla-ruso-ortodoxa\/\" \/>\n<meta property=\"og:locale\" content=\"es_ES\" \/>\n<meta property=\"og:type\" content=\"article\" \/>\n<meta property=\"og:title\" content=\"Capilla Ruso-Ortodoxa - KZ Gedenkst\u00e4tte Dachau\" \/>\n<meta property=\"og:description\" content=\"Con el fin de la Guerra Fr\u00eda, la opini\u00f3n p\u00fablica comienza a ahondar en el destino de los prisioneros sovi\u00e9ticos, el tercer grupo de reclusos m\u00e1s numeroso del campo de concentraci\u00f3n de Dachau. La iniciativa para la edificaci\u00f3n de la capilla \u201cResurrecci\u00f3n de Nuestro Se\u00f1or\u201d en su memoria provino de los jerarcas de la Iglesia... Ver art\u00edculo\" \/>\n<meta property=\"og:url\" content=\"https:\/\/www.kz-gedenkstaette-dachau.de\/es\/sitio-historico\/recorrido-virtual\/capilla-ruso-ortodoxa\/\" \/>\n<meta property=\"og:site_name\" content=\"KZ Gedenkst\u00e4tte Dachau\" \/>\n<meta property=\"article:modified_time\" content=\"2020-02-19T18:07:21+00:00\" \/>\n<meta name=\"twitter:card\" content=\"summary_large_image\" \/>\n<meta name=\"twitter:label1\" content=\"Tiempo de lectura\" \/>\n\t<meta name=\"twitter:data1\" content=\"1 minuto\" \/>\n<script type=\"application\/ld+json\" class=\"yoast-schema-graph\">{\"@context\":\"https:\\\/\\\/schema.org\",\"@graph\":[{\"@type\":\"WebPage\",\"@id\":\"https:\\\/\\\/www.kz-gedenkstaette-dachau.de\\\/es\\\/sitio-historico\\\/recorrido-virtual\\\/capilla-ruso-ortodoxa\\\/\",\"url\":\"https:\\\/\\\/www.kz-gedenkstaette-dachau.de\\\/es\\\/sitio-historico\\\/recorrido-virtual\\\/capilla-ruso-ortodoxa\\\/\",\"name\":\"Capilla Ruso-Ortodoxa - KZ Gedenkst\u00e4tte Dachau\",\"isPartOf\":{\"@id\":\"https:\\\/\\\/www.kz-gedenkstaette-dachau.de\\\/#website\"},\"datePublished\":\"2018-09-04T10:46:46+00:00\",\"dateModified\":\"2020-02-19T18:07:21+00:00\",\"breadcrumb\":{\"@id\":\"https:\\\/\\\/www.kz-gedenkstaette-dachau.de\\\/es\\\/sitio-historico\\\/recorrido-virtual\\\/capilla-ruso-ortodoxa\\\/#breadcrumb\"},\"inLanguage\":\"es\",\"potentialAction\":[{\"@type\":\"ReadAction\",\"target\":[\"https:\\\/\\\/www.kz-gedenkstaette-dachau.de\\\/es\\\/sitio-historico\\\/recorrido-virtual\\\/capilla-ruso-ortodoxa\\\/\"]}]},{\"@type\":\"BreadcrumbList\",\"@id\":\"https:\\\/\\\/www.kz-gedenkstaette-dachau.de\\\/es\\\/sitio-historico\\\/recorrido-virtual\\\/capilla-ruso-ortodoxa\\\/#breadcrumb\",\"itemListElement\":[{\"@type\":\"ListItem\",\"position\":1,\"name\":\"Sitio web\",\"item\":\"https:\\\/\\\/www.kz-gedenkstaette-dachau.de\\\/es\\\/\"},{\"@type\":\"ListItem\",\"position\":2,\"name\":\"Sitio hist\u00f3rico\",\"item\":\"https:\\\/\\\/www.kz-gedenkstaette-dachau.de\\\/es\\\/sitio-historico\\\/\"},{\"@type\":\"ListItem\",\"position\":3,\"name\":\"Recorrido virtual\",\"item\":\"https:\\\/\\\/www.kz-gedenkstaette-dachau.de\\\/es\\\/sitio-historico\\\/recorrido-virtual\\\/\"},{\"@type\":\"ListItem\",\"position\":4,\"name\":\"Capilla Ruso-Ortodoxa\"}]},{\"@type\":\"WebSite\",\"@id\":\"https:\\\/\\\/www.kz-gedenkstaette-dachau.de\\\/#website\",\"url\":\"https:\\\/\\\/www.kz-gedenkstaette-dachau.de\\\/\",\"name\":\"KZ Gedenkst\u00e4tte Dachau\",\"description\":\"\",\"potentialAction\":[{\"@type\":\"SearchAction\",\"target\":{\"@type\":\"EntryPoint\",\"urlTemplate\":\"https:\\\/\\\/www.kz-gedenkstaette-dachau.de\\\/?s={search_term_string}\"},\"query-input\":{\"@type\":\"PropertyValueSpecification\",\"valueRequired\":true,\"valueName\":\"search_term_string\"}}],\"inLanguage\":\"es\"}]}<\/script>\n<!-- \/ Yoast SEO plugin. -->","yoast_head_json":{"title":"Capilla Ruso-Ortodoxa - KZ Gedenkst\u00e4tte Dachau","robots":{"index":"index","follow":"follow","max-snippet":"max-snippet:-1","max-image-preview":"max-image-preview:large","max-video-preview":"max-video-preview:-1"},"canonical":"https:\/\/www.kz-gedenkstaette-dachau.de\/es\/sitio-historico\/recorrido-virtual\/capilla-ruso-ortodoxa\/","og_locale":"es_ES","og_type":"article","og_title":"Capilla Ruso-Ortodoxa - KZ Gedenkst\u00e4tte Dachau","og_description":"Con el fin de la Guerra Fr\u00eda, la opini\u00f3n p\u00fablica comienza a ahondar en el destino de los prisioneros sovi\u00e9ticos, el tercer grupo de reclusos m\u00e1s numeroso del campo de concentraci\u00f3n de Dachau. La iniciativa para la edificaci\u00f3n de la capilla \u201cResurrecci\u00f3n de Nuestro Se\u00f1or\u201d en su memoria provino de los jerarcas de la Iglesia... Ver art\u00edculo","og_url":"https:\/\/www.kz-gedenkstaette-dachau.de\/es\/sitio-historico\/recorrido-virtual\/capilla-ruso-ortodoxa\/","og_site_name":"KZ Gedenkst\u00e4tte Dachau","article_modified_time":"2020-02-19T18:07:21+00:00","twitter_card":"summary_large_image","twitter_misc":{"Tiempo de lectura":"1 minuto"},"schema":{"@context":"https:\/\/schema.org","@graph":[{"@type":"WebPage","@id":"https:\/\/www.kz-gedenkstaette-dachau.de\/es\/sitio-historico\/recorrido-virtual\/capilla-ruso-ortodoxa\/","url":"https:\/\/www.kz-gedenkstaette-dachau.de\/es\/sitio-historico\/recorrido-virtual\/capilla-ruso-ortodoxa\/","name":"Capilla Ruso-Ortodoxa - KZ Gedenkst\u00e4tte Dachau","isPartOf":{"@id":"https:\/\/www.kz-gedenkstaette-dachau.de\/#website"},"datePublished":"2018-09-04T10:46:46+00:00","dateModified":"2020-02-19T18:07:21+00:00","breadcrumb":{"@id":"https:\/\/www.kz-gedenkstaette-dachau.de\/es\/sitio-historico\/recorrido-virtual\/capilla-ruso-ortodoxa\/#breadcrumb"},"inLanguage":"es","potentialAction":[{"@type":"ReadAction","target":["https:\/\/www.kz-gedenkstaette-dachau.de\/es\/sitio-historico\/recorrido-virtual\/capilla-ruso-ortodoxa\/"]}]},{"@type":"BreadcrumbList","@id":"https:\/\/www.kz-gedenkstaette-dachau.de\/es\/sitio-historico\/recorrido-virtual\/capilla-ruso-ortodoxa\/#breadcrumb","itemListElement":[{"@type":"ListItem","position":1,"name":"Sitio web","item":"https:\/\/www.kz-gedenkstaette-dachau.de\/es\/"},{"@type":"ListItem","position":2,"name":"Sitio hist\u00f3rico","item":"https:\/\/www.kz-gedenkstaette-dachau.de\/es\/sitio-historico\/"},{"@type":"ListItem","position":3,"name":"Recorrido virtual","item":"https:\/\/www.kz-gedenkstaette-dachau.de\/es\/sitio-historico\/recorrido-virtual\/"},{"@type":"ListItem","position":4,"name":"Capilla Ruso-Ortodoxa"}]},{"@type":"WebSite","@id":"https:\/\/www.kz-gedenkstaette-dachau.de\/#website","url":"https:\/\/www.kz-gedenkstaette-dachau.de\/","name":"KZ Gedenkst\u00e4tte Dachau","description":"","potentialAction":[{"@type":"SearchAction","target":{"@type":"EntryPoint","urlTemplate":"https:\/\/www.kz-gedenkstaette-dachau.de\/?s={search_term_string}"},"query-input":{"@type":"PropertyValueSpecification","valueRequired":true,"valueName":"search_term_string"}}],"inLanguage":"es"}]}},"_links":{"self":[{"href":"https:\/\/www.kz-gedenkstaette-dachau.de\/es\/wp-json\/wp\/v2\/pages\/56800","targetHints":{"allow":["GET"]}}],"collection":[{"href":"https:\/\/www.kz-gedenkstaette-dachau.de\/es\/wp-json\/wp\/v2\/pages"}],"about":[{"href":"https:\/\/www.kz-gedenkstaette-dachau.de\/es\/wp-json\/wp\/v2\/types\/page"}],"author":[{"embeddable":true,"href":"https:\/\/www.kz-gedenkstaette-dachau.de\/es\/wp-json\/wp\/v2\/users\/1"}],"replies":[{"embeddable":true,"href":"https:\/\/www.kz-gedenkstaette-dachau.de\/es\/wp-json\/wp\/v2\/comments?post=56800"}],"version-history":[{"count":0,"href":"https:\/\/www.kz-gedenkstaette-dachau.de\/es\/wp-json\/wp\/v2\/pages\/56800\/revisions"}],"up":[{"embeddable":true,"href":"https:\/\/www.kz-gedenkstaette-dachau.de\/es\/wp-json\/wp\/v2\/pages\/56696"}],"wp:attachment":[{"href":"https:\/\/www.kz-gedenkstaette-dachau.de\/es\/wp-json\/wp\/v2\/media?parent=56800"}],"curies":[{"name":"wp","href":"https:\/\/api.w.org\/{rel}","templated":true}]}}