{"id":56807,"date":"2018-11-19T15:24:36","date_gmt":"2018-11-19T14:24:36","guid":{"rendered":"https:\/\/www.kz-gedenkstaette-dachau.de\/sitio-historico\/recorrido-virtual-del-entorno\/ss-versuchgueter-kraeutergarten-plantage\/"},"modified":"2024-04-04T17:12:53","modified_gmt":"2024-04-04T15:12:53","slug":"plantacion","status":"publish","type":"page","link":"https:\/\/www.kz-gedenkstaette-dachau.de\/es\/sitio-historico\/recorrido-virtual-del-entorno\/plantacion\/","title":{"rendered":"Finca experimental de la SS \/ \u201cJard\u00edn de herbolaria\u201d \/ \u201cPlantaci\u00f3n\u201d"},"content":{"rendered":"<p>Fuera del campo de prisioneros hab\u00eda una gran extensi\u00f3n de tierras de regad\u00edo. En 1938, los prisioneros preparan el terreno que, a partir de entonces, habr\u00e1n de cultivar en trabajos forzados. El nombre eufem\u00edstico que la SS dio a esta empresa agr\u00edcola fue el de \u201cjard\u00edn de herbolaria\u201d. Hoy en d\u00eda, casi todo este sector est\u00e1 ocupado por naves industriales.<\/p>\n<p>El complejo estaba formado por varias edificaciones, entre ellas, una intendencia, un centro de investigaci\u00f3n y docencia, una especier\u00eda, un dep\u00f3sito de herramientas, colmenas, invernaderos y, desde luego, grandes extensiones de tierras de labranza. Heinrich Himmler ten\u00eda la idea de que la investigaci\u00f3n y el cultivo de plantas medicinales y especias permitir\u00edan al Estado nacionalsocialista dejar de importar medicinas y condimentos del extranjero. El m\u00e1ximo l\u00edder de la SS promov\u00eda la creaci\u00f3n de una \u201cMedicina popular\u201d naturista, un proyecto de gran prestigio en la pol\u00edtica sanitaria del nacionalsocialismo. La finca de experimentaci\u00f3n fue gestionada por el \u201cCentro Alem\u00e1n de Investigaci\u00f3n en Nutrici\u00f3n y Diet\u00e9tica\u201d (<em>DVA<\/em>), una sociedad de responsabilidad limitada fundada por la SS en 1939. En la especier\u00eda, los habitantes de Dachau y los municipios aleda\u00f1os pod\u00edan adquirir los productos del \u201cjard\u00edn de herbolaria\u201d. En secreto, algunos prisioneros entraron en contacto con la poblaci\u00f3n civil y, con su ayuda y jug\u00e1ndose la vida, lograron enviar y recibir mensajes.<\/p>\n<p>Los reclusos llamaban \u201cplantaci\u00f3n\u201d al temible comando de labranza en el \u201cjard\u00edn de herbolaria\u201d. En jornadas verdaderamente extenuantes, los miembros del comando trabajaban absolutamente expuestos a las inclemencias del tiempo. La falta de ropa adecuada, la desnutrici\u00f3n, el maltrato y las vejaciones por parte de la SS hac\u00edan de esta dura faena todo un martirio que pod\u00eda costarles la vida. Menos brutales eran las condiciones de trabajo que imperaban en los invernaderos y en el resto de las edificaciones. Hab\u00eda incluso un comando de dibujantes encargado de elaborar un herbario.<\/p>\n<p>En la actualidad, se conservan la sede de la administraci\u00f3n, el instituto y vestigios de tres invernaderos. Hay planes para rehabilitar el complejo hist\u00f3rico, propiedad de la Ciudad de Dachau, y para integrarlo al memorial destin\u00e1ndole un uso nuevo.<\/p>\n","protected":false},"excerpt":{"rendered":"<p>Fuera del campo de prisioneros hab\u00eda una gran extensi\u00f3n de tierras de regad\u00edo. En 1938, los prisioneros preparan el terreno que, a partir de entonces, habr\u00e1n de cultivar en trabajos forzados. El nombre eufem\u00edstico que la SS dio a esta empresa agr\u00edcola fue el de \u201cjard\u00edn de herbolaria\u201d. Hoy en d\u00eda, casi todo este sector&#8230; <a class=\"view-article\" href=\"https:\/\/www.kz-gedenkstaette-dachau.de\/es\/sitio-historico\/recorrido-virtual-del-entorno\/plantacion\/\">Ver art\u00edculo<\/a><\/p>\n","protected":false},"author":1,"featured_media":0,"parent":56804,"menu_order":100,"comment_status":"closed","ping_status":"closed","template":"page-virtueller_rundgang_unterseite.php","meta":{"_acf_changed":false,"footnotes":""},"class_list":["post-56807","page","type-page","status-publish","hentry"],"acf":[],"yoast_head":"<!-- This site is optimized with the Yoast SEO plugin v27.4 - https:\/\/yoast.com\/product\/yoast-seo-wordpress\/ -->\n<title>Finca experimental de la SS \/ \u201cJard\u00edn de herbolaria\u201d \/ \u201cPlantaci\u00f3n\u201d - KZ Gedenkst\u00e4tte Dachau<\/title>\n<meta name=\"robots\" content=\"index, follow, max-snippet:-1, max-image-preview:large, max-video-preview:-1\" \/>\n<link rel=\"canonical\" href=\"https:\/\/www.kz-gedenkstaette-dachau.de\/es\/sitio-historico\/recorrido-virtual-del-entorno\/plantacion\/\" \/>\n<meta property=\"og:locale\" content=\"es_ES\" \/>\n<meta property=\"og:type\" content=\"article\" \/>\n<meta property=\"og:title\" content=\"Finca experimental de la SS \/ \u201cJard\u00edn de herbolaria\u201d \/ \u201cPlantaci\u00f3n\u201d - KZ Gedenkst\u00e4tte Dachau\" \/>\n<meta property=\"og:description\" content=\"Fuera del campo de prisioneros hab\u00eda una gran extensi\u00f3n de tierras de regad\u00edo. En 1938, los prisioneros preparan el terreno que, a partir de entonces, habr\u00e1n de cultivar en trabajos forzados. El nombre eufem\u00edstico que la SS dio a esta empresa agr\u00edcola fue el de \u201cjard\u00edn de herbolaria\u201d. Hoy en d\u00eda, casi todo este sector... Ver art\u00edculo\" \/>\n<meta property=\"og:url\" content=\"https:\/\/www.kz-gedenkstaette-dachau.de\/es\/sitio-historico\/recorrido-virtual-del-entorno\/plantacion\/\" \/>\n<meta property=\"og:site_name\" content=\"KZ Gedenkst\u00e4tte Dachau\" \/>\n<meta property=\"article:modified_time\" content=\"2024-04-04T15:12:53+00:00\" \/>\n<meta name=\"twitter:card\" content=\"summary_large_image\" \/>\n<meta name=\"twitter:label1\" content=\"Tiempo de lectura\" \/>\n\t<meta name=\"twitter:data1\" content=\"2 minutos\" \/>\n<script type=\"application\/ld+json\" class=\"yoast-schema-graph\">{\"@context\":\"https:\\\/\\\/schema.org\",\"@graph\":[{\"@type\":\"WebPage\",\"@id\":\"https:\\\/\\\/www.kz-gedenkstaette-dachau.de\\\/es\\\/sitio-historico\\\/recorrido-virtual-del-entorno\\\/plantacion\\\/\",\"url\":\"https:\\\/\\\/www.kz-gedenkstaette-dachau.de\\\/es\\\/sitio-historico\\\/recorrido-virtual-del-entorno\\\/plantacion\\\/\",\"name\":\"Finca experimental de la SS \\\/ \u201cJard\u00edn de herbolaria\u201d \\\/ \u201cPlantaci\u00f3n\u201d - KZ Gedenkst\u00e4tte Dachau\",\"isPartOf\":{\"@id\":\"https:\\\/\\\/www.kz-gedenkstaette-dachau.de\\\/#website\"},\"datePublished\":\"2018-11-19T14:24:36+00:00\",\"dateModified\":\"2024-04-04T15:12:53+00:00\",\"breadcrumb\":{\"@id\":\"https:\\\/\\\/www.kz-gedenkstaette-dachau.de\\\/es\\\/sitio-historico\\\/recorrido-virtual-del-entorno\\\/plantacion\\\/#breadcrumb\"},\"inLanguage\":\"es\",\"potentialAction\":[{\"@type\":\"ReadAction\",\"target\":[\"https:\\\/\\\/www.kz-gedenkstaette-dachau.de\\\/es\\\/sitio-historico\\\/recorrido-virtual-del-entorno\\\/plantacion\\\/\"]}]},{\"@type\":\"BreadcrumbList\",\"@id\":\"https:\\\/\\\/www.kz-gedenkstaette-dachau.de\\\/es\\\/sitio-historico\\\/recorrido-virtual-del-entorno\\\/plantacion\\\/#breadcrumb\",\"itemListElement\":[{\"@type\":\"ListItem\",\"position\":1,\"name\":\"Sitio web\",\"item\":\"https:\\\/\\\/www.kz-gedenkstaette-dachau.de\\\/es\\\/\"},{\"@type\":\"ListItem\",\"position\":2,\"name\":\"Sitio hist\u00f3rico\",\"item\":\"https:\\\/\\\/www.kz-gedenkstaette-dachau.de\\\/es\\\/sitio-historico\\\/\"},{\"@type\":\"ListItem\",\"position\":3,\"name\":\"Recorrido virtual del entorno\",\"item\":\"https:\\\/\\\/www.kz-gedenkstaette-dachau.de\\\/es\\\/sitio-historico\\\/recorrido-virtual-del-entorno\\\/\"},{\"@type\":\"ListItem\",\"position\":4,\"name\":\"Finca experimental de la SS \\\/ \u201cJard\u00edn de herbolaria\u201d \\\/ \u201cPlantaci\u00f3n\u201d\"}]},{\"@type\":\"WebSite\",\"@id\":\"https:\\\/\\\/www.kz-gedenkstaette-dachau.de\\\/#website\",\"url\":\"https:\\\/\\\/www.kz-gedenkstaette-dachau.de\\\/\",\"name\":\"KZ Gedenkst\u00e4tte Dachau\",\"description\":\"\",\"potentialAction\":[{\"@type\":\"SearchAction\",\"target\":{\"@type\":\"EntryPoint\",\"urlTemplate\":\"https:\\\/\\\/www.kz-gedenkstaette-dachau.de\\\/?s={search_term_string}\"},\"query-input\":{\"@type\":\"PropertyValueSpecification\",\"valueRequired\":true,\"valueName\":\"search_term_string\"}}],\"inLanguage\":\"es\"}]}<\/script>\n<!-- \/ Yoast SEO plugin. -->","yoast_head_json":{"title":"Finca experimental de la SS \/ \u201cJard\u00edn de herbolaria\u201d \/ \u201cPlantaci\u00f3n\u201d - KZ Gedenkst\u00e4tte Dachau","robots":{"index":"index","follow":"follow","max-snippet":"max-snippet:-1","max-image-preview":"max-image-preview:large","max-video-preview":"max-video-preview:-1"},"canonical":"https:\/\/www.kz-gedenkstaette-dachau.de\/es\/sitio-historico\/recorrido-virtual-del-entorno\/plantacion\/","og_locale":"es_ES","og_type":"article","og_title":"Finca experimental de la SS \/ \u201cJard\u00edn de herbolaria\u201d \/ \u201cPlantaci\u00f3n\u201d - KZ Gedenkst\u00e4tte Dachau","og_description":"Fuera del campo de prisioneros hab\u00eda una gran extensi\u00f3n de tierras de regad\u00edo. En 1938, los prisioneros preparan el terreno que, a partir de entonces, habr\u00e1n de cultivar en trabajos forzados. El nombre eufem\u00edstico que la SS dio a esta empresa agr\u00edcola fue el de \u201cjard\u00edn de herbolaria\u201d. Hoy en d\u00eda, casi todo este sector... Ver art\u00edculo","og_url":"https:\/\/www.kz-gedenkstaette-dachau.de\/es\/sitio-historico\/recorrido-virtual-del-entorno\/plantacion\/","og_site_name":"KZ Gedenkst\u00e4tte Dachau","article_modified_time":"2024-04-04T15:12:53+00:00","twitter_card":"summary_large_image","twitter_misc":{"Tiempo de lectura":"2 minutos"},"schema":{"@context":"https:\/\/schema.org","@graph":[{"@type":"WebPage","@id":"https:\/\/www.kz-gedenkstaette-dachau.de\/es\/sitio-historico\/recorrido-virtual-del-entorno\/plantacion\/","url":"https:\/\/www.kz-gedenkstaette-dachau.de\/es\/sitio-historico\/recorrido-virtual-del-entorno\/plantacion\/","name":"Finca experimental de la SS \/ \u201cJard\u00edn de herbolaria\u201d \/ \u201cPlantaci\u00f3n\u201d - KZ Gedenkst\u00e4tte Dachau","isPartOf":{"@id":"https:\/\/www.kz-gedenkstaette-dachau.de\/#website"},"datePublished":"2018-11-19T14:24:36+00:00","dateModified":"2024-04-04T15:12:53+00:00","breadcrumb":{"@id":"https:\/\/www.kz-gedenkstaette-dachau.de\/es\/sitio-historico\/recorrido-virtual-del-entorno\/plantacion\/#breadcrumb"},"inLanguage":"es","potentialAction":[{"@type":"ReadAction","target":["https:\/\/www.kz-gedenkstaette-dachau.de\/es\/sitio-historico\/recorrido-virtual-del-entorno\/plantacion\/"]}]},{"@type":"BreadcrumbList","@id":"https:\/\/www.kz-gedenkstaette-dachau.de\/es\/sitio-historico\/recorrido-virtual-del-entorno\/plantacion\/#breadcrumb","itemListElement":[{"@type":"ListItem","position":1,"name":"Sitio web","item":"https:\/\/www.kz-gedenkstaette-dachau.de\/es\/"},{"@type":"ListItem","position":2,"name":"Sitio hist\u00f3rico","item":"https:\/\/www.kz-gedenkstaette-dachau.de\/es\/sitio-historico\/"},{"@type":"ListItem","position":3,"name":"Recorrido virtual del entorno","item":"https:\/\/www.kz-gedenkstaette-dachau.de\/es\/sitio-historico\/recorrido-virtual-del-entorno\/"},{"@type":"ListItem","position":4,"name":"Finca experimental de la SS \/ \u201cJard\u00edn de herbolaria\u201d \/ \u201cPlantaci\u00f3n\u201d"}]},{"@type":"WebSite","@id":"https:\/\/www.kz-gedenkstaette-dachau.de\/#website","url":"https:\/\/www.kz-gedenkstaette-dachau.de\/","name":"KZ Gedenkst\u00e4tte Dachau","description":"","potentialAction":[{"@type":"SearchAction","target":{"@type":"EntryPoint","urlTemplate":"https:\/\/www.kz-gedenkstaette-dachau.de\/?s={search_term_string}"},"query-input":{"@type":"PropertyValueSpecification","valueRequired":true,"valueName":"search_term_string"}}],"inLanguage":"es"}]}},"_links":{"self":[{"href":"https:\/\/www.kz-gedenkstaette-dachau.de\/es\/wp-json\/wp\/v2\/pages\/56807","targetHints":{"allow":["GET"]}}],"collection":[{"href":"https:\/\/www.kz-gedenkstaette-dachau.de\/es\/wp-json\/wp\/v2\/pages"}],"about":[{"href":"https:\/\/www.kz-gedenkstaette-dachau.de\/es\/wp-json\/wp\/v2\/types\/page"}],"author":[{"embeddable":true,"href":"https:\/\/www.kz-gedenkstaette-dachau.de\/es\/wp-json\/wp\/v2\/users\/1"}],"replies":[{"embeddable":true,"href":"https:\/\/www.kz-gedenkstaette-dachau.de\/es\/wp-json\/wp\/v2\/comments?post=56807"}],"version-history":[{"count":1,"href":"https:\/\/www.kz-gedenkstaette-dachau.de\/es\/wp-json\/wp\/v2\/pages\/56807\/revisions"}],"predecessor-version":[{"id":90163,"href":"https:\/\/www.kz-gedenkstaette-dachau.de\/es\/wp-json\/wp\/v2\/pages\/56807\/revisions\/90163"}],"up":[{"embeddable":true,"href":"https:\/\/www.kz-gedenkstaette-dachau.de\/es\/wp-json\/wp\/v2\/pages\/56804"}],"wp:attachment":[{"href":"https:\/\/www.kz-gedenkstaette-dachau.de\/es\/wp-json\/wp\/v2\/media?parent=56807"}],"curies":[{"name":"wp","href":"https:\/\/api.w.org\/{rel}","templated":true}]}}