{"id":56810,"date":"2018-11-19T15:28:38","date_gmt":"2018-11-19T14:28:38","guid":{"rendered":"https:\/\/www.kz-gedenkstaette-dachau.de\/sitio-historico\/recorrido-virtual-del-entorno\/ss-schiessplatz-hebertshausen\/"},"modified":"2024-04-04T17:11:52","modified_gmt":"2024-04-04T15:11:52","slug":"hebertshausen","status":"publish","type":"page","link":"https:\/\/www.kz-gedenkstaette-dachau.de\/es\/sitio-historico\/recorrido-virtual-del-entorno\/hebertshausen\/","title":{"rendered":"Campo de tiro de la SS en Hebertshausen"},"content":{"rendered":"<p>En 1937\/38, la SS erigi\u00f3 un campo de tiro en el municipio de Hebertshausen, a unos dos kil\u00f3metros al norte del campo de concentraci\u00f3n de Dachau. Era un sitio destinado al adiestramiento de las unidades de la SS y de miembros de organizaciones militares en el manejo de armas. Hab\u00eda cinco carriles y dos puestos de tiro, un puesto de lanzamiento de granadas y una intendencia. A partir de 1941, la SS us\u00f3 las instalaciones tambi\u00e9n como centro de fusilamiento.<\/p>\n<p>El 22 de junio de 1941, con la invasi\u00f3n del ej\u00e9rcito alem\u00e1n, inicia la guerra de exterminio contra la Uni\u00f3n Sovi\u00e9tica. Soldados del Ej\u00e9rcito Rojo en poder de los alemanes son enviados a campos de prisioneros de guerra en el territorio del Reich. Con ayuda de la <em>Wehrmacht<\/em>, la <em>Gestapo<\/em> \u201cselecciona\u201d a por lo menos 33.000 personas seg\u00fan criterios racistas e ideol\u00f3gicos. En detrimento del Derecho internacional, funcionarios comunistas, intelectuales y jud\u00edos son trasladados a campos de concentraci\u00f3n donde la SS se har\u00e1 cargo de asesinarlos.<\/p>\n<p>En el campo de concentraci\u00f3n de Dachau, los prisioneros de guerra fueron fusilados inmediatamente despu\u00e9s de su arribo. El patio del b\u00fanker fue escenario de las primeras masacres. En el campo de tiro de Hebertshausen, en lo que va de octubre de 1941 a verano de 1942, la SS asesin\u00f3 a m\u00e1s de 4.000 soldados sovi\u00e9ticos. La SS los obligaba, primero, a desnudarse y a formarse luego en filas de cinco en el carril de la derecha, que daba al espald\u00f3n. De ah\u00ed pasaban al segundo carril, donde con esposas los encadenaban a unos postes y los fusilaban. Tras la matanza de los prisioneros de guerra sovi\u00e9ticos, la SS ejecut\u00f3 en el campo de tiro condenas pronunciadas por los tribunales de la SS y de la polic\u00eda.<\/p>\n<p>En 1964, la comunidad del campo de Dachau edific\u00f3 <em>in situ <\/em>un primer monumento en memoria de los soldados sovi\u00e9ticos. En 2014, el terreno fue configurado como lugar conmemorativo con una exposici\u00f3n al aire libre.<\/p>\n","protected":false},"excerpt":{"rendered":"<p>En 1937\/38, la SS erigi\u00f3 un campo de tiro en el municipio de Hebertshausen, a unos dos kil\u00f3metros al norte del campo de concentraci\u00f3n de Dachau. Era un sitio destinado al adiestramiento de las unidades de la SS y de miembros de organizaciones militares en el manejo de armas. Hab\u00eda cinco carriles y dos puestos&#8230; <a class=\"view-article\" href=\"https:\/\/www.kz-gedenkstaette-dachau.de\/es\/sitio-historico\/recorrido-virtual-del-entorno\/hebertshausen\/\">Ver art\u00edculo<\/a><\/p>\n","protected":false},"author":1,"featured_media":0,"parent":56804,"menu_order":200,"comment_status":"closed","ping_status":"closed","template":"page-virtueller_rundgang_unterseite.php","meta":{"_acf_changed":false,"footnotes":""},"class_list":["post-56810","page","type-page","status-publish","hentry"],"acf":[],"yoast_head":"<!-- This site is optimized with the Yoast SEO plugin v27.3 - https:\/\/yoast.com\/product\/yoast-seo-wordpress\/ -->\n<title>Campo de tiro de la SS en Hebertshausen - KZ Gedenkst\u00e4tte Dachau<\/title>\n<meta name=\"robots\" content=\"index, follow, max-snippet:-1, max-image-preview:large, max-video-preview:-1\" \/>\n<link rel=\"canonical\" href=\"https:\/\/www.kz-gedenkstaette-dachau.de\/es\/sitio-historico\/recorrido-virtual-del-entorno\/hebertshausen\/\" \/>\n<meta property=\"og:locale\" content=\"es_ES\" \/>\n<meta property=\"og:type\" content=\"article\" \/>\n<meta property=\"og:title\" content=\"Campo de tiro de la SS en Hebertshausen - KZ Gedenkst\u00e4tte Dachau\" \/>\n<meta property=\"og:description\" content=\"En 1937\/38, la SS erigi\u00f3 un campo de tiro en el municipio de Hebertshausen, a unos dos kil\u00f3metros al norte del campo de concentraci\u00f3n de Dachau. Era un sitio destinado al adiestramiento de las unidades de la SS y de miembros de organizaciones militares en el manejo de armas. Hab\u00eda cinco carriles y dos puestos... Ver art\u00edculo\" \/>\n<meta property=\"og:url\" content=\"https:\/\/www.kz-gedenkstaette-dachau.de\/es\/sitio-historico\/recorrido-virtual-del-entorno\/hebertshausen\/\" \/>\n<meta property=\"og:site_name\" content=\"KZ Gedenkst\u00e4tte Dachau\" \/>\n<meta property=\"article:modified_time\" content=\"2024-04-04T15:11:52+00:00\" \/>\n<meta name=\"twitter:card\" content=\"summary_large_image\" \/>\n<meta name=\"twitter:label1\" content=\"Tiempo de lectura\" \/>\n\t<meta name=\"twitter:data1\" content=\"2 minutos\" \/>\n<script type=\"application\/ld+json\" class=\"yoast-schema-graph\">{\"@context\":\"https:\\\/\\\/schema.org\",\"@graph\":[{\"@type\":\"WebPage\",\"@id\":\"https:\\\/\\\/www.kz-gedenkstaette-dachau.de\\\/es\\\/sitio-historico\\\/recorrido-virtual-del-entorno\\\/hebertshausen\\\/\",\"url\":\"https:\\\/\\\/www.kz-gedenkstaette-dachau.de\\\/es\\\/sitio-historico\\\/recorrido-virtual-del-entorno\\\/hebertshausen\\\/\",\"name\":\"Campo de tiro de la SS en Hebertshausen - KZ Gedenkst\u00e4tte Dachau\",\"isPartOf\":{\"@id\":\"https:\\\/\\\/www.kz-gedenkstaette-dachau.de\\\/#website\"},\"datePublished\":\"2018-11-19T14:28:38+00:00\",\"dateModified\":\"2024-04-04T15:11:52+00:00\",\"breadcrumb\":{\"@id\":\"https:\\\/\\\/www.kz-gedenkstaette-dachau.de\\\/es\\\/sitio-historico\\\/recorrido-virtual-del-entorno\\\/hebertshausen\\\/#breadcrumb\"},\"inLanguage\":\"es\",\"potentialAction\":[{\"@type\":\"ReadAction\",\"target\":[\"https:\\\/\\\/www.kz-gedenkstaette-dachau.de\\\/es\\\/sitio-historico\\\/recorrido-virtual-del-entorno\\\/hebertshausen\\\/\"]}]},{\"@type\":\"BreadcrumbList\",\"@id\":\"https:\\\/\\\/www.kz-gedenkstaette-dachau.de\\\/es\\\/sitio-historico\\\/recorrido-virtual-del-entorno\\\/hebertshausen\\\/#breadcrumb\",\"itemListElement\":[{\"@type\":\"ListItem\",\"position\":1,\"name\":\"Sitio web\",\"item\":\"https:\\\/\\\/www.kz-gedenkstaette-dachau.de\\\/es\\\/\"},{\"@type\":\"ListItem\",\"position\":2,\"name\":\"Sitio hist\u00f3rico\",\"item\":\"https:\\\/\\\/www.kz-gedenkstaette-dachau.de\\\/es\\\/sitio-historico\\\/\"},{\"@type\":\"ListItem\",\"position\":3,\"name\":\"Recorrido virtual del entorno\",\"item\":\"https:\\\/\\\/www.kz-gedenkstaette-dachau.de\\\/es\\\/sitio-historico\\\/recorrido-virtual-del-entorno\\\/\"},{\"@type\":\"ListItem\",\"position\":4,\"name\":\"Campo de tiro de la SS en Hebertshausen\"}]},{\"@type\":\"WebSite\",\"@id\":\"https:\\\/\\\/www.kz-gedenkstaette-dachau.de\\\/#website\",\"url\":\"https:\\\/\\\/www.kz-gedenkstaette-dachau.de\\\/\",\"name\":\"KZ Gedenkst\u00e4tte Dachau\",\"description\":\"\",\"potentialAction\":[{\"@type\":\"SearchAction\",\"target\":{\"@type\":\"EntryPoint\",\"urlTemplate\":\"https:\\\/\\\/www.kz-gedenkstaette-dachau.de\\\/?s={search_term_string}\"},\"query-input\":{\"@type\":\"PropertyValueSpecification\",\"valueRequired\":true,\"valueName\":\"search_term_string\"}}],\"inLanguage\":\"es\"}]}<\/script>\n<!-- \/ Yoast SEO plugin. -->","yoast_head_json":{"title":"Campo de tiro de la SS en Hebertshausen - KZ Gedenkst\u00e4tte Dachau","robots":{"index":"index","follow":"follow","max-snippet":"max-snippet:-1","max-image-preview":"max-image-preview:large","max-video-preview":"max-video-preview:-1"},"canonical":"https:\/\/www.kz-gedenkstaette-dachau.de\/es\/sitio-historico\/recorrido-virtual-del-entorno\/hebertshausen\/","og_locale":"es_ES","og_type":"article","og_title":"Campo de tiro de la SS en Hebertshausen - KZ Gedenkst\u00e4tte Dachau","og_description":"En 1937\/38, la SS erigi\u00f3 un campo de tiro en el municipio de Hebertshausen, a unos dos kil\u00f3metros al norte del campo de concentraci\u00f3n de Dachau. Era un sitio destinado al adiestramiento de las unidades de la SS y de miembros de organizaciones militares en el manejo de armas. Hab\u00eda cinco carriles y dos puestos... Ver art\u00edculo","og_url":"https:\/\/www.kz-gedenkstaette-dachau.de\/es\/sitio-historico\/recorrido-virtual-del-entorno\/hebertshausen\/","og_site_name":"KZ Gedenkst\u00e4tte Dachau","article_modified_time":"2024-04-04T15:11:52+00:00","twitter_card":"summary_large_image","twitter_misc":{"Tiempo de lectura":"2 minutos"},"schema":{"@context":"https:\/\/schema.org","@graph":[{"@type":"WebPage","@id":"https:\/\/www.kz-gedenkstaette-dachau.de\/es\/sitio-historico\/recorrido-virtual-del-entorno\/hebertshausen\/","url":"https:\/\/www.kz-gedenkstaette-dachau.de\/es\/sitio-historico\/recorrido-virtual-del-entorno\/hebertshausen\/","name":"Campo de tiro de la SS en Hebertshausen - KZ Gedenkst\u00e4tte Dachau","isPartOf":{"@id":"https:\/\/www.kz-gedenkstaette-dachau.de\/#website"},"datePublished":"2018-11-19T14:28:38+00:00","dateModified":"2024-04-04T15:11:52+00:00","breadcrumb":{"@id":"https:\/\/www.kz-gedenkstaette-dachau.de\/es\/sitio-historico\/recorrido-virtual-del-entorno\/hebertshausen\/#breadcrumb"},"inLanguage":"es","potentialAction":[{"@type":"ReadAction","target":["https:\/\/www.kz-gedenkstaette-dachau.de\/es\/sitio-historico\/recorrido-virtual-del-entorno\/hebertshausen\/"]}]},{"@type":"BreadcrumbList","@id":"https:\/\/www.kz-gedenkstaette-dachau.de\/es\/sitio-historico\/recorrido-virtual-del-entorno\/hebertshausen\/#breadcrumb","itemListElement":[{"@type":"ListItem","position":1,"name":"Sitio web","item":"https:\/\/www.kz-gedenkstaette-dachau.de\/es\/"},{"@type":"ListItem","position":2,"name":"Sitio hist\u00f3rico","item":"https:\/\/www.kz-gedenkstaette-dachau.de\/es\/sitio-historico\/"},{"@type":"ListItem","position":3,"name":"Recorrido virtual del entorno","item":"https:\/\/www.kz-gedenkstaette-dachau.de\/es\/sitio-historico\/recorrido-virtual-del-entorno\/"},{"@type":"ListItem","position":4,"name":"Campo de tiro de la SS en Hebertshausen"}]},{"@type":"WebSite","@id":"https:\/\/www.kz-gedenkstaette-dachau.de\/#website","url":"https:\/\/www.kz-gedenkstaette-dachau.de\/","name":"KZ Gedenkst\u00e4tte Dachau","description":"","potentialAction":[{"@type":"SearchAction","target":{"@type":"EntryPoint","urlTemplate":"https:\/\/www.kz-gedenkstaette-dachau.de\/?s={search_term_string}"},"query-input":{"@type":"PropertyValueSpecification","valueRequired":true,"valueName":"search_term_string"}}],"inLanguage":"es"}]}},"_links":{"self":[{"href":"https:\/\/www.kz-gedenkstaette-dachau.de\/es\/wp-json\/wp\/v2\/pages\/56810","targetHints":{"allow":["GET"]}}],"collection":[{"href":"https:\/\/www.kz-gedenkstaette-dachau.de\/es\/wp-json\/wp\/v2\/pages"}],"about":[{"href":"https:\/\/www.kz-gedenkstaette-dachau.de\/es\/wp-json\/wp\/v2\/types\/page"}],"author":[{"embeddable":true,"href":"https:\/\/www.kz-gedenkstaette-dachau.de\/es\/wp-json\/wp\/v2\/users\/1"}],"replies":[{"embeddable":true,"href":"https:\/\/www.kz-gedenkstaette-dachau.de\/es\/wp-json\/wp\/v2\/comments?post=56810"}],"version-history":[{"count":1,"href":"https:\/\/www.kz-gedenkstaette-dachau.de\/es\/wp-json\/wp\/v2\/pages\/56810\/revisions"}],"predecessor-version":[{"id":90158,"href":"https:\/\/www.kz-gedenkstaette-dachau.de\/es\/wp-json\/wp\/v2\/pages\/56810\/revisions\/90158"}],"up":[{"embeddable":true,"href":"https:\/\/www.kz-gedenkstaette-dachau.de\/es\/wp-json\/wp\/v2\/pages\/56804"}],"wp:attachment":[{"href":"https:\/\/www.kz-gedenkstaette-dachau.de\/es\/wp-json\/wp\/v2\/media?parent=56810"}],"curies":[{"name":"wp","href":"https:\/\/api.w.org\/{rel}","templated":true}]}}