{"id":56815,"date":"2018-11-19T15:33:52","date_gmt":"2018-11-19T14:33:52","guid":{"rendered":"https:\/\/www.kz-gedenkstaette-dachau.de\/sitio-historico\/recorrido-virtual-del-entorno\/gleisstueck-zum-ss-lager\/"},"modified":"2020-02-19T19:19:37","modified_gmt":"2020-02-19T18:19:37","slug":"restos-de-railes","status":"publish","type":"page","link":"https:\/\/www.kz-gedenkstaette-dachau.de\/es\/sitio-historico\/recorrido-virtual-del-entorno\/restos-de-railes\/","title":{"rendered":"Restos de ra\u00edles de la v\u00eda de enlace al campo de la SS"},"content":{"rendered":"<p>Hab\u00eda un l\u00ednea subsidiaria que enlazaba la estaci\u00f3n de trenes de Dachau con campo de la SS. En parte, la Escuadra de Protecci\u00f3n transport\u00f3 prisioneros en vagones de carga con arribo directo a sus lugares de cautiverio. En Dachau, los internos entraban por la puerta occidental del campo de la SS hasta la zona de cuarteles. La v\u00eda subsidiaria fue desmontada en 1984, pero en la entrada al campo de la SS, por donde pasa hoy la calle Isar-Amperwerke-Stra\u00dfe, se conserva un segmento de carriles de aquella l\u00ednea. El panel 4 del sendero de la memoria indica el lugar.<\/p>\n<p>Dos d\u00edas antes de la liberaci\u00f3n el 29 de abril de 1945, lleg\u00f3 a Dachau un transporte proveniente del campo de concentraci\u00f3n de Buchenwald. El tren hab\u00eda estado en camino 21 d\u00edas con 4.480 prisioneros a bordo. La SS los hab\u00eda hacinado en vagones de carga que partieron casi sin agua ni v\u00edveres. Durante el trayecto, el hambre, el agotamiento y los tiros de la SS costaron la vida a miles de reclusos, as\u00ed que a Dachau arrib\u00f3 un convoy lleno de moribundos y muertos. Solo 816 personas sobrevivieron el transporte. Pero como, adem\u00e1s, la SS neg\u00f3 al tren la entrada a su campo, este qued\u00f3 parado a sus puertas. Cuando los soldados estadounidenses llegaron al campo de Dachau, abrieron los vagones y encontraron los cad\u00e1veres, un hallazgo que para muchos signific\u00f3 una experiencia traum\u00e1tica.<\/p>\n","protected":false},"excerpt":{"rendered":"<p>Hab\u00eda un l\u00ednea subsidiaria que enlazaba la estaci\u00f3n de trenes de Dachau con campo de la SS. En parte, la Escuadra de Protecci\u00f3n transport\u00f3 prisioneros en vagones de carga con arribo directo a sus lugares de cautiverio. En Dachau, los internos entraban por la puerta occidental del campo de la SS hasta la zona de&#8230; <a class=\"view-article\" href=\"https:\/\/www.kz-gedenkstaette-dachau.de\/es\/sitio-historico\/recorrido-virtual-del-entorno\/restos-de-railes\/\">Ver art\u00edculo<\/a><\/p>\n","protected":false},"author":1,"featured_media":0,"parent":56804,"menu_order":310,"comment_status":"closed","ping_status":"closed","template":"page-virtueller_rundgang_unterseite.php","meta":{"_acf_changed":false,"footnotes":""},"class_list":["post-56815","page","type-page","status-publish","hentry"],"acf":[],"yoast_head":"<!-- This site is optimized with the Yoast SEO plugin v27.3 - https:\/\/yoast.com\/product\/yoast-seo-wordpress\/ -->\n<title>Restos de ra\u00edles de la v\u00eda de enlace al campo de la SS - KZ Gedenkst\u00e4tte Dachau<\/title>\n<meta name=\"robots\" content=\"index, follow, max-snippet:-1, max-image-preview:large, max-video-preview:-1\" \/>\n<link rel=\"canonical\" href=\"https:\/\/www.kz-gedenkstaette-dachau.de\/es\/sitio-historico\/recorrido-virtual-del-entorno\/restos-de-railes\/\" \/>\n<meta property=\"og:locale\" content=\"es_ES\" \/>\n<meta property=\"og:type\" content=\"article\" \/>\n<meta property=\"og:title\" content=\"Restos de ra\u00edles de la v\u00eda de enlace al campo de la SS - KZ Gedenkst\u00e4tte Dachau\" \/>\n<meta property=\"og:description\" content=\"Hab\u00eda un l\u00ednea subsidiaria que enlazaba la estaci\u00f3n de trenes de Dachau con campo de la SS. En parte, la Escuadra de Protecci\u00f3n transport\u00f3 prisioneros en vagones de carga con arribo directo a sus lugares de cautiverio. En Dachau, los internos entraban por la puerta occidental del campo de la SS hasta la zona de... Ver art\u00edculo\" \/>\n<meta property=\"og:url\" content=\"https:\/\/www.kz-gedenkstaette-dachau.de\/es\/sitio-historico\/recorrido-virtual-del-entorno\/restos-de-railes\/\" \/>\n<meta property=\"og:site_name\" content=\"KZ Gedenkst\u00e4tte Dachau\" \/>\n<meta property=\"article:modified_time\" content=\"2020-02-19T18:19:37+00:00\" \/>\n<meta name=\"twitter:card\" content=\"summary_large_image\" \/>\n<meta name=\"twitter:label1\" content=\"Tiempo de lectura\" \/>\n\t<meta name=\"twitter:data1\" content=\"1 minuto\" \/>\n<script type=\"application\/ld+json\" class=\"yoast-schema-graph\">{\"@context\":\"https:\\\/\\\/schema.org\",\"@graph\":[{\"@type\":\"WebPage\",\"@id\":\"https:\\\/\\\/www.kz-gedenkstaette-dachau.de\\\/es\\\/sitio-historico\\\/recorrido-virtual-del-entorno\\\/restos-de-railes\\\/\",\"url\":\"https:\\\/\\\/www.kz-gedenkstaette-dachau.de\\\/es\\\/sitio-historico\\\/recorrido-virtual-del-entorno\\\/restos-de-railes\\\/\",\"name\":\"Restos de ra\u00edles de la v\u00eda de enlace al campo de la SS - KZ Gedenkst\u00e4tte Dachau\",\"isPartOf\":{\"@id\":\"https:\\\/\\\/www.kz-gedenkstaette-dachau.de\\\/#website\"},\"datePublished\":\"2018-11-19T14:33:52+00:00\",\"dateModified\":\"2020-02-19T18:19:37+00:00\",\"breadcrumb\":{\"@id\":\"https:\\\/\\\/www.kz-gedenkstaette-dachau.de\\\/es\\\/sitio-historico\\\/recorrido-virtual-del-entorno\\\/restos-de-railes\\\/#breadcrumb\"},\"inLanguage\":\"es\",\"potentialAction\":[{\"@type\":\"ReadAction\",\"target\":[\"https:\\\/\\\/www.kz-gedenkstaette-dachau.de\\\/es\\\/sitio-historico\\\/recorrido-virtual-del-entorno\\\/restos-de-railes\\\/\"]}]},{\"@type\":\"BreadcrumbList\",\"@id\":\"https:\\\/\\\/www.kz-gedenkstaette-dachau.de\\\/es\\\/sitio-historico\\\/recorrido-virtual-del-entorno\\\/restos-de-railes\\\/#breadcrumb\",\"itemListElement\":[{\"@type\":\"ListItem\",\"position\":1,\"name\":\"Sitio web\",\"item\":\"https:\\\/\\\/www.kz-gedenkstaette-dachau.de\\\/es\\\/\"},{\"@type\":\"ListItem\",\"position\":2,\"name\":\"Sitio hist\u00f3rico\",\"item\":\"https:\\\/\\\/www.kz-gedenkstaette-dachau.de\\\/es\\\/sitio-historico\\\/\"},{\"@type\":\"ListItem\",\"position\":3,\"name\":\"Recorrido virtual del entorno\",\"item\":\"https:\\\/\\\/www.kz-gedenkstaette-dachau.de\\\/es\\\/sitio-historico\\\/recorrido-virtual-del-entorno\\\/\"},{\"@type\":\"ListItem\",\"position\":4,\"name\":\"Restos de ra\u00edles de la v\u00eda de enlace al campo de la SS\"}]},{\"@type\":\"WebSite\",\"@id\":\"https:\\\/\\\/www.kz-gedenkstaette-dachau.de\\\/#website\",\"url\":\"https:\\\/\\\/www.kz-gedenkstaette-dachau.de\\\/\",\"name\":\"KZ Gedenkst\u00e4tte Dachau\",\"description\":\"\",\"potentialAction\":[{\"@type\":\"SearchAction\",\"target\":{\"@type\":\"EntryPoint\",\"urlTemplate\":\"https:\\\/\\\/www.kz-gedenkstaette-dachau.de\\\/?s={search_term_string}\"},\"query-input\":{\"@type\":\"PropertyValueSpecification\",\"valueRequired\":true,\"valueName\":\"search_term_string\"}}],\"inLanguage\":\"es\"}]}<\/script>\n<!-- \/ Yoast SEO plugin. -->","yoast_head_json":{"title":"Restos de ra\u00edles de la v\u00eda de enlace al campo de la SS - KZ Gedenkst\u00e4tte Dachau","robots":{"index":"index","follow":"follow","max-snippet":"max-snippet:-1","max-image-preview":"max-image-preview:large","max-video-preview":"max-video-preview:-1"},"canonical":"https:\/\/www.kz-gedenkstaette-dachau.de\/es\/sitio-historico\/recorrido-virtual-del-entorno\/restos-de-railes\/","og_locale":"es_ES","og_type":"article","og_title":"Restos de ra\u00edles de la v\u00eda de enlace al campo de la SS - KZ Gedenkst\u00e4tte Dachau","og_description":"Hab\u00eda un l\u00ednea subsidiaria que enlazaba la estaci\u00f3n de trenes de Dachau con campo de la SS. En parte, la Escuadra de Protecci\u00f3n transport\u00f3 prisioneros en vagones de carga con arribo directo a sus lugares de cautiverio. En Dachau, los internos entraban por la puerta occidental del campo de la SS hasta la zona de... Ver art\u00edculo","og_url":"https:\/\/www.kz-gedenkstaette-dachau.de\/es\/sitio-historico\/recorrido-virtual-del-entorno\/restos-de-railes\/","og_site_name":"KZ Gedenkst\u00e4tte Dachau","article_modified_time":"2020-02-19T18:19:37+00:00","twitter_card":"summary_large_image","twitter_misc":{"Tiempo de lectura":"1 minuto"},"schema":{"@context":"https:\/\/schema.org","@graph":[{"@type":"WebPage","@id":"https:\/\/www.kz-gedenkstaette-dachau.de\/es\/sitio-historico\/recorrido-virtual-del-entorno\/restos-de-railes\/","url":"https:\/\/www.kz-gedenkstaette-dachau.de\/es\/sitio-historico\/recorrido-virtual-del-entorno\/restos-de-railes\/","name":"Restos de ra\u00edles de la v\u00eda de enlace al campo de la SS - KZ Gedenkst\u00e4tte Dachau","isPartOf":{"@id":"https:\/\/www.kz-gedenkstaette-dachau.de\/#website"},"datePublished":"2018-11-19T14:33:52+00:00","dateModified":"2020-02-19T18:19:37+00:00","breadcrumb":{"@id":"https:\/\/www.kz-gedenkstaette-dachau.de\/es\/sitio-historico\/recorrido-virtual-del-entorno\/restos-de-railes\/#breadcrumb"},"inLanguage":"es","potentialAction":[{"@type":"ReadAction","target":["https:\/\/www.kz-gedenkstaette-dachau.de\/es\/sitio-historico\/recorrido-virtual-del-entorno\/restos-de-railes\/"]}]},{"@type":"BreadcrumbList","@id":"https:\/\/www.kz-gedenkstaette-dachau.de\/es\/sitio-historico\/recorrido-virtual-del-entorno\/restos-de-railes\/#breadcrumb","itemListElement":[{"@type":"ListItem","position":1,"name":"Sitio web","item":"https:\/\/www.kz-gedenkstaette-dachau.de\/es\/"},{"@type":"ListItem","position":2,"name":"Sitio hist\u00f3rico","item":"https:\/\/www.kz-gedenkstaette-dachau.de\/es\/sitio-historico\/"},{"@type":"ListItem","position":3,"name":"Recorrido virtual del entorno","item":"https:\/\/www.kz-gedenkstaette-dachau.de\/es\/sitio-historico\/recorrido-virtual-del-entorno\/"},{"@type":"ListItem","position":4,"name":"Restos de ra\u00edles de la v\u00eda de enlace al campo de la SS"}]},{"@type":"WebSite","@id":"https:\/\/www.kz-gedenkstaette-dachau.de\/#website","url":"https:\/\/www.kz-gedenkstaette-dachau.de\/","name":"KZ Gedenkst\u00e4tte Dachau","description":"","potentialAction":[{"@type":"SearchAction","target":{"@type":"EntryPoint","urlTemplate":"https:\/\/www.kz-gedenkstaette-dachau.de\/?s={search_term_string}"},"query-input":{"@type":"PropertyValueSpecification","valueRequired":true,"valueName":"search_term_string"}}],"inLanguage":"es"}]}},"_links":{"self":[{"href":"https:\/\/www.kz-gedenkstaette-dachau.de\/es\/wp-json\/wp\/v2\/pages\/56815","targetHints":{"allow":["GET"]}}],"collection":[{"href":"https:\/\/www.kz-gedenkstaette-dachau.de\/es\/wp-json\/wp\/v2\/pages"}],"about":[{"href":"https:\/\/www.kz-gedenkstaette-dachau.de\/es\/wp-json\/wp\/v2\/types\/page"}],"author":[{"embeddable":true,"href":"https:\/\/www.kz-gedenkstaette-dachau.de\/es\/wp-json\/wp\/v2\/users\/1"}],"replies":[{"embeddable":true,"href":"https:\/\/www.kz-gedenkstaette-dachau.de\/es\/wp-json\/wp\/v2\/comments?post=56815"}],"version-history":[{"count":0,"href":"https:\/\/www.kz-gedenkstaette-dachau.de\/es\/wp-json\/wp\/v2\/pages\/56815\/revisions"}],"up":[{"embeddable":true,"href":"https:\/\/www.kz-gedenkstaette-dachau.de\/es\/wp-json\/wp\/v2\/pages\/56804"}],"wp:attachment":[{"href":"https:\/\/www.kz-gedenkstaette-dachau.de\/es\/wp-json\/wp\/v2\/media?parent=56815"}],"curies":[{"name":"wp","href":"https:\/\/api.w.org\/{rel}","templated":true}]}}