{"id":56817,"date":"2018-11-19T15:36:41","date_gmt":"2018-11-19T14:36:41","guid":{"rendered":"https:\/\/www.kz-gedenkstaette-dachau.de\/sitio-historico\/recorrido-virtual-del-entorno\/ss-siedlung\/"},"modified":"2020-02-19T19:22:19","modified_gmt":"2020-02-19T18:22:19","slug":"urbanizacion-de-la-ss","status":"publish","type":"page","link":"https:\/\/www.kz-gedenkstaette-dachau.de\/es\/sitio-historico\/recorrido-virtual-del-entorno\/urbanizacion-de-la-ss\/","title":{"rendered":"Urbanizaci\u00f3n de la SS"},"content":{"rendered":"<p>Al sur del campo de la SS hab\u00eda un conjunto de viviendas y mansiones para miembros de la Escuadra de Protecci\u00f3n que trabajaban en Dachau y que, con sus familias, habitaban esta urbanizaci\u00f3n de libre acceso. En la que por aquel entonces se llamaba \u201cSS-Stra\u00dfe\u201d, hoy Stra\u00dfe der KZ-Opfer, se extend\u00eda una hilera de casonas de tiempos de la Primera Guerra Mundial que pertenec\u00edan a la antigua f\u00e1brica de p\u00f3lvora y municiones. Despu\u00e9s de la liberaci\u00f3n, el ej\u00e9rcito de EE.UU. us\u00f3 las que segu\u00edan a\u00fan en pie. En la actualidad, estas casas sirven de oficina a los Cuerpos Especiales de la Polic\u00eda de Baviera. El panel 7 del Sendero de la memoria resume la historia de estas edificaciones.<\/p>\n<p>A lo largo de la actual Pater-Roth-Stra\u00dfe, se ubicaba la plaza \u201cTheodor-Eicke-Platz\u201d, en honor al segundo comandante del campo. Era un espacio rodeado de un complejo edificado por los prisioneros que consist\u00eda en casas habitacionales, una panader\u00eda, una tienda, un restaurante, una oficina de correos y un \u201ccentro comunitario\u201d con salas de eventos.<\/p>\n","protected":false},"excerpt":{"rendered":"<p>Al sur del campo de la SS hab\u00eda un conjunto de viviendas y mansiones para miembros de la Escuadra de Protecci\u00f3n que trabajaban en Dachau y que, con sus familias, habitaban esta urbanizaci\u00f3n de libre acceso. En la que por aquel entonces se llamaba \u201cSS-Stra\u00dfe\u201d, hoy Stra\u00dfe der KZ-Opfer, se extend\u00eda una hilera de casonas&#8230; <a class=\"view-article\" href=\"https:\/\/www.kz-gedenkstaette-dachau.de\/es\/sitio-historico\/recorrido-virtual-del-entorno\/urbanizacion-de-la-ss\/\">Ver art\u00edculo<\/a><\/p>\n","protected":false},"author":1,"featured_media":0,"parent":56804,"menu_order":320,"comment_status":"closed","ping_status":"closed","template":"page-virtueller_rundgang_unterseite.php","meta":{"_acf_changed":false,"footnotes":""},"class_list":["post-56817","page","type-page","status-publish","hentry"],"acf":[],"yoast_head":"<!-- This site is optimized with the Yoast SEO plugin v27.3 - https:\/\/yoast.com\/product\/yoast-seo-wordpress\/ -->\n<title>Urbanizaci\u00f3n de la SS - KZ Gedenkst\u00e4tte Dachau<\/title>\n<meta name=\"robots\" content=\"index, follow, max-snippet:-1, max-image-preview:large, max-video-preview:-1\" \/>\n<link rel=\"canonical\" href=\"https:\/\/www.kz-gedenkstaette-dachau.de\/es\/sitio-historico\/recorrido-virtual-del-entorno\/urbanizacion-de-la-ss\/\" \/>\n<meta property=\"og:locale\" content=\"es_ES\" \/>\n<meta property=\"og:type\" content=\"article\" \/>\n<meta property=\"og:title\" content=\"Urbanizaci\u00f3n de la SS - KZ Gedenkst\u00e4tte Dachau\" \/>\n<meta property=\"og:description\" content=\"Al sur del campo de la SS hab\u00eda un conjunto de viviendas y mansiones para miembros de la Escuadra de Protecci\u00f3n que trabajaban en Dachau y que, con sus familias, habitaban esta urbanizaci\u00f3n de libre acceso. En la que por aquel entonces se llamaba \u201cSS-Stra\u00dfe\u201d, hoy Stra\u00dfe der KZ-Opfer, se extend\u00eda una hilera de casonas... Ver art\u00edculo\" \/>\n<meta property=\"og:url\" content=\"https:\/\/www.kz-gedenkstaette-dachau.de\/es\/sitio-historico\/recorrido-virtual-del-entorno\/urbanizacion-de-la-ss\/\" \/>\n<meta property=\"og:site_name\" content=\"KZ Gedenkst\u00e4tte Dachau\" \/>\n<meta property=\"article:modified_time\" content=\"2020-02-19T18:22:19+00:00\" \/>\n<meta name=\"twitter:card\" content=\"summary_large_image\" \/>\n<meta name=\"twitter:label1\" content=\"Tiempo de lectura\" \/>\n\t<meta name=\"twitter:data1\" content=\"1 minuto\" \/>\n<script type=\"application\/ld+json\" class=\"yoast-schema-graph\">{\"@context\":\"https:\\\/\\\/schema.org\",\"@graph\":[{\"@type\":\"WebPage\",\"@id\":\"https:\\\/\\\/www.kz-gedenkstaette-dachau.de\\\/es\\\/sitio-historico\\\/recorrido-virtual-del-entorno\\\/urbanizacion-de-la-ss\\\/\",\"url\":\"https:\\\/\\\/www.kz-gedenkstaette-dachau.de\\\/es\\\/sitio-historico\\\/recorrido-virtual-del-entorno\\\/urbanizacion-de-la-ss\\\/\",\"name\":\"Urbanizaci\u00f3n de la SS - KZ Gedenkst\u00e4tte Dachau\",\"isPartOf\":{\"@id\":\"https:\\\/\\\/www.kz-gedenkstaette-dachau.de\\\/#website\"},\"datePublished\":\"2018-11-19T14:36:41+00:00\",\"dateModified\":\"2020-02-19T18:22:19+00:00\",\"breadcrumb\":{\"@id\":\"https:\\\/\\\/www.kz-gedenkstaette-dachau.de\\\/es\\\/sitio-historico\\\/recorrido-virtual-del-entorno\\\/urbanizacion-de-la-ss\\\/#breadcrumb\"},\"inLanguage\":\"es\",\"potentialAction\":[{\"@type\":\"ReadAction\",\"target\":[\"https:\\\/\\\/www.kz-gedenkstaette-dachau.de\\\/es\\\/sitio-historico\\\/recorrido-virtual-del-entorno\\\/urbanizacion-de-la-ss\\\/\"]}]},{\"@type\":\"BreadcrumbList\",\"@id\":\"https:\\\/\\\/www.kz-gedenkstaette-dachau.de\\\/es\\\/sitio-historico\\\/recorrido-virtual-del-entorno\\\/urbanizacion-de-la-ss\\\/#breadcrumb\",\"itemListElement\":[{\"@type\":\"ListItem\",\"position\":1,\"name\":\"Sitio web\",\"item\":\"https:\\\/\\\/www.kz-gedenkstaette-dachau.de\\\/es\\\/\"},{\"@type\":\"ListItem\",\"position\":2,\"name\":\"Sitio hist\u00f3rico\",\"item\":\"https:\\\/\\\/www.kz-gedenkstaette-dachau.de\\\/es\\\/sitio-historico\\\/\"},{\"@type\":\"ListItem\",\"position\":3,\"name\":\"Recorrido virtual del entorno\",\"item\":\"https:\\\/\\\/www.kz-gedenkstaette-dachau.de\\\/es\\\/sitio-historico\\\/recorrido-virtual-del-entorno\\\/\"},{\"@type\":\"ListItem\",\"position\":4,\"name\":\"Urbanizaci\u00f3n de la SS\"}]},{\"@type\":\"WebSite\",\"@id\":\"https:\\\/\\\/www.kz-gedenkstaette-dachau.de\\\/#website\",\"url\":\"https:\\\/\\\/www.kz-gedenkstaette-dachau.de\\\/\",\"name\":\"KZ Gedenkst\u00e4tte Dachau\",\"description\":\"\",\"potentialAction\":[{\"@type\":\"SearchAction\",\"target\":{\"@type\":\"EntryPoint\",\"urlTemplate\":\"https:\\\/\\\/www.kz-gedenkstaette-dachau.de\\\/?s={search_term_string}\"},\"query-input\":{\"@type\":\"PropertyValueSpecification\",\"valueRequired\":true,\"valueName\":\"search_term_string\"}}],\"inLanguage\":\"es\"}]}<\/script>\n<!-- \/ Yoast SEO plugin. -->","yoast_head_json":{"title":"Urbanizaci\u00f3n de la SS - KZ Gedenkst\u00e4tte Dachau","robots":{"index":"index","follow":"follow","max-snippet":"max-snippet:-1","max-image-preview":"max-image-preview:large","max-video-preview":"max-video-preview:-1"},"canonical":"https:\/\/www.kz-gedenkstaette-dachau.de\/es\/sitio-historico\/recorrido-virtual-del-entorno\/urbanizacion-de-la-ss\/","og_locale":"es_ES","og_type":"article","og_title":"Urbanizaci\u00f3n de la SS - KZ Gedenkst\u00e4tte Dachau","og_description":"Al sur del campo de la SS hab\u00eda un conjunto de viviendas y mansiones para miembros de la Escuadra de Protecci\u00f3n que trabajaban en Dachau y que, con sus familias, habitaban esta urbanizaci\u00f3n de libre acceso. En la que por aquel entonces se llamaba \u201cSS-Stra\u00dfe\u201d, hoy Stra\u00dfe der KZ-Opfer, se extend\u00eda una hilera de casonas... Ver art\u00edculo","og_url":"https:\/\/www.kz-gedenkstaette-dachau.de\/es\/sitio-historico\/recorrido-virtual-del-entorno\/urbanizacion-de-la-ss\/","og_site_name":"KZ Gedenkst\u00e4tte Dachau","article_modified_time":"2020-02-19T18:22:19+00:00","twitter_card":"summary_large_image","twitter_misc":{"Tiempo de lectura":"1 minuto"},"schema":{"@context":"https:\/\/schema.org","@graph":[{"@type":"WebPage","@id":"https:\/\/www.kz-gedenkstaette-dachau.de\/es\/sitio-historico\/recorrido-virtual-del-entorno\/urbanizacion-de-la-ss\/","url":"https:\/\/www.kz-gedenkstaette-dachau.de\/es\/sitio-historico\/recorrido-virtual-del-entorno\/urbanizacion-de-la-ss\/","name":"Urbanizaci\u00f3n de la SS - KZ Gedenkst\u00e4tte Dachau","isPartOf":{"@id":"https:\/\/www.kz-gedenkstaette-dachau.de\/#website"},"datePublished":"2018-11-19T14:36:41+00:00","dateModified":"2020-02-19T18:22:19+00:00","breadcrumb":{"@id":"https:\/\/www.kz-gedenkstaette-dachau.de\/es\/sitio-historico\/recorrido-virtual-del-entorno\/urbanizacion-de-la-ss\/#breadcrumb"},"inLanguage":"es","potentialAction":[{"@type":"ReadAction","target":["https:\/\/www.kz-gedenkstaette-dachau.de\/es\/sitio-historico\/recorrido-virtual-del-entorno\/urbanizacion-de-la-ss\/"]}]},{"@type":"BreadcrumbList","@id":"https:\/\/www.kz-gedenkstaette-dachau.de\/es\/sitio-historico\/recorrido-virtual-del-entorno\/urbanizacion-de-la-ss\/#breadcrumb","itemListElement":[{"@type":"ListItem","position":1,"name":"Sitio web","item":"https:\/\/www.kz-gedenkstaette-dachau.de\/es\/"},{"@type":"ListItem","position":2,"name":"Sitio hist\u00f3rico","item":"https:\/\/www.kz-gedenkstaette-dachau.de\/es\/sitio-historico\/"},{"@type":"ListItem","position":3,"name":"Recorrido virtual del entorno","item":"https:\/\/www.kz-gedenkstaette-dachau.de\/es\/sitio-historico\/recorrido-virtual-del-entorno\/"},{"@type":"ListItem","position":4,"name":"Urbanizaci\u00f3n de la SS"}]},{"@type":"WebSite","@id":"https:\/\/www.kz-gedenkstaette-dachau.de\/#website","url":"https:\/\/www.kz-gedenkstaette-dachau.de\/","name":"KZ Gedenkst\u00e4tte Dachau","description":"","potentialAction":[{"@type":"SearchAction","target":{"@type":"EntryPoint","urlTemplate":"https:\/\/www.kz-gedenkstaette-dachau.de\/?s={search_term_string}"},"query-input":{"@type":"PropertyValueSpecification","valueRequired":true,"valueName":"search_term_string"}}],"inLanguage":"es"}]}},"_links":{"self":[{"href":"https:\/\/www.kz-gedenkstaette-dachau.de\/es\/wp-json\/wp\/v2\/pages\/56817","targetHints":{"allow":["GET"]}}],"collection":[{"href":"https:\/\/www.kz-gedenkstaette-dachau.de\/es\/wp-json\/wp\/v2\/pages"}],"about":[{"href":"https:\/\/www.kz-gedenkstaette-dachau.de\/es\/wp-json\/wp\/v2\/types\/page"}],"author":[{"embeddable":true,"href":"https:\/\/www.kz-gedenkstaette-dachau.de\/es\/wp-json\/wp\/v2\/users\/1"}],"replies":[{"embeddable":true,"href":"https:\/\/www.kz-gedenkstaette-dachau.de\/es\/wp-json\/wp\/v2\/comments?post=56817"}],"version-history":[{"count":0,"href":"https:\/\/www.kz-gedenkstaette-dachau.de\/es\/wp-json\/wp\/v2\/pages\/56817\/revisions"}],"up":[{"embeddable":true,"href":"https:\/\/www.kz-gedenkstaette-dachau.de\/es\/wp-json\/wp\/v2\/pages\/56804"}],"wp:attachment":[{"href":"https:\/\/www.kz-gedenkstaette-dachau.de\/es\/wp-json\/wp\/v2\/media?parent=56817"}],"curies":[{"name":"wp","href":"https:\/\/api.w.org\/{rel}","templated":true}]}}