{"id":56822,"date":"2018-11-19T15:40:07","date_gmt":"2018-11-19T14:40:07","guid":{"rendered":"https:\/\/www.kz-gedenkstaette-dachau.de\/sitio-historico\/recorrido-virtual-del-entorno\/kz-graeberfeld-auf-dem-waldfriedhof\/"},"modified":"2024-04-04T17:09:35","modified_gmt":"2024-04-04T15:09:35","slug":"cementerio-waldfriedhof","status":"publish","type":"page","link":"https:\/\/www.kz-gedenkstaette-dachau.de\/es\/sitio-historico\/recorrido-virtual-del-entorno\/cementerio-waldfriedhof\/","title":{"rendered":"Sepulturas en el cementerio Waldfriedhof"},"content":{"rendered":"<p>En el linde norte del cementerio Waldfriedhof de Dachau hay un grupo de sepulturas en forma de terrazas donde yacen los restos de 1.312 v\u00edctimas del campo de concentraci\u00f3n. Se trata de ex prisioneros que fallecieron durante los primeros meses tras la liberaci\u00f3n el 29 de abril de 1945 a consecuencia de su internamiento.<\/p>\n<p>Entre 1955 y 1958, los servicios de b\u00fasqueda de Italia, Francia, B\u00e9lgica y Holanda exhumaron restos de v\u00edctimas enterradas en el Waldfriedhof y las llevaron a su pa\u00eds de origen. En su lugar, se inhumaron v\u00edctimas de las \u201cmarchas de la muerte\u201d que yac\u00edan en cementerios clausurados del campo de Dachau en la Alta Baviera. Las v\u00edctimas de las \u201cmarchas de la muerte\u201d hab\u00edan hallado su primera sepultura a lo largo de la ruta que siguieron las marchas. En la terraza superior yacen los restos de ciudadanos polacos que trabajaron como guardias en el campo de internamiento de Dachau bajo las \u00f3rdenes de las autoridades militares estadounidenses.<\/p>\n<p>Los sepulcros est\u00e1n circundados por monumentos en memoria de las v\u00edctimas de la persecuci\u00f3n nacionalsocialista de origen jud\u00edo, polaco y austriaco. Hay tambi\u00e9n una piedra conmemorativa en honor a las v\u00edctimas del \u201cLevantamiento de Dachau\u201d del 28 de abril de 1945. Ese d\u00eda, un grupo de resistencia armada, conformado por prisioneros fugitivos y habitantes de Dachau, tom\u00f3 por asalto el Ayuntamiento para liberar la ciudad del r\u00e9gimen nacionalsocialista antes de que llegaran los aliados. La <em>Waffen-SS<\/em> sofoc\u00f3 el levantamiento y mat\u00f3 a seis miembros de la resistencia. En la Plaza del Ayuntamiento hay otra placa dedicada a las v\u00edctimas de la rebeli\u00f3n.<\/p>\n","protected":false},"excerpt":{"rendered":"<p>En el linde norte del cementerio Waldfriedhof de Dachau hay un grupo de sepulturas en forma de terrazas donde yacen los restos de 1.312 v\u00edctimas del campo de concentraci\u00f3n. Se trata de ex prisioneros que fallecieron durante los primeros meses tras la liberaci\u00f3n el 29 de abril de 1945 a consecuencia de su internamiento. Entre&#8230; <a class=\"view-article\" href=\"https:\/\/www.kz-gedenkstaette-dachau.de\/es\/sitio-historico\/recorrido-virtual-del-entorno\/cementerio-waldfriedhof\/\">Ver art\u00edculo<\/a><\/p>\n","protected":false},"author":1,"featured_media":0,"parent":56804,"menu_order":500,"comment_status":"closed","ping_status":"closed","template":"page-virtueller_rundgang_unterseite.php","meta":{"_acf_changed":false,"footnotes":""},"class_list":["post-56822","page","type-page","status-publish","hentry"],"acf":[],"yoast_head":"<!-- This site is optimized with the Yoast SEO plugin v27.4 - https:\/\/yoast.com\/product\/yoast-seo-wordpress\/ -->\n<title>Sepulturas en el cementerio Waldfriedhof - KZ Gedenkst\u00e4tte Dachau<\/title>\n<meta name=\"robots\" content=\"index, follow, max-snippet:-1, max-image-preview:large, max-video-preview:-1\" \/>\n<link rel=\"canonical\" href=\"https:\/\/www.kz-gedenkstaette-dachau.de\/es\/sitio-historico\/recorrido-virtual-del-entorno\/cementerio-waldfriedhof\/\" \/>\n<meta property=\"og:locale\" content=\"es_ES\" \/>\n<meta property=\"og:type\" content=\"article\" \/>\n<meta property=\"og:title\" content=\"Sepulturas en el cementerio Waldfriedhof - KZ Gedenkst\u00e4tte Dachau\" \/>\n<meta property=\"og:description\" content=\"En el linde norte del cementerio Waldfriedhof de Dachau hay un grupo de sepulturas en forma de terrazas donde yacen los restos de 1.312 v\u00edctimas del campo de concentraci\u00f3n. Se trata de ex prisioneros que fallecieron durante los primeros meses tras la liberaci\u00f3n el 29 de abril de 1945 a consecuencia de su internamiento. Entre... Ver art\u00edculo\" \/>\n<meta property=\"og:url\" content=\"https:\/\/www.kz-gedenkstaette-dachau.de\/es\/sitio-historico\/recorrido-virtual-del-entorno\/cementerio-waldfriedhof\/\" \/>\n<meta property=\"og:site_name\" content=\"KZ Gedenkst\u00e4tte Dachau\" \/>\n<meta property=\"article:modified_time\" content=\"2024-04-04T15:09:35+00:00\" \/>\n<meta name=\"twitter:card\" content=\"summary_large_image\" \/>\n<meta name=\"twitter:label1\" content=\"Tiempo de lectura\" \/>\n\t<meta name=\"twitter:data1\" content=\"2 minutos\" \/>\n<script type=\"application\/ld+json\" class=\"yoast-schema-graph\">{\"@context\":\"https:\\\/\\\/schema.org\",\"@graph\":[{\"@type\":\"WebPage\",\"@id\":\"https:\\\/\\\/www.kz-gedenkstaette-dachau.de\\\/es\\\/sitio-historico\\\/recorrido-virtual-del-entorno\\\/cementerio-waldfriedhof\\\/\",\"url\":\"https:\\\/\\\/www.kz-gedenkstaette-dachau.de\\\/es\\\/sitio-historico\\\/recorrido-virtual-del-entorno\\\/cementerio-waldfriedhof\\\/\",\"name\":\"Sepulturas en el cementerio Waldfriedhof - KZ Gedenkst\u00e4tte Dachau\",\"isPartOf\":{\"@id\":\"https:\\\/\\\/www.kz-gedenkstaette-dachau.de\\\/#website\"},\"datePublished\":\"2018-11-19T14:40:07+00:00\",\"dateModified\":\"2024-04-04T15:09:35+00:00\",\"breadcrumb\":{\"@id\":\"https:\\\/\\\/www.kz-gedenkstaette-dachau.de\\\/es\\\/sitio-historico\\\/recorrido-virtual-del-entorno\\\/cementerio-waldfriedhof\\\/#breadcrumb\"},\"inLanguage\":\"es\",\"potentialAction\":[{\"@type\":\"ReadAction\",\"target\":[\"https:\\\/\\\/www.kz-gedenkstaette-dachau.de\\\/es\\\/sitio-historico\\\/recorrido-virtual-del-entorno\\\/cementerio-waldfriedhof\\\/\"]}]},{\"@type\":\"BreadcrumbList\",\"@id\":\"https:\\\/\\\/www.kz-gedenkstaette-dachau.de\\\/es\\\/sitio-historico\\\/recorrido-virtual-del-entorno\\\/cementerio-waldfriedhof\\\/#breadcrumb\",\"itemListElement\":[{\"@type\":\"ListItem\",\"position\":1,\"name\":\"Sitio web\",\"item\":\"https:\\\/\\\/www.kz-gedenkstaette-dachau.de\\\/es\\\/\"},{\"@type\":\"ListItem\",\"position\":2,\"name\":\"Sitio hist\u00f3rico\",\"item\":\"https:\\\/\\\/www.kz-gedenkstaette-dachau.de\\\/es\\\/sitio-historico\\\/\"},{\"@type\":\"ListItem\",\"position\":3,\"name\":\"Recorrido virtual del entorno\",\"item\":\"https:\\\/\\\/www.kz-gedenkstaette-dachau.de\\\/es\\\/sitio-historico\\\/recorrido-virtual-del-entorno\\\/\"},{\"@type\":\"ListItem\",\"position\":4,\"name\":\"Sepulturas en el cementerio Waldfriedhof\"}]},{\"@type\":\"WebSite\",\"@id\":\"https:\\\/\\\/www.kz-gedenkstaette-dachau.de\\\/#website\",\"url\":\"https:\\\/\\\/www.kz-gedenkstaette-dachau.de\\\/\",\"name\":\"KZ Gedenkst\u00e4tte Dachau\",\"description\":\"\",\"potentialAction\":[{\"@type\":\"SearchAction\",\"target\":{\"@type\":\"EntryPoint\",\"urlTemplate\":\"https:\\\/\\\/www.kz-gedenkstaette-dachau.de\\\/?s={search_term_string}\"},\"query-input\":{\"@type\":\"PropertyValueSpecification\",\"valueRequired\":true,\"valueName\":\"search_term_string\"}}],\"inLanguage\":\"es\"}]}<\/script>\n<!-- \/ Yoast SEO plugin. -->","yoast_head_json":{"title":"Sepulturas en el cementerio Waldfriedhof - KZ Gedenkst\u00e4tte Dachau","robots":{"index":"index","follow":"follow","max-snippet":"max-snippet:-1","max-image-preview":"max-image-preview:large","max-video-preview":"max-video-preview:-1"},"canonical":"https:\/\/www.kz-gedenkstaette-dachau.de\/es\/sitio-historico\/recorrido-virtual-del-entorno\/cementerio-waldfriedhof\/","og_locale":"es_ES","og_type":"article","og_title":"Sepulturas en el cementerio Waldfriedhof - KZ Gedenkst\u00e4tte Dachau","og_description":"En el linde norte del cementerio Waldfriedhof de Dachau hay un grupo de sepulturas en forma de terrazas donde yacen los restos de 1.312 v\u00edctimas del campo de concentraci\u00f3n. Se trata de ex prisioneros que fallecieron durante los primeros meses tras la liberaci\u00f3n el 29 de abril de 1945 a consecuencia de su internamiento. Entre... Ver art\u00edculo","og_url":"https:\/\/www.kz-gedenkstaette-dachau.de\/es\/sitio-historico\/recorrido-virtual-del-entorno\/cementerio-waldfriedhof\/","og_site_name":"KZ Gedenkst\u00e4tte Dachau","article_modified_time":"2024-04-04T15:09:35+00:00","twitter_card":"summary_large_image","twitter_misc":{"Tiempo de lectura":"2 minutos"},"schema":{"@context":"https:\/\/schema.org","@graph":[{"@type":"WebPage","@id":"https:\/\/www.kz-gedenkstaette-dachau.de\/es\/sitio-historico\/recorrido-virtual-del-entorno\/cementerio-waldfriedhof\/","url":"https:\/\/www.kz-gedenkstaette-dachau.de\/es\/sitio-historico\/recorrido-virtual-del-entorno\/cementerio-waldfriedhof\/","name":"Sepulturas en el cementerio Waldfriedhof - KZ Gedenkst\u00e4tte Dachau","isPartOf":{"@id":"https:\/\/www.kz-gedenkstaette-dachau.de\/#website"},"datePublished":"2018-11-19T14:40:07+00:00","dateModified":"2024-04-04T15:09:35+00:00","breadcrumb":{"@id":"https:\/\/www.kz-gedenkstaette-dachau.de\/es\/sitio-historico\/recorrido-virtual-del-entorno\/cementerio-waldfriedhof\/#breadcrumb"},"inLanguage":"es","potentialAction":[{"@type":"ReadAction","target":["https:\/\/www.kz-gedenkstaette-dachau.de\/es\/sitio-historico\/recorrido-virtual-del-entorno\/cementerio-waldfriedhof\/"]}]},{"@type":"BreadcrumbList","@id":"https:\/\/www.kz-gedenkstaette-dachau.de\/es\/sitio-historico\/recorrido-virtual-del-entorno\/cementerio-waldfriedhof\/#breadcrumb","itemListElement":[{"@type":"ListItem","position":1,"name":"Sitio web","item":"https:\/\/www.kz-gedenkstaette-dachau.de\/es\/"},{"@type":"ListItem","position":2,"name":"Sitio hist\u00f3rico","item":"https:\/\/www.kz-gedenkstaette-dachau.de\/es\/sitio-historico\/"},{"@type":"ListItem","position":3,"name":"Recorrido virtual del entorno","item":"https:\/\/www.kz-gedenkstaette-dachau.de\/es\/sitio-historico\/recorrido-virtual-del-entorno\/"},{"@type":"ListItem","position":4,"name":"Sepulturas en el cementerio Waldfriedhof"}]},{"@type":"WebSite","@id":"https:\/\/www.kz-gedenkstaette-dachau.de\/#website","url":"https:\/\/www.kz-gedenkstaette-dachau.de\/","name":"KZ Gedenkst\u00e4tte Dachau","description":"","potentialAction":[{"@type":"SearchAction","target":{"@type":"EntryPoint","urlTemplate":"https:\/\/www.kz-gedenkstaette-dachau.de\/?s={search_term_string}"},"query-input":{"@type":"PropertyValueSpecification","valueRequired":true,"valueName":"search_term_string"}}],"inLanguage":"es"}]}},"_links":{"self":[{"href":"https:\/\/www.kz-gedenkstaette-dachau.de\/es\/wp-json\/wp\/v2\/pages\/56822","targetHints":{"allow":["GET"]}}],"collection":[{"href":"https:\/\/www.kz-gedenkstaette-dachau.de\/es\/wp-json\/wp\/v2\/pages"}],"about":[{"href":"https:\/\/www.kz-gedenkstaette-dachau.de\/es\/wp-json\/wp\/v2\/types\/page"}],"author":[{"embeddable":true,"href":"https:\/\/www.kz-gedenkstaette-dachau.de\/es\/wp-json\/wp\/v2\/users\/1"}],"replies":[{"embeddable":true,"href":"https:\/\/www.kz-gedenkstaette-dachau.de\/es\/wp-json\/wp\/v2\/comments?post=56822"}],"version-history":[{"count":1,"href":"https:\/\/www.kz-gedenkstaette-dachau.de\/es\/wp-json\/wp\/v2\/pages\/56822\/revisions"}],"predecessor-version":[{"id":90145,"href":"https:\/\/www.kz-gedenkstaette-dachau.de\/es\/wp-json\/wp\/v2\/pages\/56822\/revisions\/90145"}],"up":[{"embeddable":true,"href":"https:\/\/www.kz-gedenkstaette-dachau.de\/es\/wp-json\/wp\/v2\/pages\/56804"}],"wp:attachment":[{"href":"https:\/\/www.kz-gedenkstaette-dachau.de\/es\/wp-json\/wp\/v2\/media?parent=56822"}],"curies":[{"name":"wp","href":"https:\/\/api.w.org\/{rel}","templated":true}]}}