{"id":56732,"date":"2018-09-04T12:39:42","date_gmt":"2018-09-04T10:39:42","guid":{"rendered":"https:\/\/www.kz-gedenkstaette-dachau.de\/haeftlingsbad\/"},"modified":"2025-08-22T14:05:26","modified_gmt":"2025-08-22T12:05:26","slug":"les-douches-des-detenus","status":"publish","type":"page","link":"https:\/\/www.kz-gedenkstaette-dachau.de\/fr\/site-historique\/visite-virtuelle\/les-douches-des-detenus\/","title":{"rendered":"Les douches des d\u00e9tenus"},"content":{"rendered":"<p>Dans la salle des douches des d\u00e9tenus, les nouveaux arrivants \u00e9taient enti\u00e8rement ras\u00e9s, d\u00e9sinfect\u00e9s et pass\u00e9s \u00e0 la douche. Au-del\u00e0 des motifs hygi\u00e9niques, les SS visaient par cette proc\u00e9dure \u00e0 \u00f4ter toute intimit\u00e9 aux d\u00e9tenus et \u00e0 les humilier. Au d\u00e9but, les d\u00e9tenus d\u00e9j\u00e0 incarc\u00e9r\u00e9s \u00e9taient conduits \u00e0 la douche une fois par semaine, mais plus tard, ces douches devinrent moins fr\u00e9quentes.<\/p>\n<p>Apr\u00e8s la douche, rudoy\u00e9s par les SS, les d\u00e9tenus fra\u00eechement arriv\u00e9s recevaient en toute h\u00e2te un uniforme de d\u00e9tenu rarement \u00e0 leur taille. \u00c0 partir de 1938, l\u2019uniforme se composait d\u2019une veste, d\u2019un pantalon et d\u2019un calot en futaine, grossier tissu de coton amidonn\u00e9 bleu et blanc. Les chaussures \u00e9taient des galoches de bois avec une partie en toile de lin. Les prisonniers devaient coudre sur leur uniforme leur num\u00e9ro de matricule et un triangle. Introduits en 1938, ces triangles de tissu de couleur permettaient aux SS de r\u00e9partir les d\u00e9tenus en diff\u00e9rentes cat\u00e9gories. Le classement selon les groupes de d\u00e9tenus \u00e9tait fond\u00e9 sur le motif d\u2019incarc\u00e9ration retenu par la Gestapo ou la police judiciaire. Symboles de la terreur concentrationnaire, ces triangles entra\u00eenaient de la part des SS une stigmatisation des prisonniers, soumis \u00e0 une hi\u00e9rarchie dans laquelle les chances de survie \u00e9taient in\u00e9galement r\u00e9parties. Les SS jouaient sciemment sur ces cat\u00e9gories pour semer la discorde entre les groupes de d\u00e9tenus.<\/p>\n<p>Les d\u00e9tenus politiques se voyaient attribuer le triangle rouge. Les d\u00e9tenus juifs recevaient un triangle de couleur cousu sur un triangle jaune, formant ainsi une \u00e9toile de David. Les d\u00e9tenus de droit commun, appel\u00e9s \u00ab\u00a0criminels professionnels\u00a0\u00bb, devaient porter le triangle vert. Les \u00e9migrants allemands rapatri\u00e9s avaient un triangle bleu. Les T\u00e9moins de J\u00e9hovah \u2013 appel\u00e9s \u00ab\u00a0\u00c9tudiants de la Bible\u00a0\u00bb \u2013 \u00e9taient signal\u00e9s par un triangle violet. Les homosexuels \u00e9taient oblig\u00e9s de porter le triangle rose. Les d\u00e9tenus consid\u00e9r\u00e9s comme \u00ab\u00a0asociaux\u00a0\u00bb \u00e9taient stigmatis\u00e9s par les SS \u00e0 l\u2019aide du triangle noir.<\/p>\n<p>Dans les douches des d\u00e9tenus, les SS sanctionnaient les \u00ab\u00a0infractions\u00a0\u00bb au r\u00e8glement du camp. Sur le chevalet de bastonnade, les d\u00e9tenus recevaient des vol\u00e9es de coups de b\u00e2ton. Dans les ann\u00e9es 1941\/1942, les SS introduisirent le supplice appel\u00e9 \u00ab\u00a0Pfahlh\u00e4ngen\u00a0\u00bb, o\u00f9 le d\u00e9tenu \u00e9tait suspendu \u00e0 une poutre.<\/p>\n<p>Le plan de l\u2019ancienne salle de douches des d\u00e9tenus est rest\u00e9 inchang\u00e9. Le bassin d\u2019origine a \u00e9t\u00e9 d\u00e9gag\u00e9 lors du r\u00e9am\u00e9nagement de l\u2019exposition, mais les barreaux de bois ont \u00e9t\u00e9 reconstruits. Sur les piliers, une \u00e9tude historique de l\u2019architecture a mis au jour les points d\u2019ancrage o\u00f9 \u00e9taient fix\u00e9es les poutres auxquelles on suspendait les prisonniers condamn\u00e9s au \u00ab\u00a0Pfahlh\u00e4ngen\u00a0\u00bb. Au centre se trouve une r\u00e9plique du chevalet de bastonnade, datant de 1945, qui a servi aux d\u00e9monstrations lors des proc\u00e8s de Dachau.<\/p>\n","protected":false},"excerpt":{"rendered":"<p>Dans la salle des douches des d\u00e9tenus, les nouveaux arrivants \u00e9taient enti\u00e8rement ras\u00e9s, d\u00e9sinfect\u00e9s et pass\u00e9s \u00e0 la douche. Au-del\u00e0 des motifs hygi\u00e9niques, les SS visaient par cette proc\u00e9dure \u00e0 \u00f4ter toute intimit\u00e9 aux d\u00e9tenus et \u00e0 les humilier. Au d\u00e9but, les d\u00e9tenus d\u00e9j\u00e0 incarc\u00e9r\u00e9s \u00e9taient conduits \u00e0 la douche une fois par semaine, mais&#8230; <a class=\"view-article\" href=\"https:\/\/www.kz-gedenkstaette-dachau.de\/fr\/site-historique\/visite-virtuelle\/les-douches-des-detenus\/\">Voir l&rsquo;article<\/a><\/p>\n","protected":false},"author":1,"featured_media":0,"parent":62582,"menu_order":720,"comment_status":"closed","ping_status":"closed","template":"page-virtueller_rundgang_unterseite.php","meta":{"_acf_changed":false,"footnotes":""},"class_list":["post-56732","page","type-page","status-publish","hentry"],"acf":[],"yoast_head":"<!-- This site is optimized with the Yoast SEO plugin v27.4 - https:\/\/yoast.com\/product\/yoast-seo-wordpress\/ -->\n<title>Les douches des d\u00e9tenus - KZ Gedenkst\u00e4tte Dachau<\/title>\n<meta name=\"robots\" content=\"index, follow, max-snippet:-1, max-image-preview:large, max-video-preview:-1\" \/>\n<link rel=\"canonical\" href=\"https:\/\/www.kz-gedenkstaette-dachau.de\/fr\/site-historique\/visite-virtuelle\/les-douches-des-detenus\/\" \/>\n<meta property=\"og:locale\" content=\"fr_FR\" \/>\n<meta property=\"og:type\" content=\"article\" \/>\n<meta property=\"og:title\" content=\"Les douches des d\u00e9tenus - KZ Gedenkst\u00e4tte Dachau\" \/>\n<meta property=\"og:description\" content=\"Dans la salle des douches des d\u00e9tenus, les nouveaux arrivants \u00e9taient enti\u00e8rement ras\u00e9s, d\u00e9sinfect\u00e9s et pass\u00e9s \u00e0 la douche. Au-del\u00e0 des motifs hygi\u00e9niques, les SS visaient par cette proc\u00e9dure \u00e0 \u00f4ter toute intimit\u00e9 aux d\u00e9tenus et \u00e0 les humilier. Au d\u00e9but, les d\u00e9tenus d\u00e9j\u00e0 incarc\u00e9r\u00e9s \u00e9taient conduits \u00e0 la douche une fois par semaine, mais... Voir l&#039;article\" \/>\n<meta property=\"og:url\" content=\"https:\/\/www.kz-gedenkstaette-dachau.de\/fr\/site-historique\/visite-virtuelle\/les-douches-des-detenus\/\" \/>\n<meta property=\"og:site_name\" content=\"KZ Gedenkst\u00e4tte Dachau\" \/>\n<meta property=\"article:modified_time\" content=\"2025-08-22T12:05:26+00:00\" \/>\n<meta name=\"twitter:card\" content=\"summary_large_image\" \/>\n<meta name=\"twitter:label1\" content=\"Dur\u00e9e de lecture estim\u00e9e\" \/>\n\t<meta name=\"twitter:data1\" content=\"3 minutes\" \/>\n<script type=\"application\/ld+json\" class=\"yoast-schema-graph\">{\"@context\":\"https:\\\/\\\/schema.org\",\"@graph\":[{\"@type\":\"WebPage\",\"@id\":\"https:\\\/\\\/www.kz-gedenkstaette-dachau.de\\\/fr\\\/site-historique\\\/visite-virtuelle\\\/les-douches-des-detenus\\\/\",\"url\":\"https:\\\/\\\/www.kz-gedenkstaette-dachau.de\\\/fr\\\/site-historique\\\/visite-virtuelle\\\/les-douches-des-detenus\\\/\",\"name\":\"Les douches des d\u00e9tenus - KZ Gedenkst\u00e4tte Dachau\",\"isPartOf\":{\"@id\":\"https:\\\/\\\/www.kz-gedenkstaette-dachau.de\\\/#website\"},\"datePublished\":\"2018-09-04T10:39:42+00:00\",\"dateModified\":\"2025-08-22T12:05:26+00:00\",\"breadcrumb\":{\"@id\":\"https:\\\/\\\/www.kz-gedenkstaette-dachau.de\\\/fr\\\/site-historique\\\/visite-virtuelle\\\/les-douches-des-detenus\\\/#breadcrumb\"},\"inLanguage\":\"fr-FR\",\"potentialAction\":[{\"@type\":\"ReadAction\",\"target\":[\"https:\\\/\\\/www.kz-gedenkstaette-dachau.de\\\/fr\\\/site-historique\\\/visite-virtuelle\\\/les-douches-des-detenus\\\/\"]}]},{\"@type\":\"BreadcrumbList\",\"@id\":\"https:\\\/\\\/www.kz-gedenkstaette-dachau.de\\\/fr\\\/site-historique\\\/visite-virtuelle\\\/les-douches-des-detenus\\\/#breadcrumb\",\"itemListElement\":[{\"@type\":\"ListItem\",\"position\":1,\"name\":\"Page d'accueil\",\"item\":\"https:\\\/\\\/www.kz-gedenkstaette-dachau.de\\\/fr\\\/\"},{\"@type\":\"ListItem\",\"position\":2,\"name\":\"Site historique\",\"item\":\"https:\\\/\\\/www.kz-gedenkstaette-dachau.de\\\/fr\\\/site-historique\\\/\"},{\"@type\":\"ListItem\",\"position\":3,\"name\":\"Visite virtuelle\",\"item\":\"https:\\\/\\\/www.kz-gedenkstaette-dachau.de\\\/fr\\\/site-historique\\\/visite-virtuelle\\\/\"},{\"@type\":\"ListItem\",\"position\":4,\"name\":\"Les douches des d\u00e9tenus\"}]},{\"@type\":\"WebSite\",\"@id\":\"https:\\\/\\\/www.kz-gedenkstaette-dachau.de\\\/#website\",\"url\":\"https:\\\/\\\/www.kz-gedenkstaette-dachau.de\\\/\",\"name\":\"KZ Gedenkst\u00e4tte Dachau\",\"description\":\"\",\"potentialAction\":[{\"@type\":\"SearchAction\",\"target\":{\"@type\":\"EntryPoint\",\"urlTemplate\":\"https:\\\/\\\/www.kz-gedenkstaette-dachau.de\\\/?s={search_term_string}\"},\"query-input\":{\"@type\":\"PropertyValueSpecification\",\"valueRequired\":true,\"valueName\":\"search_term_string\"}}],\"inLanguage\":\"fr-FR\"}]}<\/script>\n<!-- \/ Yoast SEO plugin. -->","yoast_head_json":{"title":"Les douches des d\u00e9tenus - KZ Gedenkst\u00e4tte Dachau","robots":{"index":"index","follow":"follow","max-snippet":"max-snippet:-1","max-image-preview":"max-image-preview:large","max-video-preview":"max-video-preview:-1"},"canonical":"https:\/\/www.kz-gedenkstaette-dachau.de\/fr\/site-historique\/visite-virtuelle\/les-douches-des-detenus\/","og_locale":"fr_FR","og_type":"article","og_title":"Les douches des d\u00e9tenus - KZ Gedenkst\u00e4tte Dachau","og_description":"Dans la salle des douches des d\u00e9tenus, les nouveaux arrivants \u00e9taient enti\u00e8rement ras\u00e9s, d\u00e9sinfect\u00e9s et pass\u00e9s \u00e0 la douche. Au-del\u00e0 des motifs hygi\u00e9niques, les SS visaient par cette proc\u00e9dure \u00e0 \u00f4ter toute intimit\u00e9 aux d\u00e9tenus et \u00e0 les humilier. Au d\u00e9but, les d\u00e9tenus d\u00e9j\u00e0 incarc\u00e9r\u00e9s \u00e9taient conduits \u00e0 la douche une fois par semaine, mais... Voir l'article","og_url":"https:\/\/www.kz-gedenkstaette-dachau.de\/fr\/site-historique\/visite-virtuelle\/les-douches-des-detenus\/","og_site_name":"KZ Gedenkst\u00e4tte Dachau","article_modified_time":"2025-08-22T12:05:26+00:00","twitter_card":"summary_large_image","twitter_misc":{"Dur\u00e9e de lecture estim\u00e9e":"3 minutes"},"schema":{"@context":"https:\/\/schema.org","@graph":[{"@type":"WebPage","@id":"https:\/\/www.kz-gedenkstaette-dachau.de\/fr\/site-historique\/visite-virtuelle\/les-douches-des-detenus\/","url":"https:\/\/www.kz-gedenkstaette-dachau.de\/fr\/site-historique\/visite-virtuelle\/les-douches-des-detenus\/","name":"Les douches des d\u00e9tenus - KZ Gedenkst\u00e4tte Dachau","isPartOf":{"@id":"https:\/\/www.kz-gedenkstaette-dachau.de\/#website"},"datePublished":"2018-09-04T10:39:42+00:00","dateModified":"2025-08-22T12:05:26+00:00","breadcrumb":{"@id":"https:\/\/www.kz-gedenkstaette-dachau.de\/fr\/site-historique\/visite-virtuelle\/les-douches-des-detenus\/#breadcrumb"},"inLanguage":"fr-FR","potentialAction":[{"@type":"ReadAction","target":["https:\/\/www.kz-gedenkstaette-dachau.de\/fr\/site-historique\/visite-virtuelle\/les-douches-des-detenus\/"]}]},{"@type":"BreadcrumbList","@id":"https:\/\/www.kz-gedenkstaette-dachau.de\/fr\/site-historique\/visite-virtuelle\/les-douches-des-detenus\/#breadcrumb","itemListElement":[{"@type":"ListItem","position":1,"name":"Page d'accueil","item":"https:\/\/www.kz-gedenkstaette-dachau.de\/fr\/"},{"@type":"ListItem","position":2,"name":"Site historique","item":"https:\/\/www.kz-gedenkstaette-dachau.de\/fr\/site-historique\/"},{"@type":"ListItem","position":3,"name":"Visite virtuelle","item":"https:\/\/www.kz-gedenkstaette-dachau.de\/fr\/site-historique\/visite-virtuelle\/"},{"@type":"ListItem","position":4,"name":"Les douches des d\u00e9tenus"}]},{"@type":"WebSite","@id":"https:\/\/www.kz-gedenkstaette-dachau.de\/#website","url":"https:\/\/www.kz-gedenkstaette-dachau.de\/","name":"KZ Gedenkst\u00e4tte Dachau","description":"","potentialAction":[{"@type":"SearchAction","target":{"@type":"EntryPoint","urlTemplate":"https:\/\/www.kz-gedenkstaette-dachau.de\/?s={search_term_string}"},"query-input":{"@type":"PropertyValueSpecification","valueRequired":true,"valueName":"search_term_string"}}],"inLanguage":"fr-FR"}]}},"_links":{"self":[{"href":"https:\/\/www.kz-gedenkstaette-dachau.de\/fr\/wp-json\/wp\/v2\/pages\/56732","targetHints":{"allow":["GET"]}}],"collection":[{"href":"https:\/\/www.kz-gedenkstaette-dachau.de\/fr\/wp-json\/wp\/v2\/pages"}],"about":[{"href":"https:\/\/www.kz-gedenkstaette-dachau.de\/fr\/wp-json\/wp\/v2\/types\/page"}],"author":[{"embeddable":true,"href":"https:\/\/www.kz-gedenkstaette-dachau.de\/fr\/wp-json\/wp\/v2\/users\/1"}],"replies":[{"embeddable":true,"href":"https:\/\/www.kz-gedenkstaette-dachau.de\/fr\/wp-json\/wp\/v2\/comments?post=56732"}],"version-history":[{"count":1,"href":"https:\/\/www.kz-gedenkstaette-dachau.de\/fr\/wp-json\/wp\/v2\/pages\/56732\/revisions"}],"predecessor-version":[{"id":100089,"href":"https:\/\/www.kz-gedenkstaette-dachau.de\/fr\/wp-json\/wp\/v2\/pages\/56732\/revisions\/100089"}],"up":[{"embeddable":true,"href":"https:\/\/www.kz-gedenkstaette-dachau.de\/fr\/wp-json\/wp\/v2\/pages\/62582"}],"wp:attachment":[{"href":"https:\/\/www.kz-gedenkstaette-dachau.de\/fr\/wp-json\/wp\/v2\/media?parent=56732"}],"curies":[{"name":"wp","href":"https:\/\/api.w.org\/{rel}","templated":true}]}}