{"id":60345,"date":"2018-08-30T14:49:03","date_gmt":"2018-08-30T12:49:03","guid":{"rendered":"https:\/\/www.kz-gedenkstaette-dachau.de\/historischer-ort\/"},"modified":"2020-02-07T17:33:59","modified_gmt":"2020-02-07T16:33:59","slug":"site-historique","status":"publish","type":"page","link":"https:\/\/www.kz-gedenkstaette-dachau.de\/fr\/site-historique\/","title":{"rendered":"Site historique"},"content":{"rendered":"<h1>Site historique et m\u00e9morial<\/h1>\n<p>Le 22 mars 1933, le r\u00e9gime national-socialiste ouvrit un camp de concentration sur le terrain de l\u2019usine royale bavaroise de poudre et de munitions d\u00e9saffect\u00e9e de Dachau. Ce lieu de d\u00e9tention et de terreur exista pendant douze ans. Plus de 200 000 prisonniers originaires de plus de 40 nations furent intern\u00e9s dans le camp de Dachau et ses camps ext\u00e9rieurs ; 41 500 personnes au moins y moururent de faim, de maladies, de torture, des suites de leur d\u00e9tention ou y furent assassin\u00e9es.<\/p>\n<p>Apr\u00e8s la lib\u00e9ration des prisonniers par des unit\u00e9s de l\u2019US Army, le 29 avril 1945, le commandement militaire am\u00e9ricain transforma l\u2019ancien camp des d\u00e9tenus en un camp pour personnes d\u00e9plac\u00e9es. \u00c0 partir de juillet 1945 y fut \u00e9rig\u00e9 un camp d\u2019internement pour criminels nazis ; en 1948, le gouvernement de l\u00b4Etat de Bavi\u00e8re y installa un camp de r\u00e9fugi\u00e9s.<\/p>\n<p>Gr\u00e2ce \u00e0 l\u2019initiative des survivants, qui s\u2019\u00e9taient regroup\u00e9s en 1955 dans le Comit\u00e9 International de Dachau (CID), l\u2019ancien camp des d\u00e9tenus a pu \u00eatre transform\u00e9 en un lieu de m\u00e9moire et de souvenir. En mai 1965, le m\u00e9morial du camp de Dachau fut inaugur\u00e9 avec une premi\u00e8re exposition documentaire.<\/p>\n<p>Le m\u00e9morial du camp de Dachau fut repens\u00e9 \u00e0 partir de 1997. Une nouvelle exposition permanente put \u00eatre inaugur\u00e9e en 2003. Le leitmotiv de l\u2019exposition, qui est toujours en place aujourd\u2019hui, retrace \u00ab\u00a0le chemin des d\u00e9tenus\u00a0\u00bb. Le destin des d\u00e9tenus est reconstitu\u00e9 depuis leur incarc\u00e9ration jusqu\u00b4\u00e0 la lib\u00e9ration, en couvrant les th\u00e8mes de la vie, la souffrance et la mort dans le camp.<\/p>\n<p>Le gouvernement bavarois confia en 2003 la gestion du m\u00e9morial du camp de Dachau ainsi que de celui de Flossenb\u00fcrg \u00e0 la Fondation des m\u00e9moriaux bavarois nouvellement cr\u00e9\u00e9e. La mission de la fondation consiste \u00e0 pr\u00e9server et \u00e0 concevoir les m\u00e9moriaux comme lieux d\u2019apprentissage et de souvenir pour les g\u00e9n\u00e9rations futures.<\/p>\n<p>Le but du m\u00e9morial du camp de Dachau est, aujourd\u2019hui encore, de comm\u00e9morer la souffrance et la mort des d\u00e9tenus et d\u2019encourager la r\u00e9flexion sur les crimes nationaux-socialistes.<\/p>\n","protected":false},"excerpt":{"rendered":"<p>Site historique et m\u00e9morial Le 22 mars 1933, le r\u00e9gime national-socialiste ouvrit un camp de concentration sur le terrain de l\u2019usine royale bavaroise de poudre et de munitions d\u00e9saffect\u00e9e de Dachau. Ce lieu de d\u00e9tention et de terreur exista pendant douze ans. Plus de 200 000 prisonniers originaires de plus de 40 nations furent intern\u00e9s&#8230; <a class=\"view-article\" href=\"https:\/\/www.kz-gedenkstaette-dachau.de\/fr\/site-historique\/\">Voir l&rsquo;article<\/a><\/p>\n","protected":false},"author":1,"featured_media":0,"parent":0,"menu_order":300,"comment_status":"closed","ping_status":"closed","template":"","meta":{"_acf_changed":false,"footnotes":""},"class_list":["post-60345","page","type-page","status-publish","hentry"],"acf":[],"yoast_head":"<!-- This site is optimized with the Yoast SEO plugin v27.3 - https:\/\/yoast.com\/product\/yoast-seo-wordpress\/ -->\n<title>Site historique - KZ Gedenkst\u00e4tte Dachau<\/title>\n<meta name=\"robots\" content=\"index, follow, max-snippet:-1, max-image-preview:large, max-video-preview:-1\" \/>\n<link rel=\"canonical\" href=\"https:\/\/www.kz-gedenkstaette-dachau.de\/fr\/site-historique\/\" \/>\n<meta property=\"og:locale\" content=\"fr_FR\" \/>\n<meta property=\"og:type\" content=\"article\" \/>\n<meta property=\"og:title\" content=\"Site historique - KZ Gedenkst\u00e4tte Dachau\" \/>\n<meta property=\"og:description\" content=\"Site historique et m\u00e9morial Le 22 mars 1933, le r\u00e9gime national-socialiste ouvrit un camp de concentration sur le terrain de l\u2019usine royale bavaroise de poudre et de munitions d\u00e9saffect\u00e9e de Dachau. Ce lieu de d\u00e9tention et de terreur exista pendant douze ans. Plus de 200 000 prisonniers originaires de plus de 40 nations furent intern\u00e9s... Voir l&#039;article\" \/>\n<meta property=\"og:url\" content=\"https:\/\/www.kz-gedenkstaette-dachau.de\/fr\/site-historique\/\" \/>\n<meta property=\"og:site_name\" content=\"KZ Gedenkst\u00e4tte Dachau\" \/>\n<meta property=\"article:modified_time\" content=\"2020-02-07T16:33:59+00:00\" \/>\n<meta name=\"twitter:card\" content=\"summary_large_image\" \/>\n<meta name=\"twitter:label1\" content=\"Dur\u00e9e de lecture estim\u00e9e\" \/>\n\t<meta name=\"twitter:data1\" content=\"2 minutes\" \/>\n<script type=\"application\/ld+json\" class=\"yoast-schema-graph\">{\"@context\":\"https:\\\/\\\/schema.org\",\"@graph\":[{\"@type\":\"WebPage\",\"@id\":\"https:\\\/\\\/www.kz-gedenkstaette-dachau.de\\\/fr\\\/site-historique\\\/\",\"url\":\"https:\\\/\\\/www.kz-gedenkstaette-dachau.de\\\/fr\\\/site-historique\\\/\",\"name\":\"Site historique - KZ Gedenkst\u00e4tte Dachau\",\"isPartOf\":{\"@id\":\"https:\\\/\\\/www.kz-gedenkstaette-dachau.de\\\/#website\"},\"datePublished\":\"2018-08-30T12:49:03+00:00\",\"dateModified\":\"2020-02-07T16:33:59+00:00\",\"breadcrumb\":{\"@id\":\"https:\\\/\\\/www.kz-gedenkstaette-dachau.de\\\/fr\\\/site-historique\\\/#breadcrumb\"},\"inLanguage\":\"fr-FR\",\"potentialAction\":[{\"@type\":\"ReadAction\",\"target\":[\"https:\\\/\\\/www.kz-gedenkstaette-dachau.de\\\/fr\\\/site-historique\\\/\"]}]},{\"@type\":\"BreadcrumbList\",\"@id\":\"https:\\\/\\\/www.kz-gedenkstaette-dachau.de\\\/fr\\\/site-historique\\\/#breadcrumb\",\"itemListElement\":[{\"@type\":\"ListItem\",\"position\":1,\"name\":\"Page d'accueil\",\"item\":\"https:\\\/\\\/www.kz-gedenkstaette-dachau.de\\\/fr\\\/\"},{\"@type\":\"ListItem\",\"position\":2,\"name\":\"Site historique\"}]},{\"@type\":\"WebSite\",\"@id\":\"https:\\\/\\\/www.kz-gedenkstaette-dachau.de\\\/#website\",\"url\":\"https:\\\/\\\/www.kz-gedenkstaette-dachau.de\\\/\",\"name\":\"KZ Gedenkst\u00e4tte Dachau\",\"description\":\"\",\"potentialAction\":[{\"@type\":\"SearchAction\",\"target\":{\"@type\":\"EntryPoint\",\"urlTemplate\":\"https:\\\/\\\/www.kz-gedenkstaette-dachau.de\\\/?s={search_term_string}\"},\"query-input\":{\"@type\":\"PropertyValueSpecification\",\"valueRequired\":true,\"valueName\":\"search_term_string\"}}],\"inLanguage\":\"fr-FR\"}]}<\/script>\n<!-- \/ Yoast SEO plugin. -->","yoast_head_json":{"title":"Site historique - KZ Gedenkst\u00e4tte Dachau","robots":{"index":"index","follow":"follow","max-snippet":"max-snippet:-1","max-image-preview":"max-image-preview:large","max-video-preview":"max-video-preview:-1"},"canonical":"https:\/\/www.kz-gedenkstaette-dachau.de\/fr\/site-historique\/","og_locale":"fr_FR","og_type":"article","og_title":"Site historique - KZ Gedenkst\u00e4tte Dachau","og_description":"Site historique et m\u00e9morial Le 22 mars 1933, le r\u00e9gime national-socialiste ouvrit un camp de concentration sur le terrain de l\u2019usine royale bavaroise de poudre et de munitions d\u00e9saffect\u00e9e de Dachau. Ce lieu de d\u00e9tention et de terreur exista pendant douze ans. Plus de 200 000 prisonniers originaires de plus de 40 nations furent intern\u00e9s... Voir l'article","og_url":"https:\/\/www.kz-gedenkstaette-dachau.de\/fr\/site-historique\/","og_site_name":"KZ Gedenkst\u00e4tte Dachau","article_modified_time":"2020-02-07T16:33:59+00:00","twitter_card":"summary_large_image","twitter_misc":{"Dur\u00e9e de lecture estim\u00e9e":"2 minutes"},"schema":{"@context":"https:\/\/schema.org","@graph":[{"@type":"WebPage","@id":"https:\/\/www.kz-gedenkstaette-dachau.de\/fr\/site-historique\/","url":"https:\/\/www.kz-gedenkstaette-dachau.de\/fr\/site-historique\/","name":"Site historique - KZ Gedenkst\u00e4tte Dachau","isPartOf":{"@id":"https:\/\/www.kz-gedenkstaette-dachau.de\/#website"},"datePublished":"2018-08-30T12:49:03+00:00","dateModified":"2020-02-07T16:33:59+00:00","breadcrumb":{"@id":"https:\/\/www.kz-gedenkstaette-dachau.de\/fr\/site-historique\/#breadcrumb"},"inLanguage":"fr-FR","potentialAction":[{"@type":"ReadAction","target":["https:\/\/www.kz-gedenkstaette-dachau.de\/fr\/site-historique\/"]}]},{"@type":"BreadcrumbList","@id":"https:\/\/www.kz-gedenkstaette-dachau.de\/fr\/site-historique\/#breadcrumb","itemListElement":[{"@type":"ListItem","position":1,"name":"Page d'accueil","item":"https:\/\/www.kz-gedenkstaette-dachau.de\/fr\/"},{"@type":"ListItem","position":2,"name":"Site historique"}]},{"@type":"WebSite","@id":"https:\/\/www.kz-gedenkstaette-dachau.de\/#website","url":"https:\/\/www.kz-gedenkstaette-dachau.de\/","name":"KZ Gedenkst\u00e4tte Dachau","description":"","potentialAction":[{"@type":"SearchAction","target":{"@type":"EntryPoint","urlTemplate":"https:\/\/www.kz-gedenkstaette-dachau.de\/?s={search_term_string}"},"query-input":{"@type":"PropertyValueSpecification","valueRequired":true,"valueName":"search_term_string"}}],"inLanguage":"fr-FR"}]}},"_links":{"self":[{"href":"https:\/\/www.kz-gedenkstaette-dachau.de\/fr\/wp-json\/wp\/v2\/pages\/60345","targetHints":{"allow":["GET"]}}],"collection":[{"href":"https:\/\/www.kz-gedenkstaette-dachau.de\/fr\/wp-json\/wp\/v2\/pages"}],"about":[{"href":"https:\/\/www.kz-gedenkstaette-dachau.de\/fr\/wp-json\/wp\/v2\/types\/page"}],"author":[{"embeddable":true,"href":"https:\/\/www.kz-gedenkstaette-dachau.de\/fr\/wp-json\/wp\/v2\/users\/1"}],"replies":[{"embeddable":true,"href":"https:\/\/www.kz-gedenkstaette-dachau.de\/fr\/wp-json\/wp\/v2\/comments?post=60345"}],"version-history":[{"count":0,"href":"https:\/\/www.kz-gedenkstaette-dachau.de\/fr\/wp-json\/wp\/v2\/pages\/60345\/revisions"}],"wp:attachment":[{"href":"https:\/\/www.kz-gedenkstaette-dachau.de\/fr\/wp-json\/wp\/v2\/media?parent=60345"}],"curies":[{"name":"wp","href":"https:\/\/api.w.org\/{rel}","templated":true}]}}