{"id":63705,"date":"2018-09-04T09:29:59","date_gmt":"2018-09-04T07:29:59","guid":{"rendered":"https:\/\/www.kz-gedenkstaette-dachau.de\/site-historique\/visite-virtuelle\/politische-abteilung\/"},"modified":"2020-02-29T12:34:19","modified_gmt":"2020-02-29T11:34:19","slug":"section-politique","status":"publish","type":"page","link":"https:\/\/www.kz-gedenkstaette-dachau.de\/fr\/site-historique\/visite-virtuelle\/section-politique\/","title":{"rendered":"La section politique"},"content":{"rendered":"<p class=\"western\"><span lang=\"fr-FR\">Sur le chemin allant du centre des visiteurs au <\/span><span lang=\"fr-FR\"><i>Jourhaus<\/i><\/span><span lang=\"fr-FR\">, huit corni\u00e8res m\u00e9talliques marquent l\u2019ancien emplacement d\u2019un b\u00e2timent historique : le b\u00e2timent tout en longueur de la Section politique de la <\/span><span lang=\"fr-FR\"><i>Geheime Staatspolizei<\/i><\/span><span lang=\"fr-FR\"> (Gestapo).<\/span><\/p>\n<p class=\"western\"><span lang=\"fr-FR\">En r\u00e8gle g\u00e9n\u00e9rale, la proc\u00e9dure d\u2019admission, traumatisante pour les nouveaux d\u00e9tenus, d\u00e9butait dans les locaux de ce b\u00e2timent. La Section politique recueillait les donn\u00e9es personnelles des nouveaux arrivants, <\/span><span lang=\"fr-FR\">les photographiait<\/span><span lang=\"fr-FR\">, cr\u00e9ait les dossiers des d\u00e9tenus et leur attribuait des num\u00e9ros. Pour chaque prisonnier, elle enregistrait l\u2019admission, le transfert dans d\u2019autres camps, la lib\u00e9ration ou la mort. En plus de cela, la Section politique faisait passer, souvent sous la torture, des interrogatoires aux d\u00e9tenus.<\/span><\/p>\n","protected":false},"excerpt":{"rendered":"<p>Sur le chemin allant du centre des visiteurs au Jourhaus, huit corni\u00e8res m\u00e9talliques marquent l\u2019ancien emplacement d\u2019un b\u00e2timent historique : le b\u00e2timent tout en longueur de la Section politique de la Geheime Staatspolizei (Gestapo). En r\u00e8gle g\u00e9n\u00e9rale, la proc\u00e9dure d\u2019admission, traumatisante pour les nouveaux d\u00e9tenus, d\u00e9butait dans les locaux de ce b\u00e2timent. La Section politique&#8230; <a class=\"view-article\" href=\"https:\/\/www.kz-gedenkstaette-dachau.de\/fr\/site-historique\/visite-virtuelle\/section-politique\/\">Voir l&rsquo;article<\/a><\/p>\n","protected":false},"author":1,"featured_media":0,"parent":62582,"menu_order":200,"comment_status":"closed","ping_status":"closed","template":"page-virtueller_rundgang_unterseite.php","meta":{"_acf_changed":false,"footnotes":""},"class_list":["post-63705","page","type-page","status-publish","hentry"],"acf":[],"yoast_head":"<!-- This site is optimized with the Yoast SEO plugin v27.4 - https:\/\/yoast.com\/product\/yoast-seo-wordpress\/ -->\n<title>La section politique - KZ Gedenkst\u00e4tte Dachau<\/title>\n<meta name=\"robots\" content=\"index, follow, max-snippet:-1, max-image-preview:large, max-video-preview:-1\" \/>\n<link rel=\"canonical\" href=\"https:\/\/www.kz-gedenkstaette-dachau.de\/fr\/site-historique\/visite-virtuelle\/section-politique\/\" \/>\n<meta property=\"og:locale\" content=\"fr_FR\" \/>\n<meta property=\"og:type\" content=\"article\" \/>\n<meta property=\"og:title\" content=\"La section politique - KZ Gedenkst\u00e4tte Dachau\" \/>\n<meta property=\"og:description\" content=\"Sur le chemin allant du centre des visiteurs au Jourhaus, huit corni\u00e8res m\u00e9talliques marquent l\u2019ancien emplacement d\u2019un b\u00e2timent historique : le b\u00e2timent tout en longueur de la Section politique de la Geheime Staatspolizei (Gestapo). En r\u00e8gle g\u00e9n\u00e9rale, la proc\u00e9dure d\u2019admission, traumatisante pour les nouveaux d\u00e9tenus, d\u00e9butait dans les locaux de ce b\u00e2timent. La Section politique... Voir l&#039;article\" \/>\n<meta property=\"og:url\" content=\"https:\/\/www.kz-gedenkstaette-dachau.de\/fr\/site-historique\/visite-virtuelle\/section-politique\/\" \/>\n<meta property=\"og:site_name\" content=\"KZ Gedenkst\u00e4tte Dachau\" \/>\n<meta property=\"article:modified_time\" content=\"2020-02-29T11:34:19+00:00\" \/>\n<meta name=\"twitter:card\" content=\"summary_large_image\" \/>\n<meta name=\"twitter:label1\" content=\"Dur\u00e9e de lecture estim\u00e9e\" \/>\n\t<meta name=\"twitter:data1\" content=\"1 minute\" \/>\n<script type=\"application\/ld+json\" class=\"yoast-schema-graph\">{\"@context\":\"https:\\\/\\\/schema.org\",\"@graph\":[{\"@type\":\"WebPage\",\"@id\":\"https:\\\/\\\/www.kz-gedenkstaette-dachau.de\\\/fr\\\/site-historique\\\/visite-virtuelle\\\/section-politique\\\/\",\"url\":\"https:\\\/\\\/www.kz-gedenkstaette-dachau.de\\\/fr\\\/site-historique\\\/visite-virtuelle\\\/section-politique\\\/\",\"name\":\"La section politique - KZ Gedenkst\u00e4tte Dachau\",\"isPartOf\":{\"@id\":\"https:\\\/\\\/www.kz-gedenkstaette-dachau.de\\\/#website\"},\"datePublished\":\"2018-09-04T07:29:59+00:00\",\"dateModified\":\"2020-02-29T11:34:19+00:00\",\"breadcrumb\":{\"@id\":\"https:\\\/\\\/www.kz-gedenkstaette-dachau.de\\\/fr\\\/site-historique\\\/visite-virtuelle\\\/section-politique\\\/#breadcrumb\"},\"inLanguage\":\"fr-FR\",\"potentialAction\":[{\"@type\":\"ReadAction\",\"target\":[\"https:\\\/\\\/www.kz-gedenkstaette-dachau.de\\\/fr\\\/site-historique\\\/visite-virtuelle\\\/section-politique\\\/\"]}]},{\"@type\":\"BreadcrumbList\",\"@id\":\"https:\\\/\\\/www.kz-gedenkstaette-dachau.de\\\/fr\\\/site-historique\\\/visite-virtuelle\\\/section-politique\\\/#breadcrumb\",\"itemListElement\":[{\"@type\":\"ListItem\",\"position\":1,\"name\":\"Page d'accueil\",\"item\":\"https:\\\/\\\/www.kz-gedenkstaette-dachau.de\\\/fr\\\/\"},{\"@type\":\"ListItem\",\"position\":2,\"name\":\"Site historique\",\"item\":\"https:\\\/\\\/www.kz-gedenkstaette-dachau.de\\\/fr\\\/site-historique\\\/\"},{\"@type\":\"ListItem\",\"position\":3,\"name\":\"Visite virtuelle\",\"item\":\"https:\\\/\\\/www.kz-gedenkstaette-dachau.de\\\/fr\\\/site-historique\\\/visite-virtuelle\\\/\"},{\"@type\":\"ListItem\",\"position\":4,\"name\":\"La section politique\"}]},{\"@type\":\"WebSite\",\"@id\":\"https:\\\/\\\/www.kz-gedenkstaette-dachau.de\\\/#website\",\"url\":\"https:\\\/\\\/www.kz-gedenkstaette-dachau.de\\\/\",\"name\":\"KZ Gedenkst\u00e4tte Dachau\",\"description\":\"\",\"potentialAction\":[{\"@type\":\"SearchAction\",\"target\":{\"@type\":\"EntryPoint\",\"urlTemplate\":\"https:\\\/\\\/www.kz-gedenkstaette-dachau.de\\\/?s={search_term_string}\"},\"query-input\":{\"@type\":\"PropertyValueSpecification\",\"valueRequired\":true,\"valueName\":\"search_term_string\"}}],\"inLanguage\":\"fr-FR\"}]}<\/script>\n<!-- \/ Yoast SEO plugin. -->","yoast_head_json":{"title":"La section politique - KZ Gedenkst\u00e4tte Dachau","robots":{"index":"index","follow":"follow","max-snippet":"max-snippet:-1","max-image-preview":"max-image-preview:large","max-video-preview":"max-video-preview:-1"},"canonical":"https:\/\/www.kz-gedenkstaette-dachau.de\/fr\/site-historique\/visite-virtuelle\/section-politique\/","og_locale":"fr_FR","og_type":"article","og_title":"La section politique - KZ Gedenkst\u00e4tte Dachau","og_description":"Sur le chemin allant du centre des visiteurs au Jourhaus, huit corni\u00e8res m\u00e9talliques marquent l\u2019ancien emplacement d\u2019un b\u00e2timent historique : le b\u00e2timent tout en longueur de la Section politique de la Geheime Staatspolizei (Gestapo). En r\u00e8gle g\u00e9n\u00e9rale, la proc\u00e9dure d\u2019admission, traumatisante pour les nouveaux d\u00e9tenus, d\u00e9butait dans les locaux de ce b\u00e2timent. La Section politique... Voir l'article","og_url":"https:\/\/www.kz-gedenkstaette-dachau.de\/fr\/site-historique\/visite-virtuelle\/section-politique\/","og_site_name":"KZ Gedenkst\u00e4tte Dachau","article_modified_time":"2020-02-29T11:34:19+00:00","twitter_card":"summary_large_image","twitter_misc":{"Dur\u00e9e de lecture estim\u00e9e":"1 minute"},"schema":{"@context":"https:\/\/schema.org","@graph":[{"@type":"WebPage","@id":"https:\/\/www.kz-gedenkstaette-dachau.de\/fr\/site-historique\/visite-virtuelle\/section-politique\/","url":"https:\/\/www.kz-gedenkstaette-dachau.de\/fr\/site-historique\/visite-virtuelle\/section-politique\/","name":"La section politique - KZ Gedenkst\u00e4tte Dachau","isPartOf":{"@id":"https:\/\/www.kz-gedenkstaette-dachau.de\/#website"},"datePublished":"2018-09-04T07:29:59+00:00","dateModified":"2020-02-29T11:34:19+00:00","breadcrumb":{"@id":"https:\/\/www.kz-gedenkstaette-dachau.de\/fr\/site-historique\/visite-virtuelle\/section-politique\/#breadcrumb"},"inLanguage":"fr-FR","potentialAction":[{"@type":"ReadAction","target":["https:\/\/www.kz-gedenkstaette-dachau.de\/fr\/site-historique\/visite-virtuelle\/section-politique\/"]}]},{"@type":"BreadcrumbList","@id":"https:\/\/www.kz-gedenkstaette-dachau.de\/fr\/site-historique\/visite-virtuelle\/section-politique\/#breadcrumb","itemListElement":[{"@type":"ListItem","position":1,"name":"Page d'accueil","item":"https:\/\/www.kz-gedenkstaette-dachau.de\/fr\/"},{"@type":"ListItem","position":2,"name":"Site historique","item":"https:\/\/www.kz-gedenkstaette-dachau.de\/fr\/site-historique\/"},{"@type":"ListItem","position":3,"name":"Visite virtuelle","item":"https:\/\/www.kz-gedenkstaette-dachau.de\/fr\/site-historique\/visite-virtuelle\/"},{"@type":"ListItem","position":4,"name":"La section politique"}]},{"@type":"WebSite","@id":"https:\/\/www.kz-gedenkstaette-dachau.de\/#website","url":"https:\/\/www.kz-gedenkstaette-dachau.de\/","name":"KZ Gedenkst\u00e4tte Dachau","description":"","potentialAction":[{"@type":"SearchAction","target":{"@type":"EntryPoint","urlTemplate":"https:\/\/www.kz-gedenkstaette-dachau.de\/?s={search_term_string}"},"query-input":{"@type":"PropertyValueSpecification","valueRequired":true,"valueName":"search_term_string"}}],"inLanguage":"fr-FR"}]}},"_links":{"self":[{"href":"https:\/\/www.kz-gedenkstaette-dachau.de\/fr\/wp-json\/wp\/v2\/pages\/63705","targetHints":{"allow":["GET"]}}],"collection":[{"href":"https:\/\/www.kz-gedenkstaette-dachau.de\/fr\/wp-json\/wp\/v2\/pages"}],"about":[{"href":"https:\/\/www.kz-gedenkstaette-dachau.de\/fr\/wp-json\/wp\/v2\/types\/page"}],"author":[{"embeddable":true,"href":"https:\/\/www.kz-gedenkstaette-dachau.de\/fr\/wp-json\/wp\/v2\/users\/1"}],"replies":[{"embeddable":true,"href":"https:\/\/www.kz-gedenkstaette-dachau.de\/fr\/wp-json\/wp\/v2\/comments?post=63705"}],"version-history":[{"count":0,"href":"https:\/\/www.kz-gedenkstaette-dachau.de\/fr\/wp-json\/wp\/v2\/pages\/63705\/revisions"}],"up":[{"embeddable":true,"href":"https:\/\/www.kz-gedenkstaette-dachau.de\/fr\/wp-json\/wp\/v2\/pages\/62582"}],"wp:attachment":[{"href":"https:\/\/www.kz-gedenkstaette-dachau.de\/fr\/wp-json\/wp\/v2\/media?parent=63705"}],"curies":[{"name":"wp","href":"https:\/\/api.w.org\/{rel}","templated":true}]}}