{"id":63813,"date":"2018-09-04T12:34:47","date_gmt":"2018-09-04T10:34:47","guid":{"rendered":"https:\/\/www.kz-gedenkstaette-dachau.de\/site-historique\/visite-virtuelle\/ss-lager\/"},"modified":"2020-02-29T12:25:56","modified_gmt":"2020-02-29T11:25:56","slug":"camp-ss","status":"publish","type":"page","link":"https:\/\/www.kz-gedenkstaette-dachau.de\/fr\/site-historique\/visite-virtuelle\/camp-ss\/","title":{"rendered":"Le camp SS"},"content":{"rendered":"<p class=\"western\"><span lang=\"fr-FR\">La plus grande partie d<\/span><span lang=\"fr-FR\">u site d<\/span><span lang=\"fr-FR\">e l\u2019ancien camp de Dachau &#8211; l\u2019ancien camp SS &#8211; n\u2019est pas accessible au public. <\/span><span lang=\"fr-FR\">Il<\/span><span lang=\"fr-FR\"> est utilis\u00e9 par la <\/span><span lang=\"nl-NL\">p<\/span><span lang=\"fr-FR\">olice <\/span><span lang=\"fr-FR\">anti-\u00e9meutes <\/span><span lang=\"fr-FR\">bavaroise. <\/span><span lang=\"nl-NL\">L\u2019espace entre les deux talus<\/span> <span lang=\"fr-FR\">permet<\/span><span lang=\"fr-FR\"> aux visiteurs <\/span><span lang=\"fr-FR\">d\u2019avoir <\/span><span lang=\"fr-FR\">un aper\u00e7u <\/span><span lang=\"fr-FR\">sur d\u2019important<\/span><span lang=\"fr-FR\">s <\/span><span lang=\"fr-FR\">aspects<\/span><span lang=\"fr-FR\"> de la topographie de l\u2019ancien camp de concentration.<\/span><\/p>\n<p class=\"western\"><span lang=\"fr-FR\">On peut voir une partie de l\u2019ancien<\/span><span lang=\"fr-FR\">ne zone <\/span><span lang=\"fr-FR\">de la Kommandantur, qui se trouvait juste \u00e0 c\u00f4t\u00e9 du camp de<\/span><span lang=\"fr-FR\">s<\/span><span lang=\"fr-FR\"> d\u00e9tenus. Ont \u00e9t\u00e9 conserv\u00e9es jusqu\u2019\u00e0 aujourd\u2019hui l\u2019ancienne boulangerie du camp (<\/span><span lang=\"nl-NL\">\u00e0 <\/span><span lang=\"fr-FR\">gauche) et la Kommandantur (<\/span><span lang=\"nl-NL\">\u00e0 <\/span><span lang=\"fr-FR\">droite). Depuis s<\/span><span lang=\"fr-FR\">es bureaux<\/span><span lang=\"fr-FR\">, le commandant <\/span><span lang=\"fr-FR\">transmettait<\/span><span lang=\"fr-FR\"> ses ordres aux troupes charg\u00e9es de la surveillance et dirigeait l<\/span><span lang=\"fr-FR\">e centre d\u2019administration<\/span><span lang=\"fr-FR\"> du camp de concentration, l\u2019<\/span><span lang=\"nl-NL\">\u00c9<\/span><span lang=\"fr-FR\">tat-major de la Kommandantur. Cet organe de direction fut le principal responsable des crimes commis dans le camp. Dans l<\/span><span lang=\"nl-NL\">e secteur <\/span><span lang=\"fr-FR\">de la Kommandantur se trouvaient aussi les logements des sentinelles SS en armes, qui <\/span><span lang=\"fr-FR\">\u00e9taient post\u00e9es dans<\/span><span lang=\"fr-FR\"> les miradors, surveillaient les Kommandos de travail <\/span><span lang=\"fr-FR\">et<\/span><span lang=\"fr-FR\">, \u00e0 partir de 1940, le<\/span><span lang=\"nl-NL\"> site <\/span><span lang=\"fr-FR\">des<\/span><span lang=\"nl-NL\"> cr\u00e9matorium<\/span><span lang=\"fr-FR\">s.<\/span><\/p>\n<p class=\"western\"><span lang=\"fr-FR\">Le camp d\u2019entra\u00eenement SS <\/span><span lang=\"fr-FR\">se situait derr<\/span><span lang=\"fr-FR\">i\u00e8re <\/span><span lang=\"fr-FR\">le<\/span><span lang=\"nl-NL\"> secteur <\/span><span lang=\"fr-FR\">de la Kommandantur. C\u2019est l\u00e0 qu\u2019\u00e9taient stationn\u00e9es les unit\u00e9s SS qui venaient \u00e0 Dachau pour entamer ou <\/span><span lang=\"fr-FR\">poursuivre<\/span><span lang=\"fr-FR\"> leur formation militaire et id\u00e9ologique. Le r\u00e9gime nazi <\/span><span lang=\"fr-FR\">fit des<\/span><span lang=\"fr-FR\"> SS une organisation d\u2019\u00e9lite et une troupe de combat militaire. Le site h\u00e9bergea<\/span><span lang=\"fr-FR\">it<\/span><span lang=\"fr-FR\"> divers centres de formations, <\/span><span lang=\"fr-FR\">des <\/span><span lang=\"fr-FR\">lotissements, <\/span><span lang=\"fr-FR\">des<\/span><span lang=\"fr-FR\"> b\u00e2timents administratifs ainsi que des entreprises de ravitaillement et de<\/span><span lang=\"fr-FR\">s usines<\/span><span lang=\"fr-FR\">. Les d\u00e9tenus <\/span><span lang=\"fr-FR\">devaient travailler <\/span><span lang=\"fr-FR\">sur les chantiers de construction et dans les usines du camp SS.<\/span><\/p>\n","protected":false},"excerpt":{"rendered":"<p>La plus grande partie du site de l\u2019ancien camp de Dachau &#8211; l\u2019ancien camp SS &#8211; n\u2019est pas accessible au public. Il est utilis\u00e9 par la police anti-\u00e9meutes bavaroise. L\u2019espace entre les deux talus permet aux visiteurs d\u2019avoir un aper\u00e7u sur d\u2019importants aspects de la topographie de l\u2019ancien camp de concentration. On peut voir une&#8230; <a class=\"view-article\" href=\"https:\/\/www.kz-gedenkstaette-dachau.de\/fr\/site-historique\/visite-virtuelle\/camp-ss\/\">Voir l&rsquo;article<\/a><\/p>\n","protected":false},"author":1,"featured_media":0,"parent":62582,"menu_order":400,"comment_status":"closed","ping_status":"closed","template":"page-virtueller_rundgang_unterseite.php","meta":{"_acf_changed":false,"footnotes":""},"class_list":["post-63813","page","type-page","status-publish","hentry"],"acf":[],"yoast_head":"<!-- This site is optimized with the Yoast SEO plugin v27.4 - https:\/\/yoast.com\/product\/yoast-seo-wordpress\/ -->\n<title>Le camp SS - KZ Gedenkst\u00e4tte Dachau<\/title>\n<meta name=\"robots\" content=\"index, follow, max-snippet:-1, max-image-preview:large, max-video-preview:-1\" \/>\n<link rel=\"canonical\" href=\"https:\/\/www.kz-gedenkstaette-dachau.de\/fr\/site-historique\/visite-virtuelle\/camp-ss\/\" \/>\n<meta property=\"og:locale\" content=\"fr_FR\" \/>\n<meta property=\"og:type\" content=\"article\" \/>\n<meta property=\"og:title\" content=\"Le camp SS - KZ Gedenkst\u00e4tte Dachau\" \/>\n<meta property=\"og:description\" content=\"La plus grande partie du site de l\u2019ancien camp de Dachau &#8211; l\u2019ancien camp SS &#8211; n\u2019est pas accessible au public. Il est utilis\u00e9 par la police anti-\u00e9meutes bavaroise. L\u2019espace entre les deux talus permet aux visiteurs d\u2019avoir un aper\u00e7u sur d\u2019importants aspects de la topographie de l\u2019ancien camp de concentration. On peut voir une... Voir l&#039;article\" \/>\n<meta property=\"og:url\" content=\"https:\/\/www.kz-gedenkstaette-dachau.de\/fr\/site-historique\/visite-virtuelle\/camp-ss\/\" \/>\n<meta property=\"og:site_name\" content=\"KZ Gedenkst\u00e4tte Dachau\" \/>\n<meta property=\"article:modified_time\" content=\"2020-02-29T11:25:56+00:00\" \/>\n<meta name=\"twitter:card\" content=\"summary_large_image\" \/>\n<meta name=\"twitter:label1\" content=\"Dur\u00e9e de lecture estim\u00e9e\" \/>\n\t<meta name=\"twitter:data1\" content=\"1 minute\" \/>\n<script type=\"application\/ld+json\" class=\"yoast-schema-graph\">{\"@context\":\"https:\\\/\\\/schema.org\",\"@graph\":[{\"@type\":\"WebPage\",\"@id\":\"https:\\\/\\\/www.kz-gedenkstaette-dachau.de\\\/fr\\\/site-historique\\\/visite-virtuelle\\\/camp-ss\\\/\",\"url\":\"https:\\\/\\\/www.kz-gedenkstaette-dachau.de\\\/fr\\\/site-historique\\\/visite-virtuelle\\\/camp-ss\\\/\",\"name\":\"Le camp SS - KZ Gedenkst\u00e4tte Dachau\",\"isPartOf\":{\"@id\":\"https:\\\/\\\/www.kz-gedenkstaette-dachau.de\\\/#website\"},\"datePublished\":\"2018-09-04T10:34:47+00:00\",\"dateModified\":\"2020-02-29T11:25:56+00:00\",\"breadcrumb\":{\"@id\":\"https:\\\/\\\/www.kz-gedenkstaette-dachau.de\\\/fr\\\/site-historique\\\/visite-virtuelle\\\/camp-ss\\\/#breadcrumb\"},\"inLanguage\":\"fr-FR\",\"potentialAction\":[{\"@type\":\"ReadAction\",\"target\":[\"https:\\\/\\\/www.kz-gedenkstaette-dachau.de\\\/fr\\\/site-historique\\\/visite-virtuelle\\\/camp-ss\\\/\"]}]},{\"@type\":\"BreadcrumbList\",\"@id\":\"https:\\\/\\\/www.kz-gedenkstaette-dachau.de\\\/fr\\\/site-historique\\\/visite-virtuelle\\\/camp-ss\\\/#breadcrumb\",\"itemListElement\":[{\"@type\":\"ListItem\",\"position\":1,\"name\":\"Page d'accueil\",\"item\":\"https:\\\/\\\/www.kz-gedenkstaette-dachau.de\\\/fr\\\/\"},{\"@type\":\"ListItem\",\"position\":2,\"name\":\"Site historique\",\"item\":\"https:\\\/\\\/www.kz-gedenkstaette-dachau.de\\\/fr\\\/site-historique\\\/\"},{\"@type\":\"ListItem\",\"position\":3,\"name\":\"Visite virtuelle\",\"item\":\"https:\\\/\\\/www.kz-gedenkstaette-dachau.de\\\/fr\\\/site-historique\\\/visite-virtuelle\\\/\"},{\"@type\":\"ListItem\",\"position\":4,\"name\":\"Le camp SS\"}]},{\"@type\":\"WebSite\",\"@id\":\"https:\\\/\\\/www.kz-gedenkstaette-dachau.de\\\/#website\",\"url\":\"https:\\\/\\\/www.kz-gedenkstaette-dachau.de\\\/\",\"name\":\"KZ Gedenkst\u00e4tte Dachau\",\"description\":\"\",\"potentialAction\":[{\"@type\":\"SearchAction\",\"target\":{\"@type\":\"EntryPoint\",\"urlTemplate\":\"https:\\\/\\\/www.kz-gedenkstaette-dachau.de\\\/?s={search_term_string}\"},\"query-input\":{\"@type\":\"PropertyValueSpecification\",\"valueRequired\":true,\"valueName\":\"search_term_string\"}}],\"inLanguage\":\"fr-FR\"}]}<\/script>\n<!-- \/ Yoast SEO plugin. -->","yoast_head_json":{"title":"Le camp SS - KZ Gedenkst\u00e4tte Dachau","robots":{"index":"index","follow":"follow","max-snippet":"max-snippet:-1","max-image-preview":"max-image-preview:large","max-video-preview":"max-video-preview:-1"},"canonical":"https:\/\/www.kz-gedenkstaette-dachau.de\/fr\/site-historique\/visite-virtuelle\/camp-ss\/","og_locale":"fr_FR","og_type":"article","og_title":"Le camp SS - KZ Gedenkst\u00e4tte Dachau","og_description":"La plus grande partie du site de l\u2019ancien camp de Dachau &#8211; l\u2019ancien camp SS &#8211; n\u2019est pas accessible au public. Il est utilis\u00e9 par la police anti-\u00e9meutes bavaroise. L\u2019espace entre les deux talus permet aux visiteurs d\u2019avoir un aper\u00e7u sur d\u2019importants aspects de la topographie de l\u2019ancien camp de concentration. On peut voir une... Voir l'article","og_url":"https:\/\/www.kz-gedenkstaette-dachau.de\/fr\/site-historique\/visite-virtuelle\/camp-ss\/","og_site_name":"KZ Gedenkst\u00e4tte Dachau","article_modified_time":"2020-02-29T11:25:56+00:00","twitter_card":"summary_large_image","twitter_misc":{"Dur\u00e9e de lecture estim\u00e9e":"1 minute"},"schema":{"@context":"https:\/\/schema.org","@graph":[{"@type":"WebPage","@id":"https:\/\/www.kz-gedenkstaette-dachau.de\/fr\/site-historique\/visite-virtuelle\/camp-ss\/","url":"https:\/\/www.kz-gedenkstaette-dachau.de\/fr\/site-historique\/visite-virtuelle\/camp-ss\/","name":"Le camp SS - KZ Gedenkst\u00e4tte Dachau","isPartOf":{"@id":"https:\/\/www.kz-gedenkstaette-dachau.de\/#website"},"datePublished":"2018-09-04T10:34:47+00:00","dateModified":"2020-02-29T11:25:56+00:00","breadcrumb":{"@id":"https:\/\/www.kz-gedenkstaette-dachau.de\/fr\/site-historique\/visite-virtuelle\/camp-ss\/#breadcrumb"},"inLanguage":"fr-FR","potentialAction":[{"@type":"ReadAction","target":["https:\/\/www.kz-gedenkstaette-dachau.de\/fr\/site-historique\/visite-virtuelle\/camp-ss\/"]}]},{"@type":"BreadcrumbList","@id":"https:\/\/www.kz-gedenkstaette-dachau.de\/fr\/site-historique\/visite-virtuelle\/camp-ss\/#breadcrumb","itemListElement":[{"@type":"ListItem","position":1,"name":"Page d'accueil","item":"https:\/\/www.kz-gedenkstaette-dachau.de\/fr\/"},{"@type":"ListItem","position":2,"name":"Site historique","item":"https:\/\/www.kz-gedenkstaette-dachau.de\/fr\/site-historique\/"},{"@type":"ListItem","position":3,"name":"Visite virtuelle","item":"https:\/\/www.kz-gedenkstaette-dachau.de\/fr\/site-historique\/visite-virtuelle\/"},{"@type":"ListItem","position":4,"name":"Le camp SS"}]},{"@type":"WebSite","@id":"https:\/\/www.kz-gedenkstaette-dachau.de\/#website","url":"https:\/\/www.kz-gedenkstaette-dachau.de\/","name":"KZ Gedenkst\u00e4tte Dachau","description":"","potentialAction":[{"@type":"SearchAction","target":{"@type":"EntryPoint","urlTemplate":"https:\/\/www.kz-gedenkstaette-dachau.de\/?s={search_term_string}"},"query-input":{"@type":"PropertyValueSpecification","valueRequired":true,"valueName":"search_term_string"}}],"inLanguage":"fr-FR"}]}},"_links":{"self":[{"href":"https:\/\/www.kz-gedenkstaette-dachau.de\/fr\/wp-json\/wp\/v2\/pages\/63813","targetHints":{"allow":["GET"]}}],"collection":[{"href":"https:\/\/www.kz-gedenkstaette-dachau.de\/fr\/wp-json\/wp\/v2\/pages"}],"about":[{"href":"https:\/\/www.kz-gedenkstaette-dachau.de\/fr\/wp-json\/wp\/v2\/types\/page"}],"author":[{"embeddable":true,"href":"https:\/\/www.kz-gedenkstaette-dachau.de\/fr\/wp-json\/wp\/v2\/users\/1"}],"replies":[{"embeddable":true,"href":"https:\/\/www.kz-gedenkstaette-dachau.de\/fr\/wp-json\/wp\/v2\/comments?post=63813"}],"version-history":[{"count":0,"href":"https:\/\/www.kz-gedenkstaette-dachau.de\/fr\/wp-json\/wp\/v2\/pages\/63813\/revisions"}],"up":[{"embeddable":true,"href":"https:\/\/www.kz-gedenkstaette-dachau.de\/fr\/wp-json\/wp\/v2\/pages\/62582"}],"wp:attachment":[{"href":"https:\/\/www.kz-gedenkstaette-dachau.de\/fr\/wp-json\/wp\/v2\/media?parent=63813"}],"curies":[{"name":"wp","href":"https:\/\/api.w.org\/{rel}","templated":true}]}}