{"id":63816,"date":"2018-09-04T12:36:58","date_gmt":"2018-09-04T10:36:58","guid":{"rendered":"https:\/\/www.kz-gedenkstaette-dachau.de\/site-historique\/visite-virtuelle\/jourhaus-mit-lagertor\/"},"modified":"2020-02-29T12:35:47","modified_gmt":"2020-02-29T11:35:47","slug":"jourhaus-et-portail-du-camp","status":"publish","type":"page","link":"https:\/\/www.kz-gedenkstaette-dachau.de\/fr\/site-historique\/visite-virtuelle\/jourhaus-et-portail-du-camp\/","title":{"rendered":"Le Jourhaus (poste de garde) et le portail du camp"},"content":{"rendered":"<p class=\"western\"><span lang=\"fr-FR\">Le <\/span><span lang=\"fr-FR\"><i>Jourhaus<\/i><\/span><span lang=\"fr-FR\"> \u00e9tait l\u2019entr\u00e9e et la sortie du camp de<\/span><span lang=\"fr-FR\">s<\/span><span lang=\"fr-FR\"> prisonniers, appel\u00e9 officiellement \u00ab\u00a0camp de d\u00e9tention <\/span><span lang=\"fr-FR\">pr\u00e9ventive\u00a0\u00bb (Schutzhaftlager)<\/span><span lang=\"fr-FR\"> par l<\/span><span lang=\"fr-FR\">es <\/span><span lang=\"fr-FR\">SS. Il abritait <\/span><span lang=\"fr-FR\">d<\/span><span lang=\"fr-FR\">es locaux de service d<\/span><span lang=\"fr-FR\">es<\/span><span lang=\"fr-FR\"> SS et de la Section politique. <\/span><span lang=\"nl-NL\">L<\/span><span lang=\"fr-FR\">es d\u00e9tenus durent \u00e9riger ce b\u00e2timent<\/span> <span lang=\"nl-NL\">lors de la <\/span><span lang=\"fr-FR\">construction du <\/span><span lang=\"fr-FR\">nouveau <\/span><span lang=\"fr-FR\">camp<\/span><span lang=\"nl-NL\"> en 1936<\/span><span lang=\"fr-FR\">.<\/span><\/p>\n<p class=\"western\"><span lang=\"fr-FR\">Le terme \u00ab\u00a0Jourhaus\u00a0\u00bb trouve son origine dans le langage militaire. \u00ab\u00a0Jour\u00a0\u00bb <\/span><span lang=\"fr-FR\">vient du<\/span><span lang=\"fr-FR\"> fran\u00e7ais<\/span><span lang=\"nl-NL\"> et \u00ab\u00a0Haus\u00a0\u00bb signifie \u00ab <\/span><span lang=\"nl-NL\">maison <\/span><span lang=\"nl-NL\">\u00bb<\/span><span lang=\"fr-FR\">. C\u2019est pourquoi le service de jour \u00e9tait abrit\u00e9 dans le <\/span><span lang=\"fr-FR\"><i>Jourhaus<\/i><\/span><span lang=\"fr-FR\">. Le commandement du camp attribuait aux d\u00e9tenus leur t\u00e2che, contr\u00f4lait les baraques, <\/span><span lang=\"nl-NL\">faisait des demandes de<\/span><span lang=\"fr-FR\"> punitions et <\/span><span lang=\"nl-NL\">organisait<\/span><span lang=\"fr-FR\"> la surveillance des prisonniers. Du point de vue des d\u00e9tenus, le Jourhaus \u00e9tait le centre du pouvoir SS.<\/span><\/p>\n<p class=\"western\"><span lang=\"fr-FR\">D\u00e9sign\u00e9s par les SS, contr\u00f4l\u00e9s et d\u00e9pendant d\u2019eux, les \u00ab\u00a0Funktionsh\u00e4ftlinge\u00a0\u00bb <\/span><span lang=\"fr-FR\">\u00e9taient affect\u00e9s \u00e0 <\/span><span lang=\"fr-FR\">une s\u00e9rie de t\u00e2ches de surveillance, de contr\u00f4le et <\/span><span lang=\"nl-NL\">d\u2019intendance<\/span><span lang=\"fr-FR\">. Ils \u00e9taient forc\u00e9s d\u2019ex\u00e9cuter les ordres des SS, m\u00eame lorsqu\u2019ils mettaient en danger la sant\u00e9 ou la vie de cod\u00e9tenus\u00a0; <\/span><span lang=\"fr-FR\">au risque d&rsquo;\u00eatre eux-m\u00eames<\/span><span lang=\"fr-FR\"> punis<\/span><span lang=\"fr-FR\">. Beaucoup d\u2019entre eux utilis\u00e8rent leur position pour prot\u00e9ger leurs cod\u00e9tenus. Le recours <\/span><span lang=\"fr-FR\">\u00e0 ces d\u00e9tenus au service des SS<\/span><span lang=\"fr-FR\"> \u00e9tait un instrument de <\/span><span lang=\"fr-FR\">leur <\/span><span lang=\"fr-FR\">domination.<\/span><\/p>\n<p class=\"western\"><span lang=\"fr-FR\">Tous les d\u00e9tenus nouvellement arriv\u00e9s passaient la porte en fer forg\u00e9 du Jourhaus portant l\u2019inscription \u00ab\u00a0Arbeit macht frei\u00a0\u00bb. Dans ce slogan se refl\u00e9tait la propagande banalisante <\/span><span lang=\"fr-FR\">des <\/span><span lang=\"fr-FR\">nazi<\/span><span lang=\"fr-FR\">s<\/span><span lang=\"fr-FR\"> dont l\u2019objectif \u00e9tait de pr\u00e9senter les camps de concentration comme des \u00ab\u00a0camps de travail et d\u2019\u00e9ducation\u00a0\u00bb. S\u2019y manifestait de plus <\/span><span lang=\"nl-NL\">une <\/span><span lang=\"fr-FR\">attitude inhumaine envers les d\u00e9tenus car le travail forc\u00e9 \u00e9tait <\/span><span lang=\"fr-FR\">pour les SS <\/span><span lang=\"fr-FR\">un moyen d\u2019extermination et <\/span><span lang=\"fr-FR\">de terreur.<\/span><\/p>\n","protected":false},"excerpt":{"rendered":"<p>Le Jourhaus \u00e9tait l\u2019entr\u00e9e et la sortie du camp des prisonniers, appel\u00e9 officiellement \u00ab\u00a0camp de d\u00e9tention pr\u00e9ventive\u00a0\u00bb (Schutzhaftlager) par les SS. Il abritait des locaux de service des SS et de la Section politique. Les d\u00e9tenus durent \u00e9riger ce b\u00e2timent lors de la construction du nouveau camp en 1936. Le terme \u00ab\u00a0Jourhaus\u00a0\u00bb trouve son origine&#8230; <a class=\"view-article\" href=\"https:\/\/www.kz-gedenkstaette-dachau.de\/fr\/site-historique\/visite-virtuelle\/jourhaus-et-portail-du-camp\/\">Voir l&rsquo;article<\/a><\/p>\n","protected":false},"author":1,"featured_media":0,"parent":62582,"menu_order":500,"comment_status":"closed","ping_status":"closed","template":"page-virtueller_rundgang_unterseite.php","meta":{"_acf_changed":false,"footnotes":""},"class_list":["post-63816","page","type-page","status-publish","hentry"],"acf":[],"yoast_head":"<!-- This site is optimized with the Yoast SEO plugin v27.3 - https:\/\/yoast.com\/product\/yoast-seo-wordpress\/ -->\n<title>Le Jourhaus (poste de garde) et le portail du camp - KZ Gedenkst\u00e4tte Dachau<\/title>\n<meta name=\"robots\" content=\"index, follow, max-snippet:-1, max-image-preview:large, max-video-preview:-1\" \/>\n<link rel=\"canonical\" href=\"https:\/\/www.kz-gedenkstaette-dachau.de\/fr\/site-historique\/visite-virtuelle\/jourhaus-et-portail-du-camp\/\" \/>\n<meta property=\"og:locale\" content=\"fr_FR\" \/>\n<meta property=\"og:type\" content=\"article\" \/>\n<meta property=\"og:title\" content=\"Le Jourhaus (poste de garde) et le portail du camp - KZ Gedenkst\u00e4tte Dachau\" \/>\n<meta property=\"og:description\" content=\"Le Jourhaus \u00e9tait l\u2019entr\u00e9e et la sortie du camp des prisonniers, appel\u00e9 officiellement \u00ab\u00a0camp de d\u00e9tention pr\u00e9ventive\u00a0\u00bb (Schutzhaftlager) par les SS. Il abritait des locaux de service des SS et de la Section politique. Les d\u00e9tenus durent \u00e9riger ce b\u00e2timent lors de la construction du nouveau camp en 1936. Le terme \u00ab\u00a0Jourhaus\u00a0\u00bb trouve son origine... Voir l&#039;article\" \/>\n<meta property=\"og:url\" content=\"https:\/\/www.kz-gedenkstaette-dachau.de\/fr\/site-historique\/visite-virtuelle\/jourhaus-et-portail-du-camp\/\" \/>\n<meta property=\"og:site_name\" content=\"KZ Gedenkst\u00e4tte Dachau\" \/>\n<meta property=\"article:modified_time\" content=\"2020-02-29T11:35:47+00:00\" \/>\n<meta name=\"twitter:card\" content=\"summary_large_image\" \/>\n<meta name=\"twitter:label1\" content=\"Dur\u00e9e de lecture estim\u00e9e\" \/>\n\t<meta name=\"twitter:data1\" content=\"2 minutes\" \/>\n<script type=\"application\/ld+json\" class=\"yoast-schema-graph\">{\"@context\":\"https:\\\/\\\/schema.org\",\"@graph\":[{\"@type\":\"WebPage\",\"@id\":\"https:\\\/\\\/www.kz-gedenkstaette-dachau.de\\\/fr\\\/site-historique\\\/visite-virtuelle\\\/jourhaus-et-portail-du-camp\\\/\",\"url\":\"https:\\\/\\\/www.kz-gedenkstaette-dachau.de\\\/fr\\\/site-historique\\\/visite-virtuelle\\\/jourhaus-et-portail-du-camp\\\/\",\"name\":\"Le Jourhaus (poste de garde) et le portail du camp - KZ Gedenkst\u00e4tte Dachau\",\"isPartOf\":{\"@id\":\"https:\\\/\\\/www.kz-gedenkstaette-dachau.de\\\/#website\"},\"datePublished\":\"2018-09-04T10:36:58+00:00\",\"dateModified\":\"2020-02-29T11:35:47+00:00\",\"breadcrumb\":{\"@id\":\"https:\\\/\\\/www.kz-gedenkstaette-dachau.de\\\/fr\\\/site-historique\\\/visite-virtuelle\\\/jourhaus-et-portail-du-camp\\\/#breadcrumb\"},\"inLanguage\":\"fr-FR\",\"potentialAction\":[{\"@type\":\"ReadAction\",\"target\":[\"https:\\\/\\\/www.kz-gedenkstaette-dachau.de\\\/fr\\\/site-historique\\\/visite-virtuelle\\\/jourhaus-et-portail-du-camp\\\/\"]}]},{\"@type\":\"BreadcrumbList\",\"@id\":\"https:\\\/\\\/www.kz-gedenkstaette-dachau.de\\\/fr\\\/site-historique\\\/visite-virtuelle\\\/jourhaus-et-portail-du-camp\\\/#breadcrumb\",\"itemListElement\":[{\"@type\":\"ListItem\",\"position\":1,\"name\":\"Page d'accueil\",\"item\":\"https:\\\/\\\/www.kz-gedenkstaette-dachau.de\\\/fr\\\/\"},{\"@type\":\"ListItem\",\"position\":2,\"name\":\"Site historique\",\"item\":\"https:\\\/\\\/www.kz-gedenkstaette-dachau.de\\\/fr\\\/site-historique\\\/\"},{\"@type\":\"ListItem\",\"position\":3,\"name\":\"Visite virtuelle\",\"item\":\"https:\\\/\\\/www.kz-gedenkstaette-dachau.de\\\/fr\\\/site-historique\\\/visite-virtuelle\\\/\"},{\"@type\":\"ListItem\",\"position\":4,\"name\":\"Le Jourhaus (poste de garde) et le portail du camp\"}]},{\"@type\":\"WebSite\",\"@id\":\"https:\\\/\\\/www.kz-gedenkstaette-dachau.de\\\/#website\",\"url\":\"https:\\\/\\\/www.kz-gedenkstaette-dachau.de\\\/\",\"name\":\"KZ Gedenkst\u00e4tte Dachau\",\"description\":\"\",\"potentialAction\":[{\"@type\":\"SearchAction\",\"target\":{\"@type\":\"EntryPoint\",\"urlTemplate\":\"https:\\\/\\\/www.kz-gedenkstaette-dachau.de\\\/?s={search_term_string}\"},\"query-input\":{\"@type\":\"PropertyValueSpecification\",\"valueRequired\":true,\"valueName\":\"search_term_string\"}}],\"inLanguage\":\"fr-FR\"}]}<\/script>\n<!-- \/ Yoast SEO plugin. -->","yoast_head_json":{"title":"Le Jourhaus (poste de garde) et le portail du camp - KZ Gedenkst\u00e4tte Dachau","robots":{"index":"index","follow":"follow","max-snippet":"max-snippet:-1","max-image-preview":"max-image-preview:large","max-video-preview":"max-video-preview:-1"},"canonical":"https:\/\/www.kz-gedenkstaette-dachau.de\/fr\/site-historique\/visite-virtuelle\/jourhaus-et-portail-du-camp\/","og_locale":"fr_FR","og_type":"article","og_title":"Le Jourhaus (poste de garde) et le portail du camp - KZ Gedenkst\u00e4tte Dachau","og_description":"Le Jourhaus \u00e9tait l\u2019entr\u00e9e et la sortie du camp des prisonniers, appel\u00e9 officiellement \u00ab\u00a0camp de d\u00e9tention pr\u00e9ventive\u00a0\u00bb (Schutzhaftlager) par les SS. Il abritait des locaux de service des SS et de la Section politique. Les d\u00e9tenus durent \u00e9riger ce b\u00e2timent lors de la construction du nouveau camp en 1936. Le terme \u00ab\u00a0Jourhaus\u00a0\u00bb trouve son origine... Voir l'article","og_url":"https:\/\/www.kz-gedenkstaette-dachau.de\/fr\/site-historique\/visite-virtuelle\/jourhaus-et-portail-du-camp\/","og_site_name":"KZ Gedenkst\u00e4tte Dachau","article_modified_time":"2020-02-29T11:35:47+00:00","twitter_card":"summary_large_image","twitter_misc":{"Dur\u00e9e de lecture estim\u00e9e":"2 minutes"},"schema":{"@context":"https:\/\/schema.org","@graph":[{"@type":"WebPage","@id":"https:\/\/www.kz-gedenkstaette-dachau.de\/fr\/site-historique\/visite-virtuelle\/jourhaus-et-portail-du-camp\/","url":"https:\/\/www.kz-gedenkstaette-dachau.de\/fr\/site-historique\/visite-virtuelle\/jourhaus-et-portail-du-camp\/","name":"Le Jourhaus (poste de garde) et le portail du camp - KZ Gedenkst\u00e4tte Dachau","isPartOf":{"@id":"https:\/\/www.kz-gedenkstaette-dachau.de\/#website"},"datePublished":"2018-09-04T10:36:58+00:00","dateModified":"2020-02-29T11:35:47+00:00","breadcrumb":{"@id":"https:\/\/www.kz-gedenkstaette-dachau.de\/fr\/site-historique\/visite-virtuelle\/jourhaus-et-portail-du-camp\/#breadcrumb"},"inLanguage":"fr-FR","potentialAction":[{"@type":"ReadAction","target":["https:\/\/www.kz-gedenkstaette-dachau.de\/fr\/site-historique\/visite-virtuelle\/jourhaus-et-portail-du-camp\/"]}]},{"@type":"BreadcrumbList","@id":"https:\/\/www.kz-gedenkstaette-dachau.de\/fr\/site-historique\/visite-virtuelle\/jourhaus-et-portail-du-camp\/#breadcrumb","itemListElement":[{"@type":"ListItem","position":1,"name":"Page d'accueil","item":"https:\/\/www.kz-gedenkstaette-dachau.de\/fr\/"},{"@type":"ListItem","position":2,"name":"Site historique","item":"https:\/\/www.kz-gedenkstaette-dachau.de\/fr\/site-historique\/"},{"@type":"ListItem","position":3,"name":"Visite virtuelle","item":"https:\/\/www.kz-gedenkstaette-dachau.de\/fr\/site-historique\/visite-virtuelle\/"},{"@type":"ListItem","position":4,"name":"Le Jourhaus (poste de garde) et le portail du camp"}]},{"@type":"WebSite","@id":"https:\/\/www.kz-gedenkstaette-dachau.de\/#website","url":"https:\/\/www.kz-gedenkstaette-dachau.de\/","name":"KZ Gedenkst\u00e4tte Dachau","description":"","potentialAction":[{"@type":"SearchAction","target":{"@type":"EntryPoint","urlTemplate":"https:\/\/www.kz-gedenkstaette-dachau.de\/?s={search_term_string}"},"query-input":{"@type":"PropertyValueSpecification","valueRequired":true,"valueName":"search_term_string"}}],"inLanguage":"fr-FR"}]}},"_links":{"self":[{"href":"https:\/\/www.kz-gedenkstaette-dachau.de\/fr\/wp-json\/wp\/v2\/pages\/63816","targetHints":{"allow":["GET"]}}],"collection":[{"href":"https:\/\/www.kz-gedenkstaette-dachau.de\/fr\/wp-json\/wp\/v2\/pages"}],"about":[{"href":"https:\/\/www.kz-gedenkstaette-dachau.de\/fr\/wp-json\/wp\/v2\/types\/page"}],"author":[{"embeddable":true,"href":"https:\/\/www.kz-gedenkstaette-dachau.de\/fr\/wp-json\/wp\/v2\/users\/1"}],"replies":[{"embeddable":true,"href":"https:\/\/www.kz-gedenkstaette-dachau.de\/fr\/wp-json\/wp\/v2\/comments?post=63816"}],"version-history":[{"count":0,"href":"https:\/\/www.kz-gedenkstaette-dachau.de\/fr\/wp-json\/wp\/v2\/pages\/63816\/revisions"}],"up":[{"embeddable":true,"href":"https:\/\/www.kz-gedenkstaette-dachau.de\/fr\/wp-json\/wp\/v2\/pages\/62582"}],"wp:attachment":[{"href":"https:\/\/www.kz-gedenkstaette-dachau.de\/fr\/wp-json\/wp\/v2\/media?parent=63816"}],"curies":[{"name":"wp","href":"https:\/\/api.w.org\/{rel}","templated":true}]}}