{"id":63822,"date":"2018-09-04T12:37:37","date_gmt":"2018-09-04T10:37:37","guid":{"rendered":"https:\/\/www.kz-gedenkstaette-dachau.de\/site-historique\/visite-virtuelle\/appellplatz\/"},"modified":"2020-04-01T16:39:15","modified_gmt":"2020-04-01T14:39:15","slug":"place-dappel","status":"publish","type":"page","link":"https:\/\/www.kz-gedenkstaette-dachau.de\/fr\/site-historique\/visite-virtuelle\/place-dappel\/","title":{"rendered":"Place d&rsquo;appel"},"content":{"rendered":"<p class=\"western\"><span lang=\"fr-FR\">La place d\u2019appel se trouvait entre le b\u00e2timent <\/span><span lang=\"fr-FR\">d\u2019intendance<\/span><span lang=\"fr-FR\"> et le<\/span><span lang=\"fr-FR\">s <\/span><span lang=\"fr-FR\">baraques. Sur cette vaste \u00e9tendue, les SS faisaient l\u2019appel et appliquai<\/span><span lang=\"nl-NL\">en<\/span><span lang=\"fr-FR\">t les <\/span><span lang=\"fr-FR\">punition<\/span><span lang=\"fr-FR\">s. Les prisonniers devaient se rassembler le matin devant les baraques pour se pr\u00e9parer \u00e0 l\u2019appel. De l\u00e0, ils marchaient jusqu\u2019\u00e0 la place d\u2019appel, o\u00f9 ils devaient s\u2019aligner en rang\u00e9es de dix. Les SS for\u00e7aient par tous <\/span><span lang=\"fr-FR\">les <\/span><span lang=\"fr-FR\">temps les d\u00e9tenus \u00e0 rester immobiles <\/span><span lang=\"fr-FR\">au garde-\u00e0-vous<\/span><span lang=\"fr-FR\">. Apr\u00e8s l\u2019appel, qui durait la plupart du temps une heure mais souvent bien plus longtemps, les d\u00e9tenus devaient former leurs Kommando<\/span><span lang=\"fr-FR\"><i>s<\/i><\/span><span lang=\"fr-FR\"> de travail. <\/span><span lang=\"fr-FR\">L<\/span><span lang=\"fr-FR\">a proc\u00e9dure <\/span><span lang=\"fr-FR\">se r\u00e9p\u00e9tait le soir apr\u00e8s le travail<\/span><span lang=\"fr-FR\">. Si le nombre des personnes align\u00e9es ne correspondait pas \u00e0 celui des d\u00e9tenus, tous les prisonniers devaient<\/span><span lang=\"nl-NL\">,<\/span><span lang=\"fr-FR\"> en <\/span><span lang=\"fr-FR\">guise de <\/span><span lang=\"fr-FR\">punition<\/span><span lang=\"nl-NL\">,<\/span><span lang=\"fr-FR\"> se tenir immobiles, jusqu\u2019\u00e0 ce qu\u2019on en trouve la raison. C\u2019est seulement alors que les SS <\/span><span lang=\"fr-FR\">les autorisaient \u00e0<\/span><span lang=\"fr-FR\"> retourner \u00e0 leurs baraques. Souvent, <\/span><span lang=\"fr-FR\">d<\/span><span lang=\"fr-FR\">es d\u00e9tenus malades et faibles s\u2019effondraient d\u2019\u00e9puisement pendant l\u2019appel. <\/span><span lang=\"fr-FR\">Personne<\/span><span lang=\"fr-FR\"> n\u2019\u00e9tait autoris\u00e9 \u00e0 leur venir en aide.<\/span><\/p>\n<p class=\"western\"><span lang=\"fr-FR\">Une autre punition collective, en plus d<\/span><span lang=\"fr-FR\">u garde-\u00e0-vous<\/span><span lang=\"fr-FR\">, <\/span><span lang=\"fr-FR\">consistait \u00e0 faire des exercices physiques<\/span><span lang=\"fr-FR\"> sur la place d\u2019appel. Les SS for\u00e7aient les d\u00e9tenus \u00e0 <\/span><span lang=\"fr-FR\">faire des exercices de type militaire jusqu\u2019\u00e0 <\/span><span lang=\"nl-NL\">l\u2019<\/span><span lang=\"fr-FR\">\u00e9puisement<\/span><span lang=\"fr-FR\">. Pour les humilier et <\/span><span lang=\"fr-FR\">par mesure de dissuasion<\/span><span lang=\"fr-FR\">, <\/span><span lang=\"fr-FR\">d<\/span><span lang=\"fr-FR\">es prisonniers se voyaient infliger des coups de b\u00e2ton <\/span><span lang=\"fr-FR\">sur la place d\u2019appel<\/span><span lang=\"fr-FR\"> au vu de tou<\/span><span lang=\"fr-FR\">s<\/span><span lang=\"fr-FR\"> sur le chevalet de bastonnade.<\/span><\/p>\n<p class=\"western\"><span lang=\"fr-FR\">Durant les derniers mois de la guerre, le camp de concentration de Dachau \u00e9tait <\/span><span lang=\"fr-FR\">totalement surpeupl\u00e9<\/span><span lang=\"fr-FR\">. <\/span><span lang=\"fr-FR\">De nouveaux <\/span><span lang=\"fr-FR\">d\u00e9tenus, arrivant continuellement des camps de concentration \u00e9vacu\u00e9s, \u00e9taient tout d\u2019abord amen\u00e9s sur la place d\u2019appel. De nombreux prisonniers malades et \u00e9puis\u00e9s y sont morts.<\/span><\/p>\n","protected":false},"excerpt":{"rendered":"<p>La place d\u2019appel se trouvait entre le b\u00e2timent d\u2019intendance et les baraques. Sur cette vaste \u00e9tendue, les SS faisaient l\u2019appel et appliquaient les punitions. Les prisonniers devaient se rassembler le matin devant les baraques pour se pr\u00e9parer \u00e0 l\u2019appel. De l\u00e0, ils marchaient jusqu\u2019\u00e0 la place d\u2019appel, o\u00f9 ils devaient s\u2019aligner en rang\u00e9es de dix&#8230;. <a class=\"view-article\" href=\"https:\/\/www.kz-gedenkstaette-dachau.de\/fr\/site-historique\/visite-virtuelle\/place-dappel\/\">Voir l&rsquo;article<\/a><\/p>\n","protected":false},"author":1,"featured_media":0,"parent":62582,"menu_order":600,"comment_status":"closed","ping_status":"closed","template":"page-virtueller_rundgang_unterseite.php","meta":{"_acf_changed":false,"footnotes":""},"class_list":["post-63822","page","type-page","status-publish","hentry"],"acf":[],"yoast_head":"<!-- This site is optimized with the Yoast SEO plugin v27.4 - https:\/\/yoast.com\/product\/yoast-seo-wordpress\/ -->\n<title>Place d&#039;appel - KZ Gedenkst\u00e4tte Dachau<\/title>\n<meta name=\"robots\" content=\"index, follow, max-snippet:-1, max-image-preview:large, max-video-preview:-1\" \/>\n<link rel=\"canonical\" href=\"https:\/\/www.kz-gedenkstaette-dachau.de\/fr\/site-historique\/visite-virtuelle\/place-dappel\/\" \/>\n<meta property=\"og:locale\" content=\"fr_FR\" \/>\n<meta property=\"og:type\" content=\"article\" \/>\n<meta property=\"og:title\" content=\"Place d&#039;appel - KZ Gedenkst\u00e4tte Dachau\" \/>\n<meta property=\"og:description\" content=\"La place d\u2019appel se trouvait entre le b\u00e2timent d\u2019intendance et les baraques. Sur cette vaste \u00e9tendue, les SS faisaient l\u2019appel et appliquaient les punitions. Les prisonniers devaient se rassembler le matin devant les baraques pour se pr\u00e9parer \u00e0 l\u2019appel. De l\u00e0, ils marchaient jusqu\u2019\u00e0 la place d\u2019appel, o\u00f9 ils devaient s\u2019aligner en rang\u00e9es de dix.... Voir l&#039;article\" \/>\n<meta property=\"og:url\" content=\"https:\/\/www.kz-gedenkstaette-dachau.de\/fr\/site-historique\/visite-virtuelle\/place-dappel\/\" \/>\n<meta property=\"og:site_name\" content=\"KZ Gedenkst\u00e4tte Dachau\" \/>\n<meta property=\"article:modified_time\" content=\"2020-04-01T14:39:15+00:00\" \/>\n<meta name=\"twitter:card\" content=\"summary_large_image\" \/>\n<meta name=\"twitter:label1\" content=\"Dur\u00e9e de lecture estim\u00e9e\" \/>\n\t<meta name=\"twitter:data1\" content=\"2 minutes\" \/>\n<script type=\"application\/ld+json\" class=\"yoast-schema-graph\">{\"@context\":\"https:\\\/\\\/schema.org\",\"@graph\":[{\"@type\":\"WebPage\",\"@id\":\"https:\\\/\\\/www.kz-gedenkstaette-dachau.de\\\/fr\\\/site-historique\\\/visite-virtuelle\\\/place-dappel\\\/\",\"url\":\"https:\\\/\\\/www.kz-gedenkstaette-dachau.de\\\/fr\\\/site-historique\\\/visite-virtuelle\\\/place-dappel\\\/\",\"name\":\"Place d'appel - KZ Gedenkst\u00e4tte Dachau\",\"isPartOf\":{\"@id\":\"https:\\\/\\\/www.kz-gedenkstaette-dachau.de\\\/#website\"},\"datePublished\":\"2018-09-04T10:37:37+00:00\",\"dateModified\":\"2020-04-01T14:39:15+00:00\",\"breadcrumb\":{\"@id\":\"https:\\\/\\\/www.kz-gedenkstaette-dachau.de\\\/fr\\\/site-historique\\\/visite-virtuelle\\\/place-dappel\\\/#breadcrumb\"},\"inLanguage\":\"fr-FR\",\"potentialAction\":[{\"@type\":\"ReadAction\",\"target\":[\"https:\\\/\\\/www.kz-gedenkstaette-dachau.de\\\/fr\\\/site-historique\\\/visite-virtuelle\\\/place-dappel\\\/\"]}]},{\"@type\":\"BreadcrumbList\",\"@id\":\"https:\\\/\\\/www.kz-gedenkstaette-dachau.de\\\/fr\\\/site-historique\\\/visite-virtuelle\\\/place-dappel\\\/#breadcrumb\",\"itemListElement\":[{\"@type\":\"ListItem\",\"position\":1,\"name\":\"Page d'accueil\",\"item\":\"https:\\\/\\\/www.kz-gedenkstaette-dachau.de\\\/fr\\\/\"},{\"@type\":\"ListItem\",\"position\":2,\"name\":\"Site historique\",\"item\":\"https:\\\/\\\/www.kz-gedenkstaette-dachau.de\\\/fr\\\/site-historique\\\/\"},{\"@type\":\"ListItem\",\"position\":3,\"name\":\"Visite virtuelle\",\"item\":\"https:\\\/\\\/www.kz-gedenkstaette-dachau.de\\\/fr\\\/site-historique\\\/visite-virtuelle\\\/\"},{\"@type\":\"ListItem\",\"position\":4,\"name\":\"Place d&rsquo;appel\"}]},{\"@type\":\"WebSite\",\"@id\":\"https:\\\/\\\/www.kz-gedenkstaette-dachau.de\\\/#website\",\"url\":\"https:\\\/\\\/www.kz-gedenkstaette-dachau.de\\\/\",\"name\":\"KZ Gedenkst\u00e4tte Dachau\",\"description\":\"\",\"potentialAction\":[{\"@type\":\"SearchAction\",\"target\":{\"@type\":\"EntryPoint\",\"urlTemplate\":\"https:\\\/\\\/www.kz-gedenkstaette-dachau.de\\\/?s={search_term_string}\"},\"query-input\":{\"@type\":\"PropertyValueSpecification\",\"valueRequired\":true,\"valueName\":\"search_term_string\"}}],\"inLanguage\":\"fr-FR\"}]}<\/script>\n<!-- \/ Yoast SEO plugin. -->","yoast_head_json":{"title":"Place d'appel - KZ Gedenkst\u00e4tte Dachau","robots":{"index":"index","follow":"follow","max-snippet":"max-snippet:-1","max-image-preview":"max-image-preview:large","max-video-preview":"max-video-preview:-1"},"canonical":"https:\/\/www.kz-gedenkstaette-dachau.de\/fr\/site-historique\/visite-virtuelle\/place-dappel\/","og_locale":"fr_FR","og_type":"article","og_title":"Place d'appel - KZ Gedenkst\u00e4tte Dachau","og_description":"La place d\u2019appel se trouvait entre le b\u00e2timent d\u2019intendance et les baraques. Sur cette vaste \u00e9tendue, les SS faisaient l\u2019appel et appliquaient les punitions. Les prisonniers devaient se rassembler le matin devant les baraques pour se pr\u00e9parer \u00e0 l\u2019appel. De l\u00e0, ils marchaient jusqu\u2019\u00e0 la place d\u2019appel, o\u00f9 ils devaient s\u2019aligner en rang\u00e9es de dix.... Voir l'article","og_url":"https:\/\/www.kz-gedenkstaette-dachau.de\/fr\/site-historique\/visite-virtuelle\/place-dappel\/","og_site_name":"KZ Gedenkst\u00e4tte Dachau","article_modified_time":"2020-04-01T14:39:15+00:00","twitter_card":"summary_large_image","twitter_misc":{"Dur\u00e9e de lecture estim\u00e9e":"2 minutes"},"schema":{"@context":"https:\/\/schema.org","@graph":[{"@type":"WebPage","@id":"https:\/\/www.kz-gedenkstaette-dachau.de\/fr\/site-historique\/visite-virtuelle\/place-dappel\/","url":"https:\/\/www.kz-gedenkstaette-dachau.de\/fr\/site-historique\/visite-virtuelle\/place-dappel\/","name":"Place d'appel - KZ Gedenkst\u00e4tte Dachau","isPartOf":{"@id":"https:\/\/www.kz-gedenkstaette-dachau.de\/#website"},"datePublished":"2018-09-04T10:37:37+00:00","dateModified":"2020-04-01T14:39:15+00:00","breadcrumb":{"@id":"https:\/\/www.kz-gedenkstaette-dachau.de\/fr\/site-historique\/visite-virtuelle\/place-dappel\/#breadcrumb"},"inLanguage":"fr-FR","potentialAction":[{"@type":"ReadAction","target":["https:\/\/www.kz-gedenkstaette-dachau.de\/fr\/site-historique\/visite-virtuelle\/place-dappel\/"]}]},{"@type":"BreadcrumbList","@id":"https:\/\/www.kz-gedenkstaette-dachau.de\/fr\/site-historique\/visite-virtuelle\/place-dappel\/#breadcrumb","itemListElement":[{"@type":"ListItem","position":1,"name":"Page d'accueil","item":"https:\/\/www.kz-gedenkstaette-dachau.de\/fr\/"},{"@type":"ListItem","position":2,"name":"Site historique","item":"https:\/\/www.kz-gedenkstaette-dachau.de\/fr\/site-historique\/"},{"@type":"ListItem","position":3,"name":"Visite virtuelle","item":"https:\/\/www.kz-gedenkstaette-dachau.de\/fr\/site-historique\/visite-virtuelle\/"},{"@type":"ListItem","position":4,"name":"Place d&rsquo;appel"}]},{"@type":"WebSite","@id":"https:\/\/www.kz-gedenkstaette-dachau.de\/#website","url":"https:\/\/www.kz-gedenkstaette-dachau.de\/","name":"KZ Gedenkst\u00e4tte Dachau","description":"","potentialAction":[{"@type":"SearchAction","target":{"@type":"EntryPoint","urlTemplate":"https:\/\/www.kz-gedenkstaette-dachau.de\/?s={search_term_string}"},"query-input":{"@type":"PropertyValueSpecification","valueRequired":true,"valueName":"search_term_string"}}],"inLanguage":"fr-FR"}]}},"_links":{"self":[{"href":"https:\/\/www.kz-gedenkstaette-dachau.de\/fr\/wp-json\/wp\/v2\/pages\/63822","targetHints":{"allow":["GET"]}}],"collection":[{"href":"https:\/\/www.kz-gedenkstaette-dachau.de\/fr\/wp-json\/wp\/v2\/pages"}],"about":[{"href":"https:\/\/www.kz-gedenkstaette-dachau.de\/fr\/wp-json\/wp\/v2\/types\/page"}],"author":[{"embeddable":true,"href":"https:\/\/www.kz-gedenkstaette-dachau.de\/fr\/wp-json\/wp\/v2\/users\/1"}],"replies":[{"embeddable":true,"href":"https:\/\/www.kz-gedenkstaette-dachau.de\/fr\/wp-json\/wp\/v2\/comments?post=63822"}],"version-history":[{"count":0,"href":"https:\/\/www.kz-gedenkstaette-dachau.de\/fr\/wp-json\/wp\/v2\/pages\/63822\/revisions"}],"up":[{"embeddable":true,"href":"https:\/\/www.kz-gedenkstaette-dachau.de\/fr\/wp-json\/wp\/v2\/pages\/62582"}],"wp:attachment":[{"href":"https:\/\/www.kz-gedenkstaette-dachau.de\/fr\/wp-json\/wp\/v2\/media?parent=63822"}],"curies":[{"name":"wp","href":"https:\/\/api.w.org\/{rel}","templated":true}]}}