{"id":64363,"date":"2018-09-04T12:41:07","date_gmt":"2018-09-04T10:41:07","guid":{"rendered":"https:\/\/www.kz-gedenkstaette-dachau.de\/site-historique\/visite-virtuelle\/lagergefaengnis\/"},"modified":"2020-02-25T18:17:22","modified_gmt":"2020-02-25T17:17:22","slug":"la-prison","status":"publish","type":"page","link":"https:\/\/www.kz-gedenkstaette-dachau.de\/fr\/site-historique\/visite-virtuelle\/la-prison\/","title":{"rendered":"La prison"},"content":{"rendered":"<p>L\u2019ancienne prison du camp abrite une exposition consacr\u00e9e \u00e0 l\u2019histoire du b\u00e2timent. Pour les d\u00e9tenus, le b\u00e2timent d\u2019incarc\u00e9ration \u00e9tait un lieu majeur de la terreur, o\u00f9 les SS appliquaient des sanctions plus strictes. Les SS appelaient ce b\u00e2timent \u00ab\u00a0Kommandanturarrest\u00a0\u00bb (prison de la kommandantur), les d\u00e9tenus, le \u00ab\u00a0bunker\u00a0\u00bb. Le complexe p\u00e9nitentiaire visible aujourd\u2019hui a \u00e9t\u00e9 b\u00e2ti en 1937\/1938.<\/p>\n<p>Dans le carr\u00e9 central se trouvaient les bureaux des gardiens ainsi que deux salles. L\u2019une servait aux interrogatoires et \u00e9tait insonoris\u00e9e afin qu\u2019on ne puisse entendre les cris de l\u2019ext\u00e9rieur, l\u2019autre \u00e9tait celle o\u00f9 les SS enregistraient les donn\u00e9es personnelles des d\u00e9tenus. Dans les ailes est et ouest, il y avait des cellules individuelles o\u00f9 les d\u00e9tenus \u00e9taient emprisonn\u00e9s pendant des semaines, voire des mois, avec des rations alimentaires r\u00e9duites \u00e0 l\u2019extr\u00eame et une surveillance permanente. Les mauvais traitements et les tortures inflig\u00e9s aux prisonniers par les SS visaient \u00e0 leur extorquer des aveux. De nombreux d\u00e9tenus en moururent. En 1944, les SS install\u00e8rent dans le \u00ab\u00a0bunker\u00a0\u00bb quatre petites cellules de 80\u00a0cm sur 80\u00a0cm, appel\u00e9es \u00ab\u00a0Stehzellen\u00a0\u00bb. Dans ces pi\u00e8ces exigu\u00ebs sans fen\u00eatres, o\u00f9 il \u00e9tait impossible de s\u2019allonger ou m\u00eame de s\u2019asseoir, les d\u00e9tenus \u00e9taient g\u00e9n\u00e9ralement confin\u00e9s plusieurs jours avec une oxyg\u00e9nation insuffisante et des rations alimentaires tr\u00e8s faibles.<\/p>\n<p>\u00c0 partir de 1941, les d\u00e9tenus dits \u00ab\u00a0sp\u00e9ciaux\u00a0\u00bb furent \u00e9galement transf\u00e9r\u00e9s dans les cellules d\u2019incarc\u00e9ration de la prison. Il s\u2019agissait de d\u00e9tenus \u00e9minents retenus en otage par les SS pour des raisons de tactique militaire. Dans l\u2019aile est de la prison et dans une annexe, on am\u00e9nagea en 1941\/1942 un camp d\u2019internement r\u00e9serv\u00e9 aux SS, aux policiers et au personnel de la protection anti-a\u00e9rienne. Cette annexe n\u2019existe plus aujourd\u2019hui.<\/p>\n<p>Dans la cour s\u00e9parant le b\u00e2timent d\u2019intendance de la prison, les SS faisaient subir aux d\u00e9tenus des mauvais traitements allant fr\u00e9quemment jusqu\u2019au meurtre. Du c\u00f4t\u00e9 est de cette \u00ab\u00a0cour du bunker\u00a0\u00bb, ils install\u00e8rent un peloton d\u2019ex\u00e9cution s\u00e9par\u00e9 par un mur, avec poteaux et pi\u00e8ge \u00e0 balles. Fin ao\u00fbt 1941, les SS commenc\u00e8rent \u00e0 y ex\u00e9cuter des prisonniers de guerre sovi\u00e9tiques. Pour que ces ex\u00e9cutions de masse restent secr\u00e8tes, elles furent ensuite transf\u00e9r\u00e9es non loin d\u2019ici, sur le champ de tir SS de Hebertshausen.<\/p>\n","protected":false},"excerpt":{"rendered":"<p>L\u2019ancienne prison du camp abrite une exposition consacr\u00e9e \u00e0 l\u2019histoire du b\u00e2timent. Pour les d\u00e9tenus, le b\u00e2timent d\u2019incarc\u00e9ration \u00e9tait un lieu majeur de la terreur, o\u00f9 les SS appliquaient des sanctions plus strictes. Les SS appelaient ce b\u00e2timent \u00ab\u00a0Kommandanturarrest\u00a0\u00bb (prison de la kommandantur), les d\u00e9tenus, le \u00ab\u00a0bunker\u00a0\u00bb. Le complexe p\u00e9nitentiaire visible aujourd\u2019hui a \u00e9t\u00e9 b\u00e2ti&#8230; <a class=\"view-article\" href=\"https:\/\/www.kz-gedenkstaette-dachau.de\/fr\/site-historique\/visite-virtuelle\/la-prison\/\">Voir l&rsquo;article<\/a><\/p>\n","protected":false},"author":1,"featured_media":0,"parent":62582,"menu_order":800,"comment_status":"closed","ping_status":"closed","template":"page-virtueller_rundgang_unterseite.php","meta":{"_acf_changed":false,"footnotes":""},"class_list":["post-64363","page","type-page","status-publish","hentry"],"acf":[],"yoast_head":"<!-- This site is optimized with the Yoast SEO plugin v27.3 - https:\/\/yoast.com\/product\/yoast-seo-wordpress\/ -->\n<title>La prison - KZ Gedenkst\u00e4tte Dachau<\/title>\n<meta name=\"robots\" content=\"index, follow, max-snippet:-1, max-image-preview:large, max-video-preview:-1\" \/>\n<link rel=\"canonical\" href=\"https:\/\/www.kz-gedenkstaette-dachau.de\/fr\/site-historique\/visite-virtuelle\/la-prison\/\" \/>\n<meta property=\"og:locale\" content=\"fr_FR\" \/>\n<meta property=\"og:type\" content=\"article\" \/>\n<meta property=\"og:title\" content=\"La prison - KZ Gedenkst\u00e4tte Dachau\" \/>\n<meta property=\"og:description\" content=\"L\u2019ancienne prison du camp abrite une exposition consacr\u00e9e \u00e0 l\u2019histoire du b\u00e2timent. Pour les d\u00e9tenus, le b\u00e2timent d\u2019incarc\u00e9ration \u00e9tait un lieu majeur de la terreur, o\u00f9 les SS appliquaient des sanctions plus strictes. Les SS appelaient ce b\u00e2timent \u00ab\u00a0Kommandanturarrest\u00a0\u00bb (prison de la kommandantur), les d\u00e9tenus, le \u00ab\u00a0bunker\u00a0\u00bb. Le complexe p\u00e9nitentiaire visible aujourd\u2019hui a \u00e9t\u00e9 b\u00e2ti... Voir l&#039;article\" \/>\n<meta property=\"og:url\" content=\"https:\/\/www.kz-gedenkstaette-dachau.de\/fr\/site-historique\/visite-virtuelle\/la-prison\/\" \/>\n<meta property=\"og:site_name\" content=\"KZ Gedenkst\u00e4tte Dachau\" \/>\n<meta property=\"article:modified_time\" content=\"2020-02-25T17:17:22+00:00\" \/>\n<meta name=\"twitter:card\" content=\"summary_large_image\" \/>\n<meta name=\"twitter:label1\" content=\"Dur\u00e9e de lecture estim\u00e9e\" \/>\n\t<meta name=\"twitter:data1\" content=\"2 minutes\" \/>\n<script type=\"application\/ld+json\" class=\"yoast-schema-graph\">{\"@context\":\"https:\\\/\\\/schema.org\",\"@graph\":[{\"@type\":\"WebPage\",\"@id\":\"https:\\\/\\\/www.kz-gedenkstaette-dachau.de\\\/fr\\\/site-historique\\\/visite-virtuelle\\\/la-prison\\\/\",\"url\":\"https:\\\/\\\/www.kz-gedenkstaette-dachau.de\\\/fr\\\/site-historique\\\/visite-virtuelle\\\/la-prison\\\/\",\"name\":\"La prison - KZ Gedenkst\u00e4tte Dachau\",\"isPartOf\":{\"@id\":\"https:\\\/\\\/www.kz-gedenkstaette-dachau.de\\\/#website\"},\"datePublished\":\"2018-09-04T10:41:07+00:00\",\"dateModified\":\"2020-02-25T17:17:22+00:00\",\"breadcrumb\":{\"@id\":\"https:\\\/\\\/www.kz-gedenkstaette-dachau.de\\\/fr\\\/site-historique\\\/visite-virtuelle\\\/la-prison\\\/#breadcrumb\"},\"inLanguage\":\"fr-FR\",\"potentialAction\":[{\"@type\":\"ReadAction\",\"target\":[\"https:\\\/\\\/www.kz-gedenkstaette-dachau.de\\\/fr\\\/site-historique\\\/visite-virtuelle\\\/la-prison\\\/\"]}]},{\"@type\":\"BreadcrumbList\",\"@id\":\"https:\\\/\\\/www.kz-gedenkstaette-dachau.de\\\/fr\\\/site-historique\\\/visite-virtuelle\\\/la-prison\\\/#breadcrumb\",\"itemListElement\":[{\"@type\":\"ListItem\",\"position\":1,\"name\":\"Page d'accueil\",\"item\":\"https:\\\/\\\/www.kz-gedenkstaette-dachau.de\\\/fr\\\/\"},{\"@type\":\"ListItem\",\"position\":2,\"name\":\"Site historique\",\"item\":\"https:\\\/\\\/www.kz-gedenkstaette-dachau.de\\\/fr\\\/site-historique\\\/\"},{\"@type\":\"ListItem\",\"position\":3,\"name\":\"Visite virtuelle\",\"item\":\"https:\\\/\\\/www.kz-gedenkstaette-dachau.de\\\/fr\\\/site-historique\\\/visite-virtuelle\\\/\"},{\"@type\":\"ListItem\",\"position\":4,\"name\":\"La prison\"}]},{\"@type\":\"WebSite\",\"@id\":\"https:\\\/\\\/www.kz-gedenkstaette-dachau.de\\\/#website\",\"url\":\"https:\\\/\\\/www.kz-gedenkstaette-dachau.de\\\/\",\"name\":\"KZ Gedenkst\u00e4tte Dachau\",\"description\":\"\",\"potentialAction\":[{\"@type\":\"SearchAction\",\"target\":{\"@type\":\"EntryPoint\",\"urlTemplate\":\"https:\\\/\\\/www.kz-gedenkstaette-dachau.de\\\/?s={search_term_string}\"},\"query-input\":{\"@type\":\"PropertyValueSpecification\",\"valueRequired\":true,\"valueName\":\"search_term_string\"}}],\"inLanguage\":\"fr-FR\"}]}<\/script>\n<!-- \/ Yoast SEO plugin. -->","yoast_head_json":{"title":"La prison - KZ Gedenkst\u00e4tte Dachau","robots":{"index":"index","follow":"follow","max-snippet":"max-snippet:-1","max-image-preview":"max-image-preview:large","max-video-preview":"max-video-preview:-1"},"canonical":"https:\/\/www.kz-gedenkstaette-dachau.de\/fr\/site-historique\/visite-virtuelle\/la-prison\/","og_locale":"fr_FR","og_type":"article","og_title":"La prison - KZ Gedenkst\u00e4tte Dachau","og_description":"L\u2019ancienne prison du camp abrite une exposition consacr\u00e9e \u00e0 l\u2019histoire du b\u00e2timent. Pour les d\u00e9tenus, le b\u00e2timent d\u2019incarc\u00e9ration \u00e9tait un lieu majeur de la terreur, o\u00f9 les SS appliquaient des sanctions plus strictes. Les SS appelaient ce b\u00e2timent \u00ab\u00a0Kommandanturarrest\u00a0\u00bb (prison de la kommandantur), les d\u00e9tenus, le \u00ab\u00a0bunker\u00a0\u00bb. Le complexe p\u00e9nitentiaire visible aujourd\u2019hui a \u00e9t\u00e9 b\u00e2ti... Voir l'article","og_url":"https:\/\/www.kz-gedenkstaette-dachau.de\/fr\/site-historique\/visite-virtuelle\/la-prison\/","og_site_name":"KZ Gedenkst\u00e4tte Dachau","article_modified_time":"2020-02-25T17:17:22+00:00","twitter_card":"summary_large_image","twitter_misc":{"Dur\u00e9e de lecture estim\u00e9e":"2 minutes"},"schema":{"@context":"https:\/\/schema.org","@graph":[{"@type":"WebPage","@id":"https:\/\/www.kz-gedenkstaette-dachau.de\/fr\/site-historique\/visite-virtuelle\/la-prison\/","url":"https:\/\/www.kz-gedenkstaette-dachau.de\/fr\/site-historique\/visite-virtuelle\/la-prison\/","name":"La prison - KZ Gedenkst\u00e4tte Dachau","isPartOf":{"@id":"https:\/\/www.kz-gedenkstaette-dachau.de\/#website"},"datePublished":"2018-09-04T10:41:07+00:00","dateModified":"2020-02-25T17:17:22+00:00","breadcrumb":{"@id":"https:\/\/www.kz-gedenkstaette-dachau.de\/fr\/site-historique\/visite-virtuelle\/la-prison\/#breadcrumb"},"inLanguage":"fr-FR","potentialAction":[{"@type":"ReadAction","target":["https:\/\/www.kz-gedenkstaette-dachau.de\/fr\/site-historique\/visite-virtuelle\/la-prison\/"]}]},{"@type":"BreadcrumbList","@id":"https:\/\/www.kz-gedenkstaette-dachau.de\/fr\/site-historique\/visite-virtuelle\/la-prison\/#breadcrumb","itemListElement":[{"@type":"ListItem","position":1,"name":"Page d'accueil","item":"https:\/\/www.kz-gedenkstaette-dachau.de\/fr\/"},{"@type":"ListItem","position":2,"name":"Site historique","item":"https:\/\/www.kz-gedenkstaette-dachau.de\/fr\/site-historique\/"},{"@type":"ListItem","position":3,"name":"Visite virtuelle","item":"https:\/\/www.kz-gedenkstaette-dachau.de\/fr\/site-historique\/visite-virtuelle\/"},{"@type":"ListItem","position":4,"name":"La prison"}]},{"@type":"WebSite","@id":"https:\/\/www.kz-gedenkstaette-dachau.de\/#website","url":"https:\/\/www.kz-gedenkstaette-dachau.de\/","name":"KZ Gedenkst\u00e4tte Dachau","description":"","potentialAction":[{"@type":"SearchAction","target":{"@type":"EntryPoint","urlTemplate":"https:\/\/www.kz-gedenkstaette-dachau.de\/?s={search_term_string}"},"query-input":{"@type":"PropertyValueSpecification","valueRequired":true,"valueName":"search_term_string"}}],"inLanguage":"fr-FR"}]}},"_links":{"self":[{"href":"https:\/\/www.kz-gedenkstaette-dachau.de\/fr\/wp-json\/wp\/v2\/pages\/64363","targetHints":{"allow":["GET"]}}],"collection":[{"href":"https:\/\/www.kz-gedenkstaette-dachau.de\/fr\/wp-json\/wp\/v2\/pages"}],"about":[{"href":"https:\/\/www.kz-gedenkstaette-dachau.de\/fr\/wp-json\/wp\/v2\/types\/page"}],"author":[{"embeddable":true,"href":"https:\/\/www.kz-gedenkstaette-dachau.de\/fr\/wp-json\/wp\/v2\/users\/1"}],"replies":[{"embeddable":true,"href":"https:\/\/www.kz-gedenkstaette-dachau.de\/fr\/wp-json\/wp\/v2\/comments?post=64363"}],"version-history":[{"count":0,"href":"https:\/\/www.kz-gedenkstaette-dachau.de\/fr\/wp-json\/wp\/v2\/pages\/64363\/revisions"}],"up":[{"embeddable":true,"href":"https:\/\/www.kz-gedenkstaette-dachau.de\/fr\/wp-json\/wp\/v2\/pages\/62582"}],"wp:attachment":[{"href":"https:\/\/www.kz-gedenkstaette-dachau.de\/fr\/wp-json\/wp\/v2\/media?parent=64363"}],"curies":[{"name":"wp","href":"https:\/\/api.w.org\/{rel}","templated":true}]}}