{"id":64367,"date":"2018-09-04T12:41:43","date_gmt":"2018-09-04T10:41:43","guid":{"rendered":"https:\/\/www.kz-gedenkstaette-dachau.de\/site-historique\/visite-virtuelle\/baracken\/"},"modified":"2020-03-20T12:20:05","modified_gmt":"2020-03-20T11:20:05","slug":"les-baraques","status":"publish","type":"page","link":"https:\/\/www.kz-gedenkstaette-dachau.de\/fr\/site-historique\/visite-virtuelle\/les-baraques\/","title":{"rendered":"Les baraques"},"content":{"rendered":"<p>En 1937-1938, dans le cadre de l\u2019expansion du camp, les SS firent construire un ensemble de 34 baraquements. Compos\u00e9 de quatre baraques de services et de 30 baraques d\u2019habitation, ce complexe a \u00e9t\u00e9 d\u00e9moli en 1964\/1965. Les deux b\u00e2timents visibles aujourd\u2019hui \u00e0 l\u2019entr\u00e9e de l\u2019ancienne \u00ab\u00a0Lagerstra\u00dfe\u00a0\u00bb, l\u2019all\u00e9e principale du camp, sont des r\u00e9pliques datant de 1965\u00a0; la baraque reconstruite du c\u00f4t\u00e9 est abrite une exposition sur les conditions de vie et de logement des d\u00e9port\u00e9s. On peut se faire une id\u00e9e de la disposition des 32 baraques restantes gr\u00e2ce \u00e0 leurs contours en b\u00e9ton, coul\u00e9s en 1965.<\/p>\n<p>Chaque baraque, \u00e9galement appel\u00e9e \u00ab\u00a0block\u00a0\u00bb dans le langage des camps, \u00e9tait divis\u00e9e en quatre chambr\u00e9es, ou \u00ab\u00a0Stuben\u00a0\u00bb. Chacune \u00e9tait constitu\u00e9e d\u2019une pi\u00e8ce d\u2019habitation comprenant des tables, des tabourets et des casiers, et d\u2019un dortoir avec des lits superpos\u00e9s en bois. Les d\u00e9tenus \u00e9taient enti\u00e8rement \u00e0 la merci des \u00ab\u00a0Blockf\u00fchrer\u00a0\u00bb, les chefs de baraque SS. Ces derniers harcelaient les d\u00e9tenus en leur imposant des consignes pointilleuses concernant aussi bien la propret\u00e9 des sols que l\u2019am\u00e9nagement des casiers ou la fa\u00e7on de faire les lits. Les manquements les plus infimes \u00e9taient s\u00e9v\u00e8rement punis.<\/p>\n<p>Les baraques \u00e9taient con\u00e7ues pour loger 200 personnes chacune, mais vers la fin de la guerre, elles \u00e9taient totalement surpeupl\u00e9es, comptant jusqu\u2019\u00e0 2\u00a0000 d\u00e9tenus. La premi\u00e8re baraque sur la gauche de l\u2019all\u00e9e principale du camp abritait la cantine, le secr\u00e9tariat du camp, la biblioth\u00e8que et le mus\u00e9e SS, ainsi que les salles de formation destin\u00e9es aux d\u00e9port\u00e9s employ\u00e9s dans l&rsquo;administration du camp. Sur la droite de l\u2019all\u00e9e principale se trouvait l\u2019infirmerie, qui s\u2019\u00e9tendit peu \u00e0 peu sur un nombre croissant d\u2019autres baraques en raison de l\u2019\u00e9tat de sant\u00e9 catastrophique des d\u00e9tenus. Derri\u00e8re se trouvaient les blocks p\u00e9nitentiaires et les baraques de quarantaine pour les d\u00e9tenus nouvellement arriv\u00e9s dans le camp.<\/p>\n","protected":false},"excerpt":{"rendered":"<p>En 1937-1938, dans le cadre de l\u2019expansion du camp, les SS firent construire un ensemble de 34 baraquements. Compos\u00e9 de quatre baraques de services et de 30 baraques d\u2019habitation, ce complexe a \u00e9t\u00e9 d\u00e9moli en 1964\/1965. Les deux b\u00e2timents visibles aujourd\u2019hui \u00e0 l\u2019entr\u00e9e de l\u2019ancienne \u00ab\u00a0Lagerstra\u00dfe\u00a0\u00bb, l\u2019all\u00e9e principale du camp, sont des r\u00e9pliques datant de&#8230; <a class=\"view-article\" href=\"https:\/\/www.kz-gedenkstaette-dachau.de\/fr\/site-historique\/visite-virtuelle\/les-baraques\/\">Voir l&rsquo;article<\/a><\/p>\n","protected":false},"author":1,"featured_media":0,"parent":62582,"menu_order":900,"comment_status":"closed","ping_status":"closed","template":"page-virtueller_rundgang_unterseite.php","meta":{"_acf_changed":false,"footnotes":""},"class_list":["post-64367","page","type-page","status-publish","hentry"],"acf":[],"yoast_head":"<!-- This site is optimized with the Yoast SEO plugin v27.4 - https:\/\/yoast.com\/product\/yoast-seo-wordpress\/ -->\n<title>Les baraques - KZ Gedenkst\u00e4tte Dachau<\/title>\n<meta name=\"robots\" content=\"index, follow, max-snippet:-1, max-image-preview:large, max-video-preview:-1\" \/>\n<link rel=\"canonical\" href=\"https:\/\/www.kz-gedenkstaette-dachau.de\/fr\/site-historique\/visite-virtuelle\/les-baraques\/\" \/>\n<meta property=\"og:locale\" content=\"fr_FR\" \/>\n<meta property=\"og:type\" content=\"article\" \/>\n<meta property=\"og:title\" content=\"Les baraques - KZ Gedenkst\u00e4tte Dachau\" \/>\n<meta property=\"og:description\" content=\"En 1937-1938, dans le cadre de l\u2019expansion du camp, les SS firent construire un ensemble de 34 baraquements. Compos\u00e9 de quatre baraques de services et de 30 baraques d\u2019habitation, ce complexe a \u00e9t\u00e9 d\u00e9moli en 1964\/1965. Les deux b\u00e2timents visibles aujourd\u2019hui \u00e0 l\u2019entr\u00e9e de l\u2019ancienne \u00ab\u00a0Lagerstra\u00dfe\u00a0\u00bb, l\u2019all\u00e9e principale du camp, sont des r\u00e9pliques datant de... Voir l&#039;article\" \/>\n<meta property=\"og:url\" content=\"https:\/\/www.kz-gedenkstaette-dachau.de\/fr\/site-historique\/visite-virtuelle\/les-baraques\/\" \/>\n<meta property=\"og:site_name\" content=\"KZ Gedenkst\u00e4tte Dachau\" \/>\n<meta property=\"article:modified_time\" content=\"2020-03-20T11:20:05+00:00\" \/>\n<meta name=\"twitter:card\" content=\"summary_large_image\" \/>\n<meta name=\"twitter:label1\" content=\"Dur\u00e9e de lecture estim\u00e9e\" \/>\n\t<meta name=\"twitter:data1\" content=\"2 minutes\" \/>\n<script type=\"application\/ld+json\" class=\"yoast-schema-graph\">{\"@context\":\"https:\\\/\\\/schema.org\",\"@graph\":[{\"@type\":\"WebPage\",\"@id\":\"https:\\\/\\\/www.kz-gedenkstaette-dachau.de\\\/fr\\\/site-historique\\\/visite-virtuelle\\\/les-baraques\\\/\",\"url\":\"https:\\\/\\\/www.kz-gedenkstaette-dachau.de\\\/fr\\\/site-historique\\\/visite-virtuelle\\\/les-baraques\\\/\",\"name\":\"Les baraques - KZ Gedenkst\u00e4tte Dachau\",\"isPartOf\":{\"@id\":\"https:\\\/\\\/www.kz-gedenkstaette-dachau.de\\\/#website\"},\"datePublished\":\"2018-09-04T10:41:43+00:00\",\"dateModified\":\"2020-03-20T11:20:05+00:00\",\"breadcrumb\":{\"@id\":\"https:\\\/\\\/www.kz-gedenkstaette-dachau.de\\\/fr\\\/site-historique\\\/visite-virtuelle\\\/les-baraques\\\/#breadcrumb\"},\"inLanguage\":\"fr-FR\",\"potentialAction\":[{\"@type\":\"ReadAction\",\"target\":[\"https:\\\/\\\/www.kz-gedenkstaette-dachau.de\\\/fr\\\/site-historique\\\/visite-virtuelle\\\/les-baraques\\\/\"]}]},{\"@type\":\"BreadcrumbList\",\"@id\":\"https:\\\/\\\/www.kz-gedenkstaette-dachau.de\\\/fr\\\/site-historique\\\/visite-virtuelle\\\/les-baraques\\\/#breadcrumb\",\"itemListElement\":[{\"@type\":\"ListItem\",\"position\":1,\"name\":\"Page d'accueil\",\"item\":\"https:\\\/\\\/www.kz-gedenkstaette-dachau.de\\\/fr\\\/\"},{\"@type\":\"ListItem\",\"position\":2,\"name\":\"Site historique\",\"item\":\"https:\\\/\\\/www.kz-gedenkstaette-dachau.de\\\/fr\\\/site-historique\\\/\"},{\"@type\":\"ListItem\",\"position\":3,\"name\":\"Visite virtuelle\",\"item\":\"https:\\\/\\\/www.kz-gedenkstaette-dachau.de\\\/fr\\\/site-historique\\\/visite-virtuelle\\\/\"},{\"@type\":\"ListItem\",\"position\":4,\"name\":\"Les baraques\"}]},{\"@type\":\"WebSite\",\"@id\":\"https:\\\/\\\/www.kz-gedenkstaette-dachau.de\\\/#website\",\"url\":\"https:\\\/\\\/www.kz-gedenkstaette-dachau.de\\\/\",\"name\":\"KZ Gedenkst\u00e4tte Dachau\",\"description\":\"\",\"potentialAction\":[{\"@type\":\"SearchAction\",\"target\":{\"@type\":\"EntryPoint\",\"urlTemplate\":\"https:\\\/\\\/www.kz-gedenkstaette-dachau.de\\\/?s={search_term_string}\"},\"query-input\":{\"@type\":\"PropertyValueSpecification\",\"valueRequired\":true,\"valueName\":\"search_term_string\"}}],\"inLanguage\":\"fr-FR\"}]}<\/script>\n<!-- \/ Yoast SEO plugin. -->","yoast_head_json":{"title":"Les baraques - KZ Gedenkst\u00e4tte Dachau","robots":{"index":"index","follow":"follow","max-snippet":"max-snippet:-1","max-image-preview":"max-image-preview:large","max-video-preview":"max-video-preview:-1"},"canonical":"https:\/\/www.kz-gedenkstaette-dachau.de\/fr\/site-historique\/visite-virtuelle\/les-baraques\/","og_locale":"fr_FR","og_type":"article","og_title":"Les baraques - KZ Gedenkst\u00e4tte Dachau","og_description":"En 1937-1938, dans le cadre de l\u2019expansion du camp, les SS firent construire un ensemble de 34 baraquements. Compos\u00e9 de quatre baraques de services et de 30 baraques d\u2019habitation, ce complexe a \u00e9t\u00e9 d\u00e9moli en 1964\/1965. Les deux b\u00e2timents visibles aujourd\u2019hui \u00e0 l\u2019entr\u00e9e de l\u2019ancienne \u00ab\u00a0Lagerstra\u00dfe\u00a0\u00bb, l\u2019all\u00e9e principale du camp, sont des r\u00e9pliques datant de... Voir l'article","og_url":"https:\/\/www.kz-gedenkstaette-dachau.de\/fr\/site-historique\/visite-virtuelle\/les-baraques\/","og_site_name":"KZ Gedenkst\u00e4tte Dachau","article_modified_time":"2020-03-20T11:20:05+00:00","twitter_card":"summary_large_image","twitter_misc":{"Dur\u00e9e de lecture estim\u00e9e":"2 minutes"},"schema":{"@context":"https:\/\/schema.org","@graph":[{"@type":"WebPage","@id":"https:\/\/www.kz-gedenkstaette-dachau.de\/fr\/site-historique\/visite-virtuelle\/les-baraques\/","url":"https:\/\/www.kz-gedenkstaette-dachau.de\/fr\/site-historique\/visite-virtuelle\/les-baraques\/","name":"Les baraques - KZ Gedenkst\u00e4tte Dachau","isPartOf":{"@id":"https:\/\/www.kz-gedenkstaette-dachau.de\/#website"},"datePublished":"2018-09-04T10:41:43+00:00","dateModified":"2020-03-20T11:20:05+00:00","breadcrumb":{"@id":"https:\/\/www.kz-gedenkstaette-dachau.de\/fr\/site-historique\/visite-virtuelle\/les-baraques\/#breadcrumb"},"inLanguage":"fr-FR","potentialAction":[{"@type":"ReadAction","target":["https:\/\/www.kz-gedenkstaette-dachau.de\/fr\/site-historique\/visite-virtuelle\/les-baraques\/"]}]},{"@type":"BreadcrumbList","@id":"https:\/\/www.kz-gedenkstaette-dachau.de\/fr\/site-historique\/visite-virtuelle\/les-baraques\/#breadcrumb","itemListElement":[{"@type":"ListItem","position":1,"name":"Page d'accueil","item":"https:\/\/www.kz-gedenkstaette-dachau.de\/fr\/"},{"@type":"ListItem","position":2,"name":"Site historique","item":"https:\/\/www.kz-gedenkstaette-dachau.de\/fr\/site-historique\/"},{"@type":"ListItem","position":3,"name":"Visite virtuelle","item":"https:\/\/www.kz-gedenkstaette-dachau.de\/fr\/site-historique\/visite-virtuelle\/"},{"@type":"ListItem","position":4,"name":"Les baraques"}]},{"@type":"WebSite","@id":"https:\/\/www.kz-gedenkstaette-dachau.de\/#website","url":"https:\/\/www.kz-gedenkstaette-dachau.de\/","name":"KZ Gedenkst\u00e4tte Dachau","description":"","potentialAction":[{"@type":"SearchAction","target":{"@type":"EntryPoint","urlTemplate":"https:\/\/www.kz-gedenkstaette-dachau.de\/?s={search_term_string}"},"query-input":{"@type":"PropertyValueSpecification","valueRequired":true,"valueName":"search_term_string"}}],"inLanguage":"fr-FR"}]}},"_links":{"self":[{"href":"https:\/\/www.kz-gedenkstaette-dachau.de\/fr\/wp-json\/wp\/v2\/pages\/64367","targetHints":{"allow":["GET"]}}],"collection":[{"href":"https:\/\/www.kz-gedenkstaette-dachau.de\/fr\/wp-json\/wp\/v2\/pages"}],"about":[{"href":"https:\/\/www.kz-gedenkstaette-dachau.de\/fr\/wp-json\/wp\/v2\/types\/page"}],"author":[{"embeddable":true,"href":"https:\/\/www.kz-gedenkstaette-dachau.de\/fr\/wp-json\/wp\/v2\/users\/1"}],"replies":[{"embeddable":true,"href":"https:\/\/www.kz-gedenkstaette-dachau.de\/fr\/wp-json\/wp\/v2\/comments?post=64367"}],"version-history":[{"count":0,"href":"https:\/\/www.kz-gedenkstaette-dachau.de\/fr\/wp-json\/wp\/v2\/pages\/64367\/revisions"}],"up":[{"embeddable":true,"href":"https:\/\/www.kz-gedenkstaette-dachau.de\/fr\/wp-json\/wp\/v2\/pages\/62582"}],"wp:attachment":[{"href":"https:\/\/www.kz-gedenkstaette-dachau.de\/fr\/wp-json\/wp\/v2\/media?parent=64367"}],"curies":[{"name":"wp","href":"https:\/\/api.w.org\/{rel}","templated":true}]}}